{"id":269544,"date":"2025-11-11T17:17:09","date_gmt":"2025-11-11T16:17:09","guid":{"rendered":"https:\/\/nueva.ledsolintel.com\/product\/regulador-dimmer-led-360w-push-rf-wifi\/"},"modified":"2026-01-30T15:28:46","modified_gmt":"2026-01-30T14:28:46","slug":"regulador-dimmer-led-360w-push-rf-wifi","status":"publish","type":"product","link":"https:\/\/ledsolintel.com\/fr\/produit-2\/regulador-dimmer-led-360w-push-rf-wifi\/","title":{"rendered":"Dimmer Dimmer LED 360W PUSH + RF WiFi"},"content":{"rendered":"<p>Regulador de pastilla para una potencia m\u00e1xima de 360W, para diferentes tipos de iluminaci\u00f3n LED (bombillas, l\u00e1mparas dicroicas, paneles, tiras, downlight, etc). Tambi\u00e9n es compatible con luminarias regulables convencionales. Se puede controlar mediante pulsadores, con el mando Control remoto RF para Dimmer LED o mediante WiFi a trav\u00e9s de la aplicaci\u00f3n Tuya. Tipo TRIAC. No regula corriente continua. Entrada con terminales de tornillo, ajuste hasta el brillo m\u00ednimo, tama\u00f1o peque\u00f1o para poder instalarlo en una caja de pared est\u00e1ndar. Est\u00e1 dise\u00f1ado en PVC con las dimensiones 50 x 50 mm. Es capaz de soportar un voltaje de entrada de 100-240V. Debido a su grado de protecci\u00f3n IP20 es ideal para instalar en zonas interiores (protecci\u00f3n contra part\u00edculas s\u00f3lidas de tama\u00f1o superior a 12mm y no es resistente al agua). Dispone de una garant\u00eda de 3 a\u00f1os. Cuenta tambi\u00e9n con el certificado CE, que acredita que se cumple con los requisitos de la UE respecto a compatibilidad electromagn\u00e9tica y normativa de baja tensi\u00f3n. Con este certificado se declara la conformidad de dicho producto con todos los requisitos legales exigidos, y asegura la validez del producto para ser vendido en todo el Espacio Econ\u00f3mico Europeo. Incluye manual de instrucciones.<\/p>","protected":false},"excerpt":{"rendered":"<p>Regulador de pastilla para una potencia m\u00e1xima de 360W, para diferentes tipos de iluminaci\u00f3n LED (bombillas, l\u00e1mparas dicroicas, paneles, tiras, downlight, etc). Tambi\u00e9n es compatible con luminarias regulables convencionales. Se puede controlar mediante pulsadores, con el mando Control remoto RF para Dimmer LED o mediante WiFi a trav\u00e9s de la aplicaci\u00f3n Tuya. Tipo TRIAC. No &hellip; <a href=\"https:\/\/ledsolintel.com\/fr\/produit-2\/regulador-dimmer-led-360w-push-rf-wifi\/\" class=\"more-link\">Continue reading <span class=\"screen-reader-text\">Dimmer Dimmer LED 360W PUSH + RF WiFi<\/span><\/a><\/p>","protected":false},"featured_media":264830,"template":"","meta":[],"product_brand":[101370],"product_cat":[101371],"product_tag":[],"class_list":{"0":"post-269544","1":"product","2":"type-product","3":"status-publish","4":"has-post-thumbnail","6":"product_brand-masterled","7":"product_cat-masterled","8":"pa_intensidad-regulable","11":"instock","12":"purchasable","13":"product-type-simple"},"yoast_head":"<!-- This site is optimized with the Yoast SEO plugin v26.6 - https:\/\/yoast.com\/wordpress\/plugins\/seo\/ -->\n<title>Regulador Dimmer LED 360W PUSH + RF WiFi - Ledsolintel<\/title>\n<meta name=\"robots\" content=\"index, follow, max-snippet:-1, max-image-preview:large, max-video-preview:-1\" \/>\n<link rel=\"canonical\" href=\"https:\/\/ledsolintel.com\/fr\/produit-2\/regulador-dimmer-led-360w-push-rf-wifi\/\" \/>\n<meta property=\"og:locale\" content=\"fr_FR\" \/>\n<meta property=\"og:type\" content=\"article\" \/>\n<meta property=\"og:title\" content=\"Regulador Dimmer LED 360W PUSH + RF WiFi - Ledsolintel\" \/>\n<meta property=\"og:description\" content=\"Regulador de pastilla para una potencia m\u00e1xima de 360W, para diferentes tipos de iluminaci\u00f3n LED (bombillas, l\u00e1mparas dicroicas, paneles, tiras, downlight, etc). Tambi\u00e9n es compatible con luminarias regulables convencionales. Se puede controlar mediante pulsadores, con el mando Control remoto RF para Dimmer LED o mediante WiFi a trav\u00e9s de la aplicaci\u00f3n Tuya. Tipo TRIAC. No &hellip; Continue reading Regulador Dimmer LED 360W PUSH + RF WiFi\" \/>\n<meta property=\"og:url\" content=\"https:\/\/ledsolintel.com\/fr\/produit-2\/regulador-dimmer-led-360w-push-rf-wifi\/\" \/>\n<meta property=\"og:site_name\" content=\"Ledsolintel\" \/>\n<meta property=\"article:publisher\" content=\"http:\/\/www.facebook.com\/webmenaje\" \/>\n<meta property=\"article:modified_time\" content=\"2026-01-30T14:28:46+00:00\" \/>\n<meta property=\"og:image\" content=\"https:\/\/ledsolintel.com\/wp-content\/uploads\/2025\/11\/regulador-dimmer-led-360w-push-rf-wifi.jpg\" \/>\n\t<meta property=\"og:image:width\" content=\"1200\" \/>\n\t<meta property=\"og:image:height\" content=\"640\" \/>\n\t<meta property=\"og:image:type\" content=\"image\/jpeg\" \/>\n<meta name=\"twitter:card\" content=\"summary_large_image\" \/>\n<meta name=\"twitter:site\" content=\"@webmenaje\" \/>\n<meta name=\"twitter:label1\" content=\"Dur\u00e9e de lecture estim\u00e9e\" \/>\n\t<meta name=\"twitter:data1\" content=\"2 minutes\" \/>\n<script type=\"application\/ld+json\" class=\"yoast-schema-graph\">{\"@context\":\"https:\/\/schema.org\",\"@graph\":[{\"@type\":\"WebPage\",\"@id\":\"https:\/\/ledsolintel.com\/product\/regulador-dimmer-led-360w-push-rf-wifi\/\",\"url\":\"https:\/\/ledsolintel.com\/product\/regulador-dimmer-led-360w-push-rf-wifi\/\",\"name\":\"Regulador Dimmer LED 360W PUSH + RF WiFi - Ledsolintel\",\"isPartOf\":{\"@id\":\"https:\/\/ledsolintel.com\/#website\"},\"primaryImageOfPage\":{\"@id\":\"https:\/\/ledsolintel.com\/product\/regulador-dimmer-led-360w-push-rf-wifi\/#primaryimage\"},\"image\":{\"@id\":\"https:\/\/ledsolintel.com\/product\/regulador-dimmer-led-360w-push-rf-wifi\/#primaryimage\"},\"thumbnailUrl\":\"https:\/\/ledsolintel.com\/wp-content\/uploads\/2025\/11\/regulador-dimmer-led-360w-push-rf-wifi.jpg\",\"datePublished\":\"2025-11-11T16:17:09+00:00\",\"dateModified\":\"2026-01-30T14:28:46+00:00\",\"breadcrumb\":{\"@id\":\"https:\/\/ledsolintel.com\/product\/regulador-dimmer-led-360w-push-rf-wifi\/#breadcrumb\"},\"inLanguage\":\"fr-FR\",\"potentialAction\":[{\"@type\":\"ReadAction\",\"target\":[\"https:\/\/ledsolintel.com\/product\/regulador-dimmer-led-360w-push-rf-wifi\/\"]}]},{\"@type\":\"ImageObject\",\"inLanguage\":\"fr-FR\",\"@id\":\"https:\/\/ledsolintel.com\/product\/regulador-dimmer-led-360w-push-rf-wifi\/#primaryimage\",\"url\":\"https:\/\/ledsolintel.com\/wp-content\/uploads\/2025\/11\/regulador-dimmer-led-360w-push-rf-wifi.jpg\",\"contentUrl\":\"https:\/\/ledsolintel.com\/wp-content\/uploads\/2025\/11\/regulador-dimmer-led-360w-push-rf-wifi.jpg\",\"width\":1200,\"height\":640},{\"@type\":\"BreadcrumbList\",\"@id\":\"https:\/\/ledsolintel.com\/product\/regulador-dimmer-led-360w-push-rf-wifi\/#breadcrumb\",\"itemListElement\":[{\"@type\":\"ListItem\",\"position\":1,\"name\":\"Portada\",\"item\":\"https:\/\/ledsolintel.com\/fr\/\"},{\"@type\":\"ListItem\",\"position\":2,\"name\":\"Tienda\",\"item\":\"https:\/\/ledsolintel.com\/tienda\/\"},{\"@type\":\"ListItem\",\"position\":3,\"name\":\"Regulador Dimmer LED 360W PUSH + RF WiFi\"}]},{\"@type\":\"WebSite\",\"@id\":\"https:\/\/ledsolintel.com\/#website\",\"url\":\"https:\/\/ledsolintel.com\/\",\"name\":\"Webmenaje\",\"description\":\"Tienda de bombillas y l\u00e1mparas LED para profesionales\",\"publisher\":{\"@id\":\"https:\/\/ledsolintel.com\/#organization\"},\"potentialAction\":[{\"@type\":\"SearchAction\",\"target\":{\"@type\":\"EntryPoint\",\"urlTemplate\":\"https:\/\/ledsolintel.com\/?s={search_term_string}\"},\"query-input\":{\"@type\":\"PropertyValueSpecification\",\"valueRequired\":true,\"valueName\":\"search_term_string\"}}],\"inLanguage\":\"fr-FR\"},{\"@type\":\"Organization\",\"@id\":\"https:\/\/ledsolintel.com\/#organization\",\"name\":\"Solintel Noroeste, S.L.\",\"url\":\"https:\/\/ledsolintel.com\/\",\"logo\":{\"@type\":\"ImageObject\",\"inLanguage\":\"fr-FR\",\"@id\":\"https:\/\/ledsolintel.com\/#\/schema\/logo\/image\/\",\"url\":\"https:\/\/ledsolintel.com\/wp-content\/uploads\/2024\/11\/webmenaje-logo-1508269066.jpg\",\"contentUrl\":\"https:\/\/ledsolintel.com\/wp-content\/uploads\/2024\/11\/webmenaje-logo-1508269066.jpg\",\"width\":370,\"height\":90,\"caption\":\"Solintel Noroeste, S.L.\"},\"image\":{\"@id\":\"https:\/\/ledsolintel.com\/#\/schema\/logo\/image\/\"},\"sameAs\":[\"http:\/\/www.facebook.com\/webmenaje\",\"https:\/\/x.com\/webmenaje\",\"https:\/\/www.youtube.com\/channel\/UCX2KoVoeCG4LocZjUc6LmSQ\",\"http:\/\/www.pinterest.com\/webmenaje\"]}]}<\/script>\n<!-- \/ Yoast SEO plugin. -->","yoast_head_json":{"title":"Regulador Dimmer LED 360W PUSH + RF WiFi - Ledsolintel","robots":{"index":"index","follow":"follow","max-snippet":"max-snippet:-1","max-image-preview":"max-image-preview:large","max-video-preview":"max-video-preview:-1"},"canonical":"https:\/\/ledsolintel.com\/fr\/produit-2\/regulador-dimmer-led-360w-push-rf-wifi\/","og_locale":"fr_FR","og_type":"article","og_title":"Regulador Dimmer LED 360W PUSH + RF WiFi - Ledsolintel","og_description":"Regulador de pastilla para una potencia m\u00e1xima de 360W, para diferentes tipos de iluminaci\u00f3n LED (bombillas, l\u00e1mparas dicroicas, paneles, tiras, downlight, etc). Tambi\u00e9n es compatible con luminarias regulables convencionales. Se puede controlar mediante pulsadores, con el mando Control remoto RF para Dimmer LED o mediante WiFi a trav\u00e9s de la aplicaci\u00f3n Tuya. Tipo TRIAC. No &hellip; Continue reading Regulador Dimmer LED 360W PUSH + RF WiFi","og_url":"https:\/\/ledsolintel.com\/fr\/produit-2\/regulador-dimmer-led-360w-push-rf-wifi\/","og_site_name":"Ledsolintel","article_publisher":"http:\/\/www.facebook.com\/webmenaje","article_modified_time":"2026-01-30T14:28:46+00:00","og_image":[{"width":1200,"height":640,"url":"https:\/\/ledsolintel.com\/wp-content\/uploads\/2025\/11\/regulador-dimmer-led-360w-push-rf-wifi.jpg","type":"image\/jpeg"}],"twitter_card":"summary_large_image","twitter_site":"@webmenaje","twitter_misc":{"Dur\u00e9e de lecture estim\u00e9e":"2 minutes"},"schema":{"@context":"https:\/\/schema.org","@graph":[{"@type":"WebPage","@id":"https:\/\/ledsolintel.com\/product\/regulador-dimmer-led-360w-push-rf-wifi\/","url":"https:\/\/ledsolintel.com\/product\/regulador-dimmer-led-360w-push-rf-wifi\/","name":"Regulador Dimmer LED 360W PUSH + RF WiFi - Ledsolintel","isPartOf":{"@id":"https:\/\/ledsolintel.com\/#website"},"primaryImageOfPage":{"@id":"https:\/\/ledsolintel.com\/product\/regulador-dimmer-led-360w-push-rf-wifi\/#primaryimage"},"image":{"@id":"https:\/\/ledsolintel.com\/product\/regulador-dimmer-led-360w-push-rf-wifi\/#primaryimage"},"thumbnailUrl":"https:\/\/ledsolintel.com\/wp-content\/uploads\/2025\/11\/regulador-dimmer-led-360w-push-rf-wifi.jpg","datePublished":"2025-11-11T16:17:09+00:00","dateModified":"2026-01-30T14:28:46+00:00","breadcrumb":{"@id":"https:\/\/ledsolintel.com\/product\/regulador-dimmer-led-360w-push-rf-wifi\/#breadcrumb"},"inLanguage":"fr-FR","potentialAction":[{"@type":"ReadAction","target":["https:\/\/ledsolintel.com\/product\/regulador-dimmer-led-360w-push-rf-wifi\/"]}]},{"@type":"ImageObject","inLanguage":"fr-FR","@id":"https:\/\/ledsolintel.com\/product\/regulador-dimmer-led-360w-push-rf-wifi\/#primaryimage","url":"https:\/\/ledsolintel.com\/wp-content\/uploads\/2025\/11\/regulador-dimmer-led-360w-push-rf-wifi.jpg","contentUrl":"https:\/\/ledsolintel.com\/wp-content\/uploads\/2025\/11\/regulador-dimmer-led-360w-push-rf-wifi.jpg","width":1200,"height":640},{"@type":"BreadcrumbList","@id":"https:\/\/ledsolintel.com\/product\/regulador-dimmer-led-360w-push-rf-wifi\/#breadcrumb","itemListElement":[{"@type":"ListItem","position":1,"name":"Portada","item":"https:\/\/ledsolintel.com\/fr\/"},{"@type":"ListItem","position":2,"name":"Tienda","item":"https:\/\/ledsolintel.com\/tienda\/"},{"@type":"ListItem","position":3,"name":"Regulador Dimmer LED 360W PUSH + RF WiFi"}]},{"@type":"WebSite","@id":"https:\/\/ledsolintel.com\/#website","url":"https:\/\/ledsolintel.com\/","name":"Webmenaje","description":"Magasin d'ampoules et de lampes LED pour les professionnels","publisher":{"@id":"https:\/\/ledsolintel.com\/#organization"},"potentialAction":[{"@type":"SearchAction","target":{"@type":"EntryPoint","urlTemplate":"https:\/\/ledsolintel.com\/?s={search_term_string}"},"query-input":{"@type":"PropertyValueSpecification","valueRequired":true,"valueName":"search_term_string"}}],"inLanguage":"fr-FR"},{"@type":"Organization","@id":"https:\/\/ledsolintel.com\/#organization","name":"Solintel Noroeste, S.L.","url":"https:\/\/ledsolintel.com\/","logo":{"@type":"ImageObject","inLanguage":"fr-FR","@id":"https:\/\/ledsolintel.com\/#\/schema\/logo\/image\/","url":"https:\/\/ledsolintel.com\/wp-content\/uploads\/2024\/11\/webmenaje-logo-1508269066.jpg","contentUrl":"https:\/\/ledsolintel.com\/wp-content\/uploads\/2024\/11\/webmenaje-logo-1508269066.jpg","width":370,"height":90,"caption":"Solintel Noroeste, S.L."},"image":{"@id":"https:\/\/ledsolintel.com\/#\/schema\/logo\/image\/"},"sameAs":["http:\/\/www.facebook.com\/webmenaje","https:\/\/x.com\/webmenaje","https:\/\/www.youtube.com\/channel\/UCX2KoVoeCG4LocZjUc6LmSQ","http:\/\/www.pinterest.com\/webmenaje"]}]}},"_links":{"self":[{"href":"https:\/\/ledsolintel.com\/fr\/wp-json\/wp\/v2\/product\/269544","targetHints":{"allow":["GET"]}}],"collection":[{"href":"https:\/\/ledsolintel.com\/fr\/wp-json\/wp\/v2\/product"}],"about":[{"href":"https:\/\/ledsolintel.com\/fr\/wp-json\/wp\/v2\/types\/product"}],"version-history":[{"count":1,"href":"https:\/\/ledsolintel.com\/fr\/wp-json\/wp\/v2\/product\/269544\/revisions"}],"predecessor-version":[{"id":269545,"href":"https:\/\/ledsolintel.com\/fr\/wp-json\/wp\/v2\/product\/269544\/revisions\/269545"}],"wp:featuredmedia":[{"embeddable":true,"href":"https:\/\/ledsolintel.com\/fr\/wp-json\/wp\/v2\/media\/264830"}],"wp:attachment":[{"href":"https:\/\/ledsolintel.com\/fr\/wp-json\/wp\/v2\/media?parent=269544"}],"wp:term":[{"taxonomy":"product_brand","embeddable":true,"href":"https:\/\/ledsolintel.com\/fr\/wp-json\/wp\/v2\/product_brand?post=269544"},{"taxonomy":"product_cat","embeddable":true,"href":"https:\/\/ledsolintel.com\/fr\/wp-json\/wp\/v2\/product_cat?post=269544"},{"taxonomy":"product_tag","embeddable":true,"href":"https:\/\/ledsolintel.com\/fr\/wp-json\/wp\/v2\/product_tag?post=269544"}],"curies":[{"name":"wp","href":"https:\/\/api.w.org\/{rel}","templated":true}]}}