{"id":269534,"date":"2025-11-11T17:17:00","date_gmt":"2025-11-11T16:17:00","guid":{"rendered":"https:\/\/nueva.ledsolintel.com\/product\/bloque-clemas-de-tornillo-12-vias-6mm%c2%b2\/"},"modified":"2026-04-07T10:18:49","modified_gmt":"2026-04-07T08:18:49","slug":"bloque-clemas-de-tornillo-12-vias-6mm%c2%b2","status":"publish","type":"product","link":"https:\/\/ledsolintel.com\/fr\/produit-2\/bloque-clemas-de-tornillo-12-vias-6mm%c2%b2\/","title":{"rendered":"Bornier \u00e0 vis 12 voies 6mm\u00b2 Bornier \u00e0 vis 12 voies 6mm\u00b2"},"content":{"rendered":"<p>Bornier \u00e0 vis en polyamide souple, compos\u00e9 de 12 connecteurs pour c\u00e2bles rigides\/flexibles de 2,5 \u00e0 6 mm\u00b2 de section. Il est compos\u00e9 de 12 connecteurs adapt\u00e9s aux c\u00e2bles rigides\/flexibles de section 2,5 \u00e0 6 mm\u00b2. Ce bornier est id\u00e9al pour r\u00e9aliser des connexions et \u00e9pissures de c\u00e2bles rapides et s\u00fbres, gr\u00e2ce \u00e0 ses fixations par vis \u00e0 t\u00eate plate.  Caract\u00e9ristiques techniques :  - Nombre de voies : 12 - Section de c\u00e2ble admissible : 2,5-6mm\u00b2 - Courant maximum : 41A Gr\u00e2ce \u00e0 son indice de protection IP20, il est id\u00e9al pour une installation en int\u00e9rieur (protection contre les particules solides de plus de 12mm et n'est pas \u00e9tanche).  Il est garanti 3 ans. Il poss\u00e8de \u00e9galement le certificat CE, qui atteste qu'il est conforme aux exigences de l'UE en mati\u00e8re de compatibilit\u00e9 \u00e9lectromagn\u00e9tique et de basse tension. Ce certificat d\u00e9clare la conformit\u00e9 du produit \u00e0 toutes les exigences l\u00e9gales et garantit la validit\u00e9 de la vente du produit dans l'ensemble de l'Espace \u00e9conomique europ\u00e9en.<\/p>","protected":false},"excerpt":{"rendered":"<p>Regleta con clemas de conexi\u00f3n a tornillo, fabricada en poliamida flexible. Consta de 12 conectores aptos para cable r\u00edgido\/flexible con secci\u00f3n desde 2.5 hasta 6mm\u00b2 Este bloque de terminales es ideal para realizar conexiones y empalmes de cable con rapidez y seguridad, gracias a sus fijaciones mediante tornillo de cabeza plana. Caracter\u00edsticas t\u00e9cnicas: &#8211;\u00a0N\u00famero de &hellip; <a href=\"https:\/\/ledsolintel.com\/fr\/produit-2\/bloque-clemas-de-tornillo-12-vias-6mm%c2%b2\/\" class=\"more-link\">Continue reading <span class=\"screen-reader-text\">Bornier \u00e0 vis 12 voies 6mm\u00b2 Bornier \u00e0 vis 12 voies 6mm\u00b2<\/span><\/a><\/p>","protected":false},"featured_media":264811,"template":"","meta":[],"product_brand":[101370],"product_cat":[15,101371],"product_tag":[],"class_list":{"0":"post-269534","1":"product","2":"type-product","3":"status-publish","4":"has-post-thumbnail","6":"product_brand-masterled","7":"product_cat-uncategorized","8":"product_cat-masterled","9":"pa_interior-exterior-interior","12":"instock","13":"taxable","14":"shipping-taxable","15":"purchasable","16":"product-type-simple"},"yoast_head":"<!-- This site is optimized with the Yoast SEO plugin v26.6 - https:\/\/yoast.com\/wordpress\/plugins\/seo\/ -->\n<title>Bloque clemas de tornillo 12 v\u00edas 6mm\u00b2 - Ledsolintel<\/title>\n<meta name=\"robots\" content=\"index, follow, max-snippet:-1, max-image-preview:large, max-video-preview:-1\" \/>\n<link rel=\"canonical\" href=\"https:\/\/ledsolintel.com\/fr\/produit-2\/bloque-clemas-de-tornillo-12-vias-6mm\u00b2\/\" \/>\n<meta property=\"og:locale\" content=\"fr_FR\" \/>\n<meta property=\"og:type\" content=\"article\" \/>\n<meta property=\"og:title\" content=\"Bloque clemas de tornillo 12 v\u00edas 6mm\u00b2 - Ledsolintel\" \/>\n<meta property=\"og:description\" content=\"Regleta con clemas de conexi\u00f3n a tornillo, fabricada en poliamida flexible. Consta de 12 conectores aptos para cable r\u00edgido\/flexible con secci\u00f3n desde 2.5 hasta 6mm\u00b2 Este bloque de terminales es ideal para realizar conexiones y empalmes de cable con rapidez y seguridad, gracias a sus fijaciones mediante tornillo de cabeza plana. Caracter\u00edsticas t\u00e9cnicas: &#8211;\u00a0N\u00famero de &hellip; Continue reading Bloque clemas de tornillo 12 v\u00edas 6mm\u00b2\" \/>\n<meta property=\"og:url\" content=\"https:\/\/ledsolintel.com\/fr\/produit-2\/bloque-clemas-de-tornillo-12-vias-6mm\u00b2\/\" \/>\n<meta property=\"og:site_name\" content=\"Ledsolintel\" \/>\n<meta property=\"article:publisher\" content=\"http:\/\/www.facebook.com\/webmenaje\" \/>\n<meta property=\"article:modified_time\" content=\"2026-04-07T08:18:49+00:00\" \/>\n<meta property=\"og:image\" content=\"https:\/\/ledsolintel.com\/wp-content\/uploads\/2025\/11\/bloque-clemas-de-tornillo-12-vias-6mm.jpg\" \/>\n\t<meta property=\"og:image:width\" content=\"1500\" \/>\n\t<meta property=\"og:image:height\" content=\"1500\" \/>\n\t<meta property=\"og:image:type\" content=\"image\/jpeg\" \/>\n<meta name=\"twitter:card\" content=\"summary_large_image\" \/>\n<meta name=\"twitter:site\" content=\"@webmenaje\" \/>\n<meta name=\"twitter:label1\" content=\"Dur\u00e9e de lecture estim\u00e9e\" \/>\n\t<meta name=\"twitter:data1\" content=\"1 minute\" \/>\n<script type=\"application\/ld+json\" class=\"yoast-schema-graph\">{\"@context\":\"https:\/\/schema.org\",\"@graph\":[{\"@type\":\"WebPage\",\"@id\":\"https:\/\/ledsolintel.com\/product\/bloque-clemas-de-tornillo-12-vias-6mm%c2%b2\/\",\"url\":\"https:\/\/ledsolintel.com\/product\/bloque-clemas-de-tornillo-12-vias-6mm%c2%b2\/\",\"name\":\"Bloque clemas de tornillo 12 v\u00edas 6mm\u00b2 - Ledsolintel\",\"isPartOf\":{\"@id\":\"https:\/\/ledsolintel.com\/#website\"},\"primaryImageOfPage\":{\"@id\":\"https:\/\/ledsolintel.com\/product\/bloque-clemas-de-tornillo-12-vias-6mm%c2%b2\/#primaryimage\"},\"image\":{\"@id\":\"https:\/\/ledsolintel.com\/product\/bloque-clemas-de-tornillo-12-vias-6mm%c2%b2\/#primaryimage\"},\"thumbnailUrl\":\"https:\/\/ledsolintel.com\/wp-content\/uploads\/2025\/11\/bloque-clemas-de-tornillo-12-vias-6mm.jpg\",\"datePublished\":\"2025-11-11T16:17:00+00:00\",\"dateModified\":\"2026-04-07T08:18:49+00:00\",\"breadcrumb\":{\"@id\":\"https:\/\/ledsolintel.com\/product\/bloque-clemas-de-tornillo-12-vias-6mm%c2%b2\/#breadcrumb\"},\"inLanguage\":\"fr-FR\",\"potentialAction\":[{\"@type\":\"ReadAction\",\"target\":[\"https:\/\/ledsolintel.com\/product\/bloque-clemas-de-tornillo-12-vias-6mm%c2%b2\/\"]}]},{\"@type\":\"ImageObject\",\"inLanguage\":\"fr-FR\",\"@id\":\"https:\/\/ledsolintel.com\/product\/bloque-clemas-de-tornillo-12-vias-6mm%c2%b2\/#primaryimage\",\"url\":\"https:\/\/ledsolintel.com\/wp-content\/uploads\/2025\/11\/bloque-clemas-de-tornillo-12-vias-6mm.jpg\",\"contentUrl\":\"https:\/\/ledsolintel.com\/wp-content\/uploads\/2025\/11\/bloque-clemas-de-tornillo-12-vias-6mm.jpg\",\"width\":1500,\"height\":1500},{\"@type\":\"BreadcrumbList\",\"@id\":\"https:\/\/ledsolintel.com\/product\/bloque-clemas-de-tornillo-12-vias-6mm%c2%b2\/#breadcrumb\",\"itemListElement\":[{\"@type\":\"ListItem\",\"position\":1,\"name\":\"Portada\",\"item\":\"https:\/\/ledsolintel.com\/fr\/\"},{\"@type\":\"ListItem\",\"position\":2,\"name\":\"Tienda\",\"item\":\"https:\/\/ledsolintel.com\/tienda\/\"},{\"@type\":\"ListItem\",\"position\":3,\"name\":\"Bloque clemas de tornillo 12 v\u00edas 6mm\u00b2\"}]},{\"@type\":\"WebSite\",\"@id\":\"https:\/\/ledsolintel.com\/#website\",\"url\":\"https:\/\/ledsolintel.com\/\",\"name\":\"Webmenaje\",\"description\":\"Tienda de bombillas y l\u00e1mparas LED para profesionales\",\"publisher\":{\"@id\":\"https:\/\/ledsolintel.com\/#organization\"},\"potentialAction\":[{\"@type\":\"SearchAction\",\"target\":{\"@type\":\"EntryPoint\",\"urlTemplate\":\"https:\/\/ledsolintel.com\/?s={search_term_string}\"},\"query-input\":{\"@type\":\"PropertyValueSpecification\",\"valueRequired\":true,\"valueName\":\"search_term_string\"}}],\"inLanguage\":\"fr-FR\"},{\"@type\":\"Organization\",\"@id\":\"https:\/\/ledsolintel.com\/#organization\",\"name\":\"Solintel Noroeste, S.L.\",\"url\":\"https:\/\/ledsolintel.com\/\",\"logo\":{\"@type\":\"ImageObject\",\"inLanguage\":\"fr-FR\",\"@id\":\"https:\/\/ledsolintel.com\/#\/schema\/logo\/image\/\",\"url\":\"https:\/\/ledsolintel.com\/wp-content\/uploads\/2024\/11\/webmenaje-logo-1508269066.jpg\",\"contentUrl\":\"https:\/\/ledsolintel.com\/wp-content\/uploads\/2024\/11\/webmenaje-logo-1508269066.jpg\",\"width\":370,\"height\":90,\"caption\":\"Solintel Noroeste, S.L.\"},\"image\":{\"@id\":\"https:\/\/ledsolintel.com\/#\/schema\/logo\/image\/\"},\"sameAs\":[\"http:\/\/www.facebook.com\/webmenaje\",\"https:\/\/x.com\/webmenaje\",\"https:\/\/www.youtube.com\/channel\/UCX2KoVoeCG4LocZjUc6LmSQ\",\"http:\/\/www.pinterest.com\/webmenaje\"]}]}<\/script>\n<!-- \/ Yoast SEO plugin. -->","yoast_head_json":{"title":"Bloque clemas de tornillo 12 v\u00edas 6mm\u00b2 - Ledsolintel","robots":{"index":"index","follow":"follow","max-snippet":"max-snippet:-1","max-image-preview":"max-image-preview:large","max-video-preview":"max-video-preview:-1"},"canonical":"https:\/\/ledsolintel.com\/fr\/produit-2\/bloque-clemas-de-tornillo-12-vias-6mm\u00b2\/","og_locale":"fr_FR","og_type":"article","og_title":"Bloque clemas de tornillo 12 v\u00edas 6mm\u00b2 - Ledsolintel","og_description":"Regleta con clemas de conexi\u00f3n a tornillo, fabricada en poliamida flexible. Consta de 12 conectores aptos para cable r\u00edgido\/flexible con secci\u00f3n desde 2.5 hasta 6mm\u00b2 Este bloque de terminales es ideal para realizar conexiones y empalmes de cable con rapidez y seguridad, gracias a sus fijaciones mediante tornillo de cabeza plana. Caracter\u00edsticas t\u00e9cnicas: &#8211;\u00a0N\u00famero de &hellip; Continue reading Bloque clemas de tornillo 12 v\u00edas 6mm\u00b2","og_url":"https:\/\/ledsolintel.com\/fr\/produit-2\/bloque-clemas-de-tornillo-12-vias-6mm\u00b2\/","og_site_name":"Ledsolintel","article_publisher":"http:\/\/www.facebook.com\/webmenaje","article_modified_time":"2026-04-07T08:18:49+00:00","og_image":[{"width":1500,"height":1500,"url":"https:\/\/ledsolintel.com\/wp-content\/uploads\/2025\/11\/bloque-clemas-de-tornillo-12-vias-6mm.jpg","type":"image\/jpeg"}],"twitter_card":"summary_large_image","twitter_site":"@webmenaje","twitter_misc":{"Dur\u00e9e de lecture estim\u00e9e":"1 minute"},"schema":{"@context":"https:\/\/schema.org","@graph":[{"@type":"WebPage","@id":"https:\/\/ledsolintel.com\/product\/bloque-clemas-de-tornillo-12-vias-6mm%c2%b2\/","url":"https:\/\/ledsolintel.com\/product\/bloque-clemas-de-tornillo-12-vias-6mm%c2%b2\/","name":"Bloque clemas de tornillo 12 v\u00edas 6mm\u00b2 - Ledsolintel","isPartOf":{"@id":"https:\/\/ledsolintel.com\/#website"},"primaryImageOfPage":{"@id":"https:\/\/ledsolintel.com\/product\/bloque-clemas-de-tornillo-12-vias-6mm%c2%b2\/#primaryimage"},"image":{"@id":"https:\/\/ledsolintel.com\/product\/bloque-clemas-de-tornillo-12-vias-6mm%c2%b2\/#primaryimage"},"thumbnailUrl":"https:\/\/ledsolintel.com\/wp-content\/uploads\/2025\/11\/bloque-clemas-de-tornillo-12-vias-6mm.jpg","datePublished":"2025-11-11T16:17:00+00:00","dateModified":"2026-04-07T08:18:49+00:00","breadcrumb":{"@id":"https:\/\/ledsolintel.com\/product\/bloque-clemas-de-tornillo-12-vias-6mm%c2%b2\/#breadcrumb"},"inLanguage":"fr-FR","potentialAction":[{"@type":"ReadAction","target":["https:\/\/ledsolintel.com\/product\/bloque-clemas-de-tornillo-12-vias-6mm%c2%b2\/"]}]},{"@type":"ImageObject","inLanguage":"fr-FR","@id":"https:\/\/ledsolintel.com\/product\/bloque-clemas-de-tornillo-12-vias-6mm%c2%b2\/#primaryimage","url":"https:\/\/ledsolintel.com\/wp-content\/uploads\/2025\/11\/bloque-clemas-de-tornillo-12-vias-6mm.jpg","contentUrl":"https:\/\/ledsolintel.com\/wp-content\/uploads\/2025\/11\/bloque-clemas-de-tornillo-12-vias-6mm.jpg","width":1500,"height":1500},{"@type":"BreadcrumbList","@id":"https:\/\/ledsolintel.com\/product\/bloque-clemas-de-tornillo-12-vias-6mm%c2%b2\/#breadcrumb","itemListElement":[{"@type":"ListItem","position":1,"name":"Portada","item":"https:\/\/ledsolintel.com\/fr\/"},{"@type":"ListItem","position":2,"name":"Tienda","item":"https:\/\/ledsolintel.com\/tienda\/"},{"@type":"ListItem","position":3,"name":"Bloque clemas de tornillo 12 v\u00edas 6mm\u00b2"}]},{"@type":"WebSite","@id":"https:\/\/ledsolintel.com\/#website","url":"https:\/\/ledsolintel.com\/","name":"Webmenaje","description":"Magasin d'ampoules et de lampes LED pour les professionnels","publisher":{"@id":"https:\/\/ledsolintel.com\/#organization"},"potentialAction":[{"@type":"SearchAction","target":{"@type":"EntryPoint","urlTemplate":"https:\/\/ledsolintel.com\/?s={search_term_string}"},"query-input":{"@type":"PropertyValueSpecification","valueRequired":true,"valueName":"search_term_string"}}],"inLanguage":"fr-FR"},{"@type":"Organization","@id":"https:\/\/ledsolintel.com\/#organization","name":"Solintel Noroeste, S.L.","url":"https:\/\/ledsolintel.com\/","logo":{"@type":"ImageObject","inLanguage":"fr-FR","@id":"https:\/\/ledsolintel.com\/#\/schema\/logo\/image\/","url":"https:\/\/ledsolintel.com\/wp-content\/uploads\/2024\/11\/webmenaje-logo-1508269066.jpg","contentUrl":"https:\/\/ledsolintel.com\/wp-content\/uploads\/2024\/11\/webmenaje-logo-1508269066.jpg","width":370,"height":90,"caption":"Solintel Noroeste, S.L."},"image":{"@id":"https:\/\/ledsolintel.com\/#\/schema\/logo\/image\/"},"sameAs":["http:\/\/www.facebook.com\/webmenaje","https:\/\/x.com\/webmenaje","https:\/\/www.youtube.com\/channel\/UCX2KoVoeCG4LocZjUc6LmSQ","http:\/\/www.pinterest.com\/webmenaje"]}]}},"_links":{"self":[{"href":"https:\/\/ledsolintel.com\/fr\/wp-json\/wp\/v2\/product\/269534","targetHints":{"allow":["GET"]}}],"collection":[{"href":"https:\/\/ledsolintel.com\/fr\/wp-json\/wp\/v2\/product"}],"about":[{"href":"https:\/\/ledsolintel.com\/fr\/wp-json\/wp\/v2\/types\/product"}],"version-history":[{"count":1,"href":"https:\/\/ledsolintel.com\/fr\/wp-json\/wp\/v2\/product\/269534\/revisions"}],"predecessor-version":[{"id":269535,"href":"https:\/\/ledsolintel.com\/fr\/wp-json\/wp\/v2\/product\/269534\/revisions\/269535"}],"wp:featuredmedia":[{"embeddable":true,"href":"https:\/\/ledsolintel.com\/fr\/wp-json\/wp\/v2\/media\/264811"}],"wp:attachment":[{"href":"https:\/\/ledsolintel.com\/fr\/wp-json\/wp\/v2\/media?parent=269534"}],"wp:term":[{"taxonomy":"product_brand","embeddable":true,"href":"https:\/\/ledsolintel.com\/fr\/wp-json\/wp\/v2\/product_brand?post=269534"},{"taxonomy":"product_cat","embeddable":true,"href":"https:\/\/ledsolintel.com\/fr\/wp-json\/wp\/v2\/product_cat?post=269534"},{"taxonomy":"product_tag","embeddable":true,"href":"https:\/\/ledsolintel.com\/fr\/wp-json\/wp\/v2\/product_tag?post=269534"}],"curies":[{"name":"wp","href":"https:\/\/api.w.org\/{rel}","templated":true}]}}