{"id":269528,"date":"2025-11-11T17:16:55","date_gmt":"2025-11-11T16:16:55","guid":{"rendered":"https:\/\/nueva.ledsolintel.com\/product\/kit-emergencia-para-luminarias-led-hasta-200w\/"},"modified":"2026-04-07T10:18:49","modified_gmt":"2026-04-07T08:18:49","slug":"kit-emergencia-para-luminarias-led-hasta-200w","status":"publish","type":"product","link":"https:\/\/ledsolintel.com\/fr\/produit-2\/kit-emergencia-para-luminarias-led-hasta-200w\/","title":{"rendered":"Kit d'urgence pour les luminaires \u00e0 LED jusqu'\u00e0 200W"},"content":{"rendered":"<p>Kit de emergencia ideal para\u00a0luminarias led de hasta 200W de potencia. Permite mantener\u00a0una iluminaci\u00f3n de seguridad hasta 180 minutos despu\u00e9s de un corte de suministro.En modo de emergencia, la luminaria permanece encendida con una potencia de 3W.Incorpora bot\u00f3n de TEST para verificar el correcto funcionamiento del dispositivo y un LED indicador de estado.Apto tanto para luminarias LED con driver externo como con driver interno. Dispone de\u00a0funci\u00f3n AUTOTEST, mediante la cu\u00e1l el kit hace comprobaciones de funcionamiento de forma autom\u00e1tica peri\u00f3dicamente.Tipo\u00a0de\u00a0 bater\u00eda:\u00a0LiFePO4 6.4V 2Ah. Esta bater\u00eda est\u00e1 integrada dentro del kit, ahorrando espacio y facilitando la instalaci\u00f3n. Dicha bater\u00eda se puede reemplazar f\u00e1cilmente llegado el fin de su vida \u00fatil.\u00a0  Advertencia: Solo compatible con interruptores mec\u00e1nicos. No compatible con interruptores t\u00e1ctiles.  Este kit es ideal para paneles, campanas industriales, proyectores, downlight, tubos y cualquier luminaria LED en general que sea alimentada mediante driver y cuya potencia no exceda los 200W. Debido a su grado de protecci\u00f3n IP20 es ideal para instalar en zonas interiores (protecci\u00f3n contra part\u00edculas s\u00f3lidas de tama\u00f1o superior a 12mm y no es resistente al agua).    Compatible con luminarias LED de hasta 200W.  Funci\u00f3n de test para verificar operaci\u00f3n y conexi\u00f3n sencilla con conectores r\u00e1pidos a la entrada y salida.  Bater\u00eda extra\u00edble de 6.4V 2Ah incluida.    Para m\u00e1s detalles, consultar el manual de instrucciones disponible en el apartado &#8220;Manuales y descargas&#8221;.  Dispone de una garant\u00eda de 3 a\u00f1os. Cuenta tambi\u00e9n con el certificado CE, que acredita que se cumple con los requisitos de la UE respecto a compatibilidad electromagn\u00e9tica y normativa de baja tensi\u00f3n. Con este certificado se declara la conformidad de dicho producto con todos los requisitos legales exigidos, y asegura la validez del producto para ser vendido en todo el Espacio Econ\u00f3mico Europeo.<\/p>","protected":false},"excerpt":{"rendered":"<p>Kit de emergencia ideal para\u00a0luminarias led de hasta 200W de potencia. Permite mantener\u00a0una iluminaci\u00f3n de seguridad hasta 180 minutos despu\u00e9s de un corte de suministro.En modo de emergencia, la luminaria permanece encendida con una potencia de 3W.Incorpora bot\u00f3n de TEST para verificar el correcto funcionamiento del dispositivo y un LED indicador de estado.Apto tanto para &hellip; <a href=\"https:\/\/ledsolintel.com\/fr\/produit-2\/kit-emergencia-para-luminarias-led-hasta-200w\/\" class=\"more-link\">Continue reading <span class=\"screen-reader-text\">Kit d'urgence pour les luminaires \u00e0 LED jusqu'\u00e0 200W<\/span><\/a><\/p>","protected":false},"featured_media":264799,"template":"","meta":[],"product_brand":[101370],"product_cat":[15,101371],"product_tag":[],"class_list":{"0":"post-269528","1":"product","2":"type-product","3":"status-publish","4":"has-post-thumbnail","6":"product_brand-masterled","7":"product_cat-uncategorized","8":"product_cat-masterled","9":"pa_interior-exterior-interior","12":"instock","13":"taxable","14":"shipping-taxable","15":"purchasable","16":"product-type-simple"},"yoast_head":"<!-- This site is optimized with the Yoast SEO plugin v26.6 - https:\/\/yoast.com\/wordpress\/plugins\/seo\/ -->\n<title>Kit emergencia para luminarias LED hasta 200W - Ledsolintel<\/title>\n<meta name=\"robots\" content=\"index, follow, max-snippet:-1, max-image-preview:large, max-video-preview:-1\" \/>\n<link rel=\"canonical\" href=\"https:\/\/ledsolintel.com\/fr\/produit-2\/kit-emergencia-para-luminarias-led-hasta-200w\/\" \/>\n<meta property=\"og:locale\" content=\"fr_FR\" \/>\n<meta property=\"og:type\" content=\"article\" \/>\n<meta property=\"og:title\" content=\"Kit emergencia para luminarias LED hasta 200W - Ledsolintel\" \/>\n<meta property=\"og:description\" content=\"Kit de emergencia ideal para\u00a0luminarias led de hasta 200W de potencia. Permite mantener\u00a0una iluminaci\u00f3n de seguridad hasta 180 minutos despu\u00e9s de un corte de suministro.En modo de emergencia, la luminaria permanece encendida con una potencia de 3W.Incorpora bot\u00f3n de TEST para verificar el correcto funcionamiento del dispositivo y un LED indicador de estado.Apto tanto para &hellip; Continue reading Kit emergencia para luminarias LED hasta 200W\" \/>\n<meta property=\"og:url\" content=\"https:\/\/ledsolintel.com\/fr\/produit-2\/kit-emergencia-para-luminarias-led-hasta-200w\/\" \/>\n<meta property=\"og:site_name\" content=\"Ledsolintel\" \/>\n<meta property=\"article:publisher\" content=\"http:\/\/www.facebook.com\/webmenaje\" \/>\n<meta property=\"article:modified_time\" content=\"2026-04-07T08:18:49+00:00\" \/>\n<meta property=\"og:image\" content=\"https:\/\/ledsolintel.com\/wp-content\/uploads\/2025\/11\/kit-emergencia-para-luminarias-led-hasta-200w.jpg\" \/>\n\t<meta property=\"og:image:width\" content=\"1500\" \/>\n\t<meta property=\"og:image:height\" content=\"1500\" \/>\n\t<meta property=\"og:image:type\" content=\"image\/jpeg\" \/>\n<meta name=\"twitter:card\" content=\"summary_large_image\" \/>\n<meta name=\"twitter:site\" content=\"@webmenaje\" \/>\n<meta name=\"twitter:label1\" content=\"Dur\u00e9e de lecture estim\u00e9e\" \/>\n\t<meta name=\"twitter:data1\" content=\"2 minutes\" \/>\n<script type=\"application\/ld+json\" class=\"yoast-schema-graph\">{\"@context\":\"https:\/\/schema.org\",\"@graph\":[{\"@type\":\"WebPage\",\"@id\":\"https:\/\/ledsolintel.com\/product\/kit-emergencia-para-luminarias-led-hasta-200w\/\",\"url\":\"https:\/\/ledsolintel.com\/product\/kit-emergencia-para-luminarias-led-hasta-200w\/\",\"name\":\"Kit emergencia para luminarias LED hasta 200W - Ledsolintel\",\"isPartOf\":{\"@id\":\"https:\/\/ledsolintel.com\/#website\"},\"primaryImageOfPage\":{\"@id\":\"https:\/\/ledsolintel.com\/product\/kit-emergencia-para-luminarias-led-hasta-200w\/#primaryimage\"},\"image\":{\"@id\":\"https:\/\/ledsolintel.com\/product\/kit-emergencia-para-luminarias-led-hasta-200w\/#primaryimage\"},\"thumbnailUrl\":\"https:\/\/ledsolintel.com\/wp-content\/uploads\/2025\/11\/kit-emergencia-para-luminarias-led-hasta-200w.jpg\",\"datePublished\":\"2025-11-11T16:16:55+00:00\",\"dateModified\":\"2026-04-07T08:18:49+00:00\",\"breadcrumb\":{\"@id\":\"https:\/\/ledsolintel.com\/product\/kit-emergencia-para-luminarias-led-hasta-200w\/#breadcrumb\"},\"inLanguage\":\"fr-FR\",\"potentialAction\":[{\"@type\":\"ReadAction\",\"target\":[\"https:\/\/ledsolintel.com\/product\/kit-emergencia-para-luminarias-led-hasta-200w\/\"]}]},{\"@type\":\"ImageObject\",\"inLanguage\":\"fr-FR\",\"@id\":\"https:\/\/ledsolintel.com\/product\/kit-emergencia-para-luminarias-led-hasta-200w\/#primaryimage\",\"url\":\"https:\/\/ledsolintel.com\/wp-content\/uploads\/2025\/11\/kit-emergencia-para-luminarias-led-hasta-200w.jpg\",\"contentUrl\":\"https:\/\/ledsolintel.com\/wp-content\/uploads\/2025\/11\/kit-emergencia-para-luminarias-led-hasta-200w.jpg\",\"width\":1500,\"height\":1500},{\"@type\":\"BreadcrumbList\",\"@id\":\"https:\/\/ledsolintel.com\/product\/kit-emergencia-para-luminarias-led-hasta-200w\/#breadcrumb\",\"itemListElement\":[{\"@type\":\"ListItem\",\"position\":1,\"name\":\"Portada\",\"item\":\"https:\/\/ledsolintel.com\/fr\/\"},{\"@type\":\"ListItem\",\"position\":2,\"name\":\"Tienda\",\"item\":\"https:\/\/ledsolintel.com\/tienda\/\"},{\"@type\":\"ListItem\",\"position\":3,\"name\":\"Kit emergencia para luminarias LED hasta 200W\"}]},{\"@type\":\"WebSite\",\"@id\":\"https:\/\/ledsolintel.com\/#website\",\"url\":\"https:\/\/ledsolintel.com\/\",\"name\":\"Webmenaje\",\"description\":\"Tienda de bombillas y l\u00e1mparas LED para profesionales\",\"publisher\":{\"@id\":\"https:\/\/ledsolintel.com\/#organization\"},\"potentialAction\":[{\"@type\":\"SearchAction\",\"target\":{\"@type\":\"EntryPoint\",\"urlTemplate\":\"https:\/\/ledsolintel.com\/?s={search_term_string}\"},\"query-input\":{\"@type\":\"PropertyValueSpecification\",\"valueRequired\":true,\"valueName\":\"search_term_string\"}}],\"inLanguage\":\"fr-FR\"},{\"@type\":\"Organization\",\"@id\":\"https:\/\/ledsolintel.com\/#organization\",\"name\":\"Solintel Noroeste, S.L.\",\"url\":\"https:\/\/ledsolintel.com\/\",\"logo\":{\"@type\":\"ImageObject\",\"inLanguage\":\"fr-FR\",\"@id\":\"https:\/\/ledsolintel.com\/#\/schema\/logo\/image\/\",\"url\":\"https:\/\/ledsolintel.com\/wp-content\/uploads\/2024\/11\/webmenaje-logo-1508269066.jpg\",\"contentUrl\":\"https:\/\/ledsolintel.com\/wp-content\/uploads\/2024\/11\/webmenaje-logo-1508269066.jpg\",\"width\":370,\"height\":90,\"caption\":\"Solintel Noroeste, S.L.\"},\"image\":{\"@id\":\"https:\/\/ledsolintel.com\/#\/schema\/logo\/image\/\"},\"sameAs\":[\"http:\/\/www.facebook.com\/webmenaje\",\"https:\/\/x.com\/webmenaje\",\"https:\/\/www.youtube.com\/channel\/UCX2KoVoeCG4LocZjUc6LmSQ\",\"http:\/\/www.pinterest.com\/webmenaje\"]}]}<\/script>\n<!-- \/ Yoast SEO plugin. -->","yoast_head_json":{"title":"Kit emergencia para luminarias LED hasta 200W - Ledsolintel","robots":{"index":"index","follow":"follow","max-snippet":"max-snippet:-1","max-image-preview":"max-image-preview:large","max-video-preview":"max-video-preview:-1"},"canonical":"https:\/\/ledsolintel.com\/fr\/produit-2\/kit-emergencia-para-luminarias-led-hasta-200w\/","og_locale":"fr_FR","og_type":"article","og_title":"Kit emergencia para luminarias LED hasta 200W - Ledsolintel","og_description":"Kit de emergencia ideal para\u00a0luminarias led de hasta 200W de potencia. Permite mantener\u00a0una iluminaci\u00f3n de seguridad hasta 180 minutos despu\u00e9s de un corte de suministro.En modo de emergencia, la luminaria permanece encendida con una potencia de 3W.Incorpora bot\u00f3n de TEST para verificar el correcto funcionamiento del dispositivo y un LED indicador de estado.Apto tanto para &hellip; Continue reading Kit emergencia para luminarias LED hasta 200W","og_url":"https:\/\/ledsolintel.com\/fr\/produit-2\/kit-emergencia-para-luminarias-led-hasta-200w\/","og_site_name":"Ledsolintel","article_publisher":"http:\/\/www.facebook.com\/webmenaje","article_modified_time":"2026-04-07T08:18:49+00:00","og_image":[{"width":1500,"height":1500,"url":"https:\/\/ledsolintel.com\/wp-content\/uploads\/2025\/11\/kit-emergencia-para-luminarias-led-hasta-200w.jpg","type":"image\/jpeg"}],"twitter_card":"summary_large_image","twitter_site":"@webmenaje","twitter_misc":{"Dur\u00e9e de lecture estim\u00e9e":"2 minutes"},"schema":{"@context":"https:\/\/schema.org","@graph":[{"@type":"WebPage","@id":"https:\/\/ledsolintel.com\/product\/kit-emergencia-para-luminarias-led-hasta-200w\/","url":"https:\/\/ledsolintel.com\/product\/kit-emergencia-para-luminarias-led-hasta-200w\/","name":"Kit emergencia para luminarias LED hasta 200W - Ledsolintel","isPartOf":{"@id":"https:\/\/ledsolintel.com\/#website"},"primaryImageOfPage":{"@id":"https:\/\/ledsolintel.com\/product\/kit-emergencia-para-luminarias-led-hasta-200w\/#primaryimage"},"image":{"@id":"https:\/\/ledsolintel.com\/product\/kit-emergencia-para-luminarias-led-hasta-200w\/#primaryimage"},"thumbnailUrl":"https:\/\/ledsolintel.com\/wp-content\/uploads\/2025\/11\/kit-emergencia-para-luminarias-led-hasta-200w.jpg","datePublished":"2025-11-11T16:16:55+00:00","dateModified":"2026-04-07T08:18:49+00:00","breadcrumb":{"@id":"https:\/\/ledsolintel.com\/product\/kit-emergencia-para-luminarias-led-hasta-200w\/#breadcrumb"},"inLanguage":"fr-FR","potentialAction":[{"@type":"ReadAction","target":["https:\/\/ledsolintel.com\/product\/kit-emergencia-para-luminarias-led-hasta-200w\/"]}]},{"@type":"ImageObject","inLanguage":"fr-FR","@id":"https:\/\/ledsolintel.com\/product\/kit-emergencia-para-luminarias-led-hasta-200w\/#primaryimage","url":"https:\/\/ledsolintel.com\/wp-content\/uploads\/2025\/11\/kit-emergencia-para-luminarias-led-hasta-200w.jpg","contentUrl":"https:\/\/ledsolintel.com\/wp-content\/uploads\/2025\/11\/kit-emergencia-para-luminarias-led-hasta-200w.jpg","width":1500,"height":1500},{"@type":"BreadcrumbList","@id":"https:\/\/ledsolintel.com\/product\/kit-emergencia-para-luminarias-led-hasta-200w\/#breadcrumb","itemListElement":[{"@type":"ListItem","position":1,"name":"Portada","item":"https:\/\/ledsolintel.com\/fr\/"},{"@type":"ListItem","position":2,"name":"Tienda","item":"https:\/\/ledsolintel.com\/tienda\/"},{"@type":"ListItem","position":3,"name":"Kit emergencia para luminarias LED hasta 200W"}]},{"@type":"WebSite","@id":"https:\/\/ledsolintel.com\/#website","url":"https:\/\/ledsolintel.com\/","name":"Webmenaje","description":"Magasin d'ampoules et de lampes LED pour les professionnels","publisher":{"@id":"https:\/\/ledsolintel.com\/#organization"},"potentialAction":[{"@type":"SearchAction","target":{"@type":"EntryPoint","urlTemplate":"https:\/\/ledsolintel.com\/?s={search_term_string}"},"query-input":{"@type":"PropertyValueSpecification","valueRequired":true,"valueName":"search_term_string"}}],"inLanguage":"fr-FR"},{"@type":"Organization","@id":"https:\/\/ledsolintel.com\/#organization","name":"Solintel Noroeste, S.L.","url":"https:\/\/ledsolintel.com\/","logo":{"@type":"ImageObject","inLanguage":"fr-FR","@id":"https:\/\/ledsolintel.com\/#\/schema\/logo\/image\/","url":"https:\/\/ledsolintel.com\/wp-content\/uploads\/2024\/11\/webmenaje-logo-1508269066.jpg","contentUrl":"https:\/\/ledsolintel.com\/wp-content\/uploads\/2024\/11\/webmenaje-logo-1508269066.jpg","width":370,"height":90,"caption":"Solintel Noroeste, S.L."},"image":{"@id":"https:\/\/ledsolintel.com\/#\/schema\/logo\/image\/"},"sameAs":["http:\/\/www.facebook.com\/webmenaje","https:\/\/x.com\/webmenaje","https:\/\/www.youtube.com\/channel\/UCX2KoVoeCG4LocZjUc6LmSQ","http:\/\/www.pinterest.com\/webmenaje"]}]}},"_links":{"self":[{"href":"https:\/\/ledsolintel.com\/fr\/wp-json\/wp\/v2\/product\/269528","targetHints":{"allow":["GET"]}}],"collection":[{"href":"https:\/\/ledsolintel.com\/fr\/wp-json\/wp\/v2\/product"}],"about":[{"href":"https:\/\/ledsolintel.com\/fr\/wp-json\/wp\/v2\/types\/product"}],"version-history":[{"count":1,"href":"https:\/\/ledsolintel.com\/fr\/wp-json\/wp\/v2\/product\/269528\/revisions"}],"predecessor-version":[{"id":269529,"href":"https:\/\/ledsolintel.com\/fr\/wp-json\/wp\/v2\/product\/269528\/revisions\/269529"}],"wp:featuredmedia":[{"embeddable":true,"href":"https:\/\/ledsolintel.com\/fr\/wp-json\/wp\/v2\/media\/264799"}],"wp:attachment":[{"href":"https:\/\/ledsolintel.com\/fr\/wp-json\/wp\/v2\/media?parent=269528"}],"wp:term":[{"taxonomy":"product_brand","embeddable":true,"href":"https:\/\/ledsolintel.com\/fr\/wp-json\/wp\/v2\/product_brand?post=269528"},{"taxonomy":"product_cat","embeddable":true,"href":"https:\/\/ledsolintel.com\/fr\/wp-json\/wp\/v2\/product_cat?post=269528"},{"taxonomy":"product_tag","embeddable":true,"href":"https:\/\/ledsolintel.com\/fr\/wp-json\/wp\/v2\/product_tag?post=269528"}],"curies":[{"name":"wp","href":"https:\/\/api.w.org\/{rel}","templated":true}]}}