{"id":269525,"date":"2025-11-11T17:16:53","date_gmt":"2025-11-11T16:16:53","guid":{"rendered":"https:\/\/nueva.ledsolintel.com\/product\/marco-aluminio-blanco-para-panel-60x60-altura-70mm\/"},"modified":"2026-04-07T10:18:49","modified_gmt":"2026-04-07T08:18:49","slug":"marco-aluminio-blanco-para-panel-60x60-altura-70mm","status":"publish","type":"product","link":"https:\/\/ledsolintel.com\/fr\/produit-2\/marco-aluminio-blanco-para-panel-60x60-altura-70mm\/","title":{"rendered":"Cadre en aluminium blanc pour panneau 60\u00d760 hauteur 70mm"},"content":{"rendered":"<p>Marco de aluminio en color blanco para instalaci\u00f3n en superficie de paneles de 60x60cm. Est\u00e1 dise\u00f1ado para una instalaci\u00f3n sencilla, siendo ideal para estancias en las que no se disponga de techo t\u00e9cnico o similar y se quiera instalar un panel LED. Compatible con todos nuestros paneles de 60&#215;60. Su altura de 70mm lo hace especialmente indicado\u00a0para paneles retroiluminados.  Su instalaci\u00f3n debe realizarse en lugares interiores al poseer un grado de protecci\u00f3n IP20 (protecci\u00f3n contra part\u00edculas s\u00f3lidas de tama\u00f1o superior a 12mm y no es resistente al agua).  Dispone de una garant\u00eda de 3 a\u00f1os. Cuenta tambi\u00e9n con el certificado CE, que acredita que se cumple con los requisitos de la UE respecto a compatibilidad electromagn\u00e9tica y normativa de baja tensi\u00f3n. Con este certificado se declara la conformidad de dicho producto con todos los requisitos legales exigidos, y asegura la validez del producto para ser vendido en todo el Espacio Econ\u00f3mico Europeo.  Incluye tacos y tornillos para fijar al techo.<\/p>","protected":false},"excerpt":{"rendered":"<p>Marco de aluminio en color blanco para instalaci\u00f3n en superficie de paneles de 60x60cm. Est\u00e1 dise\u00f1ado para una instalaci\u00f3n sencilla, siendo ideal para estancias en las que no se disponga de techo t\u00e9cnico o similar y se quiera instalar un panel LED. Compatible con todos nuestros paneles de 60&#215;60. Su altura de 70mm lo hace &hellip; <a href=\"https:\/\/ledsolintel.com\/fr\/produit-2\/marco-aluminio-blanco-para-panel-60x60-altura-70mm\/\" class=\"more-link\">Continue reading <span class=\"screen-reader-text\">Cadre en aluminium blanc pour panneau 60\u00d760 hauteur 70mm<\/span><\/a><\/p>","protected":false},"featured_media":264791,"template":"","meta":[],"product_brand":[101370],"product_cat":[101371,15],"product_tag":[],"class_list":{"0":"post-269525","1":"product","2":"type-product","3":"status-publish","4":"has-post-thumbnail","6":"product_brand-masterled","7":"product_cat-masterled","8":"product_cat-uncategorized","9":"pa_color-blanco","12":"instock","13":"taxable","14":"shipping-taxable","15":"purchasable","16":"product-type-simple"},"yoast_head":"<!-- This site is optimized with the Yoast SEO plugin v26.6 - https:\/\/yoast.com\/wordpress\/plugins\/seo\/ -->\n<title>Marco aluminio blanco para panel 60x60 altura 70mm - Ledsolintel<\/title>\n<meta name=\"robots\" content=\"index, follow, max-snippet:-1, max-image-preview:large, max-video-preview:-1\" \/>\n<link rel=\"canonical\" href=\"https:\/\/ledsolintel.com\/fr\/produit-2\/marco-aluminio-blanco-para-panel-60x60-altura-70mm\/\" \/>\n<meta property=\"og:locale\" content=\"fr_FR\" \/>\n<meta property=\"og:type\" content=\"article\" \/>\n<meta property=\"og:title\" content=\"Marco aluminio blanco para panel 60x60 altura 70mm - Ledsolintel\" \/>\n<meta property=\"og:description\" content=\"Marco de aluminio en color blanco para instalaci\u00f3n en superficie de paneles de 60x60cm. Est\u00e1 dise\u00f1ado para una instalaci\u00f3n sencilla, siendo ideal para estancias en las que no se disponga de techo t\u00e9cnico o similar y se quiera instalar un panel LED. Compatible con todos nuestros paneles de 60&#215;60. Su altura de 70mm lo hace &hellip; Continue reading Marco aluminio blanco para panel 60&#215;60 altura 70mm\" \/>\n<meta property=\"og:url\" content=\"https:\/\/ledsolintel.com\/fr\/produit-2\/marco-aluminio-blanco-para-panel-60x60-altura-70mm\/\" \/>\n<meta property=\"og:site_name\" content=\"Ledsolintel\" \/>\n<meta property=\"article:publisher\" content=\"http:\/\/www.facebook.com\/webmenaje\" \/>\n<meta property=\"article:modified_time\" content=\"2026-04-07T08:18:49+00:00\" \/>\n<meta property=\"og:image\" content=\"https:\/\/ledsolintel.com\/wp-content\/uploads\/2025\/11\/marco-aluminio-blanco-para-panel-60x60-altura-70mm.jpg\" \/>\n\t<meta property=\"og:image:width\" content=\"1400\" \/>\n\t<meta property=\"og:image:height\" content=\"1400\" \/>\n\t<meta property=\"og:image:type\" content=\"image\/jpeg\" \/>\n<meta name=\"twitter:card\" content=\"summary_large_image\" \/>\n<meta name=\"twitter:site\" content=\"@webmenaje\" \/>\n<meta name=\"twitter:label1\" content=\"Dur\u00e9e de lecture estim\u00e9e\" \/>\n\t<meta name=\"twitter:data1\" content=\"1 minute\" \/>\n<script type=\"application\/ld+json\" class=\"yoast-schema-graph\">{\"@context\":\"https:\/\/schema.org\",\"@graph\":[{\"@type\":\"WebPage\",\"@id\":\"https:\/\/ledsolintel.com\/product\/marco-aluminio-blanco-para-panel-60x60-altura-70mm\/\",\"url\":\"https:\/\/ledsolintel.com\/product\/marco-aluminio-blanco-para-panel-60x60-altura-70mm\/\",\"name\":\"Marco aluminio blanco para panel 60x60 altura 70mm - Ledsolintel\",\"isPartOf\":{\"@id\":\"https:\/\/ledsolintel.com\/#website\"},\"primaryImageOfPage\":{\"@id\":\"https:\/\/ledsolintel.com\/product\/marco-aluminio-blanco-para-panel-60x60-altura-70mm\/#primaryimage\"},\"image\":{\"@id\":\"https:\/\/ledsolintel.com\/product\/marco-aluminio-blanco-para-panel-60x60-altura-70mm\/#primaryimage\"},\"thumbnailUrl\":\"https:\/\/ledsolintel.com\/wp-content\/uploads\/2025\/11\/marco-aluminio-blanco-para-panel-60x60-altura-70mm.jpg\",\"datePublished\":\"2025-11-11T16:16:53+00:00\",\"dateModified\":\"2026-04-07T08:18:49+00:00\",\"breadcrumb\":{\"@id\":\"https:\/\/ledsolintel.com\/product\/marco-aluminio-blanco-para-panel-60x60-altura-70mm\/#breadcrumb\"},\"inLanguage\":\"fr-FR\",\"potentialAction\":[{\"@type\":\"ReadAction\",\"target\":[\"https:\/\/ledsolintel.com\/product\/marco-aluminio-blanco-para-panel-60x60-altura-70mm\/\"]}]},{\"@type\":\"ImageObject\",\"inLanguage\":\"fr-FR\",\"@id\":\"https:\/\/ledsolintel.com\/product\/marco-aluminio-blanco-para-panel-60x60-altura-70mm\/#primaryimage\",\"url\":\"https:\/\/ledsolintel.com\/wp-content\/uploads\/2025\/11\/marco-aluminio-blanco-para-panel-60x60-altura-70mm.jpg\",\"contentUrl\":\"https:\/\/ledsolintel.com\/wp-content\/uploads\/2025\/11\/marco-aluminio-blanco-para-panel-60x60-altura-70mm.jpg\",\"width\":1400,\"height\":1400},{\"@type\":\"BreadcrumbList\",\"@id\":\"https:\/\/ledsolintel.com\/product\/marco-aluminio-blanco-para-panel-60x60-altura-70mm\/#breadcrumb\",\"itemListElement\":[{\"@type\":\"ListItem\",\"position\":1,\"name\":\"Portada\",\"item\":\"https:\/\/ledsolintel.com\/fr\/\"},{\"@type\":\"ListItem\",\"position\":2,\"name\":\"Tienda\",\"item\":\"https:\/\/ledsolintel.com\/tienda\/\"},{\"@type\":\"ListItem\",\"position\":3,\"name\":\"Marco aluminio blanco para panel 60&#215;60 altura 70mm\"}]},{\"@type\":\"WebSite\",\"@id\":\"https:\/\/ledsolintel.com\/#website\",\"url\":\"https:\/\/ledsolintel.com\/\",\"name\":\"Webmenaje\",\"description\":\"Tienda de bombillas y l\u00e1mparas LED para profesionales\",\"publisher\":{\"@id\":\"https:\/\/ledsolintel.com\/#organization\"},\"potentialAction\":[{\"@type\":\"SearchAction\",\"target\":{\"@type\":\"EntryPoint\",\"urlTemplate\":\"https:\/\/ledsolintel.com\/?s={search_term_string}\"},\"query-input\":{\"@type\":\"PropertyValueSpecification\",\"valueRequired\":true,\"valueName\":\"search_term_string\"}}],\"inLanguage\":\"fr-FR\"},{\"@type\":\"Organization\",\"@id\":\"https:\/\/ledsolintel.com\/#organization\",\"name\":\"Solintel Noroeste, S.L.\",\"url\":\"https:\/\/ledsolintel.com\/\",\"logo\":{\"@type\":\"ImageObject\",\"inLanguage\":\"fr-FR\",\"@id\":\"https:\/\/ledsolintel.com\/#\/schema\/logo\/image\/\",\"url\":\"https:\/\/ledsolintel.com\/wp-content\/uploads\/2024\/11\/webmenaje-logo-1508269066.jpg\",\"contentUrl\":\"https:\/\/ledsolintel.com\/wp-content\/uploads\/2024\/11\/webmenaje-logo-1508269066.jpg\",\"width\":370,\"height\":90,\"caption\":\"Solintel Noroeste, S.L.\"},\"image\":{\"@id\":\"https:\/\/ledsolintel.com\/#\/schema\/logo\/image\/\"},\"sameAs\":[\"http:\/\/www.facebook.com\/webmenaje\",\"https:\/\/x.com\/webmenaje\",\"https:\/\/www.youtube.com\/channel\/UCX2KoVoeCG4LocZjUc6LmSQ\",\"http:\/\/www.pinterest.com\/webmenaje\"]}]}<\/script>\n<!-- \/ Yoast SEO plugin. -->","yoast_head_json":{"title":"Marco aluminio blanco para panel 60x60 altura 70mm - Ledsolintel","robots":{"index":"index","follow":"follow","max-snippet":"max-snippet:-1","max-image-preview":"max-image-preview:large","max-video-preview":"max-video-preview:-1"},"canonical":"https:\/\/ledsolintel.com\/fr\/produit-2\/marco-aluminio-blanco-para-panel-60x60-altura-70mm\/","og_locale":"fr_FR","og_type":"article","og_title":"Marco aluminio blanco para panel 60x60 altura 70mm - Ledsolintel","og_description":"Marco de aluminio en color blanco para instalaci\u00f3n en superficie de paneles de 60x60cm. Est\u00e1 dise\u00f1ado para una instalaci\u00f3n sencilla, siendo ideal para estancias en las que no se disponga de techo t\u00e9cnico o similar y se quiera instalar un panel LED. Compatible con todos nuestros paneles de 60&#215;60. Su altura de 70mm lo hace &hellip; Continue reading Marco aluminio blanco para panel 60&#215;60 altura 70mm","og_url":"https:\/\/ledsolintel.com\/fr\/produit-2\/marco-aluminio-blanco-para-panel-60x60-altura-70mm\/","og_site_name":"Ledsolintel","article_publisher":"http:\/\/www.facebook.com\/webmenaje","article_modified_time":"2026-04-07T08:18:49+00:00","og_image":[{"width":1400,"height":1400,"url":"https:\/\/ledsolintel.com\/wp-content\/uploads\/2025\/11\/marco-aluminio-blanco-para-panel-60x60-altura-70mm.jpg","type":"image\/jpeg"}],"twitter_card":"summary_large_image","twitter_site":"@webmenaje","twitter_misc":{"Dur\u00e9e de lecture estim\u00e9e":"1 minute"},"schema":{"@context":"https:\/\/schema.org","@graph":[{"@type":"WebPage","@id":"https:\/\/ledsolintel.com\/product\/marco-aluminio-blanco-para-panel-60x60-altura-70mm\/","url":"https:\/\/ledsolintel.com\/product\/marco-aluminio-blanco-para-panel-60x60-altura-70mm\/","name":"Marco aluminio blanco para panel 60x60 altura 70mm - Ledsolintel","isPartOf":{"@id":"https:\/\/ledsolintel.com\/#website"},"primaryImageOfPage":{"@id":"https:\/\/ledsolintel.com\/product\/marco-aluminio-blanco-para-panel-60x60-altura-70mm\/#primaryimage"},"image":{"@id":"https:\/\/ledsolintel.com\/product\/marco-aluminio-blanco-para-panel-60x60-altura-70mm\/#primaryimage"},"thumbnailUrl":"https:\/\/ledsolintel.com\/wp-content\/uploads\/2025\/11\/marco-aluminio-blanco-para-panel-60x60-altura-70mm.jpg","datePublished":"2025-11-11T16:16:53+00:00","dateModified":"2026-04-07T08:18:49+00:00","breadcrumb":{"@id":"https:\/\/ledsolintel.com\/product\/marco-aluminio-blanco-para-panel-60x60-altura-70mm\/#breadcrumb"},"inLanguage":"fr-FR","potentialAction":[{"@type":"ReadAction","target":["https:\/\/ledsolintel.com\/product\/marco-aluminio-blanco-para-panel-60x60-altura-70mm\/"]}]},{"@type":"ImageObject","inLanguage":"fr-FR","@id":"https:\/\/ledsolintel.com\/product\/marco-aluminio-blanco-para-panel-60x60-altura-70mm\/#primaryimage","url":"https:\/\/ledsolintel.com\/wp-content\/uploads\/2025\/11\/marco-aluminio-blanco-para-panel-60x60-altura-70mm.jpg","contentUrl":"https:\/\/ledsolintel.com\/wp-content\/uploads\/2025\/11\/marco-aluminio-blanco-para-panel-60x60-altura-70mm.jpg","width":1400,"height":1400},{"@type":"BreadcrumbList","@id":"https:\/\/ledsolintel.com\/product\/marco-aluminio-blanco-para-panel-60x60-altura-70mm\/#breadcrumb","itemListElement":[{"@type":"ListItem","position":1,"name":"Portada","item":"https:\/\/ledsolintel.com\/fr\/"},{"@type":"ListItem","position":2,"name":"Tienda","item":"https:\/\/ledsolintel.com\/tienda\/"},{"@type":"ListItem","position":3,"name":"Marco aluminio blanco para panel 60&#215;60 altura 70mm"}]},{"@type":"WebSite","@id":"https:\/\/ledsolintel.com\/#website","url":"https:\/\/ledsolintel.com\/","name":"Webmenaje","description":"Magasin d'ampoules et de lampes LED pour les professionnels","publisher":{"@id":"https:\/\/ledsolintel.com\/#organization"},"potentialAction":[{"@type":"SearchAction","target":{"@type":"EntryPoint","urlTemplate":"https:\/\/ledsolintel.com\/?s={search_term_string}"},"query-input":{"@type":"PropertyValueSpecification","valueRequired":true,"valueName":"search_term_string"}}],"inLanguage":"fr-FR"},{"@type":"Organization","@id":"https:\/\/ledsolintel.com\/#organization","name":"Solintel Noroeste, S.L.","url":"https:\/\/ledsolintel.com\/","logo":{"@type":"ImageObject","inLanguage":"fr-FR","@id":"https:\/\/ledsolintel.com\/#\/schema\/logo\/image\/","url":"https:\/\/ledsolintel.com\/wp-content\/uploads\/2024\/11\/webmenaje-logo-1508269066.jpg","contentUrl":"https:\/\/ledsolintel.com\/wp-content\/uploads\/2024\/11\/webmenaje-logo-1508269066.jpg","width":370,"height":90,"caption":"Solintel Noroeste, S.L."},"image":{"@id":"https:\/\/ledsolintel.com\/#\/schema\/logo\/image\/"},"sameAs":["http:\/\/www.facebook.com\/webmenaje","https:\/\/x.com\/webmenaje","https:\/\/www.youtube.com\/channel\/UCX2KoVoeCG4LocZjUc6LmSQ","http:\/\/www.pinterest.com\/webmenaje"]}]}},"_links":{"self":[{"href":"https:\/\/ledsolintel.com\/fr\/wp-json\/wp\/v2\/product\/269525","targetHints":{"allow":["GET"]}}],"collection":[{"href":"https:\/\/ledsolintel.com\/fr\/wp-json\/wp\/v2\/product"}],"about":[{"href":"https:\/\/ledsolintel.com\/fr\/wp-json\/wp\/v2\/types\/product"}],"version-history":[{"count":1,"href":"https:\/\/ledsolintel.com\/fr\/wp-json\/wp\/v2\/product\/269525\/revisions"}],"predecessor-version":[{"id":269526,"href":"https:\/\/ledsolintel.com\/fr\/wp-json\/wp\/v2\/product\/269525\/revisions\/269526"}],"wp:featuredmedia":[{"embeddable":true,"href":"https:\/\/ledsolintel.com\/fr\/wp-json\/wp\/v2\/media\/264791"}],"wp:attachment":[{"href":"https:\/\/ledsolintel.com\/fr\/wp-json\/wp\/v2\/media?parent=269525"}],"wp:term":[{"taxonomy":"product_brand","embeddable":true,"href":"https:\/\/ledsolintel.com\/fr\/wp-json\/wp\/v2\/product_brand?post=269525"},{"taxonomy":"product_cat","embeddable":true,"href":"https:\/\/ledsolintel.com\/fr\/wp-json\/wp\/v2\/product_cat?post=269525"},{"taxonomy":"product_tag","embeddable":true,"href":"https:\/\/ledsolintel.com\/fr\/wp-json\/wp\/v2\/product_tag?post=269525"}],"curies":[{"name":"wp","href":"https:\/\/api.w.org\/{rel}","templated":true}]}}