{"id":269521,"date":"2025-11-11T17:16:48","date_gmt":"2025-11-11T16:16:48","guid":{"rendered":"https:\/\/nueva.ledsolintel.com\/product\/marco-luminoso-led-60x60-48w-desmontable\/"},"modified":"2026-01-30T15:30:02","modified_gmt":"2026-01-30T14:30:02","slug":"marco-luminoso-led-60x60-48w-desmontable","status":"publish","type":"product","link":"https:\/\/ledsolintel.com\/fr\/produit-2\/marco-luminoso-led-60x60-48w-desmontable\/","title":{"rendered":"Cadre lumineux LED d\u00e9tachable 60\u00d760 48W"},"content":{"rendered":"<p>Marco luminoso LED de 60 x 60 cm apto para la colocaci\u00f3n en techo t\u00e9cnico, permitiendo conservar las placas de escayola. El montaje es muy sencillo, basta con colocar el marco sobre las gu\u00edas del techo y a continuaci\u00f3n colocar la plancha de escayola sobre \u00e9l.\u00a0  Cuenta con una alta eficacia al consumir 48W mediante los LEDs SMD que integra, logrando proporcionar un flujo luminoso de 4800 lumens. La iluminaci\u00f3n que aporta representa un consumo por valor de 48kWh\/1000h, lo que supone una reducci\u00f3n de la cantidad de energ\u00eda facturada y de emisiones de gases contaminantes a la atm\u00f3sfera. Este panel est\u00e1 disponible en dos temperaturas de color: blanca (6500\u00b0K) y neutra (4000\u00b0K).  Su instalaci\u00f3n debe realizarse en lugares interiores al poseer un grado de protecci\u00f3n IP20 (protecci\u00f3n contra part\u00edculas s\u00f3lidas de tama\u00f1o superior a 12mm y no es resistente al agua). Soporta un voltaje de entrada de 200-240V y una frecuencia de servicio de 50 Hz. Est\u00e1 dise\u00f1ado en\u00a0policarbonato\u00a0con las dimensiones de 595 x 595 mm.  Adem\u00e1s de ser un producto que tiene m\u00e1s de 30.000 horas de vida, dispone de una garant\u00eda de 3 a\u00f1os. Cuenta tambi\u00e9n con el certificado CE, que acredita que se cumple con los requisitos de la UE respecto a compatibilidad electromagn\u00e9tica y normativa de baja tensi\u00f3n. Con este certificado se declara la conformidad de dicho producto con todos los requisitos legales exigidos, y asegura la validez del producto para ser vendido en todo el Espacio Econ\u00f3mico Europeo.  Este producto se env\u00eda desmontado para evitar da\u00f1os en el transporte. El montaje se hace simplemente uniendo las 4 piezas laterales mediante presi\u00f3n.  Incluye driver.<\/p>","protected":false},"excerpt":{"rendered":"<p>Marco luminoso LED de 60 x 60 cm apto para la colocaci\u00f3n en techo t\u00e9cnico, permitiendo conservar las placas de escayola. El montaje es muy sencillo, basta con colocar el marco sobre las gu\u00edas del techo y a continuaci\u00f3n colocar la plancha de escayola sobre \u00e9l.\u00a0 Cuenta con una alta eficacia al consumir 48W mediante &hellip; <a href=\"https:\/\/ledsolintel.com\/fr\/produit-2\/marco-luminoso-led-60x60-48w-desmontable\/\" class=\"more-link\">Continue reading <span class=\"screen-reader-text\">Cadre lumineux LED d\u00e9tachable 60\u00d760 48W<\/span><\/a><\/p>","protected":false},"featured_media":264781,"template":"","meta":[],"product_brand":[101370],"product_cat":[15,101371],"product_tag":[],"class_list":{"0":"post-269521","1":"product","2":"type-product","3":"status-publish","4":"has-post-thumbnail","6":"product_brand-masterled","7":"product_cat-uncategorized","8":"product_cat-masterled","9":"pa_temperatura-color-luz-blanca","10":"pa_temperatura-color-luz-neutra","13":"instock","14":"purchasable","15":"product-type-variable","16":"has-default-attributes"},"yoast_head":"<!-- This site is optimized with the Yoast SEO plugin v26.6 - https:\/\/yoast.com\/wordpress\/plugins\/seo\/ -->\n<title>Marco luminoso LED 60x60 48W desmontable - Ledsolintel<\/title>\n<meta name=\"robots\" content=\"index, follow, max-snippet:-1, max-image-preview:large, max-video-preview:-1\" \/>\n<link rel=\"canonical\" href=\"https:\/\/ledsolintel.com\/fr\/produit-2\/marco-luminoso-led-60x60-48w-desmontable\/\" \/>\n<meta property=\"og:locale\" content=\"fr_FR\" \/>\n<meta property=\"og:type\" content=\"article\" \/>\n<meta property=\"og:title\" content=\"Marco luminoso LED 60x60 48W desmontable - Ledsolintel\" \/>\n<meta property=\"og:description\" content=\"Marco luminoso LED de 60 x 60 cm apto para la colocaci\u00f3n en techo t\u00e9cnico, permitiendo conservar las placas de escayola. El montaje es muy sencillo, basta con colocar el marco sobre las gu\u00edas del techo y a continuaci\u00f3n colocar la plancha de escayola sobre \u00e9l.\u00a0 Cuenta con una alta eficacia al consumir 48W mediante &hellip; Continue reading Marco luminoso LED 60&#215;60 48W desmontable\" \/>\n<meta property=\"og:url\" content=\"https:\/\/ledsolintel.com\/fr\/produit-2\/marco-luminoso-led-60x60-48w-desmontable\/\" \/>\n<meta property=\"og:site_name\" content=\"Ledsolintel\" \/>\n<meta property=\"article:publisher\" content=\"http:\/\/www.facebook.com\/webmenaje\" \/>\n<meta property=\"article:modified_time\" content=\"2026-01-30T14:30:02+00:00\" \/>\n<meta property=\"og:image\" content=\"https:\/\/ledsolintel.com\/wp-content\/uploads\/2025\/11\/marco-luminoso-led-60x60-48w-desmontable.jpg\" \/>\n\t<meta property=\"og:image:width\" content=\"1200\" \/>\n\t<meta property=\"og:image:height\" content=\"1200\" \/>\n\t<meta property=\"og:image:type\" content=\"image\/jpeg\" \/>\n<meta name=\"twitter:card\" content=\"summary_large_image\" \/>\n<meta name=\"twitter:site\" content=\"@webmenaje\" \/>\n<meta name=\"twitter:label1\" content=\"Dur\u00e9e de lecture estim\u00e9e\" \/>\n\t<meta name=\"twitter:data1\" content=\"1 minute\" \/>\n<script type=\"application\/ld+json\" class=\"yoast-schema-graph\">{\"@context\":\"https:\/\/schema.org\",\"@graph\":[{\"@type\":\"WebPage\",\"@id\":\"https:\/\/ledsolintel.com\/product\/marco-luminoso-led-60x60-48w-desmontable\/\",\"url\":\"https:\/\/ledsolintel.com\/product\/marco-luminoso-led-60x60-48w-desmontable\/\",\"name\":\"Marco luminoso LED 60x60 48W desmontable - Ledsolintel\",\"isPartOf\":{\"@id\":\"https:\/\/ledsolintel.com\/#website\"},\"primaryImageOfPage\":{\"@id\":\"https:\/\/ledsolintel.com\/product\/marco-luminoso-led-60x60-48w-desmontable\/#primaryimage\"},\"image\":{\"@id\":\"https:\/\/ledsolintel.com\/product\/marco-luminoso-led-60x60-48w-desmontable\/#primaryimage\"},\"thumbnailUrl\":\"https:\/\/ledsolintel.com\/wp-content\/uploads\/2025\/11\/marco-luminoso-led-60x60-48w-desmontable.jpg\",\"datePublished\":\"2025-11-11T16:16:48+00:00\",\"dateModified\":\"2026-01-30T14:30:02+00:00\",\"breadcrumb\":{\"@id\":\"https:\/\/ledsolintel.com\/product\/marco-luminoso-led-60x60-48w-desmontable\/#breadcrumb\"},\"inLanguage\":\"fr-FR\",\"potentialAction\":[{\"@type\":\"ReadAction\",\"target\":[\"https:\/\/ledsolintel.com\/product\/marco-luminoso-led-60x60-48w-desmontable\/\"]}]},{\"@type\":\"ImageObject\",\"inLanguage\":\"fr-FR\",\"@id\":\"https:\/\/ledsolintel.com\/product\/marco-luminoso-led-60x60-48w-desmontable\/#primaryimage\",\"url\":\"https:\/\/ledsolintel.com\/wp-content\/uploads\/2025\/11\/marco-luminoso-led-60x60-48w-desmontable.jpg\",\"contentUrl\":\"https:\/\/ledsolintel.com\/wp-content\/uploads\/2025\/11\/marco-luminoso-led-60x60-48w-desmontable.jpg\",\"width\":1200,\"height\":1200},{\"@type\":\"BreadcrumbList\",\"@id\":\"https:\/\/ledsolintel.com\/product\/marco-luminoso-led-60x60-48w-desmontable\/#breadcrumb\",\"itemListElement\":[{\"@type\":\"ListItem\",\"position\":1,\"name\":\"Portada\",\"item\":\"https:\/\/ledsolintel.com\/fr\/\"},{\"@type\":\"ListItem\",\"position\":2,\"name\":\"Tienda\",\"item\":\"https:\/\/ledsolintel.com\/tienda\/\"},{\"@type\":\"ListItem\",\"position\":3,\"name\":\"Marco luminoso LED 60&#215;60 48W desmontable\"}]},{\"@type\":\"WebSite\",\"@id\":\"https:\/\/ledsolintel.com\/#website\",\"url\":\"https:\/\/ledsolintel.com\/\",\"name\":\"Webmenaje\",\"description\":\"Tienda de bombillas y l\u00e1mparas LED para profesionales\",\"publisher\":{\"@id\":\"https:\/\/ledsolintel.com\/#organization\"},\"potentialAction\":[{\"@type\":\"SearchAction\",\"target\":{\"@type\":\"EntryPoint\",\"urlTemplate\":\"https:\/\/ledsolintel.com\/?s={search_term_string}\"},\"query-input\":{\"@type\":\"PropertyValueSpecification\",\"valueRequired\":true,\"valueName\":\"search_term_string\"}}],\"inLanguage\":\"fr-FR\"},{\"@type\":\"Organization\",\"@id\":\"https:\/\/ledsolintel.com\/#organization\",\"name\":\"Solintel Noroeste, S.L.\",\"url\":\"https:\/\/ledsolintel.com\/\",\"logo\":{\"@type\":\"ImageObject\",\"inLanguage\":\"fr-FR\",\"@id\":\"https:\/\/ledsolintel.com\/#\/schema\/logo\/image\/\",\"url\":\"https:\/\/ledsolintel.com\/wp-content\/uploads\/2024\/11\/webmenaje-logo-1508269066.jpg\",\"contentUrl\":\"https:\/\/ledsolintel.com\/wp-content\/uploads\/2024\/11\/webmenaje-logo-1508269066.jpg\",\"width\":370,\"height\":90,\"caption\":\"Solintel Noroeste, S.L.\"},\"image\":{\"@id\":\"https:\/\/ledsolintel.com\/#\/schema\/logo\/image\/\"},\"sameAs\":[\"http:\/\/www.facebook.com\/webmenaje\",\"https:\/\/x.com\/webmenaje\",\"https:\/\/www.youtube.com\/channel\/UCX2KoVoeCG4LocZjUc6LmSQ\",\"http:\/\/www.pinterest.com\/webmenaje\"]}]}<\/script>\n<!-- \/ Yoast SEO plugin. -->","yoast_head_json":{"title":"Marco luminoso LED 60x60 48W desmontable - Ledsolintel","robots":{"index":"index","follow":"follow","max-snippet":"max-snippet:-1","max-image-preview":"max-image-preview:large","max-video-preview":"max-video-preview:-1"},"canonical":"https:\/\/ledsolintel.com\/fr\/produit-2\/marco-luminoso-led-60x60-48w-desmontable\/","og_locale":"fr_FR","og_type":"article","og_title":"Marco luminoso LED 60x60 48W desmontable - Ledsolintel","og_description":"Marco luminoso LED de 60 x 60 cm apto para la colocaci\u00f3n en techo t\u00e9cnico, permitiendo conservar las placas de escayola. El montaje es muy sencillo, basta con colocar el marco sobre las gu\u00edas del techo y a continuaci\u00f3n colocar la plancha de escayola sobre \u00e9l.\u00a0 Cuenta con una alta eficacia al consumir 48W mediante &hellip; Continue reading Marco luminoso LED 60&#215;60 48W desmontable","og_url":"https:\/\/ledsolintel.com\/fr\/produit-2\/marco-luminoso-led-60x60-48w-desmontable\/","og_site_name":"Ledsolintel","article_publisher":"http:\/\/www.facebook.com\/webmenaje","article_modified_time":"2026-01-30T14:30:02+00:00","og_image":[{"width":1200,"height":1200,"url":"https:\/\/ledsolintel.com\/wp-content\/uploads\/2025\/11\/marco-luminoso-led-60x60-48w-desmontable.jpg","type":"image\/jpeg"}],"twitter_card":"summary_large_image","twitter_site":"@webmenaje","twitter_misc":{"Dur\u00e9e de lecture estim\u00e9e":"1 minute"},"schema":{"@context":"https:\/\/schema.org","@graph":[{"@type":"WebPage","@id":"https:\/\/ledsolintel.com\/product\/marco-luminoso-led-60x60-48w-desmontable\/","url":"https:\/\/ledsolintel.com\/product\/marco-luminoso-led-60x60-48w-desmontable\/","name":"Marco luminoso LED 60x60 48W desmontable - Ledsolintel","isPartOf":{"@id":"https:\/\/ledsolintel.com\/#website"},"primaryImageOfPage":{"@id":"https:\/\/ledsolintel.com\/product\/marco-luminoso-led-60x60-48w-desmontable\/#primaryimage"},"image":{"@id":"https:\/\/ledsolintel.com\/product\/marco-luminoso-led-60x60-48w-desmontable\/#primaryimage"},"thumbnailUrl":"https:\/\/ledsolintel.com\/wp-content\/uploads\/2025\/11\/marco-luminoso-led-60x60-48w-desmontable.jpg","datePublished":"2025-11-11T16:16:48+00:00","dateModified":"2026-01-30T14:30:02+00:00","breadcrumb":{"@id":"https:\/\/ledsolintel.com\/product\/marco-luminoso-led-60x60-48w-desmontable\/#breadcrumb"},"inLanguage":"fr-FR","potentialAction":[{"@type":"ReadAction","target":["https:\/\/ledsolintel.com\/product\/marco-luminoso-led-60x60-48w-desmontable\/"]}]},{"@type":"ImageObject","inLanguage":"fr-FR","@id":"https:\/\/ledsolintel.com\/product\/marco-luminoso-led-60x60-48w-desmontable\/#primaryimage","url":"https:\/\/ledsolintel.com\/wp-content\/uploads\/2025\/11\/marco-luminoso-led-60x60-48w-desmontable.jpg","contentUrl":"https:\/\/ledsolintel.com\/wp-content\/uploads\/2025\/11\/marco-luminoso-led-60x60-48w-desmontable.jpg","width":1200,"height":1200},{"@type":"BreadcrumbList","@id":"https:\/\/ledsolintel.com\/product\/marco-luminoso-led-60x60-48w-desmontable\/#breadcrumb","itemListElement":[{"@type":"ListItem","position":1,"name":"Portada","item":"https:\/\/ledsolintel.com\/fr\/"},{"@type":"ListItem","position":2,"name":"Tienda","item":"https:\/\/ledsolintel.com\/tienda\/"},{"@type":"ListItem","position":3,"name":"Marco luminoso LED 60&#215;60 48W desmontable"}]},{"@type":"WebSite","@id":"https:\/\/ledsolintel.com\/#website","url":"https:\/\/ledsolintel.com\/","name":"Webmenaje","description":"Magasin d'ampoules et de lampes LED pour les professionnels","publisher":{"@id":"https:\/\/ledsolintel.com\/#organization"},"potentialAction":[{"@type":"SearchAction","target":{"@type":"EntryPoint","urlTemplate":"https:\/\/ledsolintel.com\/?s={search_term_string}"},"query-input":{"@type":"PropertyValueSpecification","valueRequired":true,"valueName":"search_term_string"}}],"inLanguage":"fr-FR"},{"@type":"Organization","@id":"https:\/\/ledsolintel.com\/#organization","name":"Solintel Noroeste, S.L.","url":"https:\/\/ledsolintel.com\/","logo":{"@type":"ImageObject","inLanguage":"fr-FR","@id":"https:\/\/ledsolintel.com\/#\/schema\/logo\/image\/","url":"https:\/\/ledsolintel.com\/wp-content\/uploads\/2024\/11\/webmenaje-logo-1508269066.jpg","contentUrl":"https:\/\/ledsolintel.com\/wp-content\/uploads\/2024\/11\/webmenaje-logo-1508269066.jpg","width":370,"height":90,"caption":"Solintel Noroeste, S.L."},"image":{"@id":"https:\/\/ledsolintel.com\/#\/schema\/logo\/image\/"},"sameAs":["http:\/\/www.facebook.com\/webmenaje","https:\/\/x.com\/webmenaje","https:\/\/www.youtube.com\/channel\/UCX2KoVoeCG4LocZjUc6LmSQ","http:\/\/www.pinterest.com\/webmenaje"]}]}},"_links":{"self":[{"href":"https:\/\/ledsolintel.com\/fr\/wp-json\/wp\/v2\/product\/269521","targetHints":{"allow":["GET"]}}],"collection":[{"href":"https:\/\/ledsolintel.com\/fr\/wp-json\/wp\/v2\/product"}],"about":[{"href":"https:\/\/ledsolintel.com\/fr\/wp-json\/wp\/v2\/types\/product"}],"version-history":[{"count":1,"href":"https:\/\/ledsolintel.com\/fr\/wp-json\/wp\/v2\/product\/269521\/revisions"}],"predecessor-version":[{"id":269522,"href":"https:\/\/ledsolintel.com\/fr\/wp-json\/wp\/v2\/product\/269521\/revisions\/269522"}],"wp:featuredmedia":[{"embeddable":true,"href":"https:\/\/ledsolintel.com\/fr\/wp-json\/wp\/v2\/media\/264781"}],"wp:attachment":[{"href":"https:\/\/ledsolintel.com\/fr\/wp-json\/wp\/v2\/media?parent=269521"}],"wp:term":[{"taxonomy":"product_brand","embeddable":true,"href":"https:\/\/ledsolintel.com\/fr\/wp-json\/wp\/v2\/product_brand?post=269521"},{"taxonomy":"product_cat","embeddable":true,"href":"https:\/\/ledsolintel.com\/fr\/wp-json\/wp\/v2\/product_cat?post=269521"},{"taxonomy":"product_tag","embeddable":true,"href":"https:\/\/ledsolintel.com\/fr\/wp-json\/wp\/v2\/product_tag?post=269521"}],"curies":[{"name":"wp","href":"https:\/\/api.w.org\/{rel}","templated":true}]}}