{"id":269517,"date":"2025-11-11T17:16:45","date_gmt":"2025-11-11T16:16:45","guid":{"rendered":"https:\/\/nueva.ledsolintel.com\/product\/base-enchufe-schuko-16a-usb-ac-carga-rapida-20w\/"},"modified":"2026-04-07T10:18:49","modified_gmt":"2026-04-07T08:18:49","slug":"base-enchufe-schuko-16a-usb-ac-carga-rapida-20w","status":"publish","type":"product","link":"https:\/\/ledsolintel.com\/fr\/produit-2\/base-enchufe-schuko-16a-usb-ac-carga-rapida-20w\/","title":{"rendered":"Prise schuko 16A USB A+C charge rapide 20W"},"content":{"rendered":"<p>Base de enchufe empotrable tipo F (Schuko), disponible en dos colores diferentes: blanco o negro. Es una soluci\u00f3n moderna y pr\u00e1ctica para cualquier hogar u oficina. Con un dise\u00f1o que combina un enchufe Schuko est\u00e1ndar de 16A y dos puertos USB de carga r\u00e1pida, permite cargar dispositivos electr\u00f3nicos directamente sin necesidad de adaptadores adicionales. Ideal para mejorar la funcionalidad y ahorrar espacio en lugares donde la tecnolog\u00eda est\u00e1 en uso constante. Este enchufe es perfecto para cargar tel\u00e9fonos m\u00f3viles, tablets y otros dispositivos electr\u00f3nicos mientras sigues utilizando el enchufe convencional para electrodom\u00e9sticos. Fabricado con materiales de alta calidad, garantiza seguridad y durabilidad en cualquier tipo de instalaci\u00f3n.  Las tomas USB\u00a0(USB A + USB C) permiten cargar dispositivos electr\u00f3nicos con una intensidad de 4A y 20W m\u00e1ximo.\u00a0Se puede conseguir una carga completa en la mitad de tiempo en comparaci\u00f3n con las tomas USB convencionales.  Compatible con cajas de mecanismos universales y los marcos de la serie cristal. Mecanismo no compatible con los marcos de la serie PC.  Est\u00e1 dise\u00f1ado en policarbonato con las medidas 50 x 50 x 45 mm. Soporta un voltaje de entrada de 100-240V y una frecuencia de servicio de 50\/60 Hz.  Debido a su grado de protecci\u00f3n IP20 es ideal para instalar en zonas interiores (protecci\u00f3n contra part\u00edculas s\u00f3lidas de tama\u00f1o superior a 12mm y no es resistente al agua).  Dispone de una garant\u00eda de 3 a\u00f1os. Cuenta tambi\u00e9n con el certificado CE, que acredita que se cumple con los requisitos de la UE respecto a compatibilidad electromagn\u00e9tica y normativa de baja tensi\u00f3n. Con este certificado se declara la conformidad de dicho producto con todos los requisitos legales exigidos, y asegura la validez del producto para ser vendido en todo el Espacio Econ\u00f3mico Europeo.<\/p>","protected":false},"excerpt":{"rendered":"<p>Base de enchufe empotrable tipo F (Schuko), disponible en dos colores diferentes: blanco o negro. Es una soluci\u00f3n moderna y pr\u00e1ctica para cualquier hogar u oficina. Con un dise\u00f1o que combina un enchufe Schuko est\u00e1ndar de 16A y dos puertos USB de carga r\u00e1pida, permite cargar dispositivos electr\u00f3nicos directamente sin necesidad de adaptadores adicionales. Ideal &hellip; <a href=\"https:\/\/ledsolintel.com\/fr\/produit-2\/base-enchufe-schuko-16a-usb-ac-carga-rapida-20w\/\" class=\"more-link\">Continue reading <span class=\"screen-reader-text\">Prise schuko 16A USB A+C charge rapide 20W<\/span><\/a><\/p>","protected":false},"featured_media":264771,"template":"","meta":[],"product_brand":[101370],"product_cat":[15,101371],"product_tag":[],"class_list":{"0":"post-269517","1":"product","2":"type-product","3":"status-publish","4":"has-post-thumbnail","6":"product_brand-masterled","7":"product_cat-uncategorized","8":"product_cat-masterled","9":"pa_color-blanco","10":"pa_color-negro","13":"instock","14":"taxable","15":"shipping-taxable","16":"purchasable","17":"product-type-variable","18":"has-default-attributes"},"yoast_head":"<!-- This site is optimized with the Yoast SEO plugin v26.6 - https:\/\/yoast.com\/wordpress\/plugins\/seo\/ -->\n<title>Base enchufe schuko 16A USB A+C carga r\u00e1pida 20W - Ledsolintel<\/title>\n<meta name=\"robots\" content=\"index, follow, max-snippet:-1, max-image-preview:large, max-video-preview:-1\" \/>\n<link rel=\"canonical\" href=\"https:\/\/ledsolintel.com\/fr\/produit-2\/base-enchufe-schuko-16a-usb-ac-carga-rapida-20w\/\" \/>\n<meta property=\"og:locale\" content=\"fr_FR\" \/>\n<meta property=\"og:type\" content=\"article\" \/>\n<meta property=\"og:title\" content=\"Base enchufe schuko 16A USB A+C carga r\u00e1pida 20W - Ledsolintel\" \/>\n<meta property=\"og:description\" content=\"Base de enchufe empotrable tipo F (Schuko), disponible en dos colores diferentes: blanco o negro. Es una soluci\u00f3n moderna y pr\u00e1ctica para cualquier hogar u oficina. Con un dise\u00f1o que combina un enchufe Schuko est\u00e1ndar de 16A y dos puertos USB de carga r\u00e1pida, permite cargar dispositivos electr\u00f3nicos directamente sin necesidad de adaptadores adicionales. Ideal &hellip; Continue reading Base enchufe schuko 16A USB A+C carga r\u00e1pida 20W\" \/>\n<meta property=\"og:url\" content=\"https:\/\/ledsolintel.com\/fr\/produit-2\/base-enchufe-schuko-16a-usb-ac-carga-rapida-20w\/\" \/>\n<meta property=\"og:site_name\" content=\"Ledsolintel\" \/>\n<meta property=\"article:publisher\" content=\"http:\/\/www.facebook.com\/webmenaje\" \/>\n<meta property=\"article:modified_time\" content=\"2026-04-07T08:18:49+00:00\" \/>\n<meta property=\"og:image\" content=\"https:\/\/ledsolintel.com\/wp-content\/uploads\/2025\/11\/base-enchufe-schuko-16a-usb-ac-carga-rapida-20w.jpg\" \/>\n\t<meta property=\"og:image:width\" content=\"1500\" \/>\n\t<meta property=\"og:image:height\" content=\"1500\" \/>\n\t<meta property=\"og:image:type\" content=\"image\/jpeg\" \/>\n<meta name=\"twitter:card\" content=\"summary_large_image\" \/>\n<meta name=\"twitter:site\" content=\"@webmenaje\" \/>\n<meta name=\"twitter:label1\" content=\"Dur\u00e9e de lecture estim\u00e9e\" \/>\n\t<meta name=\"twitter:data1\" content=\"2 minutes\" \/>\n<script type=\"application\/ld+json\" class=\"yoast-schema-graph\">{\"@context\":\"https:\/\/schema.org\",\"@graph\":[{\"@type\":\"WebPage\",\"@id\":\"https:\/\/ledsolintel.com\/product\/base-enchufe-schuko-16a-usb-ac-carga-rapida-20w\/\",\"url\":\"https:\/\/ledsolintel.com\/product\/base-enchufe-schuko-16a-usb-ac-carga-rapida-20w\/\",\"name\":\"Base enchufe schuko 16A USB A+C carga r\u00e1pida 20W - Ledsolintel\",\"isPartOf\":{\"@id\":\"https:\/\/ledsolintel.com\/#website\"},\"primaryImageOfPage\":{\"@id\":\"https:\/\/ledsolintel.com\/product\/base-enchufe-schuko-16a-usb-ac-carga-rapida-20w\/#primaryimage\"},\"image\":{\"@id\":\"https:\/\/ledsolintel.com\/product\/base-enchufe-schuko-16a-usb-ac-carga-rapida-20w\/#primaryimage\"},\"thumbnailUrl\":\"https:\/\/ledsolintel.com\/wp-content\/uploads\/2025\/11\/base-enchufe-schuko-16a-usb-ac-carga-rapida-20w.jpg\",\"datePublished\":\"2025-11-11T16:16:45+00:00\",\"dateModified\":\"2026-04-07T08:18:49+00:00\",\"breadcrumb\":{\"@id\":\"https:\/\/ledsolintel.com\/product\/base-enchufe-schuko-16a-usb-ac-carga-rapida-20w\/#breadcrumb\"},\"inLanguage\":\"fr-FR\",\"potentialAction\":[{\"@type\":\"ReadAction\",\"target\":[\"https:\/\/ledsolintel.com\/product\/base-enchufe-schuko-16a-usb-ac-carga-rapida-20w\/\"]}]},{\"@type\":\"ImageObject\",\"inLanguage\":\"fr-FR\",\"@id\":\"https:\/\/ledsolintel.com\/product\/base-enchufe-schuko-16a-usb-ac-carga-rapida-20w\/#primaryimage\",\"url\":\"https:\/\/ledsolintel.com\/wp-content\/uploads\/2025\/11\/base-enchufe-schuko-16a-usb-ac-carga-rapida-20w.jpg\",\"contentUrl\":\"https:\/\/ledsolintel.com\/wp-content\/uploads\/2025\/11\/base-enchufe-schuko-16a-usb-ac-carga-rapida-20w.jpg\",\"width\":1500,\"height\":1500},{\"@type\":\"BreadcrumbList\",\"@id\":\"https:\/\/ledsolintel.com\/product\/base-enchufe-schuko-16a-usb-ac-carga-rapida-20w\/#breadcrumb\",\"itemListElement\":[{\"@type\":\"ListItem\",\"position\":1,\"name\":\"Portada\",\"item\":\"https:\/\/ledsolintel.com\/fr\/\"},{\"@type\":\"ListItem\",\"position\":2,\"name\":\"Tienda\",\"item\":\"https:\/\/ledsolintel.com\/tienda\/\"},{\"@type\":\"ListItem\",\"position\":3,\"name\":\"Base enchufe schuko 16A USB A+C carga r\u00e1pida 20W\"}]},{\"@type\":\"WebSite\",\"@id\":\"https:\/\/ledsolintel.com\/#website\",\"url\":\"https:\/\/ledsolintel.com\/\",\"name\":\"Webmenaje\",\"description\":\"Tienda de bombillas y l\u00e1mparas LED para profesionales\",\"publisher\":{\"@id\":\"https:\/\/ledsolintel.com\/#organization\"},\"potentialAction\":[{\"@type\":\"SearchAction\",\"target\":{\"@type\":\"EntryPoint\",\"urlTemplate\":\"https:\/\/ledsolintel.com\/?s={search_term_string}\"},\"query-input\":{\"@type\":\"PropertyValueSpecification\",\"valueRequired\":true,\"valueName\":\"search_term_string\"}}],\"inLanguage\":\"fr-FR\"},{\"@type\":\"Organization\",\"@id\":\"https:\/\/ledsolintel.com\/#organization\",\"name\":\"Solintel Noroeste, S.L.\",\"url\":\"https:\/\/ledsolintel.com\/\",\"logo\":{\"@type\":\"ImageObject\",\"inLanguage\":\"fr-FR\",\"@id\":\"https:\/\/ledsolintel.com\/#\/schema\/logo\/image\/\",\"url\":\"https:\/\/ledsolintel.com\/wp-content\/uploads\/2024\/11\/webmenaje-logo-1508269066.jpg\",\"contentUrl\":\"https:\/\/ledsolintel.com\/wp-content\/uploads\/2024\/11\/webmenaje-logo-1508269066.jpg\",\"width\":370,\"height\":90,\"caption\":\"Solintel Noroeste, S.L.\"},\"image\":{\"@id\":\"https:\/\/ledsolintel.com\/#\/schema\/logo\/image\/\"},\"sameAs\":[\"http:\/\/www.facebook.com\/webmenaje\",\"https:\/\/x.com\/webmenaje\",\"https:\/\/www.youtube.com\/channel\/UCX2KoVoeCG4LocZjUc6LmSQ\",\"http:\/\/www.pinterest.com\/webmenaje\"]}]}<\/script>\n<!-- \/ Yoast SEO plugin. -->","yoast_head_json":{"title":"Base enchufe schuko 16A USB A+C carga r\u00e1pida 20W - Ledsolintel","robots":{"index":"index","follow":"follow","max-snippet":"max-snippet:-1","max-image-preview":"max-image-preview:large","max-video-preview":"max-video-preview:-1"},"canonical":"https:\/\/ledsolintel.com\/fr\/produit-2\/base-enchufe-schuko-16a-usb-ac-carga-rapida-20w\/","og_locale":"fr_FR","og_type":"article","og_title":"Base enchufe schuko 16A USB A+C carga r\u00e1pida 20W - Ledsolintel","og_description":"Base de enchufe empotrable tipo F (Schuko), disponible en dos colores diferentes: blanco o negro. Es una soluci\u00f3n moderna y pr\u00e1ctica para cualquier hogar u oficina. Con un dise\u00f1o que combina un enchufe Schuko est\u00e1ndar de 16A y dos puertos USB de carga r\u00e1pida, permite cargar dispositivos electr\u00f3nicos directamente sin necesidad de adaptadores adicionales. Ideal &hellip; Continue reading Base enchufe schuko 16A USB A+C carga r\u00e1pida 20W","og_url":"https:\/\/ledsolintel.com\/fr\/produit-2\/base-enchufe-schuko-16a-usb-ac-carga-rapida-20w\/","og_site_name":"Ledsolintel","article_publisher":"http:\/\/www.facebook.com\/webmenaje","article_modified_time":"2026-04-07T08:18:49+00:00","og_image":[{"width":1500,"height":1500,"url":"https:\/\/ledsolintel.com\/wp-content\/uploads\/2025\/11\/base-enchufe-schuko-16a-usb-ac-carga-rapida-20w.jpg","type":"image\/jpeg"}],"twitter_card":"summary_large_image","twitter_site":"@webmenaje","twitter_misc":{"Dur\u00e9e de lecture estim\u00e9e":"2 minutes"},"schema":{"@context":"https:\/\/schema.org","@graph":[{"@type":"WebPage","@id":"https:\/\/ledsolintel.com\/product\/base-enchufe-schuko-16a-usb-ac-carga-rapida-20w\/","url":"https:\/\/ledsolintel.com\/product\/base-enchufe-schuko-16a-usb-ac-carga-rapida-20w\/","name":"Base enchufe schuko 16A USB A+C carga r\u00e1pida 20W - Ledsolintel","isPartOf":{"@id":"https:\/\/ledsolintel.com\/#website"},"primaryImageOfPage":{"@id":"https:\/\/ledsolintel.com\/product\/base-enchufe-schuko-16a-usb-ac-carga-rapida-20w\/#primaryimage"},"image":{"@id":"https:\/\/ledsolintel.com\/product\/base-enchufe-schuko-16a-usb-ac-carga-rapida-20w\/#primaryimage"},"thumbnailUrl":"https:\/\/ledsolintel.com\/wp-content\/uploads\/2025\/11\/base-enchufe-schuko-16a-usb-ac-carga-rapida-20w.jpg","datePublished":"2025-11-11T16:16:45+00:00","dateModified":"2026-04-07T08:18:49+00:00","breadcrumb":{"@id":"https:\/\/ledsolintel.com\/product\/base-enchufe-schuko-16a-usb-ac-carga-rapida-20w\/#breadcrumb"},"inLanguage":"fr-FR","potentialAction":[{"@type":"ReadAction","target":["https:\/\/ledsolintel.com\/product\/base-enchufe-schuko-16a-usb-ac-carga-rapida-20w\/"]}]},{"@type":"ImageObject","inLanguage":"fr-FR","@id":"https:\/\/ledsolintel.com\/product\/base-enchufe-schuko-16a-usb-ac-carga-rapida-20w\/#primaryimage","url":"https:\/\/ledsolintel.com\/wp-content\/uploads\/2025\/11\/base-enchufe-schuko-16a-usb-ac-carga-rapida-20w.jpg","contentUrl":"https:\/\/ledsolintel.com\/wp-content\/uploads\/2025\/11\/base-enchufe-schuko-16a-usb-ac-carga-rapida-20w.jpg","width":1500,"height":1500},{"@type":"BreadcrumbList","@id":"https:\/\/ledsolintel.com\/product\/base-enchufe-schuko-16a-usb-ac-carga-rapida-20w\/#breadcrumb","itemListElement":[{"@type":"ListItem","position":1,"name":"Portada","item":"https:\/\/ledsolintel.com\/fr\/"},{"@type":"ListItem","position":2,"name":"Tienda","item":"https:\/\/ledsolintel.com\/tienda\/"},{"@type":"ListItem","position":3,"name":"Base enchufe schuko 16A USB A+C carga r\u00e1pida 20W"}]},{"@type":"WebSite","@id":"https:\/\/ledsolintel.com\/#website","url":"https:\/\/ledsolintel.com\/","name":"Webmenaje","description":"Magasin d'ampoules et de lampes LED pour les professionnels","publisher":{"@id":"https:\/\/ledsolintel.com\/#organization"},"potentialAction":[{"@type":"SearchAction","target":{"@type":"EntryPoint","urlTemplate":"https:\/\/ledsolintel.com\/?s={search_term_string}"},"query-input":{"@type":"PropertyValueSpecification","valueRequired":true,"valueName":"search_term_string"}}],"inLanguage":"fr-FR"},{"@type":"Organization","@id":"https:\/\/ledsolintel.com\/#organization","name":"Solintel Noroeste, S.L.","url":"https:\/\/ledsolintel.com\/","logo":{"@type":"ImageObject","inLanguage":"fr-FR","@id":"https:\/\/ledsolintel.com\/#\/schema\/logo\/image\/","url":"https:\/\/ledsolintel.com\/wp-content\/uploads\/2024\/11\/webmenaje-logo-1508269066.jpg","contentUrl":"https:\/\/ledsolintel.com\/wp-content\/uploads\/2024\/11\/webmenaje-logo-1508269066.jpg","width":370,"height":90,"caption":"Solintel Noroeste, S.L."},"image":{"@id":"https:\/\/ledsolintel.com\/#\/schema\/logo\/image\/"},"sameAs":["http:\/\/www.facebook.com\/webmenaje","https:\/\/x.com\/webmenaje","https:\/\/www.youtube.com\/channel\/UCX2KoVoeCG4LocZjUc6LmSQ","http:\/\/www.pinterest.com\/webmenaje"]}]}},"_links":{"self":[{"href":"https:\/\/ledsolintel.com\/fr\/wp-json\/wp\/v2\/product\/269517","targetHints":{"allow":["GET"]}}],"collection":[{"href":"https:\/\/ledsolintel.com\/fr\/wp-json\/wp\/v2\/product"}],"about":[{"href":"https:\/\/ledsolintel.com\/fr\/wp-json\/wp\/v2\/types\/product"}],"version-history":[{"count":1,"href":"https:\/\/ledsolintel.com\/fr\/wp-json\/wp\/v2\/product\/269517\/revisions"}],"predecessor-version":[{"id":269518,"href":"https:\/\/ledsolintel.com\/fr\/wp-json\/wp\/v2\/product\/269517\/revisions\/269518"}],"wp:featuredmedia":[{"embeddable":true,"href":"https:\/\/ledsolintel.com\/fr\/wp-json\/wp\/v2\/media\/264771"}],"wp:attachment":[{"href":"https:\/\/ledsolintel.com\/fr\/wp-json\/wp\/v2\/media?parent=269517"}],"wp:term":[{"taxonomy":"product_brand","embeddable":true,"href":"https:\/\/ledsolintel.com\/fr\/wp-json\/wp\/v2\/product_brand?post=269517"},{"taxonomy":"product_cat","embeddable":true,"href":"https:\/\/ledsolintel.com\/fr\/wp-json\/wp\/v2\/product_cat?post=269517"},{"taxonomy":"product_tag","embeddable":true,"href":"https:\/\/ledsolintel.com\/fr\/wp-json\/wp\/v2\/product_tag?post=269517"}],"curies":[{"name":"wp","href":"https:\/\/api.w.org\/{rel}","templated":true}]}}