{"id":269502,"date":"2025-11-11T17:16:28","date_gmt":"2025-11-11T16:16:28","guid":{"rendered":"https:\/\/nueva.ledsolintel.com\/product\/aro-para-bombilla-dicroica-ip65-serie-pc\/"},"modified":"2026-04-07T10:18:49","modified_gmt":"2026-04-07T08:18:49","slug":"aro-para-bombilla-dicroica-ip65-serie-pc","status":"publish","type":"product","link":"https:\/\/ledsolintel.com\/fr\/produit-2\/aro-para-bombilla-dicroica-ip65-serie-pc\/","title":{"rendered":"Anneau pour ampoule dichro\u00efque IP65 s\u00e9rie PC"},"content":{"rendered":"<p>Este aro empotrable circular es ideal para la instalaci\u00f3n de bombillas dicroicas, tanto GU10 como GU5.3. Su pantalla de policarbonato protege a la bombilla alojada en su interior, por lo que es ideal para estancias con humedad o polvo en suspensi\u00f3n. Su dise\u00f1o est\u00e1 pensado para ofrecer un \u00e1ngulo de apertura peque\u00f1o y concentrar el haz de luz de la bombilla.  Est\u00e1 fabricado en policarbonato con las medidas de \u00d8 90 x 31 mm. La medida de corte es \u00d8 75-80 mm. Su instalaci\u00f3n es muy sencilla, ya que \u00fanicamente debemos tener en cuenta la medida de corte (\u00d8 75-80 mm) en el techo para empotrar el aro. Respecto a la luz que emite este elemento depender\u00e1 siempre de la bombilla que escojamos, pudiendo ser una luz fr\u00eda, neutra o c\u00e1lida.\u00a0  La parte frontal tiene un grado de protecci\u00f3n IP65\u00a0(resistente al polvo y a\u00a0chorros de agua a baja presi\u00f3n desde cualquier direcci\u00f3n). Es ideal para su uso dentro del hogar, aseos, restaurantes, tiendas, comercios, hoteles o centros comerciales.  Dispone de una garant\u00eda de 3 a\u00f1os. Cuenta tambi\u00e9n con el certificado CE, que acredita que se cumple con los requisitos de la UE respecto a compatibilidad electromagn\u00e9tica y normativa de baja tensi\u00f3n. Con este certificado se declara la conformidad de dicho producto con todos los requisitos legales exigidos, y asegura la validez del producto para ser vendido en todo el Espacio Econ\u00f3mico Europeo.  No incluye bombilla.<\/p>","protected":false},"excerpt":{"rendered":"<p>Este aro empotrable circular es ideal para la instalaci\u00f3n de bombillas dicroicas, tanto GU10 como GU5.3. Su pantalla de policarbonato protege a la bombilla alojada en su interior, por lo que es ideal para estancias con humedad o polvo en suspensi\u00f3n. Su dise\u00f1o est\u00e1 pensado para ofrecer un \u00e1ngulo de apertura peque\u00f1o y concentrar el &hellip; <a href=\"https:\/\/ledsolintel.com\/fr\/produit-2\/aro-para-bombilla-dicroica-ip65-serie-pc\/\" class=\"more-link\">Continue reading <span class=\"screen-reader-text\">Anneau pour ampoule dichro\u00efque IP65 s\u00e9rie PC<\/span><\/a><\/p>","protected":false},"featured_media":264734,"template":"","meta":[],"product_brand":[101370],"product_cat":[15,99713,101371],"product_tag":[],"class_list":{"0":"post-269502","1":"product","2":"type-product","3":"status-publish","4":"has-post-thumbnail","6":"product_brand-masterled","7":"product_cat-uncategorized","8":"product_cat-aros-cardans-y-estructuras-empotrables","9":"product_cat-masterled","10":"pa_color-blanco","13":"instock","14":"taxable","15":"shipping-taxable","16":"purchasable","17":"product-type-simple"},"yoast_head":"<!-- This site is optimized with the Yoast SEO plugin v26.6 - https:\/\/yoast.com\/wordpress\/plugins\/seo\/ -->\n<title>Aro para bombilla dicroica IP65 serie PC - Ledsolintel<\/title>\n<meta name=\"robots\" content=\"index, follow, max-snippet:-1, max-image-preview:large, max-video-preview:-1\" \/>\n<link rel=\"canonical\" href=\"https:\/\/ledsolintel.com\/fr\/produit-2\/aro-para-bombilla-dicroica-ip65-serie-pc\/\" \/>\n<meta property=\"og:locale\" content=\"fr_FR\" \/>\n<meta property=\"og:type\" content=\"article\" \/>\n<meta property=\"og:title\" content=\"Aro para bombilla dicroica IP65 serie PC - Ledsolintel\" \/>\n<meta property=\"og:description\" content=\"Este aro empotrable circular es ideal para la instalaci\u00f3n de bombillas dicroicas, tanto GU10 como GU5.3. Su pantalla de policarbonato protege a la bombilla alojada en su interior, por lo que es ideal para estancias con humedad o polvo en suspensi\u00f3n. Su dise\u00f1o est\u00e1 pensado para ofrecer un \u00e1ngulo de apertura peque\u00f1o y concentrar el &hellip; Continue reading Aro para bombilla dicroica IP65 serie PC\" \/>\n<meta property=\"og:url\" content=\"https:\/\/ledsolintel.com\/fr\/produit-2\/aro-para-bombilla-dicroica-ip65-serie-pc\/\" \/>\n<meta property=\"og:site_name\" content=\"Ledsolintel\" \/>\n<meta property=\"article:publisher\" content=\"http:\/\/www.facebook.com\/webmenaje\" \/>\n<meta property=\"article:modified_time\" content=\"2026-04-07T08:18:49+00:00\" \/>\n<meta property=\"og:image\" content=\"https:\/\/ledsolintel.com\/wp-content\/uploads\/2025\/11\/aro-para-bombilla-dicroica-ip65-serie-pc.jpg\" \/>\n\t<meta property=\"og:image:width\" content=\"645\" \/>\n\t<meta property=\"og:image:height\" content=\"643\" \/>\n\t<meta property=\"og:image:type\" content=\"image\/jpeg\" \/>\n<meta name=\"twitter:card\" content=\"summary_large_image\" \/>\n<meta name=\"twitter:site\" content=\"@webmenaje\" \/>\n<meta name=\"twitter:label1\" content=\"Dur\u00e9e de lecture estim\u00e9e\" \/>\n\t<meta name=\"twitter:data1\" content=\"1 minute\" \/>\n<script type=\"application\/ld+json\" class=\"yoast-schema-graph\">{\"@context\":\"https:\/\/schema.org\",\"@graph\":[{\"@type\":\"WebPage\",\"@id\":\"https:\/\/ledsolintel.com\/product\/aro-para-bombilla-dicroica-ip65-serie-pc\/\",\"url\":\"https:\/\/ledsolintel.com\/product\/aro-para-bombilla-dicroica-ip65-serie-pc\/\",\"name\":\"Aro para bombilla dicroica IP65 serie PC - Ledsolintel\",\"isPartOf\":{\"@id\":\"https:\/\/ledsolintel.com\/#website\"},\"primaryImageOfPage\":{\"@id\":\"https:\/\/ledsolintel.com\/product\/aro-para-bombilla-dicroica-ip65-serie-pc\/#primaryimage\"},\"image\":{\"@id\":\"https:\/\/ledsolintel.com\/product\/aro-para-bombilla-dicroica-ip65-serie-pc\/#primaryimage\"},\"thumbnailUrl\":\"https:\/\/ledsolintel.com\/wp-content\/uploads\/2025\/11\/aro-para-bombilla-dicroica-ip65-serie-pc.jpg\",\"datePublished\":\"2025-11-11T16:16:28+00:00\",\"dateModified\":\"2026-04-07T08:18:49+00:00\",\"breadcrumb\":{\"@id\":\"https:\/\/ledsolintel.com\/product\/aro-para-bombilla-dicroica-ip65-serie-pc\/#breadcrumb\"},\"inLanguage\":\"fr-FR\",\"potentialAction\":[{\"@type\":\"ReadAction\",\"target\":[\"https:\/\/ledsolintel.com\/product\/aro-para-bombilla-dicroica-ip65-serie-pc\/\"]}]},{\"@type\":\"ImageObject\",\"inLanguage\":\"fr-FR\",\"@id\":\"https:\/\/ledsolintel.com\/product\/aro-para-bombilla-dicroica-ip65-serie-pc\/#primaryimage\",\"url\":\"https:\/\/ledsolintel.com\/wp-content\/uploads\/2025\/11\/aro-para-bombilla-dicroica-ip65-serie-pc.jpg\",\"contentUrl\":\"https:\/\/ledsolintel.com\/wp-content\/uploads\/2025\/11\/aro-para-bombilla-dicroica-ip65-serie-pc.jpg\",\"width\":645,\"height\":643},{\"@type\":\"BreadcrumbList\",\"@id\":\"https:\/\/ledsolintel.com\/product\/aro-para-bombilla-dicroica-ip65-serie-pc\/#breadcrumb\",\"itemListElement\":[{\"@type\":\"ListItem\",\"position\":1,\"name\":\"Portada\",\"item\":\"https:\/\/ledsolintel.com\/fr\/\"},{\"@type\":\"ListItem\",\"position\":2,\"name\":\"Tienda\",\"item\":\"https:\/\/ledsolintel.com\/tienda\/\"},{\"@type\":\"ListItem\",\"position\":3,\"name\":\"Aro para bombilla dicroica IP65 serie PC\"}]},{\"@type\":\"WebSite\",\"@id\":\"https:\/\/ledsolintel.com\/#website\",\"url\":\"https:\/\/ledsolintel.com\/\",\"name\":\"Webmenaje\",\"description\":\"Tienda de bombillas y l\u00e1mparas LED para profesionales\",\"publisher\":{\"@id\":\"https:\/\/ledsolintel.com\/#organization\"},\"potentialAction\":[{\"@type\":\"SearchAction\",\"target\":{\"@type\":\"EntryPoint\",\"urlTemplate\":\"https:\/\/ledsolintel.com\/?s={search_term_string}\"},\"query-input\":{\"@type\":\"PropertyValueSpecification\",\"valueRequired\":true,\"valueName\":\"search_term_string\"}}],\"inLanguage\":\"fr-FR\"},{\"@type\":\"Organization\",\"@id\":\"https:\/\/ledsolintel.com\/#organization\",\"name\":\"Solintel Noroeste, S.L.\",\"url\":\"https:\/\/ledsolintel.com\/\",\"logo\":{\"@type\":\"ImageObject\",\"inLanguage\":\"fr-FR\",\"@id\":\"https:\/\/ledsolintel.com\/#\/schema\/logo\/image\/\",\"url\":\"https:\/\/ledsolintel.com\/wp-content\/uploads\/2024\/11\/webmenaje-logo-1508269066.jpg\",\"contentUrl\":\"https:\/\/ledsolintel.com\/wp-content\/uploads\/2024\/11\/webmenaje-logo-1508269066.jpg\",\"width\":370,\"height\":90,\"caption\":\"Solintel Noroeste, S.L.\"},\"image\":{\"@id\":\"https:\/\/ledsolintel.com\/#\/schema\/logo\/image\/\"},\"sameAs\":[\"http:\/\/www.facebook.com\/webmenaje\",\"https:\/\/x.com\/webmenaje\",\"https:\/\/www.youtube.com\/channel\/UCX2KoVoeCG4LocZjUc6LmSQ\",\"http:\/\/www.pinterest.com\/webmenaje\"]}]}<\/script>\n<!-- \/ Yoast SEO plugin. -->","yoast_head_json":{"title":"Aro para bombilla dicroica IP65 serie PC - Ledsolintel","robots":{"index":"index","follow":"follow","max-snippet":"max-snippet:-1","max-image-preview":"max-image-preview:large","max-video-preview":"max-video-preview:-1"},"canonical":"https:\/\/ledsolintel.com\/fr\/produit-2\/aro-para-bombilla-dicroica-ip65-serie-pc\/","og_locale":"fr_FR","og_type":"article","og_title":"Aro para bombilla dicroica IP65 serie PC - Ledsolintel","og_description":"Este aro empotrable circular es ideal para la instalaci\u00f3n de bombillas dicroicas, tanto GU10 como GU5.3. Su pantalla de policarbonato protege a la bombilla alojada en su interior, por lo que es ideal para estancias con humedad o polvo en suspensi\u00f3n. Su dise\u00f1o est\u00e1 pensado para ofrecer un \u00e1ngulo de apertura peque\u00f1o y concentrar el &hellip; Continue reading Aro para bombilla dicroica IP65 serie PC","og_url":"https:\/\/ledsolintel.com\/fr\/produit-2\/aro-para-bombilla-dicroica-ip65-serie-pc\/","og_site_name":"Ledsolintel","article_publisher":"http:\/\/www.facebook.com\/webmenaje","article_modified_time":"2026-04-07T08:18:49+00:00","og_image":[{"width":645,"height":643,"url":"https:\/\/ledsolintel.com\/wp-content\/uploads\/2025\/11\/aro-para-bombilla-dicroica-ip65-serie-pc.jpg","type":"image\/jpeg"}],"twitter_card":"summary_large_image","twitter_site":"@webmenaje","twitter_misc":{"Dur\u00e9e de lecture estim\u00e9e":"1 minute"},"schema":{"@context":"https:\/\/schema.org","@graph":[{"@type":"WebPage","@id":"https:\/\/ledsolintel.com\/product\/aro-para-bombilla-dicroica-ip65-serie-pc\/","url":"https:\/\/ledsolintel.com\/product\/aro-para-bombilla-dicroica-ip65-serie-pc\/","name":"Aro para bombilla dicroica IP65 serie PC - Ledsolintel","isPartOf":{"@id":"https:\/\/ledsolintel.com\/#website"},"primaryImageOfPage":{"@id":"https:\/\/ledsolintel.com\/product\/aro-para-bombilla-dicroica-ip65-serie-pc\/#primaryimage"},"image":{"@id":"https:\/\/ledsolintel.com\/product\/aro-para-bombilla-dicroica-ip65-serie-pc\/#primaryimage"},"thumbnailUrl":"https:\/\/ledsolintel.com\/wp-content\/uploads\/2025\/11\/aro-para-bombilla-dicroica-ip65-serie-pc.jpg","datePublished":"2025-11-11T16:16:28+00:00","dateModified":"2026-04-07T08:18:49+00:00","breadcrumb":{"@id":"https:\/\/ledsolintel.com\/product\/aro-para-bombilla-dicroica-ip65-serie-pc\/#breadcrumb"},"inLanguage":"fr-FR","potentialAction":[{"@type":"ReadAction","target":["https:\/\/ledsolintel.com\/product\/aro-para-bombilla-dicroica-ip65-serie-pc\/"]}]},{"@type":"ImageObject","inLanguage":"fr-FR","@id":"https:\/\/ledsolintel.com\/product\/aro-para-bombilla-dicroica-ip65-serie-pc\/#primaryimage","url":"https:\/\/ledsolintel.com\/wp-content\/uploads\/2025\/11\/aro-para-bombilla-dicroica-ip65-serie-pc.jpg","contentUrl":"https:\/\/ledsolintel.com\/wp-content\/uploads\/2025\/11\/aro-para-bombilla-dicroica-ip65-serie-pc.jpg","width":645,"height":643},{"@type":"BreadcrumbList","@id":"https:\/\/ledsolintel.com\/product\/aro-para-bombilla-dicroica-ip65-serie-pc\/#breadcrumb","itemListElement":[{"@type":"ListItem","position":1,"name":"Portada","item":"https:\/\/ledsolintel.com\/fr\/"},{"@type":"ListItem","position":2,"name":"Tienda","item":"https:\/\/ledsolintel.com\/tienda\/"},{"@type":"ListItem","position":3,"name":"Aro para bombilla dicroica IP65 serie PC"}]},{"@type":"WebSite","@id":"https:\/\/ledsolintel.com\/#website","url":"https:\/\/ledsolintel.com\/","name":"Webmenaje","description":"Magasin d'ampoules et de lampes LED pour les professionnels","publisher":{"@id":"https:\/\/ledsolintel.com\/#organization"},"potentialAction":[{"@type":"SearchAction","target":{"@type":"EntryPoint","urlTemplate":"https:\/\/ledsolintel.com\/?s={search_term_string}"},"query-input":{"@type":"PropertyValueSpecification","valueRequired":true,"valueName":"search_term_string"}}],"inLanguage":"fr-FR"},{"@type":"Organization","@id":"https:\/\/ledsolintel.com\/#organization","name":"Solintel Noroeste, S.L.","url":"https:\/\/ledsolintel.com\/","logo":{"@type":"ImageObject","inLanguage":"fr-FR","@id":"https:\/\/ledsolintel.com\/#\/schema\/logo\/image\/","url":"https:\/\/ledsolintel.com\/wp-content\/uploads\/2024\/11\/webmenaje-logo-1508269066.jpg","contentUrl":"https:\/\/ledsolintel.com\/wp-content\/uploads\/2024\/11\/webmenaje-logo-1508269066.jpg","width":370,"height":90,"caption":"Solintel Noroeste, S.L."},"image":{"@id":"https:\/\/ledsolintel.com\/#\/schema\/logo\/image\/"},"sameAs":["http:\/\/www.facebook.com\/webmenaje","https:\/\/x.com\/webmenaje","https:\/\/www.youtube.com\/channel\/UCX2KoVoeCG4LocZjUc6LmSQ","http:\/\/www.pinterest.com\/webmenaje"]}]}},"_links":{"self":[{"href":"https:\/\/ledsolintel.com\/fr\/wp-json\/wp\/v2\/product\/269502","targetHints":{"allow":["GET"]}}],"collection":[{"href":"https:\/\/ledsolintel.com\/fr\/wp-json\/wp\/v2\/product"}],"about":[{"href":"https:\/\/ledsolintel.com\/fr\/wp-json\/wp\/v2\/types\/product"}],"version-history":[{"count":1,"href":"https:\/\/ledsolintel.com\/fr\/wp-json\/wp\/v2\/product\/269502\/revisions"}],"predecessor-version":[{"id":269503,"href":"https:\/\/ledsolintel.com\/fr\/wp-json\/wp\/v2\/product\/269502\/revisions\/269503"}],"wp:featuredmedia":[{"embeddable":true,"href":"https:\/\/ledsolintel.com\/fr\/wp-json\/wp\/v2\/media\/264734"}],"wp:attachment":[{"href":"https:\/\/ledsolintel.com\/fr\/wp-json\/wp\/v2\/media?parent=269502"}],"wp:term":[{"taxonomy":"product_brand","embeddable":true,"href":"https:\/\/ledsolintel.com\/fr\/wp-json\/wp\/v2\/product_brand?post=269502"},{"taxonomy":"product_cat","embeddable":true,"href":"https:\/\/ledsolintel.com\/fr\/wp-json\/wp\/v2\/product_cat?post=269502"},{"taxonomy":"product_tag","embeddable":true,"href":"https:\/\/ledsolintel.com\/fr\/wp-json\/wp\/v2\/product_tag?post=269502"}],"curies":[{"name":"wp","href":"https:\/\/api.w.org\/{rel}","templated":true}]}}