{"id":269490,"date":"2025-11-11T17:16:15","date_gmt":"2025-11-11T16:16:15","guid":{"rendered":"https:\/\/nueva.ledsolintel.com\/product\/timbre-simple-inalambrico-autoalimentado\/"},"modified":"2026-01-30T15:31:42","modified_gmt":"2026-01-30T14:31:42","slug":"timbre-simple-inalambrico-autoalimentado","status":"publish","type":"product","link":"https:\/\/ledsolintel.com\/fr\/produit-2\/timbre-simple-inalambrico-autoalimentado\/","title":{"rendered":"Sonnette simple, sans fil et auto-aliment\u00e9e"},"content":{"rendered":"<p>Timbre\u00a0inal\u00e1mbrico de una tecla autoalimentado, con acabado en color blanco. El pulsador funciona sin cables ni pilas, lo que lo hace una opci\u00f3n ecol\u00f3gica y sin preocupaciones. Su instalaci\u00f3n es muy r\u00e1pida y sencilla, ya que se evita el cableado y las obras para su colocaci\u00f3n. En su interior tiene un mecanismo piezoel\u00e9ctrico que al ser pulsado emite una se\u00f1al de radiofrecuencia hacia el receptor, el cual funciona conectado a una toma de enchufe. El rango de alcance es de 50 m en espacios abiertos y 20 m en interiores. El interruptor se puede fijar en superficie con bandas adhesivas de 3M o mediante tornillos (ambos accesorios se incluyen en la caja del producto). Este interruptor funciona mediante un sistema de autoalimentaci\u00f3n que genera la energ\u00eda necesaria al presionarlo, eliminando la necesidad de instalaci\u00f3n el\u00e9ctrica compleja o mantenimiento continuo. El receptor dispone de dos botones, uno para ajustar el volumen del timbre y\u00a0otro para seleccionar la melod\u00eda deseada (38 melod\u00edas disponibles). Con un dise\u00f1o moderno y funcional, este dispositivo es ideal para viviendas,\u00a0oficinas, urbanizaciones, etc. Est\u00e1 dise\u00f1ado en ABS\u00a0de alta resistencia con\u00a0grado de protecci\u00f3n IP54 (se puede instalar tanto en interiores como exteriores). Dispone de una garant\u00eda de 3 a\u00f1os. Cuenta tambi\u00e9n con el certificado CE, que acredita que se cumple con los requisitos de la UE respecto a compatibilidad electromagn\u00e9tica y normativa de baja tensi\u00f3n. Con este certificado se declara la conformidad de dicho producto con todos los requisitos legales exigidos, y asegura la validez del producto para ser vendido en todo el Espacio Econ\u00f3mico Europeo. El paquete incluye: &#8211; Pulsador inal\u00e1mbrico autoalimentado. &#8211; Receptor timbre. &#8211; Banda adhesiva y tornillos. Caracter\u00edsticas principales:  Tecnolog\u00eda inal\u00e1mbrica\u00a0con alcance de hasta 50 metros. M\u00faltiples melod\u00edas\u00a0para elegir, adaptadas a diferentes ambientes. Ajuste de volumen\u00a0para personalizar la intensidad del sonido. F\u00e1cil instalaci\u00f3n\u00a0sin necesidad de herramientas complejas. Receptor y transmisor\u00a0compactos y duraderos. Apto para interiores y exteriores, resistente a las inclemencias del tiempo.  Beneficios:  Instalaci\u00f3n r\u00e1pida: Ideal para aquellos que no quieren complicarse con cables. Adaptable a cualquier espacio: Perfecto tanto para hogares como para oficinas. Duradero y resistente: Dise\u00f1ado para durar, incluso en exteriores. Tono personalizable: Elige entre diferentes melod\u00edas y vol\u00famenes para adaptarse a tus preferencias.  \u00bfPor qu\u00e9 elegir este timbre inal\u00e1mbrico? Este\u00a0timbre inal\u00e1mbrico para puerta\u00a0es la soluci\u00f3n ideal para quienes buscan una opci\u00f3n econ\u00f3mica, eficiente y f\u00e1cil de instalar. Con su dise\u00f1o compacto y m\u00faltiples funcionalidades, garantiza que nunca m\u00e1s te pierdas una visita o entrega. Adem\u00e1s, gracias a su gran alcance y resistencia, es una excelente opci\u00f3n tanto para interiores como para exteriores.<\/p>","protected":false},"excerpt":{"rendered":"<p>Timbre\u00a0inal\u00e1mbrico de una tecla autoalimentado, con acabado en color blanco. El pulsador funciona sin cables ni pilas, lo que lo hace una opci\u00f3n ecol\u00f3gica y sin preocupaciones. Su instalaci\u00f3n es muy r\u00e1pida y sencilla, ya que se evita el cableado y las obras para su colocaci\u00f3n. En su interior tiene un mecanismo piezoel\u00e9ctrico que al &hellip; <a href=\"https:\/\/ledsolintel.com\/fr\/produit-2\/timbre-simple-inalambrico-autoalimentado\/\" class=\"more-link\">Continue reading <span class=\"screen-reader-text\">Sonnette simple, sans fil et auto-aliment\u00e9e<\/span><\/a><\/p>","protected":false},"featured_media":264704,"template":"","meta":[],"product_brand":[101370],"product_cat":[15,101371],"product_tag":[],"class_list":{"0":"post-269490","1":"product","2":"type-product","3":"status-publish","4":"has-post-thumbnail","6":"product_brand-masterled","7":"product_cat-uncategorized","8":"product_cat-masterled","9":"pa_color-blanco","12":"instock","13":"purchasable","14":"product-type-simple"},"yoast_head":"<!-- This site is optimized with the Yoast SEO plugin v26.6 - https:\/\/yoast.com\/wordpress\/plugins\/seo\/ -->\n<title>Timbre simple inal\u00e1mbrico autoalimentado - Ledsolintel<\/title>\n<meta name=\"robots\" content=\"index, follow, max-snippet:-1, max-image-preview:large, max-video-preview:-1\" \/>\n<link rel=\"canonical\" href=\"https:\/\/ledsolintel.com\/fr\/produit-2\/timbre-simple-inalambrico-autoalimentado\/\" \/>\n<meta property=\"og:locale\" content=\"fr_FR\" \/>\n<meta property=\"og:type\" content=\"article\" \/>\n<meta property=\"og:title\" content=\"Timbre simple inal\u00e1mbrico autoalimentado - Ledsolintel\" \/>\n<meta property=\"og:description\" content=\"Timbre\u00a0inal\u00e1mbrico de una tecla autoalimentado, con acabado en color blanco. El pulsador funciona sin cables ni pilas, lo que lo hace una opci\u00f3n ecol\u00f3gica y sin preocupaciones. Su instalaci\u00f3n es muy r\u00e1pida y sencilla, ya que se evita el cableado y las obras para su colocaci\u00f3n. En su interior tiene un mecanismo piezoel\u00e9ctrico que al &hellip; Continue reading Timbre simple inal\u00e1mbrico autoalimentado\" \/>\n<meta property=\"og:url\" content=\"https:\/\/ledsolintel.com\/fr\/produit-2\/timbre-simple-inalambrico-autoalimentado\/\" \/>\n<meta property=\"og:site_name\" content=\"Ledsolintel\" \/>\n<meta property=\"article:publisher\" content=\"http:\/\/www.facebook.com\/webmenaje\" \/>\n<meta property=\"article:modified_time\" content=\"2026-01-30T14:31:42+00:00\" \/>\n<meta property=\"og:image\" content=\"https:\/\/ledsolintel.com\/wp-content\/uploads\/2025\/11\/timbre-simple-inalambrico-autoalimentado.jpg\" \/>\n\t<meta property=\"og:image:width\" content=\"1400\" \/>\n\t<meta property=\"og:image:height\" content=\"1400\" \/>\n\t<meta property=\"og:image:type\" content=\"image\/png\" \/>\n<meta name=\"twitter:card\" content=\"summary_large_image\" \/>\n<meta name=\"twitter:site\" content=\"@webmenaje\" \/>\n<meta name=\"twitter:label1\" content=\"Dur\u00e9e de lecture estim\u00e9e\" \/>\n\t<meta name=\"twitter:data1\" content=\"2 minutes\" \/>\n<script type=\"application\/ld+json\" class=\"yoast-schema-graph\">{\"@context\":\"https:\/\/schema.org\",\"@graph\":[{\"@type\":\"WebPage\",\"@id\":\"https:\/\/ledsolintel.com\/product\/timbre-simple-inalambrico-autoalimentado\/\",\"url\":\"https:\/\/ledsolintel.com\/product\/timbre-simple-inalambrico-autoalimentado\/\",\"name\":\"Timbre simple inal\u00e1mbrico autoalimentado - Ledsolintel\",\"isPartOf\":{\"@id\":\"https:\/\/ledsolintel.com\/#website\"},\"primaryImageOfPage\":{\"@id\":\"https:\/\/ledsolintel.com\/product\/timbre-simple-inalambrico-autoalimentado\/#primaryimage\"},\"image\":{\"@id\":\"https:\/\/ledsolintel.com\/product\/timbre-simple-inalambrico-autoalimentado\/#primaryimage\"},\"thumbnailUrl\":\"https:\/\/ledsolintel.com\/wp-content\/uploads\/2025\/11\/timbre-simple-inalambrico-autoalimentado.jpg\",\"datePublished\":\"2025-11-11T16:16:15+00:00\",\"dateModified\":\"2026-01-30T14:31:42+00:00\",\"breadcrumb\":{\"@id\":\"https:\/\/ledsolintel.com\/product\/timbre-simple-inalambrico-autoalimentado\/#breadcrumb\"},\"inLanguage\":\"fr-FR\",\"potentialAction\":[{\"@type\":\"ReadAction\",\"target\":[\"https:\/\/ledsolintel.com\/product\/timbre-simple-inalambrico-autoalimentado\/\"]}]},{\"@type\":\"ImageObject\",\"inLanguage\":\"fr-FR\",\"@id\":\"https:\/\/ledsolintel.com\/product\/timbre-simple-inalambrico-autoalimentado\/#primaryimage\",\"url\":\"https:\/\/ledsolintel.com\/wp-content\/uploads\/2025\/11\/timbre-simple-inalambrico-autoalimentado.jpg\",\"contentUrl\":\"https:\/\/ledsolintel.com\/wp-content\/uploads\/2025\/11\/timbre-simple-inalambrico-autoalimentado.jpg\",\"width\":1400,\"height\":1400},{\"@type\":\"BreadcrumbList\",\"@id\":\"https:\/\/ledsolintel.com\/product\/timbre-simple-inalambrico-autoalimentado\/#breadcrumb\",\"itemListElement\":[{\"@type\":\"ListItem\",\"position\":1,\"name\":\"Portada\",\"item\":\"https:\/\/ledsolintel.com\/fr\/\"},{\"@type\":\"ListItem\",\"position\":2,\"name\":\"Tienda\",\"item\":\"https:\/\/ledsolintel.com\/tienda\/\"},{\"@type\":\"ListItem\",\"position\":3,\"name\":\"Timbre simple inal\u00e1mbrico autoalimentado\"}]},{\"@type\":\"WebSite\",\"@id\":\"https:\/\/ledsolintel.com\/#website\",\"url\":\"https:\/\/ledsolintel.com\/\",\"name\":\"Webmenaje\",\"description\":\"Tienda de bombillas y l\u00e1mparas LED para profesionales\",\"publisher\":{\"@id\":\"https:\/\/ledsolintel.com\/#organization\"},\"potentialAction\":[{\"@type\":\"SearchAction\",\"target\":{\"@type\":\"EntryPoint\",\"urlTemplate\":\"https:\/\/ledsolintel.com\/?s={search_term_string}\"},\"query-input\":{\"@type\":\"PropertyValueSpecification\",\"valueRequired\":true,\"valueName\":\"search_term_string\"}}],\"inLanguage\":\"fr-FR\"},{\"@type\":\"Organization\",\"@id\":\"https:\/\/ledsolintel.com\/#organization\",\"name\":\"Solintel Noroeste, S.L.\",\"url\":\"https:\/\/ledsolintel.com\/\",\"logo\":{\"@type\":\"ImageObject\",\"inLanguage\":\"fr-FR\",\"@id\":\"https:\/\/ledsolintel.com\/#\/schema\/logo\/image\/\",\"url\":\"https:\/\/ledsolintel.com\/wp-content\/uploads\/2024\/11\/webmenaje-logo-1508269066.jpg\",\"contentUrl\":\"https:\/\/ledsolintel.com\/wp-content\/uploads\/2024\/11\/webmenaje-logo-1508269066.jpg\",\"width\":370,\"height\":90,\"caption\":\"Solintel Noroeste, S.L.\"},\"image\":{\"@id\":\"https:\/\/ledsolintel.com\/#\/schema\/logo\/image\/\"},\"sameAs\":[\"http:\/\/www.facebook.com\/webmenaje\",\"https:\/\/x.com\/webmenaje\",\"https:\/\/www.youtube.com\/channel\/UCX2KoVoeCG4LocZjUc6LmSQ\",\"http:\/\/www.pinterest.com\/webmenaje\"]}]}<\/script>\n<!-- \/ Yoast SEO plugin. -->","yoast_head_json":{"title":"Timbre simple inal\u00e1mbrico autoalimentado - Ledsolintel","robots":{"index":"index","follow":"follow","max-snippet":"max-snippet:-1","max-image-preview":"max-image-preview:large","max-video-preview":"max-video-preview:-1"},"canonical":"https:\/\/ledsolintel.com\/fr\/produit-2\/timbre-simple-inalambrico-autoalimentado\/","og_locale":"fr_FR","og_type":"article","og_title":"Timbre simple inal\u00e1mbrico autoalimentado - Ledsolintel","og_description":"Timbre\u00a0inal\u00e1mbrico de una tecla autoalimentado, con acabado en color blanco. El pulsador funciona sin cables ni pilas, lo que lo hace una opci\u00f3n ecol\u00f3gica y sin preocupaciones. Su instalaci\u00f3n es muy r\u00e1pida y sencilla, ya que se evita el cableado y las obras para su colocaci\u00f3n. En su interior tiene un mecanismo piezoel\u00e9ctrico que al &hellip; Continue reading Timbre simple inal\u00e1mbrico autoalimentado","og_url":"https:\/\/ledsolintel.com\/fr\/produit-2\/timbre-simple-inalambrico-autoalimentado\/","og_site_name":"Ledsolintel","article_publisher":"http:\/\/www.facebook.com\/webmenaje","article_modified_time":"2026-01-30T14:31:42+00:00","og_image":[{"width":1400,"height":1400,"url":"https:\/\/ledsolintel.com\/wp-content\/uploads\/2025\/11\/timbre-simple-inalambrico-autoalimentado.jpg","type":"image\/png"}],"twitter_card":"summary_large_image","twitter_site":"@webmenaje","twitter_misc":{"Dur\u00e9e de lecture estim\u00e9e":"2 minutes"},"schema":{"@context":"https:\/\/schema.org","@graph":[{"@type":"WebPage","@id":"https:\/\/ledsolintel.com\/product\/timbre-simple-inalambrico-autoalimentado\/","url":"https:\/\/ledsolintel.com\/product\/timbre-simple-inalambrico-autoalimentado\/","name":"Timbre simple inal\u00e1mbrico autoalimentado - Ledsolintel","isPartOf":{"@id":"https:\/\/ledsolintel.com\/#website"},"primaryImageOfPage":{"@id":"https:\/\/ledsolintel.com\/product\/timbre-simple-inalambrico-autoalimentado\/#primaryimage"},"image":{"@id":"https:\/\/ledsolintel.com\/product\/timbre-simple-inalambrico-autoalimentado\/#primaryimage"},"thumbnailUrl":"https:\/\/ledsolintel.com\/wp-content\/uploads\/2025\/11\/timbre-simple-inalambrico-autoalimentado.jpg","datePublished":"2025-11-11T16:16:15+00:00","dateModified":"2026-01-30T14:31:42+00:00","breadcrumb":{"@id":"https:\/\/ledsolintel.com\/product\/timbre-simple-inalambrico-autoalimentado\/#breadcrumb"},"inLanguage":"fr-FR","potentialAction":[{"@type":"ReadAction","target":["https:\/\/ledsolintel.com\/product\/timbre-simple-inalambrico-autoalimentado\/"]}]},{"@type":"ImageObject","inLanguage":"fr-FR","@id":"https:\/\/ledsolintel.com\/product\/timbre-simple-inalambrico-autoalimentado\/#primaryimage","url":"https:\/\/ledsolintel.com\/wp-content\/uploads\/2025\/11\/timbre-simple-inalambrico-autoalimentado.jpg","contentUrl":"https:\/\/ledsolintel.com\/wp-content\/uploads\/2025\/11\/timbre-simple-inalambrico-autoalimentado.jpg","width":1400,"height":1400},{"@type":"BreadcrumbList","@id":"https:\/\/ledsolintel.com\/product\/timbre-simple-inalambrico-autoalimentado\/#breadcrumb","itemListElement":[{"@type":"ListItem","position":1,"name":"Portada","item":"https:\/\/ledsolintel.com\/fr\/"},{"@type":"ListItem","position":2,"name":"Tienda","item":"https:\/\/ledsolintel.com\/tienda\/"},{"@type":"ListItem","position":3,"name":"Timbre simple inal\u00e1mbrico autoalimentado"}]},{"@type":"WebSite","@id":"https:\/\/ledsolintel.com\/#website","url":"https:\/\/ledsolintel.com\/","name":"Webmenaje","description":"Magasin d'ampoules et de lampes LED pour les professionnels","publisher":{"@id":"https:\/\/ledsolintel.com\/#organization"},"potentialAction":[{"@type":"SearchAction","target":{"@type":"EntryPoint","urlTemplate":"https:\/\/ledsolintel.com\/?s={search_term_string}"},"query-input":{"@type":"PropertyValueSpecification","valueRequired":true,"valueName":"search_term_string"}}],"inLanguage":"fr-FR"},{"@type":"Organization","@id":"https:\/\/ledsolintel.com\/#organization","name":"Solintel Noroeste, S.L.","url":"https:\/\/ledsolintel.com\/","logo":{"@type":"ImageObject","inLanguage":"fr-FR","@id":"https:\/\/ledsolintel.com\/#\/schema\/logo\/image\/","url":"https:\/\/ledsolintel.com\/wp-content\/uploads\/2024\/11\/webmenaje-logo-1508269066.jpg","contentUrl":"https:\/\/ledsolintel.com\/wp-content\/uploads\/2024\/11\/webmenaje-logo-1508269066.jpg","width":370,"height":90,"caption":"Solintel Noroeste, S.L."},"image":{"@id":"https:\/\/ledsolintel.com\/#\/schema\/logo\/image\/"},"sameAs":["http:\/\/www.facebook.com\/webmenaje","https:\/\/x.com\/webmenaje","https:\/\/www.youtube.com\/channel\/UCX2KoVoeCG4LocZjUc6LmSQ","http:\/\/www.pinterest.com\/webmenaje"]}]}},"_links":{"self":[{"href":"https:\/\/ledsolintel.com\/fr\/wp-json\/wp\/v2\/product\/269490","targetHints":{"allow":["GET"]}}],"collection":[{"href":"https:\/\/ledsolintel.com\/fr\/wp-json\/wp\/v2\/product"}],"about":[{"href":"https:\/\/ledsolintel.com\/fr\/wp-json\/wp\/v2\/types\/product"}],"version-history":[{"count":1,"href":"https:\/\/ledsolintel.com\/fr\/wp-json\/wp\/v2\/product\/269490\/revisions"}],"predecessor-version":[{"id":269491,"href":"https:\/\/ledsolintel.com\/fr\/wp-json\/wp\/v2\/product\/269490\/revisions\/269491"}],"wp:featuredmedia":[{"embeddable":true,"href":"https:\/\/ledsolintel.com\/fr\/wp-json\/wp\/v2\/media\/264704"}],"wp:attachment":[{"href":"https:\/\/ledsolintel.com\/fr\/wp-json\/wp\/v2\/media?parent=269490"}],"wp:term":[{"taxonomy":"product_brand","embeddable":true,"href":"https:\/\/ledsolintel.com\/fr\/wp-json\/wp\/v2\/product_brand?post=269490"},{"taxonomy":"product_cat","embeddable":true,"href":"https:\/\/ledsolintel.com\/fr\/wp-json\/wp\/v2\/product_cat?post=269490"},{"taxonomy":"product_tag","embeddable":true,"href":"https:\/\/ledsolintel.com\/fr\/wp-json\/wp\/v2\/product_tag?post=269490"}],"curies":[{"name":"wp","href":"https:\/\/api.w.org\/{rel}","templated":true}]}}