{"id":269481,"date":"2025-11-11T17:16:09","date_gmt":"2025-11-11T16:16:09","guid":{"rendered":"https:\/\/nueva.ledsolintel.com\/product\/interruptor-de-pastilla-para-persianas-wifi\/"},"modified":"2026-04-07T10:18:49","modified_gmt":"2026-04-07T08:18:49","slug":"volet-roulant-wifi-interrupteur-de-tablette","status":"publish","type":"product","link":"https:\/\/ledsolintel.com\/fr\/produit-2\/volet-roulant-wifi-interrupteur-de-tablette\/","title":{"rendered":"Obturateur WiFi Interrupteur de la tablette"},"content":{"rendered":"<p>Variateur de lumi\u00e8re pour tablette Wifi + Bluetooth adapt\u00e9 aux stores et\/ou rideaux d'une puissance maximale de 600W. Id\u00e9al pour contr\u00f4ler l'ouverture\/fermeture dans n'importe quelle pi\u00e8ce (maisons, bars, restaurants, h\u00f4tels, magasins, etc).  Ce dispositif vous permet d'automatiser votre maison tout en conservant les interrupteurs existants. Ainsi, l'ouverture\/fermeture peut se faire de mani\u00e8re traditionnelle au moyen des interrupteurs ou depuis notre smartphone. Ce m\u00e9canisme est compatible avec les assistants virtuels, tels que Google Home ou Amazon Alexa.   Entr\u00e9e avec bornes \u00e0 vis, taille r\u00e9duite pour pouvoir l'installer dans une bo\u00eete murale standard.  Elle est con\u00e7ue en PVC et mesure 51 x 48 x 19 mm. Il prend en charge une tension d'entr\u00e9e de 100-240V et une fr\u00e9quence de fonctionnement de 50\/60 Hz.  Gr\u00e2ce \u00e0 son indice de protection IP20, il est id\u00e9al pour une installation \u00e0 l'int\u00e9rieur (protection contre les particules solides de plus de 12 mm et n'est pas \u00e9tanche).  Il est garanti 3 ans. Il poss\u00e8de \u00e9galement le certificat CE, qui atteste qu'il est conforme aux exigences de l'UE en mati\u00e8re de compatibilit\u00e9 \u00e9lectromagn\u00e9tique et de basse tension. Ce certificat d\u00e9clare la conformit\u00e9 du produit \u00e0 toutes les exigences l\u00e9gales et garantit la validit\u00e9 de la vente du produit dans l'Espace \u00e9conomique europ\u00e9en.  Comprend un manuel d'instructions.<\/p>","protected":false},"excerpt":{"rendered":"<p>Interruptor regulador de pastilla Wifi +\u00a0Bluetooth\u00a0apto para persianas y\/o cortinas\u00a0con una potencia m\u00e1xima de hasta 600W.\u00a0Ideal para controlar la\u00a0apertura\/cierre en cualquier estancia (hogares, bares, restaurantes, hoteles, tiendas, etc). Este dispositivo permite domotizar nuestro hogar conservando los interruptores ya existentes. De este modo,\u00a0la apertura\/cierre se puede hacer de la forma tradicional mediante los interruptores\u00a0o bien desde &hellip; <a href=\"https:\/\/ledsolintel.com\/fr\/produit-2\/volet-roulant-wifi-interrupteur-de-tablette\/\" class=\"more-link\">Continue reading <span class=\"screen-reader-text\">Obturateur WiFi Interrupteur de la tablette<\/span><\/a><\/p>","protected":false},"featured_media":264681,"template":"","meta":[],"product_brand":[101370],"product_cat":[101371,99617,15],"product_tag":[],"class_list":{"0":"post-269481","1":"product","2":"type-product","3":"status-publish","4":"has-post-thumbnail","6":"product_brand-masterled","7":"product_cat-masterled","8":"product_cat-material-electrico","9":"product_cat-uncategorized","10":"pa_interior-exterior-interior","13":"instock","14":"taxable","15":"shipping-taxable","16":"purchasable","17":"product-type-simple"},"yoast_head":"<!-- This site is optimized with the Yoast SEO plugin v27.4 - https:\/\/yoast.com\/product\/yoast-seo-wordpress\/ -->\n<title>Interruptor de pastilla para persianas WiFi - Ledsolintel<\/title>\n<meta name=\"robots\" content=\"index, follow, max-snippet:-1, max-image-preview:large, max-video-preview:-1\" \/>\n<link rel=\"canonical\" href=\"https:\/\/ledsolintel.com\/fr\/produit-2\/volet-roulant-wifi-interrupteur-de-tablette\/\" \/>\n<meta property=\"og:locale\" content=\"fr_FR\" \/>\n<meta property=\"og:type\" content=\"article\" \/>\n<meta property=\"og:title\" content=\"Interruptor de pastilla para persianas WiFi - Ledsolintel\" \/>\n<meta property=\"og:description\" content=\"Interruptor regulador de pastilla Wifi +\u00a0Bluetooth\u00a0apto para persianas y\/o cortinas\u00a0con una potencia m\u00e1xima de hasta 600W.\u00a0Ideal para controlar la\u00a0apertura\/cierre en cualquier estancia (hogares, bares, restaurantes, hoteles, tiendas, etc). Este dispositivo permite domotizar nuestro hogar conservando los interruptores ya existentes. De este modo,\u00a0la apertura\/cierre se puede hacer de la forma tradicional mediante los interruptores\u00a0o bien desde &hellip; Continue reading Interruptor de pastilla para persianas WiFi\" \/>\n<meta property=\"og:url\" content=\"https:\/\/ledsolintel.com\/fr\/produit-2\/volet-roulant-wifi-interrupteur-de-tablette\/\" \/>\n<meta property=\"og:site_name\" content=\"Ledsolintel\" \/>\n<meta property=\"article:publisher\" content=\"http:\/\/www.facebook.com\/webmenaje\" \/>\n<meta property=\"article:modified_time\" content=\"2026-04-07T08:18:49+00:00\" \/>\n<meta property=\"og:image\" content=\"https:\/\/ledsolintel.com\/wp-content\/uploads\/2025\/11\/interruptor-de-pastilla-para-persianas-wifi.jpg\" \/>\n\t<meta property=\"og:image:width\" content=\"783\" \/>\n\t<meta property=\"og:image:height\" content=\"840\" \/>\n\t<meta property=\"og:image:type\" content=\"image\/jpeg\" \/>\n<meta name=\"twitter:card\" content=\"summary_large_image\" \/>\n<meta name=\"twitter:site\" content=\"@webmenaje\" \/>\n<meta name=\"twitter:label1\" content=\"Dur\u00e9e de lecture estim\u00e9e\" \/>\n\t<meta name=\"twitter:data1\" content=\"1 minute\" \/>\n<script type=\"application\/ld+json\" class=\"yoast-schema-graph\">{\"@context\":\"https:\\\/\\\/schema.org\",\"@graph\":[{\"@type\":\"WebPage\",\"@id\":\"https:\\\/\\\/ledsolintel.com\\\/product\\\/interruptor-de-pastilla-para-persianas-wifi\\\/\",\"url\":\"https:\\\/\\\/ledsolintel.com\\\/product\\\/interruptor-de-pastilla-para-persianas-wifi\\\/\",\"name\":\"Interruptor de pastilla para persianas WiFi - Ledsolintel\",\"isPartOf\":{\"@id\":\"https:\\\/\\\/ledsolintel.com\\\/#website\"},\"primaryImageOfPage\":{\"@id\":\"https:\\\/\\\/ledsolintel.com\\\/product\\\/interruptor-de-pastilla-para-persianas-wifi\\\/#primaryimage\"},\"image\":{\"@id\":\"https:\\\/\\\/ledsolintel.com\\\/product\\\/interruptor-de-pastilla-para-persianas-wifi\\\/#primaryimage\"},\"thumbnailUrl\":\"https:\\\/\\\/ledsolintel.com\\\/wp-content\\\/uploads\\\/2025\\\/11\\\/interruptor-de-pastilla-para-persianas-wifi.jpg\",\"datePublished\":\"2025-11-11T16:16:09+00:00\",\"dateModified\":\"2026-04-07T08:18:49+00:00\",\"breadcrumb\":{\"@id\":\"https:\\\/\\\/ledsolintel.com\\\/product\\\/interruptor-de-pastilla-para-persianas-wifi\\\/#breadcrumb\"},\"inLanguage\":\"fr-FR\",\"potentialAction\":[{\"@type\":\"ReadAction\",\"target\":[\"https:\\\/\\\/ledsolintel.com\\\/product\\\/interruptor-de-pastilla-para-persianas-wifi\\\/\"]}]},{\"@type\":\"ImageObject\",\"inLanguage\":\"fr-FR\",\"@id\":\"https:\\\/\\\/ledsolintel.com\\\/product\\\/interruptor-de-pastilla-para-persianas-wifi\\\/#primaryimage\",\"url\":\"https:\\\/\\\/ledsolintel.com\\\/wp-content\\\/uploads\\\/2025\\\/11\\\/interruptor-de-pastilla-para-persianas-wifi.jpg\",\"contentUrl\":\"https:\\\/\\\/ledsolintel.com\\\/wp-content\\\/uploads\\\/2025\\\/11\\\/interruptor-de-pastilla-para-persianas-wifi.jpg\",\"width\":783,\"height\":840},{\"@type\":\"BreadcrumbList\",\"@id\":\"https:\\\/\\\/ledsolintel.com\\\/product\\\/interruptor-de-pastilla-para-persianas-wifi\\\/#breadcrumb\",\"itemListElement\":[{\"@type\":\"ListItem\",\"position\":1,\"name\":\"Portada\",\"item\":\"https:\\\/\\\/ledsolintel.com\\\/fr\\\/\"},{\"@type\":\"ListItem\",\"position\":2,\"name\":\"Tienda\",\"item\":\"https:\\\/\\\/ledsolintel.com\\\/tienda\\\/\"},{\"@type\":\"ListItem\",\"position\":3,\"name\":\"Interruptor de pastilla para persianas WiFi\"}]},{\"@type\":\"WebSite\",\"@id\":\"https:\\\/\\\/ledsolintel.com\\\/#website\",\"url\":\"https:\\\/\\\/ledsolintel.com\\\/\",\"name\":\"Webmenaje\",\"description\":\"Tienda de bombillas y l\u00e1mparas LED para profesionales\",\"publisher\":{\"@id\":\"https:\\\/\\\/ledsolintel.com\\\/#organization\"},\"potentialAction\":[{\"@type\":\"SearchAction\",\"target\":{\"@type\":\"EntryPoint\",\"urlTemplate\":\"https:\\\/\\\/ledsolintel.com\\\/?s={search_term_string}\"},\"query-input\":{\"@type\":\"PropertyValueSpecification\",\"valueRequired\":true,\"valueName\":\"search_term_string\"}}],\"inLanguage\":\"fr-FR\"},{\"@type\":\"Organization\",\"@id\":\"https:\\\/\\\/ledsolintel.com\\\/#organization\",\"name\":\"Solintel Noroeste, S.L.\",\"url\":\"https:\\\/\\\/ledsolintel.com\\\/\",\"logo\":{\"@type\":\"ImageObject\",\"inLanguage\":\"fr-FR\",\"@id\":\"https:\\\/\\\/ledsolintel.com\\\/#\\\/schema\\\/logo\\\/image\\\/\",\"url\":\"https:\\\/\\\/ledsolintel.com\\\/wp-content\\\/uploads\\\/2024\\\/11\\\/webmenaje-logo-1508269066.jpg\",\"contentUrl\":\"https:\\\/\\\/ledsolintel.com\\\/wp-content\\\/uploads\\\/2024\\\/11\\\/webmenaje-logo-1508269066.jpg\",\"width\":370,\"height\":90,\"caption\":\"Solintel Noroeste, S.L.\"},\"image\":{\"@id\":\"https:\\\/\\\/ledsolintel.com\\\/#\\\/schema\\\/logo\\\/image\\\/\"},\"sameAs\":[\"http:\\\/\\\/www.facebook.com\\\/webmenaje\",\"https:\\\/\\\/x.com\\\/webmenaje\",\"https:\\\/\\\/www.youtube.com\\\/channel\\\/UCX2KoVoeCG4LocZjUc6LmSQ\",\"http:\\\/\\\/www.pinterest.com\\\/webmenaje\"]}]}<\/script>\n<!-- \/ Yoast SEO plugin. -->","yoast_head_json":{"title":"Interrupteur de volet roulant WiFi - Ledsolintel","robots":{"index":"index","follow":"follow","max-snippet":"max-snippet:-1","max-image-preview":"max-image-preview:large","max-video-preview":"max-video-preview:-1"},"canonical":"https:\/\/ledsolintel.com\/fr\/produit-2\/volet-roulant-wifi-interrupteur-de-tablette\/","og_locale":"fr_FR","og_type":"article","og_title":"Interruptor de pastilla para persianas WiFi - Ledsolintel","og_description":"Interruptor regulador de pastilla Wifi +\u00a0Bluetooth\u00a0apto para persianas y\/o cortinas\u00a0con una potencia m\u00e1xima de hasta 600W.\u00a0Ideal para controlar la\u00a0apertura\/cierre en cualquier estancia (hogares, bares, restaurantes, hoteles, tiendas, etc). Este dispositivo permite domotizar nuestro hogar conservando los interruptores ya existentes. De este modo,\u00a0la apertura\/cierre se puede hacer de la forma tradicional mediante los interruptores\u00a0o bien desde &hellip; Continue reading Interruptor de pastilla para persianas WiFi","og_url":"https:\/\/ledsolintel.com\/fr\/produit-2\/volet-roulant-wifi-interrupteur-de-tablette\/","og_site_name":"Ledsolintel","article_publisher":"http:\/\/www.facebook.com\/webmenaje","article_modified_time":"2026-04-07T08:18:49+00:00","og_image":[{"width":783,"height":840,"url":"https:\/\/ledsolintel.com\/wp-content\/uploads\/2025\/11\/interruptor-de-pastilla-para-persianas-wifi.jpg","type":"image\/jpeg"}],"twitter_card":"summary_large_image","twitter_site":"@webmenaje","twitter_misc":{"Dur\u00e9e de lecture estim\u00e9e":"1 minute"},"schema":{"@context":"https:\/\/schema.org","@graph":[{"@type":"WebPage","@id":"https:\/\/ledsolintel.com\/product\/interruptor-de-pastilla-para-persianas-wifi\/","url":"https:\/\/ledsolintel.com\/product\/interruptor-de-pastilla-para-persianas-wifi\/","name":"Interrupteur de volet roulant WiFi - Ledsolintel","isPartOf":{"@id":"https:\/\/ledsolintel.com\/#website"},"primaryImageOfPage":{"@id":"https:\/\/ledsolintel.com\/product\/interruptor-de-pastilla-para-persianas-wifi\/#primaryimage"},"image":{"@id":"https:\/\/ledsolintel.com\/product\/interruptor-de-pastilla-para-persianas-wifi\/#primaryimage"},"thumbnailUrl":"https:\/\/ledsolintel.com\/wp-content\/uploads\/2025\/11\/interruptor-de-pastilla-para-persianas-wifi.jpg","datePublished":"2025-11-11T16:16:09+00:00","dateModified":"2026-04-07T08:18:49+00:00","breadcrumb":{"@id":"https:\/\/ledsolintel.com\/product\/interruptor-de-pastilla-para-persianas-wifi\/#breadcrumb"},"inLanguage":"fr-FR","potentialAction":[{"@type":"ReadAction","target":["https:\/\/ledsolintel.com\/product\/interruptor-de-pastilla-para-persianas-wifi\/"]}]},{"@type":"ImageObject","inLanguage":"fr-FR","@id":"https:\/\/ledsolintel.com\/product\/interruptor-de-pastilla-para-persianas-wifi\/#primaryimage","url":"https:\/\/ledsolintel.com\/wp-content\/uploads\/2025\/11\/interruptor-de-pastilla-para-persianas-wifi.jpg","contentUrl":"https:\/\/ledsolintel.com\/wp-content\/uploads\/2025\/11\/interruptor-de-pastilla-para-persianas-wifi.jpg","width":783,"height":840},{"@type":"BreadcrumbList","@id":"https:\/\/ledsolintel.com\/product\/interruptor-de-pastilla-para-persianas-wifi\/#breadcrumb","itemListElement":[{"@type":"ListItem","position":1,"name":"Portada","item":"https:\/\/ledsolintel.com\/fr\/"},{"@type":"ListItem","position":2,"name":"Tienda","item":"https:\/\/ledsolintel.com\/tienda\/"},{"@type":"ListItem","position":3,"name":"Interruptor de pastilla para persianas WiFi"}]},{"@type":"WebSite","@id":"https:\/\/ledsolintel.com\/#website","url":"https:\/\/ledsolintel.com\/","name":"Webmenaje","description":"Magasin d'ampoules et de lampes LED pour les professionnels","publisher":{"@id":"https:\/\/ledsolintel.com\/#organization"},"potentialAction":[{"@type":"SearchAction","target":{"@type":"EntryPoint","urlTemplate":"https:\/\/ledsolintel.com\/?s={search_term_string}"},"query-input":{"@type":"PropertyValueSpecification","valueRequired":true,"valueName":"search_term_string"}}],"inLanguage":"fr-FR"},{"@type":"Organization","@id":"https:\/\/ledsolintel.com\/#organization","name":"Solintel Noroeste, S.L.","url":"https:\/\/ledsolintel.com\/","logo":{"@type":"ImageObject","inLanguage":"fr-FR","@id":"https:\/\/ledsolintel.com\/#\/schema\/logo\/image\/","url":"https:\/\/ledsolintel.com\/wp-content\/uploads\/2024\/11\/webmenaje-logo-1508269066.jpg","contentUrl":"https:\/\/ledsolintel.com\/wp-content\/uploads\/2024\/11\/webmenaje-logo-1508269066.jpg","width":370,"height":90,"caption":"Solintel Noroeste, S.L."},"image":{"@id":"https:\/\/ledsolintel.com\/#\/schema\/logo\/image\/"},"sameAs":["http:\/\/www.facebook.com\/webmenaje","https:\/\/x.com\/webmenaje","https:\/\/www.youtube.com\/channel\/UCX2KoVoeCG4LocZjUc6LmSQ","http:\/\/www.pinterest.com\/webmenaje"]}]}},"_links":{"self":[{"href":"https:\/\/ledsolintel.com\/fr\/wp-json\/wp\/v2\/product\/269481","targetHints":{"allow":["GET"]}}],"collection":[{"href":"https:\/\/ledsolintel.com\/fr\/wp-json\/wp\/v2\/product"}],"about":[{"href":"https:\/\/ledsolintel.com\/fr\/wp-json\/wp\/v2\/types\/product"}],"version-history":[{"count":1,"href":"https:\/\/ledsolintel.com\/fr\/wp-json\/wp\/v2\/product\/269481\/revisions"}],"predecessor-version":[{"id":269482,"href":"https:\/\/ledsolintel.com\/fr\/wp-json\/wp\/v2\/product\/269481\/revisions\/269482"}],"wp:featuredmedia":[{"embeddable":true,"href":"https:\/\/ledsolintel.com\/fr\/wp-json\/wp\/v2\/media\/264681"}],"wp:attachment":[{"href":"https:\/\/ledsolintel.com\/fr\/wp-json\/wp\/v2\/media?parent=269481"}],"wp:term":[{"taxonomy":"product_brand","embeddable":true,"href":"https:\/\/ledsolintel.com\/fr\/wp-json\/wp\/v2\/product_brand?post=269481"},{"taxonomy":"product_cat","embeddable":true,"href":"https:\/\/ledsolintel.com\/fr\/wp-json\/wp\/v2\/product_cat?post=269481"},{"taxonomy":"product_tag","embeddable":true,"href":"https:\/\/ledsolintel.com\/fr\/wp-json\/wp\/v2\/product_tag?post=269481"}],"curies":[{"name":"wp","href":"https:\/\/api.w.org\/{rel}","templated":true}]}}