{"id":269478,"date":"2025-11-11T17:16:07","date_gmt":"2025-11-11T16:16:07","guid":{"rendered":"https:\/\/nueva.ledsolintel.com\/product\/interruptor-regulador-de-pastilla-wifi-100w\/"},"modified":"2026-04-07T10:18:49","modified_gmt":"2026-04-07T08:18:49","slug":"interruptor-regulador-de-pastilla-wifi-100w","status":"publish","type":"product","link":"https:\/\/ledsolintel.com\/fr\/produit-2\/interruptor-regulador-de-pastilla-wifi-100w\/","title":{"rendered":"Variateur de lumi\u00e8re WiFi 100W pour tablette WiFi"},"content":{"rendered":"<p>Interruptor regulador de pastilla Wifi +\u00a0Bluetooth\u00a0apto para luminarias LED con una potencia m\u00e1xima de hasta 100W.\u00a0Ideal para controlar la luminosidad en cualquier estancia y cualquier tipo de l\u00e1mpara\u00a0(bombillas, l\u00e1mparas dicroicas, downlight, paneles, etc).  Este dispositivo permite domotizar nuestro hogar conservando los interruptores ya existentes. De este modo, el encendido\/apagado de la iluminaci\u00f3n se puede hacer de la forma tradicional mediante los interruptores\u00a0y desde nuestro smartphone podemos adem\u00e1s regular la intensidad de luz.\u00a0Este mecanismo es compatible con asistentes virtuales, como por ejemplo Google Home o Amazon Alexa. S\u00f3lo se puede utilizar con luminarias\u00a0que admitan regulaci\u00f3n TRIAC. No compatible con interruptores pulsadores.  Entrada con terminales de tornillo, tama\u00f1o reducido para poder instalarlo\u00a0 en una caja de pared est\u00e1ndar.  Est\u00e1 dise\u00f1ado en PVC con las medidas de 51 x 48 x 19 mm. Soporta un voltaje de entrada de 100-240V y una frecuencia de servicio de 50\/60 Hz.  Debido a su grado de protecci\u00f3n IP20 es ideal para instalar en zonas interiores (protecci\u00f3n contra part\u00edculas s\u00f3lidas de tama\u00f1o superior a 12mm y no es resistente al agua).  Dispone de una garant\u00eda de 3 a\u00f1os. Cuenta tambi\u00e9n con el certificado CE, que acredita que se cumple con los requisitos de la UE respecto a compatibilidad electromagn\u00e9tica y normativa de baja tensi\u00f3n. Con este certificado se declara la conformidad de dicho producto con todos los requisitos legales exigidos, y asegura la validez del producto para ser vendido en todo el Espacio Econ\u00f3mico Europeo.  Incluye manual de instrucciones.<\/p>","protected":false},"excerpt":{"rendered":"<p>Interruptor regulador de pastilla Wifi +\u00a0Bluetooth\u00a0apto para luminarias LED con una potencia m\u00e1xima de hasta 100W.\u00a0Ideal para controlar la luminosidad en cualquier estancia y cualquier tipo de l\u00e1mpara\u00a0(bombillas, l\u00e1mparas dicroicas, downlight, paneles, etc). Este dispositivo permite domotizar nuestro hogar conservando los interruptores ya existentes. De este modo, el encendido\/apagado de la iluminaci\u00f3n se puede hacer &hellip; <a href=\"https:\/\/ledsolintel.com\/fr\/produit-2\/interruptor-regulador-de-pastilla-wifi-100w\/\" class=\"more-link\">Continue reading <span class=\"screen-reader-text\">Variateur de lumi\u00e8re WiFi 100W pour tablette WiFi<\/span><\/a><\/p>","protected":false},"featured_media":264675,"template":"","meta":[],"product_brand":[101370],"product_cat":[101371,99617,15],"product_tag":[],"class_list":{"0":"post-269478","1":"product","2":"type-product","3":"status-publish","4":"has-post-thumbnail","6":"product_brand-masterled","7":"product_cat-masterled","8":"product_cat-material-electrico","9":"product_cat-uncategorized","10":"pa_interior-exterior-interior","13":"instock","14":"taxable","15":"shipping-taxable","16":"purchasable","17":"product-type-simple"},"yoast_head":"<!-- This site is optimized with the Yoast SEO plugin v27.4 - https:\/\/yoast.com\/product\/yoast-seo-wordpress\/ -->\n<title>Interruptor regulador de pastilla WiFi 100W - Ledsolintel<\/title>\n<meta name=\"robots\" content=\"index, follow, max-snippet:-1, max-image-preview:large, max-video-preview:-1\" \/>\n<link rel=\"canonical\" href=\"https:\/\/ledsolintel.com\/fr\/produit-2\/interruptor-regulador-de-pastilla-wifi-100w\/\" \/>\n<meta property=\"og:locale\" content=\"fr_FR\" \/>\n<meta property=\"og:type\" content=\"article\" \/>\n<meta property=\"og:title\" content=\"Interruptor regulador de pastilla WiFi 100W - Ledsolintel\" \/>\n<meta property=\"og:description\" content=\"Interruptor regulador de pastilla Wifi +\u00a0Bluetooth\u00a0apto para luminarias LED con una potencia m\u00e1xima de hasta 100W.\u00a0Ideal para controlar la luminosidad en cualquier estancia y cualquier tipo de l\u00e1mpara\u00a0(bombillas, l\u00e1mparas dicroicas, downlight, paneles, etc). Este dispositivo permite domotizar nuestro hogar conservando los interruptores ya existentes. De este modo, el encendido\/apagado de la iluminaci\u00f3n se puede hacer &hellip; Continue reading Interruptor regulador de pastilla WiFi 100W\" \/>\n<meta property=\"og:url\" content=\"https:\/\/ledsolintel.com\/fr\/produit-2\/interruptor-regulador-de-pastilla-wifi-100w\/\" \/>\n<meta property=\"og:site_name\" content=\"Ledsolintel\" \/>\n<meta property=\"article:publisher\" content=\"http:\/\/www.facebook.com\/webmenaje\" \/>\n<meta property=\"article:modified_time\" content=\"2026-04-07T08:18:49+00:00\" \/>\n<meta property=\"og:image\" content=\"https:\/\/ledsolintel.com\/wp-content\/uploads\/2025\/11\/interruptor-regulador-de-pastilla-wifi-100w.jpg\" \/>\n\t<meta property=\"og:image:width\" content=\"1824\" \/>\n\t<meta property=\"og:image:height\" content=\"1605\" \/>\n\t<meta property=\"og:image:type\" content=\"image\/jpeg\" \/>\n<meta name=\"twitter:card\" content=\"summary_large_image\" \/>\n<meta name=\"twitter:site\" content=\"@webmenaje\" \/>\n<meta name=\"twitter:label1\" content=\"Dur\u00e9e de lecture estim\u00e9e\" \/>\n\t<meta name=\"twitter:data1\" content=\"1 minute\" \/>\n<script type=\"application\/ld+json\" class=\"yoast-schema-graph\">{\"@context\":\"https:\\\/\\\/schema.org\",\"@graph\":[{\"@type\":\"WebPage\",\"@id\":\"https:\\\/\\\/ledsolintel.com\\\/product\\\/interruptor-regulador-de-pastilla-wifi-100w\\\/\",\"url\":\"https:\\\/\\\/ledsolintel.com\\\/product\\\/interruptor-regulador-de-pastilla-wifi-100w\\\/\",\"name\":\"Interruptor regulador de pastilla WiFi 100W - Ledsolintel\",\"isPartOf\":{\"@id\":\"https:\\\/\\\/ledsolintel.com\\\/#website\"},\"primaryImageOfPage\":{\"@id\":\"https:\\\/\\\/ledsolintel.com\\\/product\\\/interruptor-regulador-de-pastilla-wifi-100w\\\/#primaryimage\"},\"image\":{\"@id\":\"https:\\\/\\\/ledsolintel.com\\\/product\\\/interruptor-regulador-de-pastilla-wifi-100w\\\/#primaryimage\"},\"thumbnailUrl\":\"https:\\\/\\\/ledsolintel.com\\\/wp-content\\\/uploads\\\/2025\\\/11\\\/interruptor-regulador-de-pastilla-wifi-100w.jpg\",\"datePublished\":\"2025-11-11T16:16:07+00:00\",\"dateModified\":\"2026-04-07T08:18:49+00:00\",\"breadcrumb\":{\"@id\":\"https:\\\/\\\/ledsolintel.com\\\/product\\\/interruptor-regulador-de-pastilla-wifi-100w\\\/#breadcrumb\"},\"inLanguage\":\"fr-FR\",\"potentialAction\":[{\"@type\":\"ReadAction\",\"target\":[\"https:\\\/\\\/ledsolintel.com\\\/product\\\/interruptor-regulador-de-pastilla-wifi-100w\\\/\"]}]},{\"@type\":\"ImageObject\",\"inLanguage\":\"fr-FR\",\"@id\":\"https:\\\/\\\/ledsolintel.com\\\/product\\\/interruptor-regulador-de-pastilla-wifi-100w\\\/#primaryimage\",\"url\":\"https:\\\/\\\/ledsolintel.com\\\/wp-content\\\/uploads\\\/2025\\\/11\\\/interruptor-regulador-de-pastilla-wifi-100w.jpg\",\"contentUrl\":\"https:\\\/\\\/ledsolintel.com\\\/wp-content\\\/uploads\\\/2025\\\/11\\\/interruptor-regulador-de-pastilla-wifi-100w.jpg\",\"width\":1824,\"height\":1605},{\"@type\":\"BreadcrumbList\",\"@id\":\"https:\\\/\\\/ledsolintel.com\\\/product\\\/interruptor-regulador-de-pastilla-wifi-100w\\\/#breadcrumb\",\"itemListElement\":[{\"@type\":\"ListItem\",\"position\":1,\"name\":\"Portada\",\"item\":\"https:\\\/\\\/ledsolintel.com\\\/fr\\\/\"},{\"@type\":\"ListItem\",\"position\":2,\"name\":\"Tienda\",\"item\":\"https:\\\/\\\/ledsolintel.com\\\/tienda\\\/\"},{\"@type\":\"ListItem\",\"position\":3,\"name\":\"Interruptor regulador de pastilla WiFi 100W\"}]},{\"@type\":\"WebSite\",\"@id\":\"https:\\\/\\\/ledsolintel.com\\\/#website\",\"url\":\"https:\\\/\\\/ledsolintel.com\\\/\",\"name\":\"Webmenaje\",\"description\":\"Tienda de bombillas y l\u00e1mparas LED para profesionales\",\"publisher\":{\"@id\":\"https:\\\/\\\/ledsolintel.com\\\/#organization\"},\"potentialAction\":[{\"@type\":\"SearchAction\",\"target\":{\"@type\":\"EntryPoint\",\"urlTemplate\":\"https:\\\/\\\/ledsolintel.com\\\/?s={search_term_string}\"},\"query-input\":{\"@type\":\"PropertyValueSpecification\",\"valueRequired\":true,\"valueName\":\"search_term_string\"}}],\"inLanguage\":\"fr-FR\"},{\"@type\":\"Organization\",\"@id\":\"https:\\\/\\\/ledsolintel.com\\\/#organization\",\"name\":\"Solintel Noroeste, S.L.\",\"url\":\"https:\\\/\\\/ledsolintel.com\\\/\",\"logo\":{\"@type\":\"ImageObject\",\"inLanguage\":\"fr-FR\",\"@id\":\"https:\\\/\\\/ledsolintel.com\\\/#\\\/schema\\\/logo\\\/image\\\/\",\"url\":\"https:\\\/\\\/ledsolintel.com\\\/wp-content\\\/uploads\\\/2024\\\/11\\\/webmenaje-logo-1508269066.jpg\",\"contentUrl\":\"https:\\\/\\\/ledsolintel.com\\\/wp-content\\\/uploads\\\/2024\\\/11\\\/webmenaje-logo-1508269066.jpg\",\"width\":370,\"height\":90,\"caption\":\"Solintel Noroeste, S.L.\"},\"image\":{\"@id\":\"https:\\\/\\\/ledsolintel.com\\\/#\\\/schema\\\/logo\\\/image\\\/\"},\"sameAs\":[\"http:\\\/\\\/www.facebook.com\\\/webmenaje\",\"https:\\\/\\\/x.com\\\/webmenaje\",\"https:\\\/\\\/www.youtube.com\\\/channel\\\/UCX2KoVoeCG4LocZjUc6LmSQ\",\"http:\\\/\\\/www.pinterest.com\\\/webmenaje\"]}]}<\/script>\n<!-- \/ Yoast SEO plugin. -->","yoast_head_json":{"title":"Interruptor regulador de pastilla WiFi 100W - Ledsolintel","robots":{"index":"index","follow":"follow","max-snippet":"max-snippet:-1","max-image-preview":"max-image-preview:large","max-video-preview":"max-video-preview:-1"},"canonical":"https:\/\/ledsolintel.com\/fr\/produit-2\/interruptor-regulador-de-pastilla-wifi-100w\/","og_locale":"fr_FR","og_type":"article","og_title":"Interruptor regulador de pastilla WiFi 100W - Ledsolintel","og_description":"Interruptor regulador de pastilla Wifi +\u00a0Bluetooth\u00a0apto para luminarias LED con una potencia m\u00e1xima de hasta 100W.\u00a0Ideal para controlar la luminosidad en cualquier estancia y cualquier tipo de l\u00e1mpara\u00a0(bombillas, l\u00e1mparas dicroicas, downlight, paneles, etc). Este dispositivo permite domotizar nuestro hogar conservando los interruptores ya existentes. De este modo, el encendido\/apagado de la iluminaci\u00f3n se puede hacer &hellip; Continue reading Interruptor regulador de pastilla WiFi 100W","og_url":"https:\/\/ledsolintel.com\/fr\/produit-2\/interruptor-regulador-de-pastilla-wifi-100w\/","og_site_name":"Ledsolintel","article_publisher":"http:\/\/www.facebook.com\/webmenaje","article_modified_time":"2026-04-07T08:18:49+00:00","og_image":[{"width":1824,"height":1605,"url":"https:\/\/ledsolintel.com\/wp-content\/uploads\/2025\/11\/interruptor-regulador-de-pastilla-wifi-100w.jpg","type":"image\/jpeg"}],"twitter_card":"summary_large_image","twitter_site":"@webmenaje","twitter_misc":{"Dur\u00e9e de lecture estim\u00e9e":"1 minute"},"schema":{"@context":"https:\/\/schema.org","@graph":[{"@type":"WebPage","@id":"https:\/\/ledsolintel.com\/product\/interruptor-regulador-de-pastilla-wifi-100w\/","url":"https:\/\/ledsolintel.com\/product\/interruptor-regulador-de-pastilla-wifi-100w\/","name":"Interruptor regulador de pastilla WiFi 100W - Ledsolintel","isPartOf":{"@id":"https:\/\/ledsolintel.com\/#website"},"primaryImageOfPage":{"@id":"https:\/\/ledsolintel.com\/product\/interruptor-regulador-de-pastilla-wifi-100w\/#primaryimage"},"image":{"@id":"https:\/\/ledsolintel.com\/product\/interruptor-regulador-de-pastilla-wifi-100w\/#primaryimage"},"thumbnailUrl":"https:\/\/ledsolintel.com\/wp-content\/uploads\/2025\/11\/interruptor-regulador-de-pastilla-wifi-100w.jpg","datePublished":"2025-11-11T16:16:07+00:00","dateModified":"2026-04-07T08:18:49+00:00","breadcrumb":{"@id":"https:\/\/ledsolintel.com\/product\/interruptor-regulador-de-pastilla-wifi-100w\/#breadcrumb"},"inLanguage":"fr-FR","potentialAction":[{"@type":"ReadAction","target":["https:\/\/ledsolintel.com\/product\/interruptor-regulador-de-pastilla-wifi-100w\/"]}]},{"@type":"ImageObject","inLanguage":"fr-FR","@id":"https:\/\/ledsolintel.com\/product\/interruptor-regulador-de-pastilla-wifi-100w\/#primaryimage","url":"https:\/\/ledsolintel.com\/wp-content\/uploads\/2025\/11\/interruptor-regulador-de-pastilla-wifi-100w.jpg","contentUrl":"https:\/\/ledsolintel.com\/wp-content\/uploads\/2025\/11\/interruptor-regulador-de-pastilla-wifi-100w.jpg","width":1824,"height":1605},{"@type":"BreadcrumbList","@id":"https:\/\/ledsolintel.com\/product\/interruptor-regulador-de-pastilla-wifi-100w\/#breadcrumb","itemListElement":[{"@type":"ListItem","position":1,"name":"Portada","item":"https:\/\/ledsolintel.com\/fr\/"},{"@type":"ListItem","position":2,"name":"Tienda","item":"https:\/\/ledsolintel.com\/tienda\/"},{"@type":"ListItem","position":3,"name":"Interruptor regulador de pastilla WiFi 100W"}]},{"@type":"WebSite","@id":"https:\/\/ledsolintel.com\/#website","url":"https:\/\/ledsolintel.com\/","name":"Webmenaje","description":"Magasin d'ampoules et de lampes LED pour les professionnels","publisher":{"@id":"https:\/\/ledsolintel.com\/#organization"},"potentialAction":[{"@type":"SearchAction","target":{"@type":"EntryPoint","urlTemplate":"https:\/\/ledsolintel.com\/?s={search_term_string}"},"query-input":{"@type":"PropertyValueSpecification","valueRequired":true,"valueName":"search_term_string"}}],"inLanguage":"fr-FR"},{"@type":"Organization","@id":"https:\/\/ledsolintel.com\/#organization","name":"Solintel Noroeste, S.L.","url":"https:\/\/ledsolintel.com\/","logo":{"@type":"ImageObject","inLanguage":"fr-FR","@id":"https:\/\/ledsolintel.com\/#\/schema\/logo\/image\/","url":"https:\/\/ledsolintel.com\/wp-content\/uploads\/2024\/11\/webmenaje-logo-1508269066.jpg","contentUrl":"https:\/\/ledsolintel.com\/wp-content\/uploads\/2024\/11\/webmenaje-logo-1508269066.jpg","width":370,"height":90,"caption":"Solintel Noroeste, S.L."},"image":{"@id":"https:\/\/ledsolintel.com\/#\/schema\/logo\/image\/"},"sameAs":["http:\/\/www.facebook.com\/webmenaje","https:\/\/x.com\/webmenaje","https:\/\/www.youtube.com\/channel\/UCX2KoVoeCG4LocZjUc6LmSQ","http:\/\/www.pinterest.com\/webmenaje"]}]}},"_links":{"self":[{"href":"https:\/\/ledsolintel.com\/fr\/wp-json\/wp\/v2\/product\/269478","targetHints":{"allow":["GET"]}}],"collection":[{"href":"https:\/\/ledsolintel.com\/fr\/wp-json\/wp\/v2\/product"}],"about":[{"href":"https:\/\/ledsolintel.com\/fr\/wp-json\/wp\/v2\/types\/product"}],"version-history":[{"count":1,"href":"https:\/\/ledsolintel.com\/fr\/wp-json\/wp\/v2\/product\/269478\/revisions"}],"predecessor-version":[{"id":269479,"href":"https:\/\/ledsolintel.com\/fr\/wp-json\/wp\/v2\/product\/269478\/revisions\/269479"}],"wp:featuredmedia":[{"embeddable":true,"href":"https:\/\/ledsolintel.com\/fr\/wp-json\/wp\/v2\/media\/264675"}],"wp:attachment":[{"href":"https:\/\/ledsolintel.com\/fr\/wp-json\/wp\/v2\/media?parent=269478"}],"wp:term":[{"taxonomy":"product_brand","embeddable":true,"href":"https:\/\/ledsolintel.com\/fr\/wp-json\/wp\/v2\/product_brand?post=269478"},{"taxonomy":"product_cat","embeddable":true,"href":"https:\/\/ledsolintel.com\/fr\/wp-json\/wp\/v2\/product_cat?post=269478"},{"taxonomy":"product_tag","embeddable":true,"href":"https:\/\/ledsolintel.com\/fr\/wp-json\/wp\/v2\/product_tag?post=269478"}],"curies":[{"name":"wp","href":"https:\/\/api.w.org\/{rel}","templated":true}]}}