{"id":269474,"date":"2025-11-11T17:16:01","date_gmt":"2025-11-11T16:16:01","guid":{"rendered":"https:\/\/nueva.ledsolintel.com\/product\/baliza-led-1w-serie-cristal\/"},"modified":"2026-04-07T10:18:49","modified_gmt":"2026-04-07T08:18:49","slug":"baliza-led-1w-serie-cristal","status":"publish","type":"product","link":"https:\/\/ledsolintel.com\/fr\/produit-2\/baliza-led-1w-serie-cristal\/","title":{"rendered":"Feu LED 1W s\u00e9rie cristal"},"content":{"rendered":"<p>Balise LED pour bo\u00eetes de d\u00e9rivation d'une puissance de 1W, disponible en lumi\u00e8re chaude (3000-3500K) et d'un flux lumineux de 120 lumens. Ce dispositif est id\u00e9al pour le balisage des escaliers, des couloirs, des halls, des corridors, etc. Il peut \u00e9galement \u00eatre utilis\u00e9 comme \u00e9clairage d'appoint dans les maisons, les bars, les restaurants, les cin\u00e9mas, etc.  Il est con\u00e7u en PC avec des dimensions de 50 x 50 x 30 mm. Il accepte une tension d'entr\u00e9e de 100-240V et une fr\u00e9quence de fonctionnement de 50\/60 Hz.  Gr\u00e2ce \u00e0 son degr\u00e9 de protection IP20, il est id\u00e9al pour une installation \u00e0 l'int\u00e9rieur (protection contre les particules solides de plus de 12 mm et il n'est pas \u00e9tanche).  Il est garanti 3 ans. Il poss\u00e8de \u00e9galement le certificat CE, qui atteste qu'il est conforme aux exigences de l'UE en mati\u00e8re de compatibilit\u00e9 \u00e9lectromagn\u00e9tique et de basse tension. Ce certificat d\u00e9clare la conformit\u00e9 du produit \u00e0 toutes les exigences l\u00e9gales et garantit la validit\u00e9 de la vente du produit dans l'Espace \u00e9conomique europ\u00e9en.  Comprend des vis pour l'installation. Cadre non inclus.  NOTE : Ce m\u00e9canisme ne peut \u00eatre install\u00e9 que sur les cadres de la s\u00e9rie crystal. Il n'est pas compatible avec les cadres de la s\u00e9rie pc. Convient aux bo\u00eetes \u00e0 m\u00e9canisme universelles. Les cadres compatibles sont indiqu\u00e9s dans la section \u201cAccessoires et connexes\u201d.<\/p>","protected":false},"excerpt":{"rendered":"<p>Baliza LED para caja de mecanismos con 1W de potencia, disponible en luz c\u00e1lida (3000-3500K) y un flujo luminoso de 120 l\u00famenes. Este dispositivo es ideal para la se\u00f1alizaci\u00f3n de escaleras, pasillos, corredores, etc. Tambi\u00e9n se puede utilizar como luz de apoyo en hogares, bares, restaurantes, cines, etc. Est\u00e1 dise\u00f1ado en PC con las medidas &hellip; <a href=\"https:\/\/ledsolintel.com\/fr\/produit-2\/baliza-led-1w-serie-cristal\/\" class=\"more-link\">Continue reading <span class=\"screen-reader-text\">Feu LED 1W s\u00e9rie cristal<\/span><\/a><\/p>","protected":false},"featured_media":264665,"template":"","meta":[],"product_brand":[101370],"product_cat":[101371,15],"product_tag":[],"class_list":{"0":"post-269474","1":"product","2":"type-product","3":"status-publish","4":"has-post-thumbnail","6":"product_brand-masterled","7":"product_cat-masterled","8":"product_cat-uncategorized","9":"pa_color-blanco","10":"pa_color-negro","13":"instock","14":"taxable","15":"shipping-taxable","16":"purchasable","17":"product-type-variable","18":"has-default-attributes"},"yoast_head":"<!-- This site is optimized with the Yoast SEO plugin v26.6 - https:\/\/yoast.com\/wordpress\/plugins\/seo\/ -->\n<title>Baliza LED 1W serie cristal - Ledsolintel<\/title>\n<meta name=\"robots\" content=\"index, follow, max-snippet:-1, max-image-preview:large, max-video-preview:-1\" \/>\n<link rel=\"canonical\" href=\"https:\/\/ledsolintel.com\/fr\/produit-2\/baliza-led-1w-serie-cristal\/\" \/>\n<meta property=\"og:locale\" content=\"fr_FR\" \/>\n<meta property=\"og:type\" content=\"article\" \/>\n<meta property=\"og:title\" content=\"Baliza LED 1W serie cristal - Ledsolintel\" \/>\n<meta property=\"og:description\" content=\"Baliza LED para caja de mecanismos con 1W de potencia, disponible en luz c\u00e1lida (3000-3500K) y un flujo luminoso de 120 l\u00famenes. Este dispositivo es ideal para la se\u00f1alizaci\u00f3n de escaleras, pasillos, corredores, etc. Tambi\u00e9n se puede utilizar como luz de apoyo en hogares, bares, restaurantes, cines, etc. Est\u00e1 dise\u00f1ado en PC con las medidas &hellip; Continue reading Baliza LED 1W serie cristal\" \/>\n<meta property=\"og:url\" content=\"https:\/\/ledsolintel.com\/fr\/produit-2\/baliza-led-1w-serie-cristal\/\" \/>\n<meta property=\"og:site_name\" content=\"Ledsolintel\" \/>\n<meta property=\"article:publisher\" content=\"http:\/\/www.facebook.com\/webmenaje\" \/>\n<meta property=\"article:modified_time\" content=\"2026-04-07T08:18:49+00:00\" \/>\n<meta property=\"og:image\" content=\"https:\/\/ledsolintel.com\/wp-content\/uploads\/2025\/11\/baliza-led-1w-serie-cristal.jpg\" \/>\n\t<meta property=\"og:image:width\" content=\"1300\" \/>\n\t<meta property=\"og:image:height\" content=\"1300\" \/>\n\t<meta property=\"og:image:type\" content=\"image\/jpeg\" \/>\n<meta name=\"twitter:card\" content=\"summary_large_image\" \/>\n<meta name=\"twitter:site\" content=\"@webmenaje\" \/>\n<meta name=\"twitter:label1\" content=\"Dur\u00e9e de lecture estim\u00e9e\" \/>\n\t<meta name=\"twitter:data1\" content=\"1 minute\" \/>\n<script type=\"application\/ld+json\" class=\"yoast-schema-graph\">{\"@context\":\"https:\/\/schema.org\",\"@graph\":[{\"@type\":\"WebPage\",\"@id\":\"https:\/\/ledsolintel.com\/product\/baliza-led-1w-serie-cristal\/\",\"url\":\"https:\/\/ledsolintel.com\/product\/baliza-led-1w-serie-cristal\/\",\"name\":\"Baliza LED 1W serie cristal - Ledsolintel\",\"isPartOf\":{\"@id\":\"https:\/\/ledsolintel.com\/#website\"},\"primaryImageOfPage\":{\"@id\":\"https:\/\/ledsolintel.com\/product\/baliza-led-1w-serie-cristal\/#primaryimage\"},\"image\":{\"@id\":\"https:\/\/ledsolintel.com\/product\/baliza-led-1w-serie-cristal\/#primaryimage\"},\"thumbnailUrl\":\"https:\/\/ledsolintel.com\/wp-content\/uploads\/2025\/11\/baliza-led-1w-serie-cristal.jpg\",\"datePublished\":\"2025-11-11T16:16:01+00:00\",\"dateModified\":\"2026-04-07T08:18:49+00:00\",\"breadcrumb\":{\"@id\":\"https:\/\/ledsolintel.com\/product\/baliza-led-1w-serie-cristal\/#breadcrumb\"},\"inLanguage\":\"fr-FR\",\"potentialAction\":[{\"@type\":\"ReadAction\",\"target\":[\"https:\/\/ledsolintel.com\/product\/baliza-led-1w-serie-cristal\/\"]}]},{\"@type\":\"ImageObject\",\"inLanguage\":\"fr-FR\",\"@id\":\"https:\/\/ledsolintel.com\/product\/baliza-led-1w-serie-cristal\/#primaryimage\",\"url\":\"https:\/\/ledsolintel.com\/wp-content\/uploads\/2025\/11\/baliza-led-1w-serie-cristal.jpg\",\"contentUrl\":\"https:\/\/ledsolintel.com\/wp-content\/uploads\/2025\/11\/baliza-led-1w-serie-cristal.jpg\",\"width\":1300,\"height\":1300},{\"@type\":\"BreadcrumbList\",\"@id\":\"https:\/\/ledsolintel.com\/product\/baliza-led-1w-serie-cristal\/#breadcrumb\",\"itemListElement\":[{\"@type\":\"ListItem\",\"position\":1,\"name\":\"Portada\",\"item\":\"https:\/\/ledsolintel.com\/fr\/\"},{\"@type\":\"ListItem\",\"position\":2,\"name\":\"Tienda\",\"item\":\"https:\/\/ledsolintel.com\/tienda\/\"},{\"@type\":\"ListItem\",\"position\":3,\"name\":\"Baliza LED 1W serie cristal\"}]},{\"@type\":\"WebSite\",\"@id\":\"https:\/\/ledsolintel.com\/#website\",\"url\":\"https:\/\/ledsolintel.com\/\",\"name\":\"Webmenaje\",\"description\":\"Tienda de bombillas y l\u00e1mparas LED para profesionales\",\"publisher\":{\"@id\":\"https:\/\/ledsolintel.com\/#organization\"},\"potentialAction\":[{\"@type\":\"SearchAction\",\"target\":{\"@type\":\"EntryPoint\",\"urlTemplate\":\"https:\/\/ledsolintel.com\/?s={search_term_string}\"},\"query-input\":{\"@type\":\"PropertyValueSpecification\",\"valueRequired\":true,\"valueName\":\"search_term_string\"}}],\"inLanguage\":\"fr-FR\"},{\"@type\":\"Organization\",\"@id\":\"https:\/\/ledsolintel.com\/#organization\",\"name\":\"Solintel Noroeste, S.L.\",\"url\":\"https:\/\/ledsolintel.com\/\",\"logo\":{\"@type\":\"ImageObject\",\"inLanguage\":\"fr-FR\",\"@id\":\"https:\/\/ledsolintel.com\/#\/schema\/logo\/image\/\",\"url\":\"https:\/\/ledsolintel.com\/wp-content\/uploads\/2024\/11\/webmenaje-logo-1508269066.jpg\",\"contentUrl\":\"https:\/\/ledsolintel.com\/wp-content\/uploads\/2024\/11\/webmenaje-logo-1508269066.jpg\",\"width\":370,\"height\":90,\"caption\":\"Solintel Noroeste, S.L.\"},\"image\":{\"@id\":\"https:\/\/ledsolintel.com\/#\/schema\/logo\/image\/\"},\"sameAs\":[\"http:\/\/www.facebook.com\/webmenaje\",\"https:\/\/x.com\/webmenaje\",\"https:\/\/www.youtube.com\/channel\/UCX2KoVoeCG4LocZjUc6LmSQ\",\"http:\/\/www.pinterest.com\/webmenaje\"]}]}<\/script>\n<!-- \/ Yoast SEO plugin. -->","yoast_head_json":{"title":"Baliza LED 1W serie cristal - Ledsolintel","robots":{"index":"index","follow":"follow","max-snippet":"max-snippet:-1","max-image-preview":"max-image-preview:large","max-video-preview":"max-video-preview:-1"},"canonical":"https:\/\/ledsolintel.com\/fr\/produit-2\/baliza-led-1w-serie-cristal\/","og_locale":"fr_FR","og_type":"article","og_title":"Baliza LED 1W serie cristal - Ledsolintel","og_description":"Baliza LED para caja de mecanismos con 1W de potencia, disponible en luz c\u00e1lida (3000-3500K) y un flujo luminoso de 120 l\u00famenes. Este dispositivo es ideal para la se\u00f1alizaci\u00f3n de escaleras, pasillos, corredores, etc. Tambi\u00e9n se puede utilizar como luz de apoyo en hogares, bares, restaurantes, cines, etc. Est\u00e1 dise\u00f1ado en PC con las medidas &hellip; Continue reading Baliza LED 1W serie cristal","og_url":"https:\/\/ledsolintel.com\/fr\/produit-2\/baliza-led-1w-serie-cristal\/","og_site_name":"Ledsolintel","article_publisher":"http:\/\/www.facebook.com\/webmenaje","article_modified_time":"2026-04-07T08:18:49+00:00","og_image":[{"width":1300,"height":1300,"url":"https:\/\/ledsolintel.com\/wp-content\/uploads\/2025\/11\/baliza-led-1w-serie-cristal.jpg","type":"image\/jpeg"}],"twitter_card":"summary_large_image","twitter_site":"@webmenaje","twitter_misc":{"Dur\u00e9e de lecture estim\u00e9e":"1 minute"},"schema":{"@context":"https:\/\/schema.org","@graph":[{"@type":"WebPage","@id":"https:\/\/ledsolintel.com\/product\/baliza-led-1w-serie-cristal\/","url":"https:\/\/ledsolintel.com\/product\/baliza-led-1w-serie-cristal\/","name":"Baliza LED 1W serie cristal - Ledsolintel","isPartOf":{"@id":"https:\/\/ledsolintel.com\/#website"},"primaryImageOfPage":{"@id":"https:\/\/ledsolintel.com\/product\/baliza-led-1w-serie-cristal\/#primaryimage"},"image":{"@id":"https:\/\/ledsolintel.com\/product\/baliza-led-1w-serie-cristal\/#primaryimage"},"thumbnailUrl":"https:\/\/ledsolintel.com\/wp-content\/uploads\/2025\/11\/baliza-led-1w-serie-cristal.jpg","datePublished":"2025-11-11T16:16:01+00:00","dateModified":"2026-04-07T08:18:49+00:00","breadcrumb":{"@id":"https:\/\/ledsolintel.com\/product\/baliza-led-1w-serie-cristal\/#breadcrumb"},"inLanguage":"fr-FR","potentialAction":[{"@type":"ReadAction","target":["https:\/\/ledsolintel.com\/product\/baliza-led-1w-serie-cristal\/"]}]},{"@type":"ImageObject","inLanguage":"fr-FR","@id":"https:\/\/ledsolintel.com\/product\/baliza-led-1w-serie-cristal\/#primaryimage","url":"https:\/\/ledsolintel.com\/wp-content\/uploads\/2025\/11\/baliza-led-1w-serie-cristal.jpg","contentUrl":"https:\/\/ledsolintel.com\/wp-content\/uploads\/2025\/11\/baliza-led-1w-serie-cristal.jpg","width":1300,"height":1300},{"@type":"BreadcrumbList","@id":"https:\/\/ledsolintel.com\/product\/baliza-led-1w-serie-cristal\/#breadcrumb","itemListElement":[{"@type":"ListItem","position":1,"name":"Portada","item":"https:\/\/ledsolintel.com\/fr\/"},{"@type":"ListItem","position":2,"name":"Tienda","item":"https:\/\/ledsolintel.com\/tienda\/"},{"@type":"ListItem","position":3,"name":"Baliza LED 1W serie cristal"}]},{"@type":"WebSite","@id":"https:\/\/ledsolintel.com\/#website","url":"https:\/\/ledsolintel.com\/","name":"Webmenaje","description":"Magasin d'ampoules et de lampes LED pour les professionnels","publisher":{"@id":"https:\/\/ledsolintel.com\/#organization"},"potentialAction":[{"@type":"SearchAction","target":{"@type":"EntryPoint","urlTemplate":"https:\/\/ledsolintel.com\/?s={search_term_string}"},"query-input":{"@type":"PropertyValueSpecification","valueRequired":true,"valueName":"search_term_string"}}],"inLanguage":"fr-FR"},{"@type":"Organization","@id":"https:\/\/ledsolintel.com\/#organization","name":"Solintel Noroeste, S.L.","url":"https:\/\/ledsolintel.com\/","logo":{"@type":"ImageObject","inLanguage":"fr-FR","@id":"https:\/\/ledsolintel.com\/#\/schema\/logo\/image\/","url":"https:\/\/ledsolintel.com\/wp-content\/uploads\/2024\/11\/webmenaje-logo-1508269066.jpg","contentUrl":"https:\/\/ledsolintel.com\/wp-content\/uploads\/2024\/11\/webmenaje-logo-1508269066.jpg","width":370,"height":90,"caption":"Solintel Noroeste, S.L."},"image":{"@id":"https:\/\/ledsolintel.com\/#\/schema\/logo\/image\/"},"sameAs":["http:\/\/www.facebook.com\/webmenaje","https:\/\/x.com\/webmenaje","https:\/\/www.youtube.com\/channel\/UCX2KoVoeCG4LocZjUc6LmSQ","http:\/\/www.pinterest.com\/webmenaje"]}]}},"_links":{"self":[{"href":"https:\/\/ledsolintel.com\/fr\/wp-json\/wp\/v2\/product\/269474","targetHints":{"allow":["GET"]}}],"collection":[{"href":"https:\/\/ledsolintel.com\/fr\/wp-json\/wp\/v2\/product"}],"about":[{"href":"https:\/\/ledsolintel.com\/fr\/wp-json\/wp\/v2\/types\/product"}],"version-history":[{"count":1,"href":"https:\/\/ledsolintel.com\/fr\/wp-json\/wp\/v2\/product\/269474\/revisions"}],"predecessor-version":[{"id":269475,"href":"https:\/\/ledsolintel.com\/fr\/wp-json\/wp\/v2\/product\/269474\/revisions\/269475"}],"wp:featuredmedia":[{"embeddable":true,"href":"https:\/\/ledsolintel.com\/fr\/wp-json\/wp\/v2\/media\/264665"}],"wp:attachment":[{"href":"https:\/\/ledsolintel.com\/fr\/wp-json\/wp\/v2\/media?parent=269474"}],"wp:term":[{"taxonomy":"product_brand","embeddable":true,"href":"https:\/\/ledsolintel.com\/fr\/wp-json\/wp\/v2\/product_brand?post=269474"},{"taxonomy":"product_cat","embeddable":true,"href":"https:\/\/ledsolintel.com\/fr\/wp-json\/wp\/v2\/product_cat?post=269474"},{"taxonomy":"product_tag","embeddable":true,"href":"https:\/\/ledsolintel.com\/fr\/wp-json\/wp\/v2\/product_tag?post=269474"}],"curies":[{"name":"wp","href":"https:\/\/api.w.org\/{rel}","templated":true}]}}