{"id":269420,"date":"2025-11-11T17:14:54","date_gmt":"2025-11-11T16:14:54","guid":{"rendered":"https:\/\/nueva.ledsolintel.com\/product\/marco-pc-1-mecanismo-serie-cristal\/"},"modified":"2026-04-07T10:18:50","modified_gmt":"2026-04-07T08:18:50","slug":"marco-pc-1-mecanismo-serie-cristal","status":"publish","type":"product","link":"https:\/\/ledsolintel.com\/fr\/produit-2\/marco-pc-1-mecanismo-serie-cristal\/","title":{"rendered":"Cadre PC 1 m\u00e9canisme s\u00e9rie verre"},"content":{"rendered":"<p>Marco embellecedor de\u00a0policarbonato para un mecanismo, disponible en dos colores: blanco o negro. Ideal para crear un acabado moderno y minimalista en cualquier instalaci\u00f3n interior. Se puede combinar con cualquier mecanismo de la serie cristal.  Apto para instalaci\u00f3n sobre cajas de mecanismos empotrables universales.\u00a0No compatible con los mecanismos de la serie PC.    Est\u00e1 dise\u00f1ado en policarbonato con las medidas 86 x 86 x 9 mm.  Debido a su grado de protecci\u00f3n IP20 es ideal para instalar en zonas interiores (protecci\u00f3n contra part\u00edculas s\u00f3lidas de tama\u00f1o superior a 12mm y no es resistente al agua).  Dispone de una garant\u00eda de 3 a\u00f1os. Cuenta tambi\u00e9n con el certificado CE, que acredita que se cumple con los requisitos de la UE respecto a compatibilidad electromagn\u00e9tica y normativa de baja tensi\u00f3n. Con este certificado se declara la conformidad de dicho producto con todos los requisitos legales exigidos, y asegura la validez del producto para ser vendido en todo el Espacio Econ\u00f3mico Europeo.  Incluye bastidor.<\/p>","protected":false},"excerpt":{"rendered":"<p>Marco embellecedor de\u00a0policarbonato para un mecanismo, disponible en dos colores: blanco o negro. Ideal para crear un acabado moderno y minimalista en cualquier instalaci\u00f3n interior. Se puede combinar con cualquier mecanismo de la serie cristal. Apto para instalaci\u00f3n sobre cajas de mecanismos empotrables universales.\u00a0No compatible con los mecanismos de la serie PC. Est\u00e1 dise\u00f1ado en &hellip; <a href=\"https:\/\/ledsolintel.com\/fr\/produit-2\/marco-pc-1-mecanismo-serie-cristal\/\" class=\"more-link\">Continue reading <span class=\"screen-reader-text\">Cadre PC 1 m\u00e9canisme s\u00e9rie verre<\/span><\/a><\/p>","protected":false},"featured_media":264549,"template":"","meta":[],"product_brand":[101370],"product_cat":[101371,15],"product_tag":[],"class_list":{"0":"post-269420","1":"product","2":"type-product","3":"status-publish","4":"has-post-thumbnail","6":"product_brand-masterled","7":"product_cat-masterled","8":"product_cat-uncategorized","9":"pa_color-blanco","10":"pa_color-negro","13":"instock","14":"taxable","15":"shipping-taxable","16":"purchasable","17":"product-type-variable","18":"has-default-attributes"},"yoast_head":"<!-- This site is optimized with the Yoast SEO plugin v26.6 - https:\/\/yoast.com\/wordpress\/plugins\/seo\/ -->\n<title>Marco PC 1 mecanismo serie cristal - Ledsolintel<\/title>\n<meta name=\"robots\" content=\"index, follow, max-snippet:-1, max-image-preview:large, max-video-preview:-1\" \/>\n<link rel=\"canonical\" href=\"https:\/\/ledsolintel.com\/fr\/produit-2\/marco-pc-1-mecanismo-serie-cristal\/\" \/>\n<meta property=\"og:locale\" content=\"fr_FR\" \/>\n<meta property=\"og:type\" content=\"article\" \/>\n<meta property=\"og:title\" content=\"Marco PC 1 mecanismo serie cristal - Ledsolintel\" \/>\n<meta property=\"og:description\" content=\"Marco embellecedor de\u00a0policarbonato para un mecanismo, disponible en dos colores: blanco o negro. Ideal para crear un acabado moderno y minimalista en cualquier instalaci\u00f3n interior. Se puede combinar con cualquier mecanismo de la serie cristal. Apto para instalaci\u00f3n sobre cajas de mecanismos empotrables universales.\u00a0No compatible con los mecanismos de la serie PC. Est\u00e1 dise\u00f1ado en &hellip; Continue reading Marco PC 1 mecanismo serie cristal\" \/>\n<meta property=\"og:url\" content=\"https:\/\/ledsolintel.com\/fr\/produit-2\/marco-pc-1-mecanismo-serie-cristal\/\" \/>\n<meta property=\"og:site_name\" content=\"Ledsolintel\" \/>\n<meta property=\"article:publisher\" content=\"http:\/\/www.facebook.com\/webmenaje\" \/>\n<meta property=\"article:modified_time\" content=\"2026-04-07T08:18:50+00:00\" \/>\n<meta property=\"og:image\" content=\"https:\/\/ledsolintel.com\/wp-content\/uploads\/2025\/11\/marco-pc-1-mecanismo-serie-cristal-scaled.jpg\" \/>\n\t<meta property=\"og:image:width\" content=\"2560\" \/>\n\t<meta property=\"og:image:height\" content=\"2560\" \/>\n\t<meta property=\"og:image:type\" content=\"image\/jpeg\" \/>\n<meta name=\"twitter:card\" content=\"summary_large_image\" \/>\n<meta name=\"twitter:site\" content=\"@webmenaje\" \/>\n<meta name=\"twitter:label1\" content=\"Dur\u00e9e de lecture estim\u00e9e\" \/>\n\t<meta name=\"twitter:data1\" content=\"1 minute\" \/>\n<script type=\"application\/ld+json\" class=\"yoast-schema-graph\">{\"@context\":\"https:\/\/schema.org\",\"@graph\":[{\"@type\":\"WebPage\",\"@id\":\"https:\/\/ledsolintel.com\/product\/marco-pc-1-mecanismo-serie-cristal\/\",\"url\":\"https:\/\/ledsolintel.com\/product\/marco-pc-1-mecanismo-serie-cristal\/\",\"name\":\"Marco PC 1 mecanismo serie cristal - Ledsolintel\",\"isPartOf\":{\"@id\":\"https:\/\/ledsolintel.com\/#website\"},\"primaryImageOfPage\":{\"@id\":\"https:\/\/ledsolintel.com\/product\/marco-pc-1-mecanismo-serie-cristal\/#primaryimage\"},\"image\":{\"@id\":\"https:\/\/ledsolintel.com\/product\/marco-pc-1-mecanismo-serie-cristal\/#primaryimage\"},\"thumbnailUrl\":\"https:\/\/ledsolintel.com\/wp-content\/uploads\/2025\/11\/marco-pc-1-mecanismo-serie-cristal-scaled.jpg\",\"datePublished\":\"2025-11-11T16:14:54+00:00\",\"dateModified\":\"2026-04-07T08:18:50+00:00\",\"breadcrumb\":{\"@id\":\"https:\/\/ledsolintel.com\/product\/marco-pc-1-mecanismo-serie-cristal\/#breadcrumb\"},\"inLanguage\":\"fr-FR\",\"potentialAction\":[{\"@type\":\"ReadAction\",\"target\":[\"https:\/\/ledsolintel.com\/product\/marco-pc-1-mecanismo-serie-cristal\/\"]}]},{\"@type\":\"ImageObject\",\"inLanguage\":\"fr-FR\",\"@id\":\"https:\/\/ledsolintel.com\/product\/marco-pc-1-mecanismo-serie-cristal\/#primaryimage\",\"url\":\"https:\/\/ledsolintel.com\/wp-content\/uploads\/2025\/11\/marco-pc-1-mecanismo-serie-cristal-scaled.jpg\",\"contentUrl\":\"https:\/\/ledsolintel.com\/wp-content\/uploads\/2025\/11\/marco-pc-1-mecanismo-serie-cristal-scaled.jpg\",\"width\":2560,\"height\":2560},{\"@type\":\"BreadcrumbList\",\"@id\":\"https:\/\/ledsolintel.com\/product\/marco-pc-1-mecanismo-serie-cristal\/#breadcrumb\",\"itemListElement\":[{\"@type\":\"ListItem\",\"position\":1,\"name\":\"Portada\",\"item\":\"https:\/\/ledsolintel.com\/fr\/\"},{\"@type\":\"ListItem\",\"position\":2,\"name\":\"Tienda\",\"item\":\"https:\/\/ledsolintel.com\/tienda\/\"},{\"@type\":\"ListItem\",\"position\":3,\"name\":\"Marco PC 1 mecanismo serie cristal\"}]},{\"@type\":\"WebSite\",\"@id\":\"https:\/\/ledsolintel.com\/#website\",\"url\":\"https:\/\/ledsolintel.com\/\",\"name\":\"Webmenaje\",\"description\":\"Tienda de bombillas y l\u00e1mparas LED para profesionales\",\"publisher\":{\"@id\":\"https:\/\/ledsolintel.com\/#organization\"},\"potentialAction\":[{\"@type\":\"SearchAction\",\"target\":{\"@type\":\"EntryPoint\",\"urlTemplate\":\"https:\/\/ledsolintel.com\/?s={search_term_string}\"},\"query-input\":{\"@type\":\"PropertyValueSpecification\",\"valueRequired\":true,\"valueName\":\"search_term_string\"}}],\"inLanguage\":\"fr-FR\"},{\"@type\":\"Organization\",\"@id\":\"https:\/\/ledsolintel.com\/#organization\",\"name\":\"Solintel Noroeste, S.L.\",\"url\":\"https:\/\/ledsolintel.com\/\",\"logo\":{\"@type\":\"ImageObject\",\"inLanguage\":\"fr-FR\",\"@id\":\"https:\/\/ledsolintel.com\/#\/schema\/logo\/image\/\",\"url\":\"https:\/\/ledsolintel.com\/wp-content\/uploads\/2024\/11\/webmenaje-logo-1508269066.jpg\",\"contentUrl\":\"https:\/\/ledsolintel.com\/wp-content\/uploads\/2024\/11\/webmenaje-logo-1508269066.jpg\",\"width\":370,\"height\":90,\"caption\":\"Solintel Noroeste, S.L.\"},\"image\":{\"@id\":\"https:\/\/ledsolintel.com\/#\/schema\/logo\/image\/\"},\"sameAs\":[\"http:\/\/www.facebook.com\/webmenaje\",\"https:\/\/x.com\/webmenaje\",\"https:\/\/www.youtube.com\/channel\/UCX2KoVoeCG4LocZjUc6LmSQ\",\"http:\/\/www.pinterest.com\/webmenaje\"]}]}<\/script>\n<!-- \/ Yoast SEO plugin. -->","yoast_head_json":{"title":"Marco PC 1 mecanismo serie cristal - Ledsolintel","robots":{"index":"index","follow":"follow","max-snippet":"max-snippet:-1","max-image-preview":"max-image-preview:large","max-video-preview":"max-video-preview:-1"},"canonical":"https:\/\/ledsolintel.com\/fr\/produit-2\/marco-pc-1-mecanismo-serie-cristal\/","og_locale":"fr_FR","og_type":"article","og_title":"Marco PC 1 mecanismo serie cristal - Ledsolintel","og_description":"Marco embellecedor de\u00a0policarbonato para un mecanismo, disponible en dos colores: blanco o negro. Ideal para crear un acabado moderno y minimalista en cualquier instalaci\u00f3n interior. Se puede combinar con cualquier mecanismo de la serie cristal. Apto para instalaci\u00f3n sobre cajas de mecanismos empotrables universales.\u00a0No compatible con los mecanismos de la serie PC. Est\u00e1 dise\u00f1ado en &hellip; Continue reading Marco PC 1 mecanismo serie cristal","og_url":"https:\/\/ledsolintel.com\/fr\/produit-2\/marco-pc-1-mecanismo-serie-cristal\/","og_site_name":"Ledsolintel","article_publisher":"http:\/\/www.facebook.com\/webmenaje","article_modified_time":"2026-04-07T08:18:50+00:00","og_image":[{"width":2560,"height":2560,"url":"https:\/\/ledsolintel.com\/wp-content\/uploads\/2025\/11\/marco-pc-1-mecanismo-serie-cristal-scaled.jpg","type":"image\/jpeg"}],"twitter_card":"summary_large_image","twitter_site":"@webmenaje","twitter_misc":{"Dur\u00e9e de lecture estim\u00e9e":"1 minute"},"schema":{"@context":"https:\/\/schema.org","@graph":[{"@type":"WebPage","@id":"https:\/\/ledsolintel.com\/product\/marco-pc-1-mecanismo-serie-cristal\/","url":"https:\/\/ledsolintel.com\/product\/marco-pc-1-mecanismo-serie-cristal\/","name":"Marco PC 1 mecanismo serie cristal - Ledsolintel","isPartOf":{"@id":"https:\/\/ledsolintel.com\/#website"},"primaryImageOfPage":{"@id":"https:\/\/ledsolintel.com\/product\/marco-pc-1-mecanismo-serie-cristal\/#primaryimage"},"image":{"@id":"https:\/\/ledsolintel.com\/product\/marco-pc-1-mecanismo-serie-cristal\/#primaryimage"},"thumbnailUrl":"https:\/\/ledsolintel.com\/wp-content\/uploads\/2025\/11\/marco-pc-1-mecanismo-serie-cristal-scaled.jpg","datePublished":"2025-11-11T16:14:54+00:00","dateModified":"2026-04-07T08:18:50+00:00","breadcrumb":{"@id":"https:\/\/ledsolintel.com\/product\/marco-pc-1-mecanismo-serie-cristal\/#breadcrumb"},"inLanguage":"fr-FR","potentialAction":[{"@type":"ReadAction","target":["https:\/\/ledsolintel.com\/product\/marco-pc-1-mecanismo-serie-cristal\/"]}]},{"@type":"ImageObject","inLanguage":"fr-FR","@id":"https:\/\/ledsolintel.com\/product\/marco-pc-1-mecanismo-serie-cristal\/#primaryimage","url":"https:\/\/ledsolintel.com\/wp-content\/uploads\/2025\/11\/marco-pc-1-mecanismo-serie-cristal-scaled.jpg","contentUrl":"https:\/\/ledsolintel.com\/wp-content\/uploads\/2025\/11\/marco-pc-1-mecanismo-serie-cristal-scaled.jpg","width":2560,"height":2560},{"@type":"BreadcrumbList","@id":"https:\/\/ledsolintel.com\/product\/marco-pc-1-mecanismo-serie-cristal\/#breadcrumb","itemListElement":[{"@type":"ListItem","position":1,"name":"Portada","item":"https:\/\/ledsolintel.com\/fr\/"},{"@type":"ListItem","position":2,"name":"Tienda","item":"https:\/\/ledsolintel.com\/tienda\/"},{"@type":"ListItem","position":3,"name":"Marco PC 1 mecanismo serie cristal"}]},{"@type":"WebSite","@id":"https:\/\/ledsolintel.com\/#website","url":"https:\/\/ledsolintel.com\/","name":"Webmenaje","description":"Magasin d'ampoules et de lampes LED pour les professionnels","publisher":{"@id":"https:\/\/ledsolintel.com\/#organization"},"potentialAction":[{"@type":"SearchAction","target":{"@type":"EntryPoint","urlTemplate":"https:\/\/ledsolintel.com\/?s={search_term_string}"},"query-input":{"@type":"PropertyValueSpecification","valueRequired":true,"valueName":"search_term_string"}}],"inLanguage":"fr-FR"},{"@type":"Organization","@id":"https:\/\/ledsolintel.com\/#organization","name":"Solintel Noroeste, S.L.","url":"https:\/\/ledsolintel.com\/","logo":{"@type":"ImageObject","inLanguage":"fr-FR","@id":"https:\/\/ledsolintel.com\/#\/schema\/logo\/image\/","url":"https:\/\/ledsolintel.com\/wp-content\/uploads\/2024\/11\/webmenaje-logo-1508269066.jpg","contentUrl":"https:\/\/ledsolintel.com\/wp-content\/uploads\/2024\/11\/webmenaje-logo-1508269066.jpg","width":370,"height":90,"caption":"Solintel Noroeste, S.L."},"image":{"@id":"https:\/\/ledsolintel.com\/#\/schema\/logo\/image\/"},"sameAs":["http:\/\/www.facebook.com\/webmenaje","https:\/\/x.com\/webmenaje","https:\/\/www.youtube.com\/channel\/UCX2KoVoeCG4LocZjUc6LmSQ","http:\/\/www.pinterest.com\/webmenaje"]}]}},"_links":{"self":[{"href":"https:\/\/ledsolintel.com\/fr\/wp-json\/wp\/v2\/product\/269420","targetHints":{"allow":["GET"]}}],"collection":[{"href":"https:\/\/ledsolintel.com\/fr\/wp-json\/wp\/v2\/product"}],"about":[{"href":"https:\/\/ledsolintel.com\/fr\/wp-json\/wp\/v2\/types\/product"}],"version-history":[{"count":1,"href":"https:\/\/ledsolintel.com\/fr\/wp-json\/wp\/v2\/product\/269420\/revisions"}],"predecessor-version":[{"id":269421,"href":"https:\/\/ledsolintel.com\/fr\/wp-json\/wp\/v2\/product\/269420\/revisions\/269421"}],"wp:featuredmedia":[{"embeddable":true,"href":"https:\/\/ledsolintel.com\/fr\/wp-json\/wp\/v2\/media\/264549"}],"wp:attachment":[{"href":"https:\/\/ledsolintel.com\/fr\/wp-json\/wp\/v2\/media?parent=269420"}],"wp:term":[{"taxonomy":"product_brand","embeddable":true,"href":"https:\/\/ledsolintel.com\/fr\/wp-json\/wp\/v2\/product_brand?post=269420"},{"taxonomy":"product_cat","embeddable":true,"href":"https:\/\/ledsolintel.com\/fr\/wp-json\/wp\/v2\/product_cat?post=269420"},{"taxonomy":"product_tag","embeddable":true,"href":"https:\/\/ledsolintel.com\/fr\/wp-json\/wp\/v2\/product_tag?post=269420"}],"curies":[{"name":"wp","href":"https:\/\/api.w.org\/{rel}","templated":true}]}}