{"id":269413,"date":"2025-11-11T17:14:43","date_gmt":"2025-11-11T16:14:43","guid":{"rendered":"https:\/\/nueva.ledsolintel.com\/product\/kit-emergencia-para-panel-led-hasta-70w\/"},"modified":"2026-04-07T10:18:50","modified_gmt":"2026-04-07T08:18:50","slug":"kit-emergencia-para-panel-led-hasta-70w","status":"publish","type":"product","link":"https:\/\/ledsolintel.com\/fr\/produit-2\/kit-emergencia-para-panel-led-hasta-70w\/","title":{"rendered":"Kit d'urgence pour panneau LED jusqu'\u00e0 70W"},"content":{"rendered":"<p>Kit de emergencia ideal para paneles led de hasta 70W de potencia. Permite mantener la alimentaci\u00f3n hasta 120 minutos despu\u00e9s de un corte de suministro.En modo de emergencia, la luminaria permanece al 45% de su potencia habitual.Incorpora bot\u00f3n de TEST para verificar el correcto funcionamiento del dispositivo.Apto para luminarias LED con driver externo. Dispone de conector macho y hembra para un f\u00e1cil acople con el driver y el panel.Tipo\u00a0de\u00a0 bater\u00eda: li-ion 3.7V 2600mAH    Advertencia: Solo compatible con interruptores mec\u00e1nicos. No compatible con interruptores t\u00e1ctiles.    El Kit de Emergencia para Panel LED asegura la iluminaci\u00f3n continua hasta por 120 minutos tras un corte de suministro el\u00e9ctrico. Soporta paneles de hasta 70W, manteniendo el 45% de su potencia habitual en modo emergencia.    Compatible con luminarias LED de hasta 70W con driver externo.  Funci\u00f3n de test para verificar operaci\u00f3n y conexi\u00f3n sencilla con conector macho y hembra.  Equipo de bater\u00eda li-ion 3.7V 2600mAh incluido.    Explora m\u00e1s en Emergencias y Se\u00f1alizaci\u00f3n LED de Masterled.<\/p>","protected":false},"excerpt":{"rendered":"<p>Kit de emergencia ideal para paneles led de hasta 70W de potencia. Permite mantener la alimentaci\u00f3n hasta 120 minutos despu\u00e9s de un corte de suministro.En modo de emergencia, la luminaria permanece al 45% de su potencia habitual.Incorpora bot\u00f3n de TEST para verificar el correcto funcionamiento del dispositivo.Apto para luminarias LED con driver externo. Dispone de &hellip; <a href=\"https:\/\/ledsolintel.com\/fr\/produit-2\/kit-emergencia-para-panel-led-hasta-70w\/\" class=\"more-link\">Continue reading <span class=\"screen-reader-text\">Kit d'urgence pour panneau LED jusqu'\u00e0 70W<\/span><\/a><\/p>","protected":false},"featured_media":264533,"template":"","meta":[],"product_brand":[101370],"product_cat":[15,101371],"product_tag":[],"class_list":{"0":"post-269413","1":"product","2":"type-product","3":"status-publish","4":"has-post-thumbnail","6":"product_brand-masterled","7":"product_cat-uncategorized","8":"product_cat-masterled","9":"pa_material-aluminio","12":"instock","13":"taxable","14":"shipping-taxable","15":"purchasable","16":"product-type-simple"},"yoast_head":"<!-- This site is optimized with the Yoast SEO plugin v26.6 - https:\/\/yoast.com\/wordpress\/plugins\/seo\/ -->\n<title>Kit emergencia para panel LED hasta 70W - Ledsolintel<\/title>\n<meta name=\"robots\" content=\"index, follow, max-snippet:-1, max-image-preview:large, max-video-preview:-1\" \/>\n<link rel=\"canonical\" href=\"https:\/\/ledsolintel.com\/fr\/produit-2\/kit-emergencia-para-panel-led-hasta-70w\/\" \/>\n<meta property=\"og:locale\" content=\"fr_FR\" \/>\n<meta property=\"og:type\" content=\"article\" \/>\n<meta property=\"og:title\" content=\"Kit emergencia para panel LED hasta 70W - Ledsolintel\" \/>\n<meta property=\"og:description\" content=\"Kit de emergencia ideal para paneles led de hasta 70W de potencia. Permite mantener la alimentaci\u00f3n hasta 120 minutos despu\u00e9s de un corte de suministro.En modo de emergencia, la luminaria permanece al 45% de su potencia habitual.Incorpora bot\u00f3n de TEST para verificar el correcto funcionamiento del dispositivo.Apto para luminarias LED con driver externo. Dispone de &hellip; Continue reading Kit emergencia para panel LED hasta 70W\" \/>\n<meta property=\"og:url\" content=\"https:\/\/ledsolintel.com\/fr\/produit-2\/kit-emergencia-para-panel-led-hasta-70w\/\" \/>\n<meta property=\"og:site_name\" content=\"Ledsolintel\" \/>\n<meta property=\"article:publisher\" content=\"http:\/\/www.facebook.com\/webmenaje\" \/>\n<meta property=\"article:modified_time\" content=\"2026-04-07T08:18:50+00:00\" \/>\n<meta property=\"og:image\" content=\"https:\/\/ledsolintel.com\/wp-content\/uploads\/2025\/11\/kit-emergencia-para-panel-led-hasta-70w.jpg\" \/>\n\t<meta property=\"og:image:width\" content=\"1500\" \/>\n\t<meta property=\"og:image:height\" content=\"1500\" \/>\n\t<meta property=\"og:image:type\" content=\"image\/jpeg\" \/>\n<meta name=\"twitter:card\" content=\"summary_large_image\" \/>\n<meta name=\"twitter:site\" content=\"@webmenaje\" \/>\n<meta name=\"twitter:label1\" content=\"Dur\u00e9e de lecture estim\u00e9e\" \/>\n\t<meta name=\"twitter:data1\" content=\"1 minute\" \/>\n<script type=\"application\/ld+json\" class=\"yoast-schema-graph\">{\"@context\":\"https:\/\/schema.org\",\"@graph\":[{\"@type\":\"WebPage\",\"@id\":\"https:\/\/ledsolintel.com\/product\/kit-emergencia-para-panel-led-hasta-70w\/\",\"url\":\"https:\/\/ledsolintel.com\/product\/kit-emergencia-para-panel-led-hasta-70w\/\",\"name\":\"Kit emergencia para panel LED hasta 70W - Ledsolintel\",\"isPartOf\":{\"@id\":\"https:\/\/ledsolintel.com\/#website\"},\"primaryImageOfPage\":{\"@id\":\"https:\/\/ledsolintel.com\/product\/kit-emergencia-para-panel-led-hasta-70w\/#primaryimage\"},\"image\":{\"@id\":\"https:\/\/ledsolintel.com\/product\/kit-emergencia-para-panel-led-hasta-70w\/#primaryimage\"},\"thumbnailUrl\":\"https:\/\/ledsolintel.com\/wp-content\/uploads\/2025\/11\/kit-emergencia-para-panel-led-hasta-70w.jpg\",\"datePublished\":\"2025-11-11T16:14:43+00:00\",\"dateModified\":\"2026-04-07T08:18:50+00:00\",\"breadcrumb\":{\"@id\":\"https:\/\/ledsolintel.com\/product\/kit-emergencia-para-panel-led-hasta-70w\/#breadcrumb\"},\"inLanguage\":\"fr-FR\",\"potentialAction\":[{\"@type\":\"ReadAction\",\"target\":[\"https:\/\/ledsolintel.com\/product\/kit-emergencia-para-panel-led-hasta-70w\/\"]}]},{\"@type\":\"ImageObject\",\"inLanguage\":\"fr-FR\",\"@id\":\"https:\/\/ledsolintel.com\/product\/kit-emergencia-para-panel-led-hasta-70w\/#primaryimage\",\"url\":\"https:\/\/ledsolintel.com\/wp-content\/uploads\/2025\/11\/kit-emergencia-para-panel-led-hasta-70w.jpg\",\"contentUrl\":\"https:\/\/ledsolintel.com\/wp-content\/uploads\/2025\/11\/kit-emergencia-para-panel-led-hasta-70w.jpg\",\"width\":1500,\"height\":1500},{\"@type\":\"BreadcrumbList\",\"@id\":\"https:\/\/ledsolintel.com\/product\/kit-emergencia-para-panel-led-hasta-70w\/#breadcrumb\",\"itemListElement\":[{\"@type\":\"ListItem\",\"position\":1,\"name\":\"Portada\",\"item\":\"https:\/\/ledsolintel.com\/fr\/\"},{\"@type\":\"ListItem\",\"position\":2,\"name\":\"Tienda\",\"item\":\"https:\/\/ledsolintel.com\/tienda\/\"},{\"@type\":\"ListItem\",\"position\":3,\"name\":\"Kit emergencia para panel LED hasta 70W\"}]},{\"@type\":\"WebSite\",\"@id\":\"https:\/\/ledsolintel.com\/#website\",\"url\":\"https:\/\/ledsolintel.com\/\",\"name\":\"Webmenaje\",\"description\":\"Tienda de bombillas y l\u00e1mparas LED para profesionales\",\"publisher\":{\"@id\":\"https:\/\/ledsolintel.com\/#organization\"},\"potentialAction\":[{\"@type\":\"SearchAction\",\"target\":{\"@type\":\"EntryPoint\",\"urlTemplate\":\"https:\/\/ledsolintel.com\/?s={search_term_string}\"},\"query-input\":{\"@type\":\"PropertyValueSpecification\",\"valueRequired\":true,\"valueName\":\"search_term_string\"}}],\"inLanguage\":\"fr-FR\"},{\"@type\":\"Organization\",\"@id\":\"https:\/\/ledsolintel.com\/#organization\",\"name\":\"Solintel Noroeste, S.L.\",\"url\":\"https:\/\/ledsolintel.com\/\",\"logo\":{\"@type\":\"ImageObject\",\"inLanguage\":\"fr-FR\",\"@id\":\"https:\/\/ledsolintel.com\/#\/schema\/logo\/image\/\",\"url\":\"https:\/\/ledsolintel.com\/wp-content\/uploads\/2024\/11\/webmenaje-logo-1508269066.jpg\",\"contentUrl\":\"https:\/\/ledsolintel.com\/wp-content\/uploads\/2024\/11\/webmenaje-logo-1508269066.jpg\",\"width\":370,\"height\":90,\"caption\":\"Solintel Noroeste, S.L.\"},\"image\":{\"@id\":\"https:\/\/ledsolintel.com\/#\/schema\/logo\/image\/\"},\"sameAs\":[\"http:\/\/www.facebook.com\/webmenaje\",\"https:\/\/x.com\/webmenaje\",\"https:\/\/www.youtube.com\/channel\/UCX2KoVoeCG4LocZjUc6LmSQ\",\"http:\/\/www.pinterest.com\/webmenaje\"]}]}<\/script>\n<!-- \/ Yoast SEO plugin. -->","yoast_head_json":{"title":"Kit emergencia para panel LED hasta 70W - Ledsolintel","robots":{"index":"index","follow":"follow","max-snippet":"max-snippet:-1","max-image-preview":"max-image-preview:large","max-video-preview":"max-video-preview:-1"},"canonical":"https:\/\/ledsolintel.com\/fr\/produit-2\/kit-emergencia-para-panel-led-hasta-70w\/","og_locale":"fr_FR","og_type":"article","og_title":"Kit emergencia para panel LED hasta 70W - Ledsolintel","og_description":"Kit de emergencia ideal para paneles led de hasta 70W de potencia. Permite mantener la alimentaci\u00f3n hasta 120 minutos despu\u00e9s de un corte de suministro.En modo de emergencia, la luminaria permanece al 45% de su potencia habitual.Incorpora bot\u00f3n de TEST para verificar el correcto funcionamiento del dispositivo.Apto para luminarias LED con driver externo. Dispone de &hellip; Continue reading Kit emergencia para panel LED hasta 70W","og_url":"https:\/\/ledsolintel.com\/fr\/produit-2\/kit-emergencia-para-panel-led-hasta-70w\/","og_site_name":"Ledsolintel","article_publisher":"http:\/\/www.facebook.com\/webmenaje","article_modified_time":"2026-04-07T08:18:50+00:00","og_image":[{"width":1500,"height":1500,"url":"https:\/\/ledsolintel.com\/wp-content\/uploads\/2025\/11\/kit-emergencia-para-panel-led-hasta-70w.jpg","type":"image\/jpeg"}],"twitter_card":"summary_large_image","twitter_site":"@webmenaje","twitter_misc":{"Dur\u00e9e de lecture estim\u00e9e":"1 minute"},"schema":{"@context":"https:\/\/schema.org","@graph":[{"@type":"WebPage","@id":"https:\/\/ledsolintel.com\/product\/kit-emergencia-para-panel-led-hasta-70w\/","url":"https:\/\/ledsolintel.com\/product\/kit-emergencia-para-panel-led-hasta-70w\/","name":"Kit emergencia para panel LED hasta 70W - Ledsolintel","isPartOf":{"@id":"https:\/\/ledsolintel.com\/#website"},"primaryImageOfPage":{"@id":"https:\/\/ledsolintel.com\/product\/kit-emergencia-para-panel-led-hasta-70w\/#primaryimage"},"image":{"@id":"https:\/\/ledsolintel.com\/product\/kit-emergencia-para-panel-led-hasta-70w\/#primaryimage"},"thumbnailUrl":"https:\/\/ledsolintel.com\/wp-content\/uploads\/2025\/11\/kit-emergencia-para-panel-led-hasta-70w.jpg","datePublished":"2025-11-11T16:14:43+00:00","dateModified":"2026-04-07T08:18:50+00:00","breadcrumb":{"@id":"https:\/\/ledsolintel.com\/product\/kit-emergencia-para-panel-led-hasta-70w\/#breadcrumb"},"inLanguage":"fr-FR","potentialAction":[{"@type":"ReadAction","target":["https:\/\/ledsolintel.com\/product\/kit-emergencia-para-panel-led-hasta-70w\/"]}]},{"@type":"ImageObject","inLanguage":"fr-FR","@id":"https:\/\/ledsolintel.com\/product\/kit-emergencia-para-panel-led-hasta-70w\/#primaryimage","url":"https:\/\/ledsolintel.com\/wp-content\/uploads\/2025\/11\/kit-emergencia-para-panel-led-hasta-70w.jpg","contentUrl":"https:\/\/ledsolintel.com\/wp-content\/uploads\/2025\/11\/kit-emergencia-para-panel-led-hasta-70w.jpg","width":1500,"height":1500},{"@type":"BreadcrumbList","@id":"https:\/\/ledsolintel.com\/product\/kit-emergencia-para-panel-led-hasta-70w\/#breadcrumb","itemListElement":[{"@type":"ListItem","position":1,"name":"Portada","item":"https:\/\/ledsolintel.com\/fr\/"},{"@type":"ListItem","position":2,"name":"Tienda","item":"https:\/\/ledsolintel.com\/tienda\/"},{"@type":"ListItem","position":3,"name":"Kit emergencia para panel LED hasta 70W"}]},{"@type":"WebSite","@id":"https:\/\/ledsolintel.com\/#website","url":"https:\/\/ledsolintel.com\/","name":"Webmenaje","description":"Magasin d'ampoules et de lampes LED pour les professionnels","publisher":{"@id":"https:\/\/ledsolintel.com\/#organization"},"potentialAction":[{"@type":"SearchAction","target":{"@type":"EntryPoint","urlTemplate":"https:\/\/ledsolintel.com\/?s={search_term_string}"},"query-input":{"@type":"PropertyValueSpecification","valueRequired":true,"valueName":"search_term_string"}}],"inLanguage":"fr-FR"},{"@type":"Organization","@id":"https:\/\/ledsolintel.com\/#organization","name":"Solintel Noroeste, S.L.","url":"https:\/\/ledsolintel.com\/","logo":{"@type":"ImageObject","inLanguage":"fr-FR","@id":"https:\/\/ledsolintel.com\/#\/schema\/logo\/image\/","url":"https:\/\/ledsolintel.com\/wp-content\/uploads\/2024\/11\/webmenaje-logo-1508269066.jpg","contentUrl":"https:\/\/ledsolintel.com\/wp-content\/uploads\/2024\/11\/webmenaje-logo-1508269066.jpg","width":370,"height":90,"caption":"Solintel Noroeste, S.L."},"image":{"@id":"https:\/\/ledsolintel.com\/#\/schema\/logo\/image\/"},"sameAs":["http:\/\/www.facebook.com\/webmenaje","https:\/\/x.com\/webmenaje","https:\/\/www.youtube.com\/channel\/UCX2KoVoeCG4LocZjUc6LmSQ","http:\/\/www.pinterest.com\/webmenaje"]}]}},"_links":{"self":[{"href":"https:\/\/ledsolintel.com\/fr\/wp-json\/wp\/v2\/product\/269413","targetHints":{"allow":["GET"]}}],"collection":[{"href":"https:\/\/ledsolintel.com\/fr\/wp-json\/wp\/v2\/product"}],"about":[{"href":"https:\/\/ledsolintel.com\/fr\/wp-json\/wp\/v2\/types\/product"}],"version-history":[{"count":1,"href":"https:\/\/ledsolintel.com\/fr\/wp-json\/wp\/v2\/product\/269413\/revisions"}],"predecessor-version":[{"id":269414,"href":"https:\/\/ledsolintel.com\/fr\/wp-json\/wp\/v2\/product\/269413\/revisions\/269414"}],"wp:featuredmedia":[{"embeddable":true,"href":"https:\/\/ledsolintel.com\/fr\/wp-json\/wp\/v2\/media\/264533"}],"wp:attachment":[{"href":"https:\/\/ledsolintel.com\/fr\/wp-json\/wp\/v2\/media?parent=269413"}],"wp:term":[{"taxonomy":"product_brand","embeddable":true,"href":"https:\/\/ledsolintel.com\/fr\/wp-json\/wp\/v2\/product_brand?post=269413"},{"taxonomy":"product_cat","embeddable":true,"href":"https:\/\/ledsolintel.com\/fr\/wp-json\/wp\/v2\/product_cat?post=269413"},{"taxonomy":"product_tag","embeddable":true,"href":"https:\/\/ledsolintel.com\/fr\/wp-json\/wp\/v2\/product_tag?post=269413"}],"curies":[{"name":"wp","href":"https:\/\/api.w.org\/{rel}","templated":true}]}}