{"id":269407,"date":"2025-11-11T17:14:38","date_gmt":"2025-11-11T16:14:38","guid":{"rendered":"https:\/\/nueva.ledsolintel.com\/product\/temporizador-digital-16a-para-cuadro-electrico\/"},"modified":"2026-04-07T10:18:50","modified_gmt":"2026-04-07T08:18:50","slug":"temporizador-digital-16a-para-cuadro-electrico","status":"publish","type":"product","link":"https:\/\/ledsolintel.com\/fr\/produit-2\/temporizador-digital-16a-para-cuadro-electrico\/","title":{"rendered":"Minuterie num\u00e9rique 16A pour tableau \u00e9lectrique"},"content":{"rendered":"<p>El reloj temporizador digital de 16A\u00a0es una soluci\u00f3n ideal para instalaciones en cuadros el\u00e9ctricos, proporcionando una conexi\u00f3n segura y fiable. Dise\u00f1ado para instalar en carril DIN, este\u00a0mecanismo\u00a0es f\u00e1cil de instalar y\u00a0soporta cargas de hasta 16A. Su amplio abanico de funciones permite automatizar cualquier instalaci\u00f3n el\u00e9ctrica, como por ejemplo: alumbrado interior\/exterior, sistemas de riego, calefacci\u00f3n, r\u00f3tulos, etc.  Las medidas del mecanismo son 87 x 35 x 64 mm y soporta una tensi\u00f3n de 220-240V a una frecuencia de 50\/60Hz. Debido a su grado de protecci\u00f3n IP20 es ideal para instalar en zonas interiores (protecci\u00f3n contra part\u00edculas s\u00f3lidas de tama\u00f1o superior a 12mm y no es resistente al agua). En caso de apagones, la memoria se conserva gracias a la bater\u00eda de litio integrada en el producto.  Dispone de una garant\u00eda de 3 a\u00f1os. Cuenta tambi\u00e9n con el certificado CE, que acredita que se cumple con los requisitos de la UE respecto a compatibilidad electromagn\u00e9tica y normativa de baja tensi\u00f3n. Con este certificado se declara la conformidad de dicho producto con todos los requisitos legales exigidos, y asegura la validez del producto para ser vendido en todo el Espacio Econ\u00f3mico Europeo.  Para m\u00e1s detalles, consultar\u00a0el manual de instrucciones disponible en el apartado &#8220;Manuales y descargas&#8221;<\/p>","protected":false},"excerpt":{"rendered":"<p>El reloj temporizador digital de 16A\u00a0es una soluci\u00f3n ideal para instalaciones en cuadros el\u00e9ctricos, proporcionando una conexi\u00f3n segura y fiable. Dise\u00f1ado para instalar en carril DIN, este\u00a0mecanismo\u00a0es f\u00e1cil de instalar y\u00a0soporta cargas de hasta 16A. Su amplio abanico de funciones permite automatizar cualquier instalaci\u00f3n el\u00e9ctrica, como por ejemplo: alumbrado interior\/exterior, sistemas de riego, calefacci\u00f3n, r\u00f3tulos, &hellip; <a href=\"https:\/\/ledsolintel.com\/fr\/produit-2\/temporizador-digital-16a-para-cuadro-electrico\/\" class=\"more-link\">Continue reading <span class=\"screen-reader-text\">Minuterie num\u00e9rique 16A pour tableau \u00e9lectrique<\/span><\/a><\/p>","protected":false},"featured_media":264522,"template":"","meta":[],"product_brand":[101370],"product_cat":[15,101371],"product_tag":[],"class_list":{"0":"post-269407","1":"product","2":"type-product","3":"status-publish","4":"has-post-thumbnail","6":"product_brand-masterled","7":"product_cat-uncategorized","8":"product_cat-masterled","9":"pa_intensidad-16a","12":"instock","13":"taxable","14":"shipping-taxable","15":"purchasable","16":"product-type-simple"},"yoast_head":"<!-- This site is optimized with the Yoast SEO plugin v26.6 - https:\/\/yoast.com\/wordpress\/plugins\/seo\/ -->\n<title>Temporizador digital 16A para cuadro el\u00e9ctrico - Ledsolintel<\/title>\n<meta name=\"robots\" content=\"index, follow, max-snippet:-1, max-image-preview:large, max-video-preview:-1\" \/>\n<link rel=\"canonical\" href=\"https:\/\/ledsolintel.com\/fr\/produit-2\/temporizador-digital-16a-para-cuadro-electrico\/\" \/>\n<meta property=\"og:locale\" content=\"fr_FR\" \/>\n<meta property=\"og:type\" content=\"article\" \/>\n<meta property=\"og:title\" content=\"Temporizador digital 16A para cuadro el\u00e9ctrico - Ledsolintel\" \/>\n<meta property=\"og:description\" content=\"El reloj temporizador digital de 16A\u00a0es una soluci\u00f3n ideal para instalaciones en cuadros el\u00e9ctricos, proporcionando una conexi\u00f3n segura y fiable. Dise\u00f1ado para instalar en carril DIN, este\u00a0mecanismo\u00a0es f\u00e1cil de instalar y\u00a0soporta cargas de hasta 16A. Su amplio abanico de funciones permite automatizar cualquier instalaci\u00f3n el\u00e9ctrica, como por ejemplo: alumbrado interior\/exterior, sistemas de riego, calefacci\u00f3n, r\u00f3tulos, &hellip; Continue reading Temporizador digital 16A para cuadro el\u00e9ctrico\" \/>\n<meta property=\"og:url\" content=\"https:\/\/ledsolintel.com\/fr\/produit-2\/temporizador-digital-16a-para-cuadro-electrico\/\" \/>\n<meta property=\"og:site_name\" content=\"Ledsolintel\" \/>\n<meta property=\"article:publisher\" content=\"http:\/\/www.facebook.com\/webmenaje\" \/>\n<meta property=\"article:modified_time\" content=\"2026-04-07T08:18:50+00:00\" \/>\n<meta property=\"og:image\" content=\"https:\/\/ledsolintel.com\/wp-content\/uploads\/2025\/11\/temporizador-digital-16a-para-cuadro-electrico.jpg\" \/>\n\t<meta property=\"og:image:width\" content=\"863\" \/>\n\t<meta property=\"og:image:height\" content=\"1200\" \/>\n\t<meta property=\"og:image:type\" content=\"image\/jpeg\" \/>\n<meta name=\"twitter:card\" content=\"summary_large_image\" \/>\n<meta name=\"twitter:site\" content=\"@webmenaje\" \/>\n<meta name=\"twitter:label1\" content=\"Dur\u00e9e de lecture estim\u00e9e\" \/>\n\t<meta name=\"twitter:data1\" content=\"1 minute\" \/>\n<script type=\"application\/ld+json\" class=\"yoast-schema-graph\">{\"@context\":\"https:\/\/schema.org\",\"@graph\":[{\"@type\":\"WebPage\",\"@id\":\"https:\/\/ledsolintel.com\/product\/temporizador-digital-16a-para-cuadro-electrico\/\",\"url\":\"https:\/\/ledsolintel.com\/product\/temporizador-digital-16a-para-cuadro-electrico\/\",\"name\":\"Temporizador digital 16A para cuadro el\u00e9ctrico - Ledsolintel\",\"isPartOf\":{\"@id\":\"https:\/\/ledsolintel.com\/#website\"},\"primaryImageOfPage\":{\"@id\":\"https:\/\/ledsolintel.com\/product\/temporizador-digital-16a-para-cuadro-electrico\/#primaryimage\"},\"image\":{\"@id\":\"https:\/\/ledsolintel.com\/product\/temporizador-digital-16a-para-cuadro-electrico\/#primaryimage\"},\"thumbnailUrl\":\"https:\/\/ledsolintel.com\/wp-content\/uploads\/2025\/11\/temporizador-digital-16a-para-cuadro-electrico.jpg\",\"datePublished\":\"2025-11-11T16:14:38+00:00\",\"dateModified\":\"2026-04-07T08:18:50+00:00\",\"breadcrumb\":{\"@id\":\"https:\/\/ledsolintel.com\/product\/temporizador-digital-16a-para-cuadro-electrico\/#breadcrumb\"},\"inLanguage\":\"fr-FR\",\"potentialAction\":[{\"@type\":\"ReadAction\",\"target\":[\"https:\/\/ledsolintel.com\/product\/temporizador-digital-16a-para-cuadro-electrico\/\"]}]},{\"@type\":\"ImageObject\",\"inLanguage\":\"fr-FR\",\"@id\":\"https:\/\/ledsolintel.com\/product\/temporizador-digital-16a-para-cuadro-electrico\/#primaryimage\",\"url\":\"https:\/\/ledsolintel.com\/wp-content\/uploads\/2025\/11\/temporizador-digital-16a-para-cuadro-electrico.jpg\",\"contentUrl\":\"https:\/\/ledsolintel.com\/wp-content\/uploads\/2025\/11\/temporizador-digital-16a-para-cuadro-electrico.jpg\",\"width\":863,\"height\":1200},{\"@type\":\"BreadcrumbList\",\"@id\":\"https:\/\/ledsolintel.com\/product\/temporizador-digital-16a-para-cuadro-electrico\/#breadcrumb\",\"itemListElement\":[{\"@type\":\"ListItem\",\"position\":1,\"name\":\"Portada\",\"item\":\"https:\/\/ledsolintel.com\/fr\/\"},{\"@type\":\"ListItem\",\"position\":2,\"name\":\"Tienda\",\"item\":\"https:\/\/ledsolintel.com\/tienda\/\"},{\"@type\":\"ListItem\",\"position\":3,\"name\":\"Temporizador digital 16A para cuadro el\u00e9ctrico\"}]},{\"@type\":\"WebSite\",\"@id\":\"https:\/\/ledsolintel.com\/#website\",\"url\":\"https:\/\/ledsolintel.com\/\",\"name\":\"Webmenaje\",\"description\":\"Tienda de bombillas y l\u00e1mparas LED para profesionales\",\"publisher\":{\"@id\":\"https:\/\/ledsolintel.com\/#organization\"},\"potentialAction\":[{\"@type\":\"SearchAction\",\"target\":{\"@type\":\"EntryPoint\",\"urlTemplate\":\"https:\/\/ledsolintel.com\/?s={search_term_string}\"},\"query-input\":{\"@type\":\"PropertyValueSpecification\",\"valueRequired\":true,\"valueName\":\"search_term_string\"}}],\"inLanguage\":\"fr-FR\"},{\"@type\":\"Organization\",\"@id\":\"https:\/\/ledsolintel.com\/#organization\",\"name\":\"Solintel Noroeste, S.L.\",\"url\":\"https:\/\/ledsolintel.com\/\",\"logo\":{\"@type\":\"ImageObject\",\"inLanguage\":\"fr-FR\",\"@id\":\"https:\/\/ledsolintel.com\/#\/schema\/logo\/image\/\",\"url\":\"https:\/\/ledsolintel.com\/wp-content\/uploads\/2024\/11\/webmenaje-logo-1508269066.jpg\",\"contentUrl\":\"https:\/\/ledsolintel.com\/wp-content\/uploads\/2024\/11\/webmenaje-logo-1508269066.jpg\",\"width\":370,\"height\":90,\"caption\":\"Solintel Noroeste, S.L.\"},\"image\":{\"@id\":\"https:\/\/ledsolintel.com\/#\/schema\/logo\/image\/\"},\"sameAs\":[\"http:\/\/www.facebook.com\/webmenaje\",\"https:\/\/x.com\/webmenaje\",\"https:\/\/www.youtube.com\/channel\/UCX2KoVoeCG4LocZjUc6LmSQ\",\"http:\/\/www.pinterest.com\/webmenaje\"]}]}<\/script>\n<!-- \/ Yoast SEO plugin. -->","yoast_head_json":{"title":"Temporizador digital 16A para cuadro el\u00e9ctrico - Ledsolintel","robots":{"index":"index","follow":"follow","max-snippet":"max-snippet:-1","max-image-preview":"max-image-preview:large","max-video-preview":"max-video-preview:-1"},"canonical":"https:\/\/ledsolintel.com\/fr\/produit-2\/temporizador-digital-16a-para-cuadro-electrico\/","og_locale":"fr_FR","og_type":"article","og_title":"Temporizador digital 16A para cuadro el\u00e9ctrico - Ledsolintel","og_description":"El reloj temporizador digital de 16A\u00a0es una soluci\u00f3n ideal para instalaciones en cuadros el\u00e9ctricos, proporcionando una conexi\u00f3n segura y fiable. Dise\u00f1ado para instalar en carril DIN, este\u00a0mecanismo\u00a0es f\u00e1cil de instalar y\u00a0soporta cargas de hasta 16A. Su amplio abanico de funciones permite automatizar cualquier instalaci\u00f3n el\u00e9ctrica, como por ejemplo: alumbrado interior\/exterior, sistemas de riego, calefacci\u00f3n, r\u00f3tulos, &hellip; Continue reading Temporizador digital 16A para cuadro el\u00e9ctrico","og_url":"https:\/\/ledsolintel.com\/fr\/produit-2\/temporizador-digital-16a-para-cuadro-electrico\/","og_site_name":"Ledsolintel","article_publisher":"http:\/\/www.facebook.com\/webmenaje","article_modified_time":"2026-04-07T08:18:50+00:00","og_image":[{"width":863,"height":1200,"url":"https:\/\/ledsolintel.com\/wp-content\/uploads\/2025\/11\/temporizador-digital-16a-para-cuadro-electrico.jpg","type":"image\/jpeg"}],"twitter_card":"summary_large_image","twitter_site":"@webmenaje","twitter_misc":{"Dur\u00e9e de lecture estim\u00e9e":"1 minute"},"schema":{"@context":"https:\/\/schema.org","@graph":[{"@type":"WebPage","@id":"https:\/\/ledsolintel.com\/product\/temporizador-digital-16a-para-cuadro-electrico\/","url":"https:\/\/ledsolintel.com\/product\/temporizador-digital-16a-para-cuadro-electrico\/","name":"Temporizador digital 16A para cuadro el\u00e9ctrico - Ledsolintel","isPartOf":{"@id":"https:\/\/ledsolintel.com\/#website"},"primaryImageOfPage":{"@id":"https:\/\/ledsolintel.com\/product\/temporizador-digital-16a-para-cuadro-electrico\/#primaryimage"},"image":{"@id":"https:\/\/ledsolintel.com\/product\/temporizador-digital-16a-para-cuadro-electrico\/#primaryimage"},"thumbnailUrl":"https:\/\/ledsolintel.com\/wp-content\/uploads\/2025\/11\/temporizador-digital-16a-para-cuadro-electrico.jpg","datePublished":"2025-11-11T16:14:38+00:00","dateModified":"2026-04-07T08:18:50+00:00","breadcrumb":{"@id":"https:\/\/ledsolintel.com\/product\/temporizador-digital-16a-para-cuadro-electrico\/#breadcrumb"},"inLanguage":"fr-FR","potentialAction":[{"@type":"ReadAction","target":["https:\/\/ledsolintel.com\/product\/temporizador-digital-16a-para-cuadro-electrico\/"]}]},{"@type":"ImageObject","inLanguage":"fr-FR","@id":"https:\/\/ledsolintel.com\/product\/temporizador-digital-16a-para-cuadro-electrico\/#primaryimage","url":"https:\/\/ledsolintel.com\/wp-content\/uploads\/2025\/11\/temporizador-digital-16a-para-cuadro-electrico.jpg","contentUrl":"https:\/\/ledsolintel.com\/wp-content\/uploads\/2025\/11\/temporizador-digital-16a-para-cuadro-electrico.jpg","width":863,"height":1200},{"@type":"BreadcrumbList","@id":"https:\/\/ledsolintel.com\/product\/temporizador-digital-16a-para-cuadro-electrico\/#breadcrumb","itemListElement":[{"@type":"ListItem","position":1,"name":"Portada","item":"https:\/\/ledsolintel.com\/fr\/"},{"@type":"ListItem","position":2,"name":"Tienda","item":"https:\/\/ledsolintel.com\/tienda\/"},{"@type":"ListItem","position":3,"name":"Temporizador digital 16A para cuadro el\u00e9ctrico"}]},{"@type":"WebSite","@id":"https:\/\/ledsolintel.com\/#website","url":"https:\/\/ledsolintel.com\/","name":"Webmenaje","description":"Magasin d'ampoules et de lampes LED pour les professionnels","publisher":{"@id":"https:\/\/ledsolintel.com\/#organization"},"potentialAction":[{"@type":"SearchAction","target":{"@type":"EntryPoint","urlTemplate":"https:\/\/ledsolintel.com\/?s={search_term_string}"},"query-input":{"@type":"PropertyValueSpecification","valueRequired":true,"valueName":"search_term_string"}}],"inLanguage":"fr-FR"},{"@type":"Organization","@id":"https:\/\/ledsolintel.com\/#organization","name":"Solintel Noroeste, S.L.","url":"https:\/\/ledsolintel.com\/","logo":{"@type":"ImageObject","inLanguage":"fr-FR","@id":"https:\/\/ledsolintel.com\/#\/schema\/logo\/image\/","url":"https:\/\/ledsolintel.com\/wp-content\/uploads\/2024\/11\/webmenaje-logo-1508269066.jpg","contentUrl":"https:\/\/ledsolintel.com\/wp-content\/uploads\/2024\/11\/webmenaje-logo-1508269066.jpg","width":370,"height":90,"caption":"Solintel Noroeste, S.L."},"image":{"@id":"https:\/\/ledsolintel.com\/#\/schema\/logo\/image\/"},"sameAs":["http:\/\/www.facebook.com\/webmenaje","https:\/\/x.com\/webmenaje","https:\/\/www.youtube.com\/channel\/UCX2KoVoeCG4LocZjUc6LmSQ","http:\/\/www.pinterest.com\/webmenaje"]}]}},"_links":{"self":[{"href":"https:\/\/ledsolintel.com\/fr\/wp-json\/wp\/v2\/product\/269407","targetHints":{"allow":["GET"]}}],"collection":[{"href":"https:\/\/ledsolintel.com\/fr\/wp-json\/wp\/v2\/product"}],"about":[{"href":"https:\/\/ledsolintel.com\/fr\/wp-json\/wp\/v2\/types\/product"}],"version-history":[{"count":1,"href":"https:\/\/ledsolintel.com\/fr\/wp-json\/wp\/v2\/product\/269407\/revisions"}],"predecessor-version":[{"id":269408,"href":"https:\/\/ledsolintel.com\/fr\/wp-json\/wp\/v2\/product\/269407\/revisions\/269408"}],"wp:featuredmedia":[{"embeddable":true,"href":"https:\/\/ledsolintel.com\/fr\/wp-json\/wp\/v2\/media\/264522"}],"wp:attachment":[{"href":"https:\/\/ledsolintel.com\/fr\/wp-json\/wp\/v2\/media?parent=269407"}],"wp:term":[{"taxonomy":"product_brand","embeddable":true,"href":"https:\/\/ledsolintel.com\/fr\/wp-json\/wp\/v2\/product_brand?post=269407"},{"taxonomy":"product_cat","embeddable":true,"href":"https:\/\/ledsolintel.com\/fr\/wp-json\/wp\/v2\/product_cat?post=269407"},{"taxonomy":"product_tag","embeddable":true,"href":"https:\/\/ledsolintel.com\/fr\/wp-json\/wp\/v2\/product_tag?post=269407"}],"curies":[{"name":"wp","href":"https:\/\/api.w.org\/{rel}","templated":true}]}}