{"id":269404,"date":"2025-11-11T17:14:34","date_gmt":"2025-11-11T16:14:34","guid":{"rendered":"https:\/\/nueva.ledsolintel.com\/product\/prensaestopas-metalico-m20x1-5\/"},"modified":"2026-04-07T10:18:50","modified_gmt":"2026-04-07T08:18:50","slug":"prensaestopas-metalico-m20x1-5","status":"publish","type":"product","link":"https:\/\/ledsolintel.com\/fr\/produit-2\/prensaestopas-metalico-m20x1-5\/","title":{"rendered":"Presse-\u00e9toupe m\u00e9tallique M20x1,5"},"content":{"rendered":"<p>Prensaestopas de lat\u00f3n niquelado, apto para cables de di\u00e1metro exterior entre 6mm y 12mm. Se puede instalar tanto en interiores como exteriores, gracias a su grado de protecci\u00f3n IP68 (protecci\u00f3n contra inmersi\u00f3n en agua).  Su base\u00a0 roscada de m\u00e9trica M20 x 1.5 permite el acople en cajas de derivaci\u00f3n con rosca hembra de la misma medida. Es ideal para asegurar cables en todo tipo de instalaciones el\u00e9ctricas, tanto en entornos dom\u00e9sticos como industriales.  Dispone de una garant\u00eda de 3 a\u00f1os. Cuenta tambi\u00e9n con el certificado CE, que acredita que se cumple con los requisitos de la UE respecto a compatibilidad electromagn\u00e9tica y normativa de baja tensi\u00f3n. Con este certificado se declara la conformidad de dicho producto con todos los requisitos legales exigidos, y asegura la validez del producto para ser vendido en todo el Espacio Econ\u00f3mico Europeo.<\/p>","protected":false},"excerpt":{"rendered":"<p>Prensaestopas de lat\u00f3n niquelado, apto para cables de di\u00e1metro exterior entre 6mm y 12mm. Se puede instalar tanto en interiores como exteriores, gracias a su grado de protecci\u00f3n IP68 (protecci\u00f3n contra inmersi\u00f3n en agua). Su base\u00a0 roscada de m\u00e9trica M20 x 1.5 permite el acople en cajas de derivaci\u00f3n con rosca hembra de la misma &hellip; <a href=\"https:\/\/ledsolintel.com\/fr\/produit-2\/prensaestopas-metalico-m20x1-5\/\" class=\"more-link\">Continue reading <span class=\"screen-reader-text\">Presse-\u00e9toupe m\u00e9tallique M20x1,5<\/span><\/a><\/p>","protected":false},"featured_media":264514,"template":"","meta":[],"product_brand":[101370],"product_cat":[101371,15],"product_tag":[],"class_list":{"0":"post-269404","1":"product","2":"type-product","3":"status-publish","4":"has-post-thumbnail","6":"product_brand-masterled","7":"product_cat-masterled","8":"product_cat-uncategorized","9":"pa_color-plata","12":"instock","13":"taxable","14":"shipping-taxable","15":"purchasable","16":"product-type-simple"},"yoast_head":"<!-- This site is optimized with the Yoast SEO plugin v26.6 - https:\/\/yoast.com\/wordpress\/plugins\/seo\/ -->\n<title>Prensaestopas met\u00e1lico M20x1.5 - Ledsolintel<\/title>\n<meta name=\"robots\" content=\"index, follow, max-snippet:-1, max-image-preview:large, max-video-preview:-1\" \/>\n<link rel=\"canonical\" href=\"https:\/\/ledsolintel.com\/fr\/produit-2\/prensaestopas-metalico-m20x1-5\/\" \/>\n<meta property=\"og:locale\" content=\"fr_FR\" \/>\n<meta property=\"og:type\" content=\"article\" \/>\n<meta property=\"og:title\" content=\"Prensaestopas met\u00e1lico M20x1.5 - Ledsolintel\" \/>\n<meta property=\"og:description\" content=\"Prensaestopas de lat\u00f3n niquelado, apto para cables de di\u00e1metro exterior entre 6mm y 12mm. Se puede instalar tanto en interiores como exteriores, gracias a su grado de protecci\u00f3n IP68 (protecci\u00f3n contra inmersi\u00f3n en agua). Su base\u00a0 roscada de m\u00e9trica M20 x 1.5 permite el acople en cajas de derivaci\u00f3n con rosca hembra de la misma &hellip; Continue reading Prensaestopas met\u00e1lico M20x1.5\" \/>\n<meta property=\"og:url\" content=\"https:\/\/ledsolintel.com\/fr\/produit-2\/prensaestopas-metalico-m20x1-5\/\" \/>\n<meta property=\"og:site_name\" content=\"Ledsolintel\" \/>\n<meta property=\"article:publisher\" content=\"http:\/\/www.facebook.com\/webmenaje\" \/>\n<meta property=\"article:modified_time\" content=\"2026-04-07T08:18:50+00:00\" \/>\n<meta property=\"og:image\" content=\"https:\/\/ledsolintel.com\/wp-content\/uploads\/2025\/11\/prensaestopas-metalico-m20x15.jpg\" \/>\n\t<meta property=\"og:image:width\" content=\"1500\" \/>\n\t<meta property=\"og:image:height\" content=\"1500\" \/>\n\t<meta property=\"og:image:type\" content=\"image\/jpeg\" \/>\n<meta name=\"twitter:card\" content=\"summary_large_image\" \/>\n<meta name=\"twitter:site\" content=\"@webmenaje\" \/>\n<meta name=\"twitter:label1\" content=\"Dur\u00e9e de lecture estim\u00e9e\" \/>\n\t<meta name=\"twitter:data1\" content=\"1 minute\" \/>\n<script type=\"application\/ld+json\" class=\"yoast-schema-graph\">{\"@context\":\"https:\/\/schema.org\",\"@graph\":[{\"@type\":\"WebPage\",\"@id\":\"https:\/\/ledsolintel.com\/product\/prensaestopas-metalico-m20x1-5\/\",\"url\":\"https:\/\/ledsolintel.com\/product\/prensaestopas-metalico-m20x1-5\/\",\"name\":\"Prensaestopas met\u00e1lico M20x1.5 - Ledsolintel\",\"isPartOf\":{\"@id\":\"https:\/\/ledsolintel.com\/#website\"},\"primaryImageOfPage\":{\"@id\":\"https:\/\/ledsolintel.com\/product\/prensaestopas-metalico-m20x1-5\/#primaryimage\"},\"image\":{\"@id\":\"https:\/\/ledsolintel.com\/product\/prensaestopas-metalico-m20x1-5\/#primaryimage\"},\"thumbnailUrl\":\"https:\/\/ledsolintel.com\/wp-content\/uploads\/2025\/11\/prensaestopas-metalico-m20x15.jpg\",\"datePublished\":\"2025-11-11T16:14:34+00:00\",\"dateModified\":\"2026-04-07T08:18:50+00:00\",\"breadcrumb\":{\"@id\":\"https:\/\/ledsolintel.com\/product\/prensaestopas-metalico-m20x1-5\/#breadcrumb\"},\"inLanguage\":\"fr-FR\",\"potentialAction\":[{\"@type\":\"ReadAction\",\"target\":[\"https:\/\/ledsolintel.com\/product\/prensaestopas-metalico-m20x1-5\/\"]}]},{\"@type\":\"ImageObject\",\"inLanguage\":\"fr-FR\",\"@id\":\"https:\/\/ledsolintel.com\/product\/prensaestopas-metalico-m20x1-5\/#primaryimage\",\"url\":\"https:\/\/ledsolintel.com\/wp-content\/uploads\/2025\/11\/prensaestopas-metalico-m20x15.jpg\",\"contentUrl\":\"https:\/\/ledsolintel.com\/wp-content\/uploads\/2025\/11\/prensaestopas-metalico-m20x15.jpg\",\"width\":1500,\"height\":1500},{\"@type\":\"BreadcrumbList\",\"@id\":\"https:\/\/ledsolintel.com\/product\/prensaestopas-metalico-m20x1-5\/#breadcrumb\",\"itemListElement\":[{\"@type\":\"ListItem\",\"position\":1,\"name\":\"Portada\",\"item\":\"https:\/\/ledsolintel.com\/fr\/\"},{\"@type\":\"ListItem\",\"position\":2,\"name\":\"Tienda\",\"item\":\"https:\/\/ledsolintel.com\/tienda\/\"},{\"@type\":\"ListItem\",\"position\":3,\"name\":\"Prensaestopas met\u00e1lico M20x1.5\"}]},{\"@type\":\"WebSite\",\"@id\":\"https:\/\/ledsolintel.com\/#website\",\"url\":\"https:\/\/ledsolintel.com\/\",\"name\":\"Webmenaje\",\"description\":\"Tienda de bombillas y l\u00e1mparas LED para profesionales\",\"publisher\":{\"@id\":\"https:\/\/ledsolintel.com\/#organization\"},\"potentialAction\":[{\"@type\":\"SearchAction\",\"target\":{\"@type\":\"EntryPoint\",\"urlTemplate\":\"https:\/\/ledsolintel.com\/?s={search_term_string}\"},\"query-input\":{\"@type\":\"PropertyValueSpecification\",\"valueRequired\":true,\"valueName\":\"search_term_string\"}}],\"inLanguage\":\"fr-FR\"},{\"@type\":\"Organization\",\"@id\":\"https:\/\/ledsolintel.com\/#organization\",\"name\":\"Solintel Noroeste, S.L.\",\"url\":\"https:\/\/ledsolintel.com\/\",\"logo\":{\"@type\":\"ImageObject\",\"inLanguage\":\"fr-FR\",\"@id\":\"https:\/\/ledsolintel.com\/#\/schema\/logo\/image\/\",\"url\":\"https:\/\/ledsolintel.com\/wp-content\/uploads\/2024\/11\/webmenaje-logo-1508269066.jpg\",\"contentUrl\":\"https:\/\/ledsolintel.com\/wp-content\/uploads\/2024\/11\/webmenaje-logo-1508269066.jpg\",\"width\":370,\"height\":90,\"caption\":\"Solintel Noroeste, S.L.\"},\"image\":{\"@id\":\"https:\/\/ledsolintel.com\/#\/schema\/logo\/image\/\"},\"sameAs\":[\"http:\/\/www.facebook.com\/webmenaje\",\"https:\/\/x.com\/webmenaje\",\"https:\/\/www.youtube.com\/channel\/UCX2KoVoeCG4LocZjUc6LmSQ\",\"http:\/\/www.pinterest.com\/webmenaje\"]}]}<\/script>\n<!-- \/ Yoast SEO plugin. -->","yoast_head_json":{"title":"Prensaestopas met\u00e1lico M20x1.5 - Ledsolintel","robots":{"index":"index","follow":"follow","max-snippet":"max-snippet:-1","max-image-preview":"max-image-preview:large","max-video-preview":"max-video-preview:-1"},"canonical":"https:\/\/ledsolintel.com\/fr\/produit-2\/prensaestopas-metalico-m20x1-5\/","og_locale":"fr_FR","og_type":"article","og_title":"Prensaestopas met\u00e1lico M20x1.5 - Ledsolintel","og_description":"Prensaestopas de lat\u00f3n niquelado, apto para cables de di\u00e1metro exterior entre 6mm y 12mm. Se puede instalar tanto en interiores como exteriores, gracias a su grado de protecci\u00f3n IP68 (protecci\u00f3n contra inmersi\u00f3n en agua). Su base\u00a0 roscada de m\u00e9trica M20 x 1.5 permite el acople en cajas de derivaci\u00f3n con rosca hembra de la misma &hellip; Continue reading Prensaestopas met\u00e1lico M20x1.5","og_url":"https:\/\/ledsolintel.com\/fr\/produit-2\/prensaestopas-metalico-m20x1-5\/","og_site_name":"Ledsolintel","article_publisher":"http:\/\/www.facebook.com\/webmenaje","article_modified_time":"2026-04-07T08:18:50+00:00","og_image":[{"width":1500,"height":1500,"url":"https:\/\/ledsolintel.com\/wp-content\/uploads\/2025\/11\/prensaestopas-metalico-m20x15.jpg","type":"image\/jpeg"}],"twitter_card":"summary_large_image","twitter_site":"@webmenaje","twitter_misc":{"Dur\u00e9e de lecture estim\u00e9e":"1 minute"},"schema":{"@context":"https:\/\/schema.org","@graph":[{"@type":"WebPage","@id":"https:\/\/ledsolintel.com\/product\/prensaestopas-metalico-m20x1-5\/","url":"https:\/\/ledsolintel.com\/product\/prensaestopas-metalico-m20x1-5\/","name":"Prensaestopas met\u00e1lico M20x1.5 - Ledsolintel","isPartOf":{"@id":"https:\/\/ledsolintel.com\/#website"},"primaryImageOfPage":{"@id":"https:\/\/ledsolintel.com\/product\/prensaestopas-metalico-m20x1-5\/#primaryimage"},"image":{"@id":"https:\/\/ledsolintel.com\/product\/prensaestopas-metalico-m20x1-5\/#primaryimage"},"thumbnailUrl":"https:\/\/ledsolintel.com\/wp-content\/uploads\/2025\/11\/prensaestopas-metalico-m20x15.jpg","datePublished":"2025-11-11T16:14:34+00:00","dateModified":"2026-04-07T08:18:50+00:00","breadcrumb":{"@id":"https:\/\/ledsolintel.com\/product\/prensaestopas-metalico-m20x1-5\/#breadcrumb"},"inLanguage":"fr-FR","potentialAction":[{"@type":"ReadAction","target":["https:\/\/ledsolintel.com\/product\/prensaestopas-metalico-m20x1-5\/"]}]},{"@type":"ImageObject","inLanguage":"fr-FR","@id":"https:\/\/ledsolintel.com\/product\/prensaestopas-metalico-m20x1-5\/#primaryimage","url":"https:\/\/ledsolintel.com\/wp-content\/uploads\/2025\/11\/prensaestopas-metalico-m20x15.jpg","contentUrl":"https:\/\/ledsolintel.com\/wp-content\/uploads\/2025\/11\/prensaestopas-metalico-m20x15.jpg","width":1500,"height":1500},{"@type":"BreadcrumbList","@id":"https:\/\/ledsolintel.com\/product\/prensaestopas-metalico-m20x1-5\/#breadcrumb","itemListElement":[{"@type":"ListItem","position":1,"name":"Portada","item":"https:\/\/ledsolintel.com\/fr\/"},{"@type":"ListItem","position":2,"name":"Tienda","item":"https:\/\/ledsolintel.com\/tienda\/"},{"@type":"ListItem","position":3,"name":"Prensaestopas met\u00e1lico M20x1.5"}]},{"@type":"WebSite","@id":"https:\/\/ledsolintel.com\/#website","url":"https:\/\/ledsolintel.com\/","name":"Webmenaje","description":"Magasin d'ampoules et de lampes LED pour les professionnels","publisher":{"@id":"https:\/\/ledsolintel.com\/#organization"},"potentialAction":[{"@type":"SearchAction","target":{"@type":"EntryPoint","urlTemplate":"https:\/\/ledsolintel.com\/?s={search_term_string}"},"query-input":{"@type":"PropertyValueSpecification","valueRequired":true,"valueName":"search_term_string"}}],"inLanguage":"fr-FR"},{"@type":"Organization","@id":"https:\/\/ledsolintel.com\/#organization","name":"Solintel Noroeste, S.L.","url":"https:\/\/ledsolintel.com\/","logo":{"@type":"ImageObject","inLanguage":"fr-FR","@id":"https:\/\/ledsolintel.com\/#\/schema\/logo\/image\/","url":"https:\/\/ledsolintel.com\/wp-content\/uploads\/2024\/11\/webmenaje-logo-1508269066.jpg","contentUrl":"https:\/\/ledsolintel.com\/wp-content\/uploads\/2024\/11\/webmenaje-logo-1508269066.jpg","width":370,"height":90,"caption":"Solintel Noroeste, S.L."},"image":{"@id":"https:\/\/ledsolintel.com\/#\/schema\/logo\/image\/"},"sameAs":["http:\/\/www.facebook.com\/webmenaje","https:\/\/x.com\/webmenaje","https:\/\/www.youtube.com\/channel\/UCX2KoVoeCG4LocZjUc6LmSQ","http:\/\/www.pinterest.com\/webmenaje"]}]}},"_links":{"self":[{"href":"https:\/\/ledsolintel.com\/fr\/wp-json\/wp\/v2\/product\/269404","targetHints":{"allow":["GET"]}}],"collection":[{"href":"https:\/\/ledsolintel.com\/fr\/wp-json\/wp\/v2\/product"}],"about":[{"href":"https:\/\/ledsolintel.com\/fr\/wp-json\/wp\/v2\/types\/product"}],"version-history":[{"count":1,"href":"https:\/\/ledsolintel.com\/fr\/wp-json\/wp\/v2\/product\/269404\/revisions"}],"predecessor-version":[{"id":269405,"href":"https:\/\/ledsolintel.com\/fr\/wp-json\/wp\/v2\/product\/269404\/revisions\/269405"}],"wp:featuredmedia":[{"embeddable":true,"href":"https:\/\/ledsolintel.com\/fr\/wp-json\/wp\/v2\/media\/264514"}],"wp:attachment":[{"href":"https:\/\/ledsolintel.com\/fr\/wp-json\/wp\/v2\/media?parent=269404"}],"wp:term":[{"taxonomy":"product_brand","embeddable":true,"href":"https:\/\/ledsolintel.com\/fr\/wp-json\/wp\/v2\/product_brand?post=269404"},{"taxonomy":"product_cat","embeddable":true,"href":"https:\/\/ledsolintel.com\/fr\/wp-json\/wp\/v2\/product_cat?post=269404"},{"taxonomy":"product_tag","embeddable":true,"href":"https:\/\/ledsolintel.com\/fr\/wp-json\/wp\/v2\/product_tag?post=269404"}],"curies":[{"name":"wp","href":"https:\/\/api.w.org\/{rel}","templated":true}]}}