{"id":269383,"date":"2025-11-11T17:14:06","date_gmt":"2025-11-11T16:14:06","guid":{"rendered":"https:\/\/nueva.ledsolintel.com\/product\/barra-estanca-atex-led-slim-30w-600mm\/"},"modified":"2026-04-07T10:18:50","modified_gmt":"2026-04-07T08:18:50","slug":"atex-slim-led-watertight-bar-30w-600mm","status":"publish","type":"product","link":"https:\/\/ledsolintel.com\/fr\/produit-2\/atex-slim-led-watertight-bar-30w-600mm\/","title":{"rendered":"Barre LED ATEX LED SLIM 30W 600mm \u00e9tanche"},"content":{"rendered":"<p>Cette barre lumineuse LED \u00e9tanche est con\u00e7ue pour les environnements industriels explosifs. Elle est conforme aux r\u00e9glementations strictes ATEX et RoHS, ce qui garantit une utilisation s\u00fbre dans les zones dangereuses (zones 1, 2, 21 et 22).  L'indice de protection IP65 garantit la r\u00e9sistance \u00e0 l'eau et \u00e0 la poussi\u00e8re, ce qui la rend id\u00e9ale pour les installations int\u00e9rieures et ext\u00e9rieures, m\u00eame dans des conditions m\u00e9t\u00e9orologiques extr\u00eames.   Il comprend un support m\u00e9tallique pour une installation en surface, ce qui le rend facile \u00e0 monter dans n'importe quel environnement.    Conformit\u00e9 r\u00e9glementaire Certification ATEX : Convient aux zones 1 et 2 (gaz) + zones 21 et 22 (poussi\u00e8re).  Certifications suppl\u00e9mentaires : RoHS, conforme aux normes de s\u00e9curit\u00e9 et de compatibilit\u00e9 \u00e9cologique.  Marquage ATEX : II GD Ex db eb IIC T6 Gb ; Ex tb IIIC T(80\u00ba) Db.    \u2705 Caract\u00e9ristiques Puissance : 30W, avec un flux lumineux de 3000 lumens, id\u00e9al pour un \u00e9clairage fonctionnel et efficace.  Temp\u00e9rature de couleur : Blanc froid (6000K), parfait pour les zones de travail et les espaces industriels.  Angle d'ouverture : 120\u00b0, assurant une couverture large et uniforme.  Diffuseur : opaque, pour \u00e9viter l'\u00e9blouissement et assurer une distribution uniforme de la lumi\u00e8re.    Dimensions et mat\u00e9riaux Dimensions : 600 x 164 x 35 mm, conception compacte et l\u00e9g\u00e8re.  Mat\u00e9riau : en aluminium et PVC avec peinture \u00e9lectrostatique anticorrosion, garantissant la durabilit\u00e9 dans les environnements hostiles.  Degr\u00e9 de protection : IP65 (r\u00e9sistant \u00e0 l'eau et \u00e0 la poussi\u00e8re).  Protection contre les chocs : IK10, id\u00e9al pour les zones expos\u00e9es aux chocs et aux vibrations.    Garantie et garantie \u00e0 vie : Nous offrons une garantie de 5 ans, garantissant la qualit\u00e9 et la fiabilit\u00e9 du produit.  Dur\u00e9e de vie : Plus de 35 000 heures, con\u00e7u pour durer et offrir des performances constantes pendant des ann\u00e9es.    Installation et montage Support m\u00e9tallique : pour un montage facile en surface.  Entretien : Nettoyer p\u00e9riodiquement avec un chiffon humide pour \u00e9viter l'accumulation de poussi\u00e8re ou de salet\u00e9. Ne pas utiliser de produits chimiques abrasifs.    Caract\u00e9ristiques techniques de la barre LED SLIM 30W ATEX Dimensions : 600 x 164 x 35 mm.  Puissance : 30W.  Flux lumineux : 3000 lumens.  Temp\u00e9rature de couleur : Blanc froid (6000K).  Angle d'ouverture : 120\u00b0.  Diffuseur : Opaque.  Facteur de puissance : 0,98.  Type de LED : SMD.  Tension d'entr\u00e9e : 85-265V AC.  Fr\u00e9quence : 50 Hz.  Mat\u00e9riau : Fabriqu\u00e9 en aluminium et PVC.  Degr\u00e9 de protection : IP65 (r\u00e9sistant \u00e0 l'eau et \u00e0 la poussi\u00e8re).  Degr\u00e9 de protection contre les chocs : IK10.  Dur\u00e9e de vie : 35 000 heures.  Temp\u00e9rature de fonctionnement : -25\u00b0C \u00e0 +45\u00b0C.  Certifications : ATEX, RoHS.  Garantie : 5 ans.  Grade anti-corrosion : WF2.  Marquage ATEX : II GD Ex db eb IIC T6 Gb ; Ex tb IIIC T(80\u00ba) Db.  Adapt\u00e9 aux zones : Zones 1 et 2 (gaz) + Zones 21 et 22 (poussi\u00e8res).  Verrouillage de s\u00e9curit\u00e9 : au moyen d'une cl\u00e9 hexagonale (cl\u00e9 non incluse).  Support : Comprend des supports m\u00e9talliques pour une installation en surface.    Doutes sur les barres \u00e9tanches ATEX Qu'est-ce qu'un \u00e9cran \u00e9tanche et en quoi diff\u00e8re-t-il d'une barre \u00e9tanche ?  \u00c9cran \u00e9tanche : Il s'agit d'un type de luminaire con\u00e7u pour abriter et prot\u00e9ger des tubes LED (g\u00e9n\u00e9ralement T8) \u00e0 l'int\u00e9rieur d'un bo\u00eetier \u00e9tanche. Il est destin\u00e9 \u00e0 \u00eatre utilis\u00e9 avec des tubes LED interchangeables, ce qui permet une certaine flexibilit\u00e9 dans le choix du type de tube.  Barre \u00e9tanche : il s'agit d'un luminaire int\u00e9gr\u00e9 qui comprend d\u00e9j\u00e0 des LED dans sa conception. Il ne n\u00e9cessite pas l'utilisation de tubes LED suppl\u00e9mentaires, ce qui le rend plus compact et plus facile \u00e0 installer. Quelle est la principale utilisation d'un bouclier \u00e9tanche par rapport \u00e0 une barre \u00e9tanche ?  Bouclier \u00e9tanche : id\u00e9al pour les environnements industriels n\u00e9cessitant un \u00e9clairage modulaire et flexible. Les tubes LED peuvent \u00eatre remplac\u00e9s ou mis \u00e0 niveau en fonction des besoins, ce qui permet de r\u00e9aliser des installations importantes et durables.  Barre \u00e9tanche : parfaite pour les applications n\u00e9cessitant une solution compacte, efficace et n\u00e9cessitant peu d'entretien. Elle est id\u00e9ale pour les petits espaces ou lorsque vous ne souhaitez pas changer fr\u00e9quemment les composants internes. Quel type de technologie d'\u00e9clairage utilisez-vous ?  Affichage \u00e9tanche : utilise des tubes LED qui doivent \u00eatre achet\u00e9s et install\u00e9s s\u00e9par\u00e9ment. Cela permet de personnaliser la puissance et la temp\u00e9rature de couleur en fonction des besoins sp\u00e9cifiques.  Barre \u00e9tanche : incorpore des LED SMD directement dans sa conception, ce qui \u00e9limine le besoin de tubes externes. Cela garantit des performances constantes et r\u00e9duit le temps d'installation. Dans quels environnements l'utilisation de chacun de ces produits est-elle recommand\u00e9e ?  Bouclier \u00e9tanche : convient aux grandes zones industrielles telles que les usines, les entrep\u00f4ts ou les entrep\u00f4ts logistiques, o\u00f9 un \u00e9clairage uniforme et modulaire est n\u00e9cessaire. \u00c9galement courant dans les zones dangereuses (ATEX) o\u00f9 les tubes LED peuvent \u00eatre remplac\u00e9s sans changer l'ensemble du luminaire.  Barre \u00e9tanche : id\u00e9ale pour les environnements plus compacts tels que les ateliers, les couloirs, les cabines de peinture ou les espaces ext\u00e9rieurs. Sa conception l\u00e9g\u00e8re et \u00e9tanche la rend id\u00e9ale pour les espaces limit\u00e9s ou lorsqu'une solution rapide et efficace est requise. Quel est le degr\u00e9 de protection des \u00e9crans \u00e9tanches par rapport aux barres \u00e9tanches ?  Les deux ont des degr\u00e9s de protection similaires, mais qui peuvent varier en fonction du mod\u00e8le : \u00c9cran \u00e9tanche : il a g\u00e9n\u00e9ralement un indice IP66 ou sup\u00e9rieur, ce qui le rend r\u00e9sistant \u00e0 la poussi\u00e8re et aux jets d'eau puissants.  Barre \u00e9tanche : g\u00e9n\u00e9ralement IP65, id\u00e9al pour r\u00e9sister aux \u00e9claboussures d'eau et \u00e0 la poussi\u00e8re, bien que certains mod\u00e8les puissent atteindre IP66 ou IP68. Lequel est le plus facile \u00e0 installer ?  Afficheur \u00e9tanche : n\u00e9cessite plus de temps d'installation car il faut connecter les tubes LED \u00e0 l'int\u00e9rieur et s'assurer qu'ils sont correctement positionn\u00e9s. L'ouverture et la fermeture du bo\u00eetier peuvent \u00e9galement n\u00e9cessiter des outils sp\u00e9ciaux.  Barre \u00e9tanche : plus facile \u00e0 installer car elle est livr\u00e9e enti\u00e8rement assembl\u00e9e et pr\u00eate \u00e0 l'emploi. Il suffit de la fixer au sol et de la raccorder au r\u00e9seau \u00e9lectrique. Quels sont les avantages d'un \u00e9cran \u00e9tanche par rapport \u00e0 une barre \u00e9tanche ?  Afficheur \u00e9tanche : Plus grande flexibilit\u00e9 dans le choix du type de tube LED.  Facilit\u00e9 de remplacement des composants individuels en cas de d\u00e9faillance.  Id\u00e9al pour les grands projets o\u00f9 la modularit\u00e9 est requise.    Barre \u00e9tanche : design compact et moderne.  Moins d'entretien gr\u00e2ce \u00e0 la construction int\u00e9gr\u00e9e.  Installation rapide et facile. Lequel est le plus \u00e9conome en \u00e9nergie ?  Affichage \u00e9tanche : L'efficacit\u00e9 d\u00e9pend du type de tube LED utilis\u00e9. Certains tubes LED de haute qualit\u00e9 peuvent offrir des performances similaires \u00e0 celles des barres \u00e9tanches. Toutefois, la consommation totale peut \u00eatre l\u00e9g\u00e8rement sup\u00e9rieure en raison de la n\u00e9cessit\u00e9 de supporter plusieurs tubes.  Barre scell\u00e9e : g\u00e9n\u00e9ralement plus \u00e9conome en \u00e9nergie car elle est sp\u00e9cifiquement con\u00e7ue pour maximiser les performances des LED int\u00e9gr\u00e9es, r\u00e9duisant ainsi la consommation d'\u00e9nergie. Quels sont les co\u00fbts associ\u00e9s \u00e0 chaque option ?  \u00c9cran \u00e9tanche : le co\u00fbt initial peut \u00eatre inf\u00e9rieur si l'\u00e9cran n'est pas \u00e9quip\u00e9 de tubes LED, mais il augmente lorsque des tubes sont inclus. En outre, l'entretien et le remplacement des tubes entra\u00eenent des co\u00fbts suppl\u00e9mentaires.  Barre \u00e9tanche : le co\u00fbt initial est plus \u00e9lev\u00e9 en raison de sa conception int\u00e9gr\u00e9e, mais il r\u00e9duit les co\u00fbts \u00e0 long terme gr\u00e2ce \u00e0 une maintenance r\u00e9duite et \u00e0 une dur\u00e9e de vie plus longue. Quelle option a une dur\u00e9e de vie plus longue ?  Affichage \u00e9tanche : la dur\u00e9e de vie d\u00e9pend des tubes LED utilis\u00e9s. Si les tubes sont de haute qualit\u00e9, ils peuvent durer jusqu'\u00e0 50 000 heures, mais devront \u00e9ventuellement \u00eatre remplac\u00e9s.  Barre \u00e9tanche : la dur\u00e9e de vie est g\u00e9n\u00e9ralement plus longue et plus pr\u00e9visible, entre 30 000 et 50 000 heures, car les LED sont int\u00e9gr\u00e9es et ne n\u00e9cessitent pas d'entretien fr\u00e9quent. Quelle est la solution la plus adapt\u00e9e aux zones dangereuses (ATEX) ?  Les deux options peuvent \u00eatre certifi\u00e9es pour une utilisation dans les zones dangereuses, mais : Bouclier \u00e9tanche : il est plus courant dans les grandes zones industrielles et dangereuses (zones 1, 2, 21 et 22) en raison de sa capacit\u00e9 \u00e0 s'adapter \u00e0 diff\u00e9rents types de tubes LED certifi\u00e9s ATEX.  Barre \u00e9tanche : id\u00e9ale pour les zones plus petites ou sp\u00e9cifiques pr\u00e9sentant un risque d'explosion, telles que les cabines de peinture ou les stations-service, gr\u00e2ce \u00e0 sa conception compacte et efficace. Quels sont les mat\u00e9riaux utilis\u00e9s pour les \u00e9crans \u00e9tanches et les barres \u00e9tanches ?  Bouclier \u00e9tanche : Fabriqu\u00e9 dans des mat\u00e9riaux robustes tels que l'ABS, le PS ou l'aluminium, avec des grilles de protection et du verre tremp\u00e9.  Barre \u00e9tanche : construite en aluminium et PVC ou mat\u00e9riaux similaires, privil\u00e9giant la l\u00e9g\u00e8ret\u00e9 et la r\u00e9sistance aux chocs (IK10). Quelles sont les options de temp\u00e9rature de couleur disponibles ?  \u00c9tanche : d\u00e9pend du tube LED utilis\u00e9, permettant une large gamme de temp\u00e9ratures de couleur (de 3000K \u00e0 6500K).  Barre \u00e9tanche : g\u00e9n\u00e9ralement livr\u00e9e avec une temp\u00e9rature de couleur fixe, g\u00e9n\u00e9ralement autour de 6000K (lumi\u00e8re blanche froide), bien que certaines versions puissent offrir des options suppl\u00e9mentaires.<\/p>","protected":false},"excerpt":{"rendered":"<p>Esta Barra de iluminaci\u00f3n LED estanca est\u00e1 dise\u00f1ada para entornos industriales con riesgo de explosi\u00f3n. Cumple con las estrictas normativas ATEX y RoHS garantizando su uso seguro en zonas clasificadas como peligrosas (Zonas 1, 2, 21 y 22). Con un grado de protecci\u00f3n IP65 asegura su resistencia al agua y al polvo, lo que la &hellip; <a href=\"https:\/\/ledsolintel.com\/fr\/produit-2\/atex-slim-led-watertight-bar-30w-600mm\/\" class=\"more-link\">Continue reading <span class=\"screen-reader-text\">Barre LED ATEX LED SLIM 30W 600mm \u00e9tanche<\/span><\/a><\/p>","protected":false},"featured_media":264471,"template":"","meta":[],"product_brand":[101370],"product_cat":[101371,15],"product_tag":[],"class_list":{"0":"post-269383","1":"product","2":"type-product","3":"status-publish","4":"has-post-thumbnail","6":"product_brand-masterled","7":"product_cat-masterled","8":"product_cat-uncategorized","9":"pa_temperatura-color-luz-blanca","12":"instock","13":"taxable","14":"shipping-taxable","15":"purchasable","16":"product-type-simple"},"yoast_head":"<!-- This site is optimized with the Yoast SEO plugin v27.4 - https:\/\/yoast.com\/product\/yoast-seo-wordpress\/ -->\n<title>Barra estanca ATEX LED SLIM 30W 600mm - Ledsolintel<\/title>\n<meta name=\"robots\" content=\"index, follow, max-snippet:-1, max-image-preview:large, max-video-preview:-1\" \/>\n<link rel=\"canonical\" href=\"https:\/\/ledsolintel.com\/fr\/produit-2\/atex-slim-led-watertight-bar-30w-600mm\/\" \/>\n<meta property=\"og:locale\" content=\"fr_FR\" \/>\n<meta property=\"og:type\" content=\"article\" \/>\n<meta property=\"og:title\" content=\"Barra estanca ATEX LED SLIM 30W 600mm - Ledsolintel\" \/>\n<meta property=\"og:description\" content=\"Esta Barra de iluminaci\u00f3n LED estanca est\u00e1 dise\u00f1ada para entornos industriales con riesgo de explosi\u00f3n. Cumple con las estrictas normativas ATEX y RoHS garantizando su uso seguro en zonas clasificadas como peligrosas (Zonas 1, 2, 21 y 22). Con un grado de protecci\u00f3n IP65 asegura su resistencia al agua y al polvo, lo que la &hellip; Continue reading Barra estanca ATEX LED SLIM 30W 600mm\" \/>\n<meta property=\"og:url\" content=\"https:\/\/ledsolintel.com\/fr\/produit-2\/atex-slim-led-watertight-bar-30w-600mm\/\" \/>\n<meta property=\"og:site_name\" content=\"Ledsolintel\" \/>\n<meta property=\"article:publisher\" content=\"http:\/\/www.facebook.com\/webmenaje\" \/>\n<meta property=\"article:modified_time\" content=\"2026-04-07T08:18:50+00:00\" \/>\n<meta property=\"og:image\" content=\"https:\/\/ledsolintel.com\/wp-content\/uploads\/2025\/11\/barra-estanca-atex-led-slim-30w-600mm.jpg\" \/>\n\t<meta property=\"og:image:width\" content=\"1500\" \/>\n\t<meta property=\"og:image:height\" content=\"1500\" \/>\n\t<meta property=\"og:image:type\" content=\"image\/jpeg\" \/>\n<meta name=\"twitter:card\" content=\"summary_large_image\" \/>\n<meta name=\"twitter:site\" content=\"@webmenaje\" \/>\n<meta name=\"twitter:label1\" content=\"Dur\u00e9e de lecture estim\u00e9e\" \/>\n\t<meta name=\"twitter:data1\" content=\"7 minutes\" \/>\n<script type=\"application\/ld+json\" class=\"yoast-schema-graph\">{\"@context\":\"https:\\\/\\\/schema.org\",\"@graph\":[{\"@type\":\"WebPage\",\"@id\":\"https:\\\/\\\/ledsolintel.com\\\/product\\\/barra-estanca-atex-led-slim-30w-600mm\\\/\",\"url\":\"https:\\\/\\\/ledsolintel.com\\\/product\\\/barra-estanca-atex-led-slim-30w-600mm\\\/\",\"name\":\"Barra estanca ATEX LED SLIM 30W 600mm - Ledsolintel\",\"isPartOf\":{\"@id\":\"https:\\\/\\\/ledsolintel.com\\\/#website\"},\"primaryImageOfPage\":{\"@id\":\"https:\\\/\\\/ledsolintel.com\\\/product\\\/barra-estanca-atex-led-slim-30w-600mm\\\/#primaryimage\"},\"image\":{\"@id\":\"https:\\\/\\\/ledsolintel.com\\\/product\\\/barra-estanca-atex-led-slim-30w-600mm\\\/#primaryimage\"},\"thumbnailUrl\":\"https:\\\/\\\/ledsolintel.com\\\/wp-content\\\/uploads\\\/2025\\\/11\\\/barra-estanca-atex-led-slim-30w-600mm.jpg\",\"datePublished\":\"2025-11-11T16:14:06+00:00\",\"dateModified\":\"2026-04-07T08:18:50+00:00\",\"breadcrumb\":{\"@id\":\"https:\\\/\\\/ledsolintel.com\\\/product\\\/barra-estanca-atex-led-slim-30w-600mm\\\/#breadcrumb\"},\"inLanguage\":\"fr-FR\",\"potentialAction\":[{\"@type\":\"ReadAction\",\"target\":[\"https:\\\/\\\/ledsolintel.com\\\/product\\\/barra-estanca-atex-led-slim-30w-600mm\\\/\"]}]},{\"@type\":\"ImageObject\",\"inLanguage\":\"fr-FR\",\"@id\":\"https:\\\/\\\/ledsolintel.com\\\/product\\\/barra-estanca-atex-led-slim-30w-600mm\\\/#primaryimage\",\"url\":\"https:\\\/\\\/ledsolintel.com\\\/wp-content\\\/uploads\\\/2025\\\/11\\\/barra-estanca-atex-led-slim-30w-600mm.jpg\",\"contentUrl\":\"https:\\\/\\\/ledsolintel.com\\\/wp-content\\\/uploads\\\/2025\\\/11\\\/barra-estanca-atex-led-slim-30w-600mm.jpg\",\"width\":1500,\"height\":1500},{\"@type\":\"BreadcrumbList\",\"@id\":\"https:\\\/\\\/ledsolintel.com\\\/product\\\/barra-estanca-atex-led-slim-30w-600mm\\\/#breadcrumb\",\"itemListElement\":[{\"@type\":\"ListItem\",\"position\":1,\"name\":\"Portada\",\"item\":\"https:\\\/\\\/ledsolintel.com\\\/fr\\\/\"},{\"@type\":\"ListItem\",\"position\":2,\"name\":\"Tienda\",\"item\":\"https:\\\/\\\/ledsolintel.com\\\/tienda\\\/\"},{\"@type\":\"ListItem\",\"position\":3,\"name\":\"Barra estanca ATEX LED SLIM 30W 600mm\"}]},{\"@type\":\"WebSite\",\"@id\":\"https:\\\/\\\/ledsolintel.com\\\/#website\",\"url\":\"https:\\\/\\\/ledsolintel.com\\\/\",\"name\":\"Webmenaje\",\"description\":\"Tienda de bombillas y l\u00e1mparas LED para profesionales\",\"publisher\":{\"@id\":\"https:\\\/\\\/ledsolintel.com\\\/#organization\"},\"potentialAction\":[{\"@type\":\"SearchAction\",\"target\":{\"@type\":\"EntryPoint\",\"urlTemplate\":\"https:\\\/\\\/ledsolintel.com\\\/?s={search_term_string}\"},\"query-input\":{\"@type\":\"PropertyValueSpecification\",\"valueRequired\":true,\"valueName\":\"search_term_string\"}}],\"inLanguage\":\"fr-FR\"},{\"@type\":\"Organization\",\"@id\":\"https:\\\/\\\/ledsolintel.com\\\/#organization\",\"name\":\"Solintel Noroeste, S.L.\",\"url\":\"https:\\\/\\\/ledsolintel.com\\\/\",\"logo\":{\"@type\":\"ImageObject\",\"inLanguage\":\"fr-FR\",\"@id\":\"https:\\\/\\\/ledsolintel.com\\\/#\\\/schema\\\/logo\\\/image\\\/\",\"url\":\"https:\\\/\\\/ledsolintel.com\\\/wp-content\\\/uploads\\\/2024\\\/11\\\/webmenaje-logo-1508269066.jpg\",\"contentUrl\":\"https:\\\/\\\/ledsolintel.com\\\/wp-content\\\/uploads\\\/2024\\\/11\\\/webmenaje-logo-1508269066.jpg\",\"width\":370,\"height\":90,\"caption\":\"Solintel Noroeste, S.L.\"},\"image\":{\"@id\":\"https:\\\/\\\/ledsolintel.com\\\/#\\\/schema\\\/logo\\\/image\\\/\"},\"sameAs\":[\"http:\\\/\\\/www.facebook.com\\\/webmenaje\",\"https:\\\/\\\/x.com\\\/webmenaje\",\"https:\\\/\\\/www.youtube.com\\\/channel\\\/UCX2KoVoeCG4LocZjUc6LmSQ\",\"http:\\\/\\\/www.pinterest.com\\\/webmenaje\"]}]}<\/script>\n<!-- \/ Yoast SEO plugin. -->","yoast_head_json":{"title":"LED SLIM 30W 600mm \u00e9tanche ATEX - Ledsolintel","robots":{"index":"index","follow":"follow","max-snippet":"max-snippet:-1","max-image-preview":"max-image-preview:large","max-video-preview":"max-video-preview:-1"},"canonical":"https:\/\/ledsolintel.com\/fr\/produit-2\/atex-slim-led-watertight-bar-30w-600mm\/","og_locale":"fr_FR","og_type":"article","og_title":"Barra estanca ATEX LED SLIM 30W 600mm - Ledsolintel","og_description":"Esta Barra de iluminaci\u00f3n LED estanca est\u00e1 dise\u00f1ada para entornos industriales con riesgo de explosi\u00f3n. Cumple con las estrictas normativas ATEX y RoHS garantizando su uso seguro en zonas clasificadas como peligrosas (Zonas 1, 2, 21 y 22). Con un grado de protecci\u00f3n IP65 asegura su resistencia al agua y al polvo, lo que la &hellip; Continue reading Barra estanca ATEX LED SLIM 30W 600mm","og_url":"https:\/\/ledsolintel.com\/fr\/produit-2\/atex-slim-led-watertight-bar-30w-600mm\/","og_site_name":"Ledsolintel","article_publisher":"http:\/\/www.facebook.com\/webmenaje","article_modified_time":"2026-04-07T08:18:50+00:00","og_image":[{"width":1500,"height":1500,"url":"https:\/\/ledsolintel.com\/wp-content\/uploads\/2025\/11\/barra-estanca-atex-led-slim-30w-600mm.jpg","type":"image\/jpeg"}],"twitter_card":"summary_large_image","twitter_site":"@webmenaje","twitter_misc":{"Dur\u00e9e de lecture estim\u00e9e":"7 minutes"},"schema":{"@context":"https:\/\/schema.org","@graph":[{"@type":"WebPage","@id":"https:\/\/ledsolintel.com\/product\/barra-estanca-atex-led-slim-30w-600mm\/","url":"https:\/\/ledsolintel.com\/product\/barra-estanca-atex-led-slim-30w-600mm\/","name":"LED SLIM 30W 600mm \u00e9tanche ATEX - Ledsolintel","isPartOf":{"@id":"https:\/\/ledsolintel.com\/#website"},"primaryImageOfPage":{"@id":"https:\/\/ledsolintel.com\/product\/barra-estanca-atex-led-slim-30w-600mm\/#primaryimage"},"image":{"@id":"https:\/\/ledsolintel.com\/product\/barra-estanca-atex-led-slim-30w-600mm\/#primaryimage"},"thumbnailUrl":"https:\/\/ledsolintel.com\/wp-content\/uploads\/2025\/11\/barra-estanca-atex-led-slim-30w-600mm.jpg","datePublished":"2025-11-11T16:14:06+00:00","dateModified":"2026-04-07T08:18:50+00:00","breadcrumb":{"@id":"https:\/\/ledsolintel.com\/product\/barra-estanca-atex-led-slim-30w-600mm\/#breadcrumb"},"inLanguage":"fr-FR","potentialAction":[{"@type":"ReadAction","target":["https:\/\/ledsolintel.com\/product\/barra-estanca-atex-led-slim-30w-600mm\/"]}]},{"@type":"ImageObject","inLanguage":"fr-FR","@id":"https:\/\/ledsolintel.com\/product\/barra-estanca-atex-led-slim-30w-600mm\/#primaryimage","url":"https:\/\/ledsolintel.com\/wp-content\/uploads\/2025\/11\/barra-estanca-atex-led-slim-30w-600mm.jpg","contentUrl":"https:\/\/ledsolintel.com\/wp-content\/uploads\/2025\/11\/barra-estanca-atex-led-slim-30w-600mm.jpg","width":1500,"height":1500},{"@type":"BreadcrumbList","@id":"https:\/\/ledsolintel.com\/product\/barra-estanca-atex-led-slim-30w-600mm\/#breadcrumb","itemListElement":[{"@type":"ListItem","position":1,"name":"Portada","item":"https:\/\/ledsolintel.com\/fr\/"},{"@type":"ListItem","position":2,"name":"Tienda","item":"https:\/\/ledsolintel.com\/tienda\/"},{"@type":"ListItem","position":3,"name":"Barra estanca ATEX LED SLIM 30W 600mm"}]},{"@type":"WebSite","@id":"https:\/\/ledsolintel.com\/#website","url":"https:\/\/ledsolintel.com\/","name":"Webmenaje","description":"Magasin d'ampoules et de lampes LED pour les professionnels","publisher":{"@id":"https:\/\/ledsolintel.com\/#organization"},"potentialAction":[{"@type":"SearchAction","target":{"@type":"EntryPoint","urlTemplate":"https:\/\/ledsolintel.com\/?s={search_term_string}"},"query-input":{"@type":"PropertyValueSpecification","valueRequired":true,"valueName":"search_term_string"}}],"inLanguage":"fr-FR"},{"@type":"Organization","@id":"https:\/\/ledsolintel.com\/#organization","name":"Solintel Noroeste, S.L.","url":"https:\/\/ledsolintel.com\/","logo":{"@type":"ImageObject","inLanguage":"fr-FR","@id":"https:\/\/ledsolintel.com\/#\/schema\/logo\/image\/","url":"https:\/\/ledsolintel.com\/wp-content\/uploads\/2024\/11\/webmenaje-logo-1508269066.jpg","contentUrl":"https:\/\/ledsolintel.com\/wp-content\/uploads\/2024\/11\/webmenaje-logo-1508269066.jpg","width":370,"height":90,"caption":"Solintel Noroeste, S.L."},"image":{"@id":"https:\/\/ledsolintel.com\/#\/schema\/logo\/image\/"},"sameAs":["http:\/\/www.facebook.com\/webmenaje","https:\/\/x.com\/webmenaje","https:\/\/www.youtube.com\/channel\/UCX2KoVoeCG4LocZjUc6LmSQ","http:\/\/www.pinterest.com\/webmenaje"]}]}},"_links":{"self":[{"href":"https:\/\/ledsolintel.com\/fr\/wp-json\/wp\/v2\/product\/269383","targetHints":{"allow":["GET"]}}],"collection":[{"href":"https:\/\/ledsolintel.com\/fr\/wp-json\/wp\/v2\/product"}],"about":[{"href":"https:\/\/ledsolintel.com\/fr\/wp-json\/wp\/v2\/types\/product"}],"version-history":[{"count":1,"href":"https:\/\/ledsolintel.com\/fr\/wp-json\/wp\/v2\/product\/269383\/revisions"}],"predecessor-version":[{"id":269384,"href":"https:\/\/ledsolintel.com\/fr\/wp-json\/wp\/v2\/product\/269383\/revisions\/269384"}],"wp:featuredmedia":[{"embeddable":true,"href":"https:\/\/ledsolintel.com\/fr\/wp-json\/wp\/v2\/media\/264471"}],"wp:attachment":[{"href":"https:\/\/ledsolintel.com\/fr\/wp-json\/wp\/v2\/media?parent=269383"}],"wp:term":[{"taxonomy":"product_brand","embeddable":true,"href":"https:\/\/ledsolintel.com\/fr\/wp-json\/wp\/v2\/product_brand?post=269383"},{"taxonomy":"product_cat","embeddable":true,"href":"https:\/\/ledsolintel.com\/fr\/wp-json\/wp\/v2\/product_cat?post=269383"},{"taxonomy":"product_tag","embeddable":true,"href":"https:\/\/ledsolintel.com\/fr\/wp-json\/wp\/v2\/product_tag?post=269383"}],"curies":[{"name":"wp","href":"https:\/\/api.w.org\/{rel}","templated":true}]}}