{"id":269380,"date":"2025-11-11T17:14:05","date_gmt":"2025-11-11T16:14:05","guid":{"rendered":"https:\/\/nueva.ledsolintel.com\/product\/tapon-final-para-tira-led-220v-rgb-de-enchufe-rapido\/"},"modified":"2026-04-07T10:18:50","modified_gmt":"2026-04-07T08:18:50","slug":"embout-pour-bande-de-leds-rgb-220v-avec-prise-rapide","status":"publish","type":"product","link":"https:\/\/ledsolintel.com\/fr\/produit-2\/embout-pour-bande-de-leds-rgb-220v-avec-prise-rapide\/","title":{"rendered":"Embout pour bande LED RVB 220V avec connecteur rapide"},"content":{"rendered":"<p>Embout en silicone pour bande LED RVB 220V \u00e0 branchement rapide, pour le scellement final de la bande r\u00e9f\u00e9rence TL01220RGB.  Son degr\u00e9 de protection est IP20, en cas d'installation \u00e0 l'ext\u00e9rieur, il doit \u00eatre scell\u00e9 avec un adh\u00e9sif ou un tube vulcanisable pour emp\u00eacher la p\u00e9n\u00e9tration de l'eau. Ses dimensions sont de 13 x 10 x 2 mm.  Il est garanti 3 ans. Il poss\u00e8de \u00e9galement le certificat CE, qui atteste qu'il est conforme aux exigences de l'UE en mati\u00e8re de compatibilit\u00e9 \u00e9lectromagn\u00e9tique et de basse tension. Ce certificat d\u00e9clare la conformit\u00e9 du produit \u00e0 toutes les exigences l\u00e9gales et garantit la validit\u00e9 de la vente du produit dans l'Espace \u00e9conomique europ\u00e9en.<\/p>","protected":false},"excerpt":{"rendered":"<p>Tap\u00f3n final de silicona para tiras led RGB 220V de enchufe r\u00e1pido, para el sellado final de las tiras referencia TL01220RGB. Su grado de protecci\u00f3n es IP20, en caso de instalaciones exteriores se debe sellar con adhesivo o tubo vulcanizable para evitar la penetraci\u00f3n de agua. Est\u00e1 dise\u00f1ado con las medidas 13 x 10 x &hellip; <a href=\"https:\/\/ledsolintel.com\/fr\/produit-2\/embout-pour-bande-de-leds-rgb-220v-avec-prise-rapide\/\" class=\"more-link\">Continue reading <span class=\"screen-reader-text\">Embout pour bande LED RVB 220V avec connecteur rapide<\/span><\/a><\/p>","protected":false},"featured_media":264467,"template":"","meta":[],"product_brand":[101370],"product_cat":[101371,15],"product_tag":[],"class_list":{"0":"post-269380","1":"product","2":"type-product","3":"status-publish","4":"has-post-thumbnail","6":"product_brand-masterled","7":"product_cat-masterled","8":"product_cat-uncategorized","9":"pa_voltaje-220v","12":"instock","13":"taxable","14":"shipping-taxable","15":"purchasable","16":"product-type-simple"},"yoast_head":"<!-- This site is optimized with the Yoast SEO plugin v27.4 - https:\/\/yoast.com\/product\/yoast-seo-wordpress\/ -->\n<title>Tap\u00f3n final para tira led 220V RGB de enchufe r\u00e1pido - Ledsolintel<\/title>\n<meta name=\"robots\" content=\"index, follow, max-snippet:-1, max-image-preview:large, max-video-preview:-1\" \/>\n<link rel=\"canonical\" href=\"https:\/\/ledsolintel.com\/fr\/produit-2\/embout-pour-bande-de-leds-rgb-220v-avec-prise-rapide\/\" \/>\n<meta property=\"og:locale\" content=\"fr_FR\" \/>\n<meta property=\"og:type\" content=\"article\" \/>\n<meta property=\"og:title\" content=\"Tap\u00f3n final para tira led 220V RGB de enchufe r\u00e1pido - Ledsolintel\" \/>\n<meta property=\"og:description\" content=\"Tap\u00f3n final de silicona para tiras led RGB 220V de enchufe r\u00e1pido, para el sellado final de las tiras referencia TL01220RGB. Su grado de protecci\u00f3n es IP20, en caso de instalaciones exteriores se debe sellar con adhesivo o tubo vulcanizable para evitar la penetraci\u00f3n de agua. Est\u00e1 dise\u00f1ado con las medidas 13 x 10 x &hellip; Continue reading Tap\u00f3n final para tira led 220V RGB de enchufe r\u00e1pido\" \/>\n<meta property=\"og:url\" content=\"https:\/\/ledsolintel.com\/fr\/produit-2\/embout-pour-bande-de-leds-rgb-220v-avec-prise-rapide\/\" \/>\n<meta property=\"og:site_name\" content=\"Ledsolintel\" \/>\n<meta property=\"article:publisher\" content=\"http:\/\/www.facebook.com\/webmenaje\" \/>\n<meta property=\"article:modified_time\" content=\"2026-04-07T08:18:50+00:00\" \/>\n<meta property=\"og:image\" content=\"https:\/\/ledsolintel.com\/wp-content\/uploads\/2025\/11\/tapon-final-para-tira-led-220v-rgb-de-enchufe-rapido.jpg\" \/>\n\t<meta property=\"og:image:width\" content=\"1500\" \/>\n\t<meta property=\"og:image:height\" content=\"1500\" \/>\n\t<meta property=\"og:image:type\" content=\"image\/jpeg\" \/>\n<meta name=\"twitter:card\" content=\"summary_large_image\" \/>\n<meta name=\"twitter:site\" content=\"@webmenaje\" \/>\n<meta name=\"twitter:label1\" content=\"Dur\u00e9e de lecture estim\u00e9e\" \/>\n\t<meta name=\"twitter:data1\" content=\"1 minute\" \/>\n<script type=\"application\/ld+json\" class=\"yoast-schema-graph\">{\"@context\":\"https:\\\/\\\/schema.org\",\"@graph\":[{\"@type\":\"WebPage\",\"@id\":\"https:\\\/\\\/ledsolintel.com\\\/product\\\/tapon-final-para-tira-led-220v-rgb-de-enchufe-rapido\\\/\",\"url\":\"https:\\\/\\\/ledsolintel.com\\\/product\\\/tapon-final-para-tira-led-220v-rgb-de-enchufe-rapido\\\/\",\"name\":\"Tap\u00f3n final para tira led 220V RGB de enchufe r\u00e1pido - Ledsolintel\",\"isPartOf\":{\"@id\":\"https:\\\/\\\/ledsolintel.com\\\/#website\"},\"primaryImageOfPage\":{\"@id\":\"https:\\\/\\\/ledsolintel.com\\\/product\\\/tapon-final-para-tira-led-220v-rgb-de-enchufe-rapido\\\/#primaryimage\"},\"image\":{\"@id\":\"https:\\\/\\\/ledsolintel.com\\\/product\\\/tapon-final-para-tira-led-220v-rgb-de-enchufe-rapido\\\/#primaryimage\"},\"thumbnailUrl\":\"https:\\\/\\\/ledsolintel.com\\\/wp-content\\\/uploads\\\/2025\\\/11\\\/tapon-final-para-tira-led-220v-rgb-de-enchufe-rapido.jpg\",\"datePublished\":\"2025-11-11T16:14:05+00:00\",\"dateModified\":\"2026-04-07T08:18:50+00:00\",\"breadcrumb\":{\"@id\":\"https:\\\/\\\/ledsolintel.com\\\/product\\\/tapon-final-para-tira-led-220v-rgb-de-enchufe-rapido\\\/#breadcrumb\"},\"inLanguage\":\"fr-FR\",\"potentialAction\":[{\"@type\":\"ReadAction\",\"target\":[\"https:\\\/\\\/ledsolintel.com\\\/product\\\/tapon-final-para-tira-led-220v-rgb-de-enchufe-rapido\\\/\"]}]},{\"@type\":\"ImageObject\",\"inLanguage\":\"fr-FR\",\"@id\":\"https:\\\/\\\/ledsolintel.com\\\/product\\\/tapon-final-para-tira-led-220v-rgb-de-enchufe-rapido\\\/#primaryimage\",\"url\":\"https:\\\/\\\/ledsolintel.com\\\/wp-content\\\/uploads\\\/2025\\\/11\\\/tapon-final-para-tira-led-220v-rgb-de-enchufe-rapido.jpg\",\"contentUrl\":\"https:\\\/\\\/ledsolintel.com\\\/wp-content\\\/uploads\\\/2025\\\/11\\\/tapon-final-para-tira-led-220v-rgb-de-enchufe-rapido.jpg\",\"width\":1500,\"height\":1500},{\"@type\":\"BreadcrumbList\",\"@id\":\"https:\\\/\\\/ledsolintel.com\\\/product\\\/tapon-final-para-tira-led-220v-rgb-de-enchufe-rapido\\\/#breadcrumb\",\"itemListElement\":[{\"@type\":\"ListItem\",\"position\":1,\"name\":\"Portada\",\"item\":\"https:\\\/\\\/ledsolintel.com\\\/fr\\\/\"},{\"@type\":\"ListItem\",\"position\":2,\"name\":\"Tienda\",\"item\":\"https:\\\/\\\/ledsolintel.com\\\/tienda\\\/\"},{\"@type\":\"ListItem\",\"position\":3,\"name\":\"Tap\u00f3n final para tira led 220V RGB de enchufe r\u00e1pido\"}]},{\"@type\":\"WebSite\",\"@id\":\"https:\\\/\\\/ledsolintel.com\\\/#website\",\"url\":\"https:\\\/\\\/ledsolintel.com\\\/\",\"name\":\"Webmenaje\",\"description\":\"Tienda de bombillas y l\u00e1mparas LED para profesionales\",\"publisher\":{\"@id\":\"https:\\\/\\\/ledsolintel.com\\\/#organization\"},\"potentialAction\":[{\"@type\":\"SearchAction\",\"target\":{\"@type\":\"EntryPoint\",\"urlTemplate\":\"https:\\\/\\\/ledsolintel.com\\\/?s={search_term_string}\"},\"query-input\":{\"@type\":\"PropertyValueSpecification\",\"valueRequired\":true,\"valueName\":\"search_term_string\"}}],\"inLanguage\":\"fr-FR\"},{\"@type\":\"Organization\",\"@id\":\"https:\\\/\\\/ledsolintel.com\\\/#organization\",\"name\":\"Solintel Noroeste, S.L.\",\"url\":\"https:\\\/\\\/ledsolintel.com\\\/\",\"logo\":{\"@type\":\"ImageObject\",\"inLanguage\":\"fr-FR\",\"@id\":\"https:\\\/\\\/ledsolintel.com\\\/#\\\/schema\\\/logo\\\/image\\\/\",\"url\":\"https:\\\/\\\/ledsolintel.com\\\/wp-content\\\/uploads\\\/2024\\\/11\\\/webmenaje-logo-1508269066.jpg\",\"contentUrl\":\"https:\\\/\\\/ledsolintel.com\\\/wp-content\\\/uploads\\\/2024\\\/11\\\/webmenaje-logo-1508269066.jpg\",\"width\":370,\"height\":90,\"caption\":\"Solintel Noroeste, S.L.\"},\"image\":{\"@id\":\"https:\\\/\\\/ledsolintel.com\\\/#\\\/schema\\\/logo\\\/image\\\/\"},\"sameAs\":[\"http:\\\/\\\/www.facebook.com\\\/webmenaje\",\"https:\\\/\\\/x.com\\\/webmenaje\",\"https:\\\/\\\/www.youtube.com\\\/channel\\\/UCX2KoVoeCG4LocZjUc6LmSQ\",\"http:\\\/\\\/www.pinterest.com\\\/webmenaje\"]}]}<\/script>\n<!-- \/ Yoast SEO plugin. -->","yoast_head_json":{"title":"Embout pour bande LED RVB 220V avec prise rapide - Ledsolintel","robots":{"index":"index","follow":"follow","max-snippet":"max-snippet:-1","max-image-preview":"max-image-preview:large","max-video-preview":"max-video-preview:-1"},"canonical":"https:\/\/ledsolintel.com\/fr\/produit-2\/embout-pour-bande-de-leds-rgb-220v-avec-prise-rapide\/","og_locale":"fr_FR","og_type":"article","og_title":"Tap\u00f3n final para tira led 220V RGB de enchufe r\u00e1pido - Ledsolintel","og_description":"Tap\u00f3n final de silicona para tiras led RGB 220V de enchufe r\u00e1pido, para el sellado final de las tiras referencia TL01220RGB. Su grado de protecci\u00f3n es IP20, en caso de instalaciones exteriores se debe sellar con adhesivo o tubo vulcanizable para evitar la penetraci\u00f3n de agua. Est\u00e1 dise\u00f1ado con las medidas 13 x 10 x &hellip; Continue reading Tap\u00f3n final para tira led 220V RGB de enchufe r\u00e1pido","og_url":"https:\/\/ledsolintel.com\/fr\/produit-2\/embout-pour-bande-de-leds-rgb-220v-avec-prise-rapide\/","og_site_name":"Ledsolintel","article_publisher":"http:\/\/www.facebook.com\/webmenaje","article_modified_time":"2026-04-07T08:18:50+00:00","og_image":[{"width":1500,"height":1500,"url":"https:\/\/ledsolintel.com\/wp-content\/uploads\/2025\/11\/tapon-final-para-tira-led-220v-rgb-de-enchufe-rapido.jpg","type":"image\/jpeg"}],"twitter_card":"summary_large_image","twitter_site":"@webmenaje","twitter_misc":{"Dur\u00e9e de lecture estim\u00e9e":"1 minute"},"schema":{"@context":"https:\/\/schema.org","@graph":[{"@type":"WebPage","@id":"https:\/\/ledsolintel.com\/product\/tapon-final-para-tira-led-220v-rgb-de-enchufe-rapido\/","url":"https:\/\/ledsolintel.com\/product\/tapon-final-para-tira-led-220v-rgb-de-enchufe-rapido\/","name":"Embout pour bande LED RVB 220V avec prise rapide - Ledsolintel","isPartOf":{"@id":"https:\/\/ledsolintel.com\/#website"},"primaryImageOfPage":{"@id":"https:\/\/ledsolintel.com\/product\/tapon-final-para-tira-led-220v-rgb-de-enchufe-rapido\/#primaryimage"},"image":{"@id":"https:\/\/ledsolintel.com\/product\/tapon-final-para-tira-led-220v-rgb-de-enchufe-rapido\/#primaryimage"},"thumbnailUrl":"https:\/\/ledsolintel.com\/wp-content\/uploads\/2025\/11\/tapon-final-para-tira-led-220v-rgb-de-enchufe-rapido.jpg","datePublished":"2025-11-11T16:14:05+00:00","dateModified":"2026-04-07T08:18:50+00:00","breadcrumb":{"@id":"https:\/\/ledsolintel.com\/product\/tapon-final-para-tira-led-220v-rgb-de-enchufe-rapido\/#breadcrumb"},"inLanguage":"fr-FR","potentialAction":[{"@type":"ReadAction","target":["https:\/\/ledsolintel.com\/product\/tapon-final-para-tira-led-220v-rgb-de-enchufe-rapido\/"]}]},{"@type":"ImageObject","inLanguage":"fr-FR","@id":"https:\/\/ledsolintel.com\/product\/tapon-final-para-tira-led-220v-rgb-de-enchufe-rapido\/#primaryimage","url":"https:\/\/ledsolintel.com\/wp-content\/uploads\/2025\/11\/tapon-final-para-tira-led-220v-rgb-de-enchufe-rapido.jpg","contentUrl":"https:\/\/ledsolintel.com\/wp-content\/uploads\/2025\/11\/tapon-final-para-tira-led-220v-rgb-de-enchufe-rapido.jpg","width":1500,"height":1500},{"@type":"BreadcrumbList","@id":"https:\/\/ledsolintel.com\/product\/tapon-final-para-tira-led-220v-rgb-de-enchufe-rapido\/#breadcrumb","itemListElement":[{"@type":"ListItem","position":1,"name":"Portada","item":"https:\/\/ledsolintel.com\/fr\/"},{"@type":"ListItem","position":2,"name":"Tienda","item":"https:\/\/ledsolintel.com\/tienda\/"},{"@type":"ListItem","position":3,"name":"Tap\u00f3n final para tira led 220V RGB de enchufe r\u00e1pido"}]},{"@type":"WebSite","@id":"https:\/\/ledsolintel.com\/#website","url":"https:\/\/ledsolintel.com\/","name":"Webmenaje","description":"Magasin d'ampoules et de lampes LED pour les professionnels","publisher":{"@id":"https:\/\/ledsolintel.com\/#organization"},"potentialAction":[{"@type":"SearchAction","target":{"@type":"EntryPoint","urlTemplate":"https:\/\/ledsolintel.com\/?s={search_term_string}"},"query-input":{"@type":"PropertyValueSpecification","valueRequired":true,"valueName":"search_term_string"}}],"inLanguage":"fr-FR"},{"@type":"Organization","@id":"https:\/\/ledsolintel.com\/#organization","name":"Solintel Noroeste, S.L.","url":"https:\/\/ledsolintel.com\/","logo":{"@type":"ImageObject","inLanguage":"fr-FR","@id":"https:\/\/ledsolintel.com\/#\/schema\/logo\/image\/","url":"https:\/\/ledsolintel.com\/wp-content\/uploads\/2024\/11\/webmenaje-logo-1508269066.jpg","contentUrl":"https:\/\/ledsolintel.com\/wp-content\/uploads\/2024\/11\/webmenaje-logo-1508269066.jpg","width":370,"height":90,"caption":"Solintel Noroeste, S.L."},"image":{"@id":"https:\/\/ledsolintel.com\/#\/schema\/logo\/image\/"},"sameAs":["http:\/\/www.facebook.com\/webmenaje","https:\/\/x.com\/webmenaje","https:\/\/www.youtube.com\/channel\/UCX2KoVoeCG4LocZjUc6LmSQ","http:\/\/www.pinterest.com\/webmenaje"]}]}},"_links":{"self":[{"href":"https:\/\/ledsolintel.com\/fr\/wp-json\/wp\/v2\/product\/269380","targetHints":{"allow":["GET"]}}],"collection":[{"href":"https:\/\/ledsolintel.com\/fr\/wp-json\/wp\/v2\/product"}],"about":[{"href":"https:\/\/ledsolintel.com\/fr\/wp-json\/wp\/v2\/types\/product"}],"version-history":[{"count":1,"href":"https:\/\/ledsolintel.com\/fr\/wp-json\/wp\/v2\/product\/269380\/revisions"}],"predecessor-version":[{"id":269381,"href":"https:\/\/ledsolintel.com\/fr\/wp-json\/wp\/v2\/product\/269380\/revisions\/269381"}],"wp:featuredmedia":[{"embeddable":true,"href":"https:\/\/ledsolintel.com\/fr\/wp-json\/wp\/v2\/media\/264467"}],"wp:attachment":[{"href":"https:\/\/ledsolintel.com\/fr\/wp-json\/wp\/v2\/media?parent=269380"}],"wp:term":[{"taxonomy":"product_brand","embeddable":true,"href":"https:\/\/ledsolintel.com\/fr\/wp-json\/wp\/v2\/product_brand?post=269380"},{"taxonomy":"product_cat","embeddable":true,"href":"https:\/\/ledsolintel.com\/fr\/wp-json\/wp\/v2\/product_cat?post=269380"},{"taxonomy":"product_tag","embeddable":true,"href":"https:\/\/ledsolintel.com\/fr\/wp-json\/wp\/v2\/product_tag?post=269380"}],"curies":[{"name":"wp","href":"https:\/\/api.w.org\/{rel}","templated":true}]}}