{"id":269374,"date":"2025-11-11T17:14:00","date_gmt":"2025-11-11T16:14:00","guid":{"rendered":"https:\/\/nueva.ledsolintel.com\/product\/controlador-enchufe-rapido-tira-led-rgb-220v-wifi-ir\/"},"modified":"2026-04-07T10:18:50","modified_gmt":"2026-04-07T08:18:50","slug":"controlador-enchufe-rapido-tira-led-rgb-220v-wifi-ir","status":"publish","type":"product","link":"https:\/\/ledsolintel.com\/fr\/produit-2\/controlador-enchufe-rapido-tira-led-rgb-220v-wifi-ir\/","title":{"rendered":"Contr\u00f4leur de bande LED RVB 220V Wifi + IR \u00e0 branchement rapide"},"content":{"rendered":"<p>Kit enchufe controlador para tiras led\u00a0220V RGB de enchufe r\u00e1pido (no compatible con otros modelos), con\u00a0control remoto por infrarrojos y funci\u00f3n Wifi.\u00a0Soporta hasta 75 metros de tira led RGB 220V (10W\/m). Permite gestionar y controlar f\u00e1cilmente las tiras gracias al mando a distancia de 24 botones. Con este controlador se puede ajustar el brillo, intensidad, color, velocidad, modo de funcionamiento y efectos. El mando a distancia funciona con dos pilas AAA.  Gracias a la funci\u00f3n Wifi, tambi\u00e9n se puede realizar el control de la tira a trav\u00e9s de un\u00a0smartphone, utilizando la aplicaci\u00f3n gratuita\u00a0TUYA, y asistentes virtuales como Amazon\u00a0Alexa o Google Home.  Su instalaci\u00f3n siempre tiene que ser en espacios interiores debido a su grado de protecci\u00f3n IP20 (v\u00e1lido para polvo y humedad en interiores).\u00a0  Soporta\u00a0una potencia de 750W\u00a0y un voltaje de entrada de 200\/240V.  Este producto dispone de una\u00a0garant\u00eda de 3 a\u00f1os. Cuenta tambi\u00e9n con el certificado\u00a0CE, que acredita que se cumple con los requisitos de la UE respecto a compatibilidad electromagn\u00e9tica y normativa de baja tensi\u00f3n. Con este certificado se declara la conformidad de dicho producto con todos los requisitos legales exigidos, y asegura la validez del producto para ser vendido en todo el Espacio Econ\u00f3mico Europeo.    Manual de instrucciones disponible en la pesta\u00f1a &#8220;descargas&#8221;.  No incluye pilas.<\/p>","protected":false},"excerpt":{"rendered":"<p>Kit enchufe controlador para tiras led\u00a0220V RGB de enchufe r\u00e1pido (no compatible con otros modelos), con\u00a0control remoto por infrarrojos y funci\u00f3n Wifi.\u00a0Soporta hasta 75 metros de tira led RGB 220V (10W\/m). Permite gestionar y controlar f\u00e1cilmente las tiras gracias al mando a distancia de 24 botones. Con este controlador se puede ajustar el brillo, intensidad, &hellip; <a href=\"https:\/\/ledsolintel.com\/fr\/produit-2\/controlador-enchufe-rapido-tira-led-rgb-220v-wifi-ir\/\" class=\"more-link\">Continue reading <span class=\"screen-reader-text\">Contr\u00f4leur de bande LED RVB 220V Wifi + IR \u00e0 branchement rapide<\/span><\/a><\/p>","protected":false},"featured_media":264457,"template":"","meta":[],"product_brand":[101370],"product_cat":[99655,101371,99581,15],"product_tag":[],"class_list":{"0":"post-269374","1":"product","2":"type-product","3":"status-publish","4":"has-post-thumbnail","6":"product_brand-masterled","7":"product_cat-drivers-y-accesorios-para-tiras-de-led","8":"product_cat-masterled","9":"product_cat-tiras-de-led-perfiles-drivers-y-accesorios","10":"product_cat-uncategorized","11":"pa_temperatura-color-luz-rgb","14":"instock","15":"taxable","16":"shipping-taxable","17":"purchasable","18":"product-type-simple"},"yoast_head":"<!-- This site is optimized with the Yoast SEO plugin v27.4 - https:\/\/yoast.com\/product\/yoast-seo-wordpress\/ -->\n<title>Controlador enchufe r\u00e1pido tira led RGB 220V Wifi + IR - Ledsolintel<\/title>\n<meta name=\"robots\" content=\"index, follow, max-snippet:-1, max-image-preview:large, max-video-preview:-1\" \/>\n<link rel=\"canonical\" href=\"https:\/\/ledsolintel.com\/fr\/produit-2\/controlador-enchufe-rapido-tira-led-rgb-220v-wifi-ir\/\" \/>\n<meta property=\"og:locale\" content=\"fr_FR\" \/>\n<meta property=\"og:type\" content=\"article\" \/>\n<meta property=\"og:title\" content=\"Controlador enchufe r\u00e1pido tira led RGB 220V Wifi + IR - Ledsolintel\" \/>\n<meta property=\"og:description\" content=\"Kit enchufe controlador para tiras led\u00a0220V RGB de enchufe r\u00e1pido (no compatible con otros modelos), con\u00a0control remoto por infrarrojos y funci\u00f3n Wifi.\u00a0Soporta hasta 75 metros de tira led RGB 220V (10W\/m). Permite gestionar y controlar f\u00e1cilmente las tiras gracias al mando a distancia de 24 botones. Con este controlador se puede ajustar el brillo, intensidad, &hellip; Continue reading Controlador enchufe r\u00e1pido tira led RGB 220V Wifi + IR\" \/>\n<meta property=\"og:url\" content=\"https:\/\/ledsolintel.com\/fr\/produit-2\/controlador-enchufe-rapido-tira-led-rgb-220v-wifi-ir\/\" \/>\n<meta property=\"og:site_name\" content=\"Ledsolintel\" \/>\n<meta property=\"article:publisher\" content=\"http:\/\/www.facebook.com\/webmenaje\" \/>\n<meta property=\"article:modified_time\" content=\"2026-04-07T08:18:50+00:00\" \/>\n<meta property=\"og:image\" content=\"https:\/\/ledsolintel.com\/wp-content\/uploads\/2025\/11\/controlador-enchufe-rapido-tira-led-rgb-220v-wifi-ir.jpg\" \/>\n\t<meta property=\"og:image:width\" content=\"1500\" \/>\n\t<meta property=\"og:image:height\" content=\"1500\" \/>\n\t<meta property=\"og:image:type\" content=\"image\/jpeg\" \/>\n<meta name=\"twitter:card\" content=\"summary_large_image\" \/>\n<meta name=\"twitter:site\" content=\"@webmenaje\" \/>\n<meta name=\"twitter:label1\" content=\"Dur\u00e9e de lecture estim\u00e9e\" \/>\n\t<meta name=\"twitter:data1\" content=\"1 minute\" \/>\n<script type=\"application\/ld+json\" class=\"yoast-schema-graph\">{\"@context\":\"https:\\\/\\\/schema.org\",\"@graph\":[{\"@type\":\"WebPage\",\"@id\":\"https:\\\/\\\/ledsolintel.com\\\/product\\\/controlador-enchufe-rapido-tira-led-rgb-220v-wifi-ir\\\/\",\"url\":\"https:\\\/\\\/ledsolintel.com\\\/product\\\/controlador-enchufe-rapido-tira-led-rgb-220v-wifi-ir\\\/\",\"name\":\"Controlador enchufe r\u00e1pido tira led RGB 220V Wifi + IR - Ledsolintel\",\"isPartOf\":{\"@id\":\"https:\\\/\\\/ledsolintel.com\\\/#website\"},\"primaryImageOfPage\":{\"@id\":\"https:\\\/\\\/ledsolintel.com\\\/product\\\/controlador-enchufe-rapido-tira-led-rgb-220v-wifi-ir\\\/#primaryimage\"},\"image\":{\"@id\":\"https:\\\/\\\/ledsolintel.com\\\/product\\\/controlador-enchufe-rapido-tira-led-rgb-220v-wifi-ir\\\/#primaryimage\"},\"thumbnailUrl\":\"https:\\\/\\\/ledsolintel.com\\\/wp-content\\\/uploads\\\/2025\\\/11\\\/controlador-enchufe-rapido-tira-led-rgb-220v-wifi-ir.jpg\",\"datePublished\":\"2025-11-11T16:14:00+00:00\",\"dateModified\":\"2026-04-07T08:18:50+00:00\",\"breadcrumb\":{\"@id\":\"https:\\\/\\\/ledsolintel.com\\\/product\\\/controlador-enchufe-rapido-tira-led-rgb-220v-wifi-ir\\\/#breadcrumb\"},\"inLanguage\":\"fr-FR\",\"potentialAction\":[{\"@type\":\"ReadAction\",\"target\":[\"https:\\\/\\\/ledsolintel.com\\\/product\\\/controlador-enchufe-rapido-tira-led-rgb-220v-wifi-ir\\\/\"]}]},{\"@type\":\"ImageObject\",\"inLanguage\":\"fr-FR\",\"@id\":\"https:\\\/\\\/ledsolintel.com\\\/product\\\/controlador-enchufe-rapido-tira-led-rgb-220v-wifi-ir\\\/#primaryimage\",\"url\":\"https:\\\/\\\/ledsolintel.com\\\/wp-content\\\/uploads\\\/2025\\\/11\\\/controlador-enchufe-rapido-tira-led-rgb-220v-wifi-ir.jpg\",\"contentUrl\":\"https:\\\/\\\/ledsolintel.com\\\/wp-content\\\/uploads\\\/2025\\\/11\\\/controlador-enchufe-rapido-tira-led-rgb-220v-wifi-ir.jpg\",\"width\":1500,\"height\":1500},{\"@type\":\"BreadcrumbList\",\"@id\":\"https:\\\/\\\/ledsolintel.com\\\/product\\\/controlador-enchufe-rapido-tira-led-rgb-220v-wifi-ir\\\/#breadcrumb\",\"itemListElement\":[{\"@type\":\"ListItem\",\"position\":1,\"name\":\"Portada\",\"item\":\"https:\\\/\\\/ledsolintel.com\\\/fr\\\/\"},{\"@type\":\"ListItem\",\"position\":2,\"name\":\"Tienda\",\"item\":\"https:\\\/\\\/ledsolintel.com\\\/tienda\\\/\"},{\"@type\":\"ListItem\",\"position\":3,\"name\":\"Controlador enchufe r\u00e1pido tira led RGB 220V Wifi + IR\"}]},{\"@type\":\"WebSite\",\"@id\":\"https:\\\/\\\/ledsolintel.com\\\/#website\",\"url\":\"https:\\\/\\\/ledsolintel.com\\\/\",\"name\":\"Webmenaje\",\"description\":\"Tienda de bombillas y l\u00e1mparas LED para profesionales\",\"publisher\":{\"@id\":\"https:\\\/\\\/ledsolintel.com\\\/#organization\"},\"potentialAction\":[{\"@type\":\"SearchAction\",\"target\":{\"@type\":\"EntryPoint\",\"urlTemplate\":\"https:\\\/\\\/ledsolintel.com\\\/?s={search_term_string}\"},\"query-input\":{\"@type\":\"PropertyValueSpecification\",\"valueRequired\":true,\"valueName\":\"search_term_string\"}}],\"inLanguage\":\"fr-FR\"},{\"@type\":\"Organization\",\"@id\":\"https:\\\/\\\/ledsolintel.com\\\/#organization\",\"name\":\"Solintel Noroeste, S.L.\",\"url\":\"https:\\\/\\\/ledsolintel.com\\\/\",\"logo\":{\"@type\":\"ImageObject\",\"inLanguage\":\"fr-FR\",\"@id\":\"https:\\\/\\\/ledsolintel.com\\\/#\\\/schema\\\/logo\\\/image\\\/\",\"url\":\"https:\\\/\\\/ledsolintel.com\\\/wp-content\\\/uploads\\\/2024\\\/11\\\/webmenaje-logo-1508269066.jpg\",\"contentUrl\":\"https:\\\/\\\/ledsolintel.com\\\/wp-content\\\/uploads\\\/2024\\\/11\\\/webmenaje-logo-1508269066.jpg\",\"width\":370,\"height\":90,\"caption\":\"Solintel Noroeste, S.L.\"},\"image\":{\"@id\":\"https:\\\/\\\/ledsolintel.com\\\/#\\\/schema\\\/logo\\\/image\\\/\"},\"sameAs\":[\"http:\\\/\\\/www.facebook.com\\\/webmenaje\",\"https:\\\/\\\/x.com\\\/webmenaje\",\"https:\\\/\\\/www.youtube.com\\\/channel\\\/UCX2KoVoeCG4LocZjUc6LmSQ\",\"http:\\\/\\\/www.pinterest.com\\\/webmenaje\"]}]}<\/script>\n<!-- \/ Yoast SEO plugin. -->","yoast_head_json":{"title":"Controlador enchufe r\u00e1pido tira led RGB 220V Wifi + IR - Ledsolintel","robots":{"index":"index","follow":"follow","max-snippet":"max-snippet:-1","max-image-preview":"max-image-preview:large","max-video-preview":"max-video-preview:-1"},"canonical":"https:\/\/ledsolintel.com\/fr\/produit-2\/controlador-enchufe-rapido-tira-led-rgb-220v-wifi-ir\/","og_locale":"fr_FR","og_type":"article","og_title":"Controlador enchufe r\u00e1pido tira led RGB 220V Wifi + IR - Ledsolintel","og_description":"Kit enchufe controlador para tiras led\u00a0220V RGB de enchufe r\u00e1pido (no compatible con otros modelos), con\u00a0control remoto por infrarrojos y funci\u00f3n Wifi.\u00a0Soporta hasta 75 metros de tira led RGB 220V (10W\/m). Permite gestionar y controlar f\u00e1cilmente las tiras gracias al mando a distancia de 24 botones. Con este controlador se puede ajustar el brillo, intensidad, &hellip; Continue reading Controlador enchufe r\u00e1pido tira led RGB 220V Wifi + IR","og_url":"https:\/\/ledsolintel.com\/fr\/produit-2\/controlador-enchufe-rapido-tira-led-rgb-220v-wifi-ir\/","og_site_name":"Ledsolintel","article_publisher":"http:\/\/www.facebook.com\/webmenaje","article_modified_time":"2026-04-07T08:18:50+00:00","og_image":[{"width":1500,"height":1500,"url":"https:\/\/ledsolintel.com\/wp-content\/uploads\/2025\/11\/controlador-enchufe-rapido-tira-led-rgb-220v-wifi-ir.jpg","type":"image\/jpeg"}],"twitter_card":"summary_large_image","twitter_site":"@webmenaje","twitter_misc":{"Dur\u00e9e de lecture estim\u00e9e":"1 minute"},"schema":{"@context":"https:\/\/schema.org","@graph":[{"@type":"WebPage","@id":"https:\/\/ledsolintel.com\/product\/controlador-enchufe-rapido-tira-led-rgb-220v-wifi-ir\/","url":"https:\/\/ledsolintel.com\/product\/controlador-enchufe-rapido-tira-led-rgb-220v-wifi-ir\/","name":"Controlador enchufe r\u00e1pido tira led RGB 220V Wifi + IR - Ledsolintel","isPartOf":{"@id":"https:\/\/ledsolintel.com\/#website"},"primaryImageOfPage":{"@id":"https:\/\/ledsolintel.com\/product\/controlador-enchufe-rapido-tira-led-rgb-220v-wifi-ir\/#primaryimage"},"image":{"@id":"https:\/\/ledsolintel.com\/product\/controlador-enchufe-rapido-tira-led-rgb-220v-wifi-ir\/#primaryimage"},"thumbnailUrl":"https:\/\/ledsolintel.com\/wp-content\/uploads\/2025\/11\/controlador-enchufe-rapido-tira-led-rgb-220v-wifi-ir.jpg","datePublished":"2025-11-11T16:14:00+00:00","dateModified":"2026-04-07T08:18:50+00:00","breadcrumb":{"@id":"https:\/\/ledsolintel.com\/product\/controlador-enchufe-rapido-tira-led-rgb-220v-wifi-ir\/#breadcrumb"},"inLanguage":"fr-FR","potentialAction":[{"@type":"ReadAction","target":["https:\/\/ledsolintel.com\/product\/controlador-enchufe-rapido-tira-led-rgb-220v-wifi-ir\/"]}]},{"@type":"ImageObject","inLanguage":"fr-FR","@id":"https:\/\/ledsolintel.com\/product\/controlador-enchufe-rapido-tira-led-rgb-220v-wifi-ir\/#primaryimage","url":"https:\/\/ledsolintel.com\/wp-content\/uploads\/2025\/11\/controlador-enchufe-rapido-tira-led-rgb-220v-wifi-ir.jpg","contentUrl":"https:\/\/ledsolintel.com\/wp-content\/uploads\/2025\/11\/controlador-enchufe-rapido-tira-led-rgb-220v-wifi-ir.jpg","width":1500,"height":1500},{"@type":"BreadcrumbList","@id":"https:\/\/ledsolintel.com\/product\/controlador-enchufe-rapido-tira-led-rgb-220v-wifi-ir\/#breadcrumb","itemListElement":[{"@type":"ListItem","position":1,"name":"Portada","item":"https:\/\/ledsolintel.com\/fr\/"},{"@type":"ListItem","position":2,"name":"Tienda","item":"https:\/\/ledsolintel.com\/tienda\/"},{"@type":"ListItem","position":3,"name":"Controlador enchufe r\u00e1pido tira led RGB 220V Wifi + IR"}]},{"@type":"WebSite","@id":"https:\/\/ledsolintel.com\/#website","url":"https:\/\/ledsolintel.com\/","name":"Webmenaje","description":"Magasin d'ampoules et de lampes LED pour les professionnels","publisher":{"@id":"https:\/\/ledsolintel.com\/#organization"},"potentialAction":[{"@type":"SearchAction","target":{"@type":"EntryPoint","urlTemplate":"https:\/\/ledsolintel.com\/?s={search_term_string}"},"query-input":{"@type":"PropertyValueSpecification","valueRequired":true,"valueName":"search_term_string"}}],"inLanguage":"fr-FR"},{"@type":"Organization","@id":"https:\/\/ledsolintel.com\/#organization","name":"Solintel Noroeste, S.L.","url":"https:\/\/ledsolintel.com\/","logo":{"@type":"ImageObject","inLanguage":"fr-FR","@id":"https:\/\/ledsolintel.com\/#\/schema\/logo\/image\/","url":"https:\/\/ledsolintel.com\/wp-content\/uploads\/2024\/11\/webmenaje-logo-1508269066.jpg","contentUrl":"https:\/\/ledsolintel.com\/wp-content\/uploads\/2024\/11\/webmenaje-logo-1508269066.jpg","width":370,"height":90,"caption":"Solintel Noroeste, S.L."},"image":{"@id":"https:\/\/ledsolintel.com\/#\/schema\/logo\/image\/"},"sameAs":["http:\/\/www.facebook.com\/webmenaje","https:\/\/x.com\/webmenaje","https:\/\/www.youtube.com\/channel\/UCX2KoVoeCG4LocZjUc6LmSQ","http:\/\/www.pinterest.com\/webmenaje"]}]}},"_links":{"self":[{"href":"https:\/\/ledsolintel.com\/fr\/wp-json\/wp\/v2\/product\/269374","targetHints":{"allow":["GET"]}}],"collection":[{"href":"https:\/\/ledsolintel.com\/fr\/wp-json\/wp\/v2\/product"}],"about":[{"href":"https:\/\/ledsolintel.com\/fr\/wp-json\/wp\/v2\/types\/product"}],"version-history":[{"count":1,"href":"https:\/\/ledsolintel.com\/fr\/wp-json\/wp\/v2\/product\/269374\/revisions"}],"predecessor-version":[{"id":269375,"href":"https:\/\/ledsolintel.com\/fr\/wp-json\/wp\/v2\/product\/269374\/revisions\/269375"}],"wp:featuredmedia":[{"embeddable":true,"href":"https:\/\/ledsolintel.com\/fr\/wp-json\/wp\/v2\/media\/264457"}],"wp:attachment":[{"href":"https:\/\/ledsolintel.com\/fr\/wp-json\/wp\/v2\/media?parent=269374"}],"wp:term":[{"taxonomy":"product_brand","embeddable":true,"href":"https:\/\/ledsolintel.com\/fr\/wp-json\/wp\/v2\/product_brand?post=269374"},{"taxonomy":"product_cat","embeddable":true,"href":"https:\/\/ledsolintel.com\/fr\/wp-json\/wp\/v2\/product_cat?post=269374"},{"taxonomy":"product_tag","embeddable":true,"href":"https:\/\/ledsolintel.com\/fr\/wp-json\/wp\/v2\/product_tag?post=269374"}],"curies":[{"name":"wp","href":"https:\/\/api.w.org\/{rel}","templated":true}]}}