{"id":269365,"date":"2025-11-11T17:13:53","date_gmt":"2025-11-11T16:13:53","guid":{"rendered":"https:\/\/nueva.ledsolintel.com\/product\/driver-50w-mean-well-xlg-50-a\/"},"modified":"2026-04-07T10:18:50","modified_gmt":"2026-04-07T08:18:50","slug":"driver-50w-mean-well-xlg-50-a","status":"publish","type":"product","link":"https:\/\/ledsolintel.com\/fr\/produit-2\/driver-50w-mean-well-xlg-50-a\/","title":{"rendered":"Pilote Mean Well XLG-50-A 50W"},"content":{"rendered":"<p>El Driver de la marca Mean Well es un Driver LED de altas prestaciones que se caracteriza por ser muy eficiente y seguro. Est\u00e1 especialmente dise\u00f1ado para ser utilizado en luminarias industriales tales como proyectores, campanas, focos deportivos\u00a0o alumbrado p\u00fablico. Est\u00e1 fabricado en PC y aluminio. Sus dimensiones son: 105 x 63 x 30 mm.  Dispone de un alto factor de potencia (0.95)\u00a0y soporta un voltaje de entrada de\u00a0100-240 V\u00a0a una frecuencia de 50-60 Hz. Se puede usar tanto en interior como exterior al poseer un grado de protecci\u00f3n IP67 (totalmente protegido contra el polvo y puede ser sumergido en agua hasta un metro durante 30 minutos).  Su principal finalidad es transformar la corriente alterna de la red el\u00e9ctrica en corriente continua apta para los LEDs.\u00a0  Tiene entrada multi-tensi\u00f3n, permiti\u00e9ndole soportar subidas y bajadas de tensi\u00f3n sin sufrir da\u00f1os, y salida multi-tensi\u00f3n otorgando una tensi\u00f3n constante dentro de un rango desde 22V hasta 54V. Para evitar da\u00f1os en el driver o en la luminaria, se debe realizar la instalaci\u00f3n sin tensi\u00f3n en la red el\u00e9ctrica.  Dispone de una garant\u00eda de 5 a\u00f1os. Cuenta tambi\u00e9n con el certificado CE, que acredita que se cumple con los requisitos de la UE respecto a compatibilidad electromagn\u00e9tica y normativa de baja tensi\u00f3n. Con este certificado se declara la conformidad de dicho producto con todos los requisitos legales exigidos, y asegura la validez del producto para ser vendido en todo el Espacio Econ\u00f3mico Europeo.  Para m\u00e1s informaci\u00f3n, consultar la hoja de caracter\u00edsticas disponible en el apartado &#8220;Manuales y descargas&#8221;.<\/p>","protected":false},"excerpt":{"rendered":"<p>El Driver de la marca Mean Well es un Driver LED de altas prestaciones que se caracteriza por ser muy eficiente y seguro. Est\u00e1 especialmente dise\u00f1ado para ser utilizado en luminarias industriales tales como proyectores, campanas, focos deportivos\u00a0o alumbrado p\u00fablico. Est\u00e1 fabricado en PC y aluminio. Sus dimensiones son: 105 x 63 x 30 mm. &hellip; <a href=\"https:\/\/ledsolintel.com\/fr\/produit-2\/driver-50w-mean-well-xlg-50-a\/\" class=\"more-link\">Continue reading <span class=\"screen-reader-text\">Pilote Mean Well XLG-50-A 50W<\/span><\/a><\/p>","protected":false},"featured_media":264438,"template":"","meta":[],"product_brand":[101370],"product_cat":[15,101371],"product_tag":[],"class_list":{"0":"post-269365","1":"product","2":"type-product","3":"status-publish","4":"has-post-thumbnail","6":"product_brand-masterled","7":"product_cat-uncategorized","8":"product_cat-masterled","9":"pa_intensidad-no-regulable","12":"instock","13":"taxable","14":"shipping-taxable","15":"purchasable","16":"product-type-simple"},"yoast_head":"<!-- This site is optimized with the Yoast SEO plugin v26.6 - https:\/\/yoast.com\/wordpress\/plugins\/seo\/ -->\n<title>Driver 50W Mean Well XLG-50-A - Ledsolintel<\/title>\n<meta name=\"robots\" content=\"index, follow, max-snippet:-1, max-image-preview:large, max-video-preview:-1\" \/>\n<link rel=\"canonical\" href=\"https:\/\/ledsolintel.com\/fr\/produit-2\/driver-50w-mean-well-xlg-50-a\/\" \/>\n<meta property=\"og:locale\" content=\"fr_FR\" \/>\n<meta property=\"og:type\" content=\"article\" \/>\n<meta property=\"og:title\" content=\"Driver 50W Mean Well XLG-50-A - Ledsolintel\" \/>\n<meta property=\"og:description\" content=\"El Driver de la marca Mean Well es un Driver LED de altas prestaciones que se caracteriza por ser muy eficiente y seguro. Est\u00e1 especialmente dise\u00f1ado para ser utilizado en luminarias industriales tales como proyectores, campanas, focos deportivos\u00a0o alumbrado p\u00fablico. Est\u00e1 fabricado en PC y aluminio. Sus dimensiones son: 105 x 63 x 30 mm. &hellip; Continue reading Driver 50W Mean Well XLG-50-A\" \/>\n<meta property=\"og:url\" content=\"https:\/\/ledsolintel.com\/fr\/produit-2\/driver-50w-mean-well-xlg-50-a\/\" \/>\n<meta property=\"og:site_name\" content=\"Ledsolintel\" \/>\n<meta property=\"article:publisher\" content=\"http:\/\/www.facebook.com\/webmenaje\" \/>\n<meta property=\"article:modified_time\" content=\"2026-04-07T08:18:50+00:00\" \/>\n<meta property=\"og:image\" content=\"https:\/\/ledsolintel.com\/wp-content\/uploads\/2025\/11\/driver-50w-mean-well-xlg-50-a-.jpg\" \/>\n\t<meta property=\"og:image:width\" content=\"1019\" \/>\n\t<meta property=\"og:image:height\" content=\"1019\" \/>\n\t<meta property=\"og:image:type\" content=\"image\/jpeg\" \/>\n<meta name=\"twitter:card\" content=\"summary_large_image\" \/>\n<meta name=\"twitter:site\" content=\"@webmenaje\" \/>\n<meta name=\"twitter:label1\" content=\"Dur\u00e9e de lecture estim\u00e9e\" \/>\n\t<meta name=\"twitter:data1\" content=\"1 minute\" \/>\n<script type=\"application\/ld+json\" class=\"yoast-schema-graph\">{\"@context\":\"https:\/\/schema.org\",\"@graph\":[{\"@type\":\"WebPage\",\"@id\":\"https:\/\/ledsolintel.com\/product\/driver-50w-mean-well-xlg-50-a\/\",\"url\":\"https:\/\/ledsolintel.com\/product\/driver-50w-mean-well-xlg-50-a\/\",\"name\":\"Driver 50W Mean Well XLG-50-A - Ledsolintel\",\"isPartOf\":{\"@id\":\"https:\/\/ledsolintel.com\/#website\"},\"primaryImageOfPage\":{\"@id\":\"https:\/\/ledsolintel.com\/product\/driver-50w-mean-well-xlg-50-a\/#primaryimage\"},\"image\":{\"@id\":\"https:\/\/ledsolintel.com\/product\/driver-50w-mean-well-xlg-50-a\/#primaryimage\"},\"thumbnailUrl\":\"https:\/\/ledsolintel.com\/wp-content\/uploads\/2025\/11\/driver-50w-mean-well-xlg-50-a-.jpg\",\"datePublished\":\"2025-11-11T16:13:53+00:00\",\"dateModified\":\"2026-04-07T08:18:50+00:00\",\"breadcrumb\":{\"@id\":\"https:\/\/ledsolintel.com\/product\/driver-50w-mean-well-xlg-50-a\/#breadcrumb\"},\"inLanguage\":\"fr-FR\",\"potentialAction\":[{\"@type\":\"ReadAction\",\"target\":[\"https:\/\/ledsolintel.com\/product\/driver-50w-mean-well-xlg-50-a\/\"]}]},{\"@type\":\"ImageObject\",\"inLanguage\":\"fr-FR\",\"@id\":\"https:\/\/ledsolintel.com\/product\/driver-50w-mean-well-xlg-50-a\/#primaryimage\",\"url\":\"https:\/\/ledsolintel.com\/wp-content\/uploads\/2025\/11\/driver-50w-mean-well-xlg-50-a-.jpg\",\"contentUrl\":\"https:\/\/ledsolintel.com\/wp-content\/uploads\/2025\/11\/driver-50w-mean-well-xlg-50-a-.jpg\",\"width\":1019,\"height\":1019},{\"@type\":\"BreadcrumbList\",\"@id\":\"https:\/\/ledsolintel.com\/product\/driver-50w-mean-well-xlg-50-a\/#breadcrumb\",\"itemListElement\":[{\"@type\":\"ListItem\",\"position\":1,\"name\":\"Portada\",\"item\":\"https:\/\/ledsolintel.com\/fr\/\"},{\"@type\":\"ListItem\",\"position\":2,\"name\":\"Tienda\",\"item\":\"https:\/\/ledsolintel.com\/tienda\/\"},{\"@type\":\"ListItem\",\"position\":3,\"name\":\"Driver 50W Mean Well XLG-50-A\"}]},{\"@type\":\"WebSite\",\"@id\":\"https:\/\/ledsolintel.com\/#website\",\"url\":\"https:\/\/ledsolintel.com\/\",\"name\":\"Webmenaje\",\"description\":\"Tienda de bombillas y l\u00e1mparas LED para profesionales\",\"publisher\":{\"@id\":\"https:\/\/ledsolintel.com\/#organization\"},\"potentialAction\":[{\"@type\":\"SearchAction\",\"target\":{\"@type\":\"EntryPoint\",\"urlTemplate\":\"https:\/\/ledsolintel.com\/?s={search_term_string}\"},\"query-input\":{\"@type\":\"PropertyValueSpecification\",\"valueRequired\":true,\"valueName\":\"search_term_string\"}}],\"inLanguage\":\"fr-FR\"},{\"@type\":\"Organization\",\"@id\":\"https:\/\/ledsolintel.com\/#organization\",\"name\":\"Solintel Noroeste, S.L.\",\"url\":\"https:\/\/ledsolintel.com\/\",\"logo\":{\"@type\":\"ImageObject\",\"inLanguage\":\"fr-FR\",\"@id\":\"https:\/\/ledsolintel.com\/#\/schema\/logo\/image\/\",\"url\":\"https:\/\/ledsolintel.com\/wp-content\/uploads\/2024\/11\/webmenaje-logo-1508269066.jpg\",\"contentUrl\":\"https:\/\/ledsolintel.com\/wp-content\/uploads\/2024\/11\/webmenaje-logo-1508269066.jpg\",\"width\":370,\"height\":90,\"caption\":\"Solintel Noroeste, S.L.\"},\"image\":{\"@id\":\"https:\/\/ledsolintel.com\/#\/schema\/logo\/image\/\"},\"sameAs\":[\"http:\/\/www.facebook.com\/webmenaje\",\"https:\/\/x.com\/webmenaje\",\"https:\/\/www.youtube.com\/channel\/UCX2KoVoeCG4LocZjUc6LmSQ\",\"http:\/\/www.pinterest.com\/webmenaje\"]}]}<\/script>\n<!-- \/ Yoast SEO plugin. -->","yoast_head_json":{"title":"Driver 50W Mean Well XLG-50-A - Ledsolintel","robots":{"index":"index","follow":"follow","max-snippet":"max-snippet:-1","max-image-preview":"max-image-preview:large","max-video-preview":"max-video-preview:-1"},"canonical":"https:\/\/ledsolintel.com\/fr\/produit-2\/driver-50w-mean-well-xlg-50-a\/","og_locale":"fr_FR","og_type":"article","og_title":"Driver 50W Mean Well XLG-50-A - Ledsolintel","og_description":"El Driver de la marca Mean Well es un Driver LED de altas prestaciones que se caracteriza por ser muy eficiente y seguro. Est\u00e1 especialmente dise\u00f1ado para ser utilizado en luminarias industriales tales como proyectores, campanas, focos deportivos\u00a0o alumbrado p\u00fablico. Est\u00e1 fabricado en PC y aluminio. Sus dimensiones son: 105 x 63 x 30 mm. &hellip; Continue reading Driver 50W Mean Well XLG-50-A","og_url":"https:\/\/ledsolintel.com\/fr\/produit-2\/driver-50w-mean-well-xlg-50-a\/","og_site_name":"Ledsolintel","article_publisher":"http:\/\/www.facebook.com\/webmenaje","article_modified_time":"2026-04-07T08:18:50+00:00","og_image":[{"width":1019,"height":1019,"url":"https:\/\/ledsolintel.com\/wp-content\/uploads\/2025\/11\/driver-50w-mean-well-xlg-50-a-.jpg","type":"image\/jpeg"}],"twitter_card":"summary_large_image","twitter_site":"@webmenaje","twitter_misc":{"Dur\u00e9e de lecture estim\u00e9e":"1 minute"},"schema":{"@context":"https:\/\/schema.org","@graph":[{"@type":"WebPage","@id":"https:\/\/ledsolintel.com\/product\/driver-50w-mean-well-xlg-50-a\/","url":"https:\/\/ledsolintel.com\/product\/driver-50w-mean-well-xlg-50-a\/","name":"Driver 50W Mean Well XLG-50-A - Ledsolintel","isPartOf":{"@id":"https:\/\/ledsolintel.com\/#website"},"primaryImageOfPage":{"@id":"https:\/\/ledsolintel.com\/product\/driver-50w-mean-well-xlg-50-a\/#primaryimage"},"image":{"@id":"https:\/\/ledsolintel.com\/product\/driver-50w-mean-well-xlg-50-a\/#primaryimage"},"thumbnailUrl":"https:\/\/ledsolintel.com\/wp-content\/uploads\/2025\/11\/driver-50w-mean-well-xlg-50-a-.jpg","datePublished":"2025-11-11T16:13:53+00:00","dateModified":"2026-04-07T08:18:50+00:00","breadcrumb":{"@id":"https:\/\/ledsolintel.com\/product\/driver-50w-mean-well-xlg-50-a\/#breadcrumb"},"inLanguage":"fr-FR","potentialAction":[{"@type":"ReadAction","target":["https:\/\/ledsolintel.com\/product\/driver-50w-mean-well-xlg-50-a\/"]}]},{"@type":"ImageObject","inLanguage":"fr-FR","@id":"https:\/\/ledsolintel.com\/product\/driver-50w-mean-well-xlg-50-a\/#primaryimage","url":"https:\/\/ledsolintel.com\/wp-content\/uploads\/2025\/11\/driver-50w-mean-well-xlg-50-a-.jpg","contentUrl":"https:\/\/ledsolintel.com\/wp-content\/uploads\/2025\/11\/driver-50w-mean-well-xlg-50-a-.jpg","width":1019,"height":1019},{"@type":"BreadcrumbList","@id":"https:\/\/ledsolintel.com\/product\/driver-50w-mean-well-xlg-50-a\/#breadcrumb","itemListElement":[{"@type":"ListItem","position":1,"name":"Portada","item":"https:\/\/ledsolintel.com\/fr\/"},{"@type":"ListItem","position":2,"name":"Tienda","item":"https:\/\/ledsolintel.com\/tienda\/"},{"@type":"ListItem","position":3,"name":"Driver 50W Mean Well XLG-50-A"}]},{"@type":"WebSite","@id":"https:\/\/ledsolintel.com\/#website","url":"https:\/\/ledsolintel.com\/","name":"Webmenaje","description":"Magasin d'ampoules et de lampes LED pour les professionnels","publisher":{"@id":"https:\/\/ledsolintel.com\/#organization"},"potentialAction":[{"@type":"SearchAction","target":{"@type":"EntryPoint","urlTemplate":"https:\/\/ledsolintel.com\/?s={search_term_string}"},"query-input":{"@type":"PropertyValueSpecification","valueRequired":true,"valueName":"search_term_string"}}],"inLanguage":"fr-FR"},{"@type":"Organization","@id":"https:\/\/ledsolintel.com\/#organization","name":"Solintel Noroeste, S.L.","url":"https:\/\/ledsolintel.com\/","logo":{"@type":"ImageObject","inLanguage":"fr-FR","@id":"https:\/\/ledsolintel.com\/#\/schema\/logo\/image\/","url":"https:\/\/ledsolintel.com\/wp-content\/uploads\/2024\/11\/webmenaje-logo-1508269066.jpg","contentUrl":"https:\/\/ledsolintel.com\/wp-content\/uploads\/2024\/11\/webmenaje-logo-1508269066.jpg","width":370,"height":90,"caption":"Solintel Noroeste, S.L."},"image":{"@id":"https:\/\/ledsolintel.com\/#\/schema\/logo\/image\/"},"sameAs":["http:\/\/www.facebook.com\/webmenaje","https:\/\/x.com\/webmenaje","https:\/\/www.youtube.com\/channel\/UCX2KoVoeCG4LocZjUc6LmSQ","http:\/\/www.pinterest.com\/webmenaje"]}]}},"_links":{"self":[{"href":"https:\/\/ledsolintel.com\/fr\/wp-json\/wp\/v2\/product\/269365","targetHints":{"allow":["GET"]}}],"collection":[{"href":"https:\/\/ledsolintel.com\/fr\/wp-json\/wp\/v2\/product"}],"about":[{"href":"https:\/\/ledsolintel.com\/fr\/wp-json\/wp\/v2\/types\/product"}],"version-history":[{"count":1,"href":"https:\/\/ledsolintel.com\/fr\/wp-json\/wp\/v2\/product\/269365\/revisions"}],"predecessor-version":[{"id":269366,"href":"https:\/\/ledsolintel.com\/fr\/wp-json\/wp\/v2\/product\/269365\/revisions\/269366"}],"wp:featuredmedia":[{"embeddable":true,"href":"https:\/\/ledsolintel.com\/fr\/wp-json\/wp\/v2\/media\/264438"}],"wp:attachment":[{"href":"https:\/\/ledsolintel.com\/fr\/wp-json\/wp\/v2\/media?parent=269365"}],"wp:term":[{"taxonomy":"product_brand","embeddable":true,"href":"https:\/\/ledsolintel.com\/fr\/wp-json\/wp\/v2\/product_brand?post=269365"},{"taxonomy":"product_cat","embeddable":true,"href":"https:\/\/ledsolintel.com\/fr\/wp-json\/wp\/v2\/product_cat?post=269365"},{"taxonomy":"product_tag","embeddable":true,"href":"https:\/\/ledsolintel.com\/fr\/wp-json\/wp\/v2\/product_tag?post=269365"}],"curies":[{"name":"wp","href":"https:\/\/api.w.org\/{rel}","templated":true}]}}