{"id":269362,"date":"2025-11-11T17:13:51","date_gmt":"2025-11-11T16:13:51","guid":{"rendered":"https:\/\/nueva.ledsolintel.com\/product\/foco-exterior-gu10-superficie-pincho-ip65\/"},"modified":"2026-01-30T15:40:47","modified_gmt":"2026-01-30T14:40:47","slug":"foco-exterior-gu10-superficie-pincho-ip65","status":"publish","type":"product","link":"https:\/\/ledsolintel.com\/fr\/produit-2\/foco-exterior-gu10-superficie-pincho-ip65\/","title":{"rendered":"Spot d'ext\u00e9rieur GU10 surface + pointe IP65"},"content":{"rendered":"<p>El foco exterior LED dise\u00f1ado en aluminio y con acabado en color negro, es un producto perfecto para la iluminaci\u00f3n en espacios exteriores debido a su grado de protecci\u00f3n IP65 (protecci\u00f3n frente al polvo y ante chorros de agua). Debido a su estructura basculante permite la orientaci\u00f3n del punto de luz en la direcci\u00f3n deseada, lo que lo convierte en una fuente de iluminaci\u00f3n ideal para uso residencial en jardines, terrazas, macetas, as\u00ed como, en espacios m\u00e1s amplios como parques, caminos o patios.  Es un foco dise\u00f1ado para utilizar bombillas con casquillo\u00a0GU10, por lo que la luz que emite depender\u00e1 de la bombilla que se instale. Se podr\u00e1 escoger entre tres temperaturas de color diferentes, blanca (6000\u00b0K), neutra (4000\u00b0K) y c\u00e1lida (3000\u00b0K).  Posee unas dimensiones 99 x 310 mm. Funciona directamente a la tensi\u00f3n que deseemos conectar y la luz que emite se distribuir\u00e1 en funci\u00f3n del \u00e1ngulo de apertura que tenga la bombilla. Incorpora un cable de 23cm de longitud.  Su instalaci\u00f3n es muy sencilla, pudiendo optar por dos opciones: (1) fijarlo a una superficie a trav\u00e9s de su base basculante o (2) clavando el pincho directamente sobre la tierra. Finalmente habr\u00eda que conectarlo a la corriente.  Adem\u00e1s de ser un producto que tiene m\u00e1s de 30.000 horas de vida, dispone de una garant\u00eda de 3 a\u00f1os. Cuenta tambi\u00e9n con el certificado CE, que acredita que se cumple con los requisitos de la UE respecto a compatibilidad electromagn\u00e9tica y normativa de baja tensi\u00f3n. Con este certificado se declara la conformidad de dicho producto con todos los requisitos legales exigidos, y asegura la validez del producto para ser vendido en todo el Espacio Econ\u00f3mico Europeo.  *No incluye bombilla<\/p>","protected":false},"excerpt":{"rendered":"<p>El foco exterior LED dise\u00f1ado en aluminio y con acabado en color negro, es un producto perfecto para la iluminaci\u00f3n en espacios exteriores debido a su grado de protecci\u00f3n IP65 (protecci\u00f3n frente al polvo y ante chorros de agua). Debido a su estructura basculante permite la orientaci\u00f3n del punto de luz en la direcci\u00f3n deseada, &hellip; <a href=\"https:\/\/ledsolintel.com\/fr\/produit-2\/foco-exterior-gu10-superficie-pincho-ip65\/\" class=\"more-link\">Continue reading <span class=\"screen-reader-text\">Spot d'ext\u00e9rieur GU10 surface + pointe IP65<\/span><\/a><\/p>","protected":false},"featured_media":264430,"template":"","meta":[],"product_brand":[101370],"product_cat":[15,101371],"product_tag":[],"class_list":{"0":"post-269362","1":"product","2":"type-product","3":"status-publish","4":"has-post-thumbnail","6":"product_brand-masterled","7":"product_cat-uncategorized","8":"product_cat-masterled","9":"pa_tipo-casquillo-casquillo-gu10","12":"instock","13":"purchasable","14":"product-type-simple"},"yoast_head":"<!-- This site is optimized with the Yoast SEO plugin v26.6 - https:\/\/yoast.com\/wordpress\/plugins\/seo\/ -->\n<title>Foco exterior GU10 superficie + pincho IP65 - Ledsolintel<\/title>\n<meta name=\"robots\" content=\"index, follow, max-snippet:-1, max-image-preview:large, max-video-preview:-1\" \/>\n<link rel=\"canonical\" href=\"https:\/\/ledsolintel.com\/fr\/produit-2\/foco-exterior-gu10-superficie-pincho-ip65\/\" \/>\n<meta property=\"og:locale\" content=\"fr_FR\" \/>\n<meta property=\"og:type\" content=\"article\" \/>\n<meta property=\"og:title\" content=\"Foco exterior GU10 superficie + pincho IP65 - Ledsolintel\" \/>\n<meta property=\"og:description\" content=\"El foco exterior LED dise\u00f1ado en aluminio y con acabado en color negro, es un producto perfecto para la iluminaci\u00f3n en espacios exteriores debido a su grado de protecci\u00f3n IP65 (protecci\u00f3n frente al polvo y ante chorros de agua). Debido a su estructura basculante permite la orientaci\u00f3n del punto de luz en la direcci\u00f3n deseada, &hellip; Continue reading Foco exterior GU10 superficie + pincho IP65\" \/>\n<meta property=\"og:url\" content=\"https:\/\/ledsolintel.com\/fr\/produit-2\/foco-exterior-gu10-superficie-pincho-ip65\/\" \/>\n<meta property=\"og:site_name\" content=\"Ledsolintel\" \/>\n<meta property=\"article:publisher\" content=\"http:\/\/www.facebook.com\/webmenaje\" \/>\n<meta property=\"article:modified_time\" content=\"2026-01-30T14:40:47+00:00\" \/>\n<meta property=\"og:image\" content=\"https:\/\/ledsolintel.com\/wp-content\/uploads\/2025\/11\/foco-exterior-gu10-superficie-pincho-ip65.jpg\" \/>\n\t<meta property=\"og:image:width\" content=\"1500\" \/>\n\t<meta property=\"og:image:height\" content=\"1500\" \/>\n\t<meta property=\"og:image:type\" content=\"image\/jpeg\" \/>\n<meta name=\"twitter:card\" content=\"summary_large_image\" \/>\n<meta name=\"twitter:site\" content=\"@webmenaje\" \/>\n<meta name=\"twitter:label1\" content=\"Dur\u00e9e de lecture estim\u00e9e\" \/>\n\t<meta name=\"twitter:data1\" content=\"1 minute\" \/>\n<script type=\"application\/ld+json\" class=\"yoast-schema-graph\">{\"@context\":\"https:\/\/schema.org\",\"@graph\":[{\"@type\":\"WebPage\",\"@id\":\"https:\/\/ledsolintel.com\/product\/foco-exterior-gu10-superficie-pincho-ip65\/\",\"url\":\"https:\/\/ledsolintel.com\/product\/foco-exterior-gu10-superficie-pincho-ip65\/\",\"name\":\"Foco exterior GU10 superficie + pincho IP65 - Ledsolintel\",\"isPartOf\":{\"@id\":\"https:\/\/ledsolintel.com\/#website\"},\"primaryImageOfPage\":{\"@id\":\"https:\/\/ledsolintel.com\/product\/foco-exterior-gu10-superficie-pincho-ip65\/#primaryimage\"},\"image\":{\"@id\":\"https:\/\/ledsolintel.com\/product\/foco-exterior-gu10-superficie-pincho-ip65\/#primaryimage\"},\"thumbnailUrl\":\"https:\/\/ledsolintel.com\/wp-content\/uploads\/2025\/11\/foco-exterior-gu10-superficie-pincho-ip65.jpg\",\"datePublished\":\"2025-11-11T16:13:51+00:00\",\"dateModified\":\"2026-01-30T14:40:47+00:00\",\"breadcrumb\":{\"@id\":\"https:\/\/ledsolintel.com\/product\/foco-exterior-gu10-superficie-pincho-ip65\/#breadcrumb\"},\"inLanguage\":\"fr-FR\",\"potentialAction\":[{\"@type\":\"ReadAction\",\"target\":[\"https:\/\/ledsolintel.com\/product\/foco-exterior-gu10-superficie-pincho-ip65\/\"]}]},{\"@type\":\"ImageObject\",\"inLanguage\":\"fr-FR\",\"@id\":\"https:\/\/ledsolintel.com\/product\/foco-exterior-gu10-superficie-pincho-ip65\/#primaryimage\",\"url\":\"https:\/\/ledsolintel.com\/wp-content\/uploads\/2025\/11\/foco-exterior-gu10-superficie-pincho-ip65.jpg\",\"contentUrl\":\"https:\/\/ledsolintel.com\/wp-content\/uploads\/2025\/11\/foco-exterior-gu10-superficie-pincho-ip65.jpg\",\"width\":1500,\"height\":1500},{\"@type\":\"BreadcrumbList\",\"@id\":\"https:\/\/ledsolintel.com\/product\/foco-exterior-gu10-superficie-pincho-ip65\/#breadcrumb\",\"itemListElement\":[{\"@type\":\"ListItem\",\"position\":1,\"name\":\"Portada\",\"item\":\"https:\/\/ledsolintel.com\/fr\/\"},{\"@type\":\"ListItem\",\"position\":2,\"name\":\"Tienda\",\"item\":\"https:\/\/ledsolintel.com\/tienda\/\"},{\"@type\":\"ListItem\",\"position\":3,\"name\":\"Foco exterior GU10 superficie + pincho IP65\"}]},{\"@type\":\"WebSite\",\"@id\":\"https:\/\/ledsolintel.com\/#website\",\"url\":\"https:\/\/ledsolintel.com\/\",\"name\":\"Webmenaje\",\"description\":\"Tienda de bombillas y l\u00e1mparas LED para profesionales\",\"publisher\":{\"@id\":\"https:\/\/ledsolintel.com\/#organization\"},\"potentialAction\":[{\"@type\":\"SearchAction\",\"target\":{\"@type\":\"EntryPoint\",\"urlTemplate\":\"https:\/\/ledsolintel.com\/?s={search_term_string}\"},\"query-input\":{\"@type\":\"PropertyValueSpecification\",\"valueRequired\":true,\"valueName\":\"search_term_string\"}}],\"inLanguage\":\"fr-FR\"},{\"@type\":\"Organization\",\"@id\":\"https:\/\/ledsolintel.com\/#organization\",\"name\":\"Solintel Noroeste, S.L.\",\"url\":\"https:\/\/ledsolintel.com\/\",\"logo\":{\"@type\":\"ImageObject\",\"inLanguage\":\"fr-FR\",\"@id\":\"https:\/\/ledsolintel.com\/#\/schema\/logo\/image\/\",\"url\":\"https:\/\/ledsolintel.com\/wp-content\/uploads\/2024\/11\/webmenaje-logo-1508269066.jpg\",\"contentUrl\":\"https:\/\/ledsolintel.com\/wp-content\/uploads\/2024\/11\/webmenaje-logo-1508269066.jpg\",\"width\":370,\"height\":90,\"caption\":\"Solintel Noroeste, S.L.\"},\"image\":{\"@id\":\"https:\/\/ledsolintel.com\/#\/schema\/logo\/image\/\"},\"sameAs\":[\"http:\/\/www.facebook.com\/webmenaje\",\"https:\/\/x.com\/webmenaje\",\"https:\/\/www.youtube.com\/channel\/UCX2KoVoeCG4LocZjUc6LmSQ\",\"http:\/\/www.pinterest.com\/webmenaje\"]}]}<\/script>\n<!-- \/ Yoast SEO plugin. -->","yoast_head_json":{"title":"Foco exterior GU10 superficie + pincho IP65 - Ledsolintel","robots":{"index":"index","follow":"follow","max-snippet":"max-snippet:-1","max-image-preview":"max-image-preview:large","max-video-preview":"max-video-preview:-1"},"canonical":"https:\/\/ledsolintel.com\/fr\/produit-2\/foco-exterior-gu10-superficie-pincho-ip65\/","og_locale":"fr_FR","og_type":"article","og_title":"Foco exterior GU10 superficie + pincho IP65 - Ledsolintel","og_description":"El foco exterior LED dise\u00f1ado en aluminio y con acabado en color negro, es un producto perfecto para la iluminaci\u00f3n en espacios exteriores debido a su grado de protecci\u00f3n IP65 (protecci\u00f3n frente al polvo y ante chorros de agua). Debido a su estructura basculante permite la orientaci\u00f3n del punto de luz en la direcci\u00f3n deseada, &hellip; Continue reading Foco exterior GU10 superficie + pincho IP65","og_url":"https:\/\/ledsolintel.com\/fr\/produit-2\/foco-exterior-gu10-superficie-pincho-ip65\/","og_site_name":"Ledsolintel","article_publisher":"http:\/\/www.facebook.com\/webmenaje","article_modified_time":"2026-01-30T14:40:47+00:00","og_image":[{"width":1500,"height":1500,"url":"https:\/\/ledsolintel.com\/wp-content\/uploads\/2025\/11\/foco-exterior-gu10-superficie-pincho-ip65.jpg","type":"image\/jpeg"}],"twitter_card":"summary_large_image","twitter_site":"@webmenaje","twitter_misc":{"Dur\u00e9e de lecture estim\u00e9e":"1 minute"},"schema":{"@context":"https:\/\/schema.org","@graph":[{"@type":"WebPage","@id":"https:\/\/ledsolintel.com\/product\/foco-exterior-gu10-superficie-pincho-ip65\/","url":"https:\/\/ledsolintel.com\/product\/foco-exterior-gu10-superficie-pincho-ip65\/","name":"Foco exterior GU10 superficie + pincho IP65 - Ledsolintel","isPartOf":{"@id":"https:\/\/ledsolintel.com\/#website"},"primaryImageOfPage":{"@id":"https:\/\/ledsolintel.com\/product\/foco-exterior-gu10-superficie-pincho-ip65\/#primaryimage"},"image":{"@id":"https:\/\/ledsolintel.com\/product\/foco-exterior-gu10-superficie-pincho-ip65\/#primaryimage"},"thumbnailUrl":"https:\/\/ledsolintel.com\/wp-content\/uploads\/2025\/11\/foco-exterior-gu10-superficie-pincho-ip65.jpg","datePublished":"2025-11-11T16:13:51+00:00","dateModified":"2026-01-30T14:40:47+00:00","breadcrumb":{"@id":"https:\/\/ledsolintel.com\/product\/foco-exterior-gu10-superficie-pincho-ip65\/#breadcrumb"},"inLanguage":"fr-FR","potentialAction":[{"@type":"ReadAction","target":["https:\/\/ledsolintel.com\/product\/foco-exterior-gu10-superficie-pincho-ip65\/"]}]},{"@type":"ImageObject","inLanguage":"fr-FR","@id":"https:\/\/ledsolintel.com\/product\/foco-exterior-gu10-superficie-pincho-ip65\/#primaryimage","url":"https:\/\/ledsolintel.com\/wp-content\/uploads\/2025\/11\/foco-exterior-gu10-superficie-pincho-ip65.jpg","contentUrl":"https:\/\/ledsolintel.com\/wp-content\/uploads\/2025\/11\/foco-exterior-gu10-superficie-pincho-ip65.jpg","width":1500,"height":1500},{"@type":"BreadcrumbList","@id":"https:\/\/ledsolintel.com\/product\/foco-exterior-gu10-superficie-pincho-ip65\/#breadcrumb","itemListElement":[{"@type":"ListItem","position":1,"name":"Portada","item":"https:\/\/ledsolintel.com\/fr\/"},{"@type":"ListItem","position":2,"name":"Tienda","item":"https:\/\/ledsolintel.com\/tienda\/"},{"@type":"ListItem","position":3,"name":"Foco exterior GU10 superficie + pincho IP65"}]},{"@type":"WebSite","@id":"https:\/\/ledsolintel.com\/#website","url":"https:\/\/ledsolintel.com\/","name":"Webmenaje","description":"Magasin d'ampoules et de lampes LED pour les professionnels","publisher":{"@id":"https:\/\/ledsolintel.com\/#organization"},"potentialAction":[{"@type":"SearchAction","target":{"@type":"EntryPoint","urlTemplate":"https:\/\/ledsolintel.com\/?s={search_term_string}"},"query-input":{"@type":"PropertyValueSpecification","valueRequired":true,"valueName":"search_term_string"}}],"inLanguage":"fr-FR"},{"@type":"Organization","@id":"https:\/\/ledsolintel.com\/#organization","name":"Solintel Noroeste, S.L.","url":"https:\/\/ledsolintel.com\/","logo":{"@type":"ImageObject","inLanguage":"fr-FR","@id":"https:\/\/ledsolintel.com\/#\/schema\/logo\/image\/","url":"https:\/\/ledsolintel.com\/wp-content\/uploads\/2024\/11\/webmenaje-logo-1508269066.jpg","contentUrl":"https:\/\/ledsolintel.com\/wp-content\/uploads\/2024\/11\/webmenaje-logo-1508269066.jpg","width":370,"height":90,"caption":"Solintel Noroeste, S.L."},"image":{"@id":"https:\/\/ledsolintel.com\/#\/schema\/logo\/image\/"},"sameAs":["http:\/\/www.facebook.com\/webmenaje","https:\/\/x.com\/webmenaje","https:\/\/www.youtube.com\/channel\/UCX2KoVoeCG4LocZjUc6LmSQ","http:\/\/www.pinterest.com\/webmenaje"]}]}},"_links":{"self":[{"href":"https:\/\/ledsolintel.com\/fr\/wp-json\/wp\/v2\/product\/269362","targetHints":{"allow":["GET"]}}],"collection":[{"href":"https:\/\/ledsolintel.com\/fr\/wp-json\/wp\/v2\/product"}],"about":[{"href":"https:\/\/ledsolintel.com\/fr\/wp-json\/wp\/v2\/types\/product"}],"version-history":[{"count":1,"href":"https:\/\/ledsolintel.com\/fr\/wp-json\/wp\/v2\/product\/269362\/revisions"}],"predecessor-version":[{"id":269363,"href":"https:\/\/ledsolintel.com\/fr\/wp-json\/wp\/v2\/product\/269362\/revisions\/269363"}],"wp:featuredmedia":[{"embeddable":true,"href":"https:\/\/ledsolintel.com\/fr\/wp-json\/wp\/v2\/media\/264430"}],"wp:attachment":[{"href":"https:\/\/ledsolintel.com\/fr\/wp-json\/wp\/v2\/media?parent=269362"}],"wp:term":[{"taxonomy":"product_brand","embeddable":true,"href":"https:\/\/ledsolintel.com\/fr\/wp-json\/wp\/v2\/product_brand?post=269362"},{"taxonomy":"product_cat","embeddable":true,"href":"https:\/\/ledsolintel.com\/fr\/wp-json\/wp\/v2\/product_cat?post=269362"},{"taxonomy":"product_tag","embeddable":true,"href":"https:\/\/ledsolintel.com\/fr\/wp-json\/wp\/v2\/product_tag?post=269362"}],"curies":[{"name":"wp","href":"https:\/\/api.w.org\/{rel}","templated":true}]}}