{"id":269352,"date":"2025-11-11T17:13:42","date_gmt":"2025-11-11T16:13:42","guid":{"rendered":"https:\/\/nueva.ledsolintel.com\/product\/soporte-de-pared-90o-atex-npt-3-4\/"},"modified":"2026-04-07T10:18:51","modified_gmt":"2026-04-07T08:18:51","slug":"soporte-de-pared-90o-atex-npt-3-4","status":"publish","type":"product","link":"https:\/\/ledsolintel.com\/fr\/produit-2\/soporte-de-pared-90o-atex-npt-3-4\/","title":{"rendered":"Support mural 90\u00ba ATEX 3\/4\u2033 NPT"},"content":{"rendered":"<p>Soporte\u00a0industrial de aluminio\u00a0acabado en color gris, para instalaci\u00f3n en superficie de luminarias antideflagrantes.  Cuenta\u00a0tanto con la certificaci\u00f3n ATEX como IECEX, haci\u00e9ndolo apto para zonas con atm\u00f3sferas potencialmente explosivas.Su grado de protecci\u00f3n IP66 permite su instalaci\u00f3n en zonas h\u00famedas.  La parte inferior consta de una caja de empalmes con cuatro v\u00edas roscadas de m\u00e9trica NPT 3\/4&#8243; (cerradas con tap\u00f3n hexagonal). Se deben adquirir prensaestopas ATEX para las v\u00edas que se vayan a utilizar.  Luminaria ideal para f\u00e1bricas, almacenes, talleres, naves industriales, embarcaciones, cabinas de pintura, gasolineras y zonas con atm\u00f3sferas potencialmente explosivas en general.  Caracter\u00edsticas:  &#8211;\u00a0Compatible con nuestros proyectores y campanas ATEX de cualquier potencia.  &#8211; Pintado mediante pulverizaci\u00f3n electrost\u00e1tica, con alto grado anticorrosi\u00f3n.  &#8211; Apto para zonas 1 y 2 (gases) + 21 y 22 (polvo).  &#8211;\u00a0 Marcado II 2 GD Ex db IIB+H2 T6\/T5 Gb  \u00a0 \u00a0 \u00a0 \u00a0 \u00a0 \u00a0 \u00a0 \u00a0 Ex tb IIC T80\u00b0C\/T95\u00baC Db  &#8211; Tamb: -60\u00baC \/ +40\u00baC (T6\/T80\u00baC)  &#8211; Cierre herm\u00e9tico mediante rosca (fijada con tornillos de cabeza hexagonal A2-70).  &#8211; Tama\u00f1o de la base : 134 x 134 mm.  &#8211; Longitud total del brazo: 297 mm.  &#8211; Tornillos de fijaci\u00f3n en superficie no incluidos.<\/p>","protected":false},"excerpt":{"rendered":"<p>Soporte\u00a0industrial de aluminio\u00a0acabado en color gris, para instalaci\u00f3n en superficie de luminarias antideflagrantes. Cuenta\u00a0tanto con la certificaci\u00f3n ATEX como IECEX, haci\u00e9ndolo apto para zonas con atm\u00f3sferas potencialmente explosivas.Su grado de protecci\u00f3n IP66 permite su instalaci\u00f3n en zonas h\u00famedas. La parte inferior consta de una caja de empalmes con cuatro v\u00edas roscadas de m\u00e9trica NPT 3\/4&#8243; &hellip; <a href=\"https:\/\/ledsolintel.com\/fr\/produit-2\/soporte-de-pared-90o-atex-npt-3-4\/\" class=\"more-link\">Continue reading <span class=\"screen-reader-text\">Support mural 90\u00ba ATEX 3\/4\u2033 NPT<\/span><\/a><\/p>","protected":false},"featured_media":264410,"template":"","meta":[],"product_brand":[101370],"product_cat":[101371,15],"product_tag":[],"class_list":{"0":"post-269352","1":"product","2":"type-product","3":"status-publish","4":"has-post-thumbnail","6":"product_brand-masterled","7":"product_cat-masterled","8":"product_cat-uncategorized","9":"pa_color-gris","12":"instock","13":"taxable","14":"shipping-taxable","15":"purchasable","16":"product-type-simple"},"yoast_head":"<!-- This site is optimized with the Yoast SEO plugin v27.4 - https:\/\/yoast.com\/product\/yoast-seo-wordpress\/ -->\n<title>Soporte de pared 90\u00ba ATEX NPT 3\/4&quot; - Ledsolintel<\/title>\n<meta name=\"robots\" content=\"index, follow, max-snippet:-1, max-image-preview:large, max-video-preview:-1\" \/>\n<link rel=\"canonical\" href=\"https:\/\/ledsolintel.com\/fr\/produit-2\/soporte-de-pared-90o-atex-npt-3-4\/\" \/>\n<meta property=\"og:locale\" content=\"fr_FR\" \/>\n<meta property=\"og:type\" content=\"article\" \/>\n<meta property=\"og:title\" content=\"Soporte de pared 90\u00ba ATEX NPT 3\/4&quot; - Ledsolintel\" \/>\n<meta property=\"og:description\" content=\"Soporte\u00a0industrial de aluminio\u00a0acabado en color gris, para instalaci\u00f3n en superficie de luminarias antideflagrantes. Cuenta\u00a0tanto con la certificaci\u00f3n ATEX como IECEX, haci\u00e9ndolo apto para zonas con atm\u00f3sferas potencialmente explosivas.Su grado de protecci\u00f3n IP66 permite su instalaci\u00f3n en zonas h\u00famedas. La parte inferior consta de una caja de empalmes con cuatro v\u00edas roscadas de m\u00e9trica NPT 3\/4&#8243; &hellip; Continue reading Soporte de pared 90\u00ba ATEX NPT 3\/4&#8243;\" \/>\n<meta property=\"og:url\" content=\"https:\/\/ledsolintel.com\/fr\/produit-2\/soporte-de-pared-90o-atex-npt-3-4\/\" \/>\n<meta property=\"og:site_name\" content=\"Ledsolintel\" \/>\n<meta property=\"article:publisher\" content=\"http:\/\/www.facebook.com\/webmenaje\" \/>\n<meta property=\"article:modified_time\" content=\"2026-04-07T08:18:51+00:00\" \/>\n<meta property=\"og:image\" content=\"https:\/\/ledsolintel.com\/wp-content\/uploads\/2025\/11\/soporte-de-pared-90-atex-npt-34.jpg\" \/>\n\t<meta property=\"og:image:width\" content=\"1500\" \/>\n\t<meta property=\"og:image:height\" content=\"1500\" \/>\n\t<meta property=\"og:image:type\" content=\"image\/jpeg\" \/>\n<meta name=\"twitter:card\" content=\"summary_large_image\" \/>\n<meta name=\"twitter:site\" content=\"@webmenaje\" \/>\n<meta name=\"twitter:label1\" content=\"Dur\u00e9e de lecture estim\u00e9e\" \/>\n\t<meta name=\"twitter:data1\" content=\"1 minute\" \/>\n<script type=\"application\/ld+json\" class=\"yoast-schema-graph\">{\"@context\":\"https:\\\/\\\/schema.org\",\"@graph\":[{\"@type\":\"WebPage\",\"@id\":\"https:\\\/\\\/ledsolintel.com\\\/product\\\/soporte-de-pared-90o-atex-npt-3-4\\\/\",\"url\":\"https:\\\/\\\/ledsolintel.com\\\/product\\\/soporte-de-pared-90o-atex-npt-3-4\\\/\",\"name\":\"Soporte de pared 90\u00ba ATEX NPT 3\\\/4\\\" - Ledsolintel\",\"isPartOf\":{\"@id\":\"https:\\\/\\\/ledsolintel.com\\\/#website\"},\"primaryImageOfPage\":{\"@id\":\"https:\\\/\\\/ledsolintel.com\\\/product\\\/soporte-de-pared-90o-atex-npt-3-4\\\/#primaryimage\"},\"image\":{\"@id\":\"https:\\\/\\\/ledsolintel.com\\\/product\\\/soporte-de-pared-90o-atex-npt-3-4\\\/#primaryimage\"},\"thumbnailUrl\":\"https:\\\/\\\/ledsolintel.com\\\/wp-content\\\/uploads\\\/2025\\\/11\\\/soporte-de-pared-90-atex-npt-34.jpg\",\"datePublished\":\"2025-11-11T16:13:42+00:00\",\"dateModified\":\"2026-04-07T08:18:51+00:00\",\"breadcrumb\":{\"@id\":\"https:\\\/\\\/ledsolintel.com\\\/product\\\/soporte-de-pared-90o-atex-npt-3-4\\\/#breadcrumb\"},\"inLanguage\":\"fr-FR\",\"potentialAction\":[{\"@type\":\"ReadAction\",\"target\":[\"https:\\\/\\\/ledsolintel.com\\\/product\\\/soporte-de-pared-90o-atex-npt-3-4\\\/\"]}]},{\"@type\":\"ImageObject\",\"inLanguage\":\"fr-FR\",\"@id\":\"https:\\\/\\\/ledsolintel.com\\\/product\\\/soporte-de-pared-90o-atex-npt-3-4\\\/#primaryimage\",\"url\":\"https:\\\/\\\/ledsolintel.com\\\/wp-content\\\/uploads\\\/2025\\\/11\\\/soporte-de-pared-90-atex-npt-34.jpg\",\"contentUrl\":\"https:\\\/\\\/ledsolintel.com\\\/wp-content\\\/uploads\\\/2025\\\/11\\\/soporte-de-pared-90-atex-npt-34.jpg\",\"width\":1500,\"height\":1500},{\"@type\":\"BreadcrumbList\",\"@id\":\"https:\\\/\\\/ledsolintel.com\\\/product\\\/soporte-de-pared-90o-atex-npt-3-4\\\/#breadcrumb\",\"itemListElement\":[{\"@type\":\"ListItem\",\"position\":1,\"name\":\"Portada\",\"item\":\"https:\\\/\\\/ledsolintel.com\\\/fr\\\/\"},{\"@type\":\"ListItem\",\"position\":2,\"name\":\"Tienda\",\"item\":\"https:\\\/\\\/ledsolintel.com\\\/tienda\\\/\"},{\"@type\":\"ListItem\",\"position\":3,\"name\":\"Soporte de pared 90\u00ba ATEX NPT 3\\\/4&#8243;\"}]},{\"@type\":\"WebSite\",\"@id\":\"https:\\\/\\\/ledsolintel.com\\\/#website\",\"url\":\"https:\\\/\\\/ledsolintel.com\\\/\",\"name\":\"Webmenaje\",\"description\":\"Tienda de bombillas y l\u00e1mparas LED para profesionales\",\"publisher\":{\"@id\":\"https:\\\/\\\/ledsolintel.com\\\/#organization\"},\"potentialAction\":[{\"@type\":\"SearchAction\",\"target\":{\"@type\":\"EntryPoint\",\"urlTemplate\":\"https:\\\/\\\/ledsolintel.com\\\/?s={search_term_string}\"},\"query-input\":{\"@type\":\"PropertyValueSpecification\",\"valueRequired\":true,\"valueName\":\"search_term_string\"}}],\"inLanguage\":\"fr-FR\"},{\"@type\":\"Organization\",\"@id\":\"https:\\\/\\\/ledsolintel.com\\\/#organization\",\"name\":\"Solintel Noroeste, S.L.\",\"url\":\"https:\\\/\\\/ledsolintel.com\\\/\",\"logo\":{\"@type\":\"ImageObject\",\"inLanguage\":\"fr-FR\",\"@id\":\"https:\\\/\\\/ledsolintel.com\\\/#\\\/schema\\\/logo\\\/image\\\/\",\"url\":\"https:\\\/\\\/ledsolintel.com\\\/wp-content\\\/uploads\\\/2024\\\/11\\\/webmenaje-logo-1508269066.jpg\",\"contentUrl\":\"https:\\\/\\\/ledsolintel.com\\\/wp-content\\\/uploads\\\/2024\\\/11\\\/webmenaje-logo-1508269066.jpg\",\"width\":370,\"height\":90,\"caption\":\"Solintel Noroeste, S.L.\"},\"image\":{\"@id\":\"https:\\\/\\\/ledsolintel.com\\\/#\\\/schema\\\/logo\\\/image\\\/\"},\"sameAs\":[\"http:\\\/\\\/www.facebook.com\\\/webmenaje\",\"https:\\\/\\\/x.com\\\/webmenaje\",\"https:\\\/\\\/www.youtube.com\\\/channel\\\/UCX2KoVoeCG4LocZjUc6LmSQ\",\"http:\\\/\\\/www.pinterest.com\\\/webmenaje\"]}]}<\/script>\n<!-- \/ Yoast SEO plugin. -->","yoast_head_json":{"title":"Soporte de pared 90\u00ba ATEX NPT 3\/4\" - Ledsolintel","robots":{"index":"index","follow":"follow","max-snippet":"max-snippet:-1","max-image-preview":"max-image-preview:large","max-video-preview":"max-video-preview:-1"},"canonical":"https:\/\/ledsolintel.com\/fr\/produit-2\/soporte-de-pared-90o-atex-npt-3-4\/","og_locale":"fr_FR","og_type":"article","og_title":"Soporte de pared 90\u00ba ATEX NPT 3\/4\" - Ledsolintel","og_description":"Soporte\u00a0industrial de aluminio\u00a0acabado en color gris, para instalaci\u00f3n en superficie de luminarias antideflagrantes. Cuenta\u00a0tanto con la certificaci\u00f3n ATEX como IECEX, haci\u00e9ndolo apto para zonas con atm\u00f3sferas potencialmente explosivas.Su grado de protecci\u00f3n IP66 permite su instalaci\u00f3n en zonas h\u00famedas. La parte inferior consta de una caja de empalmes con cuatro v\u00edas roscadas de m\u00e9trica NPT 3\/4&#8243; &hellip; Continue reading Soporte de pared 90\u00ba ATEX NPT 3\/4&#8243;","og_url":"https:\/\/ledsolintel.com\/fr\/produit-2\/soporte-de-pared-90o-atex-npt-3-4\/","og_site_name":"Ledsolintel","article_publisher":"http:\/\/www.facebook.com\/webmenaje","article_modified_time":"2026-04-07T08:18:51+00:00","og_image":[{"width":1500,"height":1500,"url":"https:\/\/ledsolintel.com\/wp-content\/uploads\/2025\/11\/soporte-de-pared-90-atex-npt-34.jpg","type":"image\/jpeg"}],"twitter_card":"summary_large_image","twitter_site":"@webmenaje","twitter_misc":{"Dur\u00e9e de lecture estim\u00e9e":"1 minute"},"schema":{"@context":"https:\/\/schema.org","@graph":[{"@type":"WebPage","@id":"https:\/\/ledsolintel.com\/product\/soporte-de-pared-90o-atex-npt-3-4\/","url":"https:\/\/ledsolintel.com\/product\/soporte-de-pared-90o-atex-npt-3-4\/","name":"Soporte de pared 90\u00ba ATEX NPT 3\/4\" - Ledsolintel","isPartOf":{"@id":"https:\/\/ledsolintel.com\/#website"},"primaryImageOfPage":{"@id":"https:\/\/ledsolintel.com\/product\/soporte-de-pared-90o-atex-npt-3-4\/#primaryimage"},"image":{"@id":"https:\/\/ledsolintel.com\/product\/soporte-de-pared-90o-atex-npt-3-4\/#primaryimage"},"thumbnailUrl":"https:\/\/ledsolintel.com\/wp-content\/uploads\/2025\/11\/soporte-de-pared-90-atex-npt-34.jpg","datePublished":"2025-11-11T16:13:42+00:00","dateModified":"2026-04-07T08:18:51+00:00","breadcrumb":{"@id":"https:\/\/ledsolintel.com\/product\/soporte-de-pared-90o-atex-npt-3-4\/#breadcrumb"},"inLanguage":"fr-FR","potentialAction":[{"@type":"ReadAction","target":["https:\/\/ledsolintel.com\/product\/soporte-de-pared-90o-atex-npt-3-4\/"]}]},{"@type":"ImageObject","inLanguage":"fr-FR","@id":"https:\/\/ledsolintel.com\/product\/soporte-de-pared-90o-atex-npt-3-4\/#primaryimage","url":"https:\/\/ledsolintel.com\/wp-content\/uploads\/2025\/11\/soporte-de-pared-90-atex-npt-34.jpg","contentUrl":"https:\/\/ledsolintel.com\/wp-content\/uploads\/2025\/11\/soporte-de-pared-90-atex-npt-34.jpg","width":1500,"height":1500},{"@type":"BreadcrumbList","@id":"https:\/\/ledsolintel.com\/product\/soporte-de-pared-90o-atex-npt-3-4\/#breadcrumb","itemListElement":[{"@type":"ListItem","position":1,"name":"Portada","item":"https:\/\/ledsolintel.com\/fr\/"},{"@type":"ListItem","position":2,"name":"Tienda","item":"https:\/\/ledsolintel.com\/tienda\/"},{"@type":"ListItem","position":3,"name":"Soporte de pared 90\u00ba ATEX NPT 3\/4&#8243;"}]},{"@type":"WebSite","@id":"https:\/\/ledsolintel.com\/#website","url":"https:\/\/ledsolintel.com\/","name":"Webmenaje","description":"Magasin d'ampoules et de lampes LED pour les professionnels","publisher":{"@id":"https:\/\/ledsolintel.com\/#organization"},"potentialAction":[{"@type":"SearchAction","target":{"@type":"EntryPoint","urlTemplate":"https:\/\/ledsolintel.com\/?s={search_term_string}"},"query-input":{"@type":"PropertyValueSpecification","valueRequired":true,"valueName":"search_term_string"}}],"inLanguage":"fr-FR"},{"@type":"Organization","@id":"https:\/\/ledsolintel.com\/#organization","name":"Solintel Noroeste, S.L.","url":"https:\/\/ledsolintel.com\/","logo":{"@type":"ImageObject","inLanguage":"fr-FR","@id":"https:\/\/ledsolintel.com\/#\/schema\/logo\/image\/","url":"https:\/\/ledsolintel.com\/wp-content\/uploads\/2024\/11\/webmenaje-logo-1508269066.jpg","contentUrl":"https:\/\/ledsolintel.com\/wp-content\/uploads\/2024\/11\/webmenaje-logo-1508269066.jpg","width":370,"height":90,"caption":"Solintel Noroeste, S.L."},"image":{"@id":"https:\/\/ledsolintel.com\/#\/schema\/logo\/image\/"},"sameAs":["http:\/\/www.facebook.com\/webmenaje","https:\/\/x.com\/webmenaje","https:\/\/www.youtube.com\/channel\/UCX2KoVoeCG4LocZjUc6LmSQ","http:\/\/www.pinterest.com\/webmenaje"]}]}},"_links":{"self":[{"href":"https:\/\/ledsolintel.com\/fr\/wp-json\/wp\/v2\/product\/269352","targetHints":{"allow":["GET"]}}],"collection":[{"href":"https:\/\/ledsolintel.com\/fr\/wp-json\/wp\/v2\/product"}],"about":[{"href":"https:\/\/ledsolintel.com\/fr\/wp-json\/wp\/v2\/types\/product"}],"version-history":[{"count":1,"href":"https:\/\/ledsolintel.com\/fr\/wp-json\/wp\/v2\/product\/269352\/revisions"}],"predecessor-version":[{"id":269353,"href":"https:\/\/ledsolintel.com\/fr\/wp-json\/wp\/v2\/product\/269352\/revisions\/269353"}],"wp:featuredmedia":[{"embeddable":true,"href":"https:\/\/ledsolintel.com\/fr\/wp-json\/wp\/v2\/media\/264410"}],"wp:attachment":[{"href":"https:\/\/ledsolintel.com\/fr\/wp-json\/wp\/v2\/media?parent=269352"}],"wp:term":[{"taxonomy":"product_brand","embeddable":true,"href":"https:\/\/ledsolintel.com\/fr\/wp-json\/wp\/v2\/product_brand?post=269352"},{"taxonomy":"product_cat","embeddable":true,"href":"https:\/\/ledsolintel.com\/fr\/wp-json\/wp\/v2\/product_cat?post=269352"},{"taxonomy":"product_tag","embeddable":true,"href":"https:\/\/ledsolintel.com\/fr\/wp-json\/wp\/v2\/product_tag?post=269352"}],"curies":[{"name":"wp","href":"https:\/\/api.w.org\/{rel}","templated":true}]}}