{"id":269349,"date":"2025-11-11T17:13:41","date_gmt":"2025-11-11T16:13:41","guid":{"rendered":"https:\/\/nueva.ledsolintel.com\/product\/controlador-ir-tira-led-220v-rgb-enchufe-rapido\/"},"modified":"2026-04-07T10:18:51","modified_gmt":"2026-04-07T08:18:51","slug":"controlador-ir-tira-led-220v-rgb-enchufe-rapido","status":"publish","type":"product","link":"https:\/\/ledsolintel.com\/fr\/produit-2\/controlador-ir-tira-led-220v-rgb-enchufe-rapido\/","title":{"rendered":"Contr\u00f4leur de bande LED IR 220v RGB quick plug in"},"content":{"rendered":"<p>Kit enchufe controlador para tira led 220V RGB de enchufe r\u00e1pido. Soporta hasta 150 m de tira led RGB 220V &#8211; 10W\/m. Permite gestionar y controlar f\u00e1cilmente las tiras gracias al mando a distancia por infrarrojos. Con este controlador se puede ajustar el brillo, intensidad, color, velocidad y modo de funcionamiento. Se conecta directamente a la red sin necesidad de ning\u00fan dispositivo adicional. El controlador conserva la memoria de la \u00faltima configuraci\u00f3n utilizada.  \u00a0  Gracias a su innovador sistema de conexi\u00f3n r\u00e1pida, se evitan problemas tales como cortocircuitos, malos contactos, da\u00f1os en los leds, etc.  \u00a0  Este controlador s\u00f3lo es compatible con tiras RGB 220V de enchufe r\u00e1pido, no es compatible con las tiras RGB de 220V convencionales de conexi\u00f3n por pincho.  \u00a0  Soporta un voltaje de entrada: 220V, una frecuencia de servicio de 50\/60 Hz y una potencia de salida de 1500W.  \u00a0  Est\u00e1 dise\u00f1ado para ser instalado en interior y exterior debido a su grado de protecci\u00f3n IP65 (protecci\u00f3n total frente al polvo y ante chorros de agua).  \u00a0  Dispone de una garant\u00eda de 3 a\u00f1os. Cuenta tambi\u00e9n con el certificado CE, que acredita que se cumple con los requisitos de la UE respecto a compatibilidad electromagn\u00e9tica y normativa de baja tensi\u00f3n. Con este certificado se declara la conformidad de dicho producto con todos los requisitos legales exigidos, y asegura la validez del producto para ser vendido en todo el Espacio Econ\u00f3mico Europeo.  \u00a0  El manual de instrucciones est\u00e1 disponible en la pesta\u00f1a de &#8220;descargas&#8221;.  \u00a0  El mando a distancia por infrarrojos no incluye pilas.<\/p>","protected":false},"excerpt":{"rendered":"<p>Kit enchufe controlador para tira led 220V RGB de enchufe r\u00e1pido. Soporta hasta 150 m de tira led RGB 220V &#8211; 10W\/m. Permite gestionar y controlar f\u00e1cilmente las tiras gracias al mando a distancia por infrarrojos. Con este controlador se puede ajustar el brillo, intensidad, color, velocidad y modo de funcionamiento. Se conecta directamente a &hellip; <a href=\"https:\/\/ledsolintel.com\/fr\/produit-2\/controlador-ir-tira-led-220v-rgb-enchufe-rapido\/\" class=\"more-link\">Continue reading <span class=\"screen-reader-text\">Contr\u00f4leur de bande LED IR 220v RGB quick plug in<\/span><\/a><\/p>","protected":false},"featured_media":264406,"template":"","meta":[],"product_brand":[101370],"product_cat":[99655,101371,99581,15],"product_tag":[],"class_list":{"0":"post-269349","1":"product","2":"type-product","3":"status-publish","4":"has-post-thumbnail","6":"product_brand-masterled","7":"product_cat-drivers-y-accesorios-para-tiras-de-led","8":"product_cat-masterled","9":"product_cat-tiras-de-led-perfiles-drivers-y-accesorios","10":"product_cat-uncategorized","11":"pa_temperatura-color-luz-rgb","14":"instock","15":"taxable","16":"shipping-taxable","17":"purchasable","18":"product-type-simple"},"yoast_head":"<!-- This site is optimized with the Yoast SEO plugin v27.4 - https:\/\/yoast.com\/product\/yoast-seo-wordpress\/ -->\n<title>Controlador IR tira led 220v RGB enchufe r\u00e1pido - Ledsolintel<\/title>\n<meta name=\"robots\" content=\"index, follow, max-snippet:-1, max-image-preview:large, max-video-preview:-1\" \/>\n<link rel=\"canonical\" href=\"https:\/\/ledsolintel.com\/fr\/produit-2\/controlador-ir-tira-led-220v-rgb-enchufe-rapido\/\" \/>\n<meta property=\"og:locale\" content=\"fr_FR\" \/>\n<meta property=\"og:type\" content=\"article\" \/>\n<meta property=\"og:title\" content=\"Controlador IR tira led 220v RGB enchufe r\u00e1pido - Ledsolintel\" \/>\n<meta property=\"og:description\" content=\"Kit enchufe controlador para tira led 220V RGB de enchufe r\u00e1pido. Soporta hasta 150 m de tira led RGB 220V &#8211; 10W\/m. Permite gestionar y controlar f\u00e1cilmente las tiras gracias al mando a distancia por infrarrojos. Con este controlador se puede ajustar el brillo, intensidad, color, velocidad y modo de funcionamiento. Se conecta directamente a &hellip; Continue reading Controlador IR tira led 220v RGB enchufe r\u00e1pido\" \/>\n<meta property=\"og:url\" content=\"https:\/\/ledsolintel.com\/fr\/produit-2\/controlador-ir-tira-led-220v-rgb-enchufe-rapido\/\" \/>\n<meta property=\"og:site_name\" content=\"Ledsolintel\" \/>\n<meta property=\"article:publisher\" content=\"http:\/\/www.facebook.com\/webmenaje\" \/>\n<meta property=\"article:modified_time\" content=\"2026-04-07T08:18:51+00:00\" \/>\n<meta property=\"og:image\" content=\"https:\/\/ledsolintel.com\/wp-content\/uploads\/2025\/11\/controlador-ir-tira-led-220v-rgb-enchufe-rapido.jpg\" \/>\n\t<meta property=\"og:image:width\" content=\"1500\" \/>\n\t<meta property=\"og:image:height\" content=\"1500\" \/>\n\t<meta property=\"og:image:type\" content=\"image\/jpeg\" \/>\n<meta name=\"twitter:card\" content=\"summary_large_image\" \/>\n<meta name=\"twitter:site\" content=\"@webmenaje\" \/>\n<meta name=\"twitter:label1\" content=\"Dur\u00e9e de lecture estim\u00e9e\" \/>\n\t<meta name=\"twitter:data1\" content=\"1 minute\" \/>\n<script type=\"application\/ld+json\" class=\"yoast-schema-graph\">{\"@context\":\"https:\\\/\\\/schema.org\",\"@graph\":[{\"@type\":\"WebPage\",\"@id\":\"https:\\\/\\\/ledsolintel.com\\\/product\\\/controlador-ir-tira-led-220v-rgb-enchufe-rapido\\\/\",\"url\":\"https:\\\/\\\/ledsolintel.com\\\/product\\\/controlador-ir-tira-led-220v-rgb-enchufe-rapido\\\/\",\"name\":\"Controlador IR tira led 220v RGB enchufe r\u00e1pido - Ledsolintel\",\"isPartOf\":{\"@id\":\"https:\\\/\\\/ledsolintel.com\\\/#website\"},\"primaryImageOfPage\":{\"@id\":\"https:\\\/\\\/ledsolintel.com\\\/product\\\/controlador-ir-tira-led-220v-rgb-enchufe-rapido\\\/#primaryimage\"},\"image\":{\"@id\":\"https:\\\/\\\/ledsolintel.com\\\/product\\\/controlador-ir-tira-led-220v-rgb-enchufe-rapido\\\/#primaryimage\"},\"thumbnailUrl\":\"https:\\\/\\\/ledsolintel.com\\\/wp-content\\\/uploads\\\/2025\\\/11\\\/controlador-ir-tira-led-220v-rgb-enchufe-rapido.jpg\",\"datePublished\":\"2025-11-11T16:13:41+00:00\",\"dateModified\":\"2026-04-07T08:18:51+00:00\",\"breadcrumb\":{\"@id\":\"https:\\\/\\\/ledsolintel.com\\\/product\\\/controlador-ir-tira-led-220v-rgb-enchufe-rapido\\\/#breadcrumb\"},\"inLanguage\":\"fr-FR\",\"potentialAction\":[{\"@type\":\"ReadAction\",\"target\":[\"https:\\\/\\\/ledsolintel.com\\\/product\\\/controlador-ir-tira-led-220v-rgb-enchufe-rapido\\\/\"]}]},{\"@type\":\"ImageObject\",\"inLanguage\":\"fr-FR\",\"@id\":\"https:\\\/\\\/ledsolintel.com\\\/product\\\/controlador-ir-tira-led-220v-rgb-enchufe-rapido\\\/#primaryimage\",\"url\":\"https:\\\/\\\/ledsolintel.com\\\/wp-content\\\/uploads\\\/2025\\\/11\\\/controlador-ir-tira-led-220v-rgb-enchufe-rapido.jpg\",\"contentUrl\":\"https:\\\/\\\/ledsolintel.com\\\/wp-content\\\/uploads\\\/2025\\\/11\\\/controlador-ir-tira-led-220v-rgb-enchufe-rapido.jpg\",\"width\":1500,\"height\":1500},{\"@type\":\"BreadcrumbList\",\"@id\":\"https:\\\/\\\/ledsolintel.com\\\/product\\\/controlador-ir-tira-led-220v-rgb-enchufe-rapido\\\/#breadcrumb\",\"itemListElement\":[{\"@type\":\"ListItem\",\"position\":1,\"name\":\"Portada\",\"item\":\"https:\\\/\\\/ledsolintel.com\\\/fr\\\/\"},{\"@type\":\"ListItem\",\"position\":2,\"name\":\"Tienda\",\"item\":\"https:\\\/\\\/ledsolintel.com\\\/tienda\\\/\"},{\"@type\":\"ListItem\",\"position\":3,\"name\":\"Controlador IR tira led 220v RGB enchufe r\u00e1pido\"}]},{\"@type\":\"WebSite\",\"@id\":\"https:\\\/\\\/ledsolintel.com\\\/#website\",\"url\":\"https:\\\/\\\/ledsolintel.com\\\/\",\"name\":\"Webmenaje\",\"description\":\"Tienda de bombillas y l\u00e1mparas LED para profesionales\",\"publisher\":{\"@id\":\"https:\\\/\\\/ledsolintel.com\\\/#organization\"},\"potentialAction\":[{\"@type\":\"SearchAction\",\"target\":{\"@type\":\"EntryPoint\",\"urlTemplate\":\"https:\\\/\\\/ledsolintel.com\\\/?s={search_term_string}\"},\"query-input\":{\"@type\":\"PropertyValueSpecification\",\"valueRequired\":true,\"valueName\":\"search_term_string\"}}],\"inLanguage\":\"fr-FR\"},{\"@type\":\"Organization\",\"@id\":\"https:\\\/\\\/ledsolintel.com\\\/#organization\",\"name\":\"Solintel Noroeste, S.L.\",\"url\":\"https:\\\/\\\/ledsolintel.com\\\/\",\"logo\":{\"@type\":\"ImageObject\",\"inLanguage\":\"fr-FR\",\"@id\":\"https:\\\/\\\/ledsolintel.com\\\/#\\\/schema\\\/logo\\\/image\\\/\",\"url\":\"https:\\\/\\\/ledsolintel.com\\\/wp-content\\\/uploads\\\/2024\\\/11\\\/webmenaje-logo-1508269066.jpg\",\"contentUrl\":\"https:\\\/\\\/ledsolintel.com\\\/wp-content\\\/uploads\\\/2024\\\/11\\\/webmenaje-logo-1508269066.jpg\",\"width\":370,\"height\":90,\"caption\":\"Solintel Noroeste, S.L.\"},\"image\":{\"@id\":\"https:\\\/\\\/ledsolintel.com\\\/#\\\/schema\\\/logo\\\/image\\\/\"},\"sameAs\":[\"http:\\\/\\\/www.facebook.com\\\/webmenaje\",\"https:\\\/\\\/x.com\\\/webmenaje\",\"https:\\\/\\\/www.youtube.com\\\/channel\\\/UCX2KoVoeCG4LocZjUc6LmSQ\",\"http:\\\/\\\/www.pinterest.com\\\/webmenaje\"]}]}<\/script>\n<!-- \/ Yoast SEO plugin. -->","yoast_head_json":{"title":"Controlador IR tira led 220v RGB enchufe r\u00e1pido - Ledsolintel","robots":{"index":"index","follow":"follow","max-snippet":"max-snippet:-1","max-image-preview":"max-image-preview:large","max-video-preview":"max-video-preview:-1"},"canonical":"https:\/\/ledsolintel.com\/fr\/produit-2\/controlador-ir-tira-led-220v-rgb-enchufe-rapido\/","og_locale":"fr_FR","og_type":"article","og_title":"Controlador IR tira led 220v RGB enchufe r\u00e1pido - Ledsolintel","og_description":"Kit enchufe controlador para tira led 220V RGB de enchufe r\u00e1pido. Soporta hasta 150 m de tira led RGB 220V &#8211; 10W\/m. Permite gestionar y controlar f\u00e1cilmente las tiras gracias al mando a distancia por infrarrojos. Con este controlador se puede ajustar el brillo, intensidad, color, velocidad y modo de funcionamiento. Se conecta directamente a &hellip; Continue reading Controlador IR tira led 220v RGB enchufe r\u00e1pido","og_url":"https:\/\/ledsolintel.com\/fr\/produit-2\/controlador-ir-tira-led-220v-rgb-enchufe-rapido\/","og_site_name":"Ledsolintel","article_publisher":"http:\/\/www.facebook.com\/webmenaje","article_modified_time":"2026-04-07T08:18:51+00:00","og_image":[{"width":1500,"height":1500,"url":"https:\/\/ledsolintel.com\/wp-content\/uploads\/2025\/11\/controlador-ir-tira-led-220v-rgb-enchufe-rapido.jpg","type":"image\/jpeg"}],"twitter_card":"summary_large_image","twitter_site":"@webmenaje","twitter_misc":{"Dur\u00e9e de lecture estim\u00e9e":"1 minute"},"schema":{"@context":"https:\/\/schema.org","@graph":[{"@type":"WebPage","@id":"https:\/\/ledsolintel.com\/product\/controlador-ir-tira-led-220v-rgb-enchufe-rapido\/","url":"https:\/\/ledsolintel.com\/product\/controlador-ir-tira-led-220v-rgb-enchufe-rapido\/","name":"Controlador IR tira led 220v RGB enchufe r\u00e1pido - Ledsolintel","isPartOf":{"@id":"https:\/\/ledsolintel.com\/#website"},"primaryImageOfPage":{"@id":"https:\/\/ledsolintel.com\/product\/controlador-ir-tira-led-220v-rgb-enchufe-rapido\/#primaryimage"},"image":{"@id":"https:\/\/ledsolintel.com\/product\/controlador-ir-tira-led-220v-rgb-enchufe-rapido\/#primaryimage"},"thumbnailUrl":"https:\/\/ledsolintel.com\/wp-content\/uploads\/2025\/11\/controlador-ir-tira-led-220v-rgb-enchufe-rapido.jpg","datePublished":"2025-11-11T16:13:41+00:00","dateModified":"2026-04-07T08:18:51+00:00","breadcrumb":{"@id":"https:\/\/ledsolintel.com\/product\/controlador-ir-tira-led-220v-rgb-enchufe-rapido\/#breadcrumb"},"inLanguage":"fr-FR","potentialAction":[{"@type":"ReadAction","target":["https:\/\/ledsolintel.com\/product\/controlador-ir-tira-led-220v-rgb-enchufe-rapido\/"]}]},{"@type":"ImageObject","inLanguage":"fr-FR","@id":"https:\/\/ledsolintel.com\/product\/controlador-ir-tira-led-220v-rgb-enchufe-rapido\/#primaryimage","url":"https:\/\/ledsolintel.com\/wp-content\/uploads\/2025\/11\/controlador-ir-tira-led-220v-rgb-enchufe-rapido.jpg","contentUrl":"https:\/\/ledsolintel.com\/wp-content\/uploads\/2025\/11\/controlador-ir-tira-led-220v-rgb-enchufe-rapido.jpg","width":1500,"height":1500},{"@type":"BreadcrumbList","@id":"https:\/\/ledsolintel.com\/product\/controlador-ir-tira-led-220v-rgb-enchufe-rapido\/#breadcrumb","itemListElement":[{"@type":"ListItem","position":1,"name":"Portada","item":"https:\/\/ledsolintel.com\/fr\/"},{"@type":"ListItem","position":2,"name":"Tienda","item":"https:\/\/ledsolintel.com\/tienda\/"},{"@type":"ListItem","position":3,"name":"Controlador IR tira led 220v RGB enchufe r\u00e1pido"}]},{"@type":"WebSite","@id":"https:\/\/ledsolintel.com\/#website","url":"https:\/\/ledsolintel.com\/","name":"Webmenaje","description":"Magasin d'ampoules et de lampes LED pour les professionnels","publisher":{"@id":"https:\/\/ledsolintel.com\/#organization"},"potentialAction":[{"@type":"SearchAction","target":{"@type":"EntryPoint","urlTemplate":"https:\/\/ledsolintel.com\/?s={search_term_string}"},"query-input":{"@type":"PropertyValueSpecification","valueRequired":true,"valueName":"search_term_string"}}],"inLanguage":"fr-FR"},{"@type":"Organization","@id":"https:\/\/ledsolintel.com\/#organization","name":"Solintel Noroeste, S.L.","url":"https:\/\/ledsolintel.com\/","logo":{"@type":"ImageObject","inLanguage":"fr-FR","@id":"https:\/\/ledsolintel.com\/#\/schema\/logo\/image\/","url":"https:\/\/ledsolintel.com\/wp-content\/uploads\/2024\/11\/webmenaje-logo-1508269066.jpg","contentUrl":"https:\/\/ledsolintel.com\/wp-content\/uploads\/2024\/11\/webmenaje-logo-1508269066.jpg","width":370,"height":90,"caption":"Solintel Noroeste, S.L."},"image":{"@id":"https:\/\/ledsolintel.com\/#\/schema\/logo\/image\/"},"sameAs":["http:\/\/www.facebook.com\/webmenaje","https:\/\/x.com\/webmenaje","https:\/\/www.youtube.com\/channel\/UCX2KoVoeCG4LocZjUc6LmSQ","http:\/\/www.pinterest.com\/webmenaje"]}]}},"_links":{"self":[{"href":"https:\/\/ledsolintel.com\/fr\/wp-json\/wp\/v2\/product\/269349","targetHints":{"allow":["GET"]}}],"collection":[{"href":"https:\/\/ledsolintel.com\/fr\/wp-json\/wp\/v2\/product"}],"about":[{"href":"https:\/\/ledsolintel.com\/fr\/wp-json\/wp\/v2\/types\/product"}],"version-history":[{"count":1,"href":"https:\/\/ledsolintel.com\/fr\/wp-json\/wp\/v2\/product\/269349\/revisions"}],"predecessor-version":[{"id":269350,"href":"https:\/\/ledsolintel.com\/fr\/wp-json\/wp\/v2\/product\/269349\/revisions\/269350"}],"wp:featuredmedia":[{"embeddable":true,"href":"https:\/\/ledsolintel.com\/fr\/wp-json\/wp\/v2\/media\/264406"}],"wp:attachment":[{"href":"https:\/\/ledsolintel.com\/fr\/wp-json\/wp\/v2\/media?parent=269349"}],"wp:term":[{"taxonomy":"product_brand","embeddable":true,"href":"https:\/\/ledsolintel.com\/fr\/wp-json\/wp\/v2\/product_brand?post=269349"},{"taxonomy":"product_cat","embeddable":true,"href":"https:\/\/ledsolintel.com\/fr\/wp-json\/wp\/v2\/product_cat?post=269349"},{"taxonomy":"product_tag","embeddable":true,"href":"https:\/\/ledsolintel.com\/fr\/wp-json\/wp\/v2\/product_tag?post=269349"}],"curies":[{"name":"wp","href":"https:\/\/api.w.org\/{rel}","templated":true}]}}