{"id":269342,"date":"2025-11-11T17:13:34","date_gmt":"2025-11-11T16:13:34","guid":{"rendered":"https:\/\/nueva.ledsolintel.com\/product\/marco-porcelana-triple-instalacion-superficie\/"},"modified":"2026-04-07T10:18:51","modified_gmt":"2026-04-07T08:18:51","slug":"marco-porcelana-triple-instalacion-superficie","status":"publish","type":"product","link":"https:\/\/ledsolintel.com\/fr\/produit-2\/marco-porcelana-triple-instalacion-superficie\/","title":{"rendered":"Cadre en porcelaine triple surface d'installation"},"content":{"rendered":"<p>Marco\u00a0triple de superficie fabricado en porcelana disponible en color blanco y negro\u00a0con unas dimensiones de 235 x 100 x 23 mm.  Se\u00a0utiliza para realzar la est\u00e9tica de la instalaci\u00f3n el\u00e9ctrica y puede contener hasta 3 mecanismos\u00a0de nuestra serie de porcelana de superficie, y combinar tanto interruptores, como enchufes, etc. Su funci\u00f3n principal es proporcionar un acabado est\u00e9tico y uniforme alrededor del mecanismo el\u00e9ctrico, mejorando as\u00ed la est\u00e9tica\u00a0general del entorno\u00a0en el que se encuentre.  Dependiendo del tipo de instalaci\u00f3n que se vaya a realizar, pueden requerirse otros elementos embellecedores adicionales, como peanas con o sin agujero.  Debido a su dise\u00f1o exclusivo, su instalaci\u00f3n se puede realizar en diferentes espacios, sobre todo donde se busca una est\u00e9tica particular, como en instalaciones decorativas o de estilo r\u00fastico, siendo una pieza ideal para ambientes r\u00fasticos como casas rurales o posadas, as\u00ed como en hoteles, bares o restaurantes.  No incluye ning\u00fan tipo de complemento.<\/p>","protected":false},"excerpt":{"rendered":"<p>Marco\u00a0triple de superficie fabricado en porcelana disponible en color blanco y negro\u00a0con unas dimensiones de 235 x 100 x 23 mm. Se\u00a0utiliza para realzar la est\u00e9tica de la instalaci\u00f3n el\u00e9ctrica y puede contener hasta 3 mecanismos\u00a0de nuestra serie de porcelana de superficie, y combinar tanto interruptores, como enchufes, etc. Su funci\u00f3n principal es proporcionar un &hellip; <a href=\"https:\/\/ledsolintel.com\/fr\/produit-2\/marco-porcelana-triple-instalacion-superficie\/\" class=\"more-link\">Continue reading <span class=\"screen-reader-text\">Cadre en porcelaine triple surface d'installation<\/span><\/a><\/p>","protected":false},"featured_media":264390,"template":"","meta":[],"product_brand":[101370],"product_cat":[101371,15],"product_tag":[],"class_list":{"0":"post-269342","1":"product","2":"type-product","3":"status-publish","4":"has-post-thumbnail","6":"product_brand-masterled","7":"product_cat-masterled","8":"product_cat-uncategorized","9":"pa_color-blanco","10":"pa_color-negro","13":"instock","14":"taxable","15":"shipping-taxable","16":"purchasable","17":"product-type-variable","18":"has-default-attributes"},"yoast_head":"<!-- This site is optimized with the Yoast SEO plugin v27.4 - https:\/\/yoast.com\/product\/yoast-seo-wordpress\/ -->\n<title>Marco porcelana triple instalaci\u00f3n superficie - Ledsolintel<\/title>\n<meta name=\"robots\" content=\"index, follow, max-snippet:-1, max-image-preview:large, max-video-preview:-1\" \/>\n<link rel=\"canonical\" href=\"https:\/\/ledsolintel.com\/fr\/produit-2\/marco-porcelana-triple-instalacion-superficie\/\" \/>\n<meta property=\"og:locale\" content=\"fr_FR\" \/>\n<meta property=\"og:type\" content=\"article\" \/>\n<meta property=\"og:title\" content=\"Marco porcelana triple instalaci\u00f3n superficie - Ledsolintel\" \/>\n<meta property=\"og:description\" content=\"Marco\u00a0triple de superficie fabricado en porcelana disponible en color blanco y negro\u00a0con unas dimensiones de 235 x 100 x 23 mm. Se\u00a0utiliza para realzar la est\u00e9tica de la instalaci\u00f3n el\u00e9ctrica y puede contener hasta 3 mecanismos\u00a0de nuestra serie de porcelana de superficie, y combinar tanto interruptores, como enchufes, etc. Su funci\u00f3n principal es proporcionar un &hellip; Continue reading Marco porcelana triple instalaci\u00f3n superficie\" \/>\n<meta property=\"og:url\" content=\"https:\/\/ledsolintel.com\/fr\/produit-2\/marco-porcelana-triple-instalacion-superficie\/\" \/>\n<meta property=\"og:site_name\" content=\"Ledsolintel\" \/>\n<meta property=\"article:publisher\" content=\"http:\/\/www.facebook.com\/webmenaje\" \/>\n<meta property=\"article:modified_time\" content=\"2026-04-07T08:18:51+00:00\" \/>\n<meta property=\"og:image\" content=\"https:\/\/ledsolintel.com\/wp-content\/uploads\/2025\/11\/marco-porcelana-triple-instalacion-superficie.jpg\" \/>\n\t<meta property=\"og:image:width\" content=\"1500\" \/>\n\t<meta property=\"og:image:height\" content=\"1500\" \/>\n\t<meta property=\"og:image:type\" content=\"image\/jpeg\" \/>\n<meta name=\"twitter:card\" content=\"summary_large_image\" \/>\n<meta name=\"twitter:site\" content=\"@webmenaje\" \/>\n<meta name=\"twitter:label1\" content=\"Dur\u00e9e de lecture estim\u00e9e\" \/>\n\t<meta name=\"twitter:data1\" content=\"1 minute\" \/>\n<script type=\"application\/ld+json\" class=\"yoast-schema-graph\">{\"@context\":\"https:\\\/\\\/schema.org\",\"@graph\":[{\"@type\":\"WebPage\",\"@id\":\"https:\\\/\\\/ledsolintel.com\\\/product\\\/marco-porcelana-triple-instalacion-superficie\\\/\",\"url\":\"https:\\\/\\\/ledsolintel.com\\\/product\\\/marco-porcelana-triple-instalacion-superficie\\\/\",\"name\":\"Marco porcelana triple instalaci\u00f3n superficie - Ledsolintel\",\"isPartOf\":{\"@id\":\"https:\\\/\\\/ledsolintel.com\\\/#website\"},\"primaryImageOfPage\":{\"@id\":\"https:\\\/\\\/ledsolintel.com\\\/product\\\/marco-porcelana-triple-instalacion-superficie\\\/#primaryimage\"},\"image\":{\"@id\":\"https:\\\/\\\/ledsolintel.com\\\/product\\\/marco-porcelana-triple-instalacion-superficie\\\/#primaryimage\"},\"thumbnailUrl\":\"https:\\\/\\\/ledsolintel.com\\\/wp-content\\\/uploads\\\/2025\\\/11\\\/marco-porcelana-triple-instalacion-superficie.jpg\",\"datePublished\":\"2025-11-11T16:13:34+00:00\",\"dateModified\":\"2026-04-07T08:18:51+00:00\",\"breadcrumb\":{\"@id\":\"https:\\\/\\\/ledsolintel.com\\\/product\\\/marco-porcelana-triple-instalacion-superficie\\\/#breadcrumb\"},\"inLanguage\":\"fr-FR\",\"potentialAction\":[{\"@type\":\"ReadAction\",\"target\":[\"https:\\\/\\\/ledsolintel.com\\\/product\\\/marco-porcelana-triple-instalacion-superficie\\\/\"]}]},{\"@type\":\"ImageObject\",\"inLanguage\":\"fr-FR\",\"@id\":\"https:\\\/\\\/ledsolintel.com\\\/product\\\/marco-porcelana-triple-instalacion-superficie\\\/#primaryimage\",\"url\":\"https:\\\/\\\/ledsolintel.com\\\/wp-content\\\/uploads\\\/2025\\\/11\\\/marco-porcelana-triple-instalacion-superficie.jpg\",\"contentUrl\":\"https:\\\/\\\/ledsolintel.com\\\/wp-content\\\/uploads\\\/2025\\\/11\\\/marco-porcelana-triple-instalacion-superficie.jpg\",\"width\":1500,\"height\":1500},{\"@type\":\"BreadcrumbList\",\"@id\":\"https:\\\/\\\/ledsolintel.com\\\/product\\\/marco-porcelana-triple-instalacion-superficie\\\/#breadcrumb\",\"itemListElement\":[{\"@type\":\"ListItem\",\"position\":1,\"name\":\"Portada\",\"item\":\"https:\\\/\\\/ledsolintel.com\\\/fr\\\/\"},{\"@type\":\"ListItem\",\"position\":2,\"name\":\"Tienda\",\"item\":\"https:\\\/\\\/ledsolintel.com\\\/tienda\\\/\"},{\"@type\":\"ListItem\",\"position\":3,\"name\":\"Marco porcelana triple instalaci\u00f3n superficie\"}]},{\"@type\":\"WebSite\",\"@id\":\"https:\\\/\\\/ledsolintel.com\\\/#website\",\"url\":\"https:\\\/\\\/ledsolintel.com\\\/\",\"name\":\"Webmenaje\",\"description\":\"Tienda de bombillas y l\u00e1mparas LED para profesionales\",\"publisher\":{\"@id\":\"https:\\\/\\\/ledsolintel.com\\\/#organization\"},\"potentialAction\":[{\"@type\":\"SearchAction\",\"target\":{\"@type\":\"EntryPoint\",\"urlTemplate\":\"https:\\\/\\\/ledsolintel.com\\\/?s={search_term_string}\"},\"query-input\":{\"@type\":\"PropertyValueSpecification\",\"valueRequired\":true,\"valueName\":\"search_term_string\"}}],\"inLanguage\":\"fr-FR\"},{\"@type\":\"Organization\",\"@id\":\"https:\\\/\\\/ledsolintel.com\\\/#organization\",\"name\":\"Solintel Noroeste, S.L.\",\"url\":\"https:\\\/\\\/ledsolintel.com\\\/\",\"logo\":{\"@type\":\"ImageObject\",\"inLanguage\":\"fr-FR\",\"@id\":\"https:\\\/\\\/ledsolintel.com\\\/#\\\/schema\\\/logo\\\/image\\\/\",\"url\":\"https:\\\/\\\/ledsolintel.com\\\/wp-content\\\/uploads\\\/2024\\\/11\\\/webmenaje-logo-1508269066.jpg\",\"contentUrl\":\"https:\\\/\\\/ledsolintel.com\\\/wp-content\\\/uploads\\\/2024\\\/11\\\/webmenaje-logo-1508269066.jpg\",\"width\":370,\"height\":90,\"caption\":\"Solintel Noroeste, S.L.\"},\"image\":{\"@id\":\"https:\\\/\\\/ledsolintel.com\\\/#\\\/schema\\\/logo\\\/image\\\/\"},\"sameAs\":[\"http:\\\/\\\/www.facebook.com\\\/webmenaje\",\"https:\\\/\\\/x.com\\\/webmenaje\",\"https:\\\/\\\/www.youtube.com\\\/channel\\\/UCX2KoVoeCG4LocZjUc6LmSQ\",\"http:\\\/\\\/www.pinterest.com\\\/webmenaje\"]}]}<\/script>\n<!-- \/ Yoast SEO plugin. -->","yoast_head_json":{"title":"Marco porcelana triple instalaci\u00f3n superficie - Ledsolintel","robots":{"index":"index","follow":"follow","max-snippet":"max-snippet:-1","max-image-preview":"max-image-preview:large","max-video-preview":"max-video-preview:-1"},"canonical":"https:\/\/ledsolintel.com\/fr\/produit-2\/marco-porcelana-triple-instalacion-superficie\/","og_locale":"fr_FR","og_type":"article","og_title":"Marco porcelana triple instalaci\u00f3n superficie - Ledsolintel","og_description":"Marco\u00a0triple de superficie fabricado en porcelana disponible en color blanco y negro\u00a0con unas dimensiones de 235 x 100 x 23 mm. Se\u00a0utiliza para realzar la est\u00e9tica de la instalaci\u00f3n el\u00e9ctrica y puede contener hasta 3 mecanismos\u00a0de nuestra serie de porcelana de superficie, y combinar tanto interruptores, como enchufes, etc. Su funci\u00f3n principal es proporcionar un &hellip; Continue reading Marco porcelana triple instalaci\u00f3n superficie","og_url":"https:\/\/ledsolintel.com\/fr\/produit-2\/marco-porcelana-triple-instalacion-superficie\/","og_site_name":"Ledsolintel","article_publisher":"http:\/\/www.facebook.com\/webmenaje","article_modified_time":"2026-04-07T08:18:51+00:00","og_image":[{"width":1500,"height":1500,"url":"https:\/\/ledsolintel.com\/wp-content\/uploads\/2025\/11\/marco-porcelana-triple-instalacion-superficie.jpg","type":"image\/jpeg"}],"twitter_card":"summary_large_image","twitter_site":"@webmenaje","twitter_misc":{"Dur\u00e9e de lecture estim\u00e9e":"1 minute"},"schema":{"@context":"https:\/\/schema.org","@graph":[{"@type":"WebPage","@id":"https:\/\/ledsolintel.com\/product\/marco-porcelana-triple-instalacion-superficie\/","url":"https:\/\/ledsolintel.com\/product\/marco-porcelana-triple-instalacion-superficie\/","name":"Marco porcelana triple instalaci\u00f3n superficie - Ledsolintel","isPartOf":{"@id":"https:\/\/ledsolintel.com\/#website"},"primaryImageOfPage":{"@id":"https:\/\/ledsolintel.com\/product\/marco-porcelana-triple-instalacion-superficie\/#primaryimage"},"image":{"@id":"https:\/\/ledsolintel.com\/product\/marco-porcelana-triple-instalacion-superficie\/#primaryimage"},"thumbnailUrl":"https:\/\/ledsolintel.com\/wp-content\/uploads\/2025\/11\/marco-porcelana-triple-instalacion-superficie.jpg","datePublished":"2025-11-11T16:13:34+00:00","dateModified":"2026-04-07T08:18:51+00:00","breadcrumb":{"@id":"https:\/\/ledsolintel.com\/product\/marco-porcelana-triple-instalacion-superficie\/#breadcrumb"},"inLanguage":"fr-FR","potentialAction":[{"@type":"ReadAction","target":["https:\/\/ledsolintel.com\/product\/marco-porcelana-triple-instalacion-superficie\/"]}]},{"@type":"ImageObject","inLanguage":"fr-FR","@id":"https:\/\/ledsolintel.com\/product\/marco-porcelana-triple-instalacion-superficie\/#primaryimage","url":"https:\/\/ledsolintel.com\/wp-content\/uploads\/2025\/11\/marco-porcelana-triple-instalacion-superficie.jpg","contentUrl":"https:\/\/ledsolintel.com\/wp-content\/uploads\/2025\/11\/marco-porcelana-triple-instalacion-superficie.jpg","width":1500,"height":1500},{"@type":"BreadcrumbList","@id":"https:\/\/ledsolintel.com\/product\/marco-porcelana-triple-instalacion-superficie\/#breadcrumb","itemListElement":[{"@type":"ListItem","position":1,"name":"Portada","item":"https:\/\/ledsolintel.com\/fr\/"},{"@type":"ListItem","position":2,"name":"Tienda","item":"https:\/\/ledsolintel.com\/tienda\/"},{"@type":"ListItem","position":3,"name":"Marco porcelana triple instalaci\u00f3n superficie"}]},{"@type":"WebSite","@id":"https:\/\/ledsolintel.com\/#website","url":"https:\/\/ledsolintel.com\/","name":"Webmenaje","description":"Magasin d'ampoules et de lampes LED pour les professionnels","publisher":{"@id":"https:\/\/ledsolintel.com\/#organization"},"potentialAction":[{"@type":"SearchAction","target":{"@type":"EntryPoint","urlTemplate":"https:\/\/ledsolintel.com\/?s={search_term_string}"},"query-input":{"@type":"PropertyValueSpecification","valueRequired":true,"valueName":"search_term_string"}}],"inLanguage":"fr-FR"},{"@type":"Organization","@id":"https:\/\/ledsolintel.com\/#organization","name":"Solintel Noroeste, S.L.","url":"https:\/\/ledsolintel.com\/","logo":{"@type":"ImageObject","inLanguage":"fr-FR","@id":"https:\/\/ledsolintel.com\/#\/schema\/logo\/image\/","url":"https:\/\/ledsolintel.com\/wp-content\/uploads\/2024\/11\/webmenaje-logo-1508269066.jpg","contentUrl":"https:\/\/ledsolintel.com\/wp-content\/uploads\/2024\/11\/webmenaje-logo-1508269066.jpg","width":370,"height":90,"caption":"Solintel Noroeste, S.L."},"image":{"@id":"https:\/\/ledsolintel.com\/#\/schema\/logo\/image\/"},"sameAs":["http:\/\/www.facebook.com\/webmenaje","https:\/\/x.com\/webmenaje","https:\/\/www.youtube.com\/channel\/UCX2KoVoeCG4LocZjUc6LmSQ","http:\/\/www.pinterest.com\/webmenaje"]}]}},"_links":{"self":[{"href":"https:\/\/ledsolintel.com\/fr\/wp-json\/wp\/v2\/product\/269342","targetHints":{"allow":["GET"]}}],"collection":[{"href":"https:\/\/ledsolintel.com\/fr\/wp-json\/wp\/v2\/product"}],"about":[{"href":"https:\/\/ledsolintel.com\/fr\/wp-json\/wp\/v2\/types\/product"}],"version-history":[{"count":1,"href":"https:\/\/ledsolintel.com\/fr\/wp-json\/wp\/v2\/product\/269342\/revisions"}],"predecessor-version":[{"id":269343,"href":"https:\/\/ledsolintel.com\/fr\/wp-json\/wp\/v2\/product\/269342\/revisions\/269343"}],"wp:featuredmedia":[{"embeddable":true,"href":"https:\/\/ledsolintel.com\/fr\/wp-json\/wp\/v2\/media\/264390"}],"wp:attachment":[{"href":"https:\/\/ledsolintel.com\/fr\/wp-json\/wp\/v2\/media?parent=269342"}],"wp:term":[{"taxonomy":"product_brand","embeddable":true,"href":"https:\/\/ledsolintel.com\/fr\/wp-json\/wp\/v2\/product_brand?post=269342"},{"taxonomy":"product_cat","embeddable":true,"href":"https:\/\/ledsolintel.com\/fr\/wp-json\/wp\/v2\/product_cat?post=269342"},{"taxonomy":"product_tag","embeddable":true,"href":"https:\/\/ledsolintel.com\/fr\/wp-json\/wp\/v2\/product_tag?post=269342"}],"curies":[{"name":"wp","href":"https:\/\/api.w.org\/{rel}","templated":true}]}}