{"id":269329,"date":"2025-11-11T17:13:20","date_gmt":"2025-11-11T16:13:20","guid":{"rendered":"https:\/\/nueva.ledsolintel.com\/product\/interruptor-vintage-conmutado-porcelana\/"},"modified":"2026-04-07T10:18:51","modified_gmt":"2026-04-07T08:18:51","slug":"interruptor-vintage-conmutado-porcelana","status":"publish","type":"product","link":"https:\/\/ledsolintel.com\/fr\/produit-2\/interruptor-vintage-conmutado-porcelana\/","title":{"rendered":"Interrupteur \u00e0 bascule vintage en porcelaine"},"content":{"rendered":"<p>Interruptor de porcelana disponible en color blanco,\u00a0negro y marfil\u00a0con unas dimensiones de 65\u00a0x 60 mm.  El interruptor de tipo conmutado se puede utilizar\u00a0como interruptor sencillo,\u00a0y tambi\u00e9n permite la opci\u00f3n de controlar un circuito desde\u00a0dos ubicaciones, ofreciendo la capacidad de cambiar la posici\u00f3n del interruptor desde dos puntos diferentes.  Es capaz de soportar cargas el\u00e9ctricas de hasta\u00a010\u00a0amperios y voltajes de hasta\u00a0250 voltios\u00a0de corriente alterna, ofreciendo un control eficiente y seguro.  Su funcionamiento se basa en una manecilla\u00a0que gira 360\u00ba. Es importante mencionar que esta gama est\u00e1 dise\u00f1ada para instalarse sobre marco o directamente en superficie.  Debido a su dise\u00f1o exclusivo, su instalaci\u00f3n se puede realizar en diferentes espacios, sobre todo donde se busca una est\u00e9tica particular, como en instalaciones decorativas o de estilo r\u00fastico, siendo una pieza ideal para ambientes r\u00fasticos como casas rurales o posadas, as\u00ed como en hoteles, bares o restaurantes.  Incluye\u00a0tornillos y tacos de montaje.  \u00a0  Le devolvemos su dinero si no queda satisfecho. Puede consultar nuestra Pol\u00edtica de devoluciones<\/p>","protected":false},"excerpt":{"rendered":"<p>Interruptor de porcelana disponible en color blanco,\u00a0negro y marfil\u00a0con unas dimensiones de 65\u00a0x 60 mm. El interruptor de tipo conmutado se puede utilizar\u00a0como interruptor sencillo,\u00a0y tambi\u00e9n permite la opci\u00f3n de controlar un circuito desde\u00a0dos ubicaciones, ofreciendo la capacidad de cambiar la posici\u00f3n del interruptor desde dos puntos diferentes. Es capaz de soportar cargas el\u00e9ctricas de &hellip; <a href=\"https:\/\/ledsolintel.com\/fr\/produit-2\/interruptor-vintage-conmutado-porcelana\/\" class=\"more-link\">Continue reading <span class=\"screen-reader-text\">Interrupteur \u00e0 bascule vintage en porcelaine<\/span><\/a><\/p>","protected":false},"featured_media":264363,"template":"","meta":[],"product_brand":[101370],"product_cat":[15,101371,99617],"product_tag":[],"class_list":{"0":"post-269329","1":"product","2":"type-product","3":"status-publish","4":"has-post-thumbnail","6":"product_brand-masterled","7":"product_cat-uncategorized","8":"product_cat-masterled","9":"product_cat-material-electrico","10":"pa_color-blanco","11":"pa_color-marfil","12":"pa_color-negro","15":"instock","16":"taxable","17":"shipping-taxable","18":"purchasable","19":"product-type-variable","20":"has-default-attributes"},"yoast_head":"<!-- This site is optimized with the Yoast SEO plugin v26.6 - https:\/\/yoast.com\/wordpress\/plugins\/seo\/ -->\n<title>Interruptor vintage conmutado porcelana - Ledsolintel<\/title>\n<meta name=\"robots\" content=\"index, follow, max-snippet:-1, max-image-preview:large, max-video-preview:-1\" \/>\n<link rel=\"canonical\" href=\"https:\/\/ledsolintel.com\/fr\/produit-2\/interruptor-vintage-conmutado-porcelana\/\" \/>\n<meta property=\"og:locale\" content=\"fr_FR\" \/>\n<meta property=\"og:type\" content=\"article\" \/>\n<meta property=\"og:title\" content=\"Interruptor vintage conmutado porcelana - Ledsolintel\" \/>\n<meta property=\"og:description\" content=\"Interruptor de porcelana disponible en color blanco,\u00a0negro y marfil\u00a0con unas dimensiones de 65\u00a0x 60 mm. El interruptor de tipo conmutado se puede utilizar\u00a0como interruptor sencillo,\u00a0y tambi\u00e9n permite la opci\u00f3n de controlar un circuito desde\u00a0dos ubicaciones, ofreciendo la capacidad de cambiar la posici\u00f3n del interruptor desde dos puntos diferentes. Es capaz de soportar cargas el\u00e9ctricas de &hellip; Continue reading Interruptor vintage conmutado porcelana\" \/>\n<meta property=\"og:url\" content=\"https:\/\/ledsolintel.com\/fr\/produit-2\/interruptor-vintage-conmutado-porcelana\/\" \/>\n<meta property=\"og:site_name\" content=\"Ledsolintel\" \/>\n<meta property=\"article:publisher\" content=\"http:\/\/www.facebook.com\/webmenaje\" \/>\n<meta property=\"article:modified_time\" content=\"2026-04-07T08:18:51+00:00\" \/>\n<meta property=\"og:image\" content=\"https:\/\/ledsolintel.com\/wp-content\/uploads\/2025\/11\/interruptor-vintage-conmutado-porcelana.jpg\" \/>\n\t<meta property=\"og:image:width\" content=\"1500\" \/>\n\t<meta property=\"og:image:height\" content=\"1500\" \/>\n\t<meta property=\"og:image:type\" content=\"image\/jpeg\" \/>\n<meta name=\"twitter:card\" content=\"summary_large_image\" \/>\n<meta name=\"twitter:site\" content=\"@webmenaje\" \/>\n<meta name=\"twitter:label1\" content=\"Dur\u00e9e de lecture estim\u00e9e\" \/>\n\t<meta name=\"twitter:data1\" content=\"1 minute\" \/>\n<script type=\"application\/ld+json\" class=\"yoast-schema-graph\">{\"@context\":\"https:\/\/schema.org\",\"@graph\":[{\"@type\":\"WebPage\",\"@id\":\"https:\/\/ledsolintel.com\/product\/interruptor-vintage-conmutado-porcelana\/\",\"url\":\"https:\/\/ledsolintel.com\/product\/interruptor-vintage-conmutado-porcelana\/\",\"name\":\"Interruptor vintage conmutado porcelana - Ledsolintel\",\"isPartOf\":{\"@id\":\"https:\/\/ledsolintel.com\/#website\"},\"primaryImageOfPage\":{\"@id\":\"https:\/\/ledsolintel.com\/product\/interruptor-vintage-conmutado-porcelana\/#primaryimage\"},\"image\":{\"@id\":\"https:\/\/ledsolintel.com\/product\/interruptor-vintage-conmutado-porcelana\/#primaryimage\"},\"thumbnailUrl\":\"https:\/\/ledsolintel.com\/wp-content\/uploads\/2025\/11\/interruptor-vintage-conmutado-porcelana.jpg\",\"datePublished\":\"2025-11-11T16:13:20+00:00\",\"dateModified\":\"2026-04-07T08:18:51+00:00\",\"breadcrumb\":{\"@id\":\"https:\/\/ledsolintel.com\/product\/interruptor-vintage-conmutado-porcelana\/#breadcrumb\"},\"inLanguage\":\"fr-FR\",\"potentialAction\":[{\"@type\":\"ReadAction\",\"target\":[\"https:\/\/ledsolintel.com\/product\/interruptor-vintage-conmutado-porcelana\/\"]}]},{\"@type\":\"ImageObject\",\"inLanguage\":\"fr-FR\",\"@id\":\"https:\/\/ledsolintel.com\/product\/interruptor-vintage-conmutado-porcelana\/#primaryimage\",\"url\":\"https:\/\/ledsolintel.com\/wp-content\/uploads\/2025\/11\/interruptor-vintage-conmutado-porcelana.jpg\",\"contentUrl\":\"https:\/\/ledsolintel.com\/wp-content\/uploads\/2025\/11\/interruptor-vintage-conmutado-porcelana.jpg\",\"width\":1500,\"height\":1500},{\"@type\":\"BreadcrumbList\",\"@id\":\"https:\/\/ledsolintel.com\/product\/interruptor-vintage-conmutado-porcelana\/#breadcrumb\",\"itemListElement\":[{\"@type\":\"ListItem\",\"position\":1,\"name\":\"Portada\",\"item\":\"https:\/\/ledsolintel.com\/fr\/\"},{\"@type\":\"ListItem\",\"position\":2,\"name\":\"Tienda\",\"item\":\"https:\/\/ledsolintel.com\/tienda\/\"},{\"@type\":\"ListItem\",\"position\":3,\"name\":\"Interruptor vintage conmutado porcelana\"}]},{\"@type\":\"WebSite\",\"@id\":\"https:\/\/ledsolintel.com\/#website\",\"url\":\"https:\/\/ledsolintel.com\/\",\"name\":\"Webmenaje\",\"description\":\"Tienda de bombillas y l\u00e1mparas LED para profesionales\",\"publisher\":{\"@id\":\"https:\/\/ledsolintel.com\/#organization\"},\"potentialAction\":[{\"@type\":\"SearchAction\",\"target\":{\"@type\":\"EntryPoint\",\"urlTemplate\":\"https:\/\/ledsolintel.com\/?s={search_term_string}\"},\"query-input\":{\"@type\":\"PropertyValueSpecification\",\"valueRequired\":true,\"valueName\":\"search_term_string\"}}],\"inLanguage\":\"fr-FR\"},{\"@type\":\"Organization\",\"@id\":\"https:\/\/ledsolintel.com\/#organization\",\"name\":\"Solintel Noroeste, S.L.\",\"url\":\"https:\/\/ledsolintel.com\/\",\"logo\":{\"@type\":\"ImageObject\",\"inLanguage\":\"fr-FR\",\"@id\":\"https:\/\/ledsolintel.com\/#\/schema\/logo\/image\/\",\"url\":\"https:\/\/ledsolintel.com\/wp-content\/uploads\/2024\/11\/webmenaje-logo-1508269066.jpg\",\"contentUrl\":\"https:\/\/ledsolintel.com\/wp-content\/uploads\/2024\/11\/webmenaje-logo-1508269066.jpg\",\"width\":370,\"height\":90,\"caption\":\"Solintel Noroeste, S.L.\"},\"image\":{\"@id\":\"https:\/\/ledsolintel.com\/#\/schema\/logo\/image\/\"},\"sameAs\":[\"http:\/\/www.facebook.com\/webmenaje\",\"https:\/\/x.com\/webmenaje\",\"https:\/\/www.youtube.com\/channel\/UCX2KoVoeCG4LocZjUc6LmSQ\",\"http:\/\/www.pinterest.com\/webmenaje\"]}]}<\/script>\n<!-- \/ Yoast SEO plugin. -->","yoast_head_json":{"title":"Interruptor vintage conmutado porcelana - Ledsolintel","robots":{"index":"index","follow":"follow","max-snippet":"max-snippet:-1","max-image-preview":"max-image-preview:large","max-video-preview":"max-video-preview:-1"},"canonical":"https:\/\/ledsolintel.com\/fr\/produit-2\/interruptor-vintage-conmutado-porcelana\/","og_locale":"fr_FR","og_type":"article","og_title":"Interruptor vintage conmutado porcelana - Ledsolintel","og_description":"Interruptor de porcelana disponible en color blanco,\u00a0negro y marfil\u00a0con unas dimensiones de 65\u00a0x 60 mm. El interruptor de tipo conmutado se puede utilizar\u00a0como interruptor sencillo,\u00a0y tambi\u00e9n permite la opci\u00f3n de controlar un circuito desde\u00a0dos ubicaciones, ofreciendo la capacidad de cambiar la posici\u00f3n del interruptor desde dos puntos diferentes. Es capaz de soportar cargas el\u00e9ctricas de &hellip; Continue reading Interruptor vintage conmutado porcelana","og_url":"https:\/\/ledsolintel.com\/fr\/produit-2\/interruptor-vintage-conmutado-porcelana\/","og_site_name":"Ledsolintel","article_publisher":"http:\/\/www.facebook.com\/webmenaje","article_modified_time":"2026-04-07T08:18:51+00:00","og_image":[{"width":1500,"height":1500,"url":"https:\/\/ledsolintel.com\/wp-content\/uploads\/2025\/11\/interruptor-vintage-conmutado-porcelana.jpg","type":"image\/jpeg"}],"twitter_card":"summary_large_image","twitter_site":"@webmenaje","twitter_misc":{"Dur\u00e9e de lecture estim\u00e9e":"1 minute"},"schema":{"@context":"https:\/\/schema.org","@graph":[{"@type":"WebPage","@id":"https:\/\/ledsolintel.com\/product\/interruptor-vintage-conmutado-porcelana\/","url":"https:\/\/ledsolintel.com\/product\/interruptor-vintage-conmutado-porcelana\/","name":"Interruptor vintage conmutado porcelana - Ledsolintel","isPartOf":{"@id":"https:\/\/ledsolintel.com\/#website"},"primaryImageOfPage":{"@id":"https:\/\/ledsolintel.com\/product\/interruptor-vintage-conmutado-porcelana\/#primaryimage"},"image":{"@id":"https:\/\/ledsolintel.com\/product\/interruptor-vintage-conmutado-porcelana\/#primaryimage"},"thumbnailUrl":"https:\/\/ledsolintel.com\/wp-content\/uploads\/2025\/11\/interruptor-vintage-conmutado-porcelana.jpg","datePublished":"2025-11-11T16:13:20+00:00","dateModified":"2026-04-07T08:18:51+00:00","breadcrumb":{"@id":"https:\/\/ledsolintel.com\/product\/interruptor-vintage-conmutado-porcelana\/#breadcrumb"},"inLanguage":"fr-FR","potentialAction":[{"@type":"ReadAction","target":["https:\/\/ledsolintel.com\/product\/interruptor-vintage-conmutado-porcelana\/"]}]},{"@type":"ImageObject","inLanguage":"fr-FR","@id":"https:\/\/ledsolintel.com\/product\/interruptor-vintage-conmutado-porcelana\/#primaryimage","url":"https:\/\/ledsolintel.com\/wp-content\/uploads\/2025\/11\/interruptor-vintage-conmutado-porcelana.jpg","contentUrl":"https:\/\/ledsolintel.com\/wp-content\/uploads\/2025\/11\/interruptor-vintage-conmutado-porcelana.jpg","width":1500,"height":1500},{"@type":"BreadcrumbList","@id":"https:\/\/ledsolintel.com\/product\/interruptor-vintage-conmutado-porcelana\/#breadcrumb","itemListElement":[{"@type":"ListItem","position":1,"name":"Portada","item":"https:\/\/ledsolintel.com\/fr\/"},{"@type":"ListItem","position":2,"name":"Tienda","item":"https:\/\/ledsolintel.com\/tienda\/"},{"@type":"ListItem","position":3,"name":"Interruptor vintage conmutado porcelana"}]},{"@type":"WebSite","@id":"https:\/\/ledsolintel.com\/#website","url":"https:\/\/ledsolintel.com\/","name":"Webmenaje","description":"Magasin d'ampoules et de lampes LED pour les professionnels","publisher":{"@id":"https:\/\/ledsolintel.com\/#organization"},"potentialAction":[{"@type":"SearchAction","target":{"@type":"EntryPoint","urlTemplate":"https:\/\/ledsolintel.com\/?s={search_term_string}"},"query-input":{"@type":"PropertyValueSpecification","valueRequired":true,"valueName":"search_term_string"}}],"inLanguage":"fr-FR"},{"@type":"Organization","@id":"https:\/\/ledsolintel.com\/#organization","name":"Solintel Noroeste, S.L.","url":"https:\/\/ledsolintel.com\/","logo":{"@type":"ImageObject","inLanguage":"fr-FR","@id":"https:\/\/ledsolintel.com\/#\/schema\/logo\/image\/","url":"https:\/\/ledsolintel.com\/wp-content\/uploads\/2024\/11\/webmenaje-logo-1508269066.jpg","contentUrl":"https:\/\/ledsolintel.com\/wp-content\/uploads\/2024\/11\/webmenaje-logo-1508269066.jpg","width":370,"height":90,"caption":"Solintel Noroeste, S.L."},"image":{"@id":"https:\/\/ledsolintel.com\/#\/schema\/logo\/image\/"},"sameAs":["http:\/\/www.facebook.com\/webmenaje","https:\/\/x.com\/webmenaje","https:\/\/www.youtube.com\/channel\/UCX2KoVoeCG4LocZjUc6LmSQ","http:\/\/www.pinterest.com\/webmenaje"]}]}},"_links":{"self":[{"href":"https:\/\/ledsolintel.com\/fr\/wp-json\/wp\/v2\/product\/269329","targetHints":{"allow":["GET"]}}],"collection":[{"href":"https:\/\/ledsolintel.com\/fr\/wp-json\/wp\/v2\/product"}],"about":[{"href":"https:\/\/ledsolintel.com\/fr\/wp-json\/wp\/v2\/types\/product"}],"version-history":[{"count":1,"href":"https:\/\/ledsolintel.com\/fr\/wp-json\/wp\/v2\/product\/269329\/revisions"}],"predecessor-version":[{"id":269330,"href":"https:\/\/ledsolintel.com\/fr\/wp-json\/wp\/v2\/product\/269329\/revisions\/269330"}],"wp:featuredmedia":[{"embeddable":true,"href":"https:\/\/ledsolintel.com\/fr\/wp-json\/wp\/v2\/media\/264363"}],"wp:attachment":[{"href":"https:\/\/ledsolintel.com\/fr\/wp-json\/wp\/v2\/media?parent=269329"}],"wp:term":[{"taxonomy":"product_brand","embeddable":true,"href":"https:\/\/ledsolintel.com\/fr\/wp-json\/wp\/v2\/product_brand?post=269329"},{"taxonomy":"product_cat","embeddable":true,"href":"https:\/\/ledsolintel.com\/fr\/wp-json\/wp\/v2\/product_cat?post=269329"},{"taxonomy":"product_tag","embeddable":true,"href":"https:\/\/ledsolintel.com\/fr\/wp-json\/wp\/v2\/product_tag?post=269329"}],"curies":[{"name":"wp","href":"https:\/\/api.w.org\/{rel}","templated":true}]}}