{"id":269319,"date":"2025-11-11T17:13:07","date_gmt":"2025-11-11T16:13:07","guid":{"rendered":"https:\/\/nueva.ledsolintel.com\/product\/aislador-porcelana-para-cable-trenzado\/"},"modified":"2026-04-07T10:18:51","modified_gmt":"2026-04-07T08:18:51","slug":"aislador-porcelana-para-cable-trenzado","status":"publish","type":"product","link":"https:\/\/ledsolintel.com\/fr\/produit-2\/aislador-porcelana-para-cable-trenzado\/","title":{"rendered":"Isolateur en porcelaine pour c\u00e2ble toronn\u00e9"},"content":{"rendered":"<p>Aislador de porcelana en color blanco, negro y marfil, con unas dimensiones de 20 x 24 mm.  Es un componente que se utiliza para separar y proteger los cables el\u00e9ctricos, adapt\u00e1ndose a cables trenzados, garantiz\u00e1ndose as\u00ed una instalaci\u00f3n segura y ordenada. Su funci\u00f3n principal es proporcionar un medio seguro para separar los cables el\u00e9ctricos, manteniendo un aislamiento el\u00e9ctrico seguro, evitando posibles cortocircuitos.  Al tratarse de un componente especialmente dise\u00f1ado para llevar el cable visto por la pared, se recomienda la instalaci\u00f3n a una distancia de 40 cm entre cada uno de ellos para garantizar de este modo una correcta separaci\u00f3n de los cables.  Debido a su dise\u00f1o exclusivo, su instalaci\u00f3n se puede realizar en diferentes espacios, sobre todo donde se busca una est\u00e9tica particular, como en instalaciones decorativas o de estilo r\u00fastico, siendo una pieza ideal para ambientes r\u00fasticos como casas rurales o posadas, as\u00ed como en hoteles, bares o restaurantes.  No incluye ning\u00fan tipo de complemento.<\/p>","protected":false},"excerpt":{"rendered":"<p>Aislador de porcelana en color blanco, negro y marfil, con unas dimensiones de 20 x 24 mm. Es un componente que se utiliza para separar y proteger los cables el\u00e9ctricos, adapt\u00e1ndose a cables trenzados, garantiz\u00e1ndose as\u00ed una instalaci\u00f3n segura y ordenada. Su funci\u00f3n principal es proporcionar un medio seguro para separar los cables el\u00e9ctricos, manteniendo &hellip; <a href=\"https:\/\/ledsolintel.com\/fr\/produit-2\/aislador-porcelana-para-cable-trenzado\/\" class=\"more-link\">Continue reading <span class=\"screen-reader-text\">Isolateur en porcelaine pour c\u00e2ble toronn\u00e9<\/span><\/a><\/p>","protected":false},"featured_media":264339,"template":"","meta":[],"product_brand":[101370],"product_cat":[101371,15],"product_tag":[],"class_list":{"0":"post-269319","1":"product","2":"type-product","3":"status-publish","4":"has-post-thumbnail","6":"product_brand-masterled","7":"product_cat-masterled","8":"product_cat-uncategorized","9":"pa_color-blanco","10":"pa_color-marfil","11":"pa_color-negro","14":"instock","15":"taxable","16":"shipping-taxable","17":"purchasable","18":"product-type-variable","19":"has-default-attributes"},"yoast_head":"<!-- This site is optimized with the Yoast SEO plugin v26.6 - https:\/\/yoast.com\/wordpress\/plugins\/seo\/ -->\n<title>Aislador porcelana para cable trenzado - Ledsolintel<\/title>\n<meta name=\"robots\" content=\"index, follow, max-snippet:-1, max-image-preview:large, max-video-preview:-1\" \/>\n<link rel=\"canonical\" href=\"https:\/\/ledsolintel.com\/fr\/produit-2\/aislador-porcelana-para-cable-trenzado\/\" \/>\n<meta property=\"og:locale\" content=\"fr_FR\" \/>\n<meta property=\"og:type\" content=\"article\" \/>\n<meta property=\"og:title\" content=\"Aislador porcelana para cable trenzado - Ledsolintel\" \/>\n<meta property=\"og:description\" content=\"Aislador de porcelana en color blanco, negro y marfil, con unas dimensiones de 20 x 24 mm. Es un componente que se utiliza para separar y proteger los cables el\u00e9ctricos, adapt\u00e1ndose a cables trenzados, garantiz\u00e1ndose as\u00ed una instalaci\u00f3n segura y ordenada. Su funci\u00f3n principal es proporcionar un medio seguro para separar los cables el\u00e9ctricos, manteniendo &hellip; Continue reading Aislador porcelana para cable trenzado\" \/>\n<meta property=\"og:url\" content=\"https:\/\/ledsolintel.com\/fr\/produit-2\/aislador-porcelana-para-cable-trenzado\/\" \/>\n<meta property=\"og:site_name\" content=\"Ledsolintel\" \/>\n<meta property=\"article:publisher\" content=\"http:\/\/www.facebook.com\/webmenaje\" \/>\n<meta property=\"article:modified_time\" content=\"2026-04-07T08:18:51+00:00\" \/>\n<meta property=\"og:image\" content=\"https:\/\/ledsolintel.com\/wp-content\/uploads\/2025\/11\/aislador-porcelana-para-cable-trenzado.jpg\" \/>\n\t<meta property=\"og:image:width\" content=\"1500\" \/>\n\t<meta property=\"og:image:height\" content=\"1500\" \/>\n\t<meta property=\"og:image:type\" content=\"image\/jpeg\" \/>\n<meta name=\"twitter:card\" content=\"summary_large_image\" \/>\n<meta name=\"twitter:site\" content=\"@webmenaje\" \/>\n<meta name=\"twitter:label1\" content=\"Dur\u00e9e de lecture estim\u00e9e\" \/>\n\t<meta name=\"twitter:data1\" content=\"1 minute\" \/>\n<script type=\"application\/ld+json\" class=\"yoast-schema-graph\">{\"@context\":\"https:\/\/schema.org\",\"@graph\":[{\"@type\":\"WebPage\",\"@id\":\"https:\/\/ledsolintel.com\/product\/aislador-porcelana-para-cable-trenzado\/\",\"url\":\"https:\/\/ledsolintel.com\/product\/aislador-porcelana-para-cable-trenzado\/\",\"name\":\"Aislador porcelana para cable trenzado - Ledsolintel\",\"isPartOf\":{\"@id\":\"https:\/\/ledsolintel.com\/#website\"},\"primaryImageOfPage\":{\"@id\":\"https:\/\/ledsolintel.com\/product\/aislador-porcelana-para-cable-trenzado\/#primaryimage\"},\"image\":{\"@id\":\"https:\/\/ledsolintel.com\/product\/aislador-porcelana-para-cable-trenzado\/#primaryimage\"},\"thumbnailUrl\":\"https:\/\/ledsolintel.com\/wp-content\/uploads\/2025\/11\/aislador-porcelana-para-cable-trenzado.jpg\",\"datePublished\":\"2025-11-11T16:13:07+00:00\",\"dateModified\":\"2026-04-07T08:18:51+00:00\",\"breadcrumb\":{\"@id\":\"https:\/\/ledsolintel.com\/product\/aislador-porcelana-para-cable-trenzado\/#breadcrumb\"},\"inLanguage\":\"fr-FR\",\"potentialAction\":[{\"@type\":\"ReadAction\",\"target\":[\"https:\/\/ledsolintel.com\/product\/aislador-porcelana-para-cable-trenzado\/\"]}]},{\"@type\":\"ImageObject\",\"inLanguage\":\"fr-FR\",\"@id\":\"https:\/\/ledsolintel.com\/product\/aislador-porcelana-para-cable-trenzado\/#primaryimage\",\"url\":\"https:\/\/ledsolintel.com\/wp-content\/uploads\/2025\/11\/aislador-porcelana-para-cable-trenzado.jpg\",\"contentUrl\":\"https:\/\/ledsolintel.com\/wp-content\/uploads\/2025\/11\/aislador-porcelana-para-cable-trenzado.jpg\",\"width\":1500,\"height\":1500},{\"@type\":\"BreadcrumbList\",\"@id\":\"https:\/\/ledsolintel.com\/product\/aislador-porcelana-para-cable-trenzado\/#breadcrumb\",\"itemListElement\":[{\"@type\":\"ListItem\",\"position\":1,\"name\":\"Portada\",\"item\":\"https:\/\/ledsolintel.com\/fr\/\"},{\"@type\":\"ListItem\",\"position\":2,\"name\":\"Tienda\",\"item\":\"https:\/\/ledsolintel.com\/tienda\/\"},{\"@type\":\"ListItem\",\"position\":3,\"name\":\"Aislador porcelana para cable trenzado\"}]},{\"@type\":\"WebSite\",\"@id\":\"https:\/\/ledsolintel.com\/#website\",\"url\":\"https:\/\/ledsolintel.com\/\",\"name\":\"Webmenaje\",\"description\":\"Tienda de bombillas y l\u00e1mparas LED para profesionales\",\"publisher\":{\"@id\":\"https:\/\/ledsolintel.com\/#organization\"},\"potentialAction\":[{\"@type\":\"SearchAction\",\"target\":{\"@type\":\"EntryPoint\",\"urlTemplate\":\"https:\/\/ledsolintel.com\/?s={search_term_string}\"},\"query-input\":{\"@type\":\"PropertyValueSpecification\",\"valueRequired\":true,\"valueName\":\"search_term_string\"}}],\"inLanguage\":\"fr-FR\"},{\"@type\":\"Organization\",\"@id\":\"https:\/\/ledsolintel.com\/#organization\",\"name\":\"Solintel Noroeste, S.L.\",\"url\":\"https:\/\/ledsolintel.com\/\",\"logo\":{\"@type\":\"ImageObject\",\"inLanguage\":\"fr-FR\",\"@id\":\"https:\/\/ledsolintel.com\/#\/schema\/logo\/image\/\",\"url\":\"https:\/\/ledsolintel.com\/wp-content\/uploads\/2024\/11\/webmenaje-logo-1508269066.jpg\",\"contentUrl\":\"https:\/\/ledsolintel.com\/wp-content\/uploads\/2024\/11\/webmenaje-logo-1508269066.jpg\",\"width\":370,\"height\":90,\"caption\":\"Solintel Noroeste, S.L.\"},\"image\":{\"@id\":\"https:\/\/ledsolintel.com\/#\/schema\/logo\/image\/\"},\"sameAs\":[\"http:\/\/www.facebook.com\/webmenaje\",\"https:\/\/x.com\/webmenaje\",\"https:\/\/www.youtube.com\/channel\/UCX2KoVoeCG4LocZjUc6LmSQ\",\"http:\/\/www.pinterest.com\/webmenaje\"]}]}<\/script>\n<!-- \/ Yoast SEO plugin. -->","yoast_head_json":{"title":"Aislador porcelana para cable trenzado - Ledsolintel","robots":{"index":"index","follow":"follow","max-snippet":"max-snippet:-1","max-image-preview":"max-image-preview:large","max-video-preview":"max-video-preview:-1"},"canonical":"https:\/\/ledsolintel.com\/fr\/produit-2\/aislador-porcelana-para-cable-trenzado\/","og_locale":"fr_FR","og_type":"article","og_title":"Aislador porcelana para cable trenzado - Ledsolintel","og_description":"Aislador de porcelana en color blanco, negro y marfil, con unas dimensiones de 20 x 24 mm. Es un componente que se utiliza para separar y proteger los cables el\u00e9ctricos, adapt\u00e1ndose a cables trenzados, garantiz\u00e1ndose as\u00ed una instalaci\u00f3n segura y ordenada. Su funci\u00f3n principal es proporcionar un medio seguro para separar los cables el\u00e9ctricos, manteniendo &hellip; Continue reading Aislador porcelana para cable trenzado","og_url":"https:\/\/ledsolintel.com\/fr\/produit-2\/aislador-porcelana-para-cable-trenzado\/","og_site_name":"Ledsolintel","article_publisher":"http:\/\/www.facebook.com\/webmenaje","article_modified_time":"2026-04-07T08:18:51+00:00","og_image":[{"width":1500,"height":1500,"url":"https:\/\/ledsolintel.com\/wp-content\/uploads\/2025\/11\/aislador-porcelana-para-cable-trenzado.jpg","type":"image\/jpeg"}],"twitter_card":"summary_large_image","twitter_site":"@webmenaje","twitter_misc":{"Dur\u00e9e de lecture estim\u00e9e":"1 minute"},"schema":{"@context":"https:\/\/schema.org","@graph":[{"@type":"WebPage","@id":"https:\/\/ledsolintel.com\/product\/aislador-porcelana-para-cable-trenzado\/","url":"https:\/\/ledsolintel.com\/product\/aislador-porcelana-para-cable-trenzado\/","name":"Aislador porcelana para cable trenzado - Ledsolintel","isPartOf":{"@id":"https:\/\/ledsolintel.com\/#website"},"primaryImageOfPage":{"@id":"https:\/\/ledsolintel.com\/product\/aislador-porcelana-para-cable-trenzado\/#primaryimage"},"image":{"@id":"https:\/\/ledsolintel.com\/product\/aislador-porcelana-para-cable-trenzado\/#primaryimage"},"thumbnailUrl":"https:\/\/ledsolintel.com\/wp-content\/uploads\/2025\/11\/aislador-porcelana-para-cable-trenzado.jpg","datePublished":"2025-11-11T16:13:07+00:00","dateModified":"2026-04-07T08:18:51+00:00","breadcrumb":{"@id":"https:\/\/ledsolintel.com\/product\/aislador-porcelana-para-cable-trenzado\/#breadcrumb"},"inLanguage":"fr-FR","potentialAction":[{"@type":"ReadAction","target":["https:\/\/ledsolintel.com\/product\/aislador-porcelana-para-cable-trenzado\/"]}]},{"@type":"ImageObject","inLanguage":"fr-FR","@id":"https:\/\/ledsolintel.com\/product\/aislador-porcelana-para-cable-trenzado\/#primaryimage","url":"https:\/\/ledsolintel.com\/wp-content\/uploads\/2025\/11\/aislador-porcelana-para-cable-trenzado.jpg","contentUrl":"https:\/\/ledsolintel.com\/wp-content\/uploads\/2025\/11\/aislador-porcelana-para-cable-trenzado.jpg","width":1500,"height":1500},{"@type":"BreadcrumbList","@id":"https:\/\/ledsolintel.com\/product\/aislador-porcelana-para-cable-trenzado\/#breadcrumb","itemListElement":[{"@type":"ListItem","position":1,"name":"Portada","item":"https:\/\/ledsolintel.com\/fr\/"},{"@type":"ListItem","position":2,"name":"Tienda","item":"https:\/\/ledsolintel.com\/tienda\/"},{"@type":"ListItem","position":3,"name":"Aislador porcelana para cable trenzado"}]},{"@type":"WebSite","@id":"https:\/\/ledsolintel.com\/#website","url":"https:\/\/ledsolintel.com\/","name":"Webmenaje","description":"Magasin d'ampoules et de lampes LED pour les professionnels","publisher":{"@id":"https:\/\/ledsolintel.com\/#organization"},"potentialAction":[{"@type":"SearchAction","target":{"@type":"EntryPoint","urlTemplate":"https:\/\/ledsolintel.com\/?s={search_term_string}"},"query-input":{"@type":"PropertyValueSpecification","valueRequired":true,"valueName":"search_term_string"}}],"inLanguage":"fr-FR"},{"@type":"Organization","@id":"https:\/\/ledsolintel.com\/#organization","name":"Solintel Noroeste, S.L.","url":"https:\/\/ledsolintel.com\/","logo":{"@type":"ImageObject","inLanguage":"fr-FR","@id":"https:\/\/ledsolintel.com\/#\/schema\/logo\/image\/","url":"https:\/\/ledsolintel.com\/wp-content\/uploads\/2024\/11\/webmenaje-logo-1508269066.jpg","contentUrl":"https:\/\/ledsolintel.com\/wp-content\/uploads\/2024\/11\/webmenaje-logo-1508269066.jpg","width":370,"height":90,"caption":"Solintel Noroeste, S.L."},"image":{"@id":"https:\/\/ledsolintel.com\/#\/schema\/logo\/image\/"},"sameAs":["http:\/\/www.facebook.com\/webmenaje","https:\/\/x.com\/webmenaje","https:\/\/www.youtube.com\/channel\/UCX2KoVoeCG4LocZjUc6LmSQ","http:\/\/www.pinterest.com\/webmenaje"]}]}},"_links":{"self":[{"href":"https:\/\/ledsolintel.com\/fr\/wp-json\/wp\/v2\/product\/269319","targetHints":{"allow":["GET"]}}],"collection":[{"href":"https:\/\/ledsolintel.com\/fr\/wp-json\/wp\/v2\/product"}],"about":[{"href":"https:\/\/ledsolintel.com\/fr\/wp-json\/wp\/v2\/types\/product"}],"version-history":[{"count":1,"href":"https:\/\/ledsolintel.com\/fr\/wp-json\/wp\/v2\/product\/269319\/revisions"}],"predecessor-version":[{"id":269320,"href":"https:\/\/ledsolintel.com\/fr\/wp-json\/wp\/v2\/product\/269319\/revisions\/269320"}],"wp:featuredmedia":[{"embeddable":true,"href":"https:\/\/ledsolintel.com\/fr\/wp-json\/wp\/v2\/media\/264339"}],"wp:attachment":[{"href":"https:\/\/ledsolintel.com\/fr\/wp-json\/wp\/v2\/media?parent=269319"}],"wp:term":[{"taxonomy":"product_brand","embeddable":true,"href":"https:\/\/ledsolintel.com\/fr\/wp-json\/wp\/v2\/product_brand?post=269319"},{"taxonomy":"product_cat","embeddable":true,"href":"https:\/\/ledsolintel.com\/fr\/wp-json\/wp\/v2\/product_cat?post=269319"},{"taxonomy":"product_tag","embeddable":true,"href":"https:\/\/ledsolintel.com\/fr\/wp-json\/wp\/v2\/product_tag?post=269319"}],"curies":[{"name":"wp","href":"https:\/\/api.w.org\/{rel}","templated":true}]}}