{"id":269308,"date":"2025-11-11T17:12:57","date_gmt":"2025-11-11T16:12:57","guid":{"rendered":"https:\/\/nueva.ledsolintel.com\/product\/aplique-exterior-curve3-e27-ip54-blanco\/"},"modified":"2026-04-07T10:18:51","modified_gmt":"2026-04-07T08:18:51","slug":"curve3-lampe-murale-dexterieur-e27-ip54-blanc","status":"publish","type":"product","link":"https:\/\/ledsolintel.com\/fr\/produit-2\/curve3-lampe-murale-dexterieur-e27-ip54-blanc\/","title":{"rendered":"CURVE3 Applique d'ext\u00e9rieur E27 IP54 blanc"},"content":{"rendered":"<p>Applique murale courbe en aluminium et verre, finition blanche, avec culot pour ampoule E27. Ce type de luminaire est id\u00e9al pour une installation dans les maisons, les jardins, les terrasses, les fa\u00e7ades, les centres commerciaux, les h\u00f4tels ou les restaurants.  Il peut \u00eatre install\u00e9 aussi bien \u00e0 l'int\u00e9rieur qu'\u00e0 l'ext\u00e9rieur gr\u00e2ce \u00e0 son degr\u00e9 de protection IP54 (protection contre la poussi\u00e8re et les \u00e9claboussures).  Il est garanti 3 ans. Il poss\u00e8de \u00e9galement le certificat CE, qui atteste qu'il est conforme aux exigences de l'UE en mati\u00e8re de compatibilit\u00e9 \u00e9lectromagn\u00e9tique et de basse tension. Ce certificat d\u00e9clare la conformit\u00e9 de ce produit \u00e0 toutes les exigences l\u00e9gales et garantit la validit\u00e9 de la vente du produit dans l'Espace \u00e9conomique europ\u00e9en.  Ampoule non incluse.<\/p>","protected":false},"excerpt":{"rendered":"<p>Aplique curvo de aluminio y vidrio con acabado en color blanco, y con base para una bombilla de casquillo E27. Este tipo de iluminaria es ideal para su instalaci\u00f3n en hogares, jardines, terrazas, fachadas, centros comerciales, hoteles o restaurantes. Su instalaci\u00f3n puede ser tanto en espacios interiores como exteriores debido a su grado de protecci\u00f3n &hellip; <a href=\"https:\/\/ledsolintel.com\/fr\/produit-2\/curve3-lampe-murale-dexterieur-e27-ip54-blanc\/\" class=\"more-link\">Continue reading <span class=\"screen-reader-text\">CURVE3 Applique d'ext\u00e9rieur E27 IP54 blanc<\/span><\/a><\/p>","protected":false},"featured_media":264317,"template":"","meta":[],"product_brand":[101370],"product_cat":[99603,99575,101371,15],"product_tag":[],"class_list":{"0":"post-269308","1":"product","2":"type-product","3":"status-publish","4":"has-post-thumbnail","6":"product_brand-masterled","7":"product_cat-apliques-para-exterior","8":"product_cat-iluminacion-para-jardines-y-exteriores","9":"product_cat-masterled","10":"product_cat-uncategorized","11":"pa_tipo-casquillo-casquillo-e27","14":"instock","15":"taxable","16":"shipping-taxable","17":"purchasable","18":"product-type-simple"},"yoast_head":"<!-- This site is optimized with the Yoast SEO plugin v26.6 - https:\/\/yoast.com\/wordpress\/plugins\/seo\/ -->\n<title>Aplique exterior CURVE3 E27 IP54 blanco - Ledsolintel<\/title>\n<meta name=\"robots\" content=\"index, follow, max-snippet:-1, max-image-preview:large, max-video-preview:-1\" \/>\n<link rel=\"canonical\" href=\"https:\/\/ledsolintel.com\/fr\/produit-2\/curve3-lampe-murale-dexterieur-e27-ip54-blanc\/\" \/>\n<meta property=\"og:locale\" content=\"fr_FR\" \/>\n<meta property=\"og:type\" content=\"article\" \/>\n<meta property=\"og:title\" content=\"Aplique exterior CURVE3 E27 IP54 blanco - Ledsolintel\" \/>\n<meta property=\"og:description\" content=\"Aplique curvo de aluminio y vidrio con acabado en color blanco, y con base para una bombilla de casquillo E27. Este tipo de iluminaria es ideal para su instalaci\u00f3n en hogares, jardines, terrazas, fachadas, centros comerciales, hoteles o restaurantes. Su instalaci\u00f3n puede ser tanto en espacios interiores como exteriores debido a su grado de protecci\u00f3n &hellip; Continue reading Aplique exterior CURVE3 E27 IP54 blanco\" \/>\n<meta property=\"og:url\" content=\"https:\/\/ledsolintel.com\/fr\/produit-2\/curve3-lampe-murale-dexterieur-e27-ip54-blanc\/\" \/>\n<meta property=\"og:site_name\" content=\"Ledsolintel\" \/>\n<meta property=\"article:publisher\" content=\"http:\/\/www.facebook.com\/webmenaje\" \/>\n<meta property=\"article:modified_time\" content=\"2026-04-07T08:18:51+00:00\" \/>\n<meta property=\"og:image\" content=\"https:\/\/ledsolintel.com\/wp-content\/uploads\/2025\/11\/aplique-exterior-curve3-e27-ip54-blanco.jpg\" \/>\n\t<meta property=\"og:image:width\" content=\"1500\" \/>\n\t<meta property=\"og:image:height\" content=\"1500\" \/>\n\t<meta property=\"og:image:type\" content=\"image\/jpeg\" \/>\n<meta name=\"twitter:card\" content=\"summary_large_image\" \/>\n<meta name=\"twitter:site\" content=\"@webmenaje\" \/>\n<meta name=\"twitter:label1\" content=\"Dur\u00e9e de lecture estim\u00e9e\" \/>\n\t<meta name=\"twitter:data1\" content=\"1 minute\" \/>\n<script type=\"application\/ld+json\" class=\"yoast-schema-graph\">{\"@context\":\"https:\/\/schema.org\",\"@graph\":[{\"@type\":\"WebPage\",\"@id\":\"https:\/\/ledsolintel.com\/product\/aplique-exterior-curve3-e27-ip54-blanco\/\",\"url\":\"https:\/\/ledsolintel.com\/product\/aplique-exterior-curve3-e27-ip54-blanco\/\",\"name\":\"Aplique exterior CURVE3 E27 IP54 blanco - Ledsolintel\",\"isPartOf\":{\"@id\":\"https:\/\/ledsolintel.com\/#website\"},\"primaryImageOfPage\":{\"@id\":\"https:\/\/ledsolintel.com\/product\/aplique-exterior-curve3-e27-ip54-blanco\/#primaryimage\"},\"image\":{\"@id\":\"https:\/\/ledsolintel.com\/product\/aplique-exterior-curve3-e27-ip54-blanco\/#primaryimage\"},\"thumbnailUrl\":\"https:\/\/ledsolintel.com\/wp-content\/uploads\/2025\/11\/aplique-exterior-curve3-e27-ip54-blanco.jpg\",\"datePublished\":\"2025-11-11T16:12:57+00:00\",\"dateModified\":\"2026-04-07T08:18:51+00:00\",\"breadcrumb\":{\"@id\":\"https:\/\/ledsolintel.com\/product\/aplique-exterior-curve3-e27-ip54-blanco\/#breadcrumb\"},\"inLanguage\":\"fr-FR\",\"potentialAction\":[{\"@type\":\"ReadAction\",\"target\":[\"https:\/\/ledsolintel.com\/product\/aplique-exterior-curve3-e27-ip54-blanco\/\"]}]},{\"@type\":\"ImageObject\",\"inLanguage\":\"fr-FR\",\"@id\":\"https:\/\/ledsolintel.com\/product\/aplique-exterior-curve3-e27-ip54-blanco\/#primaryimage\",\"url\":\"https:\/\/ledsolintel.com\/wp-content\/uploads\/2025\/11\/aplique-exterior-curve3-e27-ip54-blanco.jpg\",\"contentUrl\":\"https:\/\/ledsolintel.com\/wp-content\/uploads\/2025\/11\/aplique-exterior-curve3-e27-ip54-blanco.jpg\",\"width\":1500,\"height\":1500},{\"@type\":\"BreadcrumbList\",\"@id\":\"https:\/\/ledsolintel.com\/product\/aplique-exterior-curve3-e27-ip54-blanco\/#breadcrumb\",\"itemListElement\":[{\"@type\":\"ListItem\",\"position\":1,\"name\":\"Portada\",\"item\":\"https:\/\/ledsolintel.com\/fr\/\"},{\"@type\":\"ListItem\",\"position\":2,\"name\":\"Tienda\",\"item\":\"https:\/\/ledsolintel.com\/tienda\/\"},{\"@type\":\"ListItem\",\"position\":3,\"name\":\"Aplique exterior CURVE3 E27 IP54 blanco\"}]},{\"@type\":\"WebSite\",\"@id\":\"https:\/\/ledsolintel.com\/#website\",\"url\":\"https:\/\/ledsolintel.com\/\",\"name\":\"Webmenaje\",\"description\":\"Tienda de bombillas y l\u00e1mparas LED para profesionales\",\"publisher\":{\"@id\":\"https:\/\/ledsolintel.com\/#organization\"},\"potentialAction\":[{\"@type\":\"SearchAction\",\"target\":{\"@type\":\"EntryPoint\",\"urlTemplate\":\"https:\/\/ledsolintel.com\/?s={search_term_string}\"},\"query-input\":{\"@type\":\"PropertyValueSpecification\",\"valueRequired\":true,\"valueName\":\"search_term_string\"}}],\"inLanguage\":\"fr-FR\"},{\"@type\":\"Organization\",\"@id\":\"https:\/\/ledsolintel.com\/#organization\",\"name\":\"Solintel Noroeste, S.L.\",\"url\":\"https:\/\/ledsolintel.com\/\",\"logo\":{\"@type\":\"ImageObject\",\"inLanguage\":\"fr-FR\",\"@id\":\"https:\/\/ledsolintel.com\/#\/schema\/logo\/image\/\",\"url\":\"https:\/\/ledsolintel.com\/wp-content\/uploads\/2024\/11\/webmenaje-logo-1508269066.jpg\",\"contentUrl\":\"https:\/\/ledsolintel.com\/wp-content\/uploads\/2024\/11\/webmenaje-logo-1508269066.jpg\",\"width\":370,\"height\":90,\"caption\":\"Solintel Noroeste, S.L.\"},\"image\":{\"@id\":\"https:\/\/ledsolintel.com\/#\/schema\/logo\/image\/\"},\"sameAs\":[\"http:\/\/www.facebook.com\/webmenaje\",\"https:\/\/x.com\/webmenaje\",\"https:\/\/www.youtube.com\/channel\/UCX2KoVoeCG4LocZjUc6LmSQ\",\"http:\/\/www.pinterest.com\/webmenaje\"]}]}<\/script>\n<!-- \/ Yoast SEO plugin. -->","yoast_head_json":{"title":"CURVE3 Applique d'ext\u00e9rieur blanche E27 IP54 - Ledsolintel","robots":{"index":"index","follow":"follow","max-snippet":"max-snippet:-1","max-image-preview":"max-image-preview:large","max-video-preview":"max-video-preview:-1"},"canonical":"https:\/\/ledsolintel.com\/fr\/produit-2\/curve3-lampe-murale-dexterieur-e27-ip54-blanc\/","og_locale":"fr_FR","og_type":"article","og_title":"Aplique exterior CURVE3 E27 IP54 blanco - Ledsolintel","og_description":"Aplique curvo de aluminio y vidrio con acabado en color blanco, y con base para una bombilla de casquillo E27. Este tipo de iluminaria es ideal para su instalaci\u00f3n en hogares, jardines, terrazas, fachadas, centros comerciales, hoteles o restaurantes. Su instalaci\u00f3n puede ser tanto en espacios interiores como exteriores debido a su grado de protecci\u00f3n &hellip; Continue reading Aplique exterior CURVE3 E27 IP54 blanco","og_url":"https:\/\/ledsolintel.com\/fr\/produit-2\/curve3-lampe-murale-dexterieur-e27-ip54-blanc\/","og_site_name":"Ledsolintel","article_publisher":"http:\/\/www.facebook.com\/webmenaje","article_modified_time":"2026-04-07T08:18:51+00:00","og_image":[{"width":1500,"height":1500,"url":"https:\/\/ledsolintel.com\/wp-content\/uploads\/2025\/11\/aplique-exterior-curve3-e27-ip54-blanco.jpg","type":"image\/jpeg"}],"twitter_card":"summary_large_image","twitter_site":"@webmenaje","twitter_misc":{"Dur\u00e9e de lecture estim\u00e9e":"1 minute"},"schema":{"@context":"https:\/\/schema.org","@graph":[{"@type":"WebPage","@id":"https:\/\/ledsolintel.com\/product\/aplique-exterior-curve3-e27-ip54-blanco\/","url":"https:\/\/ledsolintel.com\/product\/aplique-exterior-curve3-e27-ip54-blanco\/","name":"CURVE3 Applique d'ext\u00e9rieur blanche E27 IP54 - Ledsolintel","isPartOf":{"@id":"https:\/\/ledsolintel.com\/#website"},"primaryImageOfPage":{"@id":"https:\/\/ledsolintel.com\/product\/aplique-exterior-curve3-e27-ip54-blanco\/#primaryimage"},"image":{"@id":"https:\/\/ledsolintel.com\/product\/aplique-exterior-curve3-e27-ip54-blanco\/#primaryimage"},"thumbnailUrl":"https:\/\/ledsolintel.com\/wp-content\/uploads\/2025\/11\/aplique-exterior-curve3-e27-ip54-blanco.jpg","datePublished":"2025-11-11T16:12:57+00:00","dateModified":"2026-04-07T08:18:51+00:00","breadcrumb":{"@id":"https:\/\/ledsolintel.com\/product\/aplique-exterior-curve3-e27-ip54-blanco\/#breadcrumb"},"inLanguage":"fr-FR","potentialAction":[{"@type":"ReadAction","target":["https:\/\/ledsolintel.com\/product\/aplique-exterior-curve3-e27-ip54-blanco\/"]}]},{"@type":"ImageObject","inLanguage":"fr-FR","@id":"https:\/\/ledsolintel.com\/product\/aplique-exterior-curve3-e27-ip54-blanco\/#primaryimage","url":"https:\/\/ledsolintel.com\/wp-content\/uploads\/2025\/11\/aplique-exterior-curve3-e27-ip54-blanco.jpg","contentUrl":"https:\/\/ledsolintel.com\/wp-content\/uploads\/2025\/11\/aplique-exterior-curve3-e27-ip54-blanco.jpg","width":1500,"height":1500},{"@type":"BreadcrumbList","@id":"https:\/\/ledsolintel.com\/product\/aplique-exterior-curve3-e27-ip54-blanco\/#breadcrumb","itemListElement":[{"@type":"ListItem","position":1,"name":"Portada","item":"https:\/\/ledsolintel.com\/fr\/"},{"@type":"ListItem","position":2,"name":"Tienda","item":"https:\/\/ledsolintel.com\/tienda\/"},{"@type":"ListItem","position":3,"name":"Aplique exterior CURVE3 E27 IP54 blanco"}]},{"@type":"WebSite","@id":"https:\/\/ledsolintel.com\/#website","url":"https:\/\/ledsolintel.com\/","name":"Webmenaje","description":"Magasin d'ampoules et de lampes LED pour les professionnels","publisher":{"@id":"https:\/\/ledsolintel.com\/#organization"},"potentialAction":[{"@type":"SearchAction","target":{"@type":"EntryPoint","urlTemplate":"https:\/\/ledsolintel.com\/?s={search_term_string}"},"query-input":{"@type":"PropertyValueSpecification","valueRequired":true,"valueName":"search_term_string"}}],"inLanguage":"fr-FR"},{"@type":"Organization","@id":"https:\/\/ledsolintel.com\/#organization","name":"Solintel Noroeste, S.L.","url":"https:\/\/ledsolintel.com\/","logo":{"@type":"ImageObject","inLanguage":"fr-FR","@id":"https:\/\/ledsolintel.com\/#\/schema\/logo\/image\/","url":"https:\/\/ledsolintel.com\/wp-content\/uploads\/2024\/11\/webmenaje-logo-1508269066.jpg","contentUrl":"https:\/\/ledsolintel.com\/wp-content\/uploads\/2024\/11\/webmenaje-logo-1508269066.jpg","width":370,"height":90,"caption":"Solintel Noroeste, S.L."},"image":{"@id":"https:\/\/ledsolintel.com\/#\/schema\/logo\/image\/"},"sameAs":["http:\/\/www.facebook.com\/webmenaje","https:\/\/x.com\/webmenaje","https:\/\/www.youtube.com\/channel\/UCX2KoVoeCG4LocZjUc6LmSQ","http:\/\/www.pinterest.com\/webmenaje"]}]}},"_links":{"self":[{"href":"https:\/\/ledsolintel.com\/fr\/wp-json\/wp\/v2\/product\/269308","targetHints":{"allow":["GET"]}}],"collection":[{"href":"https:\/\/ledsolintel.com\/fr\/wp-json\/wp\/v2\/product"}],"about":[{"href":"https:\/\/ledsolintel.com\/fr\/wp-json\/wp\/v2\/types\/product"}],"version-history":[{"count":1,"href":"https:\/\/ledsolintel.com\/fr\/wp-json\/wp\/v2\/product\/269308\/revisions"}],"predecessor-version":[{"id":269309,"href":"https:\/\/ledsolintel.com\/fr\/wp-json\/wp\/v2\/product\/269308\/revisions\/269309"}],"wp:featuredmedia":[{"embeddable":true,"href":"https:\/\/ledsolintel.com\/fr\/wp-json\/wp\/v2\/media\/264317"}],"wp:attachment":[{"href":"https:\/\/ledsolintel.com\/fr\/wp-json\/wp\/v2\/media?parent=269308"}],"wp:term":[{"taxonomy":"product_brand","embeddable":true,"href":"https:\/\/ledsolintel.com\/fr\/wp-json\/wp\/v2\/product_brand?post=269308"},{"taxonomy":"product_cat","embeddable":true,"href":"https:\/\/ledsolintel.com\/fr\/wp-json\/wp\/v2\/product_cat?post=269308"},{"taxonomy":"product_tag","embeddable":true,"href":"https:\/\/ledsolintel.com\/fr\/wp-json\/wp\/v2\/product_tag?post=269308"}],"curies":[{"name":"wp","href":"https:\/\/api.w.org\/{rel}","templated":true}]}}