{"id":269290,"date":"2025-11-11T17:12:37","date_gmt":"2025-11-11T16:12:37","guid":{"rendered":"https:\/\/nueva.ledsolintel.com\/product\/baliza-led-mini-0-2w-12v-ip68\/"},"modified":"2026-04-07T10:18:51","modified_gmt":"2026-04-07T08:18:51","slug":"balise-led-mini-0-2w-12v-ip68","status":"publish","type":"product","link":"https:\/\/ledsolintel.com\/fr\/produit-2\/balise-led-mini-0-2w-12v-ip68\/","title":{"rendered":"Mini-balise LED 0,2W 12V IP68"},"content":{"rendered":"<p>Balise LED encastr\u00e9e d'une puissance de 0,2W. Il est dot\u00e9 de clips de fixation pour une installation rapide et facile. Le branchement doit toujours se faire sur du courant continu de 12 volts. Sa lumi\u00e8re est graduable. Elle est id\u00e9ale pour une installation en int\u00e9rieur pour signaler les passages, couloirs, armoires, escaliers, salles de bains, chambres \u00e0 coucher, ainsi qu'en ext\u00e9rieur dans les jardins, trottoirs, toits, terrasses, etc.  Il a une grande efficacit\u00e9 puisqu'il consomme 0,2W gr\u00e2ce aux LED qu'il int\u00e8gre, soit une consommation de 0,2kWh\/1000h, ce qui signifie une r\u00e9duction de la quantit\u00e9 d'\u00e9nergie factur\u00e9e et des \u00e9missions de gaz polluants dans l'atmosph\u00e8re. Elle supporte une tension d'entr\u00e9e de 12V en courant continu. Elle est disponible dans une seule temp\u00e9rature de couleur : neutre (4000-4500\u00b0K). Elle est con\u00e7ue en acier inoxydable et mesure \u00d8 15 x 26 mm.  Elle peut \u00eatre install\u00e9e aussi bien \u00e0 l'int\u00e9rieur qu'\u00e0 l'ext\u00e9rieur gr\u00e2ce \u00e0 son degr\u00e9 de protection IP68. Il peut m\u00eame \u00eatre immerg\u00e9.  En plus d'\u00eatre un produit qui a une dur\u00e9e de vie de plus de 30 000 heures, il est garanti 3 ans. Il poss\u00e8de \u00e9galement le certificat CE, qui atteste qu'il est conforme aux exigences de l'UE en mati\u00e8re de compatibilit\u00e9 \u00e9lectromagn\u00e9tique et de basse tension. Ce certificat d\u00e9clare la conformit\u00e9 du produit \u00e0 toutes les exigences l\u00e9gales et garantit la validit\u00e9 de la vente du produit dans l'Espace \u00e9conomique europ\u00e9en.<\/p>","protected":false},"excerpt":{"rendered":"<p>Baliza LED empotrable con 0,2W de potencia. Dispone de unos clips de sujeci\u00f3n para una instalaci\u00f3n r\u00e1pida y sencilla. La conexi\u00f3n debe ser siempre a 12 voltios de corriente continua. Su luz es regulable. Es una iluminaria ideal para su instalaci\u00f3n en zonas interiores para se\u00f1alizar zonas de paso, pasillos, armarios, escaleras, cuartos de ba\u00f1o, &hellip; <a href=\"https:\/\/ledsolintel.com\/fr\/produit-2\/balise-led-mini-0-2w-12v-ip68\/\" class=\"more-link\">Continue reading <span class=\"screen-reader-text\">Mini-balise LED 0,2W 12V IP68<\/span><\/a><\/p>","protected":false},"featured_media":264283,"template":"","meta":[],"product_brand":[101370],"product_cat":[15,101371],"product_tag":[],"class_list":{"0":"post-269290","1":"product","2":"type-product","3":"status-publish","4":"has-post-thumbnail","6":"product_brand-masterled","7":"product_cat-uncategorized","8":"product_cat-masterled","9":"pa_temperatura-color-luz-neutra","12":"instock","13":"taxable","14":"shipping-taxable","15":"purchasable","16":"product-type-simple"},"yoast_head":"<!-- This site is optimized with the Yoast SEO plugin v26.6 - https:\/\/yoast.com\/wordpress\/plugins\/seo\/ -->\n<title>Baliza LED mini 0.2W 12V IP68 - Ledsolintel<\/title>\n<meta name=\"robots\" content=\"index, follow, max-snippet:-1, max-image-preview:large, max-video-preview:-1\" \/>\n<link rel=\"canonical\" href=\"https:\/\/ledsolintel.com\/fr\/produit-2\/balise-led-mini-0-2w-12v-ip68\/\" \/>\n<meta property=\"og:locale\" content=\"fr_FR\" \/>\n<meta property=\"og:type\" content=\"article\" \/>\n<meta property=\"og:title\" content=\"Baliza LED mini 0.2W 12V IP68 - Ledsolintel\" \/>\n<meta property=\"og:description\" content=\"Baliza LED empotrable con 0,2W de potencia. Dispone de unos clips de sujeci\u00f3n para una instalaci\u00f3n r\u00e1pida y sencilla. La conexi\u00f3n debe ser siempre a 12 voltios de corriente continua. Su luz es regulable. Es una iluminaria ideal para su instalaci\u00f3n en zonas interiores para se\u00f1alizar zonas de paso, pasillos, armarios, escaleras, cuartos de ba\u00f1o, &hellip; Continue reading Baliza LED mini 0.2W 12V IP68\" \/>\n<meta property=\"og:url\" content=\"https:\/\/ledsolintel.com\/fr\/produit-2\/balise-led-mini-0-2w-12v-ip68\/\" \/>\n<meta property=\"og:site_name\" content=\"Ledsolintel\" \/>\n<meta property=\"article:publisher\" content=\"http:\/\/www.facebook.com\/webmenaje\" \/>\n<meta property=\"article:modified_time\" content=\"2026-04-07T08:18:51+00:00\" \/>\n<meta property=\"og:image\" content=\"https:\/\/ledsolintel.com\/wp-content\/uploads\/2025\/11\/baliza-led-mini-02w-12v-ip68.jpg\" \/>\n\t<meta property=\"og:image:width\" content=\"1500\" \/>\n\t<meta property=\"og:image:height\" content=\"1500\" \/>\n\t<meta property=\"og:image:type\" content=\"image\/jpeg\" \/>\n<meta name=\"twitter:card\" content=\"summary_large_image\" \/>\n<meta name=\"twitter:site\" content=\"@webmenaje\" \/>\n<meta name=\"twitter:label1\" content=\"Dur\u00e9e de lecture estim\u00e9e\" \/>\n\t<meta name=\"twitter:data1\" content=\"1 minute\" \/>\n<script type=\"application\/ld+json\" class=\"yoast-schema-graph\">{\"@context\":\"https:\/\/schema.org\",\"@graph\":[{\"@type\":\"WebPage\",\"@id\":\"https:\/\/ledsolintel.com\/product\/baliza-led-mini-0-2w-12v-ip68\/\",\"url\":\"https:\/\/ledsolintel.com\/product\/baliza-led-mini-0-2w-12v-ip68\/\",\"name\":\"Baliza LED mini 0.2W 12V IP68 - Ledsolintel\",\"isPartOf\":{\"@id\":\"https:\/\/ledsolintel.com\/#website\"},\"primaryImageOfPage\":{\"@id\":\"https:\/\/ledsolintel.com\/product\/baliza-led-mini-0-2w-12v-ip68\/#primaryimage\"},\"image\":{\"@id\":\"https:\/\/ledsolintel.com\/product\/baliza-led-mini-0-2w-12v-ip68\/#primaryimage\"},\"thumbnailUrl\":\"https:\/\/ledsolintel.com\/wp-content\/uploads\/2025\/11\/baliza-led-mini-02w-12v-ip68.jpg\",\"datePublished\":\"2025-11-11T16:12:37+00:00\",\"dateModified\":\"2026-04-07T08:18:51+00:00\",\"breadcrumb\":{\"@id\":\"https:\/\/ledsolintel.com\/product\/baliza-led-mini-0-2w-12v-ip68\/#breadcrumb\"},\"inLanguage\":\"fr-FR\",\"potentialAction\":[{\"@type\":\"ReadAction\",\"target\":[\"https:\/\/ledsolintel.com\/product\/baliza-led-mini-0-2w-12v-ip68\/\"]}]},{\"@type\":\"ImageObject\",\"inLanguage\":\"fr-FR\",\"@id\":\"https:\/\/ledsolintel.com\/product\/baliza-led-mini-0-2w-12v-ip68\/#primaryimage\",\"url\":\"https:\/\/ledsolintel.com\/wp-content\/uploads\/2025\/11\/baliza-led-mini-02w-12v-ip68.jpg\",\"contentUrl\":\"https:\/\/ledsolintel.com\/wp-content\/uploads\/2025\/11\/baliza-led-mini-02w-12v-ip68.jpg\",\"width\":1500,\"height\":1500},{\"@type\":\"BreadcrumbList\",\"@id\":\"https:\/\/ledsolintel.com\/product\/baliza-led-mini-0-2w-12v-ip68\/#breadcrumb\",\"itemListElement\":[{\"@type\":\"ListItem\",\"position\":1,\"name\":\"Portada\",\"item\":\"https:\/\/ledsolintel.com\/fr\/\"},{\"@type\":\"ListItem\",\"position\":2,\"name\":\"Tienda\",\"item\":\"https:\/\/ledsolintel.com\/tienda\/\"},{\"@type\":\"ListItem\",\"position\":3,\"name\":\"Baliza LED mini 0.2W 12V IP68\"}]},{\"@type\":\"WebSite\",\"@id\":\"https:\/\/ledsolintel.com\/#website\",\"url\":\"https:\/\/ledsolintel.com\/\",\"name\":\"Webmenaje\",\"description\":\"Tienda de bombillas y l\u00e1mparas LED para profesionales\",\"publisher\":{\"@id\":\"https:\/\/ledsolintel.com\/#organization\"},\"potentialAction\":[{\"@type\":\"SearchAction\",\"target\":{\"@type\":\"EntryPoint\",\"urlTemplate\":\"https:\/\/ledsolintel.com\/?s={search_term_string}\"},\"query-input\":{\"@type\":\"PropertyValueSpecification\",\"valueRequired\":true,\"valueName\":\"search_term_string\"}}],\"inLanguage\":\"fr-FR\"},{\"@type\":\"Organization\",\"@id\":\"https:\/\/ledsolintel.com\/#organization\",\"name\":\"Solintel Noroeste, S.L.\",\"url\":\"https:\/\/ledsolintel.com\/\",\"logo\":{\"@type\":\"ImageObject\",\"inLanguage\":\"fr-FR\",\"@id\":\"https:\/\/ledsolintel.com\/#\/schema\/logo\/image\/\",\"url\":\"https:\/\/ledsolintel.com\/wp-content\/uploads\/2024\/11\/webmenaje-logo-1508269066.jpg\",\"contentUrl\":\"https:\/\/ledsolintel.com\/wp-content\/uploads\/2024\/11\/webmenaje-logo-1508269066.jpg\",\"width\":370,\"height\":90,\"caption\":\"Solintel Noroeste, S.L.\"},\"image\":{\"@id\":\"https:\/\/ledsolintel.com\/#\/schema\/logo\/image\/\"},\"sameAs\":[\"http:\/\/www.facebook.com\/webmenaje\",\"https:\/\/x.com\/webmenaje\",\"https:\/\/www.youtube.com\/channel\/UCX2KoVoeCG4LocZjUc6LmSQ\",\"http:\/\/www.pinterest.com\/webmenaje\"]}]}<\/script>\n<!-- \/ Yoast SEO plugin. -->","yoast_head_json":{"title":"Mini balise LED 0.2W 12V IP68 - Ledsolintel","robots":{"index":"index","follow":"follow","max-snippet":"max-snippet:-1","max-image-preview":"max-image-preview:large","max-video-preview":"max-video-preview:-1"},"canonical":"https:\/\/ledsolintel.com\/fr\/produit-2\/balise-led-mini-0-2w-12v-ip68\/","og_locale":"fr_FR","og_type":"article","og_title":"Baliza LED mini 0.2W 12V IP68 - Ledsolintel","og_description":"Baliza LED empotrable con 0,2W de potencia. Dispone de unos clips de sujeci\u00f3n para una instalaci\u00f3n r\u00e1pida y sencilla. La conexi\u00f3n debe ser siempre a 12 voltios de corriente continua. Su luz es regulable. Es una iluminaria ideal para su instalaci\u00f3n en zonas interiores para se\u00f1alizar zonas de paso, pasillos, armarios, escaleras, cuartos de ba\u00f1o, &hellip; Continue reading Baliza LED mini 0.2W 12V IP68","og_url":"https:\/\/ledsolintel.com\/fr\/produit-2\/balise-led-mini-0-2w-12v-ip68\/","og_site_name":"Ledsolintel","article_publisher":"http:\/\/www.facebook.com\/webmenaje","article_modified_time":"2026-04-07T08:18:51+00:00","og_image":[{"width":1500,"height":1500,"url":"https:\/\/ledsolintel.com\/wp-content\/uploads\/2025\/11\/baliza-led-mini-02w-12v-ip68.jpg","type":"image\/jpeg"}],"twitter_card":"summary_large_image","twitter_site":"@webmenaje","twitter_misc":{"Dur\u00e9e de lecture estim\u00e9e":"1 minute"},"schema":{"@context":"https:\/\/schema.org","@graph":[{"@type":"WebPage","@id":"https:\/\/ledsolintel.com\/product\/baliza-led-mini-0-2w-12v-ip68\/","url":"https:\/\/ledsolintel.com\/product\/baliza-led-mini-0-2w-12v-ip68\/","name":"Mini balise LED 0.2W 12V IP68 - Ledsolintel","isPartOf":{"@id":"https:\/\/ledsolintel.com\/#website"},"primaryImageOfPage":{"@id":"https:\/\/ledsolintel.com\/product\/baliza-led-mini-0-2w-12v-ip68\/#primaryimage"},"image":{"@id":"https:\/\/ledsolintel.com\/product\/baliza-led-mini-0-2w-12v-ip68\/#primaryimage"},"thumbnailUrl":"https:\/\/ledsolintel.com\/wp-content\/uploads\/2025\/11\/baliza-led-mini-02w-12v-ip68.jpg","datePublished":"2025-11-11T16:12:37+00:00","dateModified":"2026-04-07T08:18:51+00:00","breadcrumb":{"@id":"https:\/\/ledsolintel.com\/product\/baliza-led-mini-0-2w-12v-ip68\/#breadcrumb"},"inLanguage":"fr-FR","potentialAction":[{"@type":"ReadAction","target":["https:\/\/ledsolintel.com\/product\/baliza-led-mini-0-2w-12v-ip68\/"]}]},{"@type":"ImageObject","inLanguage":"fr-FR","@id":"https:\/\/ledsolintel.com\/product\/baliza-led-mini-0-2w-12v-ip68\/#primaryimage","url":"https:\/\/ledsolintel.com\/wp-content\/uploads\/2025\/11\/baliza-led-mini-02w-12v-ip68.jpg","contentUrl":"https:\/\/ledsolintel.com\/wp-content\/uploads\/2025\/11\/baliza-led-mini-02w-12v-ip68.jpg","width":1500,"height":1500},{"@type":"BreadcrumbList","@id":"https:\/\/ledsolintel.com\/product\/baliza-led-mini-0-2w-12v-ip68\/#breadcrumb","itemListElement":[{"@type":"ListItem","position":1,"name":"Portada","item":"https:\/\/ledsolintel.com\/fr\/"},{"@type":"ListItem","position":2,"name":"Tienda","item":"https:\/\/ledsolintel.com\/tienda\/"},{"@type":"ListItem","position":3,"name":"Baliza LED mini 0.2W 12V IP68"}]},{"@type":"WebSite","@id":"https:\/\/ledsolintel.com\/#website","url":"https:\/\/ledsolintel.com\/","name":"Webmenaje","description":"Magasin d'ampoules et de lampes LED pour les professionnels","publisher":{"@id":"https:\/\/ledsolintel.com\/#organization"},"potentialAction":[{"@type":"SearchAction","target":{"@type":"EntryPoint","urlTemplate":"https:\/\/ledsolintel.com\/?s={search_term_string}"},"query-input":{"@type":"PropertyValueSpecification","valueRequired":true,"valueName":"search_term_string"}}],"inLanguage":"fr-FR"},{"@type":"Organization","@id":"https:\/\/ledsolintel.com\/#organization","name":"Solintel Noroeste, S.L.","url":"https:\/\/ledsolintel.com\/","logo":{"@type":"ImageObject","inLanguage":"fr-FR","@id":"https:\/\/ledsolintel.com\/#\/schema\/logo\/image\/","url":"https:\/\/ledsolintel.com\/wp-content\/uploads\/2024\/11\/webmenaje-logo-1508269066.jpg","contentUrl":"https:\/\/ledsolintel.com\/wp-content\/uploads\/2024\/11\/webmenaje-logo-1508269066.jpg","width":370,"height":90,"caption":"Solintel Noroeste, S.L."},"image":{"@id":"https:\/\/ledsolintel.com\/#\/schema\/logo\/image\/"},"sameAs":["http:\/\/www.facebook.com\/webmenaje","https:\/\/x.com\/webmenaje","https:\/\/www.youtube.com\/channel\/UCX2KoVoeCG4LocZjUc6LmSQ","http:\/\/www.pinterest.com\/webmenaje"]}]}},"_links":{"self":[{"href":"https:\/\/ledsolintel.com\/fr\/wp-json\/wp\/v2\/product\/269290","targetHints":{"allow":["GET"]}}],"collection":[{"href":"https:\/\/ledsolintel.com\/fr\/wp-json\/wp\/v2\/product"}],"about":[{"href":"https:\/\/ledsolintel.com\/fr\/wp-json\/wp\/v2\/types\/product"}],"version-history":[{"count":1,"href":"https:\/\/ledsolintel.com\/fr\/wp-json\/wp\/v2\/product\/269290\/revisions"}],"predecessor-version":[{"id":269291,"href":"https:\/\/ledsolintel.com\/fr\/wp-json\/wp\/v2\/product\/269290\/revisions\/269291"}],"wp:featuredmedia":[{"embeddable":true,"href":"https:\/\/ledsolintel.com\/fr\/wp-json\/wp\/v2\/media\/264283"}],"wp:attachment":[{"href":"https:\/\/ledsolintel.com\/fr\/wp-json\/wp\/v2\/media?parent=269290"}],"wp:term":[{"taxonomy":"product_brand","embeddable":true,"href":"https:\/\/ledsolintel.com\/fr\/wp-json\/wp\/v2\/product_brand?post=269290"},{"taxonomy":"product_cat","embeddable":true,"href":"https:\/\/ledsolintel.com\/fr\/wp-json\/wp\/v2\/product_cat?post=269290"},{"taxonomy":"product_tag","embeddable":true,"href":"https:\/\/ledsolintel.com\/fr\/wp-json\/wp\/v2\/product_tag?post=269290"}],"curies":[{"name":"wp","href":"https:\/\/api.w.org\/{rel}","templated":true}]}}