{"id":269202,"date":"2025-11-11T17:11:05","date_gmt":"2025-11-11T16:11:05","guid":{"rendered":"https:\/\/nueva.ledsolintel.com\/product\/panel-led-60x120-cm-96w-retroiluminado-marco-blanco\/"},"modified":"2026-04-07T10:18:52","modified_gmt":"2026-04-07T08:18:52","slug":"panel-led-60x120-cm-96w-retroiluminado-marco-blanco","status":"publish","type":"product","link":"https:\/\/ledsolintel.com\/fr\/produit-2\/panel-led-60x120-cm-96w-retroiluminado-marco-blanco\/","title":{"rendered":"Panneau LED 60X120 cm 96W r\u00e9tro-\u00e9clair\u00e9 cadre blanc"},"content":{"rendered":"<p>Panel LED para techo retroiluminado con marco de color blanco de 96W dispone de leds a lo largo de todo el panel siendo la distribuci\u00f3n luminosa m\u00e1s uniforme en comparaci\u00f3n con los paneles extraplanos. Su dise\u00f1o le confiere una gran robustez, as\u00ed como una gran potencia lum\u00ednica. Es un producto ideal para la iluminaci\u00f3n de oficinas, pasillos, bibliotecas, salas de reuniones, colegios, hoteles, bares y restaurantes.  Para evitar da\u00f1os en el driver o en la luminaria, se debe realizar la instalaci\u00f3n sin tensi\u00f3n en la red el\u00e9ctrica. Nunca conecte un panel a un driver cuando dicho driver tenga tensi\u00f3n el\u00e9ctrica.  Cuenta con una alta eficacia al consumir 96W mediante los LEDs SMD que integra, logrando proporcionar un flujo luminoso de 8100 lumens. La iluminaci\u00f3n que aporta representa un consumo por valor de 96kWh\/1000h, lo que supone una reducci\u00f3n de la cantidad de energ\u00eda facturada y de emisiones de gases contaminantes a la atm\u00f3sfera. Este panel est\u00e1 disponible en una temperatura de color: blanca (6500\u00b0K) y neutra (4000\u00b0K).  Su instalaci\u00f3n debe realizarse en lugares interiores al poseer un grado de protecci\u00f3n IP20 (protecci\u00f3n contra part\u00edculas s\u00f3lidas de tama\u00f1o superior a 12mm y no es resistente al agua). Soporta un voltaje de entrada de 85-265V y una frecuencia de servicio de 50 Hz. Est\u00e1 dise\u00f1ado en aluminio y PVC con las dimensiones de 1194 x 595 x 30 mm.  Este panel dispone de 3 formas de montaje: (1) posado en techo t\u00e9cnico, (2) suspendido colgado en cables de acero o (3) integrado con clips sobre techo escayola.  Este panel led viene en su forma m\u00e1s simple, que es para posar sobre techo t\u00e9cnico. Para las dem\u00e1s opciones se han de adquirir los accesorios para cada sistema de montaje.    a) Instalaci\u00f3n mediante Kit instalaci\u00f3n panel led colgante: se fijan al techo por mediaci\u00f3n de cables de acero y piezas de fijacci\u00f3n. Entrar en Kit instalaci\u00f3n panel led colgante.  b) Instalaci\u00f3n mediante kit para techos de escayola: consta de unas grapas que se fijan al panel y permiten encastrarlo en el falso techo. Entrar en Kit escayola para panel 60&#215;120 cm.    Adem\u00e1s de ser un producto que tiene m\u00e1s de 30.000 horas de vida, dispone de una garant\u00eda de 3 a\u00f1os. Cuenta tambi\u00e9n con el certificado CE, que acredita que se cumple con los requisitos de la UE respecto a compatibilidad electromagn\u00e9tica y normativa de baja tensi\u00f3n. Con este certificado se declara la conformidad de dicho producto con todos los requisitos legales exigidos, y asegura la validez del producto para ser vendido en todo el Espacio Econ\u00f3mico Europeo.  Incluye 2 drivers.<\/p>","protected":false},"excerpt":{"rendered":"<p>Panel LED para techo retroiluminado con marco de color blanco de 96W dispone de leds a lo largo de todo el panel siendo la distribuci\u00f3n luminosa m\u00e1s uniforme en comparaci\u00f3n con los paneles extraplanos. Su dise\u00f1o le confiere una gran robustez, as\u00ed como una gran potencia lum\u00ednica. Es un producto ideal para la iluminaci\u00f3n de &hellip; <a href=\"https:\/\/ledsolintel.com\/fr\/produit-2\/panel-led-60x120-cm-96w-retroiluminado-marco-blanco\/\" class=\"more-link\">Continue reading <span class=\"screen-reader-text\">Panneau LED 60X120 cm 96W r\u00e9tro-\u00e9clair\u00e9 cadre blanc<\/span><\/a><\/p>","protected":false},"featured_media":264115,"template":"","meta":[],"product_brand":[101370],"product_cat":[101371,15],"product_tag":[],"class_list":{"0":"post-269202","1":"product","2":"type-product","3":"status-publish","4":"has-post-thumbnail","6":"product_brand-masterled","7":"product_cat-masterled","8":"product_cat-uncategorized","9":"pa_temperatura-color-luz-blanca","10":"pa_temperatura-color-luz-neutra","13":"instock","14":"taxable","15":"shipping-taxable","16":"purchasable","17":"product-type-variable","18":"has-default-attributes"},"yoast_head":"<!-- This site is optimized with the Yoast SEO plugin v26.6 - https:\/\/yoast.com\/wordpress\/plugins\/seo\/ -->\n<title>Panel LED 60X120 cm 96W retroiluminado marco blanco - Ledsolintel<\/title>\n<meta name=\"robots\" content=\"index, follow, max-snippet:-1, max-image-preview:large, max-video-preview:-1\" \/>\n<link rel=\"canonical\" href=\"https:\/\/ledsolintel.com\/fr\/produit-2\/panel-led-60x120-cm-96w-retroiluminado-marco-blanco\/\" \/>\n<meta property=\"og:locale\" content=\"fr_FR\" \/>\n<meta property=\"og:type\" content=\"article\" \/>\n<meta property=\"og:title\" content=\"Panel LED 60X120 cm 96W retroiluminado marco blanco - Ledsolintel\" \/>\n<meta property=\"og:description\" content=\"Panel LED para techo retroiluminado con marco de color blanco de 96W dispone de leds a lo largo de todo el panel siendo la distribuci\u00f3n luminosa m\u00e1s uniforme en comparaci\u00f3n con los paneles extraplanos. Su dise\u00f1o le confiere una gran robustez, as\u00ed como una gran potencia lum\u00ednica. Es un producto ideal para la iluminaci\u00f3n de &hellip; Continue reading Panel LED 60X120 cm 96W retroiluminado marco blanco\" \/>\n<meta property=\"og:url\" content=\"https:\/\/ledsolintel.com\/fr\/produit-2\/panel-led-60x120-cm-96w-retroiluminado-marco-blanco\/\" \/>\n<meta property=\"og:site_name\" content=\"Ledsolintel\" \/>\n<meta property=\"article:publisher\" content=\"http:\/\/www.facebook.com\/webmenaje\" \/>\n<meta property=\"article:modified_time\" content=\"2026-04-07T08:18:52+00:00\" \/>\n<meta property=\"og:image\" content=\"https:\/\/ledsolintel.com\/wp-content\/uploads\/2025\/11\/panel-led-60x120-cm-96w-retroiluminado-marco-blanco.jpg\" \/>\n\t<meta property=\"og:image:width\" content=\"600\" \/>\n\t<meta property=\"og:image:height\" content=\"600\" \/>\n\t<meta property=\"og:image:type\" content=\"image\/jpeg\" \/>\n<meta name=\"twitter:card\" content=\"summary_large_image\" \/>\n<meta name=\"twitter:site\" content=\"@webmenaje\" \/>\n<meta name=\"twitter:label1\" content=\"Dur\u00e9e de lecture estim\u00e9e\" \/>\n\t<meta name=\"twitter:data1\" content=\"2 minutes\" \/>\n<script type=\"application\/ld+json\" class=\"yoast-schema-graph\">{\"@context\":\"https:\/\/schema.org\",\"@graph\":[{\"@type\":\"WebPage\",\"@id\":\"https:\/\/ledsolintel.com\/product\/panel-led-60x120-cm-96w-retroiluminado-marco-blanco\/\",\"url\":\"https:\/\/ledsolintel.com\/product\/panel-led-60x120-cm-96w-retroiluminado-marco-blanco\/\",\"name\":\"Panel LED 60X120 cm 96W retroiluminado marco blanco - Ledsolintel\",\"isPartOf\":{\"@id\":\"https:\/\/ledsolintel.com\/#website\"},\"primaryImageOfPage\":{\"@id\":\"https:\/\/ledsolintel.com\/product\/panel-led-60x120-cm-96w-retroiluminado-marco-blanco\/#primaryimage\"},\"image\":{\"@id\":\"https:\/\/ledsolintel.com\/product\/panel-led-60x120-cm-96w-retroiluminado-marco-blanco\/#primaryimage\"},\"thumbnailUrl\":\"https:\/\/ledsolintel.com\/wp-content\/uploads\/2025\/11\/panel-led-60x120-cm-96w-retroiluminado-marco-blanco.jpg\",\"datePublished\":\"2025-11-11T16:11:05+00:00\",\"dateModified\":\"2026-04-07T08:18:52+00:00\",\"breadcrumb\":{\"@id\":\"https:\/\/ledsolintel.com\/product\/panel-led-60x120-cm-96w-retroiluminado-marco-blanco\/#breadcrumb\"},\"inLanguage\":\"fr-FR\",\"potentialAction\":[{\"@type\":\"ReadAction\",\"target\":[\"https:\/\/ledsolintel.com\/product\/panel-led-60x120-cm-96w-retroiluminado-marco-blanco\/\"]}]},{\"@type\":\"ImageObject\",\"inLanguage\":\"fr-FR\",\"@id\":\"https:\/\/ledsolintel.com\/product\/panel-led-60x120-cm-96w-retroiluminado-marco-blanco\/#primaryimage\",\"url\":\"https:\/\/ledsolintel.com\/wp-content\/uploads\/2025\/11\/panel-led-60x120-cm-96w-retroiluminado-marco-blanco.jpg\",\"contentUrl\":\"https:\/\/ledsolintel.com\/wp-content\/uploads\/2025\/11\/panel-led-60x120-cm-96w-retroiluminado-marco-blanco.jpg\",\"width\":600,\"height\":600},{\"@type\":\"BreadcrumbList\",\"@id\":\"https:\/\/ledsolintel.com\/product\/panel-led-60x120-cm-96w-retroiluminado-marco-blanco\/#breadcrumb\",\"itemListElement\":[{\"@type\":\"ListItem\",\"position\":1,\"name\":\"Portada\",\"item\":\"https:\/\/ledsolintel.com\/fr\/\"},{\"@type\":\"ListItem\",\"position\":2,\"name\":\"Tienda\",\"item\":\"https:\/\/ledsolintel.com\/tienda\/\"},{\"@type\":\"ListItem\",\"position\":3,\"name\":\"Panel LED 60X120 cm 96W retroiluminado marco blanco\"}]},{\"@type\":\"WebSite\",\"@id\":\"https:\/\/ledsolintel.com\/#website\",\"url\":\"https:\/\/ledsolintel.com\/\",\"name\":\"Webmenaje\",\"description\":\"Tienda de bombillas y l\u00e1mparas LED para profesionales\",\"publisher\":{\"@id\":\"https:\/\/ledsolintel.com\/#organization\"},\"potentialAction\":[{\"@type\":\"SearchAction\",\"target\":{\"@type\":\"EntryPoint\",\"urlTemplate\":\"https:\/\/ledsolintel.com\/?s={search_term_string}\"},\"query-input\":{\"@type\":\"PropertyValueSpecification\",\"valueRequired\":true,\"valueName\":\"search_term_string\"}}],\"inLanguage\":\"fr-FR\"},{\"@type\":\"Organization\",\"@id\":\"https:\/\/ledsolintel.com\/#organization\",\"name\":\"Solintel Noroeste, S.L.\",\"url\":\"https:\/\/ledsolintel.com\/\",\"logo\":{\"@type\":\"ImageObject\",\"inLanguage\":\"fr-FR\",\"@id\":\"https:\/\/ledsolintel.com\/#\/schema\/logo\/image\/\",\"url\":\"https:\/\/ledsolintel.com\/wp-content\/uploads\/2024\/11\/webmenaje-logo-1508269066.jpg\",\"contentUrl\":\"https:\/\/ledsolintel.com\/wp-content\/uploads\/2024\/11\/webmenaje-logo-1508269066.jpg\",\"width\":370,\"height\":90,\"caption\":\"Solintel Noroeste, S.L.\"},\"image\":{\"@id\":\"https:\/\/ledsolintel.com\/#\/schema\/logo\/image\/\"},\"sameAs\":[\"http:\/\/www.facebook.com\/webmenaje\",\"https:\/\/x.com\/webmenaje\",\"https:\/\/www.youtube.com\/channel\/UCX2KoVoeCG4LocZjUc6LmSQ\",\"http:\/\/www.pinterest.com\/webmenaje\"]}]}<\/script>\n<!-- \/ Yoast SEO plugin. -->","yoast_head_json":{"title":"Panel LED 60X120 cm 96W retroiluminado marco blanco - Ledsolintel","robots":{"index":"index","follow":"follow","max-snippet":"max-snippet:-1","max-image-preview":"max-image-preview:large","max-video-preview":"max-video-preview:-1"},"canonical":"https:\/\/ledsolintel.com\/fr\/produit-2\/panel-led-60x120-cm-96w-retroiluminado-marco-blanco\/","og_locale":"fr_FR","og_type":"article","og_title":"Panel LED 60X120 cm 96W retroiluminado marco blanco - Ledsolintel","og_description":"Panel LED para techo retroiluminado con marco de color blanco de 96W dispone de leds a lo largo de todo el panel siendo la distribuci\u00f3n luminosa m\u00e1s uniforme en comparaci\u00f3n con los paneles extraplanos. Su dise\u00f1o le confiere una gran robustez, as\u00ed como una gran potencia lum\u00ednica. Es un producto ideal para la iluminaci\u00f3n de &hellip; Continue reading Panel LED 60X120 cm 96W retroiluminado marco blanco","og_url":"https:\/\/ledsolintel.com\/fr\/produit-2\/panel-led-60x120-cm-96w-retroiluminado-marco-blanco\/","og_site_name":"Ledsolintel","article_publisher":"http:\/\/www.facebook.com\/webmenaje","article_modified_time":"2026-04-07T08:18:52+00:00","og_image":[{"width":600,"height":600,"url":"https:\/\/ledsolintel.com\/wp-content\/uploads\/2025\/11\/panel-led-60x120-cm-96w-retroiluminado-marco-blanco.jpg","type":"image\/jpeg"}],"twitter_card":"summary_large_image","twitter_site":"@webmenaje","twitter_misc":{"Dur\u00e9e de lecture estim\u00e9e":"2 minutes"},"schema":{"@context":"https:\/\/schema.org","@graph":[{"@type":"WebPage","@id":"https:\/\/ledsolintel.com\/product\/panel-led-60x120-cm-96w-retroiluminado-marco-blanco\/","url":"https:\/\/ledsolintel.com\/product\/panel-led-60x120-cm-96w-retroiluminado-marco-blanco\/","name":"Panel LED 60X120 cm 96W retroiluminado marco blanco - Ledsolintel","isPartOf":{"@id":"https:\/\/ledsolintel.com\/#website"},"primaryImageOfPage":{"@id":"https:\/\/ledsolintel.com\/product\/panel-led-60x120-cm-96w-retroiluminado-marco-blanco\/#primaryimage"},"image":{"@id":"https:\/\/ledsolintel.com\/product\/panel-led-60x120-cm-96w-retroiluminado-marco-blanco\/#primaryimage"},"thumbnailUrl":"https:\/\/ledsolintel.com\/wp-content\/uploads\/2025\/11\/panel-led-60x120-cm-96w-retroiluminado-marco-blanco.jpg","datePublished":"2025-11-11T16:11:05+00:00","dateModified":"2026-04-07T08:18:52+00:00","breadcrumb":{"@id":"https:\/\/ledsolintel.com\/product\/panel-led-60x120-cm-96w-retroiluminado-marco-blanco\/#breadcrumb"},"inLanguage":"fr-FR","potentialAction":[{"@type":"ReadAction","target":["https:\/\/ledsolintel.com\/product\/panel-led-60x120-cm-96w-retroiluminado-marco-blanco\/"]}]},{"@type":"ImageObject","inLanguage":"fr-FR","@id":"https:\/\/ledsolintel.com\/product\/panel-led-60x120-cm-96w-retroiluminado-marco-blanco\/#primaryimage","url":"https:\/\/ledsolintel.com\/wp-content\/uploads\/2025\/11\/panel-led-60x120-cm-96w-retroiluminado-marco-blanco.jpg","contentUrl":"https:\/\/ledsolintel.com\/wp-content\/uploads\/2025\/11\/panel-led-60x120-cm-96w-retroiluminado-marco-blanco.jpg","width":600,"height":600},{"@type":"BreadcrumbList","@id":"https:\/\/ledsolintel.com\/product\/panel-led-60x120-cm-96w-retroiluminado-marco-blanco\/#breadcrumb","itemListElement":[{"@type":"ListItem","position":1,"name":"Portada","item":"https:\/\/ledsolintel.com\/fr\/"},{"@type":"ListItem","position":2,"name":"Tienda","item":"https:\/\/ledsolintel.com\/tienda\/"},{"@type":"ListItem","position":3,"name":"Panel LED 60X120 cm 96W retroiluminado marco blanco"}]},{"@type":"WebSite","@id":"https:\/\/ledsolintel.com\/#website","url":"https:\/\/ledsolintel.com\/","name":"Webmenaje","description":"Magasin d'ampoules et de lampes LED pour les professionnels","publisher":{"@id":"https:\/\/ledsolintel.com\/#organization"},"potentialAction":[{"@type":"SearchAction","target":{"@type":"EntryPoint","urlTemplate":"https:\/\/ledsolintel.com\/?s={search_term_string}"},"query-input":{"@type":"PropertyValueSpecification","valueRequired":true,"valueName":"search_term_string"}}],"inLanguage":"fr-FR"},{"@type":"Organization","@id":"https:\/\/ledsolintel.com\/#organization","name":"Solintel Noroeste, S.L.","url":"https:\/\/ledsolintel.com\/","logo":{"@type":"ImageObject","inLanguage":"fr-FR","@id":"https:\/\/ledsolintel.com\/#\/schema\/logo\/image\/","url":"https:\/\/ledsolintel.com\/wp-content\/uploads\/2024\/11\/webmenaje-logo-1508269066.jpg","contentUrl":"https:\/\/ledsolintel.com\/wp-content\/uploads\/2024\/11\/webmenaje-logo-1508269066.jpg","width":370,"height":90,"caption":"Solintel Noroeste, S.L."},"image":{"@id":"https:\/\/ledsolintel.com\/#\/schema\/logo\/image\/"},"sameAs":["http:\/\/www.facebook.com\/webmenaje","https:\/\/x.com\/webmenaje","https:\/\/www.youtube.com\/channel\/UCX2KoVoeCG4LocZjUc6LmSQ","http:\/\/www.pinterest.com\/webmenaje"]}]}},"_links":{"self":[{"href":"https:\/\/ledsolintel.com\/fr\/wp-json\/wp\/v2\/product\/269202","targetHints":{"allow":["GET"]}}],"collection":[{"href":"https:\/\/ledsolintel.com\/fr\/wp-json\/wp\/v2\/product"}],"about":[{"href":"https:\/\/ledsolintel.com\/fr\/wp-json\/wp\/v2\/types\/product"}],"version-history":[{"count":1,"href":"https:\/\/ledsolintel.com\/fr\/wp-json\/wp\/v2\/product\/269202\/revisions"}],"predecessor-version":[{"id":269203,"href":"https:\/\/ledsolintel.com\/fr\/wp-json\/wp\/v2\/product\/269202\/revisions\/269203"}],"wp:featuredmedia":[{"embeddable":true,"href":"https:\/\/ledsolintel.com\/fr\/wp-json\/wp\/v2\/media\/264115"}],"wp:attachment":[{"href":"https:\/\/ledsolintel.com\/fr\/wp-json\/wp\/v2\/media?parent=269202"}],"wp:term":[{"taxonomy":"product_brand","embeddable":true,"href":"https:\/\/ledsolintel.com\/fr\/wp-json\/wp\/v2\/product_brand?post=269202"},{"taxonomy":"product_cat","embeddable":true,"href":"https:\/\/ledsolintel.com\/fr\/wp-json\/wp\/v2\/product_cat?post=269202"},{"taxonomy":"product_tag","embeddable":true,"href":"https:\/\/ledsolintel.com\/fr\/wp-json\/wp\/v2\/product_tag?post=269202"}],"curies":[{"name":"wp","href":"https:\/\/api.w.org\/{rel}","templated":true}]}}