{"id":269198,"date":"2025-11-11T17:11:01","date_gmt":"2025-11-11T16:11:01","guid":{"rendered":"https:\/\/nueva.ledsolintel.com\/product\/downlight-led-9w-sensor-de-movimiento\/"},"modified":"2026-04-07T10:18:52","modified_gmt":"2026-04-07T08:18:52","slug":"downlight-led-9w-sensor-de-movimiento","status":"publish","type":"product","link":"https:\/\/ledsolintel.com\/fr\/produit-2\/downlight-led-9w-sensor-de-movimiento\/","title":{"rendered":"Downlight Led 9W d\u00e9tecteur de mouvement"},"content":{"rendered":"<p>Downlight de LEDs redondo empotrable de 9W con acabado en color blanco, es uno de los productos m\u00e1s utilizados en iluminaci\u00f3n ya que es ideal para su instalaci\u00f3n en techos, tanto si cuentan con poco o mucho espacio. Debido a su \u00e1ngulo de dispersi\u00f3n lum\u00ednica de 120\u00b0 lo hace ideal como fuente de iluminaci\u00f3n para uso residencial (pasillos, zonas de entrada, salones, dormitorios, ba\u00f1os o cocinas) y espacios m\u00e1s amplios como oficinas, tiendas, hoteles, bares, restaurantes o supermercados. No permite regular la intensidad de luz.  Es una iluminaria que posee detector de movimiento tipo PIR integrado, lo que hace que se active solamente cuando detecta movimiento en la oscuridad, apag\u00e1ndose tras 30 segundos despu\u00e9s de haber detectado. Al tener esta funci\u00f3n lo convierte en un producto ideal para su uso en escaleras, pasillos, zonas de paso o zonas comunes.  La tecnolog\u00eda LED presenta un menor consumo en comparaci\u00f3n con los downlight hal\u00f3genos convencionales, permitiendo ahorrar cada mes en la factura de la luz.  Cuenta con una alta eficacia al consumir 9W mediante el LED SMD que integra, logrando proporcionar un flujo luminoso de 720 lumens. La iluminaci\u00f3n que aporta representa un consumo por valor de 9kWh\/1000h, lo que supone una reducci\u00f3n de la cantidad de energ\u00eda facturada y de emisiones de gases contaminantes a la atm\u00f3sfera. Este downlight est\u00e1 disponible en dos temperaturas de color: blanca (6000\u00b0K) y neutra (4000\u00b0K).  Su instalaci\u00f3n debe realizarse en lugares interiores al poseer un grado de protecci\u00f3n IP20 (protecci\u00f3n contra part\u00edculas s\u00f3lidas de tama\u00f1o superior a 12mm y no es resistente al agua). Soporta un voltaje de entrada de 200V y una frecuencia de servicio de 50 Hz. A la hora de realizar el montaje de cualquier downlight es primordial tener en cuenta tres dimensiones. En primer lugar, el espesor del downlight (50 mm), por otro lado el di\u00e1metro de corte (120 mm) que debe ser igual o menor al agujero del techo, y por \u00faltimo el di\u00e1metro externo del downlight (147 mm) que tiene que ser mayor al di\u00e1metro del agujero.  Adem\u00e1s de ser un producto que tiene m\u00e1s de 30.000 horas de vida, dispone de una garant\u00eda de 3 a\u00f1os. Cuenta tambi\u00e9n con el certificado CE, que acredita que se cumple con los requisitos de la UE respecto a compatibilidad electromagn\u00e9tica y normativa de baja tensi\u00f3n. Con este certificado se declara la conformidad de dicho producto con todos los requisitos legales exigidos, y asegura la validez del producto para ser vendido en todo el Espacio Econ\u00f3mico Europeo.  Incluye driver<\/p>","protected":false},"excerpt":{"rendered":"<p>Downlight de LEDs redondo empotrable de 9W con acabado en color blanco, es uno de los productos m\u00e1s utilizados en iluminaci\u00f3n ya que es ideal para su instalaci\u00f3n en techos, tanto si cuentan con poco o mucho espacio. Debido a su \u00e1ngulo de dispersi\u00f3n lum\u00ednica de 120\u00b0 lo hace ideal como fuente de iluminaci\u00f3n para &hellip; <a href=\"https:\/\/ledsolintel.com\/fr\/produit-2\/downlight-led-9w-sensor-de-movimiento\/\" class=\"more-link\">Continue reading <span class=\"screen-reader-text\">Downlight Led 9W d\u00e9tecteur de mouvement<\/span><\/a><\/p>","protected":false},"featured_media":264110,"template":"","meta":[],"product_brand":[101370],"product_cat":[15,101371],"product_tag":[],"class_list":{"0":"post-269198","1":"product","2":"type-product","3":"status-publish","4":"has-post-thumbnail","6":"product_brand-masterled","7":"product_cat-uncategorized","8":"product_cat-masterled","9":"pa_temperatura-color-luz-blanca","10":"pa_temperatura-color-luz-neutra","13":"instock","14":"taxable","15":"shipping-taxable","16":"purchasable","17":"product-type-variable","18":"has-default-attributes"},"yoast_head":"<!-- This site is optimized with the Yoast SEO plugin v26.6 - https:\/\/yoast.com\/wordpress\/plugins\/seo\/ -->\n<title>Downlight Led 9W sensor de movimiento - Ledsolintel<\/title>\n<meta name=\"robots\" content=\"index, follow, max-snippet:-1, max-image-preview:large, max-video-preview:-1\" \/>\n<link rel=\"canonical\" href=\"https:\/\/ledsolintel.com\/fr\/produit-2\/downlight-led-9w-sensor-de-movimiento\/\" \/>\n<meta property=\"og:locale\" content=\"fr_FR\" \/>\n<meta property=\"og:type\" content=\"article\" \/>\n<meta property=\"og:title\" content=\"Downlight Led 9W sensor de movimiento - Ledsolintel\" \/>\n<meta property=\"og:description\" content=\"Downlight de LEDs redondo empotrable de 9W con acabado en color blanco, es uno de los productos m\u00e1s utilizados en iluminaci\u00f3n ya que es ideal para su instalaci\u00f3n en techos, tanto si cuentan con poco o mucho espacio. Debido a su \u00e1ngulo de dispersi\u00f3n lum\u00ednica de 120\u00b0 lo hace ideal como fuente de iluminaci\u00f3n para &hellip; Continue reading Downlight Led 9W sensor de movimiento\" \/>\n<meta property=\"og:url\" content=\"https:\/\/ledsolintel.com\/fr\/produit-2\/downlight-led-9w-sensor-de-movimiento\/\" \/>\n<meta property=\"og:site_name\" content=\"Ledsolintel\" \/>\n<meta property=\"article:publisher\" content=\"http:\/\/www.facebook.com\/webmenaje\" \/>\n<meta property=\"article:modified_time\" content=\"2026-04-07T08:18:52+00:00\" \/>\n<meta property=\"og:image\" content=\"https:\/\/ledsolintel.com\/wp-content\/uploads\/2025\/11\/downlight-led-9w-sensor-de-movimiento.jpg\" \/>\n\t<meta property=\"og:image:width\" content=\"600\" \/>\n\t<meta property=\"og:image:height\" content=\"600\" \/>\n\t<meta property=\"og:image:type\" content=\"image\/jpeg\" \/>\n<meta name=\"twitter:card\" content=\"summary_large_image\" \/>\n<meta name=\"twitter:site\" content=\"@webmenaje\" \/>\n<meta name=\"twitter:label1\" content=\"Dur\u00e9e de lecture estim\u00e9e\" \/>\n\t<meta name=\"twitter:data1\" content=\"2 minutes\" \/>\n<script type=\"application\/ld+json\" class=\"yoast-schema-graph\">{\"@context\":\"https:\/\/schema.org\",\"@graph\":[{\"@type\":\"WebPage\",\"@id\":\"https:\/\/ledsolintel.com\/product\/downlight-led-9w-sensor-de-movimiento\/\",\"url\":\"https:\/\/ledsolintel.com\/product\/downlight-led-9w-sensor-de-movimiento\/\",\"name\":\"Downlight Led 9W sensor de movimiento - Ledsolintel\",\"isPartOf\":{\"@id\":\"https:\/\/ledsolintel.com\/#website\"},\"primaryImageOfPage\":{\"@id\":\"https:\/\/ledsolintel.com\/product\/downlight-led-9w-sensor-de-movimiento\/#primaryimage\"},\"image\":{\"@id\":\"https:\/\/ledsolintel.com\/product\/downlight-led-9w-sensor-de-movimiento\/#primaryimage\"},\"thumbnailUrl\":\"https:\/\/ledsolintel.com\/wp-content\/uploads\/2025\/11\/downlight-led-9w-sensor-de-movimiento.jpg\",\"datePublished\":\"2025-11-11T16:11:01+00:00\",\"dateModified\":\"2026-04-07T08:18:52+00:00\",\"breadcrumb\":{\"@id\":\"https:\/\/ledsolintel.com\/product\/downlight-led-9w-sensor-de-movimiento\/#breadcrumb\"},\"inLanguage\":\"fr-FR\",\"potentialAction\":[{\"@type\":\"ReadAction\",\"target\":[\"https:\/\/ledsolintel.com\/product\/downlight-led-9w-sensor-de-movimiento\/\"]}]},{\"@type\":\"ImageObject\",\"inLanguage\":\"fr-FR\",\"@id\":\"https:\/\/ledsolintel.com\/product\/downlight-led-9w-sensor-de-movimiento\/#primaryimage\",\"url\":\"https:\/\/ledsolintel.com\/wp-content\/uploads\/2025\/11\/downlight-led-9w-sensor-de-movimiento.jpg\",\"contentUrl\":\"https:\/\/ledsolintel.com\/wp-content\/uploads\/2025\/11\/downlight-led-9w-sensor-de-movimiento.jpg\",\"width\":600,\"height\":600},{\"@type\":\"BreadcrumbList\",\"@id\":\"https:\/\/ledsolintel.com\/product\/downlight-led-9w-sensor-de-movimiento\/#breadcrumb\",\"itemListElement\":[{\"@type\":\"ListItem\",\"position\":1,\"name\":\"Portada\",\"item\":\"https:\/\/ledsolintel.com\/fr\/\"},{\"@type\":\"ListItem\",\"position\":2,\"name\":\"Tienda\",\"item\":\"https:\/\/ledsolintel.com\/tienda\/\"},{\"@type\":\"ListItem\",\"position\":3,\"name\":\"Downlight Led 9W sensor de movimiento\"}]},{\"@type\":\"WebSite\",\"@id\":\"https:\/\/ledsolintel.com\/#website\",\"url\":\"https:\/\/ledsolintel.com\/\",\"name\":\"Webmenaje\",\"description\":\"Tienda de bombillas y l\u00e1mparas LED para profesionales\",\"publisher\":{\"@id\":\"https:\/\/ledsolintel.com\/#organization\"},\"potentialAction\":[{\"@type\":\"SearchAction\",\"target\":{\"@type\":\"EntryPoint\",\"urlTemplate\":\"https:\/\/ledsolintel.com\/?s={search_term_string}\"},\"query-input\":{\"@type\":\"PropertyValueSpecification\",\"valueRequired\":true,\"valueName\":\"search_term_string\"}}],\"inLanguage\":\"fr-FR\"},{\"@type\":\"Organization\",\"@id\":\"https:\/\/ledsolintel.com\/#organization\",\"name\":\"Solintel Noroeste, S.L.\",\"url\":\"https:\/\/ledsolintel.com\/\",\"logo\":{\"@type\":\"ImageObject\",\"inLanguage\":\"fr-FR\",\"@id\":\"https:\/\/ledsolintel.com\/#\/schema\/logo\/image\/\",\"url\":\"https:\/\/ledsolintel.com\/wp-content\/uploads\/2024\/11\/webmenaje-logo-1508269066.jpg\",\"contentUrl\":\"https:\/\/ledsolintel.com\/wp-content\/uploads\/2024\/11\/webmenaje-logo-1508269066.jpg\",\"width\":370,\"height\":90,\"caption\":\"Solintel Noroeste, S.L.\"},\"image\":{\"@id\":\"https:\/\/ledsolintel.com\/#\/schema\/logo\/image\/\"},\"sameAs\":[\"http:\/\/www.facebook.com\/webmenaje\",\"https:\/\/x.com\/webmenaje\",\"https:\/\/www.youtube.com\/channel\/UCX2KoVoeCG4LocZjUc6LmSQ\",\"http:\/\/www.pinterest.com\/webmenaje\"]}]}<\/script>\n<!-- \/ Yoast SEO plugin. -->","yoast_head_json":{"title":"Downlight Led 9W sensor de movimiento - Ledsolintel","robots":{"index":"index","follow":"follow","max-snippet":"max-snippet:-1","max-image-preview":"max-image-preview:large","max-video-preview":"max-video-preview:-1"},"canonical":"https:\/\/ledsolintel.com\/fr\/produit-2\/downlight-led-9w-sensor-de-movimiento\/","og_locale":"fr_FR","og_type":"article","og_title":"Downlight Led 9W sensor de movimiento - Ledsolintel","og_description":"Downlight de LEDs redondo empotrable de 9W con acabado en color blanco, es uno de los productos m\u00e1s utilizados en iluminaci\u00f3n ya que es ideal para su instalaci\u00f3n en techos, tanto si cuentan con poco o mucho espacio. Debido a su \u00e1ngulo de dispersi\u00f3n lum\u00ednica de 120\u00b0 lo hace ideal como fuente de iluminaci\u00f3n para &hellip; Continue reading Downlight Led 9W sensor de movimiento","og_url":"https:\/\/ledsolintel.com\/fr\/produit-2\/downlight-led-9w-sensor-de-movimiento\/","og_site_name":"Ledsolintel","article_publisher":"http:\/\/www.facebook.com\/webmenaje","article_modified_time":"2026-04-07T08:18:52+00:00","og_image":[{"width":600,"height":600,"url":"https:\/\/ledsolintel.com\/wp-content\/uploads\/2025\/11\/downlight-led-9w-sensor-de-movimiento.jpg","type":"image\/jpeg"}],"twitter_card":"summary_large_image","twitter_site":"@webmenaje","twitter_misc":{"Dur\u00e9e de lecture estim\u00e9e":"2 minutes"},"schema":{"@context":"https:\/\/schema.org","@graph":[{"@type":"WebPage","@id":"https:\/\/ledsolintel.com\/product\/downlight-led-9w-sensor-de-movimiento\/","url":"https:\/\/ledsolintel.com\/product\/downlight-led-9w-sensor-de-movimiento\/","name":"Downlight Led 9W sensor de movimiento - Ledsolintel","isPartOf":{"@id":"https:\/\/ledsolintel.com\/#website"},"primaryImageOfPage":{"@id":"https:\/\/ledsolintel.com\/product\/downlight-led-9w-sensor-de-movimiento\/#primaryimage"},"image":{"@id":"https:\/\/ledsolintel.com\/product\/downlight-led-9w-sensor-de-movimiento\/#primaryimage"},"thumbnailUrl":"https:\/\/ledsolintel.com\/wp-content\/uploads\/2025\/11\/downlight-led-9w-sensor-de-movimiento.jpg","datePublished":"2025-11-11T16:11:01+00:00","dateModified":"2026-04-07T08:18:52+00:00","breadcrumb":{"@id":"https:\/\/ledsolintel.com\/product\/downlight-led-9w-sensor-de-movimiento\/#breadcrumb"},"inLanguage":"fr-FR","potentialAction":[{"@type":"ReadAction","target":["https:\/\/ledsolintel.com\/product\/downlight-led-9w-sensor-de-movimiento\/"]}]},{"@type":"ImageObject","inLanguage":"fr-FR","@id":"https:\/\/ledsolintel.com\/product\/downlight-led-9w-sensor-de-movimiento\/#primaryimage","url":"https:\/\/ledsolintel.com\/wp-content\/uploads\/2025\/11\/downlight-led-9w-sensor-de-movimiento.jpg","contentUrl":"https:\/\/ledsolintel.com\/wp-content\/uploads\/2025\/11\/downlight-led-9w-sensor-de-movimiento.jpg","width":600,"height":600},{"@type":"BreadcrumbList","@id":"https:\/\/ledsolintel.com\/product\/downlight-led-9w-sensor-de-movimiento\/#breadcrumb","itemListElement":[{"@type":"ListItem","position":1,"name":"Portada","item":"https:\/\/ledsolintel.com\/fr\/"},{"@type":"ListItem","position":2,"name":"Tienda","item":"https:\/\/ledsolintel.com\/tienda\/"},{"@type":"ListItem","position":3,"name":"Downlight Led 9W sensor de movimiento"}]},{"@type":"WebSite","@id":"https:\/\/ledsolintel.com\/#website","url":"https:\/\/ledsolintel.com\/","name":"Webmenaje","description":"Magasin d'ampoules et de lampes LED pour les professionnels","publisher":{"@id":"https:\/\/ledsolintel.com\/#organization"},"potentialAction":[{"@type":"SearchAction","target":{"@type":"EntryPoint","urlTemplate":"https:\/\/ledsolintel.com\/?s={search_term_string}"},"query-input":{"@type":"PropertyValueSpecification","valueRequired":true,"valueName":"search_term_string"}}],"inLanguage":"fr-FR"},{"@type":"Organization","@id":"https:\/\/ledsolintel.com\/#organization","name":"Solintel Noroeste, S.L.","url":"https:\/\/ledsolintel.com\/","logo":{"@type":"ImageObject","inLanguage":"fr-FR","@id":"https:\/\/ledsolintel.com\/#\/schema\/logo\/image\/","url":"https:\/\/ledsolintel.com\/wp-content\/uploads\/2024\/11\/webmenaje-logo-1508269066.jpg","contentUrl":"https:\/\/ledsolintel.com\/wp-content\/uploads\/2024\/11\/webmenaje-logo-1508269066.jpg","width":370,"height":90,"caption":"Solintel Noroeste, S.L."},"image":{"@id":"https:\/\/ledsolintel.com\/#\/schema\/logo\/image\/"},"sameAs":["http:\/\/www.facebook.com\/webmenaje","https:\/\/x.com\/webmenaje","https:\/\/www.youtube.com\/channel\/UCX2KoVoeCG4LocZjUc6LmSQ","http:\/\/www.pinterest.com\/webmenaje"]}]}},"_links":{"self":[{"href":"https:\/\/ledsolintel.com\/fr\/wp-json\/wp\/v2\/product\/269198","targetHints":{"allow":["GET"]}}],"collection":[{"href":"https:\/\/ledsolintel.com\/fr\/wp-json\/wp\/v2\/product"}],"about":[{"href":"https:\/\/ledsolintel.com\/fr\/wp-json\/wp\/v2\/types\/product"}],"version-history":[{"count":1,"href":"https:\/\/ledsolintel.com\/fr\/wp-json\/wp\/v2\/product\/269198\/revisions"}],"predecessor-version":[{"id":269199,"href":"https:\/\/ledsolintel.com\/fr\/wp-json\/wp\/v2\/product\/269198\/revisions\/269199"}],"wp:featuredmedia":[{"embeddable":true,"href":"https:\/\/ledsolintel.com\/fr\/wp-json\/wp\/v2\/media\/264110"}],"wp:attachment":[{"href":"https:\/\/ledsolintel.com\/fr\/wp-json\/wp\/v2\/media?parent=269198"}],"wp:term":[{"taxonomy":"product_brand","embeddable":true,"href":"https:\/\/ledsolintel.com\/fr\/wp-json\/wp\/v2\/product_brand?post=269198"},{"taxonomy":"product_cat","embeddable":true,"href":"https:\/\/ledsolintel.com\/fr\/wp-json\/wp\/v2\/product_cat?post=269198"},{"taxonomy":"product_tag","embeddable":true,"href":"https:\/\/ledsolintel.com\/fr\/wp-json\/wp\/v2\/product_tag?post=269198"}],"curies":[{"name":"wp","href":"https:\/\/api.w.org\/{rel}","templated":true}]}}