{"id":269127,"date":"2025-11-11T17:09:50","date_gmt":"2025-11-11T16:09:50","guid":{"rendered":"https:\/\/nueva.ledsolintel.com\/product\/caja-derivacion-industrial-atex-4-vias-m25-ip66\/"},"modified":"2026-01-30T15:53:03","modified_gmt":"2026-01-30T14:53:03","slug":"caja-derivacion-industrial-atex-4-vias-m25-ip66","status":"publish","type":"product","link":"https:\/\/ledsolintel.com\/fr\/produit-2\/caja-derivacion-industrial-atex-4-vias-m25-ip66\/","title":{"rendered":"Bo\u00eete de jonction industrielle ATEX 4 voies M25 IP66"},"content":{"rendered":"<p>Fabriqu\u00e9 en aluminium robuste, il allie r\u00e9sistance et l\u00e9g\u00e8ret\u00e9 (seulement 0,75 kg) pour s'adapter aux conditions les plus exigeantes. Avec un indice de protection IP66, il est \u00e9tanche \u00e0 la poussi\u00e8re et r\u00e9siste \u00e0 de puissants jets d'eau, tout en supportant des temp\u00e9ratures extr\u00eames comprises entre -55\u00b0C et +60\u00b0C .  Con\u00e7u pour les zones dangereuses (Zones 1, 2, 21 et 22), ce coffret garantit des connexions \u00e9lectriques s\u00fbres gr\u00e2ce \u00e0 ses quatre conduits filet\u00e9s M25 x 1,5 (ferm\u00e9s par un bouchon hexagonal). Sa fermeture au moyen d'un couvercle filet\u00e9 avec vis captive \u00e0 t\u00eate Allen assure l'\u00e9tanch\u00e9it\u00e9 et la facilit\u00e9 d'acc\u00e8s. Id\u00e9al pour les industries telles que la p\u00e9trochimie, la pharmacie, l'arm\u00e9e ou la marine, o\u00f9 la s\u00e9curit\u00e9 n'est pas n\u00e9gociable.  Compact (\u00d8 122 x 80 mm) mais fonctionnel, ce coffret est conforme aux certifications ATEX, CE et RoHS. Il b\u00e9n\u00e9ficie \u00e9galement d'une garantie de 5 ans. Parfait pour les usines ou les zones humides, c'est la solution intelligente pour prot\u00e9ger vos connexions \u00e9lectriques dans les atmosph\u00e8res dangereuses \u2705 Conformit\u00e9 r\u00e9glementaire Certification ATEX : Adapt\u00e9 aux zones 1 et 2 (gaz) + zones 21 et 22 (poussi\u00e8res).  Certifications suppl\u00e9mentaires : RoHS, conforme aux normes de s\u00e9curit\u00e9 et de compatibilit\u00e9 \u00e9cologique.    \u2705 Capacit\u00e9 et performances Raccords : Comprend quatre conduits filet\u00e9s M25 x 1,5 (ferm\u00e9s par un bouchon hexagonal, un presse-\u00e9toupe M25 doit \u00eatre achet\u00e9 pour chaque conduit \u00e0 utiliser).    Dimensions et mat\u00e9riaux Mat\u00e9riau : Fabriqu\u00e9 en aluminium robuste et r\u00e9sistant \u00e0 la corrosion.  Degr\u00e9 de protection : IP66 (r\u00e9sistant \u00e0 l'eau et \u00e0 la poussi\u00e8re).  Poids : L\u00e9ger, seulement 0,75 kg, ce qui facilite le transport et l'installation.  Dimensions : \u00d8 122 x 80 mm : \u00d8 122 x 80 mm, design compact et fonctionnel.    Garantie et garantie \u00e0 vie : Nous offrons une garantie de 5 ans, qui garantit la qualit\u00e9 et la fiabilit\u00e9 du produit.  Temp\u00e9rature de fonctionnement : Fonctionne entre -55\u00b0C et +60\u00b0C, id\u00e9al pour les environnements extr\u00eames.    Installation et montage Montage en surface : Facile \u00e0 monter gr\u00e2ce \u00e0 sa conception compacte et \u00e0 ses orifices filet\u00e9s int\u00e9gr\u00e9s.    Caract\u00e9ristiques techniques de la bo\u00eete de jonction industrielle ATEX 4 voies M25 Dimensions : \u00d8 122 x 80 mm.  Mat\u00e9riau : En aluminium.  Degr\u00e9 de protection : IP66 (r\u00e9sistant \u00e0 l'eau et \u00e0 la poussi\u00e8re).  Temp\u00e9rature de fonctionnement : Fonctionne entre -55\u00b0C et +60\u00b0C.  Certifications : CE, RoHS et ATEX.  Poids : 0,75 kg.  Garantie : 5 ans.  Voies de raccordement : Quatre voies filet\u00e9es M25 x 1,5 (ferm\u00e9es par un bouchon hexagonal, un presse-\u00e9toupe M25 doit \u00eatre achet\u00e9 pour chaque voie \u00e0 utiliser) Con\u00e7ues pour une installation en surface.  Id\u00e9al pour les zones dangereuses : Zones 1 et 2 (gaz) + Zones 21 et 22 (poussi\u00e8res).  R\u00e9sistant aux conditions climatiques d\u00e9favorables, telles que l'humidit\u00e9 et la poussi\u00e8re accumul\u00e9e.  Fermeture au moyen d'un bouchon \u00e0 vis fix\u00e9 par une vis imperdable \u00e0 t\u00eate cylindrique.  Exempt de produits chimiques abrasifs pour l'entretien.    Questions sur les bo\u00eetes de jonction industrielles ATEX Quel est le degr\u00e9 de protection de cette bo\u00eete et pourquoi est-il important ?  L'indice de protection IP66 signifie que ce bo\u00eetier est totalement \u00e9tanche \u00e0 la poussi\u00e8re (6 ) et prot\u00e9g\u00e9 contre les jets d'eau puissants (6 ). Il est donc id\u00e9al pour une utilisation \u00e0 l'int\u00e9rieur comme \u00e0 l'ext\u00e9rieur, m\u00eame dans des environnements humides ou expos\u00e9s \u00e0 l'eau.  En outre, son bo\u00eetier robuste en aluminium garantit une r\u00e9sistance aux chocs et \u00e0 la corrosion, ce qui prolonge sa dur\u00e9e de vie dans des conditions difficiles. Comment s'effectue le raccordement des c\u00e2bles dans cette bo\u00eete de jonction ?  Le raccordement des c\u00e2bles dans cette bo\u00eete s'effectue au moyen de quatre conduits filet\u00e9s M25 x 1,5, initialement ferm\u00e9s par des bouchons hexagonaux. Pour les utiliser, il est n\u00e9cessaire d'acheter des presse-\u00e9toupes certifi\u00e9s ATEX de m\u00e9trique M25.  Il est important de suivre les instructions du fabricant pour garantir une installation correcte et \u00e9viter tout risque d'incendie ou d'\u00e9lectrocution. En outre, toutes les connexions doivent \u00eatre effectu\u00e9es hors tension. Quels sont les avantages de ce bo\u00eetier par rapport \u00e0 des bo\u00eetiers similaires ?  Certification ATEX : garantit une utilisation s\u00fbre dans les zones \u00e0 risque d'explosion (zones 1, 2, 21 et 22).  Durabilit\u00e9 : fabriqu\u00e9 en aluminium robuste, avec des traitements anticorrosion et un indice de protection IP66.  Polyvalence : compatible avec une large gamme d'applications industrielles gr\u00e2ce \u00e0 ses quatre voies filet\u00e9es M25.  R\u00e9sistance \u00e0 l'environnement : supporte des temp\u00e9ratures extr\u00eames, de -55\u00b0C \u00e0 +60\u00b0C. Quel est l'entretien de cette bo\u00eete de jonction ?  L'entretien est minime. Nous recommandons : des inspections visuelles p\u00e9riodiques pour d\u00e9tecter les signes d'usure, de corrosion ou d'endommagement.  Nettoyer les joints avant de remettre la bo\u00eete en service.  V\u00e9rifier que toutes les connexions \u00e9lectriques sont propres et bien serr\u00e9es.  Remplacer tout composant us\u00e9 ou endommag\u00e9.  L'entretien ne doit \u00eatre effectu\u00e9 que par du personnel qualifi\u00e9. Quelle est la diff\u00e9rence entre cette bo\u00eete de jonction ATEX et une bo\u00eete conventionnelle ?  Bo\u00eete de jonction ATEX : sp\u00e9cialement con\u00e7ue pour les environnements explosifs, avec certification ATEX et degr\u00e9 de protection IP66. Id\u00e9al pour les industries, les stations-service ou les zones humides.  Bo\u00eetier conventionnel : il n'est pas con\u00e7u pour r\u00e9sister \u00e0 des conditions extr\u00eames ou pour \u00eatre utilis\u00e9 dans des zones dangereuses ; il convient davantage aux environnements domestiques ou commerciaux de base.<\/p>","protected":false},"excerpt":{"rendered":"<p>Fabricada en aluminio robusto, combina resistencia y ligereza (solo 0.75 kg) para adaptarse a las condiciones m\u00e1s exigentes. Con un grado de protecci\u00f3n IP66, es impenetrable al polvo y resiste chorros potentes de agua, mientras soporta temperaturas extremas entre -55\u00b0C y +60\u00b0C . Dise\u00f1ada para zonas con riesgo de explosi\u00f3n (Zonas 1, 2, 21 y &hellip; <a href=\"https:\/\/ledsolintel.com\/fr\/produit-2\/caja-derivacion-industrial-atex-4-vias-m25-ip66\/\" class=\"more-link\">Continue reading <span class=\"screen-reader-text\">Bo\u00eete de jonction industrielle ATEX 4 voies M25 IP66<\/span><\/a><\/p>","protected":false},"featured_media":263990,"template":"","meta":[],"product_brand":[101370],"product_cat":[101371,15],"product_tag":[],"class_list":{"0":"post-269127","1":"product","2":"type-product","3":"status-publish","4":"has-post-thumbnail","6":"product_brand-masterled","7":"product_cat-masterled","8":"product_cat-uncategorized","9":"pa_material-aluminio","12":"instock","13":"purchasable","14":"product-type-simple"},"yoast_head":"<!-- This site is optimized with the Yoast SEO plugin v26.6 - https:\/\/yoast.com\/wordpress\/plugins\/seo\/ -->\n<title>Caja derivaci\u00f3n industrial ATEX 4 v\u00edas M25 IP66 - Ledsolintel<\/title>\n<meta name=\"robots\" content=\"index, follow, max-snippet:-1, max-image-preview:large, max-video-preview:-1\" \/>\n<link rel=\"canonical\" href=\"https:\/\/ledsolintel.com\/fr\/produit-2\/caja-derivacion-industrial-atex-4-vias-m25-ip66\/\" \/>\n<meta property=\"og:locale\" content=\"fr_FR\" \/>\n<meta property=\"og:type\" content=\"article\" \/>\n<meta property=\"og:title\" content=\"Caja derivaci\u00f3n industrial ATEX 4 v\u00edas M25 IP66 - Ledsolintel\" \/>\n<meta property=\"og:description\" content=\"Fabricada en aluminio robusto, combina resistencia y ligereza (solo 0.75 kg) para adaptarse a las condiciones m\u00e1s exigentes. Con un grado de protecci\u00f3n IP66, es impenetrable al polvo y resiste chorros potentes de agua, mientras soporta temperaturas extremas entre -55\u00b0C y +60\u00b0C . Dise\u00f1ada para zonas con riesgo de explosi\u00f3n (Zonas 1, 2, 21 y &hellip; Continue reading Caja derivaci\u00f3n industrial ATEX 4 v\u00edas M25 IP66\" \/>\n<meta property=\"og:url\" content=\"https:\/\/ledsolintel.com\/fr\/produit-2\/caja-derivacion-industrial-atex-4-vias-m25-ip66\/\" \/>\n<meta property=\"og:site_name\" content=\"Ledsolintel\" \/>\n<meta property=\"article:publisher\" content=\"http:\/\/www.facebook.com\/webmenaje\" \/>\n<meta property=\"article:modified_time\" content=\"2026-01-30T14:53:03+00:00\" \/>\n<meta property=\"og:image\" content=\"https:\/\/ledsolintel.com\/wp-content\/uploads\/2025\/11\/caja-derivacion-industrial-atex-4-vias-m25-ip66.jpg\" \/>\n\t<meta property=\"og:image:width\" content=\"1200\" \/>\n\t<meta property=\"og:image:height\" content=\"1200\" \/>\n\t<meta property=\"og:image:type\" content=\"image\/jpeg\" \/>\n<meta name=\"twitter:card\" content=\"summary_large_image\" \/>\n<meta name=\"twitter:site\" content=\"@webmenaje\" \/>\n<meta name=\"twitter:label1\" content=\"Dur\u00e9e de lecture estim\u00e9e\" \/>\n\t<meta name=\"twitter:data1\" content=\"4 minutes\" \/>\n<script type=\"application\/ld+json\" class=\"yoast-schema-graph\">{\"@context\":\"https:\/\/schema.org\",\"@graph\":[{\"@type\":\"WebPage\",\"@id\":\"https:\/\/ledsolintel.com\/product\/caja-derivacion-industrial-atex-4-vias-m25-ip66\/\",\"url\":\"https:\/\/ledsolintel.com\/product\/caja-derivacion-industrial-atex-4-vias-m25-ip66\/\",\"name\":\"Caja derivaci\u00f3n industrial ATEX 4 v\u00edas M25 IP66 - Ledsolintel\",\"isPartOf\":{\"@id\":\"https:\/\/ledsolintel.com\/#website\"},\"primaryImageOfPage\":{\"@id\":\"https:\/\/ledsolintel.com\/product\/caja-derivacion-industrial-atex-4-vias-m25-ip66\/#primaryimage\"},\"image\":{\"@id\":\"https:\/\/ledsolintel.com\/product\/caja-derivacion-industrial-atex-4-vias-m25-ip66\/#primaryimage\"},\"thumbnailUrl\":\"https:\/\/ledsolintel.com\/wp-content\/uploads\/2025\/11\/caja-derivacion-industrial-atex-4-vias-m25-ip66.jpg\",\"datePublished\":\"2025-11-11T16:09:50+00:00\",\"dateModified\":\"2026-01-30T14:53:03+00:00\",\"breadcrumb\":{\"@id\":\"https:\/\/ledsolintel.com\/product\/caja-derivacion-industrial-atex-4-vias-m25-ip66\/#breadcrumb\"},\"inLanguage\":\"fr-FR\",\"potentialAction\":[{\"@type\":\"ReadAction\",\"target\":[\"https:\/\/ledsolintel.com\/product\/caja-derivacion-industrial-atex-4-vias-m25-ip66\/\"]}]},{\"@type\":\"ImageObject\",\"inLanguage\":\"fr-FR\",\"@id\":\"https:\/\/ledsolintel.com\/product\/caja-derivacion-industrial-atex-4-vias-m25-ip66\/#primaryimage\",\"url\":\"https:\/\/ledsolintel.com\/wp-content\/uploads\/2025\/11\/caja-derivacion-industrial-atex-4-vias-m25-ip66.jpg\",\"contentUrl\":\"https:\/\/ledsolintel.com\/wp-content\/uploads\/2025\/11\/caja-derivacion-industrial-atex-4-vias-m25-ip66.jpg\",\"width\":1200,\"height\":1200},{\"@type\":\"BreadcrumbList\",\"@id\":\"https:\/\/ledsolintel.com\/product\/caja-derivacion-industrial-atex-4-vias-m25-ip66\/#breadcrumb\",\"itemListElement\":[{\"@type\":\"ListItem\",\"position\":1,\"name\":\"Portada\",\"item\":\"https:\/\/ledsolintel.com\/fr\/\"},{\"@type\":\"ListItem\",\"position\":2,\"name\":\"Tienda\",\"item\":\"https:\/\/ledsolintel.com\/tienda\/\"},{\"@type\":\"ListItem\",\"position\":3,\"name\":\"Caja derivaci\u00f3n industrial ATEX 4 v\u00edas M25 IP66\"}]},{\"@type\":\"WebSite\",\"@id\":\"https:\/\/ledsolintel.com\/#website\",\"url\":\"https:\/\/ledsolintel.com\/\",\"name\":\"Webmenaje\",\"description\":\"Tienda de bombillas y l\u00e1mparas LED para profesionales\",\"publisher\":{\"@id\":\"https:\/\/ledsolintel.com\/#organization\"},\"potentialAction\":[{\"@type\":\"SearchAction\",\"target\":{\"@type\":\"EntryPoint\",\"urlTemplate\":\"https:\/\/ledsolintel.com\/?s={search_term_string}\"},\"query-input\":{\"@type\":\"PropertyValueSpecification\",\"valueRequired\":true,\"valueName\":\"search_term_string\"}}],\"inLanguage\":\"fr-FR\"},{\"@type\":\"Organization\",\"@id\":\"https:\/\/ledsolintel.com\/#organization\",\"name\":\"Solintel Noroeste, S.L.\",\"url\":\"https:\/\/ledsolintel.com\/\",\"logo\":{\"@type\":\"ImageObject\",\"inLanguage\":\"fr-FR\",\"@id\":\"https:\/\/ledsolintel.com\/#\/schema\/logo\/image\/\",\"url\":\"https:\/\/ledsolintel.com\/wp-content\/uploads\/2024\/11\/webmenaje-logo-1508269066.jpg\",\"contentUrl\":\"https:\/\/ledsolintel.com\/wp-content\/uploads\/2024\/11\/webmenaje-logo-1508269066.jpg\",\"width\":370,\"height\":90,\"caption\":\"Solintel Noroeste, S.L.\"},\"image\":{\"@id\":\"https:\/\/ledsolintel.com\/#\/schema\/logo\/image\/\"},\"sameAs\":[\"http:\/\/www.facebook.com\/webmenaje\",\"https:\/\/x.com\/webmenaje\",\"https:\/\/www.youtube.com\/channel\/UCX2KoVoeCG4LocZjUc6LmSQ\",\"http:\/\/www.pinterest.com\/webmenaje\"]}]}<\/script>\n<!-- \/ Yoast SEO plugin. -->","yoast_head_json":{"title":"Caja derivaci\u00f3n industrial ATEX 4 v\u00edas M25 IP66 - Ledsolintel","robots":{"index":"index","follow":"follow","max-snippet":"max-snippet:-1","max-image-preview":"max-image-preview:large","max-video-preview":"max-video-preview:-1"},"canonical":"https:\/\/ledsolintel.com\/fr\/produit-2\/caja-derivacion-industrial-atex-4-vias-m25-ip66\/","og_locale":"fr_FR","og_type":"article","og_title":"Caja derivaci\u00f3n industrial ATEX 4 v\u00edas M25 IP66 - Ledsolintel","og_description":"Fabricada en aluminio robusto, combina resistencia y ligereza (solo 0.75 kg) para adaptarse a las condiciones m\u00e1s exigentes. Con un grado de protecci\u00f3n IP66, es impenetrable al polvo y resiste chorros potentes de agua, mientras soporta temperaturas extremas entre -55\u00b0C y +60\u00b0C . Dise\u00f1ada para zonas con riesgo de explosi\u00f3n (Zonas 1, 2, 21 y &hellip; Continue reading Caja derivaci\u00f3n industrial ATEX 4 v\u00edas M25 IP66","og_url":"https:\/\/ledsolintel.com\/fr\/produit-2\/caja-derivacion-industrial-atex-4-vias-m25-ip66\/","og_site_name":"Ledsolintel","article_publisher":"http:\/\/www.facebook.com\/webmenaje","article_modified_time":"2026-01-30T14:53:03+00:00","og_image":[{"width":1200,"height":1200,"url":"https:\/\/ledsolintel.com\/wp-content\/uploads\/2025\/11\/caja-derivacion-industrial-atex-4-vias-m25-ip66.jpg","type":"image\/jpeg"}],"twitter_card":"summary_large_image","twitter_site":"@webmenaje","twitter_misc":{"Dur\u00e9e de lecture estim\u00e9e":"4 minutes"},"schema":{"@context":"https:\/\/schema.org","@graph":[{"@type":"WebPage","@id":"https:\/\/ledsolintel.com\/product\/caja-derivacion-industrial-atex-4-vias-m25-ip66\/","url":"https:\/\/ledsolintel.com\/product\/caja-derivacion-industrial-atex-4-vias-m25-ip66\/","name":"Caja derivaci\u00f3n industrial ATEX 4 v\u00edas M25 IP66 - Ledsolintel","isPartOf":{"@id":"https:\/\/ledsolintel.com\/#website"},"primaryImageOfPage":{"@id":"https:\/\/ledsolintel.com\/product\/caja-derivacion-industrial-atex-4-vias-m25-ip66\/#primaryimage"},"image":{"@id":"https:\/\/ledsolintel.com\/product\/caja-derivacion-industrial-atex-4-vias-m25-ip66\/#primaryimage"},"thumbnailUrl":"https:\/\/ledsolintel.com\/wp-content\/uploads\/2025\/11\/caja-derivacion-industrial-atex-4-vias-m25-ip66.jpg","datePublished":"2025-11-11T16:09:50+00:00","dateModified":"2026-01-30T14:53:03+00:00","breadcrumb":{"@id":"https:\/\/ledsolintel.com\/product\/caja-derivacion-industrial-atex-4-vias-m25-ip66\/#breadcrumb"},"inLanguage":"fr-FR","potentialAction":[{"@type":"ReadAction","target":["https:\/\/ledsolintel.com\/product\/caja-derivacion-industrial-atex-4-vias-m25-ip66\/"]}]},{"@type":"ImageObject","inLanguage":"fr-FR","@id":"https:\/\/ledsolintel.com\/product\/caja-derivacion-industrial-atex-4-vias-m25-ip66\/#primaryimage","url":"https:\/\/ledsolintel.com\/wp-content\/uploads\/2025\/11\/caja-derivacion-industrial-atex-4-vias-m25-ip66.jpg","contentUrl":"https:\/\/ledsolintel.com\/wp-content\/uploads\/2025\/11\/caja-derivacion-industrial-atex-4-vias-m25-ip66.jpg","width":1200,"height":1200},{"@type":"BreadcrumbList","@id":"https:\/\/ledsolintel.com\/product\/caja-derivacion-industrial-atex-4-vias-m25-ip66\/#breadcrumb","itemListElement":[{"@type":"ListItem","position":1,"name":"Portada","item":"https:\/\/ledsolintel.com\/fr\/"},{"@type":"ListItem","position":2,"name":"Tienda","item":"https:\/\/ledsolintel.com\/tienda\/"},{"@type":"ListItem","position":3,"name":"Caja derivaci\u00f3n industrial ATEX 4 v\u00edas M25 IP66"}]},{"@type":"WebSite","@id":"https:\/\/ledsolintel.com\/#website","url":"https:\/\/ledsolintel.com\/","name":"Webmenaje","description":"Magasin d'ampoules et de lampes LED pour les professionnels","publisher":{"@id":"https:\/\/ledsolintel.com\/#organization"},"potentialAction":[{"@type":"SearchAction","target":{"@type":"EntryPoint","urlTemplate":"https:\/\/ledsolintel.com\/?s={search_term_string}"},"query-input":{"@type":"PropertyValueSpecification","valueRequired":true,"valueName":"search_term_string"}}],"inLanguage":"fr-FR"},{"@type":"Organization","@id":"https:\/\/ledsolintel.com\/#organization","name":"Solintel Noroeste, S.L.","url":"https:\/\/ledsolintel.com\/","logo":{"@type":"ImageObject","inLanguage":"fr-FR","@id":"https:\/\/ledsolintel.com\/#\/schema\/logo\/image\/","url":"https:\/\/ledsolintel.com\/wp-content\/uploads\/2024\/11\/webmenaje-logo-1508269066.jpg","contentUrl":"https:\/\/ledsolintel.com\/wp-content\/uploads\/2024\/11\/webmenaje-logo-1508269066.jpg","width":370,"height":90,"caption":"Solintel Noroeste, S.L."},"image":{"@id":"https:\/\/ledsolintel.com\/#\/schema\/logo\/image\/"},"sameAs":["http:\/\/www.facebook.com\/webmenaje","https:\/\/x.com\/webmenaje","https:\/\/www.youtube.com\/channel\/UCX2KoVoeCG4LocZjUc6LmSQ","http:\/\/www.pinterest.com\/webmenaje"]}]}},"_links":{"self":[{"href":"https:\/\/ledsolintel.com\/fr\/wp-json\/wp\/v2\/product\/269127","targetHints":{"allow":["GET"]}}],"collection":[{"href":"https:\/\/ledsolintel.com\/fr\/wp-json\/wp\/v2\/product"}],"about":[{"href":"https:\/\/ledsolintel.com\/fr\/wp-json\/wp\/v2\/types\/product"}],"version-history":[{"count":1,"href":"https:\/\/ledsolintel.com\/fr\/wp-json\/wp\/v2\/product\/269127\/revisions"}],"predecessor-version":[{"id":269128,"href":"https:\/\/ledsolintel.com\/fr\/wp-json\/wp\/v2\/product\/269127\/revisions\/269128"}],"wp:featuredmedia":[{"embeddable":true,"href":"https:\/\/ledsolintel.com\/fr\/wp-json\/wp\/v2\/media\/263990"}],"wp:attachment":[{"href":"https:\/\/ledsolintel.com\/fr\/wp-json\/wp\/v2\/media?parent=269127"}],"wp:term":[{"taxonomy":"product_brand","embeddable":true,"href":"https:\/\/ledsolintel.com\/fr\/wp-json\/wp\/v2\/product_brand?post=269127"},{"taxonomy":"product_cat","embeddable":true,"href":"https:\/\/ledsolintel.com\/fr\/wp-json\/wp\/v2\/product_cat?post=269127"},{"taxonomy":"product_tag","embeddable":true,"href":"https:\/\/ledsolintel.com\/fr\/wp-json\/wp\/v2\/product_tag?post=269127"}],"curies":[{"name":"wp","href":"https:\/\/api.w.org\/{rel}","templated":true}]}}