{"id":269121,"date":"2025-11-11T17:09:46","date_gmt":"2025-11-11T16:09:46","guid":{"rendered":"https:\/\/nueva.ledsolintel.com\/product\/interruptor-diferencial-rearmable-2p-300ma-6ka\/"},"modified":"2026-04-07T10:18:53","modified_gmt":"2026-04-07T08:18:53","slug":"interrupteur-differentiel-rearmable-2p-300ma-6ka","status":"publish","type":"product","link":"https:\/\/ledsolintel.com\/fr\/produit-2\/interrupteur-differentiel-rearmable-2p-300ma-6ka\/","title":{"rendered":"Disjoncteur diff\u00e9rentiel r\u00e9armable 2P 300mA 6kA"},"content":{"rendered":"<p>Disjoncteur diff\u00e9rentiel monophas\u00e9 \u00e0 r\u00e9armement automatique. En mode AUTO, ce dispositif permet de reconnecter automatiquement la tension apr\u00e8s un d\u00e9clenchement. Il dispose de 3 r\u00e9initialisations pr\u00e9r\u00e9gl\u00e9es en 10, 60 et 300 secondes respectivement. Si le disjoncteur se d\u00e9clenche une quatri\u00e8me fois en moins de 15 minutes, il sera bloqu\u00e9 jusqu'\u00e0 ce qu'il soit r\u00e9arm\u00e9 manuellement. Il dispose \u00e9galement d'un mode manuel dans lequel le r\u00e9armement automatique est d\u00e9sactiv\u00e9. Il prot\u00e8ge efficacement l'installation contre les d\u00e9charges \u00e0 la terre et les personnes contre les contacts directs ou indirects.  Caract\u00e9ristiques techniques :  - Nombre de p\u00f4les : 2 - Courant nominal : 40A - Pouvoir de coupure : 6 kA - Sensibilit\u00e9 : 300mA - Section maximale du conducteur : 25mm\u00b2 - S\u00e9lecteur de mode MANUEL\/AUTO - Indicateur d'\u00e9tat LED Supporte une tension d'entr\u00e9e de 220-240V et une fr\u00e9quence de fonctionnement de 50-60 Hz.  Gr\u00e2ce \u00e0 son indice de protection IP20, il est id\u00e9al pour une installation \u00e0 l'int\u00e9rieur (protection contre les particules solides de plus de 12 mm et n'est pas \u00e9tanche).  Il b\u00e9n\u00e9ficie d'une garantie de 3 ans. Il poss\u00e8de \u00e9galement le certificat CE, qui atteste qu'il est conforme aux exigences de l'UE en mati\u00e8re de compatibilit\u00e9 \u00e9lectromagn\u00e9tique et de basse tension. Ce certificat d\u00e9clare la conformit\u00e9 du produit \u00e0 toutes les exigences l\u00e9gales et garantit la validit\u00e9 de la vente du produit dans l'Espace \u00e9conomique europ\u00e9en.<\/p>","protected":false},"excerpt":{"rendered":"<p>Interruptor diferencial monof\u00e1sico con rearme autom\u00e1tico. En modo AUTO, este dispositivo permite reconectar la tensi\u00f3n de forma autom\u00e1tica tras el disparo del mismo. Tiene 3 rearmes predefinidos en 10, 60 y 300 segundos respectivamente. Si el interruptor se dispara una cuarta vez en menos de 15 minutos, quedar\u00e1 bloqueado hasta que se vuelva a armar &hellip; <a href=\"https:\/\/ledsolintel.com\/fr\/produit-2\/interrupteur-differentiel-rearmable-2p-300ma-6ka\/\" class=\"more-link\">Continue reading <span class=\"screen-reader-text\">Disjoncteur diff\u00e9rentiel r\u00e9armable 2P 300mA 6kA<\/span><\/a><\/p>","protected":false},"featured_media":263977,"template":"","meta":[],"product_brand":[101370],"product_cat":[101371,99617,15],"product_tag":[],"class_list":{"0":"post-269121","1":"product","2":"type-product","3":"status-publish","4":"has-post-thumbnail","6":"product_brand-masterled","7":"product_cat-masterled","8":"product_cat-material-electrico","9":"product_cat-uncategorized","10":"pa_intensidad-40a","13":"instock","14":"taxable","15":"shipping-taxable","16":"purchasable","17":"product-type-simple"},"yoast_head":"<!-- This site is optimized with the Yoast SEO plugin v27.4 - https:\/\/yoast.com\/product\/yoast-seo-wordpress\/ -->\n<title>Interruptor diferencial rearmable 2P 300mA 6kA - Ledsolintel<\/title>\n<meta name=\"robots\" content=\"index, follow, max-snippet:-1, max-image-preview:large, max-video-preview:-1\" \/>\n<link rel=\"canonical\" href=\"https:\/\/ledsolintel.com\/fr\/produit-2\/interrupteur-differentiel-rearmable-2p-300ma-6ka\/\" \/>\n<meta property=\"og:locale\" content=\"fr_FR\" \/>\n<meta property=\"og:type\" content=\"article\" \/>\n<meta property=\"og:title\" content=\"Interruptor diferencial rearmable 2P 300mA 6kA - Ledsolintel\" \/>\n<meta property=\"og:description\" content=\"Interruptor diferencial monof\u00e1sico con rearme autom\u00e1tico. En modo AUTO, este dispositivo permite reconectar la tensi\u00f3n de forma autom\u00e1tica tras el disparo del mismo. Tiene 3 rearmes predefinidos en 10, 60 y 300 segundos respectivamente. Si el interruptor se dispara una cuarta vez en menos de 15 minutos, quedar\u00e1 bloqueado hasta que se vuelva a armar &hellip; Continue reading Interruptor diferencial rearmable 2P 300mA 6kA\" \/>\n<meta property=\"og:url\" content=\"https:\/\/ledsolintel.com\/fr\/produit-2\/interrupteur-differentiel-rearmable-2p-300ma-6ka\/\" \/>\n<meta property=\"og:site_name\" content=\"Ledsolintel\" \/>\n<meta property=\"article:publisher\" content=\"http:\/\/www.facebook.com\/webmenaje\" \/>\n<meta property=\"article:modified_time\" content=\"2026-04-07T08:18:53+00:00\" \/>\n<meta property=\"og:image\" content=\"https:\/\/ledsolintel.com\/wp-content\/uploads\/2025\/11\/interruptor-diferencial-rearmable-2p-300ma-6ka.jpg\" \/>\n\t<meta property=\"og:image:width\" content=\"1500\" \/>\n\t<meta property=\"og:image:height\" content=\"1500\" \/>\n\t<meta property=\"og:image:type\" content=\"image\/jpeg\" \/>\n<meta name=\"twitter:card\" content=\"summary_large_image\" \/>\n<meta name=\"twitter:site\" content=\"@webmenaje\" \/>\n<meta name=\"twitter:label1\" content=\"Dur\u00e9e de lecture estim\u00e9e\" \/>\n\t<meta name=\"twitter:data1\" content=\"1 minute\" \/>\n<script type=\"application\/ld+json\" class=\"yoast-schema-graph\">{\"@context\":\"https:\\\/\\\/schema.org\",\"@graph\":[{\"@type\":\"WebPage\",\"@id\":\"https:\\\/\\\/ledsolintel.com\\\/product\\\/interruptor-diferencial-rearmable-2p-300ma-6ka\\\/\",\"url\":\"https:\\\/\\\/ledsolintel.com\\\/product\\\/interruptor-diferencial-rearmable-2p-300ma-6ka\\\/\",\"name\":\"Interruptor diferencial rearmable 2P 300mA 6kA - Ledsolintel\",\"isPartOf\":{\"@id\":\"https:\\\/\\\/ledsolintel.com\\\/#website\"},\"primaryImageOfPage\":{\"@id\":\"https:\\\/\\\/ledsolintel.com\\\/product\\\/interruptor-diferencial-rearmable-2p-300ma-6ka\\\/#primaryimage\"},\"image\":{\"@id\":\"https:\\\/\\\/ledsolintel.com\\\/product\\\/interruptor-diferencial-rearmable-2p-300ma-6ka\\\/#primaryimage\"},\"thumbnailUrl\":\"https:\\\/\\\/ledsolintel.com\\\/wp-content\\\/uploads\\\/2025\\\/11\\\/interruptor-diferencial-rearmable-2p-300ma-6ka.jpg\",\"datePublished\":\"2025-11-11T16:09:46+00:00\",\"dateModified\":\"2026-04-07T08:18:53+00:00\",\"breadcrumb\":{\"@id\":\"https:\\\/\\\/ledsolintel.com\\\/product\\\/interruptor-diferencial-rearmable-2p-300ma-6ka\\\/#breadcrumb\"},\"inLanguage\":\"fr-FR\",\"potentialAction\":[{\"@type\":\"ReadAction\",\"target\":[\"https:\\\/\\\/ledsolintel.com\\\/product\\\/interruptor-diferencial-rearmable-2p-300ma-6ka\\\/\"]}]},{\"@type\":\"ImageObject\",\"inLanguage\":\"fr-FR\",\"@id\":\"https:\\\/\\\/ledsolintel.com\\\/product\\\/interruptor-diferencial-rearmable-2p-300ma-6ka\\\/#primaryimage\",\"url\":\"https:\\\/\\\/ledsolintel.com\\\/wp-content\\\/uploads\\\/2025\\\/11\\\/interruptor-diferencial-rearmable-2p-300ma-6ka.jpg\",\"contentUrl\":\"https:\\\/\\\/ledsolintel.com\\\/wp-content\\\/uploads\\\/2025\\\/11\\\/interruptor-diferencial-rearmable-2p-300ma-6ka.jpg\",\"width\":1500,\"height\":1500},{\"@type\":\"BreadcrumbList\",\"@id\":\"https:\\\/\\\/ledsolintel.com\\\/product\\\/interruptor-diferencial-rearmable-2p-300ma-6ka\\\/#breadcrumb\",\"itemListElement\":[{\"@type\":\"ListItem\",\"position\":1,\"name\":\"Portada\",\"item\":\"https:\\\/\\\/ledsolintel.com\\\/fr\\\/\"},{\"@type\":\"ListItem\",\"position\":2,\"name\":\"Tienda\",\"item\":\"https:\\\/\\\/ledsolintel.com\\\/tienda\\\/\"},{\"@type\":\"ListItem\",\"position\":3,\"name\":\"Interruptor diferencial rearmable 2P 300mA 6kA\"}]},{\"@type\":\"WebSite\",\"@id\":\"https:\\\/\\\/ledsolintel.com\\\/#website\",\"url\":\"https:\\\/\\\/ledsolintel.com\\\/\",\"name\":\"Webmenaje\",\"description\":\"Tienda de bombillas y l\u00e1mparas LED para profesionales\",\"publisher\":{\"@id\":\"https:\\\/\\\/ledsolintel.com\\\/#organization\"},\"potentialAction\":[{\"@type\":\"SearchAction\",\"target\":{\"@type\":\"EntryPoint\",\"urlTemplate\":\"https:\\\/\\\/ledsolintel.com\\\/?s={search_term_string}\"},\"query-input\":{\"@type\":\"PropertyValueSpecification\",\"valueRequired\":true,\"valueName\":\"search_term_string\"}}],\"inLanguage\":\"fr-FR\"},{\"@type\":\"Organization\",\"@id\":\"https:\\\/\\\/ledsolintel.com\\\/#organization\",\"name\":\"Solintel Noroeste, S.L.\",\"url\":\"https:\\\/\\\/ledsolintel.com\\\/\",\"logo\":{\"@type\":\"ImageObject\",\"inLanguage\":\"fr-FR\",\"@id\":\"https:\\\/\\\/ledsolintel.com\\\/#\\\/schema\\\/logo\\\/image\\\/\",\"url\":\"https:\\\/\\\/ledsolintel.com\\\/wp-content\\\/uploads\\\/2024\\\/11\\\/webmenaje-logo-1508269066.jpg\",\"contentUrl\":\"https:\\\/\\\/ledsolintel.com\\\/wp-content\\\/uploads\\\/2024\\\/11\\\/webmenaje-logo-1508269066.jpg\",\"width\":370,\"height\":90,\"caption\":\"Solintel Noroeste, S.L.\"},\"image\":{\"@id\":\"https:\\\/\\\/ledsolintel.com\\\/#\\\/schema\\\/logo\\\/image\\\/\"},\"sameAs\":[\"http:\\\/\\\/www.facebook.com\\\/webmenaje\",\"https:\\\/\\\/x.com\\\/webmenaje\",\"https:\\\/\\\/www.youtube.com\\\/channel\\\/UCX2KoVoeCG4LocZjUc6LmSQ\",\"http:\\\/\\\/www.pinterest.com\\\/webmenaje\"]}]}<\/script>\n<!-- \/ Yoast SEO plugin. -->","yoast_head_json":{"title":"Disjoncteur diff\u00e9rentiel r\u00e9armable 2P 300mA 6kA - Ledsolintel","robots":{"index":"index","follow":"follow","max-snippet":"max-snippet:-1","max-image-preview":"max-image-preview:large","max-video-preview":"max-video-preview:-1"},"canonical":"https:\/\/ledsolintel.com\/fr\/produit-2\/interrupteur-differentiel-rearmable-2p-300ma-6ka\/","og_locale":"fr_FR","og_type":"article","og_title":"Interruptor diferencial rearmable 2P 300mA 6kA - Ledsolintel","og_description":"Interruptor diferencial monof\u00e1sico con rearme autom\u00e1tico. En modo AUTO, este dispositivo permite reconectar la tensi\u00f3n de forma autom\u00e1tica tras el disparo del mismo. Tiene 3 rearmes predefinidos en 10, 60 y 300 segundos respectivamente. Si el interruptor se dispara una cuarta vez en menos de 15 minutos, quedar\u00e1 bloqueado hasta que se vuelva a armar &hellip; Continue reading Interruptor diferencial rearmable 2P 300mA 6kA","og_url":"https:\/\/ledsolintel.com\/fr\/produit-2\/interrupteur-differentiel-rearmable-2p-300ma-6ka\/","og_site_name":"Ledsolintel","article_publisher":"http:\/\/www.facebook.com\/webmenaje","article_modified_time":"2026-04-07T08:18:53+00:00","og_image":[{"width":1500,"height":1500,"url":"https:\/\/ledsolintel.com\/wp-content\/uploads\/2025\/11\/interruptor-diferencial-rearmable-2p-300ma-6ka.jpg","type":"image\/jpeg"}],"twitter_card":"summary_large_image","twitter_site":"@webmenaje","twitter_misc":{"Dur\u00e9e de lecture estim\u00e9e":"1 minute"},"schema":{"@context":"https:\/\/schema.org","@graph":[{"@type":"WebPage","@id":"https:\/\/ledsolintel.com\/product\/interruptor-diferencial-rearmable-2p-300ma-6ka\/","url":"https:\/\/ledsolintel.com\/product\/interruptor-diferencial-rearmable-2p-300ma-6ka\/","name":"Disjoncteur diff\u00e9rentiel r\u00e9armable 2P 300mA 6kA - Ledsolintel","isPartOf":{"@id":"https:\/\/ledsolintel.com\/#website"},"primaryImageOfPage":{"@id":"https:\/\/ledsolintel.com\/product\/interruptor-diferencial-rearmable-2p-300ma-6ka\/#primaryimage"},"image":{"@id":"https:\/\/ledsolintel.com\/product\/interruptor-diferencial-rearmable-2p-300ma-6ka\/#primaryimage"},"thumbnailUrl":"https:\/\/ledsolintel.com\/wp-content\/uploads\/2025\/11\/interruptor-diferencial-rearmable-2p-300ma-6ka.jpg","datePublished":"2025-11-11T16:09:46+00:00","dateModified":"2026-04-07T08:18:53+00:00","breadcrumb":{"@id":"https:\/\/ledsolintel.com\/product\/interruptor-diferencial-rearmable-2p-300ma-6ka\/#breadcrumb"},"inLanguage":"fr-FR","potentialAction":[{"@type":"ReadAction","target":["https:\/\/ledsolintel.com\/product\/interruptor-diferencial-rearmable-2p-300ma-6ka\/"]}]},{"@type":"ImageObject","inLanguage":"fr-FR","@id":"https:\/\/ledsolintel.com\/product\/interruptor-diferencial-rearmable-2p-300ma-6ka\/#primaryimage","url":"https:\/\/ledsolintel.com\/wp-content\/uploads\/2025\/11\/interruptor-diferencial-rearmable-2p-300ma-6ka.jpg","contentUrl":"https:\/\/ledsolintel.com\/wp-content\/uploads\/2025\/11\/interruptor-diferencial-rearmable-2p-300ma-6ka.jpg","width":1500,"height":1500},{"@type":"BreadcrumbList","@id":"https:\/\/ledsolintel.com\/product\/interruptor-diferencial-rearmable-2p-300ma-6ka\/#breadcrumb","itemListElement":[{"@type":"ListItem","position":1,"name":"Portada","item":"https:\/\/ledsolintel.com\/fr\/"},{"@type":"ListItem","position":2,"name":"Tienda","item":"https:\/\/ledsolintel.com\/tienda\/"},{"@type":"ListItem","position":3,"name":"Interruptor diferencial rearmable 2P 300mA 6kA"}]},{"@type":"WebSite","@id":"https:\/\/ledsolintel.com\/#website","url":"https:\/\/ledsolintel.com\/","name":"Webmenaje","description":"Magasin d'ampoules et de lampes LED pour les professionnels","publisher":{"@id":"https:\/\/ledsolintel.com\/#organization"},"potentialAction":[{"@type":"SearchAction","target":{"@type":"EntryPoint","urlTemplate":"https:\/\/ledsolintel.com\/?s={search_term_string}"},"query-input":{"@type":"PropertyValueSpecification","valueRequired":true,"valueName":"search_term_string"}}],"inLanguage":"fr-FR"},{"@type":"Organization","@id":"https:\/\/ledsolintel.com\/#organization","name":"Solintel Noroeste, S.L.","url":"https:\/\/ledsolintel.com\/","logo":{"@type":"ImageObject","inLanguage":"fr-FR","@id":"https:\/\/ledsolintel.com\/#\/schema\/logo\/image\/","url":"https:\/\/ledsolintel.com\/wp-content\/uploads\/2024\/11\/webmenaje-logo-1508269066.jpg","contentUrl":"https:\/\/ledsolintel.com\/wp-content\/uploads\/2024\/11\/webmenaje-logo-1508269066.jpg","width":370,"height":90,"caption":"Solintel Noroeste, S.L."},"image":{"@id":"https:\/\/ledsolintel.com\/#\/schema\/logo\/image\/"},"sameAs":["http:\/\/www.facebook.com\/webmenaje","https:\/\/x.com\/webmenaje","https:\/\/www.youtube.com\/channel\/UCX2KoVoeCG4LocZjUc6LmSQ","http:\/\/www.pinterest.com\/webmenaje"]}]}},"_links":{"self":[{"href":"https:\/\/ledsolintel.com\/fr\/wp-json\/wp\/v2\/product\/269121","targetHints":{"allow":["GET"]}}],"collection":[{"href":"https:\/\/ledsolintel.com\/fr\/wp-json\/wp\/v2\/product"}],"about":[{"href":"https:\/\/ledsolintel.com\/fr\/wp-json\/wp\/v2\/types\/product"}],"version-history":[{"count":1,"href":"https:\/\/ledsolintel.com\/fr\/wp-json\/wp\/v2\/product\/269121\/revisions"}],"predecessor-version":[{"id":269122,"href":"https:\/\/ledsolintel.com\/fr\/wp-json\/wp\/v2\/product\/269121\/revisions\/269122"}],"wp:featuredmedia":[{"embeddable":true,"href":"https:\/\/ledsolintel.com\/fr\/wp-json\/wp\/v2\/media\/263977"}],"wp:attachment":[{"href":"https:\/\/ledsolintel.com\/fr\/wp-json\/wp\/v2\/media?parent=269121"}],"wp:term":[{"taxonomy":"product_brand","embeddable":true,"href":"https:\/\/ledsolintel.com\/fr\/wp-json\/wp\/v2\/product_brand?post=269121"},{"taxonomy":"product_cat","embeddable":true,"href":"https:\/\/ledsolintel.com\/fr\/wp-json\/wp\/v2\/product_cat?post=269121"},{"taxonomy":"product_tag","embeddable":true,"href":"https:\/\/ledsolintel.com\/fr\/wp-json\/wp\/v2\/product_tag?post=269121"}],"curies":[{"name":"wp","href":"https:\/\/api.w.org\/{rel}","templated":true}]}}