{"id":269108,"date":"2025-11-11T17:09:36","date_gmt":"2025-11-11T16:09:36","guid":{"rendered":"https:\/\/nueva.ledsolintel.com\/product\/receptor-rf-dos-canales-para-interruptor-autoalimentado\/"},"modified":"2026-01-30T15:54:07","modified_gmt":"2026-01-30T14:54:07","slug":"receptor-rf-dos-canales-para-interruptor-autoalimentado","status":"publish","type":"product","link":"https:\/\/ledsolintel.com\/fr\/produit-2\/receptor-rf-dos-canales-para-interruptor-autoalimentado\/","title":{"rendered":"R\u00e9cepteur RF \u00e0 deux canaux pour interrupteur auto-aliment\u00e9"},"content":{"rendered":"<p>Receptor de dos canales, compatible con nuestros interruptores inal\u00e1mbricos autoalimentados. Puede controlar cargas de hasta 1000W de potencia. Su antena permite recibir la se\u00f1al a 433MHz emitida por los interruptores inal\u00e1mbricos para encender\/apagar las luminarias. El rango de alcance es de 80m en espacios abiertos y 30m en interiores.  Para funcionar, el receptor se debe emparejar a un interruptor inal\u00e1mbrico. El interruptor se debe adquirir por separado. El receptor se puede fijar en superficie con bandas de adhesivo 3M o mediante tornillos (ambos accesorios se incluyen en la caja del producto).  Est\u00e1 dise\u00f1ado en ABS con las medidas 76 x 44 x 31 mm.  Permite un voltaje de entrada de 100\/240V y una frecuencia de servicio de 50\/60 Hz.  Debido a su grado de protecci\u00f3n IP20 es ideal para instalar en zonas interiores (protecci\u00f3n contra part\u00edculas s\u00f3lidas de tama\u00f1o superior a 12mm y no es resistente al agua).  Dispone de una garant\u00eda de 3 a\u00f1os. Cuenta tambi\u00e9n con el certificado CE, que acredita que se cumple con los requisitos de la UE respecto a compatibilidad electromagn\u00e9tica y normativa de baja tensi\u00f3n. Con este certificado se declara la conformidad de dicho producto con todos los requisitos legales exigidos, y asegura la validez del producto para ser vendido en todo el Espacio Econ\u00f3mico Europeo.  El interruptor se debe adquirir por separado.<\/p>","protected":false},"excerpt":{"rendered":"<p>Receptor de dos canales, compatible con nuestros interruptores inal\u00e1mbricos autoalimentados. Puede controlar cargas de hasta 1000W de potencia. Su antena permite recibir la se\u00f1al a 433MHz emitida por los interruptores inal\u00e1mbricos para encender\/apagar las luminarias. El rango de alcance es de 80m en espacios abiertos y 30m en interiores. Para funcionar, el receptor se debe &hellip; <a href=\"https:\/\/ledsolintel.com\/fr\/produit-2\/receptor-rf-dos-canales-para-interruptor-autoalimentado\/\" class=\"more-link\">Continue reading <span class=\"screen-reader-text\">R\u00e9cepteur RF \u00e0 deux canaux pour interrupteur auto-aliment\u00e9<\/span><\/a><\/p>","protected":false},"featured_media":263950,"template":"","meta":[],"product_brand":[101370],"product_cat":[101371,99617,15],"product_tag":[],"class_list":{"0":"post-269108","1":"product","2":"type-product","3":"status-publish","4":"has-post-thumbnail","6":"product_brand-masterled","7":"product_cat-masterled","8":"product_cat-material-electrico","9":"product_cat-uncategorized","10":"pa_color-blanco","13":"instock","14":"purchasable","15":"product-type-simple"},"yoast_head":"<!-- This site is optimized with the Yoast SEO plugin v26.6 - https:\/\/yoast.com\/wordpress\/plugins\/seo\/ -->\n<title>Receptor RF dos canales para interruptor autoalimentado - Ledsolintel<\/title>\n<meta name=\"robots\" content=\"index, follow, max-snippet:-1, max-image-preview:large, max-video-preview:-1\" \/>\n<link rel=\"canonical\" href=\"https:\/\/ledsolintel.com\/fr\/produit-2\/receptor-rf-dos-canales-para-interruptor-autoalimentado\/\" \/>\n<meta property=\"og:locale\" content=\"fr_FR\" \/>\n<meta property=\"og:type\" content=\"article\" \/>\n<meta property=\"og:title\" content=\"Receptor RF dos canales para interruptor autoalimentado - Ledsolintel\" \/>\n<meta property=\"og:description\" content=\"Receptor de dos canales, compatible con nuestros interruptores inal\u00e1mbricos autoalimentados. Puede controlar cargas de hasta 1000W de potencia. Su antena permite recibir la se\u00f1al a 433MHz emitida por los interruptores inal\u00e1mbricos para encender\/apagar las luminarias. El rango de alcance es de 80m en espacios abiertos y 30m en interiores. Para funcionar, el receptor se debe &hellip; Continue reading Receptor RF dos canales para interruptor autoalimentado\" \/>\n<meta property=\"og:url\" content=\"https:\/\/ledsolintel.com\/fr\/produit-2\/receptor-rf-dos-canales-para-interruptor-autoalimentado\/\" \/>\n<meta property=\"og:site_name\" content=\"Ledsolintel\" \/>\n<meta property=\"article:publisher\" content=\"http:\/\/www.facebook.com\/webmenaje\" \/>\n<meta property=\"article:modified_time\" content=\"2026-01-30T14:54:07+00:00\" \/>\n<meta property=\"og:image\" content=\"https:\/\/ledsolintel.com\/wp-content\/uploads\/2025\/11\/receptor-rf-dos-canales-para-interruptor-autoalimentado.jpg\" \/>\n\t<meta property=\"og:image:width\" content=\"877\" \/>\n\t<meta property=\"og:image:height\" content=\"671\" \/>\n\t<meta property=\"og:image:type\" content=\"image\/jpeg\" \/>\n<meta name=\"twitter:card\" content=\"summary_large_image\" \/>\n<meta name=\"twitter:site\" content=\"@webmenaje\" \/>\n<meta name=\"twitter:label1\" content=\"Dur\u00e9e de lecture estim\u00e9e\" \/>\n\t<meta name=\"twitter:data1\" content=\"1 minute\" \/>\n<script type=\"application\/ld+json\" class=\"yoast-schema-graph\">{\"@context\":\"https:\/\/schema.org\",\"@graph\":[{\"@type\":\"WebPage\",\"@id\":\"https:\/\/ledsolintel.com\/product\/receptor-rf-dos-canales-para-interruptor-autoalimentado\/\",\"url\":\"https:\/\/ledsolintel.com\/product\/receptor-rf-dos-canales-para-interruptor-autoalimentado\/\",\"name\":\"Receptor RF dos canales para interruptor autoalimentado - Ledsolintel\",\"isPartOf\":{\"@id\":\"https:\/\/ledsolintel.com\/#website\"},\"primaryImageOfPage\":{\"@id\":\"https:\/\/ledsolintel.com\/product\/receptor-rf-dos-canales-para-interruptor-autoalimentado\/#primaryimage\"},\"image\":{\"@id\":\"https:\/\/ledsolintel.com\/product\/receptor-rf-dos-canales-para-interruptor-autoalimentado\/#primaryimage\"},\"thumbnailUrl\":\"https:\/\/ledsolintel.com\/wp-content\/uploads\/2025\/11\/receptor-rf-dos-canales-para-interruptor-autoalimentado.jpg\",\"datePublished\":\"2025-11-11T16:09:36+00:00\",\"dateModified\":\"2026-01-30T14:54:07+00:00\",\"breadcrumb\":{\"@id\":\"https:\/\/ledsolintel.com\/product\/receptor-rf-dos-canales-para-interruptor-autoalimentado\/#breadcrumb\"},\"inLanguage\":\"fr-FR\",\"potentialAction\":[{\"@type\":\"ReadAction\",\"target\":[\"https:\/\/ledsolintel.com\/product\/receptor-rf-dos-canales-para-interruptor-autoalimentado\/\"]}]},{\"@type\":\"ImageObject\",\"inLanguage\":\"fr-FR\",\"@id\":\"https:\/\/ledsolintel.com\/product\/receptor-rf-dos-canales-para-interruptor-autoalimentado\/#primaryimage\",\"url\":\"https:\/\/ledsolintel.com\/wp-content\/uploads\/2025\/11\/receptor-rf-dos-canales-para-interruptor-autoalimentado.jpg\",\"contentUrl\":\"https:\/\/ledsolintel.com\/wp-content\/uploads\/2025\/11\/receptor-rf-dos-canales-para-interruptor-autoalimentado.jpg\",\"width\":877,\"height\":671},{\"@type\":\"BreadcrumbList\",\"@id\":\"https:\/\/ledsolintel.com\/product\/receptor-rf-dos-canales-para-interruptor-autoalimentado\/#breadcrumb\",\"itemListElement\":[{\"@type\":\"ListItem\",\"position\":1,\"name\":\"Portada\",\"item\":\"https:\/\/ledsolintel.com\/fr\/\"},{\"@type\":\"ListItem\",\"position\":2,\"name\":\"Tienda\",\"item\":\"https:\/\/ledsolintel.com\/tienda\/\"},{\"@type\":\"ListItem\",\"position\":3,\"name\":\"Receptor RF dos canales para interruptor autoalimentado\"}]},{\"@type\":\"WebSite\",\"@id\":\"https:\/\/ledsolintel.com\/#website\",\"url\":\"https:\/\/ledsolintel.com\/\",\"name\":\"Webmenaje\",\"description\":\"Tienda de bombillas y l\u00e1mparas LED para profesionales\",\"publisher\":{\"@id\":\"https:\/\/ledsolintel.com\/#organization\"},\"potentialAction\":[{\"@type\":\"SearchAction\",\"target\":{\"@type\":\"EntryPoint\",\"urlTemplate\":\"https:\/\/ledsolintel.com\/?s={search_term_string}\"},\"query-input\":{\"@type\":\"PropertyValueSpecification\",\"valueRequired\":true,\"valueName\":\"search_term_string\"}}],\"inLanguage\":\"fr-FR\"},{\"@type\":\"Organization\",\"@id\":\"https:\/\/ledsolintel.com\/#organization\",\"name\":\"Solintel Noroeste, S.L.\",\"url\":\"https:\/\/ledsolintel.com\/\",\"logo\":{\"@type\":\"ImageObject\",\"inLanguage\":\"fr-FR\",\"@id\":\"https:\/\/ledsolintel.com\/#\/schema\/logo\/image\/\",\"url\":\"https:\/\/ledsolintel.com\/wp-content\/uploads\/2024\/11\/webmenaje-logo-1508269066.jpg\",\"contentUrl\":\"https:\/\/ledsolintel.com\/wp-content\/uploads\/2024\/11\/webmenaje-logo-1508269066.jpg\",\"width\":370,\"height\":90,\"caption\":\"Solintel Noroeste, S.L.\"},\"image\":{\"@id\":\"https:\/\/ledsolintel.com\/#\/schema\/logo\/image\/\"},\"sameAs\":[\"http:\/\/www.facebook.com\/webmenaje\",\"https:\/\/x.com\/webmenaje\",\"https:\/\/www.youtube.com\/channel\/UCX2KoVoeCG4LocZjUc6LmSQ\",\"http:\/\/www.pinterest.com\/webmenaje\"]}]}<\/script>\n<!-- \/ Yoast SEO plugin. -->","yoast_head_json":{"title":"Receptor RF dos canales para interruptor autoalimentado - Ledsolintel","robots":{"index":"index","follow":"follow","max-snippet":"max-snippet:-1","max-image-preview":"max-image-preview:large","max-video-preview":"max-video-preview:-1"},"canonical":"https:\/\/ledsolintel.com\/fr\/produit-2\/receptor-rf-dos-canales-para-interruptor-autoalimentado\/","og_locale":"fr_FR","og_type":"article","og_title":"Receptor RF dos canales para interruptor autoalimentado - Ledsolintel","og_description":"Receptor de dos canales, compatible con nuestros interruptores inal\u00e1mbricos autoalimentados. Puede controlar cargas de hasta 1000W de potencia. Su antena permite recibir la se\u00f1al a 433MHz emitida por los interruptores inal\u00e1mbricos para encender\/apagar las luminarias. El rango de alcance es de 80m en espacios abiertos y 30m en interiores. Para funcionar, el receptor se debe &hellip; Continue reading Receptor RF dos canales para interruptor autoalimentado","og_url":"https:\/\/ledsolintel.com\/fr\/produit-2\/receptor-rf-dos-canales-para-interruptor-autoalimentado\/","og_site_name":"Ledsolintel","article_publisher":"http:\/\/www.facebook.com\/webmenaje","article_modified_time":"2026-01-30T14:54:07+00:00","og_image":[{"width":877,"height":671,"url":"https:\/\/ledsolintel.com\/wp-content\/uploads\/2025\/11\/receptor-rf-dos-canales-para-interruptor-autoalimentado.jpg","type":"image\/jpeg"}],"twitter_card":"summary_large_image","twitter_site":"@webmenaje","twitter_misc":{"Dur\u00e9e de lecture estim\u00e9e":"1 minute"},"schema":{"@context":"https:\/\/schema.org","@graph":[{"@type":"WebPage","@id":"https:\/\/ledsolintel.com\/product\/receptor-rf-dos-canales-para-interruptor-autoalimentado\/","url":"https:\/\/ledsolintel.com\/product\/receptor-rf-dos-canales-para-interruptor-autoalimentado\/","name":"Receptor RF dos canales para interruptor autoalimentado - Ledsolintel","isPartOf":{"@id":"https:\/\/ledsolintel.com\/#website"},"primaryImageOfPage":{"@id":"https:\/\/ledsolintel.com\/product\/receptor-rf-dos-canales-para-interruptor-autoalimentado\/#primaryimage"},"image":{"@id":"https:\/\/ledsolintel.com\/product\/receptor-rf-dos-canales-para-interruptor-autoalimentado\/#primaryimage"},"thumbnailUrl":"https:\/\/ledsolintel.com\/wp-content\/uploads\/2025\/11\/receptor-rf-dos-canales-para-interruptor-autoalimentado.jpg","datePublished":"2025-11-11T16:09:36+00:00","dateModified":"2026-01-30T14:54:07+00:00","breadcrumb":{"@id":"https:\/\/ledsolintel.com\/product\/receptor-rf-dos-canales-para-interruptor-autoalimentado\/#breadcrumb"},"inLanguage":"fr-FR","potentialAction":[{"@type":"ReadAction","target":["https:\/\/ledsolintel.com\/product\/receptor-rf-dos-canales-para-interruptor-autoalimentado\/"]}]},{"@type":"ImageObject","inLanguage":"fr-FR","@id":"https:\/\/ledsolintel.com\/product\/receptor-rf-dos-canales-para-interruptor-autoalimentado\/#primaryimage","url":"https:\/\/ledsolintel.com\/wp-content\/uploads\/2025\/11\/receptor-rf-dos-canales-para-interruptor-autoalimentado.jpg","contentUrl":"https:\/\/ledsolintel.com\/wp-content\/uploads\/2025\/11\/receptor-rf-dos-canales-para-interruptor-autoalimentado.jpg","width":877,"height":671},{"@type":"BreadcrumbList","@id":"https:\/\/ledsolintel.com\/product\/receptor-rf-dos-canales-para-interruptor-autoalimentado\/#breadcrumb","itemListElement":[{"@type":"ListItem","position":1,"name":"Portada","item":"https:\/\/ledsolintel.com\/fr\/"},{"@type":"ListItem","position":2,"name":"Tienda","item":"https:\/\/ledsolintel.com\/tienda\/"},{"@type":"ListItem","position":3,"name":"Receptor RF dos canales para interruptor autoalimentado"}]},{"@type":"WebSite","@id":"https:\/\/ledsolintel.com\/#website","url":"https:\/\/ledsolintel.com\/","name":"Webmenaje","description":"Magasin d'ampoules et de lampes LED pour les professionnels","publisher":{"@id":"https:\/\/ledsolintel.com\/#organization"},"potentialAction":[{"@type":"SearchAction","target":{"@type":"EntryPoint","urlTemplate":"https:\/\/ledsolintel.com\/?s={search_term_string}"},"query-input":{"@type":"PropertyValueSpecification","valueRequired":true,"valueName":"search_term_string"}}],"inLanguage":"fr-FR"},{"@type":"Organization","@id":"https:\/\/ledsolintel.com\/#organization","name":"Solintel Noroeste, S.L.","url":"https:\/\/ledsolintel.com\/","logo":{"@type":"ImageObject","inLanguage":"fr-FR","@id":"https:\/\/ledsolintel.com\/#\/schema\/logo\/image\/","url":"https:\/\/ledsolintel.com\/wp-content\/uploads\/2024\/11\/webmenaje-logo-1508269066.jpg","contentUrl":"https:\/\/ledsolintel.com\/wp-content\/uploads\/2024\/11\/webmenaje-logo-1508269066.jpg","width":370,"height":90,"caption":"Solintel Noroeste, S.L."},"image":{"@id":"https:\/\/ledsolintel.com\/#\/schema\/logo\/image\/"},"sameAs":["http:\/\/www.facebook.com\/webmenaje","https:\/\/x.com\/webmenaje","https:\/\/www.youtube.com\/channel\/UCX2KoVoeCG4LocZjUc6LmSQ","http:\/\/www.pinterest.com\/webmenaje"]}]}},"_links":{"self":[{"href":"https:\/\/ledsolintel.com\/fr\/wp-json\/wp\/v2\/product\/269108","targetHints":{"allow":["GET"]}}],"collection":[{"href":"https:\/\/ledsolintel.com\/fr\/wp-json\/wp\/v2\/product"}],"about":[{"href":"https:\/\/ledsolintel.com\/fr\/wp-json\/wp\/v2\/types\/product"}],"version-history":[{"count":1,"href":"https:\/\/ledsolintel.com\/fr\/wp-json\/wp\/v2\/product\/269108\/revisions"}],"predecessor-version":[{"id":269109,"href":"https:\/\/ledsolintel.com\/fr\/wp-json\/wp\/v2\/product\/269108\/revisions\/269109"}],"wp:featuredmedia":[{"embeddable":true,"href":"https:\/\/ledsolintel.com\/fr\/wp-json\/wp\/v2\/media\/263950"}],"wp:attachment":[{"href":"https:\/\/ledsolintel.com\/fr\/wp-json\/wp\/v2\/media?parent=269108"}],"wp:term":[{"taxonomy":"product_brand","embeddable":true,"href":"https:\/\/ledsolintel.com\/fr\/wp-json\/wp\/v2\/product_brand?post=269108"},{"taxonomy":"product_cat","embeddable":true,"href":"https:\/\/ledsolintel.com\/fr\/wp-json\/wp\/v2\/product_cat?post=269108"},{"taxonomy":"product_tag","embeddable":true,"href":"https:\/\/ledsolintel.com\/fr\/wp-json\/wp\/v2\/product_tag?post=269108"}],"curies":[{"name":"wp","href":"https:\/\/api.w.org\/{rel}","templated":true}]}}