{"id":269105,"date":"2025-11-11T17:09:33","date_gmt":"2025-11-11T16:09:33","guid":{"rendered":"https:\/\/nueva.ledsolintel.com\/product\/interruptor-doble-inalambrico-autoalimentado\/"},"modified":"2026-04-07T10:18:53","modified_gmt":"2026-04-07T08:18:53","slug":"double-interrupteur-sans-fil-auto-alimente","status":"publish","type":"product","link":"https:\/\/ledsolintel.com\/fr\/produit-2\/double-interrupteur-sans-fil-auto-alimente\/","title":{"rendered":"Double interrupteur sans fil auto-aliment\u00e9"},"content":{"rendered":"<p>Interrupteur sans fil \u00e0 deux touches, auto-aliment\u00e9, avec une finition blanche, il fonctionne sans c\u00e2blage ni piles, ce qui en fait une option \u00e9cologique et sans souci. Son installation est tr\u00e8s rapide et simple, car il ne n\u00e9cessite pas de c\u00e2blage ni de travaux de construction. Il est dot\u00e9 d'un m\u00e9canisme pi\u00e9zo\u00e9lectrique qui, lorsqu'il est actionn\u00e9, \u00e9met un signal de radiofr\u00e9quence vers le r\u00e9cepteur, ce qui permet d'allumer ou d'\u00e9teindre les luminaires. La port\u00e9e est de 80 m dans les espaces ouverts et de 30 m \u00e0 l'int\u00e9rieur. Pour fonctionner, l'interrupteur doit \u00eatre coupl\u00e9 \u00e0 un r\u00e9cepteur RF (le r\u00e9cepteur doit \u00eatre achet\u00e9 s\u00e9par\u00e9ment). L'installation est simple et peut s'adapter \u00e0 n'importe quelle surface sans n\u00e9cessiter de travaux. L'interrupteur peut \u00eatre fix\u00e9 \u00e0 la surface \u00e0 l'aide de bandes adh\u00e9sives 3M ou de vis (les deux accessoires sont inclus dans la bo\u00eete du produit). Cet interrupteur fonctionne gr\u00e2ce \u00e0 un syst\u00e8me auto-aliment\u00e9 qui g\u00e9n\u00e8re l'\u00e9nergie n\u00e9cessaire lorsqu'on appuie dessus, ce qui \u00e9limine la n\u00e9cessit\u00e9 d'une installation \u00e9lectrique complexe ou d'une maintenance continue.  Avec un design moderne et fonctionnel, cet interrupteur est id\u00e9al pour les maisons, les bureaux ou tout autre espace o\u00f9 un contr\u00f4le efficace et facile de l'\u00e9clairage est souhait\u00e9. De plus, il est compatible avec une large gamme d'appareils d'\u00e9clairage, offrant ainsi flexibilit\u00e9 et commodit\u00e9.  Il est con\u00e7u en ABS et mesure 86 x 86 x 14 mm.  Gr\u00e2ce \u00e0 son indice de protection IP54, il peut \u00eatre install\u00e9 aussi bien \u00e0 l'int\u00e9rieur qu'\u00e0 l'ext\u00e9rieur.  Il est garanti 3 ans. Il poss\u00e8de \u00e9galement le certificat CE, qui atteste qu'il est conforme aux exigences de l'UE en mati\u00e8re de compatibilit\u00e9 \u00e9lectromagn\u00e9tique et de basse tension. Ce certificat d\u00e9clare la conformit\u00e9 de ce produit \u00e0 toutes les exigences l\u00e9gales et garantit la validit\u00e9 de la vente du produit dans l'Espace \u00e9conomique europ\u00e9en.  R\u00e9cepteur non inclus.  Comprend une bande adh\u00e9sive 3M et des vis.<\/p>","protected":false},"excerpt":{"rendered":"<p>Interruptor inal\u00e1mbrico de dos teclas, autoalimentado, con acabado en color blanco, funciona sin cables, ni pilas lo que lo hace una opci\u00f3n ecol\u00f3gica y sin preocupaciones. Su instalaci\u00f3n es muy r\u00e1pida y sencilla, ya que se evita el cableado y las obras para su colocaci\u00f3n. En su interior tiene un mecanismo piezoel\u00e9ctrico que al ser &hellip; <a href=\"https:\/\/ledsolintel.com\/fr\/produit-2\/double-interrupteur-sans-fil-auto-alimente\/\" class=\"more-link\">Continue reading <span class=\"screen-reader-text\">Double interrupteur sans fil auto-aliment\u00e9<\/span><\/a><\/p>","protected":false},"featured_media":263943,"template":"","meta":[],"product_brand":[101370],"product_cat":[101371,99617,15],"product_tag":[],"class_list":{"0":"post-269105","1":"product","2":"type-product","3":"status-publish","4":"has-post-thumbnail","6":"product_brand-masterled","7":"product_cat-masterled","8":"product_cat-material-electrico","9":"product_cat-uncategorized","10":"pa_color-blanco","13":"instock","14":"taxable","15":"shipping-taxable","16":"purchasable","17":"product-type-simple"},"yoast_head":"<!-- This site is optimized with the Yoast SEO plugin v27.4 - https:\/\/yoast.com\/product\/yoast-seo-wordpress\/ -->\n<title>Interruptor doble inal\u00e1mbrico autoalimentado - Ledsolintel<\/title>\n<meta name=\"robots\" content=\"index, follow, max-snippet:-1, max-image-preview:large, max-video-preview:-1\" \/>\n<link rel=\"canonical\" href=\"https:\/\/ledsolintel.com\/fr\/produit-2\/double-interrupteur-sans-fil-auto-alimente\/\" \/>\n<meta property=\"og:locale\" content=\"fr_FR\" \/>\n<meta property=\"og:type\" content=\"article\" \/>\n<meta property=\"og:title\" content=\"Interruptor doble inal\u00e1mbrico autoalimentado - Ledsolintel\" \/>\n<meta property=\"og:description\" content=\"Interruptor inal\u00e1mbrico de dos teclas, autoalimentado, con acabado en color blanco, funciona sin cables, ni pilas lo que lo hace una opci\u00f3n ecol\u00f3gica y sin preocupaciones. Su instalaci\u00f3n es muy r\u00e1pida y sencilla, ya que se evita el cableado y las obras para su colocaci\u00f3n. En su interior tiene un mecanismo piezoel\u00e9ctrico que al ser &hellip; Continue reading Interruptor doble inal\u00e1mbrico autoalimentado\" \/>\n<meta property=\"og:url\" content=\"https:\/\/ledsolintel.com\/fr\/produit-2\/double-interrupteur-sans-fil-auto-alimente\/\" \/>\n<meta property=\"og:site_name\" content=\"Ledsolintel\" \/>\n<meta property=\"article:publisher\" content=\"http:\/\/www.facebook.com\/webmenaje\" \/>\n<meta property=\"article:modified_time\" content=\"2026-04-07T08:18:53+00:00\" \/>\n<meta property=\"og:image\" content=\"https:\/\/ledsolintel.com\/wp-content\/uploads\/2025\/11\/interruptor-doble-inalambrico-autoalimentado.jpg\" \/>\n\t<meta property=\"og:image:width\" content=\"600\" \/>\n\t<meta property=\"og:image:height\" content=\"600\" \/>\n\t<meta property=\"og:image:type\" content=\"image\/jpeg\" \/>\n<meta name=\"twitter:card\" content=\"summary_large_image\" \/>\n<meta name=\"twitter:site\" content=\"@webmenaje\" \/>\n<meta name=\"twitter:label1\" content=\"Dur\u00e9e de lecture estim\u00e9e\" \/>\n\t<meta name=\"twitter:data1\" content=\"2 minutes\" \/>\n<script type=\"application\/ld+json\" class=\"yoast-schema-graph\">{\"@context\":\"https:\\\/\\\/schema.org\",\"@graph\":[{\"@type\":\"WebPage\",\"@id\":\"https:\\\/\\\/ledsolintel.com\\\/product\\\/interruptor-doble-inalambrico-autoalimentado\\\/\",\"url\":\"https:\\\/\\\/ledsolintel.com\\\/product\\\/interruptor-doble-inalambrico-autoalimentado\\\/\",\"name\":\"Interruptor doble inal\u00e1mbrico autoalimentado - Ledsolintel\",\"isPartOf\":{\"@id\":\"https:\\\/\\\/ledsolintel.com\\\/#website\"},\"primaryImageOfPage\":{\"@id\":\"https:\\\/\\\/ledsolintel.com\\\/product\\\/interruptor-doble-inalambrico-autoalimentado\\\/#primaryimage\"},\"image\":{\"@id\":\"https:\\\/\\\/ledsolintel.com\\\/product\\\/interruptor-doble-inalambrico-autoalimentado\\\/#primaryimage\"},\"thumbnailUrl\":\"https:\\\/\\\/ledsolintel.com\\\/wp-content\\\/uploads\\\/2025\\\/11\\\/interruptor-doble-inalambrico-autoalimentado.jpg\",\"datePublished\":\"2025-11-11T16:09:33+00:00\",\"dateModified\":\"2026-04-07T08:18:53+00:00\",\"breadcrumb\":{\"@id\":\"https:\\\/\\\/ledsolintel.com\\\/product\\\/interruptor-doble-inalambrico-autoalimentado\\\/#breadcrumb\"},\"inLanguage\":\"fr-FR\",\"potentialAction\":[{\"@type\":\"ReadAction\",\"target\":[\"https:\\\/\\\/ledsolintel.com\\\/product\\\/interruptor-doble-inalambrico-autoalimentado\\\/\"]}]},{\"@type\":\"ImageObject\",\"inLanguage\":\"fr-FR\",\"@id\":\"https:\\\/\\\/ledsolintel.com\\\/product\\\/interruptor-doble-inalambrico-autoalimentado\\\/#primaryimage\",\"url\":\"https:\\\/\\\/ledsolintel.com\\\/wp-content\\\/uploads\\\/2025\\\/11\\\/interruptor-doble-inalambrico-autoalimentado.jpg\",\"contentUrl\":\"https:\\\/\\\/ledsolintel.com\\\/wp-content\\\/uploads\\\/2025\\\/11\\\/interruptor-doble-inalambrico-autoalimentado.jpg\",\"width\":600,\"height\":600},{\"@type\":\"BreadcrumbList\",\"@id\":\"https:\\\/\\\/ledsolintel.com\\\/product\\\/interruptor-doble-inalambrico-autoalimentado\\\/#breadcrumb\",\"itemListElement\":[{\"@type\":\"ListItem\",\"position\":1,\"name\":\"Portada\",\"item\":\"https:\\\/\\\/ledsolintel.com\\\/fr\\\/\"},{\"@type\":\"ListItem\",\"position\":2,\"name\":\"Tienda\",\"item\":\"https:\\\/\\\/ledsolintel.com\\\/tienda\\\/\"},{\"@type\":\"ListItem\",\"position\":3,\"name\":\"Interruptor doble inal\u00e1mbrico autoalimentado\"}]},{\"@type\":\"WebSite\",\"@id\":\"https:\\\/\\\/ledsolintel.com\\\/#website\",\"url\":\"https:\\\/\\\/ledsolintel.com\\\/\",\"name\":\"Webmenaje\",\"description\":\"Tienda de bombillas y l\u00e1mparas LED para profesionales\",\"publisher\":{\"@id\":\"https:\\\/\\\/ledsolintel.com\\\/#organization\"},\"potentialAction\":[{\"@type\":\"SearchAction\",\"target\":{\"@type\":\"EntryPoint\",\"urlTemplate\":\"https:\\\/\\\/ledsolintel.com\\\/?s={search_term_string}\"},\"query-input\":{\"@type\":\"PropertyValueSpecification\",\"valueRequired\":true,\"valueName\":\"search_term_string\"}}],\"inLanguage\":\"fr-FR\"},{\"@type\":\"Organization\",\"@id\":\"https:\\\/\\\/ledsolintel.com\\\/#organization\",\"name\":\"Solintel Noroeste, S.L.\",\"url\":\"https:\\\/\\\/ledsolintel.com\\\/\",\"logo\":{\"@type\":\"ImageObject\",\"inLanguage\":\"fr-FR\",\"@id\":\"https:\\\/\\\/ledsolintel.com\\\/#\\\/schema\\\/logo\\\/image\\\/\",\"url\":\"https:\\\/\\\/ledsolintel.com\\\/wp-content\\\/uploads\\\/2024\\\/11\\\/webmenaje-logo-1508269066.jpg\",\"contentUrl\":\"https:\\\/\\\/ledsolintel.com\\\/wp-content\\\/uploads\\\/2024\\\/11\\\/webmenaje-logo-1508269066.jpg\",\"width\":370,\"height\":90,\"caption\":\"Solintel Noroeste, S.L.\"},\"image\":{\"@id\":\"https:\\\/\\\/ledsolintel.com\\\/#\\\/schema\\\/logo\\\/image\\\/\"},\"sameAs\":[\"http:\\\/\\\/www.facebook.com\\\/webmenaje\",\"https:\\\/\\\/x.com\\\/webmenaje\",\"https:\\\/\\\/www.youtube.com\\\/channel\\\/UCX2KoVoeCG4LocZjUc6LmSQ\",\"http:\\\/\\\/www.pinterest.com\\\/webmenaje\"]}]}<\/script>\n<!-- \/ Yoast SEO plugin. -->","yoast_head_json":{"title":"Double interrupteur sans fil auto-aliment\u00e9 - Ledsolintel","robots":{"index":"index","follow":"follow","max-snippet":"max-snippet:-1","max-image-preview":"max-image-preview:large","max-video-preview":"max-video-preview:-1"},"canonical":"https:\/\/ledsolintel.com\/fr\/produit-2\/double-interrupteur-sans-fil-auto-alimente\/","og_locale":"fr_FR","og_type":"article","og_title":"Interruptor doble inal\u00e1mbrico autoalimentado - Ledsolintel","og_description":"Interruptor inal\u00e1mbrico de dos teclas, autoalimentado, con acabado en color blanco, funciona sin cables, ni pilas lo que lo hace una opci\u00f3n ecol\u00f3gica y sin preocupaciones. Su instalaci\u00f3n es muy r\u00e1pida y sencilla, ya que se evita el cableado y las obras para su colocaci\u00f3n. En su interior tiene un mecanismo piezoel\u00e9ctrico que al ser &hellip; Continue reading Interruptor doble inal\u00e1mbrico autoalimentado","og_url":"https:\/\/ledsolintel.com\/fr\/produit-2\/double-interrupteur-sans-fil-auto-alimente\/","og_site_name":"Ledsolintel","article_publisher":"http:\/\/www.facebook.com\/webmenaje","article_modified_time":"2026-04-07T08:18:53+00:00","og_image":[{"width":600,"height":600,"url":"https:\/\/ledsolintel.com\/wp-content\/uploads\/2025\/11\/interruptor-doble-inalambrico-autoalimentado.jpg","type":"image\/jpeg"}],"twitter_card":"summary_large_image","twitter_site":"@webmenaje","twitter_misc":{"Dur\u00e9e de lecture estim\u00e9e":"2 minutes"},"schema":{"@context":"https:\/\/schema.org","@graph":[{"@type":"WebPage","@id":"https:\/\/ledsolintel.com\/product\/interruptor-doble-inalambrico-autoalimentado\/","url":"https:\/\/ledsolintel.com\/product\/interruptor-doble-inalambrico-autoalimentado\/","name":"Double interrupteur sans fil auto-aliment\u00e9 - Ledsolintel","isPartOf":{"@id":"https:\/\/ledsolintel.com\/#website"},"primaryImageOfPage":{"@id":"https:\/\/ledsolintel.com\/product\/interruptor-doble-inalambrico-autoalimentado\/#primaryimage"},"image":{"@id":"https:\/\/ledsolintel.com\/product\/interruptor-doble-inalambrico-autoalimentado\/#primaryimage"},"thumbnailUrl":"https:\/\/ledsolintel.com\/wp-content\/uploads\/2025\/11\/interruptor-doble-inalambrico-autoalimentado.jpg","datePublished":"2025-11-11T16:09:33+00:00","dateModified":"2026-04-07T08:18:53+00:00","breadcrumb":{"@id":"https:\/\/ledsolintel.com\/product\/interruptor-doble-inalambrico-autoalimentado\/#breadcrumb"},"inLanguage":"fr-FR","potentialAction":[{"@type":"ReadAction","target":["https:\/\/ledsolintel.com\/product\/interruptor-doble-inalambrico-autoalimentado\/"]}]},{"@type":"ImageObject","inLanguage":"fr-FR","@id":"https:\/\/ledsolintel.com\/product\/interruptor-doble-inalambrico-autoalimentado\/#primaryimage","url":"https:\/\/ledsolintel.com\/wp-content\/uploads\/2025\/11\/interruptor-doble-inalambrico-autoalimentado.jpg","contentUrl":"https:\/\/ledsolintel.com\/wp-content\/uploads\/2025\/11\/interruptor-doble-inalambrico-autoalimentado.jpg","width":600,"height":600},{"@type":"BreadcrumbList","@id":"https:\/\/ledsolintel.com\/product\/interruptor-doble-inalambrico-autoalimentado\/#breadcrumb","itemListElement":[{"@type":"ListItem","position":1,"name":"Portada","item":"https:\/\/ledsolintel.com\/fr\/"},{"@type":"ListItem","position":2,"name":"Tienda","item":"https:\/\/ledsolintel.com\/tienda\/"},{"@type":"ListItem","position":3,"name":"Interruptor doble inal\u00e1mbrico autoalimentado"}]},{"@type":"WebSite","@id":"https:\/\/ledsolintel.com\/#website","url":"https:\/\/ledsolintel.com\/","name":"Webmenaje","description":"Magasin d'ampoules et de lampes LED pour les professionnels","publisher":{"@id":"https:\/\/ledsolintel.com\/#organization"},"potentialAction":[{"@type":"SearchAction","target":{"@type":"EntryPoint","urlTemplate":"https:\/\/ledsolintel.com\/?s={search_term_string}"},"query-input":{"@type":"PropertyValueSpecification","valueRequired":true,"valueName":"search_term_string"}}],"inLanguage":"fr-FR"},{"@type":"Organization","@id":"https:\/\/ledsolintel.com\/#organization","name":"Solintel Noroeste, S.L.","url":"https:\/\/ledsolintel.com\/","logo":{"@type":"ImageObject","inLanguage":"fr-FR","@id":"https:\/\/ledsolintel.com\/#\/schema\/logo\/image\/","url":"https:\/\/ledsolintel.com\/wp-content\/uploads\/2024\/11\/webmenaje-logo-1508269066.jpg","contentUrl":"https:\/\/ledsolintel.com\/wp-content\/uploads\/2024\/11\/webmenaje-logo-1508269066.jpg","width":370,"height":90,"caption":"Solintel Noroeste, S.L."},"image":{"@id":"https:\/\/ledsolintel.com\/#\/schema\/logo\/image\/"},"sameAs":["http:\/\/www.facebook.com\/webmenaje","https:\/\/x.com\/webmenaje","https:\/\/www.youtube.com\/channel\/UCX2KoVoeCG4LocZjUc6LmSQ","http:\/\/www.pinterest.com\/webmenaje"]}]}},"_links":{"self":[{"href":"https:\/\/ledsolintel.com\/fr\/wp-json\/wp\/v2\/product\/269105","targetHints":{"allow":["GET"]}}],"collection":[{"href":"https:\/\/ledsolintel.com\/fr\/wp-json\/wp\/v2\/product"}],"about":[{"href":"https:\/\/ledsolintel.com\/fr\/wp-json\/wp\/v2\/types\/product"}],"version-history":[{"count":1,"href":"https:\/\/ledsolintel.com\/fr\/wp-json\/wp\/v2\/product\/269105\/revisions"}],"predecessor-version":[{"id":269106,"href":"https:\/\/ledsolintel.com\/fr\/wp-json\/wp\/v2\/product\/269105\/revisions\/269106"}],"wp:featuredmedia":[{"embeddable":true,"href":"https:\/\/ledsolintel.com\/fr\/wp-json\/wp\/v2\/media\/263943"}],"wp:attachment":[{"href":"https:\/\/ledsolintel.com\/fr\/wp-json\/wp\/v2\/media?parent=269105"}],"wp:term":[{"taxonomy":"product_brand","embeddable":true,"href":"https:\/\/ledsolintel.com\/fr\/wp-json\/wp\/v2\/product_brand?post=269105"},{"taxonomy":"product_cat","embeddable":true,"href":"https:\/\/ledsolintel.com\/fr\/wp-json\/wp\/v2\/product_cat?post=269105"},{"taxonomy":"product_tag","embeddable":true,"href":"https:\/\/ledsolintel.com\/fr\/wp-json\/wp\/v2\/product_tag?post=269105"}],"curies":[{"name":"wp","href":"https:\/\/api.w.org\/{rel}","templated":true}]}}