{"id":269102,"date":"2025-11-11T17:09:32","date_gmt":"2025-11-11T16:09:32","guid":{"rendered":"https:\/\/nueva.ledsolintel.com\/product\/regulador-dimmer-led-tactil-12-24v\/"},"modified":"2026-01-30T15:54:28","modified_gmt":"2026-01-30T14:54:28","slug":"regulador-dimmer-led-tactil-12-24v","status":"publish","type":"product","link":"https:\/\/ledsolintel.com\/fr\/produit-2\/regulador-dimmer-led-tactil-12-24v\/","title":{"rendered":"Variateur LED variateur \u00e0 effleurement 12-24V"},"content":{"rendered":"<p>Regulador t\u00e1ctil empotrable, tama\u00f1o mini. Permite regular la potencia de una instalaci\u00f3n LED de corriente continua (12-24V) con una carga m\u00e1xima de 30W. Mediante pulsaciones cortas se pueden encender\/apagar la luces, mientras que con pulsaciones largas se puede regular la intensidad desde el m\u00e1ximo hasta el apagado. Es ideal para regular tiras led de 12 \u00f3 24 voltios, bombillas led de 12V, etc.  La longitud del cable es de 240 mm.  No regula corriente alterna.  Debido a su grado de protecci\u00f3n IP20 es ideal para instalar en zonas interiores (protecci\u00f3n contra part\u00edculas s\u00f3lidas de tama\u00f1o superior a 12mm y no es resistente al agua).  Adem\u00e1s de ser un producto que tiene m\u00e1s de 30.000 horas de vida, dispone de una garant\u00eda de 3 a\u00f1os. Cuenta tambi\u00e9n con el certificado CE, que acredita que se cumple con los requisitos de la UE respecto a compatibilidad electromagn\u00e9tica y normativa de baja tensi\u00f3n. Con este certificado se declara la conformidad de dicho producto con todos los requisitos legales exigidos, y asegura la validez del producto para ser vendido en todo el Espacio Econ\u00f3mico Europeo.<\/p>","protected":false},"excerpt":{"rendered":"<p>Regulador t\u00e1ctil empotrable, tama\u00f1o mini. Permite regular la potencia de una instalaci\u00f3n LED de corriente continua (12-24V) con una carga m\u00e1xima de 30W. Mediante pulsaciones cortas se pueden encender\/apagar la luces, mientras que con pulsaciones largas se puede regular la intensidad desde el m\u00e1ximo hasta el apagado. Es ideal para regular tiras led de 12 &hellip; <a href=\"https:\/\/ledsolintel.com\/fr\/produit-2\/regulador-dimmer-led-tactil-12-24v\/\" class=\"more-link\">Continue reading <span class=\"screen-reader-text\">Variateur LED variateur \u00e0 effleurement 12-24V<\/span><\/a><\/p>","protected":false},"featured_media":263939,"template":"","meta":[],"product_brand":[101370],"product_cat":[15,101371],"product_tag":[],"class_list":{"0":"post-269102","1":"product","2":"type-product","3":"status-publish","4":"has-post-thumbnail","6":"product_brand-masterled","7":"product_cat-uncategorized","8":"product_cat-masterled","9":"pa_color-gris","12":"instock","13":"purchasable","14":"product-type-simple"},"yoast_head":"<!-- This site is optimized with the Yoast SEO plugin v26.6 - https:\/\/yoast.com\/wordpress\/plugins\/seo\/ -->\n<title>Regulador dimmer LED t\u00e1ctil 12-24V - Ledsolintel<\/title>\n<meta name=\"robots\" content=\"index, follow, max-snippet:-1, max-image-preview:large, max-video-preview:-1\" \/>\n<link rel=\"canonical\" href=\"https:\/\/ledsolintel.com\/fr\/produit-2\/regulador-dimmer-led-tactil-12-24v\/\" \/>\n<meta property=\"og:locale\" content=\"fr_FR\" \/>\n<meta property=\"og:type\" content=\"article\" \/>\n<meta property=\"og:title\" content=\"Regulador dimmer LED t\u00e1ctil 12-24V - Ledsolintel\" \/>\n<meta property=\"og:description\" content=\"Regulador t\u00e1ctil empotrable, tama\u00f1o mini. Permite regular la potencia de una instalaci\u00f3n LED de corriente continua (12-24V) con una carga m\u00e1xima de 30W. Mediante pulsaciones cortas se pueden encender\/apagar la luces, mientras que con pulsaciones largas se puede regular la intensidad desde el m\u00e1ximo hasta el apagado. Es ideal para regular tiras led de 12 &hellip; Continue reading Regulador dimmer LED t\u00e1ctil 12-24V\" \/>\n<meta property=\"og:url\" content=\"https:\/\/ledsolintel.com\/fr\/produit-2\/regulador-dimmer-led-tactil-12-24v\/\" \/>\n<meta property=\"og:site_name\" content=\"Ledsolintel\" \/>\n<meta property=\"article:publisher\" content=\"http:\/\/www.facebook.com\/webmenaje\" \/>\n<meta property=\"article:modified_time\" content=\"2026-01-30T14:54:28+00:00\" \/>\n<meta property=\"og:image\" content=\"https:\/\/ledsolintel.com\/wp-content\/uploads\/2025\/11\/regulador-dimmer-led-tactil-12-24v.jpg\" \/>\n\t<meta property=\"og:image:width\" content=\"1500\" \/>\n\t<meta property=\"og:image:height\" content=\"1500\" \/>\n\t<meta property=\"og:image:type\" content=\"image\/jpeg\" \/>\n<meta name=\"twitter:card\" content=\"summary_large_image\" \/>\n<meta name=\"twitter:site\" content=\"@webmenaje\" \/>\n<meta name=\"twitter:label1\" content=\"Dur\u00e9e de lecture estim\u00e9e\" \/>\n\t<meta name=\"twitter:data1\" content=\"1 minute\" \/>\n<script type=\"application\/ld+json\" class=\"yoast-schema-graph\">{\"@context\":\"https:\/\/schema.org\",\"@graph\":[{\"@type\":\"WebPage\",\"@id\":\"https:\/\/ledsolintel.com\/product\/regulador-dimmer-led-tactil-12-24v\/\",\"url\":\"https:\/\/ledsolintel.com\/product\/regulador-dimmer-led-tactil-12-24v\/\",\"name\":\"Regulador dimmer LED t\u00e1ctil 12-24V - Ledsolintel\",\"isPartOf\":{\"@id\":\"https:\/\/ledsolintel.com\/#website\"},\"primaryImageOfPage\":{\"@id\":\"https:\/\/ledsolintel.com\/product\/regulador-dimmer-led-tactil-12-24v\/#primaryimage\"},\"image\":{\"@id\":\"https:\/\/ledsolintel.com\/product\/regulador-dimmer-led-tactil-12-24v\/#primaryimage\"},\"thumbnailUrl\":\"https:\/\/ledsolintel.com\/wp-content\/uploads\/2025\/11\/regulador-dimmer-led-tactil-12-24v.jpg\",\"datePublished\":\"2025-11-11T16:09:32+00:00\",\"dateModified\":\"2026-01-30T14:54:28+00:00\",\"breadcrumb\":{\"@id\":\"https:\/\/ledsolintel.com\/product\/regulador-dimmer-led-tactil-12-24v\/#breadcrumb\"},\"inLanguage\":\"fr-FR\",\"potentialAction\":[{\"@type\":\"ReadAction\",\"target\":[\"https:\/\/ledsolintel.com\/product\/regulador-dimmer-led-tactil-12-24v\/\"]}]},{\"@type\":\"ImageObject\",\"inLanguage\":\"fr-FR\",\"@id\":\"https:\/\/ledsolintel.com\/product\/regulador-dimmer-led-tactil-12-24v\/#primaryimage\",\"url\":\"https:\/\/ledsolintel.com\/wp-content\/uploads\/2025\/11\/regulador-dimmer-led-tactil-12-24v.jpg\",\"contentUrl\":\"https:\/\/ledsolintel.com\/wp-content\/uploads\/2025\/11\/regulador-dimmer-led-tactil-12-24v.jpg\",\"width\":1500,\"height\":1500},{\"@type\":\"BreadcrumbList\",\"@id\":\"https:\/\/ledsolintel.com\/product\/regulador-dimmer-led-tactil-12-24v\/#breadcrumb\",\"itemListElement\":[{\"@type\":\"ListItem\",\"position\":1,\"name\":\"Portada\",\"item\":\"https:\/\/ledsolintel.com\/fr\/\"},{\"@type\":\"ListItem\",\"position\":2,\"name\":\"Tienda\",\"item\":\"https:\/\/ledsolintel.com\/tienda\/\"},{\"@type\":\"ListItem\",\"position\":3,\"name\":\"Regulador dimmer LED t\u00e1ctil 12-24V\"}]},{\"@type\":\"WebSite\",\"@id\":\"https:\/\/ledsolintel.com\/#website\",\"url\":\"https:\/\/ledsolintel.com\/\",\"name\":\"Webmenaje\",\"description\":\"Tienda de bombillas y l\u00e1mparas LED para profesionales\",\"publisher\":{\"@id\":\"https:\/\/ledsolintel.com\/#organization\"},\"potentialAction\":[{\"@type\":\"SearchAction\",\"target\":{\"@type\":\"EntryPoint\",\"urlTemplate\":\"https:\/\/ledsolintel.com\/?s={search_term_string}\"},\"query-input\":{\"@type\":\"PropertyValueSpecification\",\"valueRequired\":true,\"valueName\":\"search_term_string\"}}],\"inLanguage\":\"fr-FR\"},{\"@type\":\"Organization\",\"@id\":\"https:\/\/ledsolintel.com\/#organization\",\"name\":\"Solintel Noroeste, S.L.\",\"url\":\"https:\/\/ledsolintel.com\/\",\"logo\":{\"@type\":\"ImageObject\",\"inLanguage\":\"fr-FR\",\"@id\":\"https:\/\/ledsolintel.com\/#\/schema\/logo\/image\/\",\"url\":\"https:\/\/ledsolintel.com\/wp-content\/uploads\/2024\/11\/webmenaje-logo-1508269066.jpg\",\"contentUrl\":\"https:\/\/ledsolintel.com\/wp-content\/uploads\/2024\/11\/webmenaje-logo-1508269066.jpg\",\"width\":370,\"height\":90,\"caption\":\"Solintel Noroeste, S.L.\"},\"image\":{\"@id\":\"https:\/\/ledsolintel.com\/#\/schema\/logo\/image\/\"},\"sameAs\":[\"http:\/\/www.facebook.com\/webmenaje\",\"https:\/\/x.com\/webmenaje\",\"https:\/\/www.youtube.com\/channel\/UCX2KoVoeCG4LocZjUc6LmSQ\",\"http:\/\/www.pinterest.com\/webmenaje\"]}]}<\/script>\n<!-- \/ Yoast SEO plugin. -->","yoast_head_json":{"title":"Regulador dimmer LED t\u00e1ctil 12-24V - Ledsolintel","robots":{"index":"index","follow":"follow","max-snippet":"max-snippet:-1","max-image-preview":"max-image-preview:large","max-video-preview":"max-video-preview:-1"},"canonical":"https:\/\/ledsolintel.com\/fr\/produit-2\/regulador-dimmer-led-tactil-12-24v\/","og_locale":"fr_FR","og_type":"article","og_title":"Regulador dimmer LED t\u00e1ctil 12-24V - Ledsolintel","og_description":"Regulador t\u00e1ctil empotrable, tama\u00f1o mini. Permite regular la potencia de una instalaci\u00f3n LED de corriente continua (12-24V) con una carga m\u00e1xima de 30W. Mediante pulsaciones cortas se pueden encender\/apagar la luces, mientras que con pulsaciones largas se puede regular la intensidad desde el m\u00e1ximo hasta el apagado. Es ideal para regular tiras led de 12 &hellip; Continue reading Regulador dimmer LED t\u00e1ctil 12-24V","og_url":"https:\/\/ledsolintel.com\/fr\/produit-2\/regulador-dimmer-led-tactil-12-24v\/","og_site_name":"Ledsolintel","article_publisher":"http:\/\/www.facebook.com\/webmenaje","article_modified_time":"2026-01-30T14:54:28+00:00","og_image":[{"width":1500,"height":1500,"url":"https:\/\/ledsolintel.com\/wp-content\/uploads\/2025\/11\/regulador-dimmer-led-tactil-12-24v.jpg","type":"image\/jpeg"}],"twitter_card":"summary_large_image","twitter_site":"@webmenaje","twitter_misc":{"Dur\u00e9e de lecture estim\u00e9e":"1 minute"},"schema":{"@context":"https:\/\/schema.org","@graph":[{"@type":"WebPage","@id":"https:\/\/ledsolintel.com\/product\/regulador-dimmer-led-tactil-12-24v\/","url":"https:\/\/ledsolintel.com\/product\/regulador-dimmer-led-tactil-12-24v\/","name":"Regulador dimmer LED t\u00e1ctil 12-24V - Ledsolintel","isPartOf":{"@id":"https:\/\/ledsolintel.com\/#website"},"primaryImageOfPage":{"@id":"https:\/\/ledsolintel.com\/product\/regulador-dimmer-led-tactil-12-24v\/#primaryimage"},"image":{"@id":"https:\/\/ledsolintel.com\/product\/regulador-dimmer-led-tactil-12-24v\/#primaryimage"},"thumbnailUrl":"https:\/\/ledsolintel.com\/wp-content\/uploads\/2025\/11\/regulador-dimmer-led-tactil-12-24v.jpg","datePublished":"2025-11-11T16:09:32+00:00","dateModified":"2026-01-30T14:54:28+00:00","breadcrumb":{"@id":"https:\/\/ledsolintel.com\/product\/regulador-dimmer-led-tactil-12-24v\/#breadcrumb"},"inLanguage":"fr-FR","potentialAction":[{"@type":"ReadAction","target":["https:\/\/ledsolintel.com\/product\/regulador-dimmer-led-tactil-12-24v\/"]}]},{"@type":"ImageObject","inLanguage":"fr-FR","@id":"https:\/\/ledsolintel.com\/product\/regulador-dimmer-led-tactil-12-24v\/#primaryimage","url":"https:\/\/ledsolintel.com\/wp-content\/uploads\/2025\/11\/regulador-dimmer-led-tactil-12-24v.jpg","contentUrl":"https:\/\/ledsolintel.com\/wp-content\/uploads\/2025\/11\/regulador-dimmer-led-tactil-12-24v.jpg","width":1500,"height":1500},{"@type":"BreadcrumbList","@id":"https:\/\/ledsolintel.com\/product\/regulador-dimmer-led-tactil-12-24v\/#breadcrumb","itemListElement":[{"@type":"ListItem","position":1,"name":"Portada","item":"https:\/\/ledsolintel.com\/fr\/"},{"@type":"ListItem","position":2,"name":"Tienda","item":"https:\/\/ledsolintel.com\/tienda\/"},{"@type":"ListItem","position":3,"name":"Regulador dimmer LED t\u00e1ctil 12-24V"}]},{"@type":"WebSite","@id":"https:\/\/ledsolintel.com\/#website","url":"https:\/\/ledsolintel.com\/","name":"Webmenaje","description":"Magasin d'ampoules et de lampes LED pour les professionnels","publisher":{"@id":"https:\/\/ledsolintel.com\/#organization"},"potentialAction":[{"@type":"SearchAction","target":{"@type":"EntryPoint","urlTemplate":"https:\/\/ledsolintel.com\/?s={search_term_string}"},"query-input":{"@type":"PropertyValueSpecification","valueRequired":true,"valueName":"search_term_string"}}],"inLanguage":"fr-FR"},{"@type":"Organization","@id":"https:\/\/ledsolintel.com\/#organization","name":"Solintel Noroeste, S.L.","url":"https:\/\/ledsolintel.com\/","logo":{"@type":"ImageObject","inLanguage":"fr-FR","@id":"https:\/\/ledsolintel.com\/#\/schema\/logo\/image\/","url":"https:\/\/ledsolintel.com\/wp-content\/uploads\/2024\/11\/webmenaje-logo-1508269066.jpg","contentUrl":"https:\/\/ledsolintel.com\/wp-content\/uploads\/2024\/11\/webmenaje-logo-1508269066.jpg","width":370,"height":90,"caption":"Solintel Noroeste, S.L."},"image":{"@id":"https:\/\/ledsolintel.com\/#\/schema\/logo\/image\/"},"sameAs":["http:\/\/www.facebook.com\/webmenaje","https:\/\/x.com\/webmenaje","https:\/\/www.youtube.com\/channel\/UCX2KoVoeCG4LocZjUc6LmSQ","http:\/\/www.pinterest.com\/webmenaje"]}]}},"_links":{"self":[{"href":"https:\/\/ledsolintel.com\/fr\/wp-json\/wp\/v2\/product\/269102","targetHints":{"allow":["GET"]}}],"collection":[{"href":"https:\/\/ledsolintel.com\/fr\/wp-json\/wp\/v2\/product"}],"about":[{"href":"https:\/\/ledsolintel.com\/fr\/wp-json\/wp\/v2\/types\/product"}],"version-history":[{"count":1,"href":"https:\/\/ledsolintel.com\/fr\/wp-json\/wp\/v2\/product\/269102\/revisions"}],"predecessor-version":[{"id":269103,"href":"https:\/\/ledsolintel.com\/fr\/wp-json\/wp\/v2\/product\/269102\/revisions\/269103"}],"wp:featuredmedia":[{"embeddable":true,"href":"https:\/\/ledsolintel.com\/fr\/wp-json\/wp\/v2\/media\/263939"}],"wp:attachment":[{"href":"https:\/\/ledsolintel.com\/fr\/wp-json\/wp\/v2\/media?parent=269102"}],"wp:term":[{"taxonomy":"product_brand","embeddable":true,"href":"https:\/\/ledsolintel.com\/fr\/wp-json\/wp\/v2\/product_brand?post=269102"},{"taxonomy":"product_cat","embeddable":true,"href":"https:\/\/ledsolintel.com\/fr\/wp-json\/wp\/v2\/product_cat?post=269102"},{"taxonomy":"product_tag","embeddable":true,"href":"https:\/\/ledsolintel.com\/fr\/wp-json\/wp\/v2\/product_tag?post=269102"}],"curies":[{"name":"wp","href":"https:\/\/api.w.org\/{rel}","templated":true}]}}