{"id":269088,"date":"2025-11-11T17:09:16","date_gmt":"2025-11-11T16:09:16","guid":{"rendered":"https:\/\/nueva.ledsolintel.com\/product\/foco-carril-led-lineal-36w-orientable-negro\/"},"modified":"2026-04-07T10:18:53","modified_gmt":"2026-04-07T08:18:53","slug":"foco-carril-led-lineal-36w-orientable-negro","status":"publish","type":"product","link":"https:\/\/ledsolintel.com\/fr\/produit-2\/foco-carril-led-lineal-36w-orientable-negro\/","title":{"rendered":"Spot lin\u00e9aire LED 36W orientable noir"},"content":{"rendered":"<p>El foco carril LED lineal de 36W orientable est\u00e1 dise\u00f1ado en aluminio con acabado en color negro. Tiene un dise\u00f1o moderno y compacto que la convierte en una luminaria perfecta para instalaciones tanto en ambientes dom\u00e9sticos, como espacios m\u00e1s comerciales. Dentro del \u00e1mbito comercial es ideal para iluminaci\u00f3n en tiendas, escaparates, exposiciones, supermercados, hoteles o restaurantes.  Cuenta con una alta eficacia al consumir 36W mediante el LED SMD que integra, logrando proporcionar un flujo luminoso de 1080 lumens. La iluminaci\u00f3n que aporta representa un consumo por valor de 36kWh\/1000h, lo que supone una reducci\u00f3n de la cantidad de energ\u00eda facturada y de emisiones de gases contaminantes a la atm\u00f3sfera. Soporta un voltaje de entrada de 185\/265V y una frecuencia de servicio de 50 Hz. Este proyector est\u00e1 disponible en dos temperaturas de color: c\u00e1lida (3000\u00b0K) y neutra (4000\u00b0K). Est\u00e1 dise\u00f1ado con las medidas de 415 x 33 x 67 mm.  Debido a su grado de protecci\u00f3n IP20 es ideal para instalar en zonas interiores (protecci\u00f3n contra part\u00edculas s\u00f3lidas de tama\u00f1o superior a 12mm y no es resistente al agua).  Adem\u00e1s de ser un producto que tiene m\u00e1s de 30.000 horas de vida, dispone de una garant\u00eda de 3 a\u00f1os. Cuenta tambi\u00e9n con el certificado CE, que acredita que se cumple con los requisitos de la UE respecto a compatibilidad electromagn\u00e9tica y normativa de baja tensi\u00f3n. Con este certificado se declara la conformidad de dicho producto con todos los requisitos legales exigidos, y asegura la validez del producto para ser vendido en todo el Espacio Econ\u00f3mico Europeo.  Es compatible con todos nuestros carriles monof\u00e1sicos.<\/p>","protected":false},"excerpt":{"rendered":"<p>El foco carril LED lineal de 36W orientable est\u00e1 dise\u00f1ado en aluminio con acabado en color negro. Tiene un dise\u00f1o moderno y compacto que la convierte en una luminaria perfecta para instalaciones tanto en ambientes dom\u00e9sticos, como espacios m\u00e1s comerciales. Dentro del \u00e1mbito comercial es ideal para iluminaci\u00f3n en tiendas, escaparates, exposiciones, supermercados, hoteles o &hellip; <a href=\"https:\/\/ledsolintel.com\/fr\/produit-2\/foco-carril-led-lineal-36w-orientable-negro\/\" class=\"more-link\">Continue reading <span class=\"screen-reader-text\">Spot lin\u00e9aire LED 36W orientable noir<\/span><\/a><\/p>","protected":false},"featured_media":263911,"template":"","meta":[],"product_brand":[101370],"product_cat":[15,101371],"product_tag":[],"class_list":{"0":"post-269088","1":"product","2":"type-product","3":"status-publish","4":"has-post-thumbnail","6":"product_brand-masterled","7":"product_cat-uncategorized","8":"product_cat-masterled","9":"pa_temperatura-color-luz-calida","10":"pa_temperatura-color-luz-neutra","13":"instock","14":"taxable","15":"shipping-taxable","16":"purchasable","17":"product-type-variable","18":"has-default-attributes"},"yoast_head":"<!-- This site is optimized with the Yoast SEO plugin v26.6 - https:\/\/yoast.com\/wordpress\/plugins\/seo\/ -->\n<title>Foco Carril LED lineal 36W orientable negro - Ledsolintel<\/title>\n<meta name=\"robots\" content=\"index, follow, max-snippet:-1, max-image-preview:large, max-video-preview:-1\" \/>\n<link rel=\"canonical\" href=\"https:\/\/ledsolintel.com\/fr\/produit-2\/foco-carril-led-lineal-36w-orientable-negro\/\" \/>\n<meta property=\"og:locale\" content=\"fr_FR\" \/>\n<meta property=\"og:type\" content=\"article\" \/>\n<meta property=\"og:title\" content=\"Foco Carril LED lineal 36W orientable negro - Ledsolintel\" \/>\n<meta property=\"og:description\" content=\"El foco carril LED lineal de 36W orientable est\u00e1 dise\u00f1ado en aluminio con acabado en color negro. Tiene un dise\u00f1o moderno y compacto que la convierte en una luminaria perfecta para instalaciones tanto en ambientes dom\u00e9sticos, como espacios m\u00e1s comerciales. Dentro del \u00e1mbito comercial es ideal para iluminaci\u00f3n en tiendas, escaparates, exposiciones, supermercados, hoteles o &hellip; Continue reading Foco Carril LED lineal 36W orientable negro\" \/>\n<meta property=\"og:url\" content=\"https:\/\/ledsolintel.com\/fr\/produit-2\/foco-carril-led-lineal-36w-orientable-negro\/\" \/>\n<meta property=\"og:site_name\" content=\"Ledsolintel\" \/>\n<meta property=\"article:publisher\" content=\"http:\/\/www.facebook.com\/webmenaje\" \/>\n<meta property=\"article:modified_time\" content=\"2026-04-07T08:18:53+00:00\" \/>\n<meta property=\"og:image\" content=\"https:\/\/ledsolintel.com\/wp-content\/uploads\/2025\/11\/foco-carril-led-lineal-36w-orientable-negro.jpg\" \/>\n\t<meta property=\"og:image:width\" content=\"1500\" \/>\n\t<meta property=\"og:image:height\" content=\"1500\" \/>\n\t<meta property=\"og:image:type\" content=\"image\/jpeg\" \/>\n<meta name=\"twitter:card\" content=\"summary_large_image\" \/>\n<meta name=\"twitter:site\" content=\"@webmenaje\" \/>\n<meta name=\"twitter:label1\" content=\"Dur\u00e9e de lecture estim\u00e9e\" \/>\n\t<meta name=\"twitter:data1\" content=\"1 minute\" \/>\n<script type=\"application\/ld+json\" class=\"yoast-schema-graph\">{\"@context\":\"https:\/\/schema.org\",\"@graph\":[{\"@type\":\"WebPage\",\"@id\":\"https:\/\/ledsolintel.com\/product\/foco-carril-led-lineal-36w-orientable-negro\/\",\"url\":\"https:\/\/ledsolintel.com\/product\/foco-carril-led-lineal-36w-orientable-negro\/\",\"name\":\"Foco Carril LED lineal 36W orientable negro - Ledsolintel\",\"isPartOf\":{\"@id\":\"https:\/\/ledsolintel.com\/#website\"},\"primaryImageOfPage\":{\"@id\":\"https:\/\/ledsolintel.com\/product\/foco-carril-led-lineal-36w-orientable-negro\/#primaryimage\"},\"image\":{\"@id\":\"https:\/\/ledsolintel.com\/product\/foco-carril-led-lineal-36w-orientable-negro\/#primaryimage\"},\"thumbnailUrl\":\"https:\/\/ledsolintel.com\/wp-content\/uploads\/2025\/11\/foco-carril-led-lineal-36w-orientable-negro.jpg\",\"datePublished\":\"2025-11-11T16:09:16+00:00\",\"dateModified\":\"2026-04-07T08:18:53+00:00\",\"breadcrumb\":{\"@id\":\"https:\/\/ledsolintel.com\/product\/foco-carril-led-lineal-36w-orientable-negro\/#breadcrumb\"},\"inLanguage\":\"fr-FR\",\"potentialAction\":[{\"@type\":\"ReadAction\",\"target\":[\"https:\/\/ledsolintel.com\/product\/foco-carril-led-lineal-36w-orientable-negro\/\"]}]},{\"@type\":\"ImageObject\",\"inLanguage\":\"fr-FR\",\"@id\":\"https:\/\/ledsolintel.com\/product\/foco-carril-led-lineal-36w-orientable-negro\/#primaryimage\",\"url\":\"https:\/\/ledsolintel.com\/wp-content\/uploads\/2025\/11\/foco-carril-led-lineal-36w-orientable-negro.jpg\",\"contentUrl\":\"https:\/\/ledsolintel.com\/wp-content\/uploads\/2025\/11\/foco-carril-led-lineal-36w-orientable-negro.jpg\",\"width\":1500,\"height\":1500},{\"@type\":\"BreadcrumbList\",\"@id\":\"https:\/\/ledsolintel.com\/product\/foco-carril-led-lineal-36w-orientable-negro\/#breadcrumb\",\"itemListElement\":[{\"@type\":\"ListItem\",\"position\":1,\"name\":\"Portada\",\"item\":\"https:\/\/ledsolintel.com\/fr\/\"},{\"@type\":\"ListItem\",\"position\":2,\"name\":\"Tienda\",\"item\":\"https:\/\/ledsolintel.com\/tienda\/\"},{\"@type\":\"ListItem\",\"position\":3,\"name\":\"Foco Carril LED lineal 36W orientable negro\"}]},{\"@type\":\"WebSite\",\"@id\":\"https:\/\/ledsolintel.com\/#website\",\"url\":\"https:\/\/ledsolintel.com\/\",\"name\":\"Webmenaje\",\"description\":\"Tienda de bombillas y l\u00e1mparas LED para profesionales\",\"publisher\":{\"@id\":\"https:\/\/ledsolintel.com\/#organization\"},\"potentialAction\":[{\"@type\":\"SearchAction\",\"target\":{\"@type\":\"EntryPoint\",\"urlTemplate\":\"https:\/\/ledsolintel.com\/?s={search_term_string}\"},\"query-input\":{\"@type\":\"PropertyValueSpecification\",\"valueRequired\":true,\"valueName\":\"search_term_string\"}}],\"inLanguage\":\"fr-FR\"},{\"@type\":\"Organization\",\"@id\":\"https:\/\/ledsolintel.com\/#organization\",\"name\":\"Solintel Noroeste, S.L.\",\"url\":\"https:\/\/ledsolintel.com\/\",\"logo\":{\"@type\":\"ImageObject\",\"inLanguage\":\"fr-FR\",\"@id\":\"https:\/\/ledsolintel.com\/#\/schema\/logo\/image\/\",\"url\":\"https:\/\/ledsolintel.com\/wp-content\/uploads\/2024\/11\/webmenaje-logo-1508269066.jpg\",\"contentUrl\":\"https:\/\/ledsolintel.com\/wp-content\/uploads\/2024\/11\/webmenaje-logo-1508269066.jpg\",\"width\":370,\"height\":90,\"caption\":\"Solintel Noroeste, S.L.\"},\"image\":{\"@id\":\"https:\/\/ledsolintel.com\/#\/schema\/logo\/image\/\"},\"sameAs\":[\"http:\/\/www.facebook.com\/webmenaje\",\"https:\/\/x.com\/webmenaje\",\"https:\/\/www.youtube.com\/channel\/UCX2KoVoeCG4LocZjUc6LmSQ\",\"http:\/\/www.pinterest.com\/webmenaje\"]}]}<\/script>\n<!-- \/ Yoast SEO plugin. -->","yoast_head_json":{"title":"Foco Carril LED lineal 36W orientable negro - Ledsolintel","robots":{"index":"index","follow":"follow","max-snippet":"max-snippet:-1","max-image-preview":"max-image-preview:large","max-video-preview":"max-video-preview:-1"},"canonical":"https:\/\/ledsolintel.com\/fr\/produit-2\/foco-carril-led-lineal-36w-orientable-negro\/","og_locale":"fr_FR","og_type":"article","og_title":"Foco Carril LED lineal 36W orientable negro - Ledsolintel","og_description":"El foco carril LED lineal de 36W orientable est\u00e1 dise\u00f1ado en aluminio con acabado en color negro. Tiene un dise\u00f1o moderno y compacto que la convierte en una luminaria perfecta para instalaciones tanto en ambientes dom\u00e9sticos, como espacios m\u00e1s comerciales. Dentro del \u00e1mbito comercial es ideal para iluminaci\u00f3n en tiendas, escaparates, exposiciones, supermercados, hoteles o &hellip; Continue reading Foco Carril LED lineal 36W orientable negro","og_url":"https:\/\/ledsolintel.com\/fr\/produit-2\/foco-carril-led-lineal-36w-orientable-negro\/","og_site_name":"Ledsolintel","article_publisher":"http:\/\/www.facebook.com\/webmenaje","article_modified_time":"2026-04-07T08:18:53+00:00","og_image":[{"width":1500,"height":1500,"url":"https:\/\/ledsolintel.com\/wp-content\/uploads\/2025\/11\/foco-carril-led-lineal-36w-orientable-negro.jpg","type":"image\/jpeg"}],"twitter_card":"summary_large_image","twitter_site":"@webmenaje","twitter_misc":{"Dur\u00e9e de lecture estim\u00e9e":"1 minute"},"schema":{"@context":"https:\/\/schema.org","@graph":[{"@type":"WebPage","@id":"https:\/\/ledsolintel.com\/product\/foco-carril-led-lineal-36w-orientable-negro\/","url":"https:\/\/ledsolintel.com\/product\/foco-carril-led-lineal-36w-orientable-negro\/","name":"Foco Carril LED lineal 36W orientable negro - Ledsolintel","isPartOf":{"@id":"https:\/\/ledsolintel.com\/#website"},"primaryImageOfPage":{"@id":"https:\/\/ledsolintel.com\/product\/foco-carril-led-lineal-36w-orientable-negro\/#primaryimage"},"image":{"@id":"https:\/\/ledsolintel.com\/product\/foco-carril-led-lineal-36w-orientable-negro\/#primaryimage"},"thumbnailUrl":"https:\/\/ledsolintel.com\/wp-content\/uploads\/2025\/11\/foco-carril-led-lineal-36w-orientable-negro.jpg","datePublished":"2025-11-11T16:09:16+00:00","dateModified":"2026-04-07T08:18:53+00:00","breadcrumb":{"@id":"https:\/\/ledsolintel.com\/product\/foco-carril-led-lineal-36w-orientable-negro\/#breadcrumb"},"inLanguage":"fr-FR","potentialAction":[{"@type":"ReadAction","target":["https:\/\/ledsolintel.com\/product\/foco-carril-led-lineal-36w-orientable-negro\/"]}]},{"@type":"ImageObject","inLanguage":"fr-FR","@id":"https:\/\/ledsolintel.com\/product\/foco-carril-led-lineal-36w-orientable-negro\/#primaryimage","url":"https:\/\/ledsolintel.com\/wp-content\/uploads\/2025\/11\/foco-carril-led-lineal-36w-orientable-negro.jpg","contentUrl":"https:\/\/ledsolintel.com\/wp-content\/uploads\/2025\/11\/foco-carril-led-lineal-36w-orientable-negro.jpg","width":1500,"height":1500},{"@type":"BreadcrumbList","@id":"https:\/\/ledsolintel.com\/product\/foco-carril-led-lineal-36w-orientable-negro\/#breadcrumb","itemListElement":[{"@type":"ListItem","position":1,"name":"Portada","item":"https:\/\/ledsolintel.com\/fr\/"},{"@type":"ListItem","position":2,"name":"Tienda","item":"https:\/\/ledsolintel.com\/tienda\/"},{"@type":"ListItem","position":3,"name":"Foco Carril LED lineal 36W orientable negro"}]},{"@type":"WebSite","@id":"https:\/\/ledsolintel.com\/#website","url":"https:\/\/ledsolintel.com\/","name":"Webmenaje","description":"Magasin d'ampoules et de lampes LED pour les professionnels","publisher":{"@id":"https:\/\/ledsolintel.com\/#organization"},"potentialAction":[{"@type":"SearchAction","target":{"@type":"EntryPoint","urlTemplate":"https:\/\/ledsolintel.com\/?s={search_term_string}"},"query-input":{"@type":"PropertyValueSpecification","valueRequired":true,"valueName":"search_term_string"}}],"inLanguage":"fr-FR"},{"@type":"Organization","@id":"https:\/\/ledsolintel.com\/#organization","name":"Solintel Noroeste, S.L.","url":"https:\/\/ledsolintel.com\/","logo":{"@type":"ImageObject","inLanguage":"fr-FR","@id":"https:\/\/ledsolintel.com\/#\/schema\/logo\/image\/","url":"https:\/\/ledsolintel.com\/wp-content\/uploads\/2024\/11\/webmenaje-logo-1508269066.jpg","contentUrl":"https:\/\/ledsolintel.com\/wp-content\/uploads\/2024\/11\/webmenaje-logo-1508269066.jpg","width":370,"height":90,"caption":"Solintel Noroeste, S.L."},"image":{"@id":"https:\/\/ledsolintel.com\/#\/schema\/logo\/image\/"},"sameAs":["http:\/\/www.facebook.com\/webmenaje","https:\/\/x.com\/webmenaje","https:\/\/www.youtube.com\/channel\/UCX2KoVoeCG4LocZjUc6LmSQ","http:\/\/www.pinterest.com\/webmenaje"]}]}},"_links":{"self":[{"href":"https:\/\/ledsolintel.com\/fr\/wp-json\/wp\/v2\/product\/269088","targetHints":{"allow":["GET"]}}],"collection":[{"href":"https:\/\/ledsolintel.com\/fr\/wp-json\/wp\/v2\/product"}],"about":[{"href":"https:\/\/ledsolintel.com\/fr\/wp-json\/wp\/v2\/types\/product"}],"version-history":[{"count":1,"href":"https:\/\/ledsolintel.com\/fr\/wp-json\/wp\/v2\/product\/269088\/revisions"}],"predecessor-version":[{"id":269089,"href":"https:\/\/ledsolintel.com\/fr\/wp-json\/wp\/v2\/product\/269088\/revisions\/269089"}],"wp:featuredmedia":[{"embeddable":true,"href":"https:\/\/ledsolintel.com\/fr\/wp-json\/wp\/v2\/media\/263911"}],"wp:attachment":[{"href":"https:\/\/ledsolintel.com\/fr\/wp-json\/wp\/v2\/media?parent=269088"}],"wp:term":[{"taxonomy":"product_brand","embeddable":true,"href":"https:\/\/ledsolintel.com\/fr\/wp-json\/wp\/v2\/product_brand?post=269088"},{"taxonomy":"product_cat","embeddable":true,"href":"https:\/\/ledsolintel.com\/fr\/wp-json\/wp\/v2\/product_cat?post=269088"},{"taxonomy":"product_tag","embeddable":true,"href":"https:\/\/ledsolintel.com\/fr\/wp-json\/wp\/v2\/product_tag?post=269088"}],"curies":[{"name":"wp","href":"https:\/\/api.w.org\/{rel}","templated":true}]}}