{"id":269078,"date":"2025-11-11T17:09:09","date_gmt":"2025-11-11T16:09:09","guid":{"rendered":"https:\/\/nueva.ledsolintel.com\/product\/interruptor-simple-inalambrico-autoalimentado\/"},"modified":"2026-04-07T10:18:53","modified_gmt":"2026-04-07T08:18:53","slug":"interruptor-simple-inalambrico-autoalimentado","status":"publish","type":"product","link":"https:\/\/ledsolintel.com\/fr\/produit-2\/interruptor-simple-inalambrico-autoalimentado\/","title":{"rendered":"Interrupteur simple sans fil auto-aliment\u00e9"},"content":{"rendered":"<p>Interruptor inal\u00e1mbrico de una tecla autoalimentado, con acabado en color blanco, funciona sin cables, ni pilas lo que lo hace una opci\u00f3n ecol\u00f3gica y sin preocupaciones. Su instalaci\u00f3n es muy r\u00e1pida y sencilla, ya que se evita el cableado y las obras para su colocaci\u00f3n. En su interior tiene un mecanismo piezoel\u00e9ctrico que al ser pulsado emite una se\u00f1al de radiofrecuencia hacia el receptor, el cual enciende o apaga las luminarias. El rango de alcance es de 80 m en espacios abiertos y 30 m en interiores. Para su funcionamiento, el interruptor se debe emparejar a un receptor RF (el receptor se debe adquirir por separado). Su instalaci\u00f3n es sencilla, pudi\u00e9ndose adaptar a cualquier superficie, sin necesidad de obra. El interruptor se puede fijar en superficie con bandas adhesivas de 3M o mediante tornillos (ambos accesorios se incluyen en la caja del producto). Este interruptor funciona mediante un sistema de autoalimentaci\u00f3n que genera la energ\u00eda necesaria al presionarlo, eliminando la necesidad de instalaci\u00f3n el\u00e9ctrica compleja o mantenimiento continuo.  Con un dise\u00f1o moderno y funcional, este interruptor es ideal para viviendas, oficinas o cualquier espacio donde se desee un control eficiente y f\u00e1cil de la iluminaci\u00f3n. Adem\u00e1s, es compatible con una amplia gama de dispositivos de iluminaci\u00f3n, ofreciendo flexibilidad y comodidad.  Est\u00e1 dise\u00f1ado en ABS con las medidas 86 x 86 x 14 mm.  Gracias a su grado de protecci\u00f3n IP54 se puede instalar tanto en interiores como exteriores.  Dispone de una garant\u00eda de 3 a\u00f1os. Cuenta tambi\u00e9n con el certificado CE, que acredita que se cumple con los requisitos de la UE respecto a compatibilidad electromagn\u00e9tica y normativa de baja tensi\u00f3n. Con este certificado se declara la conformidad de dicho producto con todos los requisitos legales exigidos, y asegura la validez del producto para ser vendido en todo el Espacio Econ\u00f3mico Europeo.  No incluye receptor.  Incluye banda adhesiva marca 3M y tornillos.<\/p>","protected":false},"excerpt":{"rendered":"<p>Interruptor inal\u00e1mbrico de una tecla autoalimentado, con acabado en color blanco, funciona sin cables, ni pilas lo que lo hace una opci\u00f3n ecol\u00f3gica y sin preocupaciones. Su instalaci\u00f3n es muy r\u00e1pida y sencilla, ya que se evita el cableado y las obras para su colocaci\u00f3n. En su interior tiene un mecanismo piezoel\u00e9ctrico que al ser &hellip; <a href=\"https:\/\/ledsolintel.com\/fr\/produit-2\/interruptor-simple-inalambrico-autoalimentado\/\" class=\"more-link\">Continue reading <span class=\"screen-reader-text\">Interrupteur simple sans fil auto-aliment\u00e9<\/span><\/a><\/p>","protected":false},"featured_media":263888,"template":"","meta":[],"product_brand":[101370],"product_cat":[101371,99617,15],"product_tag":[],"class_list":{"0":"post-269078","1":"product","2":"type-product","3":"status-publish","4":"has-post-thumbnail","6":"product_brand-masterled","7":"product_cat-masterled","8":"product_cat-material-electrico","9":"product_cat-uncategorized","10":"pa_color-blanco","13":"instock","14":"taxable","15":"shipping-taxable","16":"purchasable","17":"product-type-simple"},"yoast_head":"<!-- This site is optimized with the Yoast SEO plugin v26.6 - https:\/\/yoast.com\/wordpress\/plugins\/seo\/ -->\n<title>Interruptor simple inal\u00e1mbrico autoalimentado - Ledsolintel<\/title>\n<meta name=\"robots\" content=\"index, follow, max-snippet:-1, max-image-preview:large, max-video-preview:-1\" \/>\n<link rel=\"canonical\" href=\"https:\/\/ledsolintel.com\/fr\/produit-2\/interruptor-simple-inalambrico-autoalimentado\/\" \/>\n<meta property=\"og:locale\" content=\"fr_FR\" \/>\n<meta property=\"og:type\" content=\"article\" \/>\n<meta property=\"og:title\" content=\"Interruptor simple inal\u00e1mbrico autoalimentado - Ledsolintel\" \/>\n<meta property=\"og:description\" content=\"Interruptor inal\u00e1mbrico de una tecla autoalimentado, con acabado en color blanco, funciona sin cables, ni pilas lo que lo hace una opci\u00f3n ecol\u00f3gica y sin preocupaciones. Su instalaci\u00f3n es muy r\u00e1pida y sencilla, ya que se evita el cableado y las obras para su colocaci\u00f3n. En su interior tiene un mecanismo piezoel\u00e9ctrico que al ser &hellip; Continue reading Interruptor simple inal\u00e1mbrico autoalimentado\" \/>\n<meta property=\"og:url\" content=\"https:\/\/ledsolintel.com\/fr\/produit-2\/interruptor-simple-inalambrico-autoalimentado\/\" \/>\n<meta property=\"og:site_name\" content=\"Ledsolintel\" \/>\n<meta property=\"article:publisher\" content=\"http:\/\/www.facebook.com\/webmenaje\" \/>\n<meta property=\"article:modified_time\" content=\"2026-04-07T08:18:53+00:00\" \/>\n<meta property=\"og:image\" content=\"https:\/\/ledsolintel.com\/wp-content\/uploads\/2025\/11\/interruptor-simple-inalambrico-autoalimentado.jpg\" \/>\n\t<meta property=\"og:image:width\" content=\"1500\" \/>\n\t<meta property=\"og:image:height\" content=\"1500\" \/>\n\t<meta property=\"og:image:type\" content=\"image\/jpeg\" \/>\n<meta name=\"twitter:card\" content=\"summary_large_image\" \/>\n<meta name=\"twitter:site\" content=\"@webmenaje\" \/>\n<meta name=\"twitter:label1\" content=\"Dur\u00e9e de lecture estim\u00e9e\" \/>\n\t<meta name=\"twitter:data1\" content=\"2 minutes\" \/>\n<script type=\"application\/ld+json\" class=\"yoast-schema-graph\">{\"@context\":\"https:\/\/schema.org\",\"@graph\":[{\"@type\":\"WebPage\",\"@id\":\"https:\/\/ledsolintel.com\/product\/interruptor-simple-inalambrico-autoalimentado\/\",\"url\":\"https:\/\/ledsolintel.com\/product\/interruptor-simple-inalambrico-autoalimentado\/\",\"name\":\"Interruptor simple inal\u00e1mbrico autoalimentado - Ledsolintel\",\"isPartOf\":{\"@id\":\"https:\/\/ledsolintel.com\/#website\"},\"primaryImageOfPage\":{\"@id\":\"https:\/\/ledsolintel.com\/product\/interruptor-simple-inalambrico-autoalimentado\/#primaryimage\"},\"image\":{\"@id\":\"https:\/\/ledsolintel.com\/product\/interruptor-simple-inalambrico-autoalimentado\/#primaryimage\"},\"thumbnailUrl\":\"https:\/\/ledsolintel.com\/wp-content\/uploads\/2025\/11\/interruptor-simple-inalambrico-autoalimentado.jpg\",\"datePublished\":\"2025-11-11T16:09:09+00:00\",\"dateModified\":\"2026-04-07T08:18:53+00:00\",\"breadcrumb\":{\"@id\":\"https:\/\/ledsolintel.com\/product\/interruptor-simple-inalambrico-autoalimentado\/#breadcrumb\"},\"inLanguage\":\"fr-FR\",\"potentialAction\":[{\"@type\":\"ReadAction\",\"target\":[\"https:\/\/ledsolintel.com\/product\/interruptor-simple-inalambrico-autoalimentado\/\"]}]},{\"@type\":\"ImageObject\",\"inLanguage\":\"fr-FR\",\"@id\":\"https:\/\/ledsolintel.com\/product\/interruptor-simple-inalambrico-autoalimentado\/#primaryimage\",\"url\":\"https:\/\/ledsolintel.com\/wp-content\/uploads\/2025\/11\/interruptor-simple-inalambrico-autoalimentado.jpg\",\"contentUrl\":\"https:\/\/ledsolintel.com\/wp-content\/uploads\/2025\/11\/interruptor-simple-inalambrico-autoalimentado.jpg\",\"width\":1500,\"height\":1500},{\"@type\":\"BreadcrumbList\",\"@id\":\"https:\/\/ledsolintel.com\/product\/interruptor-simple-inalambrico-autoalimentado\/#breadcrumb\",\"itemListElement\":[{\"@type\":\"ListItem\",\"position\":1,\"name\":\"Portada\",\"item\":\"https:\/\/ledsolintel.com\/fr\/\"},{\"@type\":\"ListItem\",\"position\":2,\"name\":\"Tienda\",\"item\":\"https:\/\/ledsolintel.com\/tienda\/\"},{\"@type\":\"ListItem\",\"position\":3,\"name\":\"Interruptor simple inal\u00e1mbrico autoalimentado\"}]},{\"@type\":\"WebSite\",\"@id\":\"https:\/\/ledsolintel.com\/#website\",\"url\":\"https:\/\/ledsolintel.com\/\",\"name\":\"Webmenaje\",\"description\":\"Tienda de bombillas y l\u00e1mparas LED para profesionales\",\"publisher\":{\"@id\":\"https:\/\/ledsolintel.com\/#organization\"},\"potentialAction\":[{\"@type\":\"SearchAction\",\"target\":{\"@type\":\"EntryPoint\",\"urlTemplate\":\"https:\/\/ledsolintel.com\/?s={search_term_string}\"},\"query-input\":{\"@type\":\"PropertyValueSpecification\",\"valueRequired\":true,\"valueName\":\"search_term_string\"}}],\"inLanguage\":\"fr-FR\"},{\"@type\":\"Organization\",\"@id\":\"https:\/\/ledsolintel.com\/#organization\",\"name\":\"Solintel Noroeste, S.L.\",\"url\":\"https:\/\/ledsolintel.com\/\",\"logo\":{\"@type\":\"ImageObject\",\"inLanguage\":\"fr-FR\",\"@id\":\"https:\/\/ledsolintel.com\/#\/schema\/logo\/image\/\",\"url\":\"https:\/\/ledsolintel.com\/wp-content\/uploads\/2024\/11\/webmenaje-logo-1508269066.jpg\",\"contentUrl\":\"https:\/\/ledsolintel.com\/wp-content\/uploads\/2024\/11\/webmenaje-logo-1508269066.jpg\",\"width\":370,\"height\":90,\"caption\":\"Solintel Noroeste, S.L.\"},\"image\":{\"@id\":\"https:\/\/ledsolintel.com\/#\/schema\/logo\/image\/\"},\"sameAs\":[\"http:\/\/www.facebook.com\/webmenaje\",\"https:\/\/x.com\/webmenaje\",\"https:\/\/www.youtube.com\/channel\/UCX2KoVoeCG4LocZjUc6LmSQ\",\"http:\/\/www.pinterest.com\/webmenaje\"]}]}<\/script>\n<!-- \/ Yoast SEO plugin. -->","yoast_head_json":{"title":"Interruptor simple inal\u00e1mbrico autoalimentado - Ledsolintel","robots":{"index":"index","follow":"follow","max-snippet":"max-snippet:-1","max-image-preview":"max-image-preview:large","max-video-preview":"max-video-preview:-1"},"canonical":"https:\/\/ledsolintel.com\/fr\/produit-2\/interruptor-simple-inalambrico-autoalimentado\/","og_locale":"fr_FR","og_type":"article","og_title":"Interruptor simple inal\u00e1mbrico autoalimentado - Ledsolintel","og_description":"Interruptor inal\u00e1mbrico de una tecla autoalimentado, con acabado en color blanco, funciona sin cables, ni pilas lo que lo hace una opci\u00f3n ecol\u00f3gica y sin preocupaciones. Su instalaci\u00f3n es muy r\u00e1pida y sencilla, ya que se evita el cableado y las obras para su colocaci\u00f3n. En su interior tiene un mecanismo piezoel\u00e9ctrico que al ser &hellip; Continue reading Interruptor simple inal\u00e1mbrico autoalimentado","og_url":"https:\/\/ledsolintel.com\/fr\/produit-2\/interruptor-simple-inalambrico-autoalimentado\/","og_site_name":"Ledsolintel","article_publisher":"http:\/\/www.facebook.com\/webmenaje","article_modified_time":"2026-04-07T08:18:53+00:00","og_image":[{"width":1500,"height":1500,"url":"https:\/\/ledsolintel.com\/wp-content\/uploads\/2025\/11\/interruptor-simple-inalambrico-autoalimentado.jpg","type":"image\/jpeg"}],"twitter_card":"summary_large_image","twitter_site":"@webmenaje","twitter_misc":{"Dur\u00e9e de lecture estim\u00e9e":"2 minutes"},"schema":{"@context":"https:\/\/schema.org","@graph":[{"@type":"WebPage","@id":"https:\/\/ledsolintel.com\/product\/interruptor-simple-inalambrico-autoalimentado\/","url":"https:\/\/ledsolintel.com\/product\/interruptor-simple-inalambrico-autoalimentado\/","name":"Interruptor simple inal\u00e1mbrico autoalimentado - Ledsolintel","isPartOf":{"@id":"https:\/\/ledsolintel.com\/#website"},"primaryImageOfPage":{"@id":"https:\/\/ledsolintel.com\/product\/interruptor-simple-inalambrico-autoalimentado\/#primaryimage"},"image":{"@id":"https:\/\/ledsolintel.com\/product\/interruptor-simple-inalambrico-autoalimentado\/#primaryimage"},"thumbnailUrl":"https:\/\/ledsolintel.com\/wp-content\/uploads\/2025\/11\/interruptor-simple-inalambrico-autoalimentado.jpg","datePublished":"2025-11-11T16:09:09+00:00","dateModified":"2026-04-07T08:18:53+00:00","breadcrumb":{"@id":"https:\/\/ledsolintel.com\/product\/interruptor-simple-inalambrico-autoalimentado\/#breadcrumb"},"inLanguage":"fr-FR","potentialAction":[{"@type":"ReadAction","target":["https:\/\/ledsolintel.com\/product\/interruptor-simple-inalambrico-autoalimentado\/"]}]},{"@type":"ImageObject","inLanguage":"fr-FR","@id":"https:\/\/ledsolintel.com\/product\/interruptor-simple-inalambrico-autoalimentado\/#primaryimage","url":"https:\/\/ledsolintel.com\/wp-content\/uploads\/2025\/11\/interruptor-simple-inalambrico-autoalimentado.jpg","contentUrl":"https:\/\/ledsolintel.com\/wp-content\/uploads\/2025\/11\/interruptor-simple-inalambrico-autoalimentado.jpg","width":1500,"height":1500},{"@type":"BreadcrumbList","@id":"https:\/\/ledsolintel.com\/product\/interruptor-simple-inalambrico-autoalimentado\/#breadcrumb","itemListElement":[{"@type":"ListItem","position":1,"name":"Portada","item":"https:\/\/ledsolintel.com\/fr\/"},{"@type":"ListItem","position":2,"name":"Tienda","item":"https:\/\/ledsolintel.com\/tienda\/"},{"@type":"ListItem","position":3,"name":"Interruptor simple inal\u00e1mbrico autoalimentado"}]},{"@type":"WebSite","@id":"https:\/\/ledsolintel.com\/#website","url":"https:\/\/ledsolintel.com\/","name":"Webmenaje","description":"Magasin d'ampoules et de lampes LED pour les professionnels","publisher":{"@id":"https:\/\/ledsolintel.com\/#organization"},"potentialAction":[{"@type":"SearchAction","target":{"@type":"EntryPoint","urlTemplate":"https:\/\/ledsolintel.com\/?s={search_term_string}"},"query-input":{"@type":"PropertyValueSpecification","valueRequired":true,"valueName":"search_term_string"}}],"inLanguage":"fr-FR"},{"@type":"Organization","@id":"https:\/\/ledsolintel.com\/#organization","name":"Solintel Noroeste, S.L.","url":"https:\/\/ledsolintel.com\/","logo":{"@type":"ImageObject","inLanguage":"fr-FR","@id":"https:\/\/ledsolintel.com\/#\/schema\/logo\/image\/","url":"https:\/\/ledsolintel.com\/wp-content\/uploads\/2024\/11\/webmenaje-logo-1508269066.jpg","contentUrl":"https:\/\/ledsolintel.com\/wp-content\/uploads\/2024\/11\/webmenaje-logo-1508269066.jpg","width":370,"height":90,"caption":"Solintel Noroeste, S.L."},"image":{"@id":"https:\/\/ledsolintel.com\/#\/schema\/logo\/image\/"},"sameAs":["http:\/\/www.facebook.com\/webmenaje","https:\/\/x.com\/webmenaje","https:\/\/www.youtube.com\/channel\/UCX2KoVoeCG4LocZjUc6LmSQ","http:\/\/www.pinterest.com\/webmenaje"]}]}},"_links":{"self":[{"href":"https:\/\/ledsolintel.com\/fr\/wp-json\/wp\/v2\/product\/269078","targetHints":{"allow":["GET"]}}],"collection":[{"href":"https:\/\/ledsolintel.com\/fr\/wp-json\/wp\/v2\/product"}],"about":[{"href":"https:\/\/ledsolintel.com\/fr\/wp-json\/wp\/v2\/types\/product"}],"version-history":[{"count":1,"href":"https:\/\/ledsolintel.com\/fr\/wp-json\/wp\/v2\/product\/269078\/revisions"}],"predecessor-version":[{"id":269079,"href":"https:\/\/ledsolintel.com\/fr\/wp-json\/wp\/v2\/product\/269078\/revisions\/269079"}],"wp:featuredmedia":[{"embeddable":true,"href":"https:\/\/ledsolintel.com\/fr\/wp-json\/wp\/v2\/media\/263888"}],"wp:attachment":[{"href":"https:\/\/ledsolintel.com\/fr\/wp-json\/wp\/v2\/media?parent=269078"}],"wp:term":[{"taxonomy":"product_brand","embeddable":true,"href":"https:\/\/ledsolintel.com\/fr\/wp-json\/wp\/v2\/product_brand?post=269078"},{"taxonomy":"product_cat","embeddable":true,"href":"https:\/\/ledsolintel.com\/fr\/wp-json\/wp\/v2\/product_cat?post=269078"},{"taxonomy":"product_tag","embeddable":true,"href":"https:\/\/ledsolintel.com\/fr\/wp-json\/wp\/v2\/product_tag?post=269078"}],"curies":[{"name":"wp","href":"https:\/\/api.w.org\/{rel}","templated":true}]}}