{"id":269075,"date":"2025-11-11T17:09:06","date_gmt":"2025-11-11T16:09:06","guid":{"rendered":"https:\/\/nueva.ledsolintel.com\/product\/tubo-9w-aluminio-funcion-emergencia\/"},"modified":"2026-01-30T15:55:55","modified_gmt":"2026-01-30T14:55:55","slug":"tubo-9w-aluminio-funcion-emergencia","status":"publish","type":"product","link":"https:\/\/ledsolintel.com\/fr\/produit-2\/tubo-9w-aluminio-funcion-emergencia\/","title":{"rendered":"Tube de fonction d'urgence 9W en aluminium"},"content":{"rendered":"<p>El tubo led T8 de 9W fabricado en aluminio y PVC, con conexi\u00f3n por las dos cabezas y cabeza rotatoria, es una opci\u00f3n eficiente y duradera para iluminar espacios residenciales, centros comerciales, tiendas, centros de salud, oficinas, almacenes o en el canal HORECA. Este tubo tiene tiene la funci\u00f3n de emergencia (bater\u00eda interna). Este tubo viene a sustituir a los tubos convencionales de 18W.   En condiciones normales, el tubo se comporta como un tubo LED convencional y recarga la bater\u00eda mientras est\u00e1 encendido. Si hay un corte de tensi\u00f3n en la l\u00ednea general mientras el tubo est\u00e1 encendido, \u00e9ste entrar\u00e1 en modo emergencia manteniendo la luz con una potencia de 3W. Si el tubo estaba apagado en el momento de producirse el corte, se puede encender mediante su interruptor para activar la luz de emergencia.  Tiempo de carga de la bater\u00eda: 6 horas. Duraci\u00f3n de la bater\u00eda en modo emergencia: 2 horas.  Este tipo de tubo tiene conexi\u00f3n directa a la red, lo que permite:    &#8211; eliminar la utilizaci\u00f3n de cebadores y reactancias  &#8211; mayor durabilidad y menor mantenimiento (sustituci\u00f3n de cebadores, reactancias&#8230;)  &#8211; encendido inst\u00e1nteneo  &#8211; eliminaci\u00f3n del efecto flicker (parpadeo de la luz)  &#8211; ahorro energ\u00e9tico (m\u00e1s del 50%)  \u00a0  Dispone de una gran eficacia al consumir 9W a trav\u00e9s del LED del tipo SMD2835 con 48 leds, proporcionando un flujo luminoso de 900 lumens, representando su consumo un valor de 9kWh\/1000h. Difusor opaco. Est\u00e1 disponible en una temperatura de color: blanca (6000\u00b0K).  Su instalaci\u00f3n se debe realizar en espacios interiores debido a su grado de protecci\u00f3n IP20 (protegido contra part\u00edculas s\u00f3lidas de tama\u00f1o superior a 12mm y no es resistente al agua). Puede ser instalado directamente a las tomas de corriente suministradas por la red el\u00e9ctrica (180-240V) con una frecuencia de servicio de 50\/60Hz. Su instalaci\u00f3n es muy sencilla, para ello es necesario en primer lugar desconectar la corriente el\u00e9ctrica y posteriormente conectar la fase a un extremo del tubo y el neutro al otro extremo. Este tubo tiene unas dimensiones de 600 mm de largo y 32 mm de di\u00e1metro.  Adem\u00e1s de ser un producto que tiene m\u00e1s de 30.000 horas de vida, dispone de una garant\u00eda de 3 a\u00f1os. Cuenta tambi\u00e9n con el certificado CE, que acredita que se cumple con los requisitos de la UE respecto a compatibilidad electromagn\u00e9tica y normativa de baja tensi\u00f3n. Con este certificado se declara la conformidad de dicho producto con todos los requisitos legales exigidos, y asegura la validez del producto para ser vendido en todo el Espacio Econ\u00f3mico Europeo.  Incluye driver.<\/p>","protected":false},"excerpt":{"rendered":"<p>El tubo led T8 de 9W fabricado en aluminio y PVC, con conexi\u00f3n por las dos cabezas y cabeza rotatoria, es una opci\u00f3n eficiente y duradera para iluminar espacios residenciales, centros comerciales, tiendas, centros de salud, oficinas, almacenes o en el canal HORECA. Este tubo tiene tiene la funci\u00f3n de emergencia (bater\u00eda interna). Este tubo &hellip; <a href=\"https:\/\/ledsolintel.com\/fr\/produit-2\/tubo-9w-aluminio-funcion-emergencia\/\" class=\"more-link\">Continue reading <span class=\"screen-reader-text\">Tube de fonction d'urgence 9W en aluminium<\/span><\/a><\/p>","protected":false},"featured_media":263885,"template":"","meta":[],"product_brand":[101370],"product_cat":[15,101371],"product_tag":[],"class_list":{"0":"post-269075","1":"product","2":"type-product","3":"status-publish","4":"has-post-thumbnail","6":"product_brand-masterled","7":"product_cat-uncategorized","8":"product_cat-masterled","9":"pa_temperatura-color-luz-blanca","12":"instock","13":"purchasable","14":"product-type-simple"},"yoast_head":"<!-- This site is optimized with the Yoast SEO plugin v26.6 - https:\/\/yoast.com\/wordpress\/plugins\/seo\/ -->\n<title>Tubo 9W aluminio funci\u00f3n emergencia - Ledsolintel<\/title>\n<meta name=\"robots\" content=\"index, follow, max-snippet:-1, max-image-preview:large, max-video-preview:-1\" \/>\n<link rel=\"canonical\" href=\"https:\/\/ledsolintel.com\/fr\/produit-2\/tubo-9w-aluminio-funcion-emergencia\/\" \/>\n<meta property=\"og:locale\" content=\"fr_FR\" \/>\n<meta property=\"og:type\" content=\"article\" \/>\n<meta property=\"og:title\" content=\"Tubo 9W aluminio funci\u00f3n emergencia - Ledsolintel\" \/>\n<meta property=\"og:description\" content=\"El tubo led T8 de 9W fabricado en aluminio y PVC, con conexi\u00f3n por las dos cabezas y cabeza rotatoria, es una opci\u00f3n eficiente y duradera para iluminar espacios residenciales, centros comerciales, tiendas, centros de salud, oficinas, almacenes o en el canal HORECA. Este tubo tiene tiene la funci\u00f3n de emergencia (bater\u00eda interna). Este tubo &hellip; Continue reading Tubo 9W aluminio funci\u00f3n emergencia\" \/>\n<meta property=\"og:url\" content=\"https:\/\/ledsolintel.com\/fr\/produit-2\/tubo-9w-aluminio-funcion-emergencia\/\" \/>\n<meta property=\"og:site_name\" content=\"Ledsolintel\" \/>\n<meta property=\"article:publisher\" content=\"http:\/\/www.facebook.com\/webmenaje\" \/>\n<meta property=\"article:modified_time\" content=\"2026-01-30T14:55:55+00:00\" \/>\n<meta property=\"og:image\" content=\"https:\/\/ledsolintel.com\/wp-content\/uploads\/2025\/11\/tubo-9w-aluminio-funcion-emergencia.jpg\" \/>\n\t<meta property=\"og:image:width\" content=\"600\" \/>\n\t<meta property=\"og:image:height\" content=\"600\" \/>\n\t<meta property=\"og:image:type\" content=\"image\/jpeg\" \/>\n<meta name=\"twitter:card\" content=\"summary_large_image\" \/>\n<meta name=\"twitter:site\" content=\"@webmenaje\" \/>\n<meta name=\"twitter:label1\" content=\"Dur\u00e9e de lecture estim\u00e9e\" \/>\n\t<meta name=\"twitter:data1\" content=\"2 minutes\" \/>\n<script type=\"application\/ld+json\" class=\"yoast-schema-graph\">{\"@context\":\"https:\/\/schema.org\",\"@graph\":[{\"@type\":\"WebPage\",\"@id\":\"https:\/\/ledsolintel.com\/product\/tubo-9w-aluminio-funcion-emergencia\/\",\"url\":\"https:\/\/ledsolintel.com\/product\/tubo-9w-aluminio-funcion-emergencia\/\",\"name\":\"Tubo 9W aluminio funci\u00f3n emergencia - Ledsolintel\",\"isPartOf\":{\"@id\":\"https:\/\/ledsolintel.com\/#website\"},\"primaryImageOfPage\":{\"@id\":\"https:\/\/ledsolintel.com\/product\/tubo-9w-aluminio-funcion-emergencia\/#primaryimage\"},\"image\":{\"@id\":\"https:\/\/ledsolintel.com\/product\/tubo-9w-aluminio-funcion-emergencia\/#primaryimage\"},\"thumbnailUrl\":\"https:\/\/ledsolintel.com\/wp-content\/uploads\/2025\/11\/tubo-9w-aluminio-funcion-emergencia.jpg\",\"datePublished\":\"2025-11-11T16:09:06+00:00\",\"dateModified\":\"2026-01-30T14:55:55+00:00\",\"breadcrumb\":{\"@id\":\"https:\/\/ledsolintel.com\/product\/tubo-9w-aluminio-funcion-emergencia\/#breadcrumb\"},\"inLanguage\":\"fr-FR\",\"potentialAction\":[{\"@type\":\"ReadAction\",\"target\":[\"https:\/\/ledsolintel.com\/product\/tubo-9w-aluminio-funcion-emergencia\/\"]}]},{\"@type\":\"ImageObject\",\"inLanguage\":\"fr-FR\",\"@id\":\"https:\/\/ledsolintel.com\/product\/tubo-9w-aluminio-funcion-emergencia\/#primaryimage\",\"url\":\"https:\/\/ledsolintel.com\/wp-content\/uploads\/2025\/11\/tubo-9w-aluminio-funcion-emergencia.jpg\",\"contentUrl\":\"https:\/\/ledsolintel.com\/wp-content\/uploads\/2025\/11\/tubo-9w-aluminio-funcion-emergencia.jpg\",\"width\":600,\"height\":600},{\"@type\":\"BreadcrumbList\",\"@id\":\"https:\/\/ledsolintel.com\/product\/tubo-9w-aluminio-funcion-emergencia\/#breadcrumb\",\"itemListElement\":[{\"@type\":\"ListItem\",\"position\":1,\"name\":\"Portada\",\"item\":\"https:\/\/ledsolintel.com\/fr\/\"},{\"@type\":\"ListItem\",\"position\":2,\"name\":\"Tienda\",\"item\":\"https:\/\/ledsolintel.com\/tienda\/\"},{\"@type\":\"ListItem\",\"position\":3,\"name\":\"Tubo 9W aluminio funci\u00f3n emergencia\"}]},{\"@type\":\"WebSite\",\"@id\":\"https:\/\/ledsolintel.com\/#website\",\"url\":\"https:\/\/ledsolintel.com\/\",\"name\":\"Webmenaje\",\"description\":\"Tienda de bombillas y l\u00e1mparas LED para profesionales\",\"publisher\":{\"@id\":\"https:\/\/ledsolintel.com\/#organization\"},\"potentialAction\":[{\"@type\":\"SearchAction\",\"target\":{\"@type\":\"EntryPoint\",\"urlTemplate\":\"https:\/\/ledsolintel.com\/?s={search_term_string}\"},\"query-input\":{\"@type\":\"PropertyValueSpecification\",\"valueRequired\":true,\"valueName\":\"search_term_string\"}}],\"inLanguage\":\"fr-FR\"},{\"@type\":\"Organization\",\"@id\":\"https:\/\/ledsolintel.com\/#organization\",\"name\":\"Solintel Noroeste, S.L.\",\"url\":\"https:\/\/ledsolintel.com\/\",\"logo\":{\"@type\":\"ImageObject\",\"inLanguage\":\"fr-FR\",\"@id\":\"https:\/\/ledsolintel.com\/#\/schema\/logo\/image\/\",\"url\":\"https:\/\/ledsolintel.com\/wp-content\/uploads\/2024\/11\/webmenaje-logo-1508269066.jpg\",\"contentUrl\":\"https:\/\/ledsolintel.com\/wp-content\/uploads\/2024\/11\/webmenaje-logo-1508269066.jpg\",\"width\":370,\"height\":90,\"caption\":\"Solintel Noroeste, S.L.\"},\"image\":{\"@id\":\"https:\/\/ledsolintel.com\/#\/schema\/logo\/image\/\"},\"sameAs\":[\"http:\/\/www.facebook.com\/webmenaje\",\"https:\/\/x.com\/webmenaje\",\"https:\/\/www.youtube.com\/channel\/UCX2KoVoeCG4LocZjUc6LmSQ\",\"http:\/\/www.pinterest.com\/webmenaje\"]}]}<\/script>\n<!-- \/ Yoast SEO plugin. -->","yoast_head_json":{"title":"Tubo 9W aluminio funci\u00f3n emergencia - Ledsolintel","robots":{"index":"index","follow":"follow","max-snippet":"max-snippet:-1","max-image-preview":"max-image-preview:large","max-video-preview":"max-video-preview:-1"},"canonical":"https:\/\/ledsolintel.com\/fr\/produit-2\/tubo-9w-aluminio-funcion-emergencia\/","og_locale":"fr_FR","og_type":"article","og_title":"Tubo 9W aluminio funci\u00f3n emergencia - Ledsolintel","og_description":"El tubo led T8 de 9W fabricado en aluminio y PVC, con conexi\u00f3n por las dos cabezas y cabeza rotatoria, es una opci\u00f3n eficiente y duradera para iluminar espacios residenciales, centros comerciales, tiendas, centros de salud, oficinas, almacenes o en el canal HORECA. Este tubo tiene tiene la funci\u00f3n de emergencia (bater\u00eda interna). Este tubo &hellip; Continue reading Tubo 9W aluminio funci\u00f3n emergencia","og_url":"https:\/\/ledsolintel.com\/fr\/produit-2\/tubo-9w-aluminio-funcion-emergencia\/","og_site_name":"Ledsolintel","article_publisher":"http:\/\/www.facebook.com\/webmenaje","article_modified_time":"2026-01-30T14:55:55+00:00","og_image":[{"width":600,"height":600,"url":"https:\/\/ledsolintel.com\/wp-content\/uploads\/2025\/11\/tubo-9w-aluminio-funcion-emergencia.jpg","type":"image\/jpeg"}],"twitter_card":"summary_large_image","twitter_site":"@webmenaje","twitter_misc":{"Dur\u00e9e de lecture estim\u00e9e":"2 minutes"},"schema":{"@context":"https:\/\/schema.org","@graph":[{"@type":"WebPage","@id":"https:\/\/ledsolintel.com\/product\/tubo-9w-aluminio-funcion-emergencia\/","url":"https:\/\/ledsolintel.com\/product\/tubo-9w-aluminio-funcion-emergencia\/","name":"Tubo 9W aluminio funci\u00f3n emergencia - Ledsolintel","isPartOf":{"@id":"https:\/\/ledsolintel.com\/#website"},"primaryImageOfPage":{"@id":"https:\/\/ledsolintel.com\/product\/tubo-9w-aluminio-funcion-emergencia\/#primaryimage"},"image":{"@id":"https:\/\/ledsolintel.com\/product\/tubo-9w-aluminio-funcion-emergencia\/#primaryimage"},"thumbnailUrl":"https:\/\/ledsolintel.com\/wp-content\/uploads\/2025\/11\/tubo-9w-aluminio-funcion-emergencia.jpg","datePublished":"2025-11-11T16:09:06+00:00","dateModified":"2026-01-30T14:55:55+00:00","breadcrumb":{"@id":"https:\/\/ledsolintel.com\/product\/tubo-9w-aluminio-funcion-emergencia\/#breadcrumb"},"inLanguage":"fr-FR","potentialAction":[{"@type":"ReadAction","target":["https:\/\/ledsolintel.com\/product\/tubo-9w-aluminio-funcion-emergencia\/"]}]},{"@type":"ImageObject","inLanguage":"fr-FR","@id":"https:\/\/ledsolintel.com\/product\/tubo-9w-aluminio-funcion-emergencia\/#primaryimage","url":"https:\/\/ledsolintel.com\/wp-content\/uploads\/2025\/11\/tubo-9w-aluminio-funcion-emergencia.jpg","contentUrl":"https:\/\/ledsolintel.com\/wp-content\/uploads\/2025\/11\/tubo-9w-aluminio-funcion-emergencia.jpg","width":600,"height":600},{"@type":"BreadcrumbList","@id":"https:\/\/ledsolintel.com\/product\/tubo-9w-aluminio-funcion-emergencia\/#breadcrumb","itemListElement":[{"@type":"ListItem","position":1,"name":"Portada","item":"https:\/\/ledsolintel.com\/fr\/"},{"@type":"ListItem","position":2,"name":"Tienda","item":"https:\/\/ledsolintel.com\/tienda\/"},{"@type":"ListItem","position":3,"name":"Tubo 9W aluminio funci\u00f3n emergencia"}]},{"@type":"WebSite","@id":"https:\/\/ledsolintel.com\/#website","url":"https:\/\/ledsolintel.com\/","name":"Webmenaje","description":"Magasin d'ampoules et de lampes LED pour les professionnels","publisher":{"@id":"https:\/\/ledsolintel.com\/#organization"},"potentialAction":[{"@type":"SearchAction","target":{"@type":"EntryPoint","urlTemplate":"https:\/\/ledsolintel.com\/?s={search_term_string}"},"query-input":{"@type":"PropertyValueSpecification","valueRequired":true,"valueName":"search_term_string"}}],"inLanguage":"fr-FR"},{"@type":"Organization","@id":"https:\/\/ledsolintel.com\/#organization","name":"Solintel Noroeste, S.L.","url":"https:\/\/ledsolintel.com\/","logo":{"@type":"ImageObject","inLanguage":"fr-FR","@id":"https:\/\/ledsolintel.com\/#\/schema\/logo\/image\/","url":"https:\/\/ledsolintel.com\/wp-content\/uploads\/2024\/11\/webmenaje-logo-1508269066.jpg","contentUrl":"https:\/\/ledsolintel.com\/wp-content\/uploads\/2024\/11\/webmenaje-logo-1508269066.jpg","width":370,"height":90,"caption":"Solintel Noroeste, S.L."},"image":{"@id":"https:\/\/ledsolintel.com\/#\/schema\/logo\/image\/"},"sameAs":["http:\/\/www.facebook.com\/webmenaje","https:\/\/x.com\/webmenaje","https:\/\/www.youtube.com\/channel\/UCX2KoVoeCG4LocZjUc6LmSQ","http:\/\/www.pinterest.com\/webmenaje"]}]}},"_links":{"self":[{"href":"https:\/\/ledsolintel.com\/fr\/wp-json\/wp\/v2\/product\/269075","targetHints":{"allow":["GET"]}}],"collection":[{"href":"https:\/\/ledsolintel.com\/fr\/wp-json\/wp\/v2\/product"}],"about":[{"href":"https:\/\/ledsolintel.com\/fr\/wp-json\/wp\/v2\/types\/product"}],"version-history":[{"count":1,"href":"https:\/\/ledsolintel.com\/fr\/wp-json\/wp\/v2\/product\/269075\/revisions"}],"predecessor-version":[{"id":269076,"href":"https:\/\/ledsolintel.com\/fr\/wp-json\/wp\/v2\/product\/269075\/revisions\/269076"}],"wp:featuredmedia":[{"embeddable":true,"href":"https:\/\/ledsolintel.com\/fr\/wp-json\/wp\/v2\/media\/263885"}],"wp:attachment":[{"href":"https:\/\/ledsolintel.com\/fr\/wp-json\/wp\/v2\/media?parent=269075"}],"wp:term":[{"taxonomy":"product_brand","embeddable":true,"href":"https:\/\/ledsolintel.com\/fr\/wp-json\/wp\/v2\/product_brand?post=269075"},{"taxonomy":"product_cat","embeddable":true,"href":"https:\/\/ledsolintel.com\/fr\/wp-json\/wp\/v2\/product_cat?post=269075"},{"taxonomy":"product_tag","embeddable":true,"href":"https:\/\/ledsolintel.com\/fr\/wp-json\/wp\/v2\/product_tag?post=269075"}],"curies":[{"name":"wp","href":"https:\/\/api.w.org\/{rel}","templated":true}]}}