{"id":269066,"date":"2025-11-11T17:08:59","date_gmt":"2025-11-11T16:08:59","guid":{"rendered":"https:\/\/nueva.ledsolintel.com\/product\/kit-enchufe-rapido-para-tira-led-cob-220v\/"},"modified":"2026-04-07T10:18:54","modified_gmt":"2026-04-07T08:18:54","slug":"kit-de-branchement-rapide-pour-bande-led-cob-220v","status":"publish","type":"product","link":"https:\/\/ledsolintel.com\/fr\/produit-2\/kit-de-branchement-rapide-pour-bande-led-cob-220v\/","title":{"rendered":"Kit de branchement rapide pour bandes LED COB 220V"},"content":{"rendered":"<p>Kit de connexion pour barrettes de LED unicolores de type COB en 220V. Particuli\u00e8rement adapt\u00e9 \u00e0 nos barrettes COB 220V avec coupe de 50cm. Ce nouveau mod\u00e8le de kit se connecte \u00e0 la bande au moyen d'un syst\u00e8me de clips, sans qu'il soit n\u00e9cessaire d'utiliser des broches de connexion, ce qui rend l'op\u00e9ration plus facile et plus s\u00fbre.     Le kit comprend : Redresseur de courant \u00e0 double isolation (IP65).     Il est capable de supporter une puissance de 100-240V et une fr\u00e9quence de fonctionnement de 50\/60 Hz. Courant de sortie de 8A.     Il est con\u00e7u pour \u00eatre install\u00e9 \u00e0 l'int\u00e9rieur et \u00e0 l'ext\u00e9rieur gr\u00e2ce \u00e0 son degr\u00e9 de protection IP65 (protection totale contre la poussi\u00e8re et les jets d'eau).     Il est garanti 3 ans. Il poss\u00e8de \u00e9galement le certificat CE, qui atteste qu'il est conforme aux exigences de l'UE en mati\u00e8re de compatibilit\u00e9 \u00e9lectromagn\u00e9tique et de r\u00e9glementation sur la basse tension. Ce certificat d\u00e9clare la conformit\u00e9 du produit \u00e0 toutes les exigences l\u00e9gales et garantit la validit\u00e9 de la vente du produit dans l'ensemble de l'Espace \u00e9conomique europ\u00e9en.<\/p>","protected":false},"excerpt":{"rendered":"<p>Kit de conexi\u00f3n para tiras led de 220V monocolor tipo COB. Especialmente indicado para nuestras tiras COB de 220V con 50cm de corte. Este nuevo modelo de kit se conecta a la tira mediante un sistema de clip, sin necesidad de utilizar pinchos conectores, siendo as\u00ed m\u00e1s f\u00e1cil y seguro. \u00a0 El kit incluye: Rectificador &hellip; <a href=\"https:\/\/ledsolintel.com\/fr\/produit-2\/kit-de-branchement-rapide-pour-bande-led-cob-220v\/\" class=\"more-link\">Continue reading <span class=\"screen-reader-text\">Kit de branchement rapide pour bandes LED COB 220V<\/span><\/a><\/p>","protected":false},"featured_media":263869,"template":"","meta":[],"product_brand":[101370],"product_cat":[101371,15],"product_tag":[],"class_list":{"0":"post-269066","1":"product","2":"type-product","3":"status-publish","4":"has-post-thumbnail","6":"product_brand-masterled","7":"product_cat-masterled","8":"product_cat-uncategorized","9":"pa_voltaje-220v","12":"instock","13":"taxable","14":"shipping-taxable","15":"purchasable","16":"product-type-simple"},"yoast_head":"<!-- This site is optimized with the Yoast SEO plugin v27.4 - https:\/\/yoast.com\/product\/yoast-seo-wordpress\/ -->\n<title>Kit enchufe r\u00e1pido para tira led COB 220V - Ledsolintel<\/title>\n<meta name=\"robots\" content=\"index, follow, max-snippet:-1, max-image-preview:large, max-video-preview:-1\" \/>\n<link rel=\"canonical\" href=\"https:\/\/ledsolintel.com\/fr\/produit-2\/kit-de-branchement-rapide-pour-bande-led-cob-220v\/\" \/>\n<meta property=\"og:locale\" content=\"fr_FR\" \/>\n<meta property=\"og:type\" content=\"article\" \/>\n<meta property=\"og:title\" content=\"Kit enchufe r\u00e1pido para tira led COB 220V - Ledsolintel\" \/>\n<meta property=\"og:description\" content=\"Kit de conexi\u00f3n para tiras led de 220V monocolor tipo COB. Especialmente indicado para nuestras tiras COB de 220V con 50cm de corte. Este nuevo modelo de kit se conecta a la tira mediante un sistema de clip, sin necesidad de utilizar pinchos conectores, siendo as\u00ed m\u00e1s f\u00e1cil y seguro. \u00a0 El kit incluye: Rectificador &hellip; Continue reading Kit enchufe r\u00e1pido para tira led COB 220V\" \/>\n<meta property=\"og:url\" content=\"https:\/\/ledsolintel.com\/fr\/produit-2\/kit-de-branchement-rapide-pour-bande-led-cob-220v\/\" \/>\n<meta property=\"og:site_name\" content=\"Ledsolintel\" \/>\n<meta property=\"article:publisher\" content=\"http:\/\/www.facebook.com\/webmenaje\" \/>\n<meta property=\"article:modified_time\" content=\"2026-04-07T08:18:54+00:00\" \/>\n<meta property=\"og:image\" content=\"https:\/\/ledsolintel.com\/wp-content\/uploads\/2025\/11\/kit-enchufe-rapido-para-tira-led-cob-220v.jpg\" \/>\n\t<meta property=\"og:image:width\" content=\"1500\" \/>\n\t<meta property=\"og:image:height\" content=\"1500\" \/>\n\t<meta property=\"og:image:type\" content=\"image\/jpeg\" \/>\n<meta name=\"twitter:card\" content=\"summary_large_image\" \/>\n<meta name=\"twitter:site\" content=\"@webmenaje\" \/>\n<meta name=\"twitter:label1\" content=\"Dur\u00e9e de lecture estim\u00e9e\" \/>\n\t<meta name=\"twitter:data1\" content=\"1 minute\" \/>\n<script type=\"application\/ld+json\" class=\"yoast-schema-graph\">{\"@context\":\"https:\\\/\\\/schema.org\",\"@graph\":[{\"@type\":\"WebPage\",\"@id\":\"https:\\\/\\\/ledsolintel.com\\\/product\\\/kit-enchufe-rapido-para-tira-led-cob-220v\\\/\",\"url\":\"https:\\\/\\\/ledsolintel.com\\\/product\\\/kit-enchufe-rapido-para-tira-led-cob-220v\\\/\",\"name\":\"Kit enchufe r\u00e1pido para tira led COB 220V - Ledsolintel\",\"isPartOf\":{\"@id\":\"https:\\\/\\\/ledsolintel.com\\\/#website\"},\"primaryImageOfPage\":{\"@id\":\"https:\\\/\\\/ledsolintel.com\\\/product\\\/kit-enchufe-rapido-para-tira-led-cob-220v\\\/#primaryimage\"},\"image\":{\"@id\":\"https:\\\/\\\/ledsolintel.com\\\/product\\\/kit-enchufe-rapido-para-tira-led-cob-220v\\\/#primaryimage\"},\"thumbnailUrl\":\"https:\\\/\\\/ledsolintel.com\\\/wp-content\\\/uploads\\\/2025\\\/11\\\/kit-enchufe-rapido-para-tira-led-cob-220v.jpg\",\"datePublished\":\"2025-11-11T16:08:59+00:00\",\"dateModified\":\"2026-04-07T08:18:54+00:00\",\"breadcrumb\":{\"@id\":\"https:\\\/\\\/ledsolintel.com\\\/product\\\/kit-enchufe-rapido-para-tira-led-cob-220v\\\/#breadcrumb\"},\"inLanguage\":\"fr-FR\",\"potentialAction\":[{\"@type\":\"ReadAction\",\"target\":[\"https:\\\/\\\/ledsolintel.com\\\/product\\\/kit-enchufe-rapido-para-tira-led-cob-220v\\\/\"]}]},{\"@type\":\"ImageObject\",\"inLanguage\":\"fr-FR\",\"@id\":\"https:\\\/\\\/ledsolintel.com\\\/product\\\/kit-enchufe-rapido-para-tira-led-cob-220v\\\/#primaryimage\",\"url\":\"https:\\\/\\\/ledsolintel.com\\\/wp-content\\\/uploads\\\/2025\\\/11\\\/kit-enchufe-rapido-para-tira-led-cob-220v.jpg\",\"contentUrl\":\"https:\\\/\\\/ledsolintel.com\\\/wp-content\\\/uploads\\\/2025\\\/11\\\/kit-enchufe-rapido-para-tira-led-cob-220v.jpg\",\"width\":1500,\"height\":1500},{\"@type\":\"BreadcrumbList\",\"@id\":\"https:\\\/\\\/ledsolintel.com\\\/product\\\/kit-enchufe-rapido-para-tira-led-cob-220v\\\/#breadcrumb\",\"itemListElement\":[{\"@type\":\"ListItem\",\"position\":1,\"name\":\"Portada\",\"item\":\"https:\\\/\\\/ledsolintel.com\\\/fr\\\/\"},{\"@type\":\"ListItem\",\"position\":2,\"name\":\"Tienda\",\"item\":\"https:\\\/\\\/ledsolintel.com\\\/tienda\\\/\"},{\"@type\":\"ListItem\",\"position\":3,\"name\":\"Kit enchufe r\u00e1pido para tira led COB 220V\"}]},{\"@type\":\"WebSite\",\"@id\":\"https:\\\/\\\/ledsolintel.com\\\/#website\",\"url\":\"https:\\\/\\\/ledsolintel.com\\\/\",\"name\":\"Webmenaje\",\"description\":\"Tienda de bombillas y l\u00e1mparas LED para profesionales\",\"publisher\":{\"@id\":\"https:\\\/\\\/ledsolintel.com\\\/#organization\"},\"potentialAction\":[{\"@type\":\"SearchAction\",\"target\":{\"@type\":\"EntryPoint\",\"urlTemplate\":\"https:\\\/\\\/ledsolintel.com\\\/?s={search_term_string}\"},\"query-input\":{\"@type\":\"PropertyValueSpecification\",\"valueRequired\":true,\"valueName\":\"search_term_string\"}}],\"inLanguage\":\"fr-FR\"},{\"@type\":\"Organization\",\"@id\":\"https:\\\/\\\/ledsolintel.com\\\/#organization\",\"name\":\"Solintel Noroeste, S.L.\",\"url\":\"https:\\\/\\\/ledsolintel.com\\\/\",\"logo\":{\"@type\":\"ImageObject\",\"inLanguage\":\"fr-FR\",\"@id\":\"https:\\\/\\\/ledsolintel.com\\\/#\\\/schema\\\/logo\\\/image\\\/\",\"url\":\"https:\\\/\\\/ledsolintel.com\\\/wp-content\\\/uploads\\\/2024\\\/11\\\/webmenaje-logo-1508269066.jpg\",\"contentUrl\":\"https:\\\/\\\/ledsolintel.com\\\/wp-content\\\/uploads\\\/2024\\\/11\\\/webmenaje-logo-1508269066.jpg\",\"width\":370,\"height\":90,\"caption\":\"Solintel Noroeste, S.L.\"},\"image\":{\"@id\":\"https:\\\/\\\/ledsolintel.com\\\/#\\\/schema\\\/logo\\\/image\\\/\"},\"sameAs\":[\"http:\\\/\\\/www.facebook.com\\\/webmenaje\",\"https:\\\/\\\/x.com\\\/webmenaje\",\"https:\\\/\\\/www.youtube.com\\\/channel\\\/UCX2KoVoeCG4LocZjUc6LmSQ\",\"http:\\\/\\\/www.pinterest.com\\\/webmenaje\"]}]}<\/script>\n<!-- \/ Yoast SEO plugin. -->","yoast_head_json":{"title":"Kit de branchement rapide pour bande de leds COB 220V - Ledsolintel","robots":{"index":"index","follow":"follow","max-snippet":"max-snippet:-1","max-image-preview":"max-image-preview:large","max-video-preview":"max-video-preview:-1"},"canonical":"https:\/\/ledsolintel.com\/fr\/produit-2\/kit-de-branchement-rapide-pour-bande-led-cob-220v\/","og_locale":"fr_FR","og_type":"article","og_title":"Kit enchufe r\u00e1pido para tira led COB 220V - Ledsolintel","og_description":"Kit de conexi\u00f3n para tiras led de 220V monocolor tipo COB. Especialmente indicado para nuestras tiras COB de 220V con 50cm de corte. Este nuevo modelo de kit se conecta a la tira mediante un sistema de clip, sin necesidad de utilizar pinchos conectores, siendo as\u00ed m\u00e1s f\u00e1cil y seguro. \u00a0 El kit incluye: Rectificador &hellip; Continue reading Kit enchufe r\u00e1pido para tira led COB 220V","og_url":"https:\/\/ledsolintel.com\/fr\/produit-2\/kit-de-branchement-rapide-pour-bande-led-cob-220v\/","og_site_name":"Ledsolintel","article_publisher":"http:\/\/www.facebook.com\/webmenaje","article_modified_time":"2026-04-07T08:18:54+00:00","og_image":[{"width":1500,"height":1500,"url":"https:\/\/ledsolintel.com\/wp-content\/uploads\/2025\/11\/kit-enchufe-rapido-para-tira-led-cob-220v.jpg","type":"image\/jpeg"}],"twitter_card":"summary_large_image","twitter_site":"@webmenaje","twitter_misc":{"Dur\u00e9e de lecture estim\u00e9e":"1 minute"},"schema":{"@context":"https:\/\/schema.org","@graph":[{"@type":"WebPage","@id":"https:\/\/ledsolintel.com\/product\/kit-enchufe-rapido-para-tira-led-cob-220v\/","url":"https:\/\/ledsolintel.com\/product\/kit-enchufe-rapido-para-tira-led-cob-220v\/","name":"Kit de branchement rapide pour bande de leds COB 220V - Ledsolintel","isPartOf":{"@id":"https:\/\/ledsolintel.com\/#website"},"primaryImageOfPage":{"@id":"https:\/\/ledsolintel.com\/product\/kit-enchufe-rapido-para-tira-led-cob-220v\/#primaryimage"},"image":{"@id":"https:\/\/ledsolintel.com\/product\/kit-enchufe-rapido-para-tira-led-cob-220v\/#primaryimage"},"thumbnailUrl":"https:\/\/ledsolintel.com\/wp-content\/uploads\/2025\/11\/kit-enchufe-rapido-para-tira-led-cob-220v.jpg","datePublished":"2025-11-11T16:08:59+00:00","dateModified":"2026-04-07T08:18:54+00:00","breadcrumb":{"@id":"https:\/\/ledsolintel.com\/product\/kit-enchufe-rapido-para-tira-led-cob-220v\/#breadcrumb"},"inLanguage":"fr-FR","potentialAction":[{"@type":"ReadAction","target":["https:\/\/ledsolintel.com\/product\/kit-enchufe-rapido-para-tira-led-cob-220v\/"]}]},{"@type":"ImageObject","inLanguage":"fr-FR","@id":"https:\/\/ledsolintel.com\/product\/kit-enchufe-rapido-para-tira-led-cob-220v\/#primaryimage","url":"https:\/\/ledsolintel.com\/wp-content\/uploads\/2025\/11\/kit-enchufe-rapido-para-tira-led-cob-220v.jpg","contentUrl":"https:\/\/ledsolintel.com\/wp-content\/uploads\/2025\/11\/kit-enchufe-rapido-para-tira-led-cob-220v.jpg","width":1500,"height":1500},{"@type":"BreadcrumbList","@id":"https:\/\/ledsolintel.com\/product\/kit-enchufe-rapido-para-tira-led-cob-220v\/#breadcrumb","itemListElement":[{"@type":"ListItem","position":1,"name":"Portada","item":"https:\/\/ledsolintel.com\/fr\/"},{"@type":"ListItem","position":2,"name":"Tienda","item":"https:\/\/ledsolintel.com\/tienda\/"},{"@type":"ListItem","position":3,"name":"Kit enchufe r\u00e1pido para tira led COB 220V"}]},{"@type":"WebSite","@id":"https:\/\/ledsolintel.com\/#website","url":"https:\/\/ledsolintel.com\/","name":"Webmenaje","description":"Magasin d'ampoules et de lampes LED pour les professionnels","publisher":{"@id":"https:\/\/ledsolintel.com\/#organization"},"potentialAction":[{"@type":"SearchAction","target":{"@type":"EntryPoint","urlTemplate":"https:\/\/ledsolintel.com\/?s={search_term_string}"},"query-input":{"@type":"PropertyValueSpecification","valueRequired":true,"valueName":"search_term_string"}}],"inLanguage":"fr-FR"},{"@type":"Organization","@id":"https:\/\/ledsolintel.com\/#organization","name":"Solintel Noroeste, S.L.","url":"https:\/\/ledsolintel.com\/","logo":{"@type":"ImageObject","inLanguage":"fr-FR","@id":"https:\/\/ledsolintel.com\/#\/schema\/logo\/image\/","url":"https:\/\/ledsolintel.com\/wp-content\/uploads\/2024\/11\/webmenaje-logo-1508269066.jpg","contentUrl":"https:\/\/ledsolintel.com\/wp-content\/uploads\/2024\/11\/webmenaje-logo-1508269066.jpg","width":370,"height":90,"caption":"Solintel Noroeste, S.L."},"image":{"@id":"https:\/\/ledsolintel.com\/#\/schema\/logo\/image\/"},"sameAs":["http:\/\/www.facebook.com\/webmenaje","https:\/\/x.com\/webmenaje","https:\/\/www.youtube.com\/channel\/UCX2KoVoeCG4LocZjUc6LmSQ","http:\/\/www.pinterest.com\/webmenaje"]}]}},"_links":{"self":[{"href":"https:\/\/ledsolintel.com\/fr\/wp-json\/wp\/v2\/product\/269066","targetHints":{"allow":["GET"]}}],"collection":[{"href":"https:\/\/ledsolintel.com\/fr\/wp-json\/wp\/v2\/product"}],"about":[{"href":"https:\/\/ledsolintel.com\/fr\/wp-json\/wp\/v2\/types\/product"}],"version-history":[{"count":1,"href":"https:\/\/ledsolintel.com\/fr\/wp-json\/wp\/v2\/product\/269066\/revisions"}],"predecessor-version":[{"id":269067,"href":"https:\/\/ledsolintel.com\/fr\/wp-json\/wp\/v2\/product\/269066\/revisions\/269067"}],"wp:featuredmedia":[{"embeddable":true,"href":"https:\/\/ledsolintel.com\/fr\/wp-json\/wp\/v2\/media\/263869"}],"wp:attachment":[{"href":"https:\/\/ledsolintel.com\/fr\/wp-json\/wp\/v2\/media?parent=269066"}],"wp:term":[{"taxonomy":"product_brand","embeddable":true,"href":"https:\/\/ledsolintel.com\/fr\/wp-json\/wp\/v2\/product_brand?post=269066"},{"taxonomy":"product_cat","embeddable":true,"href":"https:\/\/ledsolintel.com\/fr\/wp-json\/wp\/v2\/product_cat?post=269066"},{"taxonomy":"product_tag","embeddable":true,"href":"https:\/\/ledsolintel.com\/fr\/wp-json\/wp\/v2\/product_tag?post=269066"}],"curies":[{"name":"wp","href":"https:\/\/api.w.org\/{rel}","templated":true}]}}