{"id":269052,"date":"2025-11-11T17:08:46","date_gmt":"2025-11-11T16:08:46","guid":{"rendered":"https:\/\/nueva.ledsolintel.com\/product\/enchufe-usb-ac-para-rail-2-4a\/"},"modified":"2026-01-30T15:57:06","modified_gmt":"2026-01-30T14:57:06","slug":"enchufe-usb-ac-para-rail-2-4a","status":"publish","type":"product","link":"https:\/\/ledsolintel.com\/fr\/produit-2\/enchufe-usb-ac-para-rail-2-4a\/","title":{"rendered":"Prise USB A+C pour rail 2,4A"},"content":{"rendered":"<p>Base de enchufe con dos tomas USB (A+C) para instalaci\u00f3n en carril lineal, con acabado en color gris. Ideal para alimentar o cargar peque\u00f1os aparatos el\u00e9ctricos y electr\u00f3nicos. Su instalaci\u00f3n es muy simple, basta con colocarlo en el carril y girarlo 90\u00ba para que quede instalado. Se puede colocar y retirar f\u00e1cilmente en los carriles para ponerlo r\u00e1pidamente en donde sea necesario. En su base tiene un testigo luminoso de color azul para su f\u00e1cil localizaci\u00f3n en la oscuridad.  Est\u00e1 dise\u00f1ado en ABS con las medidas de \u00d8 60 x 40 mm.  Carga m\u00e1xima soportada: 10A  Permite un voltaje de entrada de 200\/240V y una frecuencia de servicio de 50\/60 Hz.  Debido a su grado de protecci\u00f3n IP20 es ideal para instalar en zonas interiores (protecci\u00f3n contra part\u00edculas s\u00f3lidas de tama\u00f1o superior a 12mm y no es resistente al agua).  Dispone de una garant\u00eda de 3 a\u00f1os. Cuenta tambi\u00e9n con el certificado CE, que acredita que se cumple con los requisitos de la UE respecto a compatibilidad electromagn\u00e9tica y normativa de baja tensi\u00f3n. Con este certificado se declara la conformidad de dicho producto con todos los requisitos legales exigidos, y asegura la validez del producto para ser vendido en todo el Espacio Econ\u00f3mico Europeo.<\/p>","protected":false},"excerpt":{"rendered":"<p>Base de enchufe con dos tomas USB (A+C) para instalaci\u00f3n en carril lineal, con acabado en color gris. Ideal para alimentar o cargar peque\u00f1os aparatos el\u00e9ctricos y electr\u00f3nicos. Su instalaci\u00f3n es muy simple, basta con colocarlo en el carril y girarlo 90\u00ba para que quede instalado. Se puede colocar y retirar f\u00e1cilmente en los carriles &hellip; <a href=\"https:\/\/ledsolintel.com\/fr\/produit-2\/enchufe-usb-ac-para-rail-2-4a\/\" class=\"more-link\">Continue reading <span class=\"screen-reader-text\">Prise USB A+C pour rail 2,4A<\/span><\/a><\/p>","protected":false},"featured_media":263837,"template":"","meta":[],"product_brand":[101370],"product_cat":[15,101371],"product_tag":[],"class_list":{"0":"post-269052","1":"product","2":"type-product","3":"status-publish","4":"has-post-thumbnail","6":"product_brand-masterled","7":"product_cat-uncategorized","8":"product_cat-masterled","9":"pa_color-gris","12":"instock","13":"purchasable","14":"product-type-simple"},"yoast_head":"<!-- This site is optimized with the Yoast SEO plugin v26.6 - https:\/\/yoast.com\/wordpress\/plugins\/seo\/ -->\n<title>Enchufe USB A+C para rail 2.4A - Ledsolintel<\/title>\n<meta name=\"robots\" content=\"index, follow, max-snippet:-1, max-image-preview:large, max-video-preview:-1\" \/>\n<link rel=\"canonical\" href=\"https:\/\/ledsolintel.com\/fr\/produit-2\/enchufe-usb-ac-para-rail-2-4a\/\" \/>\n<meta property=\"og:locale\" content=\"fr_FR\" \/>\n<meta property=\"og:type\" content=\"article\" \/>\n<meta property=\"og:title\" content=\"Enchufe USB A+C para rail 2.4A - Ledsolintel\" \/>\n<meta property=\"og:description\" content=\"Base de enchufe con dos tomas USB (A+C) para instalaci\u00f3n en carril lineal, con acabado en color gris. Ideal para alimentar o cargar peque\u00f1os aparatos el\u00e9ctricos y electr\u00f3nicos. Su instalaci\u00f3n es muy simple, basta con colocarlo en el carril y girarlo 90\u00ba para que quede instalado. Se puede colocar y retirar f\u00e1cilmente en los carriles &hellip; Continue reading Enchufe USB A+C para rail 2.4A\" \/>\n<meta property=\"og:url\" content=\"https:\/\/ledsolintel.com\/fr\/produit-2\/enchufe-usb-ac-para-rail-2-4a\/\" \/>\n<meta property=\"og:site_name\" content=\"Ledsolintel\" \/>\n<meta property=\"article:publisher\" content=\"http:\/\/www.facebook.com\/webmenaje\" \/>\n<meta property=\"article:modified_time\" content=\"2026-01-30T14:57:06+00:00\" \/>\n<meta property=\"og:image\" content=\"https:\/\/ledsolintel.com\/wp-content\/uploads\/2025\/11\/enchufe-usb-ac-para-rail-24a.jpg\" \/>\n\t<meta property=\"og:image:width\" content=\"1500\" \/>\n\t<meta property=\"og:image:height\" content=\"1500\" \/>\n\t<meta property=\"og:image:type\" content=\"image\/jpeg\" \/>\n<meta name=\"twitter:card\" content=\"summary_large_image\" \/>\n<meta name=\"twitter:site\" content=\"@webmenaje\" \/>\n<meta name=\"twitter:label1\" content=\"Dur\u00e9e de lecture estim\u00e9e\" \/>\n\t<meta name=\"twitter:data1\" content=\"1 minute\" \/>\n<script type=\"application\/ld+json\" class=\"yoast-schema-graph\">{\"@context\":\"https:\/\/schema.org\",\"@graph\":[{\"@type\":\"WebPage\",\"@id\":\"https:\/\/ledsolintel.com\/product\/enchufe-usb-ac-para-rail-2-4a\/\",\"url\":\"https:\/\/ledsolintel.com\/product\/enchufe-usb-ac-para-rail-2-4a\/\",\"name\":\"Enchufe USB A+C para rail 2.4A - Ledsolintel\",\"isPartOf\":{\"@id\":\"https:\/\/ledsolintel.com\/#website\"},\"primaryImageOfPage\":{\"@id\":\"https:\/\/ledsolintel.com\/product\/enchufe-usb-ac-para-rail-2-4a\/#primaryimage\"},\"image\":{\"@id\":\"https:\/\/ledsolintel.com\/product\/enchufe-usb-ac-para-rail-2-4a\/#primaryimage\"},\"thumbnailUrl\":\"https:\/\/ledsolintel.com\/wp-content\/uploads\/2025\/11\/enchufe-usb-ac-para-rail-24a.jpg\",\"datePublished\":\"2025-11-11T16:08:46+00:00\",\"dateModified\":\"2026-01-30T14:57:06+00:00\",\"breadcrumb\":{\"@id\":\"https:\/\/ledsolintel.com\/product\/enchufe-usb-ac-para-rail-2-4a\/#breadcrumb\"},\"inLanguage\":\"fr-FR\",\"potentialAction\":[{\"@type\":\"ReadAction\",\"target\":[\"https:\/\/ledsolintel.com\/product\/enchufe-usb-ac-para-rail-2-4a\/\"]}]},{\"@type\":\"ImageObject\",\"inLanguage\":\"fr-FR\",\"@id\":\"https:\/\/ledsolintel.com\/product\/enchufe-usb-ac-para-rail-2-4a\/#primaryimage\",\"url\":\"https:\/\/ledsolintel.com\/wp-content\/uploads\/2025\/11\/enchufe-usb-ac-para-rail-24a.jpg\",\"contentUrl\":\"https:\/\/ledsolintel.com\/wp-content\/uploads\/2025\/11\/enchufe-usb-ac-para-rail-24a.jpg\",\"width\":1500,\"height\":1500},{\"@type\":\"BreadcrumbList\",\"@id\":\"https:\/\/ledsolintel.com\/product\/enchufe-usb-ac-para-rail-2-4a\/#breadcrumb\",\"itemListElement\":[{\"@type\":\"ListItem\",\"position\":1,\"name\":\"Portada\",\"item\":\"https:\/\/ledsolintel.com\/fr\/\"},{\"@type\":\"ListItem\",\"position\":2,\"name\":\"Tienda\",\"item\":\"https:\/\/ledsolintel.com\/tienda\/\"},{\"@type\":\"ListItem\",\"position\":3,\"name\":\"Enchufe USB A+C para rail 2.4A\"}]},{\"@type\":\"WebSite\",\"@id\":\"https:\/\/ledsolintel.com\/#website\",\"url\":\"https:\/\/ledsolintel.com\/\",\"name\":\"Webmenaje\",\"description\":\"Tienda de bombillas y l\u00e1mparas LED para profesionales\",\"publisher\":{\"@id\":\"https:\/\/ledsolintel.com\/#organization\"},\"potentialAction\":[{\"@type\":\"SearchAction\",\"target\":{\"@type\":\"EntryPoint\",\"urlTemplate\":\"https:\/\/ledsolintel.com\/?s={search_term_string}\"},\"query-input\":{\"@type\":\"PropertyValueSpecification\",\"valueRequired\":true,\"valueName\":\"search_term_string\"}}],\"inLanguage\":\"fr-FR\"},{\"@type\":\"Organization\",\"@id\":\"https:\/\/ledsolintel.com\/#organization\",\"name\":\"Solintel Noroeste, S.L.\",\"url\":\"https:\/\/ledsolintel.com\/\",\"logo\":{\"@type\":\"ImageObject\",\"inLanguage\":\"fr-FR\",\"@id\":\"https:\/\/ledsolintel.com\/#\/schema\/logo\/image\/\",\"url\":\"https:\/\/ledsolintel.com\/wp-content\/uploads\/2024\/11\/webmenaje-logo-1508269066.jpg\",\"contentUrl\":\"https:\/\/ledsolintel.com\/wp-content\/uploads\/2024\/11\/webmenaje-logo-1508269066.jpg\",\"width\":370,\"height\":90,\"caption\":\"Solintel Noroeste, S.L.\"},\"image\":{\"@id\":\"https:\/\/ledsolintel.com\/#\/schema\/logo\/image\/\"},\"sameAs\":[\"http:\/\/www.facebook.com\/webmenaje\",\"https:\/\/x.com\/webmenaje\",\"https:\/\/www.youtube.com\/channel\/UCX2KoVoeCG4LocZjUc6LmSQ\",\"http:\/\/www.pinterest.com\/webmenaje\"]}]}<\/script>\n<!-- \/ Yoast SEO plugin. -->","yoast_head_json":{"title":"Enchufe USB A+C para rail 2.4A - Ledsolintel","robots":{"index":"index","follow":"follow","max-snippet":"max-snippet:-1","max-image-preview":"max-image-preview:large","max-video-preview":"max-video-preview:-1"},"canonical":"https:\/\/ledsolintel.com\/fr\/produit-2\/enchufe-usb-ac-para-rail-2-4a\/","og_locale":"fr_FR","og_type":"article","og_title":"Enchufe USB A+C para rail 2.4A - Ledsolintel","og_description":"Base de enchufe con dos tomas USB (A+C) para instalaci\u00f3n en carril lineal, con acabado en color gris. Ideal para alimentar o cargar peque\u00f1os aparatos el\u00e9ctricos y electr\u00f3nicos. Su instalaci\u00f3n es muy simple, basta con colocarlo en el carril y girarlo 90\u00ba para que quede instalado. Se puede colocar y retirar f\u00e1cilmente en los carriles &hellip; Continue reading Enchufe USB A+C para rail 2.4A","og_url":"https:\/\/ledsolintel.com\/fr\/produit-2\/enchufe-usb-ac-para-rail-2-4a\/","og_site_name":"Ledsolintel","article_publisher":"http:\/\/www.facebook.com\/webmenaje","article_modified_time":"2026-01-30T14:57:06+00:00","og_image":[{"width":1500,"height":1500,"url":"https:\/\/ledsolintel.com\/wp-content\/uploads\/2025\/11\/enchufe-usb-ac-para-rail-24a.jpg","type":"image\/jpeg"}],"twitter_card":"summary_large_image","twitter_site":"@webmenaje","twitter_misc":{"Dur\u00e9e de lecture estim\u00e9e":"1 minute"},"schema":{"@context":"https:\/\/schema.org","@graph":[{"@type":"WebPage","@id":"https:\/\/ledsolintel.com\/product\/enchufe-usb-ac-para-rail-2-4a\/","url":"https:\/\/ledsolintel.com\/product\/enchufe-usb-ac-para-rail-2-4a\/","name":"Enchufe USB A+C para rail 2.4A - Ledsolintel","isPartOf":{"@id":"https:\/\/ledsolintel.com\/#website"},"primaryImageOfPage":{"@id":"https:\/\/ledsolintel.com\/product\/enchufe-usb-ac-para-rail-2-4a\/#primaryimage"},"image":{"@id":"https:\/\/ledsolintel.com\/product\/enchufe-usb-ac-para-rail-2-4a\/#primaryimage"},"thumbnailUrl":"https:\/\/ledsolintel.com\/wp-content\/uploads\/2025\/11\/enchufe-usb-ac-para-rail-24a.jpg","datePublished":"2025-11-11T16:08:46+00:00","dateModified":"2026-01-30T14:57:06+00:00","breadcrumb":{"@id":"https:\/\/ledsolintel.com\/product\/enchufe-usb-ac-para-rail-2-4a\/#breadcrumb"},"inLanguage":"fr-FR","potentialAction":[{"@type":"ReadAction","target":["https:\/\/ledsolintel.com\/product\/enchufe-usb-ac-para-rail-2-4a\/"]}]},{"@type":"ImageObject","inLanguage":"fr-FR","@id":"https:\/\/ledsolintel.com\/product\/enchufe-usb-ac-para-rail-2-4a\/#primaryimage","url":"https:\/\/ledsolintel.com\/wp-content\/uploads\/2025\/11\/enchufe-usb-ac-para-rail-24a.jpg","contentUrl":"https:\/\/ledsolintel.com\/wp-content\/uploads\/2025\/11\/enchufe-usb-ac-para-rail-24a.jpg","width":1500,"height":1500},{"@type":"BreadcrumbList","@id":"https:\/\/ledsolintel.com\/product\/enchufe-usb-ac-para-rail-2-4a\/#breadcrumb","itemListElement":[{"@type":"ListItem","position":1,"name":"Portada","item":"https:\/\/ledsolintel.com\/fr\/"},{"@type":"ListItem","position":2,"name":"Tienda","item":"https:\/\/ledsolintel.com\/tienda\/"},{"@type":"ListItem","position":3,"name":"Enchufe USB A+C para rail 2.4A"}]},{"@type":"WebSite","@id":"https:\/\/ledsolintel.com\/#website","url":"https:\/\/ledsolintel.com\/","name":"Webmenaje","description":"Magasin d'ampoules et de lampes LED pour les professionnels","publisher":{"@id":"https:\/\/ledsolintel.com\/#organization"},"potentialAction":[{"@type":"SearchAction","target":{"@type":"EntryPoint","urlTemplate":"https:\/\/ledsolintel.com\/?s={search_term_string}"},"query-input":{"@type":"PropertyValueSpecification","valueRequired":true,"valueName":"search_term_string"}}],"inLanguage":"fr-FR"},{"@type":"Organization","@id":"https:\/\/ledsolintel.com\/#organization","name":"Solintel Noroeste, S.L.","url":"https:\/\/ledsolintel.com\/","logo":{"@type":"ImageObject","inLanguage":"fr-FR","@id":"https:\/\/ledsolintel.com\/#\/schema\/logo\/image\/","url":"https:\/\/ledsolintel.com\/wp-content\/uploads\/2024\/11\/webmenaje-logo-1508269066.jpg","contentUrl":"https:\/\/ledsolintel.com\/wp-content\/uploads\/2024\/11\/webmenaje-logo-1508269066.jpg","width":370,"height":90,"caption":"Solintel Noroeste, S.L."},"image":{"@id":"https:\/\/ledsolintel.com\/#\/schema\/logo\/image\/"},"sameAs":["http:\/\/www.facebook.com\/webmenaje","https:\/\/x.com\/webmenaje","https:\/\/www.youtube.com\/channel\/UCX2KoVoeCG4LocZjUc6LmSQ","http:\/\/www.pinterest.com\/webmenaje"]}]}},"_links":{"self":[{"href":"https:\/\/ledsolintel.com\/fr\/wp-json\/wp\/v2\/product\/269052","targetHints":{"allow":["GET"]}}],"collection":[{"href":"https:\/\/ledsolintel.com\/fr\/wp-json\/wp\/v2\/product"}],"about":[{"href":"https:\/\/ledsolintel.com\/fr\/wp-json\/wp\/v2\/types\/product"}],"version-history":[{"count":1,"href":"https:\/\/ledsolintel.com\/fr\/wp-json\/wp\/v2\/product\/269052\/revisions"}],"predecessor-version":[{"id":269053,"href":"https:\/\/ledsolintel.com\/fr\/wp-json\/wp\/v2\/product\/269052\/revisions\/269053"}],"wp:featuredmedia":[{"embeddable":true,"href":"https:\/\/ledsolintel.com\/fr\/wp-json\/wp\/v2\/media\/263837"}],"wp:attachment":[{"href":"https:\/\/ledsolintel.com\/fr\/wp-json\/wp\/v2\/media?parent=269052"}],"wp:term":[{"taxonomy":"product_brand","embeddable":true,"href":"https:\/\/ledsolintel.com\/fr\/wp-json\/wp\/v2\/product_brand?post=269052"},{"taxonomy":"product_cat","embeddable":true,"href":"https:\/\/ledsolintel.com\/fr\/wp-json\/wp\/v2\/product_cat?post=269052"},{"taxonomy":"product_tag","embeddable":true,"href":"https:\/\/ledsolintel.com\/fr\/wp-json\/wp\/v2\/product_tag?post=269052"}],"curies":[{"name":"wp","href":"https:\/\/api.w.org\/{rel}","templated":true}]}}