{"id":269046,"date":"2025-11-11T17:08:41","date_gmt":"2025-11-11T16:08:41","guid":{"rendered":"https:\/\/nueva.ledsolintel.com\/product\/carril-50cm-para-enchufes-moviles\/"},"modified":"2026-04-07T10:18:54","modified_gmt":"2026-04-07T08:18:54","slug":"carril-50cm-para-enchufes-moviles","status":"publish","type":"product","link":"https:\/\/ledsolintel.com\/fr\/produit-2\/carril-50cm-para-enchufes-moviles\/","title":{"rendered":"Rail de 50 cm pour prises mobiles"},"content":{"rendered":"<p>Carril de 50 cm para instalaci\u00f3n en superficie, con acabado en color gris metalizado. Permite acoplar y desacoplar f\u00e1cilmente enchufes modulares de todo tipo (m\u00e1ximo 7 unidades), as\u00ed como desplazar dichos enchufes a lo largo de todo el carril. Esto lo hace ideal para lugares en los que se necesita variar eventualmente el n\u00famero y\/o tipo de tomas de corriente disponibles. Ofrece una gran versatilidad, ya que es compatible con enchufes de tipo europeo (Schuko), tomas USB, etc. Su funcionamiento es muy sencillo; una vez instalado en la superficie elegida, basta con acoplar manualmente los enchufes que deseamos utilizar. Con un simple giro de 90\u00ba el enchufe queda listo para ser utilizado. Es un mecanismo ideal para instalarse dentro del hogar en habitaciones, ba\u00f1os, cocinas, etc.  Cuenta con toma de tierra y goma de protecci\u00f3n para evitar tanto contactos directos como indirectos.  Est\u00e1 dise\u00f1ado en aluminio y ABS con las medidas 502 x 80 x 19 mm.  Permite un voltaje de entrada de 110\/260V y una frecuencia de servicio de 50\/60 Hz. Soporta cargas de hasta un m\u00e1ximo de 32A.  Debido a su grado de protecci\u00f3n IP20 es ideal para instalar en zonas interiores (protecci\u00f3n contra part\u00edculas s\u00f3lidas de tama\u00f1o superior a 12mm y no es resistente al agua).  Dispone de una garant\u00eda de 3 a\u00f1os. Cuenta tambi\u00e9n con el certificado CE, que acredita que se cumple con los requisitos de la UE respecto a compatibilidad electromagn\u00e9tica y normativa de baja tensi\u00f3n. Con este certificado se declara la conformidad de dicho producto con todos los requisitos legales exigidos, y asegura la validez del producto para ser vendido en todo el Espacio Econ\u00f3mico Europeo.  Incluye tornillos y tacos para montaje.  No incluye enchufes.<\/p>","protected":false},"excerpt":{"rendered":"<p>Carril de 50 cm para instalaci\u00f3n en superficie, con acabado en color gris metalizado. Permite acoplar y desacoplar f\u00e1cilmente enchufes modulares de todo tipo (m\u00e1ximo 7 unidades), as\u00ed como desplazar dichos enchufes a lo largo de todo el carril. Esto lo hace ideal para lugares en los que se necesita variar eventualmente el n\u00famero y\/o &hellip; <a href=\"https:\/\/ledsolintel.com\/fr\/produit-2\/carril-50cm-para-enchufes-moviles\/\" class=\"more-link\">Continue reading <span class=\"screen-reader-text\">Rail de 50 cm pour prises mobiles<\/span><\/a><\/p>","protected":false},"featured_media":263822,"template":"","meta":[],"product_brand":[101370],"product_cat":[15,101371],"product_tag":[],"class_list":{"0":"post-269046","1":"product","2":"type-product","3":"status-publish","4":"has-post-thumbnail","6":"product_brand-masterled","7":"product_cat-uncategorized","8":"product_cat-masterled","9":"pa_color-gris","12":"instock","13":"taxable","14":"shipping-taxable","15":"purchasable","16":"product-type-simple"},"yoast_head":"<!-- This site is optimized with the Yoast SEO plugin v26.6 - https:\/\/yoast.com\/wordpress\/plugins\/seo\/ -->\n<title>Carril 50cm para enchufes m\u00f3viles - Ledsolintel<\/title>\n<meta name=\"robots\" content=\"index, follow, max-snippet:-1, max-image-preview:large, max-video-preview:-1\" \/>\n<link rel=\"canonical\" href=\"https:\/\/ledsolintel.com\/fr\/produit-2\/carril-50cm-para-enchufes-moviles\/\" \/>\n<meta property=\"og:locale\" content=\"fr_FR\" \/>\n<meta property=\"og:type\" content=\"article\" \/>\n<meta property=\"og:title\" content=\"Carril 50cm para enchufes m\u00f3viles - Ledsolintel\" \/>\n<meta property=\"og:description\" content=\"Carril de 50 cm para instalaci\u00f3n en superficie, con acabado en color gris metalizado. Permite acoplar y desacoplar f\u00e1cilmente enchufes modulares de todo tipo (m\u00e1ximo 7 unidades), as\u00ed como desplazar dichos enchufes a lo largo de todo el carril. Esto lo hace ideal para lugares en los que se necesita variar eventualmente el n\u00famero y\/o &hellip; Continue reading Carril 50cm para enchufes m\u00f3viles\" \/>\n<meta property=\"og:url\" content=\"https:\/\/ledsolintel.com\/fr\/produit-2\/carril-50cm-para-enchufes-moviles\/\" \/>\n<meta property=\"og:site_name\" content=\"Ledsolintel\" \/>\n<meta property=\"article:publisher\" content=\"http:\/\/www.facebook.com\/webmenaje\" \/>\n<meta property=\"article:modified_time\" content=\"2026-04-07T08:18:54+00:00\" \/>\n<meta property=\"og:image\" content=\"https:\/\/ledsolintel.com\/wp-content\/uploads\/2025\/11\/toma-de-corriente-rail-lineal-superficie-50cm.jpg\" \/>\n\t<meta property=\"og:image:width\" content=\"1496\" \/>\n\t<meta property=\"og:image:height\" content=\"1496\" \/>\n\t<meta property=\"og:image:type\" content=\"image\/jpeg\" \/>\n<meta name=\"twitter:card\" content=\"summary_large_image\" \/>\n<meta name=\"twitter:site\" content=\"@webmenaje\" \/>\n<meta name=\"twitter:label1\" content=\"Dur\u00e9e de lecture estim\u00e9e\" \/>\n\t<meta name=\"twitter:data1\" content=\"1 minute\" \/>\n<script type=\"application\/ld+json\" class=\"yoast-schema-graph\">{\"@context\":\"https:\/\/schema.org\",\"@graph\":[{\"@type\":\"WebPage\",\"@id\":\"https:\/\/ledsolintel.com\/product\/carril-50cm-para-enchufes-moviles\/\",\"url\":\"https:\/\/ledsolintel.com\/product\/carril-50cm-para-enchufes-moviles\/\",\"name\":\"Carril 50cm para enchufes m\u00f3viles - Ledsolintel\",\"isPartOf\":{\"@id\":\"https:\/\/ledsolintel.com\/#website\"},\"primaryImageOfPage\":{\"@id\":\"https:\/\/ledsolintel.com\/product\/carril-50cm-para-enchufes-moviles\/#primaryimage\"},\"image\":{\"@id\":\"https:\/\/ledsolintel.com\/product\/carril-50cm-para-enchufes-moviles\/#primaryimage\"},\"thumbnailUrl\":\"https:\/\/ledsolintel.com\/wp-content\/uploads\/2025\/11\/toma-de-corriente-rail-lineal-superficie-50cm.jpg\",\"datePublished\":\"2025-11-11T16:08:41+00:00\",\"dateModified\":\"2026-04-07T08:18:54+00:00\",\"breadcrumb\":{\"@id\":\"https:\/\/ledsolintel.com\/product\/carril-50cm-para-enchufes-moviles\/#breadcrumb\"},\"inLanguage\":\"fr-FR\",\"potentialAction\":[{\"@type\":\"ReadAction\",\"target\":[\"https:\/\/ledsolintel.com\/product\/carril-50cm-para-enchufes-moviles\/\"]}]},{\"@type\":\"ImageObject\",\"inLanguage\":\"fr-FR\",\"@id\":\"https:\/\/ledsolintel.com\/product\/carril-50cm-para-enchufes-moviles\/#primaryimage\",\"url\":\"https:\/\/ledsolintel.com\/wp-content\/uploads\/2025\/11\/toma-de-corriente-rail-lineal-superficie-50cm.jpg\",\"contentUrl\":\"https:\/\/ledsolintel.com\/wp-content\/uploads\/2025\/11\/toma-de-corriente-rail-lineal-superficie-50cm.jpg\",\"width\":1496,\"height\":1496},{\"@type\":\"BreadcrumbList\",\"@id\":\"https:\/\/ledsolintel.com\/product\/carril-50cm-para-enchufes-moviles\/#breadcrumb\",\"itemListElement\":[{\"@type\":\"ListItem\",\"position\":1,\"name\":\"Portada\",\"item\":\"https:\/\/ledsolintel.com\/fr\/\"},{\"@type\":\"ListItem\",\"position\":2,\"name\":\"Tienda\",\"item\":\"https:\/\/ledsolintel.com\/tienda\/\"},{\"@type\":\"ListItem\",\"position\":3,\"name\":\"Carril 50cm para enchufes m\u00f3viles\"}]},{\"@type\":\"WebSite\",\"@id\":\"https:\/\/ledsolintel.com\/#website\",\"url\":\"https:\/\/ledsolintel.com\/\",\"name\":\"Webmenaje\",\"description\":\"Tienda de bombillas y l\u00e1mparas LED para profesionales\",\"publisher\":{\"@id\":\"https:\/\/ledsolintel.com\/#organization\"},\"potentialAction\":[{\"@type\":\"SearchAction\",\"target\":{\"@type\":\"EntryPoint\",\"urlTemplate\":\"https:\/\/ledsolintel.com\/?s={search_term_string}\"},\"query-input\":{\"@type\":\"PropertyValueSpecification\",\"valueRequired\":true,\"valueName\":\"search_term_string\"}}],\"inLanguage\":\"fr-FR\"},{\"@type\":\"Organization\",\"@id\":\"https:\/\/ledsolintel.com\/#organization\",\"name\":\"Solintel Noroeste, S.L.\",\"url\":\"https:\/\/ledsolintel.com\/\",\"logo\":{\"@type\":\"ImageObject\",\"inLanguage\":\"fr-FR\",\"@id\":\"https:\/\/ledsolintel.com\/#\/schema\/logo\/image\/\",\"url\":\"https:\/\/ledsolintel.com\/wp-content\/uploads\/2024\/11\/webmenaje-logo-1508269066.jpg\",\"contentUrl\":\"https:\/\/ledsolintel.com\/wp-content\/uploads\/2024\/11\/webmenaje-logo-1508269066.jpg\",\"width\":370,\"height\":90,\"caption\":\"Solintel Noroeste, S.L.\"},\"image\":{\"@id\":\"https:\/\/ledsolintel.com\/#\/schema\/logo\/image\/\"},\"sameAs\":[\"http:\/\/www.facebook.com\/webmenaje\",\"https:\/\/x.com\/webmenaje\",\"https:\/\/www.youtube.com\/channel\/UCX2KoVoeCG4LocZjUc6LmSQ\",\"http:\/\/www.pinterest.com\/webmenaje\"]}]}<\/script>\n<!-- \/ Yoast SEO plugin. -->","yoast_head_json":{"title":"Carril 50cm para enchufes m\u00f3viles - Ledsolintel","robots":{"index":"index","follow":"follow","max-snippet":"max-snippet:-1","max-image-preview":"max-image-preview:large","max-video-preview":"max-video-preview:-1"},"canonical":"https:\/\/ledsolintel.com\/fr\/produit-2\/carril-50cm-para-enchufes-moviles\/","og_locale":"fr_FR","og_type":"article","og_title":"Carril 50cm para enchufes m\u00f3viles - Ledsolintel","og_description":"Carril de 50 cm para instalaci\u00f3n en superficie, con acabado en color gris metalizado. Permite acoplar y desacoplar f\u00e1cilmente enchufes modulares de todo tipo (m\u00e1ximo 7 unidades), as\u00ed como desplazar dichos enchufes a lo largo de todo el carril. Esto lo hace ideal para lugares en los que se necesita variar eventualmente el n\u00famero y\/o &hellip; Continue reading Carril 50cm para enchufes m\u00f3viles","og_url":"https:\/\/ledsolintel.com\/fr\/produit-2\/carril-50cm-para-enchufes-moviles\/","og_site_name":"Ledsolintel","article_publisher":"http:\/\/www.facebook.com\/webmenaje","article_modified_time":"2026-04-07T08:18:54+00:00","og_image":[{"width":1496,"height":1496,"url":"https:\/\/ledsolintel.com\/wp-content\/uploads\/2025\/11\/toma-de-corriente-rail-lineal-superficie-50cm.jpg","type":"image\/jpeg"}],"twitter_card":"summary_large_image","twitter_site":"@webmenaje","twitter_misc":{"Dur\u00e9e de lecture estim\u00e9e":"1 minute"},"schema":{"@context":"https:\/\/schema.org","@graph":[{"@type":"WebPage","@id":"https:\/\/ledsolintel.com\/product\/carril-50cm-para-enchufes-moviles\/","url":"https:\/\/ledsolintel.com\/product\/carril-50cm-para-enchufes-moviles\/","name":"Carril 50cm para enchufes m\u00f3viles - Ledsolintel","isPartOf":{"@id":"https:\/\/ledsolintel.com\/#website"},"primaryImageOfPage":{"@id":"https:\/\/ledsolintel.com\/product\/carril-50cm-para-enchufes-moviles\/#primaryimage"},"image":{"@id":"https:\/\/ledsolintel.com\/product\/carril-50cm-para-enchufes-moviles\/#primaryimage"},"thumbnailUrl":"https:\/\/ledsolintel.com\/wp-content\/uploads\/2025\/11\/toma-de-corriente-rail-lineal-superficie-50cm.jpg","datePublished":"2025-11-11T16:08:41+00:00","dateModified":"2026-04-07T08:18:54+00:00","breadcrumb":{"@id":"https:\/\/ledsolintel.com\/product\/carril-50cm-para-enchufes-moviles\/#breadcrumb"},"inLanguage":"fr-FR","potentialAction":[{"@type":"ReadAction","target":["https:\/\/ledsolintel.com\/product\/carril-50cm-para-enchufes-moviles\/"]}]},{"@type":"ImageObject","inLanguage":"fr-FR","@id":"https:\/\/ledsolintel.com\/product\/carril-50cm-para-enchufes-moviles\/#primaryimage","url":"https:\/\/ledsolintel.com\/wp-content\/uploads\/2025\/11\/toma-de-corriente-rail-lineal-superficie-50cm.jpg","contentUrl":"https:\/\/ledsolintel.com\/wp-content\/uploads\/2025\/11\/toma-de-corriente-rail-lineal-superficie-50cm.jpg","width":1496,"height":1496},{"@type":"BreadcrumbList","@id":"https:\/\/ledsolintel.com\/product\/carril-50cm-para-enchufes-moviles\/#breadcrumb","itemListElement":[{"@type":"ListItem","position":1,"name":"Portada","item":"https:\/\/ledsolintel.com\/fr\/"},{"@type":"ListItem","position":2,"name":"Tienda","item":"https:\/\/ledsolintel.com\/tienda\/"},{"@type":"ListItem","position":3,"name":"Carril 50cm para enchufes m\u00f3viles"}]},{"@type":"WebSite","@id":"https:\/\/ledsolintel.com\/#website","url":"https:\/\/ledsolintel.com\/","name":"Webmenaje","description":"Magasin d'ampoules et de lampes LED pour les professionnels","publisher":{"@id":"https:\/\/ledsolintel.com\/#organization"},"potentialAction":[{"@type":"SearchAction","target":{"@type":"EntryPoint","urlTemplate":"https:\/\/ledsolintel.com\/?s={search_term_string}"},"query-input":{"@type":"PropertyValueSpecification","valueRequired":true,"valueName":"search_term_string"}}],"inLanguage":"fr-FR"},{"@type":"Organization","@id":"https:\/\/ledsolintel.com\/#organization","name":"Solintel Noroeste, S.L.","url":"https:\/\/ledsolintel.com\/","logo":{"@type":"ImageObject","inLanguage":"fr-FR","@id":"https:\/\/ledsolintel.com\/#\/schema\/logo\/image\/","url":"https:\/\/ledsolintel.com\/wp-content\/uploads\/2024\/11\/webmenaje-logo-1508269066.jpg","contentUrl":"https:\/\/ledsolintel.com\/wp-content\/uploads\/2024\/11\/webmenaje-logo-1508269066.jpg","width":370,"height":90,"caption":"Solintel Noroeste, S.L."},"image":{"@id":"https:\/\/ledsolintel.com\/#\/schema\/logo\/image\/"},"sameAs":["http:\/\/www.facebook.com\/webmenaje","https:\/\/x.com\/webmenaje","https:\/\/www.youtube.com\/channel\/UCX2KoVoeCG4LocZjUc6LmSQ","http:\/\/www.pinterest.com\/webmenaje"]}]}},"_links":{"self":[{"href":"https:\/\/ledsolintel.com\/fr\/wp-json\/wp\/v2\/product\/269046","targetHints":{"allow":["GET"]}}],"collection":[{"href":"https:\/\/ledsolintel.com\/fr\/wp-json\/wp\/v2\/product"}],"about":[{"href":"https:\/\/ledsolintel.com\/fr\/wp-json\/wp\/v2\/types\/product"}],"version-history":[{"count":1,"href":"https:\/\/ledsolintel.com\/fr\/wp-json\/wp\/v2\/product\/269046\/revisions"}],"predecessor-version":[{"id":269047,"href":"https:\/\/ledsolintel.com\/fr\/wp-json\/wp\/v2\/product\/269046\/revisions\/269047"}],"wp:featuredmedia":[{"embeddable":true,"href":"https:\/\/ledsolintel.com\/fr\/wp-json\/wp\/v2\/media\/263822"}],"wp:attachment":[{"href":"https:\/\/ledsolintel.com\/fr\/wp-json\/wp\/v2\/media?parent=269046"}],"wp:term":[{"taxonomy":"product_brand","embeddable":true,"href":"https:\/\/ledsolintel.com\/fr\/wp-json\/wp\/v2\/product_brand?post=269046"},{"taxonomy":"product_cat","embeddable":true,"href":"https:\/\/ledsolintel.com\/fr\/wp-json\/wp\/v2\/product_cat?post=269046"},{"taxonomy":"product_tag","embeddable":true,"href":"https:\/\/ledsolintel.com\/fr\/wp-json\/wp\/v2\/product_tag?post=269046"}],"curies":[{"name":"wp","href":"https:\/\/api.w.org\/{rel}","templated":true}]}}