{"id":269025,"date":"2025-11-11T17:08:27","date_gmt":"2025-11-11T16:08:27","guid":{"rendered":"https:\/\/nueva.ledsolintel.com\/product\/luz-de-piscina-led-8w-12vdc-ip68\/"},"modified":"2026-04-07T10:18:54","modified_gmt":"2026-04-07T08:18:54","slug":"luz-de-piscina-led-8w-12vdc-ip68","status":"publish","type":"product","link":"https:\/\/ledsolintel.com\/fr\/produit-2\/luz-de-piscina-led-8w-12vdc-ip68\/","title":{"rendered":"Eclairage de piscine LED 8W 12VDC IP68"},"content":{"rendered":"<p>Il s'agit de l'une des meilleures lampes LED sous-marines du march\u00e9. Con\u00e7ue sp\u00e9cifiquement pour une utilisation sous-marine, cette lampe associe une technologie LED avanc\u00e9e \u00e0 un indice de protection IP68, garantissant une performance sans faille m\u00eame en cas d'immersion permanente.  Avec une puissance de 8 W et 720 lumens, elle am\u00e9liore l'exp\u00e9rience de baignade dans n'importe quelle petite piscine ou jacuzzi. En outre, sa conception compacte et robuste garantit une installation facile et une durabilit\u00e9 \u00e0 long terme.  Sa tension de 12V garantit un fonctionnement s\u00fbr, \u00e9vitant les risques \u00e9lectriques dans les environnements humides.     \u2705 Robuste et durable Dimensions : \u00d8 125 x 20 mm, conception compacte et l\u00e9g\u00e8re.  Mat\u00e9riau : Fabriqu\u00e9 en polycarbonate r\u00e9sistant et durable, adapt\u00e9 \u00e0 une utilisation sous-marine.  Dur\u00e9e de vie : Con\u00e7ue pour durer, offrant des performances constantes pendant des ann\u00e9es.     Puissance : 8W, suffisante pour fournir un \u00e9clairage lumineux et fonctionnel.  Lumens : 720 lumens, garantissant un \u00e9clairage lumineux et homog\u00e8ne.  Temp\u00e9rature de couleur : Neutre (4000-4500K), id\u00e9ale pour cr\u00e9er une atmosph\u00e8re moderne et chaleureuse.  Type de LED : SMD, connues pour leur efficacit\u00e9 \u00e9nerg\u00e9tique et leur longue dur\u00e9e de vie.     Installation facile Tension d'entr\u00e9e : Fonctionne \u00e0 12V DC, garantissant une utilisation s\u00fbre dans les environnements humides.  Installation : Montage en surface \u00e0 l'aide de l'anneau de montage inclus. Un m\u00e8tre de c\u00e2ble est inclus pour faciliter la connexion.  Ne convient pas aux piscines d'eau sal\u00e9e : con\u00e7u exclusivement pour les piscines d'eau douce.     S\u00e9curit\u00e9 garantie Certifications : Conforme aux r\u00e9glementations CE et RoHS, garantissant la s\u00e9curit\u00e9 et la compatibilit\u00e9 \u00e9cologique.  Indice de protection IP68 : Enti\u00e8rement \u00e9tanche, il permet une installation permanente sous l'eau.  Garantie : Nous offrons une garantie de 3 ans, garantissant la qualit\u00e9 et la fiabilit\u00e9 du produit.     Caract\u00e9ristiques techniques de la lampe de piscine LED 8W 12VDC - Dimensions : \u00d8 125 x 20 mm (compact et l\u00e9ger).  - Puissance : 8W.  - Lumens : 720 lm (\u00e9clairage lumineux et uniforme).  - Temp\u00e9rature de couleur : Neutre (4000-4500K), id\u00e9ale pour cr\u00e9er une atmosph\u00e8re moderne et chaleureuse.  - Type de LED : SMD (haute efficacit\u00e9 \u00e9nerg\u00e9tique et longue dur\u00e9e de vie).  - Tension d'entr\u00e9e : 12V DC (sans danger pour les environnements humides).  - Mat\u00e9riau : polycarbonate durable, con\u00e7u pour une utilisation sous-marine.  - Degr\u00e9 de protection : IP68 (enti\u00e8rement submersible et \u00e9tanche).  - S\u00e9rie : ECO (produit non con\u00e7u pour une utilisation intensive).  - Certifications : CE, RoHS (conforme aux normes de s\u00e9curit\u00e9 et d'\u00e9co-compatibilit\u00e9).  - Garantie : 3 ans (garantie de qualit\u00e9 et de fiabilit\u00e9).  - C\u00e2ble inclus : 1 m\u00e8tre (facilite la connexion \u00e0 l'alimentation \u00e9lectrique).  - Utilisation recommand\u00e9e : piscines d'eau douce (ne convient pas aux piscines d'eau sal\u00e9e).     Questions sur les \u00e9clairages de piscine \u00e0 LED Pourquoi choisir cet \u00e9clairage de piscine \u00e0 LED ?  L'\u00e9clairage de piscine \u00e0 LED 8W IP68 se distingue par son design compact, son efficacit\u00e9 \u00e9nerg\u00e9tique et sa s\u00e9curit\u00e9. Il peut \u00eatre enti\u00e8rement immerg\u00e9 gr\u00e2ce \u00e0 son indice de protection IP68, qui \u00e9limine les risques \u00e9lectriques dans les environnements humides. De plus, sa temp\u00e9rature de couleur neutre (4000-4500K) cr\u00e9e une atmosph\u00e8re moderne et accueillante. L'installation est-elle compliqu\u00e9e ?  Non, l'installation est tr\u00e8s simple. Il suffit de fixer la lampe \u00e0 la paroi de la piscine ou du jacuzzi \u00e0 l'aide de l'anneau de fixation fourni et de connecter le c\u00e2ble d'un m\u00e8tre \u00e0 l'alimentation 12V. Aucun outil sp\u00e9cial ou connaissance technique avanc\u00e9e n'est n\u00e9cessaire. Que se passe-t-il en cas de fluctuations de tension ?  Cette lampe fonctionne sur une alimentation de 12 V CC, ce qui garantit une utilisation s\u00fbre, m\u00eame dans les environnements humides. De plus, sa conception robuste et ses certifications CE et RoHS garantissent des performances fiables et s\u00fbres. O\u00f9 peut-on utiliser cette lampe submersible \u00e0 LED ?  Cette lampe de piscine \u00e0 LED 8W IP68 est extr\u00eamement polyvalente et peut \u00eatre utilis\u00e9e dans une grande vari\u00e9t\u00e9 d'environnements : R\u00e9sidentiel : Parfait pour \u00e9clairer les petites piscines, les jacuzzis ou les fontaines de mani\u00e8re s\u00fbre et efficace.  Commercial : id\u00e9al pour les piscines d'h\u00f4tels, les spas et les centres sportifs o\u00f9 l'esth\u00e9tique et la s\u00e9curit\u00e9 sont une priorit\u00e9.  D\u00e9coration : cr\u00e9ez une atmosph\u00e8re relaxante et moderne dans votre piscine avec une lumi\u00e8re neutre qui met l'eau en valeur. Comment installer un \u00e9clairage de piscine ?  L'installation de cet \u00e9clairage est simple et rapide : 1.- Montage en surface : Utilisez l'anneau de fixation fourni pour fixer l'\u00e9clairage \u00e0 la paroi de la piscine ou du jacuzzi.  2.- Connectez le c\u00e2ble d'un m\u00e8tre \u00e0 l'alimentation 12V.  La lampe est pr\u00eate \u00e0 \u00eatre utilis\u00e9e et \u00e0 b\u00e9n\u00e9ficier d'un \u00e9clairage lumineux et s\u00fbr.  L'entretien est minime : il suffit de nettoyer occasionnellement la surface de la lampe pour \u00e9viter l'accumulation de d\u00e9bris.  La lampe fonctionne sur une alimentation 12V DC, ce qui garantit une utilisation s\u00fbre m\u00eame dans les environnements humides. De plus, sa conception robuste et ses certifications CE et RoHS garantissent des performances fiables et s\u00fbres. Convient-il aux grandes piscines ?  Ce mod\u00e8le est sp\u00e9cialement con\u00e7u pour les petites piscines et les jacuzzis. Pour les piscines plus grandes, nous recommandons des mod\u00e8les de plus grande puissance ou des syst\u00e8mes d'\u00e9clairage multiples. Comment les temp\u00e9ratures extr\u00eames affectent-elles les performances ?  L'\u00e9clairage LED de piscine 8W IP68 est con\u00e7u pour fonctionner dans des environnements aquatiques et r\u00e9sister \u00e0 des conditions m\u00e9t\u00e9orologiques difficiles. Cependant, elle ne convient pas aux piscines d'eau sal\u00e9e, car cela pourrait endommager ses composants. Quels sont les avantages de cette lampe par rapport aux autres lampes de piscine ?  Cet \u00e9clairage se distingue par son design compact, son efficacit\u00e9 \u00e9nerg\u00e9tique et sa s\u00e9curit\u00e9. En outre, son indice de protection IP68 garantit des performances optimales, m\u00eame en cas d'immersion permanente. Il s'agit d'une solution moderne, durable et rentable pour les projets d'\u00e9clairage sous-marin. Que comprend l'emballage lors de l'achat de cette lampe ?  - Lampe de piscine LED 8W IP68.  - Anneau de fixation pour une installation en surface.  - C\u00e2ble de raccordement de 1 m\u00e8tre.  - Un manuel d'instructions d\u00e9taill\u00e9.     En outre, nous offrons une assistance technique pour vous aider \u00e0 l'installation initiale et \u00e0 la configuration.<\/p>","protected":false},"excerpt":{"rendered":"<p>Es una de las mejores luces LED sumergibles del mercado. Est\u00e1 dise\u00f1ada espec\u00edficamente para uso subacu\u00e1tico, esta luz combina tecnolog\u00eda LED avanzada con un grado de protecci\u00f3n IP68, lo que garantiza un rendimiento impecable incluso sumergida permanentemente. Con una potencia de 8W y 720 l\u00famenes, mejora la experiencia de ba\u00f1arse en cualquier piscina peque\u00f1a o &hellip; <a href=\"https:\/\/ledsolintel.com\/fr\/produit-2\/luz-de-piscina-led-8w-12vdc-ip68\/\" class=\"more-link\">Continue reading <span class=\"screen-reader-text\">Eclairage de piscine LED 8W 12VDC IP68<\/span><\/a><\/p>","protected":false},"featured_media":263775,"template":"","meta":[],"product_brand":[101370],"product_cat":[99657,101371,15],"product_tag":[],"class_list":{"0":"post-269025","1":"product","2":"type-product","3":"status-publish","4":"has-post-thumbnail","6":"product_brand-masterled","7":"product_cat-empotrables-de-exterior","8":"product_cat-masterled","9":"product_cat-uncategorized","10":"pa_temperatura-color-luz-neutra","13":"instock","14":"taxable","15":"shipping-taxable","16":"purchasable","17":"product-type-simple"},"yoast_head":"<!-- This site is optimized with the Yoast SEO plugin v27.4 - https:\/\/yoast.com\/product\/yoast-seo-wordpress\/ -->\n<title>Luz de piscina LED 8W 12VDC IP68 - Ledsolintel<\/title>\n<meta name=\"robots\" content=\"index, follow, max-snippet:-1, max-image-preview:large, max-video-preview:-1\" \/>\n<link rel=\"canonical\" href=\"https:\/\/ledsolintel.com\/fr\/produit-2\/luz-de-piscina-led-8w-12vdc-ip68\/\" \/>\n<meta property=\"og:locale\" content=\"fr_FR\" \/>\n<meta property=\"og:type\" content=\"article\" \/>\n<meta property=\"og:title\" content=\"Luz de piscina LED 8W 12VDC IP68 - Ledsolintel\" \/>\n<meta property=\"og:description\" content=\"Es una de las mejores luces LED sumergibles del mercado. Est\u00e1 dise\u00f1ada espec\u00edficamente para uso subacu\u00e1tico, esta luz combina tecnolog\u00eda LED avanzada con un grado de protecci\u00f3n IP68, lo que garantiza un rendimiento impecable incluso sumergida permanentemente. Con una potencia de 8W y 720 l\u00famenes, mejora la experiencia de ba\u00f1arse en cualquier piscina peque\u00f1a o &hellip; Continue reading Luz de piscina LED 8W 12VDC IP68\" \/>\n<meta property=\"og:url\" content=\"https:\/\/ledsolintel.com\/fr\/produit-2\/luz-de-piscina-led-8w-12vdc-ip68\/\" \/>\n<meta property=\"og:site_name\" content=\"Ledsolintel\" \/>\n<meta property=\"article:publisher\" content=\"http:\/\/www.facebook.com\/webmenaje\" \/>\n<meta property=\"article:modified_time\" content=\"2026-04-07T08:18:54+00:00\" \/>\n<meta property=\"og:image\" content=\"https:\/\/ledsolintel.com\/wp-content\/uploads\/2025\/11\/luz-de-piscina-led-8w-12vdc-ip68.jpg\" \/>\n\t<meta property=\"og:image:width\" content=\"1500\" \/>\n\t<meta property=\"og:image:height\" content=\"1500\" \/>\n\t<meta property=\"og:image:type\" content=\"image\/jpeg\" \/>\n<meta name=\"twitter:card\" content=\"summary_large_image\" \/>\n<meta name=\"twitter:site\" content=\"@webmenaje\" \/>\n<meta name=\"twitter:label1\" content=\"Dur\u00e9e de lecture estim\u00e9e\" \/>\n\t<meta name=\"twitter:data1\" content=\"5 minutes\" \/>\n<script type=\"application\/ld+json\" class=\"yoast-schema-graph\">{\"@context\":\"https:\\\/\\\/schema.org\",\"@graph\":[{\"@type\":\"WebPage\",\"@id\":\"https:\\\/\\\/ledsolintel.com\\\/product\\\/luz-de-piscina-led-8w-12vdc-ip68\\\/\",\"url\":\"https:\\\/\\\/ledsolintel.com\\\/product\\\/luz-de-piscina-led-8w-12vdc-ip68\\\/\",\"name\":\"Luz de piscina LED 8W 12VDC IP68 - Ledsolintel\",\"isPartOf\":{\"@id\":\"https:\\\/\\\/ledsolintel.com\\\/#website\"},\"primaryImageOfPage\":{\"@id\":\"https:\\\/\\\/ledsolintel.com\\\/product\\\/luz-de-piscina-led-8w-12vdc-ip68\\\/#primaryimage\"},\"image\":{\"@id\":\"https:\\\/\\\/ledsolintel.com\\\/product\\\/luz-de-piscina-led-8w-12vdc-ip68\\\/#primaryimage\"},\"thumbnailUrl\":\"https:\\\/\\\/ledsolintel.com\\\/wp-content\\\/uploads\\\/2025\\\/11\\\/luz-de-piscina-led-8w-12vdc-ip68.jpg\",\"datePublished\":\"2025-11-11T16:08:27+00:00\",\"dateModified\":\"2026-04-07T08:18:54+00:00\",\"breadcrumb\":{\"@id\":\"https:\\\/\\\/ledsolintel.com\\\/product\\\/luz-de-piscina-led-8w-12vdc-ip68\\\/#breadcrumb\"},\"inLanguage\":\"fr-FR\",\"potentialAction\":[{\"@type\":\"ReadAction\",\"target\":[\"https:\\\/\\\/ledsolintel.com\\\/product\\\/luz-de-piscina-led-8w-12vdc-ip68\\\/\"]}]},{\"@type\":\"ImageObject\",\"inLanguage\":\"fr-FR\",\"@id\":\"https:\\\/\\\/ledsolintel.com\\\/product\\\/luz-de-piscina-led-8w-12vdc-ip68\\\/#primaryimage\",\"url\":\"https:\\\/\\\/ledsolintel.com\\\/wp-content\\\/uploads\\\/2025\\\/11\\\/luz-de-piscina-led-8w-12vdc-ip68.jpg\",\"contentUrl\":\"https:\\\/\\\/ledsolintel.com\\\/wp-content\\\/uploads\\\/2025\\\/11\\\/luz-de-piscina-led-8w-12vdc-ip68.jpg\",\"width\":1500,\"height\":1500},{\"@type\":\"BreadcrumbList\",\"@id\":\"https:\\\/\\\/ledsolintel.com\\\/product\\\/luz-de-piscina-led-8w-12vdc-ip68\\\/#breadcrumb\",\"itemListElement\":[{\"@type\":\"ListItem\",\"position\":1,\"name\":\"Portada\",\"item\":\"https:\\\/\\\/ledsolintel.com\\\/fr\\\/\"},{\"@type\":\"ListItem\",\"position\":2,\"name\":\"Tienda\",\"item\":\"https:\\\/\\\/ledsolintel.com\\\/tienda\\\/\"},{\"@type\":\"ListItem\",\"position\":3,\"name\":\"Luz de piscina LED 8W 12VDC IP68\"}]},{\"@type\":\"WebSite\",\"@id\":\"https:\\\/\\\/ledsolintel.com\\\/#website\",\"url\":\"https:\\\/\\\/ledsolintel.com\\\/\",\"name\":\"Webmenaje\",\"description\":\"Tienda de bombillas y l\u00e1mparas LED para profesionales\",\"publisher\":{\"@id\":\"https:\\\/\\\/ledsolintel.com\\\/#organization\"},\"potentialAction\":[{\"@type\":\"SearchAction\",\"target\":{\"@type\":\"EntryPoint\",\"urlTemplate\":\"https:\\\/\\\/ledsolintel.com\\\/?s={search_term_string}\"},\"query-input\":{\"@type\":\"PropertyValueSpecification\",\"valueRequired\":true,\"valueName\":\"search_term_string\"}}],\"inLanguage\":\"fr-FR\"},{\"@type\":\"Organization\",\"@id\":\"https:\\\/\\\/ledsolintel.com\\\/#organization\",\"name\":\"Solintel Noroeste, S.L.\",\"url\":\"https:\\\/\\\/ledsolintel.com\\\/\",\"logo\":{\"@type\":\"ImageObject\",\"inLanguage\":\"fr-FR\",\"@id\":\"https:\\\/\\\/ledsolintel.com\\\/#\\\/schema\\\/logo\\\/image\\\/\",\"url\":\"https:\\\/\\\/ledsolintel.com\\\/wp-content\\\/uploads\\\/2024\\\/11\\\/webmenaje-logo-1508269066.jpg\",\"contentUrl\":\"https:\\\/\\\/ledsolintel.com\\\/wp-content\\\/uploads\\\/2024\\\/11\\\/webmenaje-logo-1508269066.jpg\",\"width\":370,\"height\":90,\"caption\":\"Solintel Noroeste, S.L.\"},\"image\":{\"@id\":\"https:\\\/\\\/ledsolintel.com\\\/#\\\/schema\\\/logo\\\/image\\\/\"},\"sameAs\":[\"http:\\\/\\\/www.facebook.com\\\/webmenaje\",\"https:\\\/\\\/x.com\\\/webmenaje\",\"https:\\\/\\\/www.youtube.com\\\/channel\\\/UCX2KoVoeCG4LocZjUc6LmSQ\",\"http:\\\/\\\/www.pinterest.com\\\/webmenaje\"]}]}<\/script>\n<!-- \/ Yoast SEO plugin. -->","yoast_head_json":{"title":"Luz de piscina LED 8W 12VDC IP68 - Ledsolintel","robots":{"index":"index","follow":"follow","max-snippet":"max-snippet:-1","max-image-preview":"max-image-preview:large","max-video-preview":"max-video-preview:-1"},"canonical":"https:\/\/ledsolintel.com\/fr\/produit-2\/luz-de-piscina-led-8w-12vdc-ip68\/","og_locale":"fr_FR","og_type":"article","og_title":"Luz de piscina LED 8W 12VDC IP68 - Ledsolintel","og_description":"Es una de las mejores luces LED sumergibles del mercado. Est\u00e1 dise\u00f1ada espec\u00edficamente para uso subacu\u00e1tico, esta luz combina tecnolog\u00eda LED avanzada con un grado de protecci\u00f3n IP68, lo que garantiza un rendimiento impecable incluso sumergida permanentemente. Con una potencia de 8W y 720 l\u00famenes, mejora la experiencia de ba\u00f1arse en cualquier piscina peque\u00f1a o &hellip; Continue reading Luz de piscina LED 8W 12VDC IP68","og_url":"https:\/\/ledsolintel.com\/fr\/produit-2\/luz-de-piscina-led-8w-12vdc-ip68\/","og_site_name":"Ledsolintel","article_publisher":"http:\/\/www.facebook.com\/webmenaje","article_modified_time":"2026-04-07T08:18:54+00:00","og_image":[{"width":1500,"height":1500,"url":"https:\/\/ledsolintel.com\/wp-content\/uploads\/2025\/11\/luz-de-piscina-led-8w-12vdc-ip68.jpg","type":"image\/jpeg"}],"twitter_card":"summary_large_image","twitter_site":"@webmenaje","twitter_misc":{"Dur\u00e9e de lecture estim\u00e9e":"5 minutes"},"schema":{"@context":"https:\/\/schema.org","@graph":[{"@type":"WebPage","@id":"https:\/\/ledsolintel.com\/product\/luz-de-piscina-led-8w-12vdc-ip68\/","url":"https:\/\/ledsolintel.com\/product\/luz-de-piscina-led-8w-12vdc-ip68\/","name":"Luz de piscina LED 8W 12VDC IP68 - Ledsolintel","isPartOf":{"@id":"https:\/\/ledsolintel.com\/#website"},"primaryImageOfPage":{"@id":"https:\/\/ledsolintel.com\/product\/luz-de-piscina-led-8w-12vdc-ip68\/#primaryimage"},"image":{"@id":"https:\/\/ledsolintel.com\/product\/luz-de-piscina-led-8w-12vdc-ip68\/#primaryimage"},"thumbnailUrl":"https:\/\/ledsolintel.com\/wp-content\/uploads\/2025\/11\/luz-de-piscina-led-8w-12vdc-ip68.jpg","datePublished":"2025-11-11T16:08:27+00:00","dateModified":"2026-04-07T08:18:54+00:00","breadcrumb":{"@id":"https:\/\/ledsolintel.com\/product\/luz-de-piscina-led-8w-12vdc-ip68\/#breadcrumb"},"inLanguage":"fr-FR","potentialAction":[{"@type":"ReadAction","target":["https:\/\/ledsolintel.com\/product\/luz-de-piscina-led-8w-12vdc-ip68\/"]}]},{"@type":"ImageObject","inLanguage":"fr-FR","@id":"https:\/\/ledsolintel.com\/product\/luz-de-piscina-led-8w-12vdc-ip68\/#primaryimage","url":"https:\/\/ledsolintel.com\/wp-content\/uploads\/2025\/11\/luz-de-piscina-led-8w-12vdc-ip68.jpg","contentUrl":"https:\/\/ledsolintel.com\/wp-content\/uploads\/2025\/11\/luz-de-piscina-led-8w-12vdc-ip68.jpg","width":1500,"height":1500},{"@type":"BreadcrumbList","@id":"https:\/\/ledsolintel.com\/product\/luz-de-piscina-led-8w-12vdc-ip68\/#breadcrumb","itemListElement":[{"@type":"ListItem","position":1,"name":"Portada","item":"https:\/\/ledsolintel.com\/fr\/"},{"@type":"ListItem","position":2,"name":"Tienda","item":"https:\/\/ledsolintel.com\/tienda\/"},{"@type":"ListItem","position":3,"name":"Luz de piscina LED 8W 12VDC IP68"}]},{"@type":"WebSite","@id":"https:\/\/ledsolintel.com\/#website","url":"https:\/\/ledsolintel.com\/","name":"Webmenaje","description":"Magasin d'ampoules et de lampes LED pour les professionnels","publisher":{"@id":"https:\/\/ledsolintel.com\/#organization"},"potentialAction":[{"@type":"SearchAction","target":{"@type":"EntryPoint","urlTemplate":"https:\/\/ledsolintel.com\/?s={search_term_string}"},"query-input":{"@type":"PropertyValueSpecification","valueRequired":true,"valueName":"search_term_string"}}],"inLanguage":"fr-FR"},{"@type":"Organization","@id":"https:\/\/ledsolintel.com\/#organization","name":"Solintel Noroeste, S.L.","url":"https:\/\/ledsolintel.com\/","logo":{"@type":"ImageObject","inLanguage":"fr-FR","@id":"https:\/\/ledsolintel.com\/#\/schema\/logo\/image\/","url":"https:\/\/ledsolintel.com\/wp-content\/uploads\/2024\/11\/webmenaje-logo-1508269066.jpg","contentUrl":"https:\/\/ledsolintel.com\/wp-content\/uploads\/2024\/11\/webmenaje-logo-1508269066.jpg","width":370,"height":90,"caption":"Solintel Noroeste, S.L."},"image":{"@id":"https:\/\/ledsolintel.com\/#\/schema\/logo\/image\/"},"sameAs":["http:\/\/www.facebook.com\/webmenaje","https:\/\/x.com\/webmenaje","https:\/\/www.youtube.com\/channel\/UCX2KoVoeCG4LocZjUc6LmSQ","http:\/\/www.pinterest.com\/webmenaje"]}]}},"_links":{"self":[{"href":"https:\/\/ledsolintel.com\/fr\/wp-json\/wp\/v2\/product\/269025","targetHints":{"allow":["GET"]}}],"collection":[{"href":"https:\/\/ledsolintel.com\/fr\/wp-json\/wp\/v2\/product"}],"about":[{"href":"https:\/\/ledsolintel.com\/fr\/wp-json\/wp\/v2\/types\/product"}],"version-history":[{"count":1,"href":"https:\/\/ledsolintel.com\/fr\/wp-json\/wp\/v2\/product\/269025\/revisions"}],"predecessor-version":[{"id":269026,"href":"https:\/\/ledsolintel.com\/fr\/wp-json\/wp\/v2\/product\/269025\/revisions\/269026"}],"wp:featuredmedia":[{"embeddable":true,"href":"https:\/\/ledsolintel.com\/fr\/wp-json\/wp\/v2\/media\/263775"}],"wp:attachment":[{"href":"https:\/\/ledsolintel.com\/fr\/wp-json\/wp\/v2\/media?parent=269025"}],"wp:term":[{"taxonomy":"product_brand","embeddable":true,"href":"https:\/\/ledsolintel.com\/fr\/wp-json\/wp\/v2\/product_brand?post=269025"},{"taxonomy":"product_cat","embeddable":true,"href":"https:\/\/ledsolintel.com\/fr\/wp-json\/wp\/v2\/product_cat?post=269025"},{"taxonomy":"product_tag","embeddable":true,"href":"https:\/\/ledsolintel.com\/fr\/wp-json\/wp\/v2\/product_tag?post=269025"}],"curies":[{"name":"wp","href":"https:\/\/api.w.org\/{rel}","templated":true}]}}