{"id":269019,"date":"2025-11-11T17:08:22","date_gmt":"2025-11-11T16:08:22","guid":{"rendered":"https:\/\/nueva.ledsolintel.com\/product\/conector-en-l-para-tira-led-cob-12-24v-10mm\/"},"modified":"2026-04-07T10:18:54","modified_gmt":"2026-04-07T08:18:54","slug":"connecteur-l-pour-bande-led-cob-12-24v-10mm","status":"publish","type":"product","link":"https:\/\/ledsolintel.com\/fr\/produit-2\/connecteur-l-pour-bande-led-cob-12-24v-10mm\/","title":{"rendered":"Connecteur en L pour bande LED COB 12\/24V 10mm"},"content":{"rendered":"<p>Connecteur de jonction d'angle, con\u00e7u pour \u00eatre utilis\u00e9 avec des barrettes de LED COB unicolores de 12V ou 24V. Il s'agit d'un connecteur transparent qui n'interf\u00e8re pas avec la continuit\u00e9 de la lumi\u00e8re et qui permet de connecter rapidement et facilement deux bandes de LED COB de 10 mm de large.  Gr\u00e2ce \u00e0 son indice de protection IP20, il est id\u00e9al pour une installation en int\u00e9rieur (protection contre les particules solides de plus de 12 mm et n'est pas \u00e9tanche).  Il est garanti 3 ans. Il poss\u00e8de \u00e9galement le certificat CE, qui atteste qu'il est conforme aux exigences de l'UE en mati\u00e8re de compatibilit\u00e9 \u00e9lectromagn\u00e9tique et de basse tension. Ce certificat d\u00e9clare la conformit\u00e9 du produit \u00e0 toutes les exigences l\u00e9gales et garantit la validit\u00e9 de la vente du produit dans l'ensemble de l'Espace \u00e9conomique europ\u00e9en.<\/p>","protected":false},"excerpt":{"rendered":"<p>Conector de empalme para esquinas, dise\u00f1ado para ser utilizado con tiras LED COB monocolor de 12V o 24V. Es un conector transparente que no interfiere en la continuidad de la luz y permite la uni\u00f3n de forma r\u00e1pida y sencilla de dos tiras LED COB de 10 mm de ancho. Debido a su grado de &hellip; <a href=\"https:\/\/ledsolintel.com\/fr\/produit-2\/connecteur-l-pour-bande-led-cob-12-24v-10mm\/\" class=\"more-link\">Continue reading <span class=\"screen-reader-text\">Connecteur en L pour bande LED COB 12\/24V 10mm<\/span><\/a><\/p>","protected":false},"featured_media":263762,"template":"","meta":[],"product_brand":[101370],"product_cat":[101371,15],"product_tag":[],"class_list":{"0":"post-269019","1":"product","2":"type-product","3":"status-publish","4":"has-post-thumbnail","6":"product_brand-masterled","7":"product_cat-masterled","8":"product_cat-uncategorized","9":"pa_voltaje-12-24v","12":"instock","13":"taxable","14":"shipping-taxable","15":"purchasable","16":"product-type-simple"},"yoast_head":"<!-- This site is optimized with the Yoast SEO plugin v27.4 - https:\/\/yoast.com\/product\/yoast-seo-wordpress\/ -->\n<title>Conector en L para tira LED COB 12\/24V 10mm - Ledsolintel<\/title>\n<meta name=\"robots\" content=\"index, follow, max-snippet:-1, max-image-preview:large, max-video-preview:-1\" \/>\n<link rel=\"canonical\" href=\"https:\/\/ledsolintel.com\/fr\/produit-2\/connecteur-l-pour-bande-led-cob-12-24v-10mm\/\" \/>\n<meta property=\"og:locale\" content=\"fr_FR\" \/>\n<meta property=\"og:type\" content=\"article\" \/>\n<meta property=\"og:title\" content=\"Conector en L para tira LED COB 12\/24V 10mm - Ledsolintel\" \/>\n<meta property=\"og:description\" content=\"Conector de empalme para esquinas, dise\u00f1ado para ser utilizado con tiras LED COB monocolor de 12V o 24V. Es un conector transparente que no interfiere en la continuidad de la luz y permite la uni\u00f3n de forma r\u00e1pida y sencilla de dos tiras LED COB de 10 mm de ancho. Debido a su grado de &hellip; Continue reading Conector en L para tira LED COB 12\/24V 10mm\" \/>\n<meta property=\"og:url\" content=\"https:\/\/ledsolintel.com\/fr\/produit-2\/connecteur-l-pour-bande-led-cob-12-24v-10mm\/\" \/>\n<meta property=\"og:site_name\" content=\"Ledsolintel\" \/>\n<meta property=\"article:publisher\" content=\"http:\/\/www.facebook.com\/webmenaje\" \/>\n<meta property=\"article:modified_time\" content=\"2026-04-07T08:18:54+00:00\" \/>\n<meta property=\"og:image\" content=\"https:\/\/ledsolintel.com\/wp-content\/uploads\/2025\/11\/conector-en-l-para-tira-led-cob-1224v-10mm.jpg\" \/>\n\t<meta property=\"og:image:width\" content=\"601\" \/>\n\t<meta property=\"og:image:height\" content=\"600\" \/>\n\t<meta property=\"og:image:type\" content=\"image\/jpeg\" \/>\n<meta name=\"twitter:card\" content=\"summary_large_image\" \/>\n<meta name=\"twitter:site\" content=\"@webmenaje\" \/>\n<meta name=\"twitter:label1\" content=\"Dur\u00e9e de lecture estim\u00e9e\" \/>\n\t<meta name=\"twitter:data1\" content=\"1 minute\" \/>\n<script type=\"application\/ld+json\" class=\"yoast-schema-graph\">{\"@context\":\"https:\\\/\\\/schema.org\",\"@graph\":[{\"@type\":\"WebPage\",\"@id\":\"https:\\\/\\\/ledsolintel.com\\\/product\\\/conector-en-l-para-tira-led-cob-12-24v-10mm\\\/\",\"url\":\"https:\\\/\\\/ledsolintel.com\\\/product\\\/conector-en-l-para-tira-led-cob-12-24v-10mm\\\/\",\"name\":\"Conector en L para tira LED COB 12\\\/24V 10mm - Ledsolintel\",\"isPartOf\":{\"@id\":\"https:\\\/\\\/ledsolintel.com\\\/#website\"},\"primaryImageOfPage\":{\"@id\":\"https:\\\/\\\/ledsolintel.com\\\/product\\\/conector-en-l-para-tira-led-cob-12-24v-10mm\\\/#primaryimage\"},\"image\":{\"@id\":\"https:\\\/\\\/ledsolintel.com\\\/product\\\/conector-en-l-para-tira-led-cob-12-24v-10mm\\\/#primaryimage\"},\"thumbnailUrl\":\"https:\\\/\\\/ledsolintel.com\\\/wp-content\\\/uploads\\\/2025\\\/11\\\/conector-en-l-para-tira-led-cob-1224v-10mm.jpg\",\"datePublished\":\"2025-11-11T16:08:22+00:00\",\"dateModified\":\"2026-04-07T08:18:54+00:00\",\"breadcrumb\":{\"@id\":\"https:\\\/\\\/ledsolintel.com\\\/product\\\/conector-en-l-para-tira-led-cob-12-24v-10mm\\\/#breadcrumb\"},\"inLanguage\":\"fr-FR\",\"potentialAction\":[{\"@type\":\"ReadAction\",\"target\":[\"https:\\\/\\\/ledsolintel.com\\\/product\\\/conector-en-l-para-tira-led-cob-12-24v-10mm\\\/\"]}]},{\"@type\":\"ImageObject\",\"inLanguage\":\"fr-FR\",\"@id\":\"https:\\\/\\\/ledsolintel.com\\\/product\\\/conector-en-l-para-tira-led-cob-12-24v-10mm\\\/#primaryimage\",\"url\":\"https:\\\/\\\/ledsolintel.com\\\/wp-content\\\/uploads\\\/2025\\\/11\\\/conector-en-l-para-tira-led-cob-1224v-10mm.jpg\",\"contentUrl\":\"https:\\\/\\\/ledsolintel.com\\\/wp-content\\\/uploads\\\/2025\\\/11\\\/conector-en-l-para-tira-led-cob-1224v-10mm.jpg\",\"width\":601,\"height\":600},{\"@type\":\"BreadcrumbList\",\"@id\":\"https:\\\/\\\/ledsolintel.com\\\/product\\\/conector-en-l-para-tira-led-cob-12-24v-10mm\\\/#breadcrumb\",\"itemListElement\":[{\"@type\":\"ListItem\",\"position\":1,\"name\":\"Portada\",\"item\":\"https:\\\/\\\/ledsolintel.com\\\/fr\\\/\"},{\"@type\":\"ListItem\",\"position\":2,\"name\":\"Tienda\",\"item\":\"https:\\\/\\\/ledsolintel.com\\\/tienda\\\/\"},{\"@type\":\"ListItem\",\"position\":3,\"name\":\"Conector en L para tira LED COB 12\\\/24V 10mm\"}]},{\"@type\":\"WebSite\",\"@id\":\"https:\\\/\\\/ledsolintel.com\\\/#website\",\"url\":\"https:\\\/\\\/ledsolintel.com\\\/\",\"name\":\"Webmenaje\",\"description\":\"Tienda de bombillas y l\u00e1mparas LED para profesionales\",\"publisher\":{\"@id\":\"https:\\\/\\\/ledsolintel.com\\\/#organization\"},\"potentialAction\":[{\"@type\":\"SearchAction\",\"target\":{\"@type\":\"EntryPoint\",\"urlTemplate\":\"https:\\\/\\\/ledsolintel.com\\\/?s={search_term_string}\"},\"query-input\":{\"@type\":\"PropertyValueSpecification\",\"valueRequired\":true,\"valueName\":\"search_term_string\"}}],\"inLanguage\":\"fr-FR\"},{\"@type\":\"Organization\",\"@id\":\"https:\\\/\\\/ledsolintel.com\\\/#organization\",\"name\":\"Solintel Noroeste, S.L.\",\"url\":\"https:\\\/\\\/ledsolintel.com\\\/\",\"logo\":{\"@type\":\"ImageObject\",\"inLanguage\":\"fr-FR\",\"@id\":\"https:\\\/\\\/ledsolintel.com\\\/#\\\/schema\\\/logo\\\/image\\\/\",\"url\":\"https:\\\/\\\/ledsolintel.com\\\/wp-content\\\/uploads\\\/2024\\\/11\\\/webmenaje-logo-1508269066.jpg\",\"contentUrl\":\"https:\\\/\\\/ledsolintel.com\\\/wp-content\\\/uploads\\\/2024\\\/11\\\/webmenaje-logo-1508269066.jpg\",\"width\":370,\"height\":90,\"caption\":\"Solintel Noroeste, S.L.\"},\"image\":{\"@id\":\"https:\\\/\\\/ledsolintel.com\\\/#\\\/schema\\\/logo\\\/image\\\/\"},\"sameAs\":[\"http:\\\/\\\/www.facebook.com\\\/webmenaje\",\"https:\\\/\\\/x.com\\\/webmenaje\",\"https:\\\/\\\/www.youtube.com\\\/channel\\\/UCX2KoVoeCG4LocZjUc6LmSQ\",\"http:\\\/\\\/www.pinterest.com\\\/webmenaje\"]}]}<\/script>\n<!-- \/ Yoast SEO plugin. -->","yoast_head_json":{"title":"Connecteur en L pour bande LED COB 12\/24V 10mm - Ledsolintel","robots":{"index":"index","follow":"follow","max-snippet":"max-snippet:-1","max-image-preview":"max-image-preview:large","max-video-preview":"max-video-preview:-1"},"canonical":"https:\/\/ledsolintel.com\/fr\/produit-2\/connecteur-l-pour-bande-led-cob-12-24v-10mm\/","og_locale":"fr_FR","og_type":"article","og_title":"Conector en L para tira LED COB 12\/24V 10mm - Ledsolintel","og_description":"Conector de empalme para esquinas, dise\u00f1ado para ser utilizado con tiras LED COB monocolor de 12V o 24V. Es un conector transparente que no interfiere en la continuidad de la luz y permite la uni\u00f3n de forma r\u00e1pida y sencilla de dos tiras LED COB de 10 mm de ancho. Debido a su grado de &hellip; Continue reading Conector en L para tira LED COB 12\/24V 10mm","og_url":"https:\/\/ledsolintel.com\/fr\/produit-2\/connecteur-l-pour-bande-led-cob-12-24v-10mm\/","og_site_name":"Ledsolintel","article_publisher":"http:\/\/www.facebook.com\/webmenaje","article_modified_time":"2026-04-07T08:18:54+00:00","og_image":[{"width":601,"height":600,"url":"https:\/\/ledsolintel.com\/wp-content\/uploads\/2025\/11\/conector-en-l-para-tira-led-cob-1224v-10mm.jpg","type":"image\/jpeg"}],"twitter_card":"summary_large_image","twitter_site":"@webmenaje","twitter_misc":{"Dur\u00e9e de lecture estim\u00e9e":"1 minute"},"schema":{"@context":"https:\/\/schema.org","@graph":[{"@type":"WebPage","@id":"https:\/\/ledsolintel.com\/product\/conector-en-l-para-tira-led-cob-12-24v-10mm\/","url":"https:\/\/ledsolintel.com\/product\/conector-en-l-para-tira-led-cob-12-24v-10mm\/","name":"Connecteur en L pour bande LED COB 12\/24V 10mm - Ledsolintel","isPartOf":{"@id":"https:\/\/ledsolintel.com\/#website"},"primaryImageOfPage":{"@id":"https:\/\/ledsolintel.com\/product\/conector-en-l-para-tira-led-cob-12-24v-10mm\/#primaryimage"},"image":{"@id":"https:\/\/ledsolintel.com\/product\/conector-en-l-para-tira-led-cob-12-24v-10mm\/#primaryimage"},"thumbnailUrl":"https:\/\/ledsolintel.com\/wp-content\/uploads\/2025\/11\/conector-en-l-para-tira-led-cob-1224v-10mm.jpg","datePublished":"2025-11-11T16:08:22+00:00","dateModified":"2026-04-07T08:18:54+00:00","breadcrumb":{"@id":"https:\/\/ledsolintel.com\/product\/conector-en-l-para-tira-led-cob-12-24v-10mm\/#breadcrumb"},"inLanguage":"fr-FR","potentialAction":[{"@type":"ReadAction","target":["https:\/\/ledsolintel.com\/product\/conector-en-l-para-tira-led-cob-12-24v-10mm\/"]}]},{"@type":"ImageObject","inLanguage":"fr-FR","@id":"https:\/\/ledsolintel.com\/product\/conector-en-l-para-tira-led-cob-12-24v-10mm\/#primaryimage","url":"https:\/\/ledsolintel.com\/wp-content\/uploads\/2025\/11\/conector-en-l-para-tira-led-cob-1224v-10mm.jpg","contentUrl":"https:\/\/ledsolintel.com\/wp-content\/uploads\/2025\/11\/conector-en-l-para-tira-led-cob-1224v-10mm.jpg","width":601,"height":600},{"@type":"BreadcrumbList","@id":"https:\/\/ledsolintel.com\/product\/conector-en-l-para-tira-led-cob-12-24v-10mm\/#breadcrumb","itemListElement":[{"@type":"ListItem","position":1,"name":"Portada","item":"https:\/\/ledsolintel.com\/fr\/"},{"@type":"ListItem","position":2,"name":"Tienda","item":"https:\/\/ledsolintel.com\/tienda\/"},{"@type":"ListItem","position":3,"name":"Conector en L para tira LED COB 12\/24V 10mm"}]},{"@type":"WebSite","@id":"https:\/\/ledsolintel.com\/#website","url":"https:\/\/ledsolintel.com\/","name":"Webmenaje","description":"Magasin d'ampoules et de lampes LED pour les professionnels","publisher":{"@id":"https:\/\/ledsolintel.com\/#organization"},"potentialAction":[{"@type":"SearchAction","target":{"@type":"EntryPoint","urlTemplate":"https:\/\/ledsolintel.com\/?s={search_term_string}"},"query-input":{"@type":"PropertyValueSpecification","valueRequired":true,"valueName":"search_term_string"}}],"inLanguage":"fr-FR"},{"@type":"Organization","@id":"https:\/\/ledsolintel.com\/#organization","name":"Solintel Noroeste, S.L.","url":"https:\/\/ledsolintel.com\/","logo":{"@type":"ImageObject","inLanguage":"fr-FR","@id":"https:\/\/ledsolintel.com\/#\/schema\/logo\/image\/","url":"https:\/\/ledsolintel.com\/wp-content\/uploads\/2024\/11\/webmenaje-logo-1508269066.jpg","contentUrl":"https:\/\/ledsolintel.com\/wp-content\/uploads\/2024\/11\/webmenaje-logo-1508269066.jpg","width":370,"height":90,"caption":"Solintel Noroeste, S.L."},"image":{"@id":"https:\/\/ledsolintel.com\/#\/schema\/logo\/image\/"},"sameAs":["http:\/\/www.facebook.com\/webmenaje","https:\/\/x.com\/webmenaje","https:\/\/www.youtube.com\/channel\/UCX2KoVoeCG4LocZjUc6LmSQ","http:\/\/www.pinterest.com\/webmenaje"]}]}},"_links":{"self":[{"href":"https:\/\/ledsolintel.com\/fr\/wp-json\/wp\/v2\/product\/269019","targetHints":{"allow":["GET"]}}],"collection":[{"href":"https:\/\/ledsolintel.com\/fr\/wp-json\/wp\/v2\/product"}],"about":[{"href":"https:\/\/ledsolintel.com\/fr\/wp-json\/wp\/v2\/types\/product"}],"version-history":[{"count":1,"href":"https:\/\/ledsolintel.com\/fr\/wp-json\/wp\/v2\/product\/269019\/revisions"}],"predecessor-version":[{"id":269020,"href":"https:\/\/ledsolintel.com\/fr\/wp-json\/wp\/v2\/product\/269019\/revisions\/269020"}],"wp:featuredmedia":[{"embeddable":true,"href":"https:\/\/ledsolintel.com\/fr\/wp-json\/wp\/v2\/media\/263762"}],"wp:attachment":[{"href":"https:\/\/ledsolintel.com\/fr\/wp-json\/wp\/v2\/media?parent=269019"}],"wp:term":[{"taxonomy":"product_brand","embeddable":true,"href":"https:\/\/ledsolintel.com\/fr\/wp-json\/wp\/v2\/product_brand?post=269019"},{"taxonomy":"product_cat","embeddable":true,"href":"https:\/\/ledsolintel.com\/fr\/wp-json\/wp\/v2\/product_cat?post=269019"},{"taxonomy":"product_tag","embeddable":true,"href":"https:\/\/ledsolintel.com\/fr\/wp-json\/wp\/v2\/product_tag?post=269019"}],"curies":[{"name":"wp","href":"https:\/\/api.w.org\/{rel}","templated":true}]}}