{"id":269013,"date":"2025-11-11T17:08:15","date_gmt":"2025-11-11T16:08:15","guid":{"rendered":"https:\/\/nueva.ledsolintel.com\/product\/aplique-led-73w-usb-carga-inalambrica-derecha\/"},"modified":"2026-04-07T10:18:54","modified_gmt":"2026-04-07T08:18:54","slug":"aplique-led-73w-usb-carga-inalambrica-derecha","status":"publish","type":"product","link":"https:\/\/ledsolintel.com\/fr\/produit-2\/aplique-led-73w-usb-carga-inalambrica-derecha\/","title":{"rendered":"Applique LED 7+3W USB + charge sans fil droite"},"content":{"rendered":"<p>Aplique de pared en aluminio con acabado en color blanco y negro con un punto de luz de lectura orientable de 3W de potencia y una luz posterior de 7W. Incorpora un puerto de carga USB de 2A a la derecha del punto de luz, que permite cargar cualquier dispositivo electr\u00f3nico, as\u00ed como, una repisa con funci\u00f3n de carga inal\u00e1mbrica, por lo que se podr\u00e1n cargar en ella dispositivos compatibles con dicha tecnolog\u00eda sin necesidad de usar cables. Dispone de dos interruptores independientes para la luz trasera y la luz de lectura. Con estas caracter\u00edsticas lo convierten en una iluminaria ideal para su instalaci\u00f3n como luz de lectura para dormitorio y aplique cabecero para cama, en salones, escritorios, hoteles, apartamentos etc.  Integra un LED del tipo CREE y est\u00e1 disponible en una temperatura de color: c\u00e1lida (3000-3500\u00b0K). Soporta un voltaje de entrada de 85-265V y una frecuencia de servicio de 50Hz.  Su instalaci\u00f3n debe realizarse en lugares interiores al poseer un grado de protecci\u00f3n IP20 (protecci\u00f3n contra part\u00edculas s\u00f3lidas de tama\u00f1o superior a 12 mm y no es resistente al agua).  Adem\u00e1s de ser un producto que tiene m\u00e1s de 30.000 horas de vida, dispone de una garant\u00eda de 3 a\u00f1os. Cuenta tambi\u00e9n con el certificado CE, que acredita que se cumple con los requisitos de la UE respecto a compatibilidad electromagn\u00e9tica y normativa de baja tensi\u00f3n. Con este certificado se declara la conformidad de dicho producto con todos los requisitos legales exigidos, y asegura la validez del producto para ser vendido en todo el Espacio Econ\u00f3mico Europeo.<\/p>","protected":false},"excerpt":{"rendered":"<p>Aplique de pared en aluminio con acabado en color blanco y negro con un punto de luz de lectura orientable de 3W de potencia y una luz posterior de 7W. Incorpora un puerto de carga USB de 2A a la derecha del punto de luz, que permite cargar cualquier dispositivo electr\u00f3nico, as\u00ed como, una repisa &hellip; <a href=\"https:\/\/ledsolintel.com\/fr\/produit-2\/aplique-led-73w-usb-carga-inalambrica-derecha\/\" class=\"more-link\">Continue reading <span class=\"screen-reader-text\">Applique LED 7+3W USB + charge sans fil droite<\/span><\/a><\/p>","protected":false},"featured_media":263748,"template":"","meta":[],"product_brand":[101370],"product_cat":[99573,99887,99659,101371,15],"product_tag":[],"class_list":{"0":"post-269013","1":"product","2":"type-product","3":"status-publish","4":"has-post-thumbnail","6":"product_brand-masterled","7":"product_cat-iluminacion-interior","8":"product_cat-lamparas-de-lectura","9":"product_cat-lamparas-de-pared","10":"product_cat-masterled","11":"product_cat-uncategorized","12":"pa_temperatura-color-luz-calida","15":"instock","16":"taxable","17":"shipping-taxable","18":"purchasable","19":"product-type-simple"},"yoast_head":"<!-- This site is optimized with the Yoast SEO plugin v27.4 - https:\/\/yoast.com\/product\/yoast-seo-wordpress\/ -->\n<title>Aplique LED 7+3W USB + carga inal\u00e1mbrica derecha - Ledsolintel<\/title>\n<meta name=\"robots\" content=\"index, follow, max-snippet:-1, max-image-preview:large, max-video-preview:-1\" \/>\n<link rel=\"canonical\" href=\"https:\/\/ledsolintel.com\/fr\/produit-2\/aplique-led-73w-usb-carga-inalambrica-derecha\/\" \/>\n<meta property=\"og:locale\" content=\"fr_FR\" \/>\n<meta property=\"og:type\" content=\"article\" \/>\n<meta property=\"og:title\" content=\"Aplique LED 7+3W USB + carga inal\u00e1mbrica derecha - Ledsolintel\" \/>\n<meta property=\"og:description\" content=\"Aplique de pared en aluminio con acabado en color blanco y negro con un punto de luz de lectura orientable de 3W de potencia y una luz posterior de 7W. Incorpora un puerto de carga USB de 2A a la derecha del punto de luz, que permite cargar cualquier dispositivo electr\u00f3nico, as\u00ed como, una repisa &hellip; Continue reading Aplique LED 7+3W USB + carga inal\u00e1mbrica derecha\" \/>\n<meta property=\"og:url\" content=\"https:\/\/ledsolintel.com\/fr\/produit-2\/aplique-led-73w-usb-carga-inalambrica-derecha\/\" \/>\n<meta property=\"og:site_name\" content=\"Ledsolintel\" \/>\n<meta property=\"article:publisher\" content=\"http:\/\/www.facebook.com\/webmenaje\" \/>\n<meta property=\"article:modified_time\" content=\"2026-04-07T08:18:54+00:00\" \/>\n<meta property=\"og:image\" content=\"https:\/\/ledsolintel.com\/wp-content\/uploads\/2025\/11\/aplique-led-73w-usb-carga-inalambrica-derecha.jpg\" \/>\n\t<meta property=\"og:image:width\" content=\"1500\" \/>\n\t<meta property=\"og:image:height\" content=\"1500\" \/>\n\t<meta property=\"og:image:type\" content=\"image\/jpeg\" \/>\n<meta name=\"twitter:card\" content=\"summary_large_image\" \/>\n<meta name=\"twitter:site\" content=\"@webmenaje\" \/>\n<meta name=\"twitter:label1\" content=\"Dur\u00e9e de lecture estim\u00e9e\" \/>\n\t<meta name=\"twitter:data1\" content=\"1 minute\" \/>\n<script type=\"application\/ld+json\" class=\"yoast-schema-graph\">{\"@context\":\"https:\\\/\\\/schema.org\",\"@graph\":[{\"@type\":\"WebPage\",\"@id\":\"https:\\\/\\\/ledsolintel.com\\\/product\\\/aplique-led-73w-usb-carga-inalambrica-derecha\\\/\",\"url\":\"https:\\\/\\\/ledsolintel.com\\\/product\\\/aplique-led-73w-usb-carga-inalambrica-derecha\\\/\",\"name\":\"Aplique LED 7+3W USB + carga inal\u00e1mbrica derecha - Ledsolintel\",\"isPartOf\":{\"@id\":\"https:\\\/\\\/ledsolintel.com\\\/#website\"},\"primaryImageOfPage\":{\"@id\":\"https:\\\/\\\/ledsolintel.com\\\/product\\\/aplique-led-73w-usb-carga-inalambrica-derecha\\\/#primaryimage\"},\"image\":{\"@id\":\"https:\\\/\\\/ledsolintel.com\\\/product\\\/aplique-led-73w-usb-carga-inalambrica-derecha\\\/#primaryimage\"},\"thumbnailUrl\":\"https:\\\/\\\/ledsolintel.com\\\/wp-content\\\/uploads\\\/2025\\\/11\\\/aplique-led-73w-usb-carga-inalambrica-derecha.jpg\",\"datePublished\":\"2025-11-11T16:08:15+00:00\",\"dateModified\":\"2026-04-07T08:18:54+00:00\",\"breadcrumb\":{\"@id\":\"https:\\\/\\\/ledsolintel.com\\\/product\\\/aplique-led-73w-usb-carga-inalambrica-derecha\\\/#breadcrumb\"},\"inLanguage\":\"fr-FR\",\"potentialAction\":[{\"@type\":\"ReadAction\",\"target\":[\"https:\\\/\\\/ledsolintel.com\\\/product\\\/aplique-led-73w-usb-carga-inalambrica-derecha\\\/\"]}]},{\"@type\":\"ImageObject\",\"inLanguage\":\"fr-FR\",\"@id\":\"https:\\\/\\\/ledsolintel.com\\\/product\\\/aplique-led-73w-usb-carga-inalambrica-derecha\\\/#primaryimage\",\"url\":\"https:\\\/\\\/ledsolintel.com\\\/wp-content\\\/uploads\\\/2025\\\/11\\\/aplique-led-73w-usb-carga-inalambrica-derecha.jpg\",\"contentUrl\":\"https:\\\/\\\/ledsolintel.com\\\/wp-content\\\/uploads\\\/2025\\\/11\\\/aplique-led-73w-usb-carga-inalambrica-derecha.jpg\",\"width\":1500,\"height\":1500},{\"@type\":\"BreadcrumbList\",\"@id\":\"https:\\\/\\\/ledsolintel.com\\\/product\\\/aplique-led-73w-usb-carga-inalambrica-derecha\\\/#breadcrumb\",\"itemListElement\":[{\"@type\":\"ListItem\",\"position\":1,\"name\":\"Portada\",\"item\":\"https:\\\/\\\/ledsolintel.com\\\/fr\\\/\"},{\"@type\":\"ListItem\",\"position\":2,\"name\":\"Tienda\",\"item\":\"https:\\\/\\\/ledsolintel.com\\\/tienda\\\/\"},{\"@type\":\"ListItem\",\"position\":3,\"name\":\"Aplique LED 7+3W USB + carga inal\u00e1mbrica derecha\"}]},{\"@type\":\"WebSite\",\"@id\":\"https:\\\/\\\/ledsolintel.com\\\/#website\",\"url\":\"https:\\\/\\\/ledsolintel.com\\\/\",\"name\":\"Webmenaje\",\"description\":\"Tienda de bombillas y l\u00e1mparas LED para profesionales\",\"publisher\":{\"@id\":\"https:\\\/\\\/ledsolintel.com\\\/#organization\"},\"potentialAction\":[{\"@type\":\"SearchAction\",\"target\":{\"@type\":\"EntryPoint\",\"urlTemplate\":\"https:\\\/\\\/ledsolintel.com\\\/?s={search_term_string}\"},\"query-input\":{\"@type\":\"PropertyValueSpecification\",\"valueRequired\":true,\"valueName\":\"search_term_string\"}}],\"inLanguage\":\"fr-FR\"},{\"@type\":\"Organization\",\"@id\":\"https:\\\/\\\/ledsolintel.com\\\/#organization\",\"name\":\"Solintel Noroeste, S.L.\",\"url\":\"https:\\\/\\\/ledsolintel.com\\\/\",\"logo\":{\"@type\":\"ImageObject\",\"inLanguage\":\"fr-FR\",\"@id\":\"https:\\\/\\\/ledsolintel.com\\\/#\\\/schema\\\/logo\\\/image\\\/\",\"url\":\"https:\\\/\\\/ledsolintel.com\\\/wp-content\\\/uploads\\\/2024\\\/11\\\/webmenaje-logo-1508269066.jpg\",\"contentUrl\":\"https:\\\/\\\/ledsolintel.com\\\/wp-content\\\/uploads\\\/2024\\\/11\\\/webmenaje-logo-1508269066.jpg\",\"width\":370,\"height\":90,\"caption\":\"Solintel Noroeste, S.L.\"},\"image\":{\"@id\":\"https:\\\/\\\/ledsolintel.com\\\/#\\\/schema\\\/logo\\\/image\\\/\"},\"sameAs\":[\"http:\\\/\\\/www.facebook.com\\\/webmenaje\",\"https:\\\/\\\/x.com\\\/webmenaje\",\"https:\\\/\\\/www.youtube.com\\\/channel\\\/UCX2KoVoeCG4LocZjUc6LmSQ\",\"http:\\\/\\\/www.pinterest.com\\\/webmenaje\"]}]}<\/script>\n<!-- \/ Yoast SEO plugin. -->","yoast_head_json":{"title":"Aplique LED 7+3W USB + carga inal\u00e1mbrica derecha - Ledsolintel","robots":{"index":"index","follow":"follow","max-snippet":"max-snippet:-1","max-image-preview":"max-image-preview:large","max-video-preview":"max-video-preview:-1"},"canonical":"https:\/\/ledsolintel.com\/fr\/produit-2\/aplique-led-73w-usb-carga-inalambrica-derecha\/","og_locale":"fr_FR","og_type":"article","og_title":"Aplique LED 7+3W USB + carga inal\u00e1mbrica derecha - Ledsolintel","og_description":"Aplique de pared en aluminio con acabado en color blanco y negro con un punto de luz de lectura orientable de 3W de potencia y una luz posterior de 7W. Incorpora un puerto de carga USB de 2A a la derecha del punto de luz, que permite cargar cualquier dispositivo electr\u00f3nico, as\u00ed como, una repisa &hellip; Continue reading Aplique LED 7+3W USB + carga inal\u00e1mbrica derecha","og_url":"https:\/\/ledsolintel.com\/fr\/produit-2\/aplique-led-73w-usb-carga-inalambrica-derecha\/","og_site_name":"Ledsolintel","article_publisher":"http:\/\/www.facebook.com\/webmenaje","article_modified_time":"2026-04-07T08:18:54+00:00","og_image":[{"width":1500,"height":1500,"url":"https:\/\/ledsolintel.com\/wp-content\/uploads\/2025\/11\/aplique-led-73w-usb-carga-inalambrica-derecha.jpg","type":"image\/jpeg"}],"twitter_card":"summary_large_image","twitter_site":"@webmenaje","twitter_misc":{"Dur\u00e9e de lecture estim\u00e9e":"1 minute"},"schema":{"@context":"https:\/\/schema.org","@graph":[{"@type":"WebPage","@id":"https:\/\/ledsolintel.com\/product\/aplique-led-73w-usb-carga-inalambrica-derecha\/","url":"https:\/\/ledsolintel.com\/product\/aplique-led-73w-usb-carga-inalambrica-derecha\/","name":"Aplique LED 7+3W USB + carga inal\u00e1mbrica derecha - Ledsolintel","isPartOf":{"@id":"https:\/\/ledsolintel.com\/#website"},"primaryImageOfPage":{"@id":"https:\/\/ledsolintel.com\/product\/aplique-led-73w-usb-carga-inalambrica-derecha\/#primaryimage"},"image":{"@id":"https:\/\/ledsolintel.com\/product\/aplique-led-73w-usb-carga-inalambrica-derecha\/#primaryimage"},"thumbnailUrl":"https:\/\/ledsolintel.com\/wp-content\/uploads\/2025\/11\/aplique-led-73w-usb-carga-inalambrica-derecha.jpg","datePublished":"2025-11-11T16:08:15+00:00","dateModified":"2026-04-07T08:18:54+00:00","breadcrumb":{"@id":"https:\/\/ledsolintel.com\/product\/aplique-led-73w-usb-carga-inalambrica-derecha\/#breadcrumb"},"inLanguage":"fr-FR","potentialAction":[{"@type":"ReadAction","target":["https:\/\/ledsolintel.com\/product\/aplique-led-73w-usb-carga-inalambrica-derecha\/"]}]},{"@type":"ImageObject","inLanguage":"fr-FR","@id":"https:\/\/ledsolintel.com\/product\/aplique-led-73w-usb-carga-inalambrica-derecha\/#primaryimage","url":"https:\/\/ledsolintel.com\/wp-content\/uploads\/2025\/11\/aplique-led-73w-usb-carga-inalambrica-derecha.jpg","contentUrl":"https:\/\/ledsolintel.com\/wp-content\/uploads\/2025\/11\/aplique-led-73w-usb-carga-inalambrica-derecha.jpg","width":1500,"height":1500},{"@type":"BreadcrumbList","@id":"https:\/\/ledsolintel.com\/product\/aplique-led-73w-usb-carga-inalambrica-derecha\/#breadcrumb","itemListElement":[{"@type":"ListItem","position":1,"name":"Portada","item":"https:\/\/ledsolintel.com\/fr\/"},{"@type":"ListItem","position":2,"name":"Tienda","item":"https:\/\/ledsolintel.com\/tienda\/"},{"@type":"ListItem","position":3,"name":"Aplique LED 7+3W USB + carga inal\u00e1mbrica derecha"}]},{"@type":"WebSite","@id":"https:\/\/ledsolintel.com\/#website","url":"https:\/\/ledsolintel.com\/","name":"Webmenaje","description":"Magasin d'ampoules et de lampes LED pour les professionnels","publisher":{"@id":"https:\/\/ledsolintel.com\/#organization"},"potentialAction":[{"@type":"SearchAction","target":{"@type":"EntryPoint","urlTemplate":"https:\/\/ledsolintel.com\/?s={search_term_string}"},"query-input":{"@type":"PropertyValueSpecification","valueRequired":true,"valueName":"search_term_string"}}],"inLanguage":"fr-FR"},{"@type":"Organization","@id":"https:\/\/ledsolintel.com\/#organization","name":"Solintel Noroeste, S.L.","url":"https:\/\/ledsolintel.com\/","logo":{"@type":"ImageObject","inLanguage":"fr-FR","@id":"https:\/\/ledsolintel.com\/#\/schema\/logo\/image\/","url":"https:\/\/ledsolintel.com\/wp-content\/uploads\/2024\/11\/webmenaje-logo-1508269066.jpg","contentUrl":"https:\/\/ledsolintel.com\/wp-content\/uploads\/2024\/11\/webmenaje-logo-1508269066.jpg","width":370,"height":90,"caption":"Solintel Noroeste, S.L."},"image":{"@id":"https:\/\/ledsolintel.com\/#\/schema\/logo\/image\/"},"sameAs":["http:\/\/www.facebook.com\/webmenaje","https:\/\/x.com\/webmenaje","https:\/\/www.youtube.com\/channel\/UCX2KoVoeCG4LocZjUc6LmSQ","http:\/\/www.pinterest.com\/webmenaje"]}]}},"_links":{"self":[{"href":"https:\/\/ledsolintel.com\/fr\/wp-json\/wp\/v2\/product\/269013","targetHints":{"allow":["GET"]}}],"collection":[{"href":"https:\/\/ledsolintel.com\/fr\/wp-json\/wp\/v2\/product"}],"about":[{"href":"https:\/\/ledsolintel.com\/fr\/wp-json\/wp\/v2\/types\/product"}],"version-history":[{"count":1,"href":"https:\/\/ledsolintel.com\/fr\/wp-json\/wp\/v2\/product\/269013\/revisions"}],"predecessor-version":[{"id":269014,"href":"https:\/\/ledsolintel.com\/fr\/wp-json\/wp\/v2\/product\/269013\/revisions\/269014"}],"wp:featuredmedia":[{"embeddable":true,"href":"https:\/\/ledsolintel.com\/fr\/wp-json\/wp\/v2\/media\/263748"}],"wp:attachment":[{"href":"https:\/\/ledsolintel.com\/fr\/wp-json\/wp\/v2\/media?parent=269013"}],"wp:term":[{"taxonomy":"product_brand","embeddable":true,"href":"https:\/\/ledsolintel.com\/fr\/wp-json\/wp\/v2\/product_brand?post=269013"},{"taxonomy":"product_cat","embeddable":true,"href":"https:\/\/ledsolintel.com\/fr\/wp-json\/wp\/v2\/product_cat?post=269013"},{"taxonomy":"product_tag","embeddable":true,"href":"https:\/\/ledsolintel.com\/fr\/wp-json\/wp\/v2\/product_tag?post=269013"}],"curies":[{"name":"wp","href":"https:\/\/api.w.org\/{rel}","templated":true}]}}