{"id":268989,"date":"2025-11-11T17:07:59","date_gmt":"2025-11-11T16:07:59","guid":{"rendered":"https:\/\/nueva.ledsolintel.com\/product\/controlador-radiofrecuencia-ip65-rgb-12-24v-12a\/"},"modified":"2026-04-07T10:18:55","modified_gmt":"2026-04-07T08:18:55","slug":"controlador-radiofrecuencia-ip65-rgb-12-24v-12a","status":"publish","type":"product","link":"https:\/\/ledsolintel.com\/fr\/produit-2\/controlador-radiofrecuencia-ip65-rgb-12-24v-12a\/","title":{"rendered":"Contr\u00f4leur RADIO FREQUENCY IP65 RGB 12\/24V 12A"},"content":{"rendered":"<p>Controlador y mando a distancia RGB 12A de radiofrecuencia. Compatible con tiras led RGB de 12V y 24V. El controlador conserva la memoria, tanto si se apaga con el mando como si se corta la alimentaci\u00f3n. Con la tecnolog\u00eda de radiofrecuencia se pueden controlar con un solo mando a distancia todos los controladores que est\u00e9n en un rango de 20 m.  \u00a0  Soporta cargas de hasta 144W en 12VDC y 288W en 24VDC.  \u00a0  Permite un voltaje de entrada y salida de 12-24V. Intensidad de salida de 12A.  \u00a0  Temperatura de color: luz RGB.  \u00a0  Est\u00e1 dise\u00f1ado para ser instalado en interior y exterior debido a su grado de protecci\u00f3n IP65 (protecci\u00f3n total frente al polvo y ante chorros de agua).  \u00a0  Dispone de una garant\u00eda de 3 a\u00f1os. Cuenta tambi\u00e9n con el certificado CE, que acredita que se cumple con los requisitos de la UE respecto a compatibilidad electromagn\u00e9tica y normativa de baja tensi\u00f3n. Con este certificado se declara la conformidad de dicho producto con todos los requisitos legales exigidos, y asegura la validez del producto para ser vendido en todo el Espacio Econ\u00f3mico Europeo.<\/p>","protected":false},"excerpt":{"rendered":"<p>Controlador y mando a distancia RGB 12A de radiofrecuencia. Compatible con tiras led RGB de 12V y 24V. El controlador conserva la memoria, tanto si se apaga con el mando como si se corta la alimentaci\u00f3n. Con la tecnolog\u00eda de radiofrecuencia se pueden controlar con un solo mando a distancia todos los controladores que est\u00e9n &hellip; <a href=\"https:\/\/ledsolintel.com\/fr\/produit-2\/controlador-radiofrecuencia-ip65-rgb-12-24v-12a\/\" class=\"more-link\">Continue reading <span class=\"screen-reader-text\">Contr\u00f4leur RADIO FREQUENCY IP65 RGB 12\/24V 12A<\/span><\/a><\/p>","protected":false},"featured_media":263711,"template":"","meta":[],"product_brand":[101370],"product_cat":[99655,101371,99581,15],"product_tag":[],"class_list":{"0":"post-268989","1":"product","2":"type-product","3":"status-publish","4":"has-post-thumbnail","6":"product_brand-masterled","7":"product_cat-drivers-y-accesorios-para-tiras-de-led","8":"product_cat-masterled","9":"product_cat-tiras-de-led-perfiles-drivers-y-accesorios","10":"product_cat-uncategorized","11":"pa_temperatura-color-luz-rgb","14":"instock","15":"taxable","16":"shipping-taxable","17":"purchasable","18":"product-type-simple"},"yoast_head":"<!-- This site is optimized with the Yoast SEO plugin v26.6 - https:\/\/yoast.com\/wordpress\/plugins\/seo\/ -->\n<title>Controlador RADIOFRECUENCIA IP65 RGB 12\/24V 12A - Ledsolintel<\/title>\n<meta name=\"robots\" content=\"index, follow, max-snippet:-1, max-image-preview:large, max-video-preview:-1\" \/>\n<link rel=\"canonical\" href=\"https:\/\/ledsolintel.com\/fr\/produit-2\/controlador-radiofrecuencia-ip65-rgb-12-24v-12a\/\" \/>\n<meta property=\"og:locale\" content=\"fr_FR\" \/>\n<meta property=\"og:type\" content=\"article\" \/>\n<meta property=\"og:title\" content=\"Controlador RADIOFRECUENCIA IP65 RGB 12\/24V 12A - Ledsolintel\" \/>\n<meta property=\"og:description\" content=\"Controlador y mando a distancia RGB 12A de radiofrecuencia. Compatible con tiras led RGB de 12V y 24V. El controlador conserva la memoria, tanto si se apaga con el mando como si se corta la alimentaci\u00f3n. Con la tecnolog\u00eda de radiofrecuencia se pueden controlar con un solo mando a distancia todos los controladores que est\u00e9n &hellip; Continue reading Controlador RADIOFRECUENCIA IP65 RGB 12\/24V 12A\" \/>\n<meta property=\"og:url\" content=\"https:\/\/ledsolintel.com\/fr\/produit-2\/controlador-radiofrecuencia-ip65-rgb-12-24v-12a\/\" \/>\n<meta property=\"og:site_name\" content=\"Ledsolintel\" \/>\n<meta property=\"article:publisher\" content=\"http:\/\/www.facebook.com\/webmenaje\" \/>\n<meta property=\"article:modified_time\" content=\"2026-04-07T08:18:55+00:00\" \/>\n<meta property=\"og:image\" content=\"https:\/\/ledsolintel.com\/wp-content\/uploads\/2025\/11\/controlador-radiofrecuencia-ip65-rgb-1224v-12a.jpg\" \/>\n\t<meta property=\"og:image:width\" content=\"1500\" \/>\n\t<meta property=\"og:image:height\" content=\"1500\" \/>\n\t<meta property=\"og:image:type\" content=\"image\/jpeg\" \/>\n<meta name=\"twitter:card\" content=\"summary_large_image\" \/>\n<meta name=\"twitter:site\" content=\"@webmenaje\" \/>\n<meta name=\"twitter:label1\" content=\"Dur\u00e9e de lecture estim\u00e9e\" \/>\n\t<meta name=\"twitter:data1\" content=\"1 minute\" \/>\n<script type=\"application\/ld+json\" class=\"yoast-schema-graph\">{\"@context\":\"https:\/\/schema.org\",\"@graph\":[{\"@type\":\"WebPage\",\"@id\":\"https:\/\/ledsolintel.com\/product\/controlador-radiofrecuencia-ip65-rgb-12-24v-12a\/\",\"url\":\"https:\/\/ledsolintel.com\/product\/controlador-radiofrecuencia-ip65-rgb-12-24v-12a\/\",\"name\":\"Controlador RADIOFRECUENCIA IP65 RGB 12\/24V 12A - Ledsolintel\",\"isPartOf\":{\"@id\":\"https:\/\/ledsolintel.com\/#website\"},\"primaryImageOfPage\":{\"@id\":\"https:\/\/ledsolintel.com\/product\/controlador-radiofrecuencia-ip65-rgb-12-24v-12a\/#primaryimage\"},\"image\":{\"@id\":\"https:\/\/ledsolintel.com\/product\/controlador-radiofrecuencia-ip65-rgb-12-24v-12a\/#primaryimage\"},\"thumbnailUrl\":\"https:\/\/ledsolintel.com\/wp-content\/uploads\/2025\/11\/controlador-radiofrecuencia-ip65-rgb-1224v-12a.jpg\",\"datePublished\":\"2025-11-11T16:07:59+00:00\",\"dateModified\":\"2026-04-07T08:18:55+00:00\",\"breadcrumb\":{\"@id\":\"https:\/\/ledsolintel.com\/product\/controlador-radiofrecuencia-ip65-rgb-12-24v-12a\/#breadcrumb\"},\"inLanguage\":\"fr-FR\",\"potentialAction\":[{\"@type\":\"ReadAction\",\"target\":[\"https:\/\/ledsolintel.com\/product\/controlador-radiofrecuencia-ip65-rgb-12-24v-12a\/\"]}]},{\"@type\":\"ImageObject\",\"inLanguage\":\"fr-FR\",\"@id\":\"https:\/\/ledsolintel.com\/product\/controlador-radiofrecuencia-ip65-rgb-12-24v-12a\/#primaryimage\",\"url\":\"https:\/\/ledsolintel.com\/wp-content\/uploads\/2025\/11\/controlador-radiofrecuencia-ip65-rgb-1224v-12a.jpg\",\"contentUrl\":\"https:\/\/ledsolintel.com\/wp-content\/uploads\/2025\/11\/controlador-radiofrecuencia-ip65-rgb-1224v-12a.jpg\",\"width\":1500,\"height\":1500},{\"@type\":\"BreadcrumbList\",\"@id\":\"https:\/\/ledsolintel.com\/product\/controlador-radiofrecuencia-ip65-rgb-12-24v-12a\/#breadcrumb\",\"itemListElement\":[{\"@type\":\"ListItem\",\"position\":1,\"name\":\"Portada\",\"item\":\"https:\/\/ledsolintel.com\/fr\/\"},{\"@type\":\"ListItem\",\"position\":2,\"name\":\"Tienda\",\"item\":\"https:\/\/ledsolintel.com\/tienda\/\"},{\"@type\":\"ListItem\",\"position\":3,\"name\":\"Controlador RADIOFRECUENCIA IP65 RGB 12\/24V 12A\"}]},{\"@type\":\"WebSite\",\"@id\":\"https:\/\/ledsolintel.com\/#website\",\"url\":\"https:\/\/ledsolintel.com\/\",\"name\":\"Webmenaje\",\"description\":\"Tienda de bombillas y l\u00e1mparas LED para profesionales\",\"publisher\":{\"@id\":\"https:\/\/ledsolintel.com\/#organization\"},\"potentialAction\":[{\"@type\":\"SearchAction\",\"target\":{\"@type\":\"EntryPoint\",\"urlTemplate\":\"https:\/\/ledsolintel.com\/?s={search_term_string}\"},\"query-input\":{\"@type\":\"PropertyValueSpecification\",\"valueRequired\":true,\"valueName\":\"search_term_string\"}}],\"inLanguage\":\"fr-FR\"},{\"@type\":\"Organization\",\"@id\":\"https:\/\/ledsolintel.com\/#organization\",\"name\":\"Solintel Noroeste, S.L.\",\"url\":\"https:\/\/ledsolintel.com\/\",\"logo\":{\"@type\":\"ImageObject\",\"inLanguage\":\"fr-FR\",\"@id\":\"https:\/\/ledsolintel.com\/#\/schema\/logo\/image\/\",\"url\":\"https:\/\/ledsolintel.com\/wp-content\/uploads\/2024\/11\/webmenaje-logo-1508269066.jpg\",\"contentUrl\":\"https:\/\/ledsolintel.com\/wp-content\/uploads\/2024\/11\/webmenaje-logo-1508269066.jpg\",\"width\":370,\"height\":90,\"caption\":\"Solintel Noroeste, S.L.\"},\"image\":{\"@id\":\"https:\/\/ledsolintel.com\/#\/schema\/logo\/image\/\"},\"sameAs\":[\"http:\/\/www.facebook.com\/webmenaje\",\"https:\/\/x.com\/webmenaje\",\"https:\/\/www.youtube.com\/channel\/UCX2KoVoeCG4LocZjUc6LmSQ\",\"http:\/\/www.pinterest.com\/webmenaje\"]}]}<\/script>\n<!-- \/ Yoast SEO plugin. -->","yoast_head_json":{"title":"Controlador RADIOFRECUENCIA IP65 RGB 12\/24V 12A - Ledsolintel","robots":{"index":"index","follow":"follow","max-snippet":"max-snippet:-1","max-image-preview":"max-image-preview:large","max-video-preview":"max-video-preview:-1"},"canonical":"https:\/\/ledsolintel.com\/fr\/produit-2\/controlador-radiofrecuencia-ip65-rgb-12-24v-12a\/","og_locale":"fr_FR","og_type":"article","og_title":"Controlador RADIOFRECUENCIA IP65 RGB 12\/24V 12A - Ledsolintel","og_description":"Controlador y mando a distancia RGB 12A de radiofrecuencia. Compatible con tiras led RGB de 12V y 24V. El controlador conserva la memoria, tanto si se apaga con el mando como si se corta la alimentaci\u00f3n. Con la tecnolog\u00eda de radiofrecuencia se pueden controlar con un solo mando a distancia todos los controladores que est\u00e9n &hellip; Continue reading Controlador RADIOFRECUENCIA IP65 RGB 12\/24V 12A","og_url":"https:\/\/ledsolintel.com\/fr\/produit-2\/controlador-radiofrecuencia-ip65-rgb-12-24v-12a\/","og_site_name":"Ledsolintel","article_publisher":"http:\/\/www.facebook.com\/webmenaje","article_modified_time":"2026-04-07T08:18:55+00:00","og_image":[{"width":1500,"height":1500,"url":"https:\/\/ledsolintel.com\/wp-content\/uploads\/2025\/11\/controlador-radiofrecuencia-ip65-rgb-1224v-12a.jpg","type":"image\/jpeg"}],"twitter_card":"summary_large_image","twitter_site":"@webmenaje","twitter_misc":{"Dur\u00e9e de lecture estim\u00e9e":"1 minute"},"schema":{"@context":"https:\/\/schema.org","@graph":[{"@type":"WebPage","@id":"https:\/\/ledsolintel.com\/product\/controlador-radiofrecuencia-ip65-rgb-12-24v-12a\/","url":"https:\/\/ledsolintel.com\/product\/controlador-radiofrecuencia-ip65-rgb-12-24v-12a\/","name":"Controlador RADIOFRECUENCIA IP65 RGB 12\/24V 12A - Ledsolintel","isPartOf":{"@id":"https:\/\/ledsolintel.com\/#website"},"primaryImageOfPage":{"@id":"https:\/\/ledsolintel.com\/product\/controlador-radiofrecuencia-ip65-rgb-12-24v-12a\/#primaryimage"},"image":{"@id":"https:\/\/ledsolintel.com\/product\/controlador-radiofrecuencia-ip65-rgb-12-24v-12a\/#primaryimage"},"thumbnailUrl":"https:\/\/ledsolintel.com\/wp-content\/uploads\/2025\/11\/controlador-radiofrecuencia-ip65-rgb-1224v-12a.jpg","datePublished":"2025-11-11T16:07:59+00:00","dateModified":"2026-04-07T08:18:55+00:00","breadcrumb":{"@id":"https:\/\/ledsolintel.com\/product\/controlador-radiofrecuencia-ip65-rgb-12-24v-12a\/#breadcrumb"},"inLanguage":"fr-FR","potentialAction":[{"@type":"ReadAction","target":["https:\/\/ledsolintel.com\/product\/controlador-radiofrecuencia-ip65-rgb-12-24v-12a\/"]}]},{"@type":"ImageObject","inLanguage":"fr-FR","@id":"https:\/\/ledsolintel.com\/product\/controlador-radiofrecuencia-ip65-rgb-12-24v-12a\/#primaryimage","url":"https:\/\/ledsolintel.com\/wp-content\/uploads\/2025\/11\/controlador-radiofrecuencia-ip65-rgb-1224v-12a.jpg","contentUrl":"https:\/\/ledsolintel.com\/wp-content\/uploads\/2025\/11\/controlador-radiofrecuencia-ip65-rgb-1224v-12a.jpg","width":1500,"height":1500},{"@type":"BreadcrumbList","@id":"https:\/\/ledsolintel.com\/product\/controlador-radiofrecuencia-ip65-rgb-12-24v-12a\/#breadcrumb","itemListElement":[{"@type":"ListItem","position":1,"name":"Portada","item":"https:\/\/ledsolintel.com\/fr\/"},{"@type":"ListItem","position":2,"name":"Tienda","item":"https:\/\/ledsolintel.com\/tienda\/"},{"@type":"ListItem","position":3,"name":"Controlador RADIOFRECUENCIA IP65 RGB 12\/24V 12A"}]},{"@type":"WebSite","@id":"https:\/\/ledsolintel.com\/#website","url":"https:\/\/ledsolintel.com\/","name":"Webmenaje","description":"Magasin d'ampoules et de lampes LED pour les professionnels","publisher":{"@id":"https:\/\/ledsolintel.com\/#organization"},"potentialAction":[{"@type":"SearchAction","target":{"@type":"EntryPoint","urlTemplate":"https:\/\/ledsolintel.com\/?s={search_term_string}"},"query-input":{"@type":"PropertyValueSpecification","valueRequired":true,"valueName":"search_term_string"}}],"inLanguage":"fr-FR"},{"@type":"Organization","@id":"https:\/\/ledsolintel.com\/#organization","name":"Solintel Noroeste, S.L.","url":"https:\/\/ledsolintel.com\/","logo":{"@type":"ImageObject","inLanguage":"fr-FR","@id":"https:\/\/ledsolintel.com\/#\/schema\/logo\/image\/","url":"https:\/\/ledsolintel.com\/wp-content\/uploads\/2024\/11\/webmenaje-logo-1508269066.jpg","contentUrl":"https:\/\/ledsolintel.com\/wp-content\/uploads\/2024\/11\/webmenaje-logo-1508269066.jpg","width":370,"height":90,"caption":"Solintel Noroeste, S.L."},"image":{"@id":"https:\/\/ledsolintel.com\/#\/schema\/logo\/image\/"},"sameAs":["http:\/\/www.facebook.com\/webmenaje","https:\/\/x.com\/webmenaje","https:\/\/www.youtube.com\/channel\/UCX2KoVoeCG4LocZjUc6LmSQ","http:\/\/www.pinterest.com\/webmenaje"]}]}},"_links":{"self":[{"href":"https:\/\/ledsolintel.com\/fr\/wp-json\/wp\/v2\/product\/268989","targetHints":{"allow":["GET"]}}],"collection":[{"href":"https:\/\/ledsolintel.com\/fr\/wp-json\/wp\/v2\/product"}],"about":[{"href":"https:\/\/ledsolintel.com\/fr\/wp-json\/wp\/v2\/types\/product"}],"version-history":[{"count":1,"href":"https:\/\/ledsolintel.com\/fr\/wp-json\/wp\/v2\/product\/268989\/revisions"}],"predecessor-version":[{"id":268990,"href":"https:\/\/ledsolintel.com\/fr\/wp-json\/wp\/v2\/product\/268989\/revisions\/268990"}],"wp:featuredmedia":[{"embeddable":true,"href":"https:\/\/ledsolintel.com\/fr\/wp-json\/wp\/v2\/media\/263711"}],"wp:attachment":[{"href":"https:\/\/ledsolintel.com\/fr\/wp-json\/wp\/v2\/media?parent=268989"}],"wp:term":[{"taxonomy":"product_brand","embeddable":true,"href":"https:\/\/ledsolintel.com\/fr\/wp-json\/wp\/v2\/product_brand?post=268989"},{"taxonomy":"product_cat","embeddable":true,"href":"https:\/\/ledsolintel.com\/fr\/wp-json\/wp\/v2\/product_cat?post=268989"},{"taxonomy":"product_tag","embeddable":true,"href":"https:\/\/ledsolintel.com\/fr\/wp-json\/wp\/v2\/product_tag?post=268989"}],"curies":[{"name":"wp","href":"https:\/\/api.w.org\/{rel}","templated":true}]}}