{"id":268971,"date":"2025-11-11T17:07:39","date_gmt":"2025-11-11T16:07:39","guid":{"rendered":"https:\/\/nueva.ledsolintel.com\/product\/neon-flex-220v-circular-9w-m\/"},"modified":"2026-04-07T10:18:55","modified_gmt":"2026-04-07T08:18:55","slug":"neon-flex-220v-circular-9w-m","status":"publish","type":"product","link":"https:\/\/ledsolintel.com\/fr\/produit-2\/neon-flex-220v-circular-9w-m\/","title":{"rendered":"N\u00e9on flex 220V circulaire 9W\/m"},"content":{"rendered":"<p>Ce type de bande NEON FLEX 220V est fourni en bandes de longueurs multiples de 1m avec 9W\/m (le rouleau complet a 50 m). Gr\u00e2ce \u00e0 son degr\u00e9 de protection IP65 (protection totale contre la poussi\u00e8re et les jets d'eau), il peut \u00eatre install\u00e9 aussi bien \u00e0 l'int\u00e9rieur qu'\u00e0 l'ext\u00e9rieur, ainsi que dans des profil\u00e9s en aluminium. Il s'agit d'un produit adapt\u00e9 \u00e0 un usage domestique (plafonds, escaliers ou mobilier en g\u00e9n\u00e9ral) et commercial (magasins, restaurants, etc.). Il est dot\u00e9 d'une bande autocollante au dos, ce qui permet de le fixer rapidement et facilement \u00e0 la surface.     Tr\u00e8s efficace, il consomme 9W\/m gr\u00e2ce \u00e0 la LED SMD2835 qui incorpore 120 LED par m\u00e8tre, offrant un flux lumineux de 540 lumens au total. Disponible en deux temp\u00e9ratures de couleur : blanc (6000K) et chaud (3000K).  L'installation est tr\u00e8s simple. Tout d'abord, si la longueur \u00e0 installer est diff\u00e9rente de la longueur achet\u00e9e, la bande doit \u00eatre coup\u00e9e ou \u00e9piss\u00e9e pour obtenir la longueur souhait\u00e9e. Il faut tenir compte du fait que la bande ne peut \u00eatre coup\u00e9e que tous les 1 m \u00e0 travers les zones de coupe marqu\u00e9es (sinon la bande sera endommag\u00e9e).     Une fois la bande en place, que ce soit dans l'air ou \u00e0 l'int\u00e9rieur d'un profil\u00e9, elle doit \u00eatre aliment\u00e9e \u00e0 l'aide d'un kit de prise pour bande CIRCULAIRE NEON FLEX CIRCULAIRE 220V (voir accessoires et connexes). Si vous souhaitez r\u00e9gler l'intensit\u00e9 lumineuse, vous pouvez ajouter un variateur \u00e0 l'installation. La section accessoires et \u00e9l\u00e9ments connexes pr\u00e9sente les contr\u00f4leurs et les variateurs compatibles avec cette r\u00e9glette, ainsi que d'autres accessoires pour r\u00e9aliser des connexions et\/ou compl\u00e9ter l'installation. Pour des informations plus d\u00e9taill\u00e9es sur l'installation, consultez le manuel disponible dans l'onglet \u201cManuels et t\u00e9l\u00e9chargements\u201d.     En plus d'\u00eatre un produit ayant une dur\u00e9e de vie de plus de 25 000 heures, il b\u00e9n\u00e9ficie d'une garantie de 3 ans. Il dispose \u00e9galement du certificat CE, qui atteste qu'il est conforme aux exigences de l'UE en mati\u00e8re de compatibilit\u00e9 \u00e9lectromagn\u00e9tique et de r\u00e9glementation sur la basse tension. Ce certificat d\u00e9clare la conformit\u00e9 du produit \u00e0 toutes les exigences l\u00e9gales et garantit la validit\u00e9 de la vente du produit dans l'Espace \u00e9conomique europ\u00e9en.     REMARQUE : Comme il s'agit d'un produit coup\u00e9 sur mesure, les retours ne sont pas accept\u00e9s pour des raisons ne relevant pas de la garantie. Les retours de ce produit ne sont accept\u00e9s qu'en cas de d\u00e9faut.<\/p>","protected":false},"excerpt":{"rendered":"<p>Este tipo de tira NE\u00d3N FLEX de 220V se suministra en tiras de longitud m\u00faltiplo de 1m con 9W\/m (el rollo completo tiene 50 m). Debido a su grado de protecci\u00f3n IP65 (protecci\u00f3n total frente al polvo y ante chorros de agua) su instalaci\u00f3n se puede llevar a cabo en espacios interiores y exteriores, as\u00ed &hellip; <a href=\"https:\/\/ledsolintel.com\/fr\/produit-2\/neon-flex-220v-circular-9w-m\/\" class=\"more-link\">Continue reading <span class=\"screen-reader-text\">N\u00e9on flex 220V circulaire 9W\/m<\/span><\/a><\/p>","protected":false},"featured_media":263671,"template":"","meta":[],"product_brand":[101370],"product_cat":[15,101371,99581,99683],"product_tag":[],"class_list":{"0":"post-268971","1":"product","2":"type-product","3":"status-publish","4":"has-post-thumbnail","6":"product_brand-masterled","7":"product_cat-uncategorized","8":"product_cat-masterled","9":"product_cat-tiras-de-led-perfiles-drivers-y-accesorios","10":"product_cat-tiras-de-led","11":"pa_temperatura-color-luz-blanca","12":"pa_temperatura-color-luz-calida","15":"instock","16":"taxable","17":"shipping-taxable","18":"purchasable","19":"product-type-variable","20":"has-default-attributes"},"yoast_head":"<!-- This site is optimized with the Yoast SEO plugin v26.6 - https:\/\/yoast.com\/wordpress\/plugins\/seo\/ -->\n<title>Ne\u00f3n flex 220V circular 9W\/m - Ledsolintel<\/title>\n<meta name=\"robots\" content=\"index, follow, max-snippet:-1, max-image-preview:large, max-video-preview:-1\" \/>\n<link rel=\"canonical\" href=\"https:\/\/ledsolintel.com\/fr\/produit-2\/neon-flex-220v-circular-9w-m\/\" \/>\n<meta property=\"og:locale\" content=\"fr_FR\" \/>\n<meta property=\"og:type\" content=\"article\" \/>\n<meta property=\"og:title\" content=\"Ne\u00f3n flex 220V circular 9W\/m - Ledsolintel\" \/>\n<meta property=\"og:description\" content=\"Este tipo de tira NE\u00d3N FLEX de 220V se suministra en tiras de longitud m\u00faltiplo de 1m con 9W\/m (el rollo completo tiene 50 m). Debido a su grado de protecci\u00f3n IP65 (protecci\u00f3n total frente al polvo y ante chorros de agua) su instalaci\u00f3n se puede llevar a cabo en espacios interiores y exteriores, as\u00ed &hellip; Continue reading Ne\u00f3n flex 220V circular 9W\/m\" \/>\n<meta property=\"og:url\" content=\"https:\/\/ledsolintel.com\/fr\/produit-2\/neon-flex-220v-circular-9w-m\/\" \/>\n<meta property=\"og:site_name\" content=\"Ledsolintel\" \/>\n<meta property=\"article:publisher\" content=\"http:\/\/www.facebook.com\/webmenaje\" \/>\n<meta property=\"article:modified_time\" content=\"2026-04-07T08:18:55+00:00\" \/>\n<meta property=\"og:image\" content=\"https:\/\/ledsolintel.com\/wp-content\/uploads\/2025\/11\/neon-flex-220v-circular-9wm.jpg\" \/>\n\t<meta property=\"og:image:width\" content=\"1500\" \/>\n\t<meta property=\"og:image:height\" content=\"1500\" \/>\n\t<meta property=\"og:image:type\" content=\"image\/jpeg\" \/>\n<meta name=\"twitter:card\" content=\"summary_large_image\" \/>\n<meta name=\"twitter:site\" content=\"@webmenaje\" \/>\n<meta name=\"twitter:label1\" content=\"Dur\u00e9e de lecture estim\u00e9e\" \/>\n\t<meta name=\"twitter:data1\" content=\"2 minutes\" \/>\n<script type=\"application\/ld+json\" class=\"yoast-schema-graph\">{\"@context\":\"https:\/\/schema.org\",\"@graph\":[{\"@type\":\"WebPage\",\"@id\":\"https:\/\/ledsolintel.com\/product\/neon-flex-220v-circular-9w-m\/\",\"url\":\"https:\/\/ledsolintel.com\/product\/neon-flex-220v-circular-9w-m\/\",\"name\":\"Ne\u00f3n flex 220V circular 9W\/m - Ledsolintel\",\"isPartOf\":{\"@id\":\"https:\/\/ledsolintel.com\/#website\"},\"primaryImageOfPage\":{\"@id\":\"https:\/\/ledsolintel.com\/product\/neon-flex-220v-circular-9w-m\/#primaryimage\"},\"image\":{\"@id\":\"https:\/\/ledsolintel.com\/product\/neon-flex-220v-circular-9w-m\/#primaryimage\"},\"thumbnailUrl\":\"https:\/\/ledsolintel.com\/wp-content\/uploads\/2025\/11\/neon-flex-220v-circular-9wm.jpg\",\"datePublished\":\"2025-11-11T16:07:39+00:00\",\"dateModified\":\"2026-04-07T08:18:55+00:00\",\"breadcrumb\":{\"@id\":\"https:\/\/ledsolintel.com\/product\/neon-flex-220v-circular-9w-m\/#breadcrumb\"},\"inLanguage\":\"fr-FR\",\"potentialAction\":[{\"@type\":\"ReadAction\",\"target\":[\"https:\/\/ledsolintel.com\/product\/neon-flex-220v-circular-9w-m\/\"]}]},{\"@type\":\"ImageObject\",\"inLanguage\":\"fr-FR\",\"@id\":\"https:\/\/ledsolintel.com\/product\/neon-flex-220v-circular-9w-m\/#primaryimage\",\"url\":\"https:\/\/ledsolintel.com\/wp-content\/uploads\/2025\/11\/neon-flex-220v-circular-9wm.jpg\",\"contentUrl\":\"https:\/\/ledsolintel.com\/wp-content\/uploads\/2025\/11\/neon-flex-220v-circular-9wm.jpg\",\"width\":1500,\"height\":1500},{\"@type\":\"BreadcrumbList\",\"@id\":\"https:\/\/ledsolintel.com\/product\/neon-flex-220v-circular-9w-m\/#breadcrumb\",\"itemListElement\":[{\"@type\":\"ListItem\",\"position\":1,\"name\":\"Portada\",\"item\":\"https:\/\/ledsolintel.com\/fr\/\"},{\"@type\":\"ListItem\",\"position\":2,\"name\":\"Tienda\",\"item\":\"https:\/\/ledsolintel.com\/tienda\/\"},{\"@type\":\"ListItem\",\"position\":3,\"name\":\"Ne\u00f3n flex 220V circular 9W\/m\"}]},{\"@type\":\"WebSite\",\"@id\":\"https:\/\/ledsolintel.com\/#website\",\"url\":\"https:\/\/ledsolintel.com\/\",\"name\":\"Webmenaje\",\"description\":\"Tienda de bombillas y l\u00e1mparas LED para profesionales\",\"publisher\":{\"@id\":\"https:\/\/ledsolintel.com\/#organization\"},\"potentialAction\":[{\"@type\":\"SearchAction\",\"target\":{\"@type\":\"EntryPoint\",\"urlTemplate\":\"https:\/\/ledsolintel.com\/?s={search_term_string}\"},\"query-input\":{\"@type\":\"PropertyValueSpecification\",\"valueRequired\":true,\"valueName\":\"search_term_string\"}}],\"inLanguage\":\"fr-FR\"},{\"@type\":\"Organization\",\"@id\":\"https:\/\/ledsolintel.com\/#organization\",\"name\":\"Solintel Noroeste, S.L.\",\"url\":\"https:\/\/ledsolintel.com\/\",\"logo\":{\"@type\":\"ImageObject\",\"inLanguage\":\"fr-FR\",\"@id\":\"https:\/\/ledsolintel.com\/#\/schema\/logo\/image\/\",\"url\":\"https:\/\/ledsolintel.com\/wp-content\/uploads\/2024\/11\/webmenaje-logo-1508269066.jpg\",\"contentUrl\":\"https:\/\/ledsolintel.com\/wp-content\/uploads\/2024\/11\/webmenaje-logo-1508269066.jpg\",\"width\":370,\"height\":90,\"caption\":\"Solintel Noroeste, S.L.\"},\"image\":{\"@id\":\"https:\/\/ledsolintel.com\/#\/schema\/logo\/image\/\"},\"sameAs\":[\"http:\/\/www.facebook.com\/webmenaje\",\"https:\/\/x.com\/webmenaje\",\"https:\/\/www.youtube.com\/channel\/UCX2KoVoeCG4LocZjUc6LmSQ\",\"http:\/\/www.pinterest.com\/webmenaje\"]}]}<\/script>\n<!-- \/ Yoast SEO plugin. -->","yoast_head_json":{"title":"Ne\u00f3n flex 220V circular 9W\/m - Ledsolintel","robots":{"index":"index","follow":"follow","max-snippet":"max-snippet:-1","max-image-preview":"max-image-preview:large","max-video-preview":"max-video-preview:-1"},"canonical":"https:\/\/ledsolintel.com\/fr\/produit-2\/neon-flex-220v-circular-9w-m\/","og_locale":"fr_FR","og_type":"article","og_title":"Ne\u00f3n flex 220V circular 9W\/m - Ledsolintel","og_description":"Este tipo de tira NE\u00d3N FLEX de 220V se suministra en tiras de longitud m\u00faltiplo de 1m con 9W\/m (el rollo completo tiene 50 m). Debido a su grado de protecci\u00f3n IP65 (protecci\u00f3n total frente al polvo y ante chorros de agua) su instalaci\u00f3n se puede llevar a cabo en espacios interiores y exteriores, as\u00ed &hellip; Continue reading Ne\u00f3n flex 220V circular 9W\/m","og_url":"https:\/\/ledsolintel.com\/fr\/produit-2\/neon-flex-220v-circular-9w-m\/","og_site_name":"Ledsolintel","article_publisher":"http:\/\/www.facebook.com\/webmenaje","article_modified_time":"2026-04-07T08:18:55+00:00","og_image":[{"width":1500,"height":1500,"url":"https:\/\/ledsolintel.com\/wp-content\/uploads\/2025\/11\/neon-flex-220v-circular-9wm.jpg","type":"image\/jpeg"}],"twitter_card":"summary_large_image","twitter_site":"@webmenaje","twitter_misc":{"Dur\u00e9e de lecture estim\u00e9e":"2 minutes"},"schema":{"@context":"https:\/\/schema.org","@graph":[{"@type":"WebPage","@id":"https:\/\/ledsolintel.com\/product\/neon-flex-220v-circular-9w-m\/","url":"https:\/\/ledsolintel.com\/product\/neon-flex-220v-circular-9w-m\/","name":"Ne\u00f3n flex 220V circular 9W\/m - Ledsolintel","isPartOf":{"@id":"https:\/\/ledsolintel.com\/#website"},"primaryImageOfPage":{"@id":"https:\/\/ledsolintel.com\/product\/neon-flex-220v-circular-9w-m\/#primaryimage"},"image":{"@id":"https:\/\/ledsolintel.com\/product\/neon-flex-220v-circular-9w-m\/#primaryimage"},"thumbnailUrl":"https:\/\/ledsolintel.com\/wp-content\/uploads\/2025\/11\/neon-flex-220v-circular-9wm.jpg","datePublished":"2025-11-11T16:07:39+00:00","dateModified":"2026-04-07T08:18:55+00:00","breadcrumb":{"@id":"https:\/\/ledsolintel.com\/product\/neon-flex-220v-circular-9w-m\/#breadcrumb"},"inLanguage":"fr-FR","potentialAction":[{"@type":"ReadAction","target":["https:\/\/ledsolintel.com\/product\/neon-flex-220v-circular-9w-m\/"]}]},{"@type":"ImageObject","inLanguage":"fr-FR","@id":"https:\/\/ledsolintel.com\/product\/neon-flex-220v-circular-9w-m\/#primaryimage","url":"https:\/\/ledsolintel.com\/wp-content\/uploads\/2025\/11\/neon-flex-220v-circular-9wm.jpg","contentUrl":"https:\/\/ledsolintel.com\/wp-content\/uploads\/2025\/11\/neon-flex-220v-circular-9wm.jpg","width":1500,"height":1500},{"@type":"BreadcrumbList","@id":"https:\/\/ledsolintel.com\/product\/neon-flex-220v-circular-9w-m\/#breadcrumb","itemListElement":[{"@type":"ListItem","position":1,"name":"Portada","item":"https:\/\/ledsolintel.com\/fr\/"},{"@type":"ListItem","position":2,"name":"Tienda","item":"https:\/\/ledsolintel.com\/tienda\/"},{"@type":"ListItem","position":3,"name":"Ne\u00f3n flex 220V circular 9W\/m"}]},{"@type":"WebSite","@id":"https:\/\/ledsolintel.com\/#website","url":"https:\/\/ledsolintel.com\/","name":"Webmenaje","description":"Magasin d'ampoules et de lampes LED pour les professionnels","publisher":{"@id":"https:\/\/ledsolintel.com\/#organization"},"potentialAction":[{"@type":"SearchAction","target":{"@type":"EntryPoint","urlTemplate":"https:\/\/ledsolintel.com\/?s={search_term_string}"},"query-input":{"@type":"PropertyValueSpecification","valueRequired":true,"valueName":"search_term_string"}}],"inLanguage":"fr-FR"},{"@type":"Organization","@id":"https:\/\/ledsolintel.com\/#organization","name":"Solintel Noroeste, S.L.","url":"https:\/\/ledsolintel.com\/","logo":{"@type":"ImageObject","inLanguage":"fr-FR","@id":"https:\/\/ledsolintel.com\/#\/schema\/logo\/image\/","url":"https:\/\/ledsolintel.com\/wp-content\/uploads\/2024\/11\/webmenaje-logo-1508269066.jpg","contentUrl":"https:\/\/ledsolintel.com\/wp-content\/uploads\/2024\/11\/webmenaje-logo-1508269066.jpg","width":370,"height":90,"caption":"Solintel Noroeste, S.L."},"image":{"@id":"https:\/\/ledsolintel.com\/#\/schema\/logo\/image\/"},"sameAs":["http:\/\/www.facebook.com\/webmenaje","https:\/\/x.com\/webmenaje","https:\/\/www.youtube.com\/channel\/UCX2KoVoeCG4LocZjUc6LmSQ","http:\/\/www.pinterest.com\/webmenaje"]}]}},"_links":{"self":[{"href":"https:\/\/ledsolintel.com\/fr\/wp-json\/wp\/v2\/product\/268971","targetHints":{"allow":["GET"]}}],"collection":[{"href":"https:\/\/ledsolintel.com\/fr\/wp-json\/wp\/v2\/product"}],"about":[{"href":"https:\/\/ledsolintel.com\/fr\/wp-json\/wp\/v2\/types\/product"}],"version-history":[{"count":1,"href":"https:\/\/ledsolintel.com\/fr\/wp-json\/wp\/v2\/product\/268971\/revisions"}],"predecessor-version":[{"id":268972,"href":"https:\/\/ledsolintel.com\/fr\/wp-json\/wp\/v2\/product\/268971\/revisions\/268972"}],"wp:featuredmedia":[{"embeddable":true,"href":"https:\/\/ledsolintel.com\/fr\/wp-json\/wp\/v2\/media\/263671"}],"wp:attachment":[{"href":"https:\/\/ledsolintel.com\/fr\/wp-json\/wp\/v2\/media?parent=268971"}],"wp:term":[{"taxonomy":"product_brand","embeddable":true,"href":"https:\/\/ledsolintel.com\/fr\/wp-json\/wp\/v2\/product_brand?post=268971"},{"taxonomy":"product_cat","embeddable":true,"href":"https:\/\/ledsolintel.com\/fr\/wp-json\/wp\/v2\/product_cat?post=268971"},{"taxonomy":"product_tag","embeddable":true,"href":"https:\/\/ledsolintel.com\/fr\/wp-json\/wp\/v2\/product_tag?post=268971"}],"curies":[{"name":"wp","href":"https:\/\/api.w.org\/{rel}","templated":true}]}}