{"id":268965,"date":"2025-11-11T17:07:36","date_gmt":"2025-11-11T16:07:36","guid":{"rendered":"https:\/\/nueva.ledsolintel.com\/product\/manguera-electrica-3x15mm%c2%b2-rv-k-06-1kv-50m\/"},"modified":"2026-01-30T15:59:39","modified_gmt":"2026-01-30T14:59:39","slug":"manguera-electrica-3x15mm%c2%b2-rv-k-06-1kv-50m","status":"publish","type":"product","link":"https:\/\/ledsolintel.com\/fr\/produit-2\/manguera-electrica-3x15mm%c2%b2-rv-k-06-1kv-50m\/","title":{"rendered":"Tuyau \u00e9lectrique 3\u00d71,5mm\u00b2 RV-K 0,6\/1kV 50m"},"content":{"rendered":"<p>Manguera RV-K 0,6\/1kV 3G1,5 con acabado en color negro, con 3 cables de 1,5mm\u00b2 de secci\u00f3n. Cumple con los criterios de clasificaci\u00f3n de productos de la construcci\u00f3n seg\u00fan Reglamento CPR 305\/2011 y la norma EN 50575, siendo estos cables los indicados para el transporte y distribuci\u00f3n de energ\u00eda el\u00e9ctrica en baja tensi\u00f3n. Recomendado para conexiones industriales, acometidas, distribuci\u00f3n interna y otras instalaciones fijas. Adecuados para instalaciones en interiores y exteriores, sobre soportes al aire, en tubos o enterrados. Dada su gran flexibilidad son muy apropiados para instalaciones complejas y de gran dificultad.  Este producto se sirve en rollos de 50 m, embalados en pl\u00e1stico retractilado.  Caracter\u00edsticas t\u00e9cnicas:  &#8211; Conductor: Cobre electrol\u00edtico flexible (Clase V) seg\u00fan UNE-EN 60228, EN 60228 e IEC 60228  &#8211; Aislamiento: Polietileno reticulado (XLPE) tipo DIX 3 seg\u00fan UNE 21123, HD 603 S1 e IEC 60502-1  &#8211; Cubierta: PVC tipo DMV-18 seg\u00fan UNE 21123, HD 603 S1 e IEC 60502  &#8211; Tensi\u00f3n nominal: 0,6\/1 kV  &#8211; Tensi\u00f3n de ensayo: 3.500 V C.A.  &#8211; Temperatura m\u00e1xima: 90 \u00baC    Dispone de una garant\u00eda de 3 a\u00f1os. Cuenta tambi\u00e9n con el certificado CE, que acredita que se cumple con los requisitos de la UE respecto a compatibilidad electromagn\u00e9tica y normativa de baja tensi\u00f3n. Con este certificado se declara la conformidad de dicho producto con todos los requisitos legales exigidos, y asegura la validez del producto para ser vendido en todo el Espacio Econ\u00f3mico Europeo.<\/p>","protected":false},"excerpt":{"rendered":"<p>Manguera RV-K 0,6\/1kV 3G1,5 con acabado en color negro, con 3 cables de 1,5mm\u00b2 de secci\u00f3n. Cumple con los criterios de clasificaci\u00f3n de productos de la construcci\u00f3n seg\u00fan Reglamento CPR 305\/2011 y la norma EN 50575, siendo estos cables los indicados para el transporte y distribuci\u00f3n de energ\u00eda el\u00e9ctrica en baja tensi\u00f3n. Recomendado para conexiones &hellip; <a href=\"https:\/\/ledsolintel.com\/fr\/produit-2\/manguera-electrica-3x15mm%c2%b2-rv-k-06-1kv-50m\/\" class=\"more-link\">Continue reading <span class=\"screen-reader-text\">Tuyau \u00e9lectrique 3\u00d71,5mm\u00b2 RV-K 0,6\/1kV 50m<\/span><\/a><\/p>","protected":false},"featured_media":263663,"template":"","meta":[],"product_brand":[101370],"product_cat":[15,101371],"product_tag":[],"class_list":{"0":"post-268965","1":"product","2":"type-product","3":"status-publish","4":"has-post-thumbnail","6":"product_brand-masterled","7":"product_cat-uncategorized","8":"product_cat-masterled","9":"pa_color-negro","12":"instock","13":"purchasable","14":"product-type-simple"},"yoast_head":"<!-- This site is optimized with the Yoast SEO plugin v26.6 - https:\/\/yoast.com\/wordpress\/plugins\/seo\/ -->\n<title>Manguera el\u00e9ctrica 3x1,5mm\u00b2 RV-K 0,6\/1kV 50m - Ledsolintel<\/title>\n<meta name=\"robots\" content=\"index, follow, max-snippet:-1, max-image-preview:large, max-video-preview:-1\" \/>\n<link rel=\"canonical\" href=\"https:\/\/ledsolintel.com\/fr\/produit-2\/manguera-electrica-3x15mm\u00b2-rv-k-06-1kv-50m\/\" \/>\n<meta property=\"og:locale\" content=\"fr_FR\" \/>\n<meta property=\"og:type\" content=\"article\" \/>\n<meta property=\"og:title\" content=\"Manguera el\u00e9ctrica 3x1,5mm\u00b2 RV-K 0,6\/1kV 50m - Ledsolintel\" \/>\n<meta property=\"og:description\" content=\"Manguera RV-K 0,6\/1kV 3G1,5 con acabado en color negro, con 3 cables de 1,5mm\u00b2 de secci\u00f3n. Cumple con los criterios de clasificaci\u00f3n de productos de la construcci\u00f3n seg\u00fan Reglamento CPR 305\/2011 y la norma EN 50575, siendo estos cables los indicados para el transporte y distribuci\u00f3n de energ\u00eda el\u00e9ctrica en baja tensi\u00f3n. Recomendado para conexiones &hellip; Continue reading Manguera el\u00e9ctrica 3&#215;1,5mm\u00b2 RV-K 0,6\/1kV 50m\" \/>\n<meta property=\"og:url\" content=\"https:\/\/ledsolintel.com\/fr\/produit-2\/manguera-electrica-3x15mm\u00b2-rv-k-06-1kv-50m\/\" \/>\n<meta property=\"og:site_name\" content=\"Ledsolintel\" \/>\n<meta property=\"article:publisher\" content=\"http:\/\/www.facebook.com\/webmenaje\" \/>\n<meta property=\"article:modified_time\" content=\"2026-01-30T14:59:39+00:00\" \/>\n<meta property=\"og:image\" content=\"https:\/\/ledsolintel.com\/wp-content\/uploads\/2025\/11\/manguera-electrica-3x15mm-rv-k-061kv-50m.jpg\" \/>\n\t<meta property=\"og:image:width\" content=\"500\" \/>\n\t<meta property=\"og:image:height\" content=\"500\" \/>\n\t<meta property=\"og:image:type\" content=\"image\/jpeg\" \/>\n<meta name=\"twitter:card\" content=\"summary_large_image\" \/>\n<meta name=\"twitter:site\" content=\"@webmenaje\" \/>\n<meta name=\"twitter:label1\" content=\"Dur\u00e9e de lecture estim\u00e9e\" \/>\n\t<meta name=\"twitter:data1\" content=\"1 minute\" \/>\n<script type=\"application\/ld+json\" class=\"yoast-schema-graph\">{\"@context\":\"https:\/\/schema.org\",\"@graph\":[{\"@type\":\"WebPage\",\"@id\":\"https:\/\/ledsolintel.com\/product\/manguera-electrica-3x15mm%c2%b2-rv-k-06-1kv-50m\/\",\"url\":\"https:\/\/ledsolintel.com\/product\/manguera-electrica-3x15mm%c2%b2-rv-k-06-1kv-50m\/\",\"name\":\"Manguera el\u00e9ctrica 3x1,5mm\u00b2 RV-K 0,6\/1kV 50m - Ledsolintel\",\"isPartOf\":{\"@id\":\"https:\/\/ledsolintel.com\/#website\"},\"primaryImageOfPage\":{\"@id\":\"https:\/\/ledsolintel.com\/product\/manguera-electrica-3x15mm%c2%b2-rv-k-06-1kv-50m\/#primaryimage\"},\"image\":{\"@id\":\"https:\/\/ledsolintel.com\/product\/manguera-electrica-3x15mm%c2%b2-rv-k-06-1kv-50m\/#primaryimage\"},\"thumbnailUrl\":\"https:\/\/ledsolintel.com\/wp-content\/uploads\/2025\/11\/manguera-electrica-3x15mm-rv-k-061kv-50m.jpg\",\"datePublished\":\"2025-11-11T16:07:36+00:00\",\"dateModified\":\"2026-01-30T14:59:39+00:00\",\"breadcrumb\":{\"@id\":\"https:\/\/ledsolintel.com\/product\/manguera-electrica-3x15mm%c2%b2-rv-k-06-1kv-50m\/#breadcrumb\"},\"inLanguage\":\"fr-FR\",\"potentialAction\":[{\"@type\":\"ReadAction\",\"target\":[\"https:\/\/ledsolintel.com\/product\/manguera-electrica-3x15mm%c2%b2-rv-k-06-1kv-50m\/\"]}]},{\"@type\":\"ImageObject\",\"inLanguage\":\"fr-FR\",\"@id\":\"https:\/\/ledsolintel.com\/product\/manguera-electrica-3x15mm%c2%b2-rv-k-06-1kv-50m\/#primaryimage\",\"url\":\"https:\/\/ledsolintel.com\/wp-content\/uploads\/2025\/11\/manguera-electrica-3x15mm-rv-k-061kv-50m.jpg\",\"contentUrl\":\"https:\/\/ledsolintel.com\/wp-content\/uploads\/2025\/11\/manguera-electrica-3x15mm-rv-k-061kv-50m.jpg\",\"width\":500,\"height\":500},{\"@type\":\"BreadcrumbList\",\"@id\":\"https:\/\/ledsolintel.com\/product\/manguera-electrica-3x15mm%c2%b2-rv-k-06-1kv-50m\/#breadcrumb\",\"itemListElement\":[{\"@type\":\"ListItem\",\"position\":1,\"name\":\"Portada\",\"item\":\"https:\/\/ledsolintel.com\/fr\/\"},{\"@type\":\"ListItem\",\"position\":2,\"name\":\"Tienda\",\"item\":\"https:\/\/ledsolintel.com\/tienda\/\"},{\"@type\":\"ListItem\",\"position\":3,\"name\":\"Manguera el\u00e9ctrica 3&#215;1,5mm\u00b2 RV-K 0,6\/1kV 50m\"}]},{\"@type\":\"WebSite\",\"@id\":\"https:\/\/ledsolintel.com\/#website\",\"url\":\"https:\/\/ledsolintel.com\/\",\"name\":\"Webmenaje\",\"description\":\"Tienda de bombillas y l\u00e1mparas LED para profesionales\",\"publisher\":{\"@id\":\"https:\/\/ledsolintel.com\/#organization\"},\"potentialAction\":[{\"@type\":\"SearchAction\",\"target\":{\"@type\":\"EntryPoint\",\"urlTemplate\":\"https:\/\/ledsolintel.com\/?s={search_term_string}\"},\"query-input\":{\"@type\":\"PropertyValueSpecification\",\"valueRequired\":true,\"valueName\":\"search_term_string\"}}],\"inLanguage\":\"fr-FR\"},{\"@type\":\"Organization\",\"@id\":\"https:\/\/ledsolintel.com\/#organization\",\"name\":\"Solintel Noroeste, S.L.\",\"url\":\"https:\/\/ledsolintel.com\/\",\"logo\":{\"@type\":\"ImageObject\",\"inLanguage\":\"fr-FR\",\"@id\":\"https:\/\/ledsolintel.com\/#\/schema\/logo\/image\/\",\"url\":\"https:\/\/ledsolintel.com\/wp-content\/uploads\/2024\/11\/webmenaje-logo-1508269066.jpg\",\"contentUrl\":\"https:\/\/ledsolintel.com\/wp-content\/uploads\/2024\/11\/webmenaje-logo-1508269066.jpg\",\"width\":370,\"height\":90,\"caption\":\"Solintel Noroeste, S.L.\"},\"image\":{\"@id\":\"https:\/\/ledsolintel.com\/#\/schema\/logo\/image\/\"},\"sameAs\":[\"http:\/\/www.facebook.com\/webmenaje\",\"https:\/\/x.com\/webmenaje\",\"https:\/\/www.youtube.com\/channel\/UCX2KoVoeCG4LocZjUc6LmSQ\",\"http:\/\/www.pinterest.com\/webmenaje\"]}]}<\/script>\n<!-- \/ Yoast SEO plugin. -->","yoast_head_json":{"title":"Manguera el\u00e9ctrica 3x1,5mm\u00b2 RV-K 0,6\/1kV 50m - Ledsolintel","robots":{"index":"index","follow":"follow","max-snippet":"max-snippet:-1","max-image-preview":"max-image-preview:large","max-video-preview":"max-video-preview:-1"},"canonical":"https:\/\/ledsolintel.com\/fr\/produit-2\/manguera-electrica-3x15mm\u00b2-rv-k-06-1kv-50m\/","og_locale":"fr_FR","og_type":"article","og_title":"Manguera el\u00e9ctrica 3x1,5mm\u00b2 RV-K 0,6\/1kV 50m - Ledsolintel","og_description":"Manguera RV-K 0,6\/1kV 3G1,5 con acabado en color negro, con 3 cables de 1,5mm\u00b2 de secci\u00f3n. Cumple con los criterios de clasificaci\u00f3n de productos de la construcci\u00f3n seg\u00fan Reglamento CPR 305\/2011 y la norma EN 50575, siendo estos cables los indicados para el transporte y distribuci\u00f3n de energ\u00eda el\u00e9ctrica en baja tensi\u00f3n. Recomendado para conexiones &hellip; Continue reading Manguera el\u00e9ctrica 3&#215;1,5mm\u00b2 RV-K 0,6\/1kV 50m","og_url":"https:\/\/ledsolintel.com\/fr\/produit-2\/manguera-electrica-3x15mm\u00b2-rv-k-06-1kv-50m\/","og_site_name":"Ledsolintel","article_publisher":"http:\/\/www.facebook.com\/webmenaje","article_modified_time":"2026-01-30T14:59:39+00:00","og_image":[{"width":500,"height":500,"url":"https:\/\/ledsolintel.com\/wp-content\/uploads\/2025\/11\/manguera-electrica-3x15mm-rv-k-061kv-50m.jpg","type":"image\/jpeg"}],"twitter_card":"summary_large_image","twitter_site":"@webmenaje","twitter_misc":{"Dur\u00e9e de lecture estim\u00e9e":"1 minute"},"schema":{"@context":"https:\/\/schema.org","@graph":[{"@type":"WebPage","@id":"https:\/\/ledsolintel.com\/product\/manguera-electrica-3x15mm%c2%b2-rv-k-06-1kv-50m\/","url":"https:\/\/ledsolintel.com\/product\/manguera-electrica-3x15mm%c2%b2-rv-k-06-1kv-50m\/","name":"Manguera el\u00e9ctrica 3x1,5mm\u00b2 RV-K 0,6\/1kV 50m - Ledsolintel","isPartOf":{"@id":"https:\/\/ledsolintel.com\/#website"},"primaryImageOfPage":{"@id":"https:\/\/ledsolintel.com\/product\/manguera-electrica-3x15mm%c2%b2-rv-k-06-1kv-50m\/#primaryimage"},"image":{"@id":"https:\/\/ledsolintel.com\/product\/manguera-electrica-3x15mm%c2%b2-rv-k-06-1kv-50m\/#primaryimage"},"thumbnailUrl":"https:\/\/ledsolintel.com\/wp-content\/uploads\/2025\/11\/manguera-electrica-3x15mm-rv-k-061kv-50m.jpg","datePublished":"2025-11-11T16:07:36+00:00","dateModified":"2026-01-30T14:59:39+00:00","breadcrumb":{"@id":"https:\/\/ledsolintel.com\/product\/manguera-electrica-3x15mm%c2%b2-rv-k-06-1kv-50m\/#breadcrumb"},"inLanguage":"fr-FR","potentialAction":[{"@type":"ReadAction","target":["https:\/\/ledsolintel.com\/product\/manguera-electrica-3x15mm%c2%b2-rv-k-06-1kv-50m\/"]}]},{"@type":"ImageObject","inLanguage":"fr-FR","@id":"https:\/\/ledsolintel.com\/product\/manguera-electrica-3x15mm%c2%b2-rv-k-06-1kv-50m\/#primaryimage","url":"https:\/\/ledsolintel.com\/wp-content\/uploads\/2025\/11\/manguera-electrica-3x15mm-rv-k-061kv-50m.jpg","contentUrl":"https:\/\/ledsolintel.com\/wp-content\/uploads\/2025\/11\/manguera-electrica-3x15mm-rv-k-061kv-50m.jpg","width":500,"height":500},{"@type":"BreadcrumbList","@id":"https:\/\/ledsolintel.com\/product\/manguera-electrica-3x15mm%c2%b2-rv-k-06-1kv-50m\/#breadcrumb","itemListElement":[{"@type":"ListItem","position":1,"name":"Portada","item":"https:\/\/ledsolintel.com\/fr\/"},{"@type":"ListItem","position":2,"name":"Tienda","item":"https:\/\/ledsolintel.com\/tienda\/"},{"@type":"ListItem","position":3,"name":"Manguera el\u00e9ctrica 3&#215;1,5mm\u00b2 RV-K 0,6\/1kV 50m"}]},{"@type":"WebSite","@id":"https:\/\/ledsolintel.com\/#website","url":"https:\/\/ledsolintel.com\/","name":"Webmenaje","description":"Magasin d'ampoules et de lampes LED pour les professionnels","publisher":{"@id":"https:\/\/ledsolintel.com\/#organization"},"potentialAction":[{"@type":"SearchAction","target":{"@type":"EntryPoint","urlTemplate":"https:\/\/ledsolintel.com\/?s={search_term_string}"},"query-input":{"@type":"PropertyValueSpecification","valueRequired":true,"valueName":"search_term_string"}}],"inLanguage":"fr-FR"},{"@type":"Organization","@id":"https:\/\/ledsolintel.com\/#organization","name":"Solintel Noroeste, S.L.","url":"https:\/\/ledsolintel.com\/","logo":{"@type":"ImageObject","inLanguage":"fr-FR","@id":"https:\/\/ledsolintel.com\/#\/schema\/logo\/image\/","url":"https:\/\/ledsolintel.com\/wp-content\/uploads\/2024\/11\/webmenaje-logo-1508269066.jpg","contentUrl":"https:\/\/ledsolintel.com\/wp-content\/uploads\/2024\/11\/webmenaje-logo-1508269066.jpg","width":370,"height":90,"caption":"Solintel Noroeste, S.L."},"image":{"@id":"https:\/\/ledsolintel.com\/#\/schema\/logo\/image\/"},"sameAs":["http:\/\/www.facebook.com\/webmenaje","https:\/\/x.com\/webmenaje","https:\/\/www.youtube.com\/channel\/UCX2KoVoeCG4LocZjUc6LmSQ","http:\/\/www.pinterest.com\/webmenaje"]}]}},"_links":{"self":[{"href":"https:\/\/ledsolintel.com\/fr\/wp-json\/wp\/v2\/product\/268965","targetHints":{"allow":["GET"]}}],"collection":[{"href":"https:\/\/ledsolintel.com\/fr\/wp-json\/wp\/v2\/product"}],"about":[{"href":"https:\/\/ledsolintel.com\/fr\/wp-json\/wp\/v2\/types\/product"}],"version-history":[{"count":1,"href":"https:\/\/ledsolintel.com\/fr\/wp-json\/wp\/v2\/product\/268965\/revisions"}],"predecessor-version":[{"id":268966,"href":"https:\/\/ledsolintel.com\/fr\/wp-json\/wp\/v2\/product\/268965\/revisions\/268966"}],"wp:featuredmedia":[{"embeddable":true,"href":"https:\/\/ledsolintel.com\/fr\/wp-json\/wp\/v2\/media\/263663"}],"wp:attachment":[{"href":"https:\/\/ledsolintel.com\/fr\/wp-json\/wp\/v2\/media?parent=268965"}],"wp:term":[{"taxonomy":"product_brand","embeddable":true,"href":"https:\/\/ledsolintel.com\/fr\/wp-json\/wp\/v2\/product_brand?post=268965"},{"taxonomy":"product_cat","embeddable":true,"href":"https:\/\/ledsolintel.com\/fr\/wp-json\/wp\/v2\/product_cat?post=268965"},{"taxonomy":"product_tag","embeddable":true,"href":"https:\/\/ledsolintel.com\/fr\/wp-json\/wp\/v2\/product_tag?post=268965"}],"curies":[{"name":"wp","href":"https:\/\/api.w.org\/{rel}","templated":true}]}}