{"id":268942,"date":"2025-11-11T17:07:12","date_gmt":"2025-11-11T16:07:12","guid":{"rendered":"https:\/\/nueva.ledsolintel.com\/product\/campana-led-ufo-atex-100w-lumileds-mean-well\/"},"modified":"2026-04-07T10:18:55","modified_gmt":"2026-04-07T08:18:55","slug":"ufo-atex-led-hood-100w-lumileds-mean-well","status":"publish","type":"product","link":"https:\/\/ledsolintel.com\/fr\/produit-2\/ufo-atex-led-hood-100w-lumileds-mean-well\/","title":{"rendered":"UFO ATEX 100W LUMILEDS LED UFO ATEX Bell - Mean Well"},"content":{"rendered":"<p>Syst\u00e8me d'\u00e9clairage \u00e0 LED pour les environnements pr\u00e9sentant un risque d'explosion d\u00fb \u00e0 des gaz inflammables ou \u00e0 des poussi\u00e8res combustibles.   Sa conception en forme d'ovni le rend particuli\u00e8rement adapt\u00e9 aux zones industrielles exigeantes.   Ce produit est conforme \u00e0 la directive ATEX (2014\/34\/UE) garantissant son utilisation en toute s\u00e9curit\u00e9 dans les zones class\u00e9es comme dangereuses (zones 1, 2, 21 et 22).  Ce mod\u00e8le particulier int\u00e8gre la technologie Philips Lumileds 3030. Cette lampe a une dur\u00e9e de vie de 50 000 heures et un flux lumineux de 11 000 lumens.  Elle pr\u00e9sente un indice de protection IP66 et une r\u00e9sistance aux chocs IK10, ce qui permet de l'utiliser \u00e0 l'ext\u00e9rieur et \u00e0 l'int\u00e9rieur dans des conditions extr\u00eames.    Conformit\u00e9 r\u00e9glementaire Certification ATEX : II GD Ex db eb mb IIC T6 Gb ; Ex tb IIIC T80\u00b0C Db.  Convient aux zones : 1 et 2 (gaz) + 21 et 22 (poussi\u00e8re).  Certifications suppl\u00e9mentaires : CE, RoHS.  Grade anticorrosion : WF2, id\u00e9al pour les environnements agressifs.    Type de lumi\u00e8re et caract\u00e9ristiques Puissance : 100W.  Flux lumineux : 11 000 lumens.  Temp\u00e9rature de couleur : lumi\u00e8re blanche froide (6000K).  Angle d'ouverture : 120\u00ba, id\u00e9al pour un \u00e9clairage large et homog\u00e8ne.  Efficacit\u00e9 \u00e9nerg\u00e9tique : La technologie LED avanc\u00e9e r\u00e9duit la consommation d'\u00e9nergie sans compromettre la qualit\u00e9 de l'\u00e9clairage.  Type de LED : Philips Lumileds 3030, connues pour leur efficacit\u00e9 lumineuse \u00e9lev\u00e9e et leur longue dur\u00e9e de vie.  Pilote : Mean Well, garantissant une stabilit\u00e9 et des performances optimales.    \u2705 Dimensions et mat\u00e9riaux Dimensions : \u00d8 240 x 235 mm.  Mat\u00e9riau : Fabriqu\u00e9 en aluminium WF2 anticorrosion, garantissant solidit\u00e9 et durabilit\u00e9.  Degr\u00e9 de protection : IP66 (r\u00e9sistant \u00e0 l'eau et \u00e0 la poussi\u00e8re).  R\u00e9sistance aux chocs : IK10, adapt\u00e9 aux environnements exigeants.    Garantie et dur\u00e9e de vie Dur\u00e9e de vie : jusqu'\u00e0 50 000 heures, con\u00e7ue pour durer des ann\u00e9es sans compromettre les performances.  Garantie : Nous offrons une garantie de 5 ans, garantissant la qualit\u00e9 et la fiabilit\u00e9 du produit.  Plage de temp\u00e9rature de fonctionnement : fonctionne de -20\u00b0C \u00e0 +40\u00b0C, id\u00e9al pour les environnements extr\u00eames.    Montage en surface : Gr\u00e2ce \u00e0 son support r\u00e9glable, l'orientation de la lumi\u00e8re peut \u00eatre ajust\u00e9e selon les besoins.  C\u00e2ble d'alimentation : Non inclus. Il est n\u00e9cessaire d'utiliser un c\u00e2ble adapt\u00e9 \u00e0 l'atmosph\u00e8re sp\u00e9cifique dans laquelle il est install\u00e9, d'un diam\u00e8tre minimum de 7 mm (compatible avec le presse-\u00e9toupe de la lampe).    Caract\u00e9ristiques techniques de la hotte aspirante ATEX 100W LED avec fonction d'urgence Dimensions : \u00d8 240 x 235 mm Puissance : 100W Flux lumineux : 11000 lumens Temp\u00e9rature de couleur disponible : lumi\u00e8re blanche froide (6000K).  Angle d'ouverture : 120\u00ba Tension d'entr\u00e9e : Compatible avec le r\u00e9seau standard mondial : 85 - 265V AC Fr\u00e9quence : 50\/60 Hz Type de LED : Technologie SMD Mat\u00e9riau : En aluminium Degr\u00e9 de protection : IP66 (r\u00e9sistant \u00e0 l'eau et \u00e0 la poussi\u00e8re).  R\u00e9sistance aux chocs : IK10 Dur\u00e9e de vie : 50 000 heures Garantie : 5 ans Plage de temp\u00e9rature de fonctionnement : Fonctionne entre -20\u00b0C et +40\u00b0C Certifications : CE, RoHS Questions sur les cagoules UFO ATEX Que signifie ATEX et pourquoi est-ce important ?  ATEX est une certification europ\u00e9enne qui garantit que ce produit peut \u00eatre utilis\u00e9 en toute s\u00e9curit\u00e9 dans des zones pr\u00e9sentant des atmosph\u00e8res potentiellement explosives, telles que des zones contenant des gaz inflammables ou des poussi\u00e8res combustibles. La hotte LED UFO ATEX 100W est sp\u00e9cialement con\u00e7ue pour \u00eatre conforme \u00e0 ces r\u00e9glementations, ce qui garantit une utilisation s\u00fbre dans les environnements industriels critiques. Dans quelles zones cette hotte LED peut-elle \u00eatre utilis\u00e9e ?  Cette hotte est certifi\u00e9e pour une utilisation dans  Zones 1 et 2 : Zones pr\u00e9sentant un risque de gaz inflammables.  Zones 21 et 22 : zones pr\u00e9sentant un risque d'accumulation de poussi\u00e8res combustibles. Elle est id\u00e9ale pour les stations-service, les entrep\u00f4ts, les ateliers et autres zones class\u00e9es dangereuses. Quels sont les avantages de la technologie Philips Lumileds et du pilote Mean Well ?  Philips Lumileds 3030 : offre une efficacit\u00e9 lumineuse \u00e9lev\u00e9e, une longue dur\u00e9e de vie et des performances constantes.  Pilote Mean Well : assure une alimentation \u00e9lectrique stable, prot\u00e8ge contre les fluctuations de tension et augmente la durabilit\u00e9 du produit. Est-il possible d'installer cet auvent \u00e0 l'ext\u00e9rieur ?  Oui, gr\u00e2ce \u00e0 son indice de protection IP66, cette hotte est \u00e9tanche \u00e0 l'eau et \u00e0 la poussi\u00e8re, ce qui la rend id\u00e9ale pour une utilisation int\u00e9rieure et ext\u00e9rieure en milieu industriel. Quelle est la dur\u00e9e de vie de cette hotte LED ?  La dur\u00e9e de vie de la hotte LED UFO ATEX 100W peut atteindre 50 000 heures, ce qui correspond \u00e0 plusieurs ann\u00e9es de fonctionnement continu dans des conditions normales d'utilisation. Quel type de c\u00e2ble est n\u00e9cessaire pour l'installation ?  Il faut utiliser un c\u00e2ble adapt\u00e9 \u00e0 l'atmosph\u00e8re sp\u00e9cifique dans laquelle la hotte est install\u00e9e, d'un diam\u00e8tre minimum de 7 mm (compatible avec le presse-\u00e9toupe de la lampe). Pour plus de d\u00e9tails, veuillez vous r\u00e9f\u00e9rer au manuel d'instructions disponible dans la section de t\u00e9l\u00e9chargement.<\/p>","protected":false},"excerpt":{"rendered":"<p>Sistema de iluminaci\u00f3n LED para entornos con riesgo de explosi\u00f3n debido a gases inflamables o polvo combustible.\u00a0 Su dise\u00f1o con forma UFO la hace especialmente indicada para zonas industriales exigentes.\u00a0 Este producto cumple con la Directiva ATEX (2014\/34\/UE) garantizando su uso seguro en zonas clasificadas como peligrosas (Zonas 1, 2, 21 y 22). Este modelo &hellip; <a href=\"https:\/\/ledsolintel.com\/fr\/produit-2\/ufo-atex-led-hood-100w-lumileds-mean-well\/\" class=\"more-link\">Continue reading <span class=\"screen-reader-text\">UFO ATEX 100W LUMILEDS LED UFO ATEX Bell - Mean Well<\/span><\/a><\/p>","protected":false},"featured_media":263612,"template":"","meta":[],"product_brand":[101370],"product_cat":[101371,15],"product_tag":[],"class_list":{"0":"post-268942","1":"product","2":"type-product","3":"status-publish","4":"has-post-thumbnail","6":"product_brand-masterled","7":"product_cat-masterled","8":"product_cat-uncategorized","9":"pa_temperatura-color-luz-blanca","12":"instock","13":"taxable","14":"shipping-taxable","15":"purchasable","16":"product-type-simple"},"yoast_head":"<!-- This site is optimized with the Yoast SEO plugin v27.4 - https:\/\/yoast.com\/product\/yoast-seo-wordpress\/ -->\n<title>Campana LED UFO ATEX 100W LUMILEDS - Mean Well - Ledsolintel<\/title>\n<meta name=\"robots\" content=\"index, follow, max-snippet:-1, max-image-preview:large, max-video-preview:-1\" \/>\n<link rel=\"canonical\" href=\"https:\/\/ledsolintel.com\/fr\/produit-2\/ufo-atex-led-hood-100w-lumileds-mean-well\/\" \/>\n<meta property=\"og:locale\" content=\"fr_FR\" \/>\n<meta property=\"og:type\" content=\"article\" \/>\n<meta property=\"og:title\" content=\"Campana LED UFO ATEX 100W LUMILEDS - Mean Well - Ledsolintel\" \/>\n<meta property=\"og:description\" content=\"Sistema de iluminaci\u00f3n LED para entornos con riesgo de explosi\u00f3n debido a gases inflamables o polvo combustible.\u00a0 Su dise\u00f1o con forma UFO la hace especialmente indicada para zonas industriales exigentes.\u00a0 Este producto cumple con la Directiva ATEX (2014\/34\/UE) garantizando su uso seguro en zonas clasificadas como peligrosas (Zonas 1, 2, 21 y 22). Este modelo &hellip; Continue reading Campana LED UFO ATEX 100W LUMILEDS &#8211; Mean Well\" \/>\n<meta property=\"og:url\" content=\"https:\/\/ledsolintel.com\/fr\/produit-2\/ufo-atex-led-hood-100w-lumileds-mean-well\/\" \/>\n<meta property=\"og:site_name\" content=\"Ledsolintel\" \/>\n<meta property=\"article:publisher\" content=\"http:\/\/www.facebook.com\/webmenaje\" \/>\n<meta property=\"article:modified_time\" content=\"2026-04-07T08:18:55+00:00\" \/>\n<meta property=\"og:image\" content=\"https:\/\/ledsolintel.com\/wp-content\/uploads\/2025\/11\/campana-led-ufo-atex-100w-lumileds-mean-well.jpg\" \/>\n\t<meta property=\"og:image:width\" content=\"1500\" \/>\n\t<meta property=\"og:image:height\" content=\"1500\" \/>\n\t<meta property=\"og:image:type\" content=\"image\/jpeg\" \/>\n<meta name=\"twitter:card\" content=\"summary_large_image\" \/>\n<meta name=\"twitter:site\" content=\"@webmenaje\" \/>\n<meta name=\"twitter:label1\" content=\"Dur\u00e9e de lecture estim\u00e9e\" \/>\n\t<meta name=\"twitter:data1\" content=\"4 minutes\" \/>\n<script type=\"application\/ld+json\" class=\"yoast-schema-graph\">{\"@context\":\"https:\\\/\\\/schema.org\",\"@graph\":[{\"@type\":\"WebPage\",\"@id\":\"https:\\\/\\\/ledsolintel.com\\\/product\\\/campana-led-ufo-atex-100w-lumileds-mean-well\\\/\",\"url\":\"https:\\\/\\\/ledsolintel.com\\\/product\\\/campana-led-ufo-atex-100w-lumileds-mean-well\\\/\",\"name\":\"Campana LED UFO ATEX 100W LUMILEDS - Mean Well - Ledsolintel\",\"isPartOf\":{\"@id\":\"https:\\\/\\\/ledsolintel.com\\\/#website\"},\"primaryImageOfPage\":{\"@id\":\"https:\\\/\\\/ledsolintel.com\\\/product\\\/campana-led-ufo-atex-100w-lumileds-mean-well\\\/#primaryimage\"},\"image\":{\"@id\":\"https:\\\/\\\/ledsolintel.com\\\/product\\\/campana-led-ufo-atex-100w-lumileds-mean-well\\\/#primaryimage\"},\"thumbnailUrl\":\"https:\\\/\\\/ledsolintel.com\\\/wp-content\\\/uploads\\\/2025\\\/11\\\/campana-led-ufo-atex-100w-lumileds-mean-well.jpg\",\"datePublished\":\"2025-11-11T16:07:12+00:00\",\"dateModified\":\"2026-04-07T08:18:55+00:00\",\"breadcrumb\":{\"@id\":\"https:\\\/\\\/ledsolintel.com\\\/product\\\/campana-led-ufo-atex-100w-lumileds-mean-well\\\/#breadcrumb\"},\"inLanguage\":\"fr-FR\",\"potentialAction\":[{\"@type\":\"ReadAction\",\"target\":[\"https:\\\/\\\/ledsolintel.com\\\/product\\\/campana-led-ufo-atex-100w-lumileds-mean-well\\\/\"]}]},{\"@type\":\"ImageObject\",\"inLanguage\":\"fr-FR\",\"@id\":\"https:\\\/\\\/ledsolintel.com\\\/product\\\/campana-led-ufo-atex-100w-lumileds-mean-well\\\/#primaryimage\",\"url\":\"https:\\\/\\\/ledsolintel.com\\\/wp-content\\\/uploads\\\/2025\\\/11\\\/campana-led-ufo-atex-100w-lumileds-mean-well.jpg\",\"contentUrl\":\"https:\\\/\\\/ledsolintel.com\\\/wp-content\\\/uploads\\\/2025\\\/11\\\/campana-led-ufo-atex-100w-lumileds-mean-well.jpg\",\"width\":1500,\"height\":1500},{\"@type\":\"BreadcrumbList\",\"@id\":\"https:\\\/\\\/ledsolintel.com\\\/product\\\/campana-led-ufo-atex-100w-lumileds-mean-well\\\/#breadcrumb\",\"itemListElement\":[{\"@type\":\"ListItem\",\"position\":1,\"name\":\"Portada\",\"item\":\"https:\\\/\\\/ledsolintel.com\\\/fr\\\/\"},{\"@type\":\"ListItem\",\"position\":2,\"name\":\"Tienda\",\"item\":\"https:\\\/\\\/ledsolintel.com\\\/tienda\\\/\"},{\"@type\":\"ListItem\",\"position\":3,\"name\":\"Campana LED UFO ATEX 100W LUMILEDS &#8211; Mean Well\"}]},{\"@type\":\"WebSite\",\"@id\":\"https:\\\/\\\/ledsolintel.com\\\/#website\",\"url\":\"https:\\\/\\\/ledsolintel.com\\\/\",\"name\":\"Webmenaje\",\"description\":\"Tienda de bombillas y l\u00e1mparas LED para profesionales\",\"publisher\":{\"@id\":\"https:\\\/\\\/ledsolintel.com\\\/#organization\"},\"potentialAction\":[{\"@type\":\"SearchAction\",\"target\":{\"@type\":\"EntryPoint\",\"urlTemplate\":\"https:\\\/\\\/ledsolintel.com\\\/?s={search_term_string}\"},\"query-input\":{\"@type\":\"PropertyValueSpecification\",\"valueRequired\":true,\"valueName\":\"search_term_string\"}}],\"inLanguage\":\"fr-FR\"},{\"@type\":\"Organization\",\"@id\":\"https:\\\/\\\/ledsolintel.com\\\/#organization\",\"name\":\"Solintel Noroeste, S.L.\",\"url\":\"https:\\\/\\\/ledsolintel.com\\\/\",\"logo\":{\"@type\":\"ImageObject\",\"inLanguage\":\"fr-FR\",\"@id\":\"https:\\\/\\\/ledsolintel.com\\\/#\\\/schema\\\/logo\\\/image\\\/\",\"url\":\"https:\\\/\\\/ledsolintel.com\\\/wp-content\\\/uploads\\\/2024\\\/11\\\/webmenaje-logo-1508269066.jpg\",\"contentUrl\":\"https:\\\/\\\/ledsolintel.com\\\/wp-content\\\/uploads\\\/2024\\\/11\\\/webmenaje-logo-1508269066.jpg\",\"width\":370,\"height\":90,\"caption\":\"Solintel Noroeste, S.L.\"},\"image\":{\"@id\":\"https:\\\/\\\/ledsolintel.com\\\/#\\\/schema\\\/logo\\\/image\\\/\"},\"sameAs\":[\"http:\\\/\\\/www.facebook.com\\\/webmenaje\",\"https:\\\/\\\/x.com\\\/webmenaje\",\"https:\\\/\\\/www.youtube.com\\\/channel\\\/UCX2KoVoeCG4LocZjUc6LmSQ\",\"http:\\\/\\\/www.pinterest.com\\\/webmenaje\"]}]}<\/script>\n<!-- \/ Yoast SEO plugin. -->","yoast_head_json":{"title":"LED UFO ATEX 100W LUMILEDS - Mean Well - Ledsolintel","robots":{"index":"index","follow":"follow","max-snippet":"max-snippet:-1","max-image-preview":"max-image-preview:large","max-video-preview":"max-video-preview:-1"},"canonical":"https:\/\/ledsolintel.com\/fr\/produit-2\/ufo-atex-led-hood-100w-lumileds-mean-well\/","og_locale":"fr_FR","og_type":"article","og_title":"Campana LED UFO ATEX 100W LUMILEDS - Mean Well - Ledsolintel","og_description":"Sistema de iluminaci\u00f3n LED para entornos con riesgo de explosi\u00f3n debido a gases inflamables o polvo combustible.\u00a0 Su dise\u00f1o con forma UFO la hace especialmente indicada para zonas industriales exigentes.\u00a0 Este producto cumple con la Directiva ATEX (2014\/34\/UE) garantizando su uso seguro en zonas clasificadas como peligrosas (Zonas 1, 2, 21 y 22). Este modelo &hellip; Continue reading Campana LED UFO ATEX 100W LUMILEDS &#8211; Mean Well","og_url":"https:\/\/ledsolintel.com\/fr\/produit-2\/ufo-atex-led-hood-100w-lumileds-mean-well\/","og_site_name":"Ledsolintel","article_publisher":"http:\/\/www.facebook.com\/webmenaje","article_modified_time":"2026-04-07T08:18:55+00:00","og_image":[{"width":1500,"height":1500,"url":"https:\/\/ledsolintel.com\/wp-content\/uploads\/2025\/11\/campana-led-ufo-atex-100w-lumileds-mean-well.jpg","type":"image\/jpeg"}],"twitter_card":"summary_large_image","twitter_site":"@webmenaje","twitter_misc":{"Dur\u00e9e de lecture estim\u00e9e":"4 minutes"},"schema":{"@context":"https:\/\/schema.org","@graph":[{"@type":"WebPage","@id":"https:\/\/ledsolintel.com\/product\/campana-led-ufo-atex-100w-lumileds-mean-well\/","url":"https:\/\/ledsolintel.com\/product\/campana-led-ufo-atex-100w-lumileds-mean-well\/","name":"LED UFO ATEX 100W LUMILEDS - Mean Well - Ledsolintel","isPartOf":{"@id":"https:\/\/ledsolintel.com\/#website"},"primaryImageOfPage":{"@id":"https:\/\/ledsolintel.com\/product\/campana-led-ufo-atex-100w-lumileds-mean-well\/#primaryimage"},"image":{"@id":"https:\/\/ledsolintel.com\/product\/campana-led-ufo-atex-100w-lumileds-mean-well\/#primaryimage"},"thumbnailUrl":"https:\/\/ledsolintel.com\/wp-content\/uploads\/2025\/11\/campana-led-ufo-atex-100w-lumileds-mean-well.jpg","datePublished":"2025-11-11T16:07:12+00:00","dateModified":"2026-04-07T08:18:55+00:00","breadcrumb":{"@id":"https:\/\/ledsolintel.com\/product\/campana-led-ufo-atex-100w-lumileds-mean-well\/#breadcrumb"},"inLanguage":"fr-FR","potentialAction":[{"@type":"ReadAction","target":["https:\/\/ledsolintel.com\/product\/campana-led-ufo-atex-100w-lumileds-mean-well\/"]}]},{"@type":"ImageObject","inLanguage":"fr-FR","@id":"https:\/\/ledsolintel.com\/product\/campana-led-ufo-atex-100w-lumileds-mean-well\/#primaryimage","url":"https:\/\/ledsolintel.com\/wp-content\/uploads\/2025\/11\/campana-led-ufo-atex-100w-lumileds-mean-well.jpg","contentUrl":"https:\/\/ledsolintel.com\/wp-content\/uploads\/2025\/11\/campana-led-ufo-atex-100w-lumileds-mean-well.jpg","width":1500,"height":1500},{"@type":"BreadcrumbList","@id":"https:\/\/ledsolintel.com\/product\/campana-led-ufo-atex-100w-lumileds-mean-well\/#breadcrumb","itemListElement":[{"@type":"ListItem","position":1,"name":"Portada","item":"https:\/\/ledsolintel.com\/fr\/"},{"@type":"ListItem","position":2,"name":"Tienda","item":"https:\/\/ledsolintel.com\/tienda\/"},{"@type":"ListItem","position":3,"name":"Campana LED UFO ATEX 100W LUMILEDS &#8211; Mean Well"}]},{"@type":"WebSite","@id":"https:\/\/ledsolintel.com\/#website","url":"https:\/\/ledsolintel.com\/","name":"Webmenaje","description":"Magasin d'ampoules et de lampes LED pour les professionnels","publisher":{"@id":"https:\/\/ledsolintel.com\/#organization"},"potentialAction":[{"@type":"SearchAction","target":{"@type":"EntryPoint","urlTemplate":"https:\/\/ledsolintel.com\/?s={search_term_string}"},"query-input":{"@type":"PropertyValueSpecification","valueRequired":true,"valueName":"search_term_string"}}],"inLanguage":"fr-FR"},{"@type":"Organization","@id":"https:\/\/ledsolintel.com\/#organization","name":"Solintel Noroeste, S.L.","url":"https:\/\/ledsolintel.com\/","logo":{"@type":"ImageObject","inLanguage":"fr-FR","@id":"https:\/\/ledsolintel.com\/#\/schema\/logo\/image\/","url":"https:\/\/ledsolintel.com\/wp-content\/uploads\/2024\/11\/webmenaje-logo-1508269066.jpg","contentUrl":"https:\/\/ledsolintel.com\/wp-content\/uploads\/2024\/11\/webmenaje-logo-1508269066.jpg","width":370,"height":90,"caption":"Solintel Noroeste, S.L."},"image":{"@id":"https:\/\/ledsolintel.com\/#\/schema\/logo\/image\/"},"sameAs":["http:\/\/www.facebook.com\/webmenaje","https:\/\/x.com\/webmenaje","https:\/\/www.youtube.com\/channel\/UCX2KoVoeCG4LocZjUc6LmSQ","http:\/\/www.pinterest.com\/webmenaje"]}]}},"_links":{"self":[{"href":"https:\/\/ledsolintel.com\/fr\/wp-json\/wp\/v2\/product\/268942","targetHints":{"allow":["GET"]}}],"collection":[{"href":"https:\/\/ledsolintel.com\/fr\/wp-json\/wp\/v2\/product"}],"about":[{"href":"https:\/\/ledsolintel.com\/fr\/wp-json\/wp\/v2\/types\/product"}],"version-history":[{"count":1,"href":"https:\/\/ledsolintel.com\/fr\/wp-json\/wp\/v2\/product\/268942\/revisions"}],"predecessor-version":[{"id":268943,"href":"https:\/\/ledsolintel.com\/fr\/wp-json\/wp\/v2\/product\/268942\/revisions\/268943"}],"wp:featuredmedia":[{"embeddable":true,"href":"https:\/\/ledsolintel.com\/fr\/wp-json\/wp\/v2\/media\/263612"}],"wp:attachment":[{"href":"https:\/\/ledsolintel.com\/fr\/wp-json\/wp\/v2\/media?parent=268942"}],"wp:term":[{"taxonomy":"product_brand","embeddable":true,"href":"https:\/\/ledsolintel.com\/fr\/wp-json\/wp\/v2\/product_brand?post=268942"},{"taxonomy":"product_cat","embeddable":true,"href":"https:\/\/ledsolintel.com\/fr\/wp-json\/wp\/v2\/product_cat?post=268942"},{"taxonomy":"product_tag","embeddable":true,"href":"https:\/\/ledsolintel.com\/fr\/wp-json\/wp\/v2\/product_tag?post=268942"}],"curies":[{"name":"wp","href":"https:\/\/api.w.org\/{rel}","templated":true}]}}