{"id":268917,"date":"2025-11-11T17:06:48","date_gmt":"2025-11-11T16:06:48","guid":{"rendered":"https:\/\/nueva.ledsolintel.com\/product\/foco-carril-led-lineal-12w-orientable-blanco\/"},"modified":"2026-01-30T16:00:56","modified_gmt":"2026-01-30T15:00:56","slug":"foco-carril-led-lineal-12w-orientable-blanco","status":"publish","type":"product","link":"https:\/\/ledsolintel.com\/fr\/produit-2\/foco-carril-led-lineal-12w-orientable-blanco\/","title":{"rendered":"Spot LED lin\u00e9aire 12W orientable blanc"},"content":{"rendered":"<p>Le projecteur lin\u00e9aire r\u00e9glable \u00e0 LED de 12W est con\u00e7u en aluminium avec une finition blanche. Son design moderne et compact en fait un luminaire parfait pour les installations dans les environnements domestiques et les espaces plus commerciaux. Dans le domaine commercial, il est id\u00e9al pour l'\u00e9clairage des magasins, des vitrines, des expositions, des supermarch\u00e9s, des h\u00f4tels ou des restaurants.  Il est tr\u00e8s efficace puisqu'il consomme 12W gr\u00e2ce \u00e0 la LED SMD qu'il int\u00e8gre, atteignant un flux lumineux de 1080 lumens. L'\u00e9clairage qu'il fournit repr\u00e9sente une consommation de 12kWh\/1000h, ce qui signifie une r\u00e9duction de la quantit\u00e9 d'\u00e9nergie factur\u00e9e et des \u00e9missions de gaz polluants dans l'atmosph\u00e8re. Il supporte une tension d'entr\u00e9e de 185\/265V et une fr\u00e9quence de fonctionnement de 50 Hz. Ce projecteur est disponible en deux temp\u00e9ratures de couleur : chaude (3000\u00b0K) et neutre (4000\u00b0K). Ses dimensions sont de 160 x 33 x 67 mm.  Gr\u00e2ce \u00e0 son indice de protection IP20, il est id\u00e9al pour une installation \u00e0 l'int\u00e9rieur (protection contre les particules solides de plus de 12 mm et n'est pas \u00e9tanche).  En plus d'\u00eatre un produit qui a une dur\u00e9e de vie de plus de 30 000 heures, il est garanti 3 ans. Il poss\u00e8de \u00e9galement le certificat CE, qui atteste qu'il est conforme aux exigences de l'UE en mati\u00e8re de compatibilit\u00e9 \u00e9lectromagn\u00e9tique et de basse tension. Ce certificat d\u00e9clare la conformit\u00e9 du produit \u00e0 toutes les exigences l\u00e9gales et garantit la validit\u00e9 de la vente du produit dans l'Espace \u00e9conomique europ\u00e9en.  Il est compatible avec tous nos rails monophas\u00e9s.<\/p>","protected":false},"excerpt":{"rendered":"<p>El foco carril LED lineal de 12W orientable est\u00e1 dise\u00f1ado en aluminio con acabado en color blanco. Tiene un dise\u00f1o moderno y compacto que la convierte en una luminaria perfecta para instalaciones tanto en ambientes dom\u00e9sticos, como espacios m\u00e1s comerciales. Dentro del \u00e1mbito comercial es ideal para iluminaci\u00f3n en tiendas, escaparates, exposiciones, supermercados, hoteles o &hellip; <a href=\"https:\/\/ledsolintel.com\/fr\/produit-2\/foco-carril-led-lineal-12w-orientable-blanco\/\" class=\"more-link\">Continue reading <span class=\"screen-reader-text\">Spot LED lin\u00e9aire 12W orientable blanc<\/span><\/a><\/p>","protected":false},"featured_media":263563,"template":"","meta":[],"product_brand":[101370],"product_cat":[15,101371],"product_tag":[],"class_list":{"0":"post-268917","1":"product","2":"type-product","3":"status-publish","4":"has-post-thumbnail","6":"product_brand-masterled","7":"product_cat-uncategorized","8":"product_cat-masterled","9":"pa_temperatura-color-luz-calida","10":"pa_temperatura-color-luz-neutra","13":"instock","14":"purchasable","15":"product-type-variable","16":"has-default-attributes"},"yoast_head":"<!-- This site is optimized with the Yoast SEO plugin v26.6 - https:\/\/yoast.com\/wordpress\/plugins\/seo\/ -->\n<title>Foco Carril LED lineal 12W orientable blanco - Ledsolintel<\/title>\n<meta name=\"robots\" content=\"index, follow, max-snippet:-1, max-image-preview:large, max-video-preview:-1\" \/>\n<link rel=\"canonical\" href=\"https:\/\/ledsolintel.com\/fr\/produit-2\/foco-carril-led-lineal-12w-orientable-blanco\/\" \/>\n<meta property=\"og:locale\" content=\"fr_FR\" \/>\n<meta property=\"og:type\" content=\"article\" \/>\n<meta property=\"og:title\" content=\"Foco Carril LED lineal 12W orientable blanco - Ledsolintel\" \/>\n<meta property=\"og:description\" content=\"El foco carril LED lineal de 12W orientable est\u00e1 dise\u00f1ado en aluminio con acabado en color blanco. Tiene un dise\u00f1o moderno y compacto que la convierte en una luminaria perfecta para instalaciones tanto en ambientes dom\u00e9sticos, como espacios m\u00e1s comerciales. Dentro del \u00e1mbito comercial es ideal para iluminaci\u00f3n en tiendas, escaparates, exposiciones, supermercados, hoteles o &hellip; Continue reading Foco Carril LED lineal 12W orientable blanco\" \/>\n<meta property=\"og:url\" content=\"https:\/\/ledsolintel.com\/fr\/produit-2\/foco-carril-led-lineal-12w-orientable-blanco\/\" \/>\n<meta property=\"og:site_name\" content=\"Ledsolintel\" \/>\n<meta property=\"article:publisher\" content=\"http:\/\/www.facebook.com\/webmenaje\" \/>\n<meta property=\"article:modified_time\" content=\"2026-01-30T15:00:56+00:00\" \/>\n<meta property=\"og:image\" content=\"https:\/\/ledsolintel.com\/wp-content\/uploads\/2025\/11\/foco-carril-led-lineal-12w-orientable-blanco.jpg\" \/>\n\t<meta property=\"og:image:width\" content=\"1500\" \/>\n\t<meta property=\"og:image:height\" content=\"1500\" \/>\n\t<meta property=\"og:image:type\" content=\"image\/jpeg\" \/>\n<meta name=\"twitter:card\" content=\"summary_large_image\" \/>\n<meta name=\"twitter:site\" content=\"@webmenaje\" \/>\n<meta name=\"twitter:label1\" content=\"Dur\u00e9e de lecture estim\u00e9e\" \/>\n\t<meta name=\"twitter:data1\" content=\"1 minute\" \/>\n<script type=\"application\/ld+json\" class=\"yoast-schema-graph\">{\"@context\":\"https:\/\/schema.org\",\"@graph\":[{\"@type\":\"WebPage\",\"@id\":\"https:\/\/ledsolintel.com\/product\/foco-carril-led-lineal-12w-orientable-blanco\/\",\"url\":\"https:\/\/ledsolintel.com\/product\/foco-carril-led-lineal-12w-orientable-blanco\/\",\"name\":\"Foco Carril LED lineal 12W orientable blanco - Ledsolintel\",\"isPartOf\":{\"@id\":\"https:\/\/ledsolintel.com\/#website\"},\"primaryImageOfPage\":{\"@id\":\"https:\/\/ledsolintel.com\/product\/foco-carril-led-lineal-12w-orientable-blanco\/#primaryimage\"},\"image\":{\"@id\":\"https:\/\/ledsolintel.com\/product\/foco-carril-led-lineal-12w-orientable-blanco\/#primaryimage\"},\"thumbnailUrl\":\"https:\/\/ledsolintel.com\/wp-content\/uploads\/2025\/11\/foco-carril-led-lineal-12w-orientable-blanco.jpg\",\"datePublished\":\"2025-11-11T16:06:48+00:00\",\"dateModified\":\"2026-01-30T15:00:56+00:00\",\"breadcrumb\":{\"@id\":\"https:\/\/ledsolintel.com\/product\/foco-carril-led-lineal-12w-orientable-blanco\/#breadcrumb\"},\"inLanguage\":\"fr-FR\",\"potentialAction\":[{\"@type\":\"ReadAction\",\"target\":[\"https:\/\/ledsolintel.com\/product\/foco-carril-led-lineal-12w-orientable-blanco\/\"]}]},{\"@type\":\"ImageObject\",\"inLanguage\":\"fr-FR\",\"@id\":\"https:\/\/ledsolintel.com\/product\/foco-carril-led-lineal-12w-orientable-blanco\/#primaryimage\",\"url\":\"https:\/\/ledsolintel.com\/wp-content\/uploads\/2025\/11\/foco-carril-led-lineal-12w-orientable-blanco.jpg\",\"contentUrl\":\"https:\/\/ledsolintel.com\/wp-content\/uploads\/2025\/11\/foco-carril-led-lineal-12w-orientable-blanco.jpg\",\"width\":1500,\"height\":1500},{\"@type\":\"BreadcrumbList\",\"@id\":\"https:\/\/ledsolintel.com\/product\/foco-carril-led-lineal-12w-orientable-blanco\/#breadcrumb\",\"itemListElement\":[{\"@type\":\"ListItem\",\"position\":1,\"name\":\"Portada\",\"item\":\"https:\/\/ledsolintel.com\/fr\/\"},{\"@type\":\"ListItem\",\"position\":2,\"name\":\"Tienda\",\"item\":\"https:\/\/ledsolintel.com\/tienda\/\"},{\"@type\":\"ListItem\",\"position\":3,\"name\":\"Foco Carril LED lineal 12W orientable blanco\"}]},{\"@type\":\"WebSite\",\"@id\":\"https:\/\/ledsolintel.com\/#website\",\"url\":\"https:\/\/ledsolintel.com\/\",\"name\":\"Webmenaje\",\"description\":\"Tienda de bombillas y l\u00e1mparas LED para profesionales\",\"publisher\":{\"@id\":\"https:\/\/ledsolintel.com\/#organization\"},\"potentialAction\":[{\"@type\":\"SearchAction\",\"target\":{\"@type\":\"EntryPoint\",\"urlTemplate\":\"https:\/\/ledsolintel.com\/?s={search_term_string}\"},\"query-input\":{\"@type\":\"PropertyValueSpecification\",\"valueRequired\":true,\"valueName\":\"search_term_string\"}}],\"inLanguage\":\"fr-FR\"},{\"@type\":\"Organization\",\"@id\":\"https:\/\/ledsolintel.com\/#organization\",\"name\":\"Solintel Noroeste, S.L.\",\"url\":\"https:\/\/ledsolintel.com\/\",\"logo\":{\"@type\":\"ImageObject\",\"inLanguage\":\"fr-FR\",\"@id\":\"https:\/\/ledsolintel.com\/#\/schema\/logo\/image\/\",\"url\":\"https:\/\/ledsolintel.com\/wp-content\/uploads\/2024\/11\/webmenaje-logo-1508269066.jpg\",\"contentUrl\":\"https:\/\/ledsolintel.com\/wp-content\/uploads\/2024\/11\/webmenaje-logo-1508269066.jpg\",\"width\":370,\"height\":90,\"caption\":\"Solintel Noroeste, S.L.\"},\"image\":{\"@id\":\"https:\/\/ledsolintel.com\/#\/schema\/logo\/image\/\"},\"sameAs\":[\"http:\/\/www.facebook.com\/webmenaje\",\"https:\/\/x.com\/webmenaje\",\"https:\/\/www.youtube.com\/channel\/UCX2KoVoeCG4LocZjUc6LmSQ\",\"http:\/\/www.pinterest.com\/webmenaje\"]}]}<\/script>\n<!-- \/ Yoast SEO plugin. -->","yoast_head_json":{"title":"Foco Carril LED lineal 12W orientable blanco - Ledsolintel","robots":{"index":"index","follow":"follow","max-snippet":"max-snippet:-1","max-image-preview":"max-image-preview:large","max-video-preview":"max-video-preview:-1"},"canonical":"https:\/\/ledsolintel.com\/fr\/produit-2\/foco-carril-led-lineal-12w-orientable-blanco\/","og_locale":"fr_FR","og_type":"article","og_title":"Foco Carril LED lineal 12W orientable blanco - Ledsolintel","og_description":"El foco carril LED lineal de 12W orientable est\u00e1 dise\u00f1ado en aluminio con acabado en color blanco. Tiene un dise\u00f1o moderno y compacto que la convierte en una luminaria perfecta para instalaciones tanto en ambientes dom\u00e9sticos, como espacios m\u00e1s comerciales. Dentro del \u00e1mbito comercial es ideal para iluminaci\u00f3n en tiendas, escaparates, exposiciones, supermercados, hoteles o &hellip; Continue reading Foco Carril LED lineal 12W orientable blanco","og_url":"https:\/\/ledsolintel.com\/fr\/produit-2\/foco-carril-led-lineal-12w-orientable-blanco\/","og_site_name":"Ledsolintel","article_publisher":"http:\/\/www.facebook.com\/webmenaje","article_modified_time":"2026-01-30T15:00:56+00:00","og_image":[{"width":1500,"height":1500,"url":"https:\/\/ledsolintel.com\/wp-content\/uploads\/2025\/11\/foco-carril-led-lineal-12w-orientable-blanco.jpg","type":"image\/jpeg"}],"twitter_card":"summary_large_image","twitter_site":"@webmenaje","twitter_misc":{"Dur\u00e9e de lecture estim\u00e9e":"1 minute"},"schema":{"@context":"https:\/\/schema.org","@graph":[{"@type":"WebPage","@id":"https:\/\/ledsolintel.com\/product\/foco-carril-led-lineal-12w-orientable-blanco\/","url":"https:\/\/ledsolintel.com\/product\/foco-carril-led-lineal-12w-orientable-blanco\/","name":"Foco Carril LED lineal 12W orientable blanco - Ledsolintel","isPartOf":{"@id":"https:\/\/ledsolintel.com\/#website"},"primaryImageOfPage":{"@id":"https:\/\/ledsolintel.com\/product\/foco-carril-led-lineal-12w-orientable-blanco\/#primaryimage"},"image":{"@id":"https:\/\/ledsolintel.com\/product\/foco-carril-led-lineal-12w-orientable-blanco\/#primaryimage"},"thumbnailUrl":"https:\/\/ledsolintel.com\/wp-content\/uploads\/2025\/11\/foco-carril-led-lineal-12w-orientable-blanco.jpg","datePublished":"2025-11-11T16:06:48+00:00","dateModified":"2026-01-30T15:00:56+00:00","breadcrumb":{"@id":"https:\/\/ledsolintel.com\/product\/foco-carril-led-lineal-12w-orientable-blanco\/#breadcrumb"},"inLanguage":"fr-FR","potentialAction":[{"@type":"ReadAction","target":["https:\/\/ledsolintel.com\/product\/foco-carril-led-lineal-12w-orientable-blanco\/"]}]},{"@type":"ImageObject","inLanguage":"fr-FR","@id":"https:\/\/ledsolintel.com\/product\/foco-carril-led-lineal-12w-orientable-blanco\/#primaryimage","url":"https:\/\/ledsolintel.com\/wp-content\/uploads\/2025\/11\/foco-carril-led-lineal-12w-orientable-blanco.jpg","contentUrl":"https:\/\/ledsolintel.com\/wp-content\/uploads\/2025\/11\/foco-carril-led-lineal-12w-orientable-blanco.jpg","width":1500,"height":1500},{"@type":"BreadcrumbList","@id":"https:\/\/ledsolintel.com\/product\/foco-carril-led-lineal-12w-orientable-blanco\/#breadcrumb","itemListElement":[{"@type":"ListItem","position":1,"name":"Portada","item":"https:\/\/ledsolintel.com\/fr\/"},{"@type":"ListItem","position":2,"name":"Tienda","item":"https:\/\/ledsolintel.com\/tienda\/"},{"@type":"ListItem","position":3,"name":"Foco Carril LED lineal 12W orientable blanco"}]},{"@type":"WebSite","@id":"https:\/\/ledsolintel.com\/#website","url":"https:\/\/ledsolintel.com\/","name":"Webmenaje","description":"Magasin d'ampoules et de lampes LED pour les professionnels","publisher":{"@id":"https:\/\/ledsolintel.com\/#organization"},"potentialAction":[{"@type":"SearchAction","target":{"@type":"EntryPoint","urlTemplate":"https:\/\/ledsolintel.com\/?s={search_term_string}"},"query-input":{"@type":"PropertyValueSpecification","valueRequired":true,"valueName":"search_term_string"}}],"inLanguage":"fr-FR"},{"@type":"Organization","@id":"https:\/\/ledsolintel.com\/#organization","name":"Solintel Noroeste, S.L.","url":"https:\/\/ledsolintel.com\/","logo":{"@type":"ImageObject","inLanguage":"fr-FR","@id":"https:\/\/ledsolintel.com\/#\/schema\/logo\/image\/","url":"https:\/\/ledsolintel.com\/wp-content\/uploads\/2024\/11\/webmenaje-logo-1508269066.jpg","contentUrl":"https:\/\/ledsolintel.com\/wp-content\/uploads\/2024\/11\/webmenaje-logo-1508269066.jpg","width":370,"height":90,"caption":"Solintel Noroeste, S.L."},"image":{"@id":"https:\/\/ledsolintel.com\/#\/schema\/logo\/image\/"},"sameAs":["http:\/\/www.facebook.com\/webmenaje","https:\/\/x.com\/webmenaje","https:\/\/www.youtube.com\/channel\/UCX2KoVoeCG4LocZjUc6LmSQ","http:\/\/www.pinterest.com\/webmenaje"]}]}},"_links":{"self":[{"href":"https:\/\/ledsolintel.com\/fr\/wp-json\/wp\/v2\/product\/268917","targetHints":{"allow":["GET"]}}],"collection":[{"href":"https:\/\/ledsolintel.com\/fr\/wp-json\/wp\/v2\/product"}],"about":[{"href":"https:\/\/ledsolintel.com\/fr\/wp-json\/wp\/v2\/types\/product"}],"version-history":[{"count":1,"href":"https:\/\/ledsolintel.com\/fr\/wp-json\/wp\/v2\/product\/268917\/revisions"}],"predecessor-version":[{"id":268918,"href":"https:\/\/ledsolintel.com\/fr\/wp-json\/wp\/v2\/product\/268917\/revisions\/268918"}],"wp:featuredmedia":[{"embeddable":true,"href":"https:\/\/ledsolintel.com\/fr\/wp-json\/wp\/v2\/media\/263563"}],"wp:attachment":[{"href":"https:\/\/ledsolintel.com\/fr\/wp-json\/wp\/v2\/media?parent=268917"}],"wp:term":[{"taxonomy":"product_brand","embeddable":true,"href":"https:\/\/ledsolintel.com\/fr\/wp-json\/wp\/v2\/product_brand?post=268917"},{"taxonomy":"product_cat","embeddable":true,"href":"https:\/\/ledsolintel.com\/fr\/wp-json\/wp\/v2\/product_cat?post=268917"},{"taxonomy":"product_tag","embeddable":true,"href":"https:\/\/ledsolintel.com\/fr\/wp-json\/wp\/v2\/product_tag?post=268917"}],"curies":[{"name":"wp","href":"https:\/\/api.w.org\/{rel}","templated":true}]}}