{"id":268908,"date":"2025-11-11T17:06:43","date_gmt":"2025-11-11T16:06:43","guid":{"rendered":"https:\/\/nueva.ledsolintel.com\/product\/foco-carril-led-30w-blanco-angulo-ajustable-3cct\/"},"modified":"2026-04-07T10:18:55","modified_gmt":"2026-04-07T08:18:55","slug":"foco-carril-led-30w-blanco-angulo-ajustable-3cct","status":"publish","type":"product","link":"https:\/\/ledsolintel.com\/fr\/produit-2\/foco-carril-led-30w-blanco-angulo-ajustable-3cct\/","title":{"rendered":"Projecteur sur rail blanc 30W \u00e0 angle r\u00e9glable 3CCT"},"content":{"rendered":"<p>Le spot LED orientable 30W est con\u00e7u en aluminium mat avec une finition blanche. Son design moderne et compact en fait un luminaire parfait pour les installations dans les environnements domestiques et les espaces plus commerciaux. Dans le domaine commercial, il est id\u00e9al pour l'\u00e9clairage des magasins, des vitrines, des expositions, des supermarch\u00e9s, des h\u00f4tels ou des restaurants. Il se distingue par sa facilit\u00e9 d'installation et son efficacit\u00e9 \u00e9nerg\u00e9tique maximale, avec une \u00e9conomie de 80% par rapport aux lampes conventionnelles. Elle int\u00e8gre une optique qui permet de r\u00e9gler l'angle du faisceau lumineux de 15 \u00e0 60 degr\u00e9s.  Elle est tr\u00e8s efficace puisqu'elle consomme 30W gr\u00e2ce \u00e0 la LED COB qu'elle int\u00e8gre, atteignant un flux lumineux de 2700 lumens. L'\u00e9clairage qu'elle fournit repr\u00e9sente une valeur de consommation de 30kWh\/1000h, ce qui signifie une r\u00e9duction de la quantit\u00e9 d'\u00e9nergie factur\u00e9e et des \u00e9missions de gaz polluants dans l'atmosph\u00e8re. Il supporte une tension d'entr\u00e9e de 185-265V et une fr\u00e9quence de fonctionnement de 50\/60 Hz. Elle est disponible en trois temp\u00e9ratures de couleur : chaude (3000\u00b0K), neutre (4000\u00b0K) et blanche (6000\u00b0K). Ses dimensions sont de \u00d8 100 x 145 x 140 mm.  Gr\u00e2ce \u00e0 son degr\u00e9 de protection IP20, il est id\u00e9al pour une installation \u00e0 l'int\u00e9rieur (protection contre les particules solides de plus de 12 mm et il n'est pas \u00e9tanche).  En plus d'\u00eatre un produit qui a une dur\u00e9e de vie de plus de 30 000 heures, il est garanti 3 ans. Il poss\u00e8de \u00e9galement le certificat CE, qui atteste qu'il est conforme aux exigences de l'UE en mati\u00e8re de compatibilit\u00e9 \u00e9lectromagn\u00e9tique et de basse tension. Ce certificat d\u00e9clare la conformit\u00e9 du produit \u00e0 toutes les exigences l\u00e9gales et garantit la validit\u00e9 de la vente du produit dans l'Espace \u00e9conomique europ\u00e9en.  Int\u00e8gre un adaptateur de rail monophas\u00e9 et un transformateur.<\/p>","protected":false},"excerpt":{"rendered":"<p>El foco carril LED orientable de 30W est\u00e1 dise\u00f1ado en aluminio mate con acabado en color blanco. Tiene un dise\u00f1o moderno y compacto que la convierte en una luminaria perfecta para instalaciones tanto en ambientes dom\u00e9sticos, como espacios m\u00e1s comerciales. Dentro del \u00e1mbito comercial es ideal para iluminaci\u00f3n en tiendas, escaparates, exposiciones, supermercados, hoteles o &hellip; <a href=\"https:\/\/ledsolintel.com\/fr\/produit-2\/foco-carril-led-30w-blanco-angulo-ajustable-3cct\/\" class=\"more-link\">Continue reading <span class=\"screen-reader-text\">Projecteur sur rail blanc 30W \u00e0 angle r\u00e9glable 3CCT<\/span><\/a><\/p>","protected":false},"featured_media":263549,"template":"","meta":[],"product_brand":[101370],"product_cat":[15,101371],"product_tag":[],"class_list":{"0":"post-268908","1":"product","2":"type-product","3":"status-publish","4":"has-post-thumbnail","6":"product_brand-masterled","7":"product_cat-uncategorized","8":"product_cat-masterled","9":"pa_color-blanco","12":"instock","13":"taxable","14":"shipping-taxable","15":"purchasable","16":"product-type-simple"},"yoast_head":"<!-- This site is optimized with the Yoast SEO plugin v26.6 - https:\/\/yoast.com\/wordpress\/plugins\/seo\/ -->\n<title>Foco carril led 30W blanco \u00e1ngulo ajustable 3CCT - Ledsolintel<\/title>\n<meta name=\"robots\" content=\"index, follow, max-snippet:-1, max-image-preview:large, max-video-preview:-1\" \/>\n<link rel=\"canonical\" href=\"https:\/\/ledsolintel.com\/fr\/produit-2\/foco-carril-led-30w-blanco-angulo-ajustable-3cct\/\" \/>\n<meta property=\"og:locale\" content=\"fr_FR\" \/>\n<meta property=\"og:type\" content=\"article\" \/>\n<meta property=\"og:title\" content=\"Foco carril led 30W blanco \u00e1ngulo ajustable 3CCT - Ledsolintel\" \/>\n<meta property=\"og:description\" content=\"El foco carril LED orientable de 30W est\u00e1 dise\u00f1ado en aluminio mate con acabado en color blanco. Tiene un dise\u00f1o moderno y compacto que la convierte en una luminaria perfecta para instalaciones tanto en ambientes dom\u00e9sticos, como espacios m\u00e1s comerciales. Dentro del \u00e1mbito comercial es ideal para iluminaci\u00f3n en tiendas, escaparates, exposiciones, supermercados, hoteles o &hellip; Continue reading Foco carril led 30W blanco \u00e1ngulo ajustable 3CCT\" \/>\n<meta property=\"og:url\" content=\"https:\/\/ledsolintel.com\/fr\/produit-2\/foco-carril-led-30w-blanco-angulo-ajustable-3cct\/\" \/>\n<meta property=\"og:site_name\" content=\"Ledsolintel\" \/>\n<meta property=\"article:publisher\" content=\"http:\/\/www.facebook.com\/webmenaje\" \/>\n<meta property=\"article:modified_time\" content=\"2026-04-07T08:18:55+00:00\" \/>\n<meta property=\"og:image\" content=\"https:\/\/ledsolintel.com\/wp-content\/uploads\/2025\/11\/foco-carril-led-30w-blanco-angulo-ajustable-3cct.jpg\" \/>\n\t<meta property=\"og:image:width\" content=\"1500\" \/>\n\t<meta property=\"og:image:height\" content=\"1500\" \/>\n\t<meta property=\"og:image:type\" content=\"image\/jpeg\" \/>\n<meta name=\"twitter:card\" content=\"summary_large_image\" \/>\n<meta name=\"twitter:site\" content=\"@webmenaje\" \/>\n<meta name=\"twitter:label1\" content=\"Dur\u00e9e de lecture estim\u00e9e\" \/>\n\t<meta name=\"twitter:data1\" content=\"2 minutes\" \/>\n<script type=\"application\/ld+json\" class=\"yoast-schema-graph\">{\"@context\":\"https:\/\/schema.org\",\"@graph\":[{\"@type\":\"WebPage\",\"@id\":\"https:\/\/ledsolintel.com\/product\/foco-carril-led-30w-blanco-angulo-ajustable-3cct\/\",\"url\":\"https:\/\/ledsolintel.com\/product\/foco-carril-led-30w-blanco-angulo-ajustable-3cct\/\",\"name\":\"Foco carril led 30W blanco \u00e1ngulo ajustable 3CCT - Ledsolintel\",\"isPartOf\":{\"@id\":\"https:\/\/ledsolintel.com\/#website\"},\"primaryImageOfPage\":{\"@id\":\"https:\/\/ledsolintel.com\/product\/foco-carril-led-30w-blanco-angulo-ajustable-3cct\/#primaryimage\"},\"image\":{\"@id\":\"https:\/\/ledsolintel.com\/product\/foco-carril-led-30w-blanco-angulo-ajustable-3cct\/#primaryimage\"},\"thumbnailUrl\":\"https:\/\/ledsolintel.com\/wp-content\/uploads\/2025\/11\/foco-carril-led-30w-blanco-angulo-ajustable-3cct.jpg\",\"datePublished\":\"2025-11-11T16:06:43+00:00\",\"dateModified\":\"2026-04-07T08:18:55+00:00\",\"breadcrumb\":{\"@id\":\"https:\/\/ledsolintel.com\/product\/foco-carril-led-30w-blanco-angulo-ajustable-3cct\/#breadcrumb\"},\"inLanguage\":\"fr-FR\",\"potentialAction\":[{\"@type\":\"ReadAction\",\"target\":[\"https:\/\/ledsolintel.com\/product\/foco-carril-led-30w-blanco-angulo-ajustable-3cct\/\"]}]},{\"@type\":\"ImageObject\",\"inLanguage\":\"fr-FR\",\"@id\":\"https:\/\/ledsolintel.com\/product\/foco-carril-led-30w-blanco-angulo-ajustable-3cct\/#primaryimage\",\"url\":\"https:\/\/ledsolintel.com\/wp-content\/uploads\/2025\/11\/foco-carril-led-30w-blanco-angulo-ajustable-3cct.jpg\",\"contentUrl\":\"https:\/\/ledsolintel.com\/wp-content\/uploads\/2025\/11\/foco-carril-led-30w-blanco-angulo-ajustable-3cct.jpg\",\"width\":1500,\"height\":1500},{\"@type\":\"BreadcrumbList\",\"@id\":\"https:\/\/ledsolintel.com\/product\/foco-carril-led-30w-blanco-angulo-ajustable-3cct\/#breadcrumb\",\"itemListElement\":[{\"@type\":\"ListItem\",\"position\":1,\"name\":\"Portada\",\"item\":\"https:\/\/ledsolintel.com\/fr\/\"},{\"@type\":\"ListItem\",\"position\":2,\"name\":\"Tienda\",\"item\":\"https:\/\/ledsolintel.com\/tienda\/\"},{\"@type\":\"ListItem\",\"position\":3,\"name\":\"Foco carril led 30W blanco \u00e1ngulo ajustable 3CCT\"}]},{\"@type\":\"WebSite\",\"@id\":\"https:\/\/ledsolintel.com\/#website\",\"url\":\"https:\/\/ledsolintel.com\/\",\"name\":\"Webmenaje\",\"description\":\"Tienda de bombillas y l\u00e1mparas LED para profesionales\",\"publisher\":{\"@id\":\"https:\/\/ledsolintel.com\/#organization\"},\"potentialAction\":[{\"@type\":\"SearchAction\",\"target\":{\"@type\":\"EntryPoint\",\"urlTemplate\":\"https:\/\/ledsolintel.com\/?s={search_term_string}\"},\"query-input\":{\"@type\":\"PropertyValueSpecification\",\"valueRequired\":true,\"valueName\":\"search_term_string\"}}],\"inLanguage\":\"fr-FR\"},{\"@type\":\"Organization\",\"@id\":\"https:\/\/ledsolintel.com\/#organization\",\"name\":\"Solintel Noroeste, S.L.\",\"url\":\"https:\/\/ledsolintel.com\/\",\"logo\":{\"@type\":\"ImageObject\",\"inLanguage\":\"fr-FR\",\"@id\":\"https:\/\/ledsolintel.com\/#\/schema\/logo\/image\/\",\"url\":\"https:\/\/ledsolintel.com\/wp-content\/uploads\/2024\/11\/webmenaje-logo-1508269066.jpg\",\"contentUrl\":\"https:\/\/ledsolintel.com\/wp-content\/uploads\/2024\/11\/webmenaje-logo-1508269066.jpg\",\"width\":370,\"height\":90,\"caption\":\"Solintel Noroeste, S.L.\"},\"image\":{\"@id\":\"https:\/\/ledsolintel.com\/#\/schema\/logo\/image\/\"},\"sameAs\":[\"http:\/\/www.facebook.com\/webmenaje\",\"https:\/\/x.com\/webmenaje\",\"https:\/\/www.youtube.com\/channel\/UCX2KoVoeCG4LocZjUc6LmSQ\",\"http:\/\/www.pinterest.com\/webmenaje\"]}]}<\/script>\n<!-- \/ Yoast SEO plugin. -->","yoast_head_json":{"title":"Foco carril led 30W blanco \u00e1ngulo ajustable 3CCT - Ledsolintel","robots":{"index":"index","follow":"follow","max-snippet":"max-snippet:-1","max-image-preview":"max-image-preview:large","max-video-preview":"max-video-preview:-1"},"canonical":"https:\/\/ledsolintel.com\/fr\/produit-2\/foco-carril-led-30w-blanco-angulo-ajustable-3cct\/","og_locale":"fr_FR","og_type":"article","og_title":"Foco carril led 30W blanco \u00e1ngulo ajustable 3CCT - Ledsolintel","og_description":"El foco carril LED orientable de 30W est\u00e1 dise\u00f1ado en aluminio mate con acabado en color blanco. Tiene un dise\u00f1o moderno y compacto que la convierte en una luminaria perfecta para instalaciones tanto en ambientes dom\u00e9sticos, como espacios m\u00e1s comerciales. Dentro del \u00e1mbito comercial es ideal para iluminaci\u00f3n en tiendas, escaparates, exposiciones, supermercados, hoteles o &hellip; Continue reading Foco carril led 30W blanco \u00e1ngulo ajustable 3CCT","og_url":"https:\/\/ledsolintel.com\/fr\/produit-2\/foco-carril-led-30w-blanco-angulo-ajustable-3cct\/","og_site_name":"Ledsolintel","article_publisher":"http:\/\/www.facebook.com\/webmenaje","article_modified_time":"2026-04-07T08:18:55+00:00","og_image":[{"width":1500,"height":1500,"url":"https:\/\/ledsolintel.com\/wp-content\/uploads\/2025\/11\/foco-carril-led-30w-blanco-angulo-ajustable-3cct.jpg","type":"image\/jpeg"}],"twitter_card":"summary_large_image","twitter_site":"@webmenaje","twitter_misc":{"Dur\u00e9e de lecture estim\u00e9e":"2 minutes"},"schema":{"@context":"https:\/\/schema.org","@graph":[{"@type":"WebPage","@id":"https:\/\/ledsolintel.com\/product\/foco-carril-led-30w-blanco-angulo-ajustable-3cct\/","url":"https:\/\/ledsolintel.com\/product\/foco-carril-led-30w-blanco-angulo-ajustable-3cct\/","name":"Foco carril led 30W blanco \u00e1ngulo ajustable 3CCT - Ledsolintel","isPartOf":{"@id":"https:\/\/ledsolintel.com\/#website"},"primaryImageOfPage":{"@id":"https:\/\/ledsolintel.com\/product\/foco-carril-led-30w-blanco-angulo-ajustable-3cct\/#primaryimage"},"image":{"@id":"https:\/\/ledsolintel.com\/product\/foco-carril-led-30w-blanco-angulo-ajustable-3cct\/#primaryimage"},"thumbnailUrl":"https:\/\/ledsolintel.com\/wp-content\/uploads\/2025\/11\/foco-carril-led-30w-blanco-angulo-ajustable-3cct.jpg","datePublished":"2025-11-11T16:06:43+00:00","dateModified":"2026-04-07T08:18:55+00:00","breadcrumb":{"@id":"https:\/\/ledsolintel.com\/product\/foco-carril-led-30w-blanco-angulo-ajustable-3cct\/#breadcrumb"},"inLanguage":"fr-FR","potentialAction":[{"@type":"ReadAction","target":["https:\/\/ledsolintel.com\/product\/foco-carril-led-30w-blanco-angulo-ajustable-3cct\/"]}]},{"@type":"ImageObject","inLanguage":"fr-FR","@id":"https:\/\/ledsolintel.com\/product\/foco-carril-led-30w-blanco-angulo-ajustable-3cct\/#primaryimage","url":"https:\/\/ledsolintel.com\/wp-content\/uploads\/2025\/11\/foco-carril-led-30w-blanco-angulo-ajustable-3cct.jpg","contentUrl":"https:\/\/ledsolintel.com\/wp-content\/uploads\/2025\/11\/foco-carril-led-30w-blanco-angulo-ajustable-3cct.jpg","width":1500,"height":1500},{"@type":"BreadcrumbList","@id":"https:\/\/ledsolintel.com\/product\/foco-carril-led-30w-blanco-angulo-ajustable-3cct\/#breadcrumb","itemListElement":[{"@type":"ListItem","position":1,"name":"Portada","item":"https:\/\/ledsolintel.com\/fr\/"},{"@type":"ListItem","position":2,"name":"Tienda","item":"https:\/\/ledsolintel.com\/tienda\/"},{"@type":"ListItem","position":3,"name":"Foco carril led 30W blanco \u00e1ngulo ajustable 3CCT"}]},{"@type":"WebSite","@id":"https:\/\/ledsolintel.com\/#website","url":"https:\/\/ledsolintel.com\/","name":"Webmenaje","description":"Magasin d'ampoules et de lampes LED pour les professionnels","publisher":{"@id":"https:\/\/ledsolintel.com\/#organization"},"potentialAction":[{"@type":"SearchAction","target":{"@type":"EntryPoint","urlTemplate":"https:\/\/ledsolintel.com\/?s={search_term_string}"},"query-input":{"@type":"PropertyValueSpecification","valueRequired":true,"valueName":"search_term_string"}}],"inLanguage":"fr-FR"},{"@type":"Organization","@id":"https:\/\/ledsolintel.com\/#organization","name":"Solintel Noroeste, S.L.","url":"https:\/\/ledsolintel.com\/","logo":{"@type":"ImageObject","inLanguage":"fr-FR","@id":"https:\/\/ledsolintel.com\/#\/schema\/logo\/image\/","url":"https:\/\/ledsolintel.com\/wp-content\/uploads\/2024\/11\/webmenaje-logo-1508269066.jpg","contentUrl":"https:\/\/ledsolintel.com\/wp-content\/uploads\/2024\/11\/webmenaje-logo-1508269066.jpg","width":370,"height":90,"caption":"Solintel Noroeste, S.L."},"image":{"@id":"https:\/\/ledsolintel.com\/#\/schema\/logo\/image\/"},"sameAs":["http:\/\/www.facebook.com\/webmenaje","https:\/\/x.com\/webmenaje","https:\/\/www.youtube.com\/channel\/UCX2KoVoeCG4LocZjUc6LmSQ","http:\/\/www.pinterest.com\/webmenaje"]}]}},"_links":{"self":[{"href":"https:\/\/ledsolintel.com\/fr\/wp-json\/wp\/v2\/product\/268908","targetHints":{"allow":["GET"]}}],"collection":[{"href":"https:\/\/ledsolintel.com\/fr\/wp-json\/wp\/v2\/product"}],"about":[{"href":"https:\/\/ledsolintel.com\/fr\/wp-json\/wp\/v2\/types\/product"}],"version-history":[{"count":1,"href":"https:\/\/ledsolintel.com\/fr\/wp-json\/wp\/v2\/product\/268908\/revisions"}],"predecessor-version":[{"id":268909,"href":"https:\/\/ledsolintel.com\/fr\/wp-json\/wp\/v2\/product\/268908\/revisions\/268909"}],"wp:featuredmedia":[{"embeddable":true,"href":"https:\/\/ledsolintel.com\/fr\/wp-json\/wp\/v2\/media\/263549"}],"wp:attachment":[{"href":"https:\/\/ledsolintel.com\/fr\/wp-json\/wp\/v2\/media?parent=268908"}],"wp:term":[{"taxonomy":"product_brand","embeddable":true,"href":"https:\/\/ledsolintel.com\/fr\/wp-json\/wp\/v2\/product_brand?post=268908"},{"taxonomy":"product_cat","embeddable":true,"href":"https:\/\/ledsolintel.com\/fr\/wp-json\/wp\/v2\/product_cat?post=268908"},{"taxonomy":"product_tag","embeddable":true,"href":"https:\/\/ledsolintel.com\/fr\/wp-json\/wp\/v2\/product_tag?post=268908"}],"curies":[{"name":"wp","href":"https:\/\/api.w.org\/{rel}","templated":true}]}}