{"id":268868,"date":"2025-11-11T17:06:12","date_gmt":"2025-11-11T16:06:12","guid":{"rendered":"https:\/\/nueva.ledsolintel.com\/product\/conector-rapido-1-entrada-1-salida-02-4mm%c2%b2\/"},"modified":"2026-04-07T10:18:56","modified_gmt":"2026-04-07T08:18:56","slug":"conector-rapido-1-entrada-1-salida-02-4mm%c2%b2","status":"publish","type":"product","link":"https:\/\/ledsolintel.com\/fr\/produit-2\/conector-rapido-1-entrada-1-salida-02-4mm%c2%b2\/","title":{"rendered":"Connecteur rapide 1 entr\u00e9e 1 sortie 0,2-4mm\u00b2 1 in."},"content":{"rendered":"<p>Connecteur rapide \u00e0 une entr\u00e9e et une sortie, en plastique haute r\u00e9sistance. Permet de connecter facilement des c\u00e2bles de 0,2 \u00e0 4 mm\u00b2.  Permet une tension d'entr\u00e9e de 100-265V et un courant de sortie de 32A.  Caract\u00e9ristiques techniques :  - Dimensions : 40 x 8,5 x 15 mm - Courant maximum : 32A Gr\u00e2ce \u00e0 son degr\u00e9 de protection IP20, il est id\u00e9al pour une installation en int\u00e9rieur (protection contre les particules solides de plus de 12 mm et non \u00e9tanche).  Il est garanti 3 ans. Il poss\u00e8de \u00e9galement le certificat CE, qui atteste qu'il est conforme aux exigences de l'UE en mati\u00e8re de compatibilit\u00e9 \u00e9lectromagn\u00e9tique et de r\u00e9glementation sur la basse tension. Ce certificat d\u00e9clare la conformit\u00e9 du produit \u00e0 toutes les exigences l\u00e9gales et garantit la validit\u00e9 de la vente du produit dans l'ensemble de l'Espace \u00e9conomique europ\u00e9en.<\/p>","protected":false},"excerpt":{"rendered":"<p>Conector r\u00e1pido de una entrada y una salida, fabricado en pl\u00e1stico de alta resistencia. Permite unir f\u00e1cilmente cables desde 0,2 hasta 4 mm\u00b2. Permite un voltaje de entrada de 100-265V y una intensidad de salida de 32A. Caracter\u00edsticas t\u00e9cnicas: &#8211; Medidas: 40 x 8,5 x 15 mm &#8211; Intensidad m\u00e1xima: 32A Debido a su grado &hellip; <a href=\"https:\/\/ledsolintel.com\/fr\/produit-2\/conector-rapido-1-entrada-1-salida-02-4mm%c2%b2\/\" class=\"more-link\">Continue reading <span class=\"screen-reader-text\">Connecteur rapide 1 entr\u00e9e 1 sortie 0,2-4mm\u00b2 1 in.<\/span><\/a><\/p>","protected":false},"featured_media":263473,"template":"","meta":[],"product_brand":[101370],"product_cat":[101371,15],"product_tag":[],"class_list":{"0":"post-268868","1":"product","2":"type-product","3":"status-publish","4":"has-post-thumbnail","6":"product_brand-masterled","7":"product_cat-masterled","8":"product_cat-uncategorized","9":"pa_intensidad-32a","12":"instock","13":"taxable","14":"shipping-taxable","15":"purchasable","16":"product-type-simple"},"yoast_head":"<!-- This site is optimized with the Yoast SEO plugin v27.4 - https:\/\/yoast.com\/product\/yoast-seo-wordpress\/ -->\n<title>Conector r\u00e1pido 1 entrada 1 salida 0,2-4mm\u00b2 - Ledsolintel<\/title>\n<meta name=\"robots\" content=\"index, follow, max-snippet:-1, max-image-preview:large, max-video-preview:-1\" \/>\n<link rel=\"canonical\" href=\"https:\/\/ledsolintel.com\/fr\/produit-2\/conector-rapido-1-entrada-1-salida-02-4mm\u00b2\/\" \/>\n<meta property=\"og:locale\" content=\"fr_FR\" \/>\n<meta property=\"og:type\" content=\"article\" \/>\n<meta property=\"og:title\" content=\"Conector r\u00e1pido 1 entrada 1 salida 0,2-4mm\u00b2 - Ledsolintel\" \/>\n<meta property=\"og:description\" content=\"Conector r\u00e1pido de una entrada y una salida, fabricado en pl\u00e1stico de alta resistencia. Permite unir f\u00e1cilmente cables desde 0,2 hasta 4 mm\u00b2. Permite un voltaje de entrada de 100-265V y una intensidad de salida de 32A. Caracter\u00edsticas t\u00e9cnicas: &#8211; Medidas: 40 x 8,5 x 15 mm &#8211; Intensidad m\u00e1xima: 32A Debido a su grado &hellip; Continue reading Conector r\u00e1pido 1 entrada 1 salida 0,2-4mm\u00b2\" \/>\n<meta property=\"og:url\" content=\"https:\/\/ledsolintel.com\/fr\/produit-2\/conector-rapido-1-entrada-1-salida-02-4mm\u00b2\/\" \/>\n<meta property=\"og:site_name\" content=\"Ledsolintel\" \/>\n<meta property=\"article:publisher\" content=\"http:\/\/www.facebook.com\/webmenaje\" \/>\n<meta property=\"article:modified_time\" content=\"2026-04-07T08:18:56+00:00\" \/>\n<meta property=\"og:image\" content=\"https:\/\/ledsolintel.com\/wp-content\/uploads\/2025\/11\/conector-rapido-1-entrada-1-salida-02-4mm.jpg\" \/>\n\t<meta property=\"og:image:width\" content=\"950\" \/>\n\t<meta property=\"og:image:height\" content=\"600\" \/>\n\t<meta property=\"og:image:type\" content=\"image\/jpeg\" \/>\n<meta name=\"twitter:card\" content=\"summary_large_image\" \/>\n<meta name=\"twitter:site\" content=\"@webmenaje\" \/>\n<meta name=\"twitter:label1\" content=\"Dur\u00e9e de lecture estim\u00e9e\" \/>\n\t<meta name=\"twitter:data1\" content=\"1 minute\" \/>\n<script type=\"application\/ld+json\" class=\"yoast-schema-graph\">{\"@context\":\"https:\\\/\\\/schema.org\",\"@graph\":[{\"@type\":\"WebPage\",\"@id\":\"https:\\\/\\\/ledsolintel.com\\\/product\\\/conector-rapido-1-entrada-1-salida-02-4mm%c2%b2\\\/\",\"url\":\"https:\\\/\\\/ledsolintel.com\\\/product\\\/conector-rapido-1-entrada-1-salida-02-4mm%c2%b2\\\/\",\"name\":\"Conector r\u00e1pido 1 entrada 1 salida 0,2-4mm\u00b2 - Ledsolintel\",\"isPartOf\":{\"@id\":\"https:\\\/\\\/ledsolintel.com\\\/#website\"},\"primaryImageOfPage\":{\"@id\":\"https:\\\/\\\/ledsolintel.com\\\/product\\\/conector-rapido-1-entrada-1-salida-02-4mm%c2%b2\\\/#primaryimage\"},\"image\":{\"@id\":\"https:\\\/\\\/ledsolintel.com\\\/product\\\/conector-rapido-1-entrada-1-salida-02-4mm%c2%b2\\\/#primaryimage\"},\"thumbnailUrl\":\"https:\\\/\\\/ledsolintel.com\\\/wp-content\\\/uploads\\\/2025\\\/11\\\/conector-rapido-1-entrada-1-salida-02-4mm.jpg\",\"datePublished\":\"2025-11-11T16:06:12+00:00\",\"dateModified\":\"2026-04-07T08:18:56+00:00\",\"breadcrumb\":{\"@id\":\"https:\\\/\\\/ledsolintel.com\\\/product\\\/conector-rapido-1-entrada-1-salida-02-4mm%c2%b2\\\/#breadcrumb\"},\"inLanguage\":\"fr-FR\",\"potentialAction\":[{\"@type\":\"ReadAction\",\"target\":[\"https:\\\/\\\/ledsolintel.com\\\/product\\\/conector-rapido-1-entrada-1-salida-02-4mm%c2%b2\\\/\"]}]},{\"@type\":\"ImageObject\",\"inLanguage\":\"fr-FR\",\"@id\":\"https:\\\/\\\/ledsolintel.com\\\/product\\\/conector-rapido-1-entrada-1-salida-02-4mm%c2%b2\\\/#primaryimage\",\"url\":\"https:\\\/\\\/ledsolintel.com\\\/wp-content\\\/uploads\\\/2025\\\/11\\\/conector-rapido-1-entrada-1-salida-02-4mm.jpg\",\"contentUrl\":\"https:\\\/\\\/ledsolintel.com\\\/wp-content\\\/uploads\\\/2025\\\/11\\\/conector-rapido-1-entrada-1-salida-02-4mm.jpg\",\"width\":950,\"height\":600},{\"@type\":\"BreadcrumbList\",\"@id\":\"https:\\\/\\\/ledsolintel.com\\\/product\\\/conector-rapido-1-entrada-1-salida-02-4mm%c2%b2\\\/#breadcrumb\",\"itemListElement\":[{\"@type\":\"ListItem\",\"position\":1,\"name\":\"Portada\",\"item\":\"https:\\\/\\\/ledsolintel.com\\\/fr\\\/\"},{\"@type\":\"ListItem\",\"position\":2,\"name\":\"Tienda\",\"item\":\"https:\\\/\\\/ledsolintel.com\\\/tienda\\\/\"},{\"@type\":\"ListItem\",\"position\":3,\"name\":\"Conector r\u00e1pido 1 entrada 1 salida 0,2-4mm\u00b2\"}]},{\"@type\":\"WebSite\",\"@id\":\"https:\\\/\\\/ledsolintel.com\\\/#website\",\"url\":\"https:\\\/\\\/ledsolintel.com\\\/\",\"name\":\"Webmenaje\",\"description\":\"Tienda de bombillas y l\u00e1mparas LED para profesionales\",\"publisher\":{\"@id\":\"https:\\\/\\\/ledsolintel.com\\\/#organization\"},\"potentialAction\":[{\"@type\":\"SearchAction\",\"target\":{\"@type\":\"EntryPoint\",\"urlTemplate\":\"https:\\\/\\\/ledsolintel.com\\\/?s={search_term_string}\"},\"query-input\":{\"@type\":\"PropertyValueSpecification\",\"valueRequired\":true,\"valueName\":\"search_term_string\"}}],\"inLanguage\":\"fr-FR\"},{\"@type\":\"Organization\",\"@id\":\"https:\\\/\\\/ledsolintel.com\\\/#organization\",\"name\":\"Solintel Noroeste, S.L.\",\"url\":\"https:\\\/\\\/ledsolintel.com\\\/\",\"logo\":{\"@type\":\"ImageObject\",\"inLanguage\":\"fr-FR\",\"@id\":\"https:\\\/\\\/ledsolintel.com\\\/#\\\/schema\\\/logo\\\/image\\\/\",\"url\":\"https:\\\/\\\/ledsolintel.com\\\/wp-content\\\/uploads\\\/2024\\\/11\\\/webmenaje-logo-1508269066.jpg\",\"contentUrl\":\"https:\\\/\\\/ledsolintel.com\\\/wp-content\\\/uploads\\\/2024\\\/11\\\/webmenaje-logo-1508269066.jpg\",\"width\":370,\"height\":90,\"caption\":\"Solintel Noroeste, S.L.\"},\"image\":{\"@id\":\"https:\\\/\\\/ledsolintel.com\\\/#\\\/schema\\\/logo\\\/image\\\/\"},\"sameAs\":[\"http:\\\/\\\/www.facebook.com\\\/webmenaje\",\"https:\\\/\\\/x.com\\\/webmenaje\",\"https:\\\/\\\/www.youtube.com\\\/channel\\\/UCX2KoVoeCG4LocZjUc6LmSQ\",\"http:\\\/\\\/www.pinterest.com\\\/webmenaje\"]}]}<\/script>\n<!-- \/ Yoast SEO plugin. -->","yoast_head_json":{"title":"Conector r\u00e1pido 1 entrada 1 salida 0,2-4mm\u00b2 - Ledsolintel","robots":{"index":"index","follow":"follow","max-snippet":"max-snippet:-1","max-image-preview":"max-image-preview:large","max-video-preview":"max-video-preview:-1"},"canonical":"https:\/\/ledsolintel.com\/fr\/produit-2\/conector-rapido-1-entrada-1-salida-02-4mm\u00b2\/","og_locale":"fr_FR","og_type":"article","og_title":"Conector r\u00e1pido 1 entrada 1 salida 0,2-4mm\u00b2 - Ledsolintel","og_description":"Conector r\u00e1pido de una entrada y una salida, fabricado en pl\u00e1stico de alta resistencia. Permite unir f\u00e1cilmente cables desde 0,2 hasta 4 mm\u00b2. Permite un voltaje de entrada de 100-265V y una intensidad de salida de 32A. Caracter\u00edsticas t\u00e9cnicas: &#8211; Medidas: 40 x 8,5 x 15 mm &#8211; Intensidad m\u00e1xima: 32A Debido a su grado &hellip; Continue reading Conector r\u00e1pido 1 entrada 1 salida 0,2-4mm\u00b2","og_url":"https:\/\/ledsolintel.com\/fr\/produit-2\/conector-rapido-1-entrada-1-salida-02-4mm\u00b2\/","og_site_name":"Ledsolintel","article_publisher":"http:\/\/www.facebook.com\/webmenaje","article_modified_time":"2026-04-07T08:18:56+00:00","og_image":[{"width":950,"height":600,"url":"https:\/\/ledsolintel.com\/wp-content\/uploads\/2025\/11\/conector-rapido-1-entrada-1-salida-02-4mm.jpg","type":"image\/jpeg"}],"twitter_card":"summary_large_image","twitter_site":"@webmenaje","twitter_misc":{"Dur\u00e9e de lecture estim\u00e9e":"1 minute"},"schema":{"@context":"https:\/\/schema.org","@graph":[{"@type":"WebPage","@id":"https:\/\/ledsolintel.com\/product\/conector-rapido-1-entrada-1-salida-02-4mm%c2%b2\/","url":"https:\/\/ledsolintel.com\/product\/conector-rapido-1-entrada-1-salida-02-4mm%c2%b2\/","name":"Conector r\u00e1pido 1 entrada 1 salida 0,2-4mm\u00b2 - Ledsolintel","isPartOf":{"@id":"https:\/\/ledsolintel.com\/#website"},"primaryImageOfPage":{"@id":"https:\/\/ledsolintel.com\/product\/conector-rapido-1-entrada-1-salida-02-4mm%c2%b2\/#primaryimage"},"image":{"@id":"https:\/\/ledsolintel.com\/product\/conector-rapido-1-entrada-1-salida-02-4mm%c2%b2\/#primaryimage"},"thumbnailUrl":"https:\/\/ledsolintel.com\/wp-content\/uploads\/2025\/11\/conector-rapido-1-entrada-1-salida-02-4mm.jpg","datePublished":"2025-11-11T16:06:12+00:00","dateModified":"2026-04-07T08:18:56+00:00","breadcrumb":{"@id":"https:\/\/ledsolintel.com\/product\/conector-rapido-1-entrada-1-salida-02-4mm%c2%b2\/#breadcrumb"},"inLanguage":"fr-FR","potentialAction":[{"@type":"ReadAction","target":["https:\/\/ledsolintel.com\/product\/conector-rapido-1-entrada-1-salida-02-4mm%c2%b2\/"]}]},{"@type":"ImageObject","inLanguage":"fr-FR","@id":"https:\/\/ledsolintel.com\/product\/conector-rapido-1-entrada-1-salida-02-4mm%c2%b2\/#primaryimage","url":"https:\/\/ledsolintel.com\/wp-content\/uploads\/2025\/11\/conector-rapido-1-entrada-1-salida-02-4mm.jpg","contentUrl":"https:\/\/ledsolintel.com\/wp-content\/uploads\/2025\/11\/conector-rapido-1-entrada-1-salida-02-4mm.jpg","width":950,"height":600},{"@type":"BreadcrumbList","@id":"https:\/\/ledsolintel.com\/product\/conector-rapido-1-entrada-1-salida-02-4mm%c2%b2\/#breadcrumb","itemListElement":[{"@type":"ListItem","position":1,"name":"Portada","item":"https:\/\/ledsolintel.com\/fr\/"},{"@type":"ListItem","position":2,"name":"Tienda","item":"https:\/\/ledsolintel.com\/tienda\/"},{"@type":"ListItem","position":3,"name":"Conector r\u00e1pido 1 entrada 1 salida 0,2-4mm\u00b2"}]},{"@type":"WebSite","@id":"https:\/\/ledsolintel.com\/#website","url":"https:\/\/ledsolintel.com\/","name":"Webmenaje","description":"Magasin d'ampoules et de lampes LED pour les professionnels","publisher":{"@id":"https:\/\/ledsolintel.com\/#organization"},"potentialAction":[{"@type":"SearchAction","target":{"@type":"EntryPoint","urlTemplate":"https:\/\/ledsolintel.com\/?s={search_term_string}"},"query-input":{"@type":"PropertyValueSpecification","valueRequired":true,"valueName":"search_term_string"}}],"inLanguage":"fr-FR"},{"@type":"Organization","@id":"https:\/\/ledsolintel.com\/#organization","name":"Solintel Noroeste, S.L.","url":"https:\/\/ledsolintel.com\/","logo":{"@type":"ImageObject","inLanguage":"fr-FR","@id":"https:\/\/ledsolintel.com\/#\/schema\/logo\/image\/","url":"https:\/\/ledsolintel.com\/wp-content\/uploads\/2024\/11\/webmenaje-logo-1508269066.jpg","contentUrl":"https:\/\/ledsolintel.com\/wp-content\/uploads\/2024\/11\/webmenaje-logo-1508269066.jpg","width":370,"height":90,"caption":"Solintel Noroeste, S.L."},"image":{"@id":"https:\/\/ledsolintel.com\/#\/schema\/logo\/image\/"},"sameAs":["http:\/\/www.facebook.com\/webmenaje","https:\/\/x.com\/webmenaje","https:\/\/www.youtube.com\/channel\/UCX2KoVoeCG4LocZjUc6LmSQ","http:\/\/www.pinterest.com\/webmenaje"]}]}},"_links":{"self":[{"href":"https:\/\/ledsolintel.com\/fr\/wp-json\/wp\/v2\/product\/268868","targetHints":{"allow":["GET"]}}],"collection":[{"href":"https:\/\/ledsolintel.com\/fr\/wp-json\/wp\/v2\/product"}],"about":[{"href":"https:\/\/ledsolintel.com\/fr\/wp-json\/wp\/v2\/types\/product"}],"version-history":[{"count":1,"href":"https:\/\/ledsolintel.com\/fr\/wp-json\/wp\/v2\/product\/268868\/revisions"}],"predecessor-version":[{"id":268869,"href":"https:\/\/ledsolintel.com\/fr\/wp-json\/wp\/v2\/product\/268868\/revisions\/268869"}],"wp:featuredmedia":[{"embeddable":true,"href":"https:\/\/ledsolintel.com\/fr\/wp-json\/wp\/v2\/media\/263473"}],"wp:attachment":[{"href":"https:\/\/ledsolintel.com\/fr\/wp-json\/wp\/v2\/media?parent=268868"}],"wp:term":[{"taxonomy":"product_brand","embeddable":true,"href":"https:\/\/ledsolintel.com\/fr\/wp-json\/wp\/v2\/product_brand?post=268868"},{"taxonomy":"product_cat","embeddable":true,"href":"https:\/\/ledsolintel.com\/fr\/wp-json\/wp\/v2\/product_cat?post=268868"},{"taxonomy":"product_tag","embeddable":true,"href":"https:\/\/ledsolintel.com\/fr\/wp-json\/wp\/v2\/product_tag?post=268868"}],"curies":[{"name":"wp","href":"https:\/\/api.w.org\/{rel}","templated":true}]}}